{"id":195752,"date":"2021-06-02T12:03:31","date_gmt":"2021-06-02T10:03:31","guid":{"rendered":"https:\/\/www.ferrovial.com\/sostenibilidad\/medio-ambiente\/materiales-sostenibles\/"},"modified":"2025-06-27T00:30:21","modified_gmt":"2025-06-26T22:30:21","slug":"materiales-sostenibles","status":"publish","type":"page","link":"https:\/\/www.ferrovial.com\/es-es\/sostenibilidad\/medio-ambiente\/economia-circular\/materiales-sostenibles\/","title":{"rendered":"Materiales Sostenibles"},"content":{"rendered":"    <m-final-content-header >\n            <c-breadcrumb label-text=\"Breadcrumb\" slot=\"breadcrumbs\" type='2' align='left' wrap='wrapped wrapped' aria-label='Vienes de Econom\u00eda circular'>\n                        <ol>\n\n                                                            <li><a href=\"https:\/\/www.ferrovial.com\/es-es\/\" title=\"Ferrovial\">Ferrovial<\/a><\/li>\n                                                                        <li><a href=\"https:\/\/www.ferrovial.com\/es\/sostenibilidad\/\" title=\"Sostenibilidad\">Sostenibilidad<\/a><\/li>\n                                                                        <li><a href=\"https:\/\/www.ferrovial.com\/es\/sostenibilidad\/medio-ambiente\/\" title=\"Medio Ambiente\">Medio Ambiente<\/a><\/li>\n                                                                        <li><a href=\"https:\/\/www.ferrovial.com\/es\/sostenibilidad\/medio-ambiente\/economia-circular\/\" title=\"Econom\u00eda circular\">Econom\u00eda circular<\/a><\/li>\n                                    \n                <\/ol>\n\n                <\/c-breadcrumb>\n    \n        <div slot=\"header\">\n            <h1>\n                Materiales Sostenibles            <\/h1>\n                    <\/div>\n    <\/m-final-content-header>\n\n    \n\n\n<m-wysiwig class=\"wp-block-components-wysiwyg\"><div slot=\"maincontent\">    <p class=\"intro\">Continuamos avanzando con nuestra Cadena de Suministro en la aplicaci\u00f3n de criterios de sostenibilidad mediante la incorporaci\u00f3n de herramientas, el desarrollo de procedimientos y el impulso de la innovaci\u00f3n para hacer nuestras compras m\u00e1s sostenibles.<\/p>\n    \n\n\n<p>Exigimos a nuestros colaboradores el cumplimiento del <a href=\"https:\/\/static.ferrovial.com\/wp-content\/uploads\/2021\/05\/18235735\/codigo-etico-de-proveedores-ferrovial.pdf\"><strong>C\u00f3digo \u00c9tico de Proveedores<\/strong><\/a> con objeto de garantizar que la cadena de suministro cumple con el <strong>compromiso medioambiental<\/strong> entre otros aspectos. Est\u00e1 alineado y complementa otras <strong>pol\u00edticas<\/strong> corporativas, en especial el C\u00f3digo de \u00c9tica Empresarial, las pol\u00edticas de responsabilidad corporativa, <strong>calidad y medioambiente<\/strong>, derechos humanos y anticorrupci\u00f3n, as\u00ed como el Procedimiento de Diligencia Debida de Integridad \u00c9tica de Proveedores.<\/p>\n\n\n\n<p>Desarrollamos proyectos de innovaci\u00f3n y aplicamos nuevas tecnolog\u00edas para conseguir una cadena de suministro m\u00e1s \u00e1gil, eficiente y transparente, y que a su vez permita incorporar paulatinamente las compras sostenibles, extendiendo as\u00ed principios de sostenibilidad a toda la cadena de valor.<\/p>\n\n\n\n<p>Durante el \u00faltimo a\u00f1o se ha seguido actualizando e incrementando la informaci\u00f3n disponible en el <strong>Cat\u00e1logo de Compras Verdes<\/strong> con el objetivo de potenciar la compra de este tipo de productos sostenibles. En Construcci\u00f3n, se han incorporado alternativas de suministro de productos verdes que se ponen a disposici\u00f3n de los clientes tanto en fase de contrataci\u00f3n como de ejecuci\u00f3n.<\/p>\n\n\n\n<h2 class=\"wp-block-heading\"><strong>Materiales de construcci\u00f3n de origen reciclado y\/o reusado<\/strong><\/h2>\n\n\n\n<figure class=\"wp-block-table\"><table><tbody><tr><td><strong>Material<\/strong><\/td><td><strong>Consumo total<\/strong> <strong>2024<\/strong><\/td><td><strong>Reciclado y\/o reusado<\/strong> <strong>2024<\/strong><\/td><\/tr><tr><td><strong>Madera<\/strong><\/td><td>5.938 m<sup>3<\/sup><\/td><td>87%<\/td><\/tr><tr><td><strong>Acero<\/strong><\/td><td>127.706 t<\/td><td>85,4%<\/td><\/tr><tr><td><strong>Hormig\u00f3n<\/strong><\/td><td>5.471.617 t<\/td><td>7,2%<\/td><\/tr><tr><td><strong>\u00c1ridos<\/strong><\/td><td>11.071.325 t<\/td><td>50%<\/td><\/tr><tr><td><strong>Asfalto<\/strong><\/td><td>737.731 t<\/td><td>39%<\/td><\/tr><tr><td><strong>Cemento<\/strong><\/td><td>271.732 t<\/td><td>24%<\/td><\/tr><\/tbody><\/table><\/figure>\n<\/div><\/m-wysiwig>\n\n\n\n<m-wysiwig class=\"wp-block-components-wysiwyg\"><div slot=\"maincontent\"><\/div><\/m-wysiwig>\n","protected":false},"excerpt":{"rendered":"","protected":false},"featured_media":0,"parent":113130,"menu_order":0,"comment_status":"closed","ping_status":"closed","template":"","meta":{"_acf_changed":false,"footnotes":""},"class_list":["post-195752","page","type-page","status-publish","hentry"],"acf":[],"yoast_head":"<!-- This site is optimized with the Yoast SEO plugin v27.2 - https:\/\/yoast.com\/product\/yoast-seo-wordpress\/ -->\n<title>Materiales Sostenibles - Ferrovial<\/title>\n<meta name=\"description\" content=\"Ferrovial continua avanzando con la Cadena de Suministro en la aplicaci\u00f3n de criterios de sostenibilidad para hacer compras m\u00e1s sostenibles\" \/>\n<meta name=\"robots\" content=\"index, follow, max-snippet:-1, max-image-preview:large, max-video-preview:-1\" \/>\n<link rel=\"canonical\" href=\"https:\/\/www.ferrovial.com\/es-es\/sostenibilidad\/medio-ambiente\/economia-circular\/materiales-sostenibles\/\" \/>\n<meta property=\"og:locale\" content=\"es_ES\" \/>\n<meta property=\"og:type\" content=\"article\" \/>\n<meta property=\"og:title\" content=\"Materiales Sostenibles - Ferrovial\" \/>\n<meta property=\"og:description\" content=\"Ferrovial continua avanzando con la Cadena de Suministro en la aplicaci\u00f3n de criterios de sostenibilidad para hacer compras m\u00e1s sostenibles\" \/>\n<meta property=\"og:url\" content=\"https:\/\/www.ferrovial.com\/es-es\/sostenibilidad\/medio-ambiente\/economia-circular\/materiales-sostenibles\/\" \/>\n<meta property=\"og:site_name\" content=\"Ferrovial\" \/>\n<meta property=\"article:publisher\" content=\"https:\/\/www.facebook.com\/ferrovial\" \/>\n<meta property=\"article:modified_time\" content=\"2025-06-26T22:30:21+00:00\" \/>\n<meta name=\"twitter:card\" content=\"summary_large_image\" \/>\n<meta name=\"twitter:site\" content=\"@ferrovial\" \/>\n<meta name=\"twitter:label1\" content=\"Tiempo de lectura\" \/>\n\t<meta name=\"twitter:data1\" content=\"2 minutos\" \/>\n<!-- \/ Yoast SEO plugin. -->","yoast_head_json":{"title":"Materiales Sostenibles - Ferrovial","description":"Ferrovial continua avanzando con la Cadena de Suministro en la aplicaci\u00f3n de criterios de sostenibilidad para hacer compras m\u00e1s sostenibles","robots":{"index":"index","follow":"follow","max-snippet":"max-snippet:-1","max-image-preview":"max-image-preview:large","max-video-preview":"max-video-preview:-1"},"canonical":"https:\/\/www.ferrovial.com\/es-es\/sostenibilidad\/medio-ambiente\/economia-circular\/materiales-sostenibles\/","og_locale":"es_ES","og_type":"article","og_title":"Materiales Sostenibles - Ferrovial","og_description":"Ferrovial continua avanzando con la Cadena de Suministro en la aplicaci\u00f3n de criterios de sostenibilidad para hacer compras m\u00e1s sostenibles","og_url":"https:\/\/www.ferrovial.com\/es-es\/sostenibilidad\/medio-ambiente\/economia-circular\/materiales-sostenibles\/","og_site_name":"Ferrovial","article_publisher":"https:\/\/www.facebook.com\/ferrovial","article_modified_time":"2025-06-26T22:30:21+00:00","twitter_card":"summary_large_image","twitter_site":"@ferrovial","twitter_misc":{"Tiempo de lectura":"2 minutos"},"schema":{"@context":"https:\/\/schema.org","@graph":[{"@type":"WebPage","@id":"https:\/\/www.ferrovial.com\/es-es\/sostenibilidad\/medio-ambiente\/economia-circular\/materiales-sostenibles\/","url":"https:\/\/www.ferrovial.com\/es-es\/sostenibilidad\/medio-ambiente\/economia-circular\/materiales-sostenibles\/","name":"Materiales Sostenibles - Ferrovial","isPartOf":{"@id":"https:\/\/www.ferrovial.com\/es-es\/#website"},"datePublished":"2021-06-02T10:03:31+00:00","dateModified":"2025-06-26T22:30:21+00:00","description":"Ferrovial continua avanzando con la Cadena de Suministro en la aplicaci\u00f3n de criterios de sostenibilidad para hacer compras m\u00e1s sostenibles","breadcrumb":{"@id":"https:\/\/www.ferrovial.com\/es-es\/sostenibilidad\/medio-ambiente\/economia-circular\/materiales-sostenibles\/#breadcrumb"},"inLanguage":"es","potentialAction":[{"@type":"ReadAction","target":["https:\/\/www.ferrovial.com\/es-es\/sostenibilidad\/medio-ambiente\/economia-circular\/materiales-sostenibles\/"]}]},{"@type":"BreadcrumbList","@id":"https:\/\/www.ferrovial.com\/es-es\/sostenibilidad\/medio-ambiente\/economia-circular\/materiales-sostenibles\/#breadcrumb","itemListElement":[{"@type":"ListItem","position":1,"name":"Portada","item":"https:\/\/www.ferrovial.com\/es-es\/"},{"@type":"ListItem","position":2,"name":"Sostenibilidad","item":"https:\/\/www.ferrovial.com\/es-es\/sostenibilidad\/"},{"@type":"ListItem","position":3,"name":"Medio Ambiente","item":"https:\/\/www.ferrovial.com\/es-es\/sostenibilidad\/medio-ambiente\/"},{"@type":"ListItem","position":4,"name":"Econom\u00eda circular","item":"https:\/\/www.ferrovial.com\/es-es\/sostenibilidad\/medio-ambiente\/economia-circular\/"},{"@type":"ListItem","position":5,"name":"Materiales Sostenibles"}]},{"@type":"WebSite","@id":"https:\/\/www.ferrovial.com\/es-es\/#website","url":"https:\/\/www.ferrovial.com\/es-es\/","name":"Ferrovial","description":"Welcome to the Ferrovial&#039;s website, global operator of sustainable infrastructure. Here you can find all the information about the company and subsidiaries.","publisher":{"@id":"https:\/\/www.ferrovial.com\/es-es\/#organization"},"potentialAction":[{"@type":"SearchAction","target":{"@type":"EntryPoint","urlTemplate":"https:\/\/www.ferrovial.com\/es-es\/?s={search_term_string}"},"query-input":{"@type":"PropertyValueSpecification","valueRequired":true,"valueName":"search_term_string"}}],"inLanguage":"es"},{"@type":"Organization","@id":"https:\/\/www.ferrovial.com\/es-es\/#organization","name":"Ferrovial S.A.","url":"https:\/\/www.ferrovial.com\/es-es\/","logo":{"@type":"ImageObject","inLanguage":"es","@id":"https:\/\/www.ferrovial.com\/es-es\/#\/schema\/logo\/image\/","url":"https:\/\/static.ferrovial.com\/wp-content\/uploads\/2020\/01\/13124948\/logo-ferrovial-cf7.png","contentUrl":"https:\/\/static.ferrovial.com\/wp-content\/uploads\/2020\/01\/13124948\/logo-ferrovial-cf7.png","width":144,"height":32,"caption":"Ferrovial S.A."},"image":{"@id":"https:\/\/www.ferrovial.com\/es-es\/#\/schema\/logo\/image\/"},"sameAs":["https:\/\/www.facebook.com\/ferrovial","https:\/\/x.com\/ferrovial","https:\/\/www.instagram.com\/ferrovial\/","https:\/\/www.linkedin.com\/company\/ferrovial","https:\/\/www.pinterest.es\/ferrovial\/","https:\/\/www.youtube.com\/ferrovial","https:\/\/en.wikipedia.org\/wiki\/Ferrovial"]}]}},"_links":{"self":[{"href":"https:\/\/www.ferrovial.com\/es-es\/wp-json\/wp\/v2\/pages\/195752","targetHints":{"allow":["GET"]}}],"collection":[{"href":"https:\/\/www.ferrovial.com\/es-es\/wp-json\/wp\/v2\/pages"}],"about":[{"href":"https:\/\/www.ferrovial.com\/es-es\/wp-json\/wp\/v2\/types\/page"}],"replies":[{"embeddable":true,"href":"https:\/\/www.ferrovial.com\/es-es\/wp-json\/wp\/v2\/comments?post=195752"}],"version-history":[{"count":4,"href":"https:\/\/www.ferrovial.com\/es-es\/wp-json\/wp\/v2\/pages\/195752\/revisions"}],"predecessor-version":[{"id":308397,"href":"https:\/\/www.ferrovial.com\/es-es\/wp-json\/wp\/v2\/pages\/195752\/revisions\/308397"}],"up":[{"embeddable":true,"href":"https:\/\/www.ferrovial.com\/es-es\/wp-json\/wp\/v2\/pages\/113130"}],"wp:attachment":[{"href":"https:\/\/www.ferrovial.com\/es-es\/wp-json\/wp\/v2\/media?parent=195752"}],"curies":[{"name":"wp","href":"https:\/\/api.w.org\/{rel}","templated":true}]}}