{"id":196526,"date":"2021-06-14T16:43:02","date_gmt":"2021-06-14T14:43:02","guid":{"rendered":"https:\/\/www.ferrovial.com\/?page_id=196526"},"modified":"2024-10-02T08:58:57","modified_gmt":"2024-10-02T06:58:57","slug":"eficiencia-energetica-2","status":"publish","type":"page","link":"https:\/\/www.ferrovial.com\/es-es\/ferrovial-energia\/que-hacemos\/eficiencia-energetica-2\/","title":{"rendered":"Eficiencia Energ\u00e9tica"},"content":{"rendered":"    <m-final-content-header >\n            <c-breadcrumb label-text=\"Breadcrumb\" slot=\"breadcrumbs\" type='2' align='left' wrap='wrapped wrapped' aria-label='Vienes de Qu\u00e9 hacemos en Ferrovial Energ\u00eda'>\n                        <ol>\n\n                                                            <li><a href=\"https:\/\/www.ferrovial.com\/es-es\/\" title=\"Ferrovial\">Ferrovial<\/a><\/li>\n                                                                        <li><a href=\"https:\/\/www.ferrovial.com\/es\/ferrovial-energia\/\" title=\"Ferrovial Energ\u00eda\">Ferrovial Energ\u00eda<\/a><\/li>\n                                                                        <li><a href=\"https:\/\/www.ferrovial.com\/es\/ferrovial-energia\/que-hacemos\/\" title=\"Qu\u00e9 hacemos en Ferrovial Energ\u00eda\">Qu\u00e9 hacemos en Ferrovial Energ\u00eda<\/a><\/li>\n                                    \n                <\/ol>\n\n                <\/c-breadcrumb>\n    \n        <div slot=\"header\">\n            <h1>\n                Eficiencia Energ\u00e9tica            <\/h1>\n                    <\/div>\n    <\/m-final-content-header>\n\n    \n\n\n<p><script type=\"application\/ld+json\">\n{\n  \"@context\": \"https:\/\/schema.org\",\n  \"@type\": \"FAQPage\",\n  \"mainEntity\": [{\n    \"@type\": \"Question\",\n    \"name\": \"\u00bfQu\u00e9 es la eficiencia energ\u00e9tica?\",\n    \"acceptedAnswer\": {\n      \"@type\": \"Answer\",\n      \"text\": \"la eficiencia energ\u00e9tica es la obtenci\u00f3n de bienes y servicios energ\u00e9ticos, pero con el menor consumo de energ\u00eda posible, con la misma o mayor calidad de confort y con menos contaminaci\u00f3n, alargando la vida de los recursos y con menos costes operativos. Las iniciativas de eficiencia energ\u00e9tica buscan alcanzar el mayor rendimiento posible con el m\u00ednimo consumo de energ\u00eda.\"\n    }\n  },{\n    \"@type\": \"Question\",\n    \"name\": \"\u00bfQu\u00e9 es el certificado de eficiencia energ\u00e9tica?\",\n    \"acceptedAnswer\": {\n      \"@type\": \"Answer\",\n      \"text\": \"El certificado de eficiencia energ\u00e9tica es un documento en el que se determina cu\u00e1nto consume un edificio y cu\u00e1ntas emisiones de CO2 emite a la atm\u00f3sfera.\n\nEl contenido del certificado energ\u00e9tico se resume en la etiqueta energ\u00e9tica, parecida a la etiqueta energ\u00e9tica presente en electrodom\u00e9sticos, indica las calificaciones de emisiones y de consumo que el inmueble ha obtenido en una escala de colores y letras que va de la A (verde), la m\u00e1s eficiente, a la G (roja), la menos eficiente.\"\n    }\n  },{\n    \"@type\": \"Question\",\n    \"name\": \"\u00bfC\u00f3mo conseguir el certificado de eficiencia energ\u00e9tica?\",\n    \"acceptedAnswer\": {\n      \"@type\": \"Answer\",\n      \"text\": \"La responsabilidad de obtener este certificado energ\u00e9tico es del propietario del inmueble. El certificado de eficiencia energ\u00e9tica lo emite un t\u00e9cnico en posesi\u00f3n de la titulaci\u00f3n acad\u00e9mica y profesional habilitante (arquitecto, arquitecto t\u00e9cnico, ingeniero, ingeniero t\u00e9cnico) para la realizaci\u00f3n de proyectos de edificaci\u00f3n o de sus instalaciones t\u00e9rmicas seg\u00fan exija la normativa vigente.\"\n    }\n  },{\n    \"@type\": \"Question\",\n    \"name\": \"\u00bfQu\u00e9 es el valor de eficiencia energ\u00e9tica?\",\n    \"acceptedAnswer\": {\n      \"@type\": \"Answer\",\n      \"text\": \"El Efecto Rosenfeld constituye una de las paradojas de la eficiencia energ\u00e9tica a nivel urbano territorial. Debe su nombre al f\u00edsico Arthur H. Rosenfeld, nacido en Alabama en 1927 y radicado en California. El Dr. Rosenfeld fue un fuerte impulsor de la eficiencia energ\u00e9tica y, entre varios desarrollos, propuso el primer balasto electr\u00f3nico para iluminaci\u00f3n fluorescente que llev\u00f3 al desarrollo de las l\u00e1mparas compactas de bajo consumo\"\n    }\n  },{\n    \"@type\": \"Question\",\n    \"name\": \"\u00bfQu\u00e9 referente de eficiencia energ\u00e9tica existe en Espa\u00f1a?\",\n    \"acceptedAnswer\": {\n      \"@type\": \"Answer\",\n      \"text\": \"La eficiencia energ\u00e9tica es una palanca para el desarrollo sostenible de la sociedad, tanto en el plano medioambiental como en el plano econ\u00f3mico, ya que una gesti\u00f3n eficiente de la energ\u00eda reduce de forma notable el impacto medioambiental de empresas, gobiernos y ciudadanos a la vez que colabora en la viabilidad econ\u00f3mica a largo plazo de la sociedad en su conjunto.\"\n    }\n  }]\n}\n<\/script><\/p>\n\n\n\n<m-wysiwig class=\"wp-block-components-wysiwyg\"><div slot=\"maincontent\">\n<h2 class=\"wp-block-heading\">\u00bfQu\u00e9 es la eficiencia energ\u00e9tica?&nbsp;<\/h2>\n\n\n\n<p>Por definici\u00f3n, la eficiencia energ\u00e9tica es la relaci\u00f3n entre la cantidad de energ\u00eda utilizada en una actividad y la prevista para su realizaci\u00f3n.<\/p>\n\n\n\n<p>En tal sentido, la eficiencia energ\u00e9tica es la obtenci\u00f3n de bienes y servicios energ\u00e9ticos, pero con el menor consumo de energ\u00eda posible, con la misma o mayor calidad de confort y con menos contaminaci\u00f3n, alargando la vida de los recursos y con menos costes operativos. Las iniciativas de eficiencia energ\u00e9tica buscan alcanzar el mayor rendimiento posible con el m\u00ednimo consumo de energ\u00eda.<\/p>\n\n\n\n<h2 class=\"wp-block-heading\">\u00bfQu\u00e9 es el certificado de eficiencia energ\u00e9tica?&nbsp;<\/h2>\n\n\n\n<p>El certificado de eficiencia energ\u00e9tica es un documento en el que se determina cu\u00e1nto consume un edificio y cu\u00e1ntas emisiones de CO<sub>2<\/sub> emite a la atm\u00f3sfera.<\/p>\n\n\n\n<p>El contenido del certificado energ\u00e9tico se resume en la etiqueta energ\u00e9tica, parecida a la etiqueta energ\u00e9tica presente en electrodom\u00e9sticos, indica las calificaciones de emisiones y de consumo que el inmueble ha obtenido en una escala de colores y letras que va de la A (verde), la m\u00e1s eficiente, a la G (roja), la menos eficiente.<\/p>\n\n\n\n<p>El certificado energ\u00e9tico es un informe que consta de varias p\u00e1ginas. Contiene abundante informaci\u00f3n sobre la orientaci\u00f3n, la situaci\u00f3n, la envolvente, la iluminaci\u00f3n y los sistemas de producci\u00f3n de energ\u00eda del inmueble. Un certificado realizado por un buen profesional tambi\u00e9n incluir\u00e1 mejoras que pueden realizarse en la infraestructura para el ahorro energ\u00e9tico.<\/p>\n\n\n\n<p>La primera p\u00e1gina del certificado energ\u00e9tico contiene los datos generales del inmueble, adem\u00e1s de los datos del t\u00e9cnico certificador. En la parte inferior se indica la calificaci\u00f3n energ\u00e9tica global del inmueble, en t\u00e9rminos de emisiones de di\u00f3xido de carbono liberado a la atm\u00f3sfera. Se expresa en la escala de la A a la G. Adem\u00e1s, el informe dispone de cuatro anexos en los que se reparte la informaci\u00f3n:<\/p>\n\n\n\n<p><strong>Anexo I:<\/strong> describe las caracter\u00edsticas t\u00e9rmicas del inmueble.<\/p>\n\n\n\n<p><strong>Anexo II: <\/strong>desglosa la calificaci\u00f3n energ\u00e9tica del inmueble en la calificaci\u00f3n de las diferentes demandas y consumos energ\u00e9ticos.<\/p>\n\n\n\n<p><strong>Anexo III:<\/strong> incluye las recomendaciones de mejora.<\/p>\n\n\n\n<p><strong>Anexo IV:<\/strong> el t\u00e9cnico describe las pruebas, comprobaciones e inspecciones llevadas a cabo durante el proceso de toma de datos.<\/p>\n\n\n\n<h2 class=\"wp-block-heading\">\u00bfC\u00f3mo conseguir el certificado de eficiencia energ\u00e9tica?&nbsp;<\/h2>\n\n\n\n<p>En Espa\u00f1a el certificado de eficiencia energ\u00e9tica es obligatorio para la venta y alquiler de inmuebles desde el 1 de junio de 2013, tanto para edificaciones nuevas como ya existentes. Adem\u00e1s, es obligatorio en el momento de ofertar o publicitar su venta o alquiler.<\/p>\n\n\n\n<p>La obligaci\u00f3n de mostrar el certificado energ\u00e9tico est\u00e1 regulada en Espa\u00f1a por el Real Decreto 235\/2013. La normativa de certificaci\u00f3n energ\u00e9tica procede de una Directiva Europea que ya han acatado todos los estados miembros.<\/p>\n\n\n\n<p>La responsabilidad de obtener este certificado energ\u00e9tico es del propietario del inmueble. El certificado de eficiencia energ\u00e9tica lo emite un t\u00e9cnico en posesi\u00f3n de la titulaci\u00f3n acad\u00e9mica y profesional habilitante (arquitecto, arquitecto t\u00e9cnico, ingeniero, ingeniero t\u00e9cnico) para la realizaci\u00f3n de proyectos de edificaci\u00f3n o de sus instalaciones t\u00e9rmicas seg\u00fan exija la normativa vigente.<\/p>\n\n\n\n<p>Una vez que el t\u00e9cnico realice el informe, se debe registrar el certificado.<\/p>\n\n\n\n<h2 class=\"wp-block-heading\">\u00bfQu\u00e9 es el valor de eficiencia energ\u00e9tica?<\/h2>\n\n\n\n<p>El Efecto Rosenfeld constituye una de las paradojas de la eficiencia energ\u00e9tica a nivel urbano territorial. Debe su nombre al f\u00edsico Arthur H. Rosenfeld, nacido en Alabama en 1927 y radicado en California. El Dr. Rosenfeld fue un fuerte impulsor de la eficiencia energ\u00e9tica y, entre varios desarrollos, propuso el primer balasto electr\u00f3nico para iluminaci\u00f3n fluorescente que llev\u00f3 al desarrollo de las l\u00e1mparas compactas de bajo consumo.<\/p>\n\n\n\n<p>Desde 1973, la demanda de energ\u00eda per c\u00e1pita en California se mantiene pr\u00e1cticamente constante, mientras que en el resto de EE. UU. ha crecido m\u00e1s del 50%. Esto se debe, en parte, a la cultura de ahorro de energ\u00eda de la poblaci\u00f3n, pero tambi\u00e9n a una constante innovaci\u00f3n tecnol\u00f3gica y su aceptaci\u00f3n por parte de la sociedad.<\/p>\n\n\n\n<p>En honor del Dr. Rosenfeld se cre\u00f3 una unidad de medida de eficiencia energ\u00e9tica con la equivalencia 1 Rosenfeld = consumo de 250.000 habitantes, y sirve como medida de comparaci\u00f3n entre ciudades.<\/p>\n\n\n\n<h2 class=\"wp-block-heading\">\u00bfQu\u00e9 referente de eficiencia energ\u00e9tica existe en Espa\u00f1a?<\/h2>\n\n\n\n<p>La eficiencia energ\u00e9tica es una palanca para el desarrollo sostenible de la sociedad, tanto en el plano medioambiental como en el plano econ\u00f3mico, ya que una gesti\u00f3n eficiente de la energ\u00eda reduce de forma notable el impacto medioambiental de empresas, gobiernos y ciudadanos a la vez que colabora en la viabilidad econ\u00f3mica a largo plazo de la sociedad en su conjunto.&nbsp;<\/p>\n\n\n\n<p>Para maximizar sus niveles de eficiencia energ\u00e9tica y la de aquellas empresas, administraciones p\u00fablicas e instituciones que conf\u00edan en Ferrovial Servicios, se han desarrollado proyectos que utilizan las siguientes palancas:<\/p>\n\n\n\n<ul class=\"wp-block-list\">\n<li>Innovaci\u00f3n.<\/li>\n\n\n\n<li>Big data.<\/li>\n\n\n\n<li>Reutilizaci\u00f3n de recursos y residuos para la generaci\u00f3n de energ\u00eda.<\/li>\n\n\n\n<li>Generaci\u00f3n de energ\u00edas renovables.<\/li>\n\n\n\n<li>Reducci\u00f3n de costes, financiaci\u00f3n sostenible y estabilidad presupuestaria.<\/li>\n\n\n\n<li>Orientaci\u00f3n a resultados y reducci\u00f3n de riesgos operativos.<\/li>\n\n\n\n<li>Mantenimiento de equipos.<\/li>\n\n\n\n<li>Colaboraci\u00f3n con empresas e instituciones.<\/li>\n<\/ul>\n\n\n\n<p>La eficiencia energ\u00e9tica es un pilar transversal en todas las \u00e1reas de negocio de Ferrovial Servicios, que van desde contratos de alumbrado p\u00fablico con administraciones locales a la gesti\u00f3n energ\u00e9tica de hospitales, pasando por el aprovechamiento energ\u00e9tico en vertederos, el facility management.&nbsp;<\/p>\n\n\n\n<p>Debido a su amplia experiencia como Empresas de Servicios Energ\u00e9ticos (ESE), Ferrovial Servicios tiene la capacidad y la experiencia para dise\u00f1ar y poner en marcha proyectos de eficiencia energ\u00e9tica de gran complejidad, incluyendo el desarrollo de tecnolog\u00edas para la mejora de la eficiencia, tanto para clientes p\u00fablicos como privados. La innovaci\u00f3n es el eje central entorno al que Ferrovial Servicios desarrolla sus acciones de eficiencia energ\u00e9tica.<\/p>\n\n\n\n<p>Los principales sectores en los que Ferrovial Servicios desarrolla su actividad como ESE son:<\/p>\n\n\n\n<ul class=\"wp-block-list\">\n<li>Instalaciones de alumbrado p\u00fablico.<\/li>\n\n\n\n<li>Edificios e instalaciones municipales.<\/li>\n\n\n\n<li>Redes de Calor (District Heating).<\/li>\n\n\n\n<li>Servicios energ\u00e9ticos en hospitales.<\/li>\n\n\n\n<li>Producci\u00f3n de energ\u00edas renovables.<\/li>\n\n\n\n<li>Instalaciones industriales.<\/li>\n<\/ul>\n\n\n\n<p>Ferrovial Servicios desarrolla proyectos de eficiencia energ\u00e9tica para clientes p\u00fablicos y privados en los distintos pa\u00edses en los que opera. Tambi\u00e9n trabaja en el marco del desarrollo regional de la Uni\u00f3n Europea en proyectos financiados por el programa FEDER. En materia de innovaci\u00f3n, Ferrovial Servicios colabora con administraciones locales, regionales y estatales, con empresas tecnol\u00f3gicas y en un ecosistema de innovaci\u00f3n abierta.<\/p>\n\n\n\n<p>La gesti\u00f3n de m\u00e1s de un mill\u00f3n de puntos de luz en todo el mundo (cuatro veces el total de luminarias de una ciudad como Nueva York), la amplia experiencia como empresa de servicios energ\u00e9ticos y la posibilidad de avanzar hacia la generaci\u00f3n de energ\u00edas renovables son hitos que contribuyen a hacer de Ferrovial Servicios una empresa l\u00edder en eficiencia energ\u00e9tica.<\/p>\n\n\n\n<h2 class=\"wp-block-heading\">Aspectos curiosos sobre eficiencia energ\u00e9tica<\/h2>\n\n\n\n<ul class=\"wp-block-list\">\n<li>En tan solo 15 minutos el Sol irradia la energ\u00eda que utiliza la humanidad en un a\u00f1o.<\/li>\n\n\n\n<li>Existen dos tipos fundamentales de energ\u00eda: potencial y cin\u00e9tica. De ellos se derivan las otras manifestaciones de energ\u00eda. Seg\u00fan la ley de conservaci\u00f3n de la materia, la energ\u00eda potencial se transforma en energ\u00eda cin\u00e9tica y viceversa.<\/li>\n\n\n\n<li>Las bombillas ahorradoras utilizan 80% menos de energ\u00eda y duran aproximadamente 8 veces m\u00e1s que una bombilla normal.<\/li>\n\n\n\n<li>La energ\u00eda e\u00f3lica (viento) es la m\u00e1s eficiente debido a que no contamina, no erosiona el entorno y su impacto ambiental es casi nulo. Puede producir una capacidad de energ\u00eda similar a 1.000 kg de petr\u00f3leo con la diferencia de que no hay que quemar miles de litros de combustibles.<\/li>\n<\/ul>\n\n\n\n<ul class=\"wp-block-list\">\n<li>Seg\u00fan datos del Banco Mundial, hoy en d\u00eda m\u00e1s de 1.000 millones de personas viven sin electricidad.<\/li>\n\n\n\n<li>En Espa\u00f1a las fuentes de energ\u00eda renovables generan aproximadamente el 35% de la electricidad que consume el pa\u00eds.<\/li>\n<\/ul>\n<\/div><\/m-wysiwig>\n\n\n    <m-projects-distributor2 :translations='{\n        &quot;prev&quot;:&quot;Anterior&quot;,\n        &quot;next&quot;:&quot;Siguiente&quot;,\n        &quot;paginationseparator&quot;:&quot;de&quot;\n    }'>\n                        <h2 slot=\"title\">\n                Nuestros proyectos destacados                <\/h2>\n                        <a slot='button' title='Conoce nuestros proyectos ' href='https:\/\/www.ferrovial.com\/es\/cintra\/proyectos\/'>\n            Conoce nuestros proyectos         <\/a>\n\n            <\/m-projects-distributor2>\n\n    ","protected":false},"excerpt":{"rendered":"","protected":false},"featured_media":0,"parent":245816,"menu_order":0,"comment_status":"closed","ping_status":"closed","template":"","meta":{"_acf_changed":false,"footnotes":""},"class_list":["post-196526","page","type-page","status-publish","hentry"],"acf":[],"yoast_head":"<!-- This site is optimized with the Yoast SEO plugin v27.2 - https:\/\/yoast.com\/product\/yoast-seo-wordpress\/ -->\n<title>Certificado de eficiencia energ\u00e9tica: qu\u00e9 es y c\u00f3mo conseguirlo - Ferrovial<\/title>\n<meta name=\"description\" content=\"El certificado de eficiencia energ\u00e9tica es un documento en el que se determina cu\u00e1nto consume un edificio y cu\u00e1ntas emisiones de CO2 emite a la atm\u00f3sfera.\" \/>\n<meta name=\"robots\" content=\"index, follow, max-snippet:-1, max-image-preview:large, max-video-preview:-1\" \/>\n<link rel=\"canonical\" href=\"https:\/\/www.ferrovial.com\/es-es\/ferrovial-energia\/que-hacemos\/eficiencia-energetica-2\/\" \/>\n<meta property=\"og:locale\" content=\"es_ES\" \/>\n<meta property=\"og:type\" content=\"article\" \/>\n<meta property=\"og:title\" content=\"Certificado de eficiencia energ\u00e9tica: qu\u00e9 es y c\u00f3mo conseguirlo - Ferrovial\" \/>\n<meta property=\"og:description\" content=\"El certificado de eficiencia energ\u00e9tica es un documento en el que se determina cu\u00e1nto consume un edificio y cu\u00e1ntas emisiones de CO2 emite a la atm\u00f3sfera.\" \/>\n<meta property=\"og:url\" content=\"https:\/\/www.ferrovial.com\/es-es\/ferrovial-energia\/que-hacemos\/eficiencia-energetica-2\/\" \/>\n<meta property=\"og:site_name\" content=\"Ferrovial\" \/>\n<meta property=\"article:publisher\" content=\"https:\/\/www.facebook.com\/ferrovial\" \/>\n<meta property=\"article:modified_time\" content=\"2024-10-02T06:58:57+00:00\" \/>\n<meta name=\"twitter:card\" content=\"summary_large_image\" \/>\n<meta name=\"twitter:site\" content=\"@ferrovial\" \/>\n<meta name=\"twitter:label1\" content=\"Tiempo de lectura\" \/>\n\t<meta name=\"twitter:data1\" content=\"6 minutos\" \/>\n<!-- \/ Yoast SEO plugin. -->","yoast_head_json":{"title":"Certificado de eficiencia energ\u00e9tica: qu\u00e9 es y c\u00f3mo conseguirlo - Ferrovial","description":"El certificado de eficiencia energ\u00e9tica es un documento en el que se determina cu\u00e1nto consume un edificio y cu\u00e1ntas emisiones de CO2 emite a la atm\u00f3sfera.","robots":{"index":"index","follow":"follow","max-snippet":"max-snippet:-1","max-image-preview":"max-image-preview:large","max-video-preview":"max-video-preview:-1"},"canonical":"https:\/\/www.ferrovial.com\/es-es\/ferrovial-energia\/que-hacemos\/eficiencia-energetica-2\/","og_locale":"es_ES","og_type":"article","og_title":"Certificado de eficiencia energ\u00e9tica: qu\u00e9 es y c\u00f3mo conseguirlo - Ferrovial","og_description":"El certificado de eficiencia energ\u00e9tica es un documento en el que se determina cu\u00e1nto consume un edificio y cu\u00e1ntas emisiones de CO2 emite a la atm\u00f3sfera.","og_url":"https:\/\/www.ferrovial.com\/es-es\/ferrovial-energia\/que-hacemos\/eficiencia-energetica-2\/","og_site_name":"Ferrovial","article_publisher":"https:\/\/www.facebook.com\/ferrovial","article_modified_time":"2024-10-02T06:58:57+00:00","twitter_card":"summary_large_image","twitter_site":"@ferrovial","twitter_misc":{"Tiempo de lectura":"6 minutos"},"schema":{"@context":"https:\/\/schema.org","@graph":[{"@type":"WebPage","@id":"https:\/\/www.ferrovial.com\/es-es\/ferrovial-energia\/que-hacemos\/eficiencia-energetica-2\/","url":"https:\/\/www.ferrovial.com\/es-es\/ferrovial-energia\/que-hacemos\/eficiencia-energetica-2\/","name":"Certificado de eficiencia energ\u00e9tica: qu\u00e9 es y c\u00f3mo conseguirlo - Ferrovial","isPartOf":{"@id":"https:\/\/www.ferrovial.com\/es-es\/#website"},"datePublished":"2021-06-14T14:43:02+00:00","dateModified":"2024-10-02T06:58:57+00:00","description":"El certificado de eficiencia energ\u00e9tica es un documento en el que se determina cu\u00e1nto consume un edificio y cu\u00e1ntas emisiones de CO2 emite a la atm\u00f3sfera.","breadcrumb":{"@id":"https:\/\/www.ferrovial.com\/es-es\/ferrovial-energia\/que-hacemos\/eficiencia-energetica-2\/#breadcrumb"},"inLanguage":"es","potentialAction":[{"@type":"ReadAction","target":["https:\/\/www.ferrovial.com\/es-es\/ferrovial-energia\/que-hacemos\/eficiencia-energetica-2\/"]}]},{"@type":"BreadcrumbList","@id":"https:\/\/www.ferrovial.com\/es-es\/ferrovial-energia\/que-hacemos\/eficiencia-energetica-2\/#breadcrumb","itemListElement":[{"@type":"ListItem","position":1,"name":"Portada","item":"https:\/\/www.ferrovial.com\/es-es\/"},{"@type":"ListItem","position":2,"name":"Ferrovial Energ\u00eda","item":"https:\/\/www.ferrovial.com\/es-es\/ferrovial-energia\/"},{"@type":"ListItem","position":3,"name":"Qu\u00e9 hacemos en Ferrovial Energ\u00eda","item":"https:\/\/www.ferrovial.com\/es-es\/ferrovial-energia\/que-hacemos\/"},{"@type":"ListItem","position":4,"name":"Eficiencia Energ\u00e9tica"}]},{"@type":"WebSite","@id":"https:\/\/www.ferrovial.com\/es-es\/#website","url":"https:\/\/www.ferrovial.com\/es-es\/","name":"Ferrovial","description":"Welcome to the Ferrovial&#039;s website, global operator of sustainable infrastructure. Here you can find all the information about the company and subsidiaries.","publisher":{"@id":"https:\/\/www.ferrovial.com\/es-es\/#organization"},"potentialAction":[{"@type":"SearchAction","target":{"@type":"EntryPoint","urlTemplate":"https:\/\/www.ferrovial.com\/es-es\/?s={search_term_string}"},"query-input":{"@type":"PropertyValueSpecification","valueRequired":true,"valueName":"search_term_string"}}],"inLanguage":"es"},{"@type":"Organization","@id":"https:\/\/www.ferrovial.com\/es-es\/#organization","name":"Ferrovial S.A.","url":"https:\/\/www.ferrovial.com\/es-es\/","logo":{"@type":"ImageObject","inLanguage":"es","@id":"https:\/\/www.ferrovial.com\/es-es\/#\/schema\/logo\/image\/","url":"https:\/\/static.ferrovial.com\/wp-content\/uploads\/2020\/01\/13124948\/logo-ferrovial-cf7.png","contentUrl":"https:\/\/static.ferrovial.com\/wp-content\/uploads\/2020\/01\/13124948\/logo-ferrovial-cf7.png","width":144,"height":32,"caption":"Ferrovial S.A."},"image":{"@id":"https:\/\/www.ferrovial.com\/es-es\/#\/schema\/logo\/image\/"},"sameAs":["https:\/\/www.facebook.com\/ferrovial","https:\/\/x.com\/ferrovial","https:\/\/www.instagram.com\/ferrovial\/","https:\/\/www.linkedin.com\/company\/ferrovial","https:\/\/www.pinterest.es\/ferrovial\/","https:\/\/www.youtube.com\/ferrovial","https:\/\/en.wikipedia.org\/wiki\/Ferrovial"]}]}},"_links":{"self":[{"href":"https:\/\/www.ferrovial.com\/es-es\/wp-json\/wp\/v2\/pages\/196526","targetHints":{"allow":["GET"]}}],"collection":[{"href":"https:\/\/www.ferrovial.com\/es-es\/wp-json\/wp\/v2\/pages"}],"about":[{"href":"https:\/\/www.ferrovial.com\/es-es\/wp-json\/wp\/v2\/types\/page"}],"replies":[{"embeddable":true,"href":"https:\/\/www.ferrovial.com\/es-es\/wp-json\/wp\/v2\/comments?post=196526"}],"version-history":[{"count":3,"href":"https:\/\/www.ferrovial.com\/es-es\/wp-json\/wp\/v2\/pages\/196526\/revisions"}],"predecessor-version":[{"id":273736,"href":"https:\/\/www.ferrovial.com\/es-es\/wp-json\/wp\/v2\/pages\/196526\/revisions\/273736"}],"up":[{"embeddable":true,"href":"https:\/\/www.ferrovial.com\/es-es\/wp-json\/wp\/v2\/pages\/245816"}],"wp:attachment":[{"href":"https:\/\/www.ferrovial.com\/es-es\/wp-json\/wp\/v2\/media?parent=196526"}],"curies":[{"name":"wp","href":"https:\/\/api.w.org\/{rel}","templated":true}]}}