{"id":200552,"date":"2019-10-31T16:47:34","date_gmt":"2019-10-31T15:47:34","guid":{"rendered":"https:\/\/www.ferrovial.com\/job-offers-privacy-policy\/"},"modified":"2023-08-11T14:07:38","modified_gmt":"2023-08-11T12:07:38","slug":"job-offers-privacy-policy","status":"publish","type":"page","link":"https:\/\/www.ferrovial.com\/es-es\/job-offers-privacy-policy\/","title":{"rendered":"Pol\u00edtica de protecci\u00f3n de datos de candidatos"},"content":{"rendered":"    <m-final-content-header >\n            <c-breadcrumb label-text=\"Breadcrumb\" slot=\"breadcrumbs\" type='2' align='left' wrap='wrapped wrapped'>\n                        <ol>\n\n                                                            <li><a href=\"https:\/\/www.ferrovial.com\/es-es\/\" title=\"Ferrovial\">Ferrovial<\/a><\/li>\n                                    \n                <\/ol>\n\n                <\/c-breadcrumb>\n    \n        <div slot=\"header\">\n            <h1>\n                Pol\u00edtica de protecci\u00f3n de datos de candidatos            <\/h1>\n                    <\/div>\n    <\/m-final-content-header>\n\n    \n\n\n<m-wysiwig class=\"wp-block-components-wysiwyg\"><div slot=\"maincontent\">\n<p>En cumplimiento de la normativa de protecci\u00f3n de datos, le informamos y usted consiente que sus datos sean tratados por Ferrovial, S.A., como Responsable del Fichero, con el fin de mantenerle informado de las distintas vacantes que se produzcan en el Grupo Ferrovial mediante el env\u00edo de alertas por correo electr\u00f3nico, seg\u00fan sus preferencias.<br><\/p>\n\n\n\n<h2 class=\"wp-block-heading\">1. <strong>Responsable del tratamiento de sus datos personales<\/strong><\/h2>\n\n\n\n<p>En cumplimiento de la normativa de protecci\u00f3n de datos, le informamos que, Ferrovial S.E., inscrito en el Registro de Comercio de Pa\u00edses Bajos con el n\u00famero KvK73422134, y domicilio sito en Kingsfordweg 151, 1043GR \u00c1msterdam tratar\u00e1 sus datos personales como Responsable del Tratamiento para las finalidades que se detallan en el siguiente apartado. \u00abFerrovial\u00bb se referir\u00e1 a Ferrovial S.E. y sus filiales (cualquiera de ellas denominada en lo sucesivo \u00abel Responsable del Tratamiento\u00bb).<\/p>\n\n\n\n<p>El Responsable del Tratamiento se encuentra plenamente comprometido con el cumplimiento de la normativa vigente en materia de protecci\u00f3n de datos y, por ello, ha designado un Delegado de Protecci\u00f3n de Datos, con el que puede contactar a trav\u00e9s de la direcci\u00f3n de correo electr\u00f3nico <a href=\"mailto:dpd@ferrovial.com\">dpd@ferrovial.com<\/a>.\u00a0<br><br><\/p>\n\n\n\n<h2 class=\"wp-block-heading\">2. <strong>Finalidades y base de legitimaci\u00f3n del tratamiento de sus datos personales<\/strong><\/h2>\n\n\n\n<h3 class=\"wp-block-heading\">Finalidad n\u00ba1: \u00a0Gesti\u00f3n de su candidatura para un proceso de selecci\u00f3n abierto<\/h3>\n\n\n\n<figure class=\"wp-block-table\"><table><tbody><tr><td class=\"has-text-align-left\" data-align=\"left\">Operaciones de tratamiento<\/td><td class=\"has-text-align-left\" data-align=\"left\">Trataremos sus datos con el objetivo de poder gestionar su candidatura y desarrollar el proceso de selecci\u00f3n al que usted haya aplicado, lo que implica el an\u00e1lisis de su perfil profesional a trav\u00e9s de la informaci\u00f3n contenida en su CV y la informaci\u00f3n generada durante el desarrollo del proceso de selecci\u00f3n a trav\u00e9s de entrevistas, din\u00e1micas de grupo y comunicaciones intercambiadas con usted.<br><br>Tambi\u00e9n podremos tratar sus datos de contacto para: comunicarnos con usted durante el proceso, remitirle informaci\u00f3n acerca de su avance, solicitarle m\u00e1s informaci\u00f3n sobre su perfil y, en su caso, hacerle una oferta de empleo.<\/td><\/tr><tr><td class=\"has-text-align-left\" data-align=\"left\">\u00bfSobre qu\u00e9 base legal tratamos tus datos?<\/td><td class=\"has-text-align-left\" data-align=\"left\">La base de legitimaci\u00f3n para el tratamiento de sus datos es la aplicaci\u00f3n de medidas precontractuales de acuerdo con su inscripci\u00f3n a la oferta de empleo.<br><br>En caso de tratar datos de categor\u00eda especial la base de legitimaci\u00f3n es el cumplimiento de obligaciones legales aplicables a Ferrovial y el ejercicio de derechos espec\u00edficos en el \u00e1mbito del Derecho laboral y de la seguridad y protecci\u00f3n social.<\/td><\/tr><tr><td class=\"has-text-align-left\" data-align=\"left\">\u00bfQu\u00e9 datos se tratan para esta finalidad?<\/td><td class=\"has-text-align-left\" data-align=\"left\">Identificativos y de contacto: DNI\/NIE, nombre, apellidos, tel\u00e9fono, email.<br>Datos de caracter\u00edsticas personales y datos de circunstancias sociales.<br>Datos acad\u00e9micos.<br>Datos de categor\u00eda especial (p.ej., datos de salud, datos de infracciones penales, etc.) -en algunos casos-.<br>Profesionales y de empleo: experiencia laboral, puesto de trabajo, etc.<br>Otros: aquellos que usted decida compartir con nosotros a trav\u00e9s del env\u00edo de su CV y los que puedan generarse durante el proceso de selecci\u00f3n.<br>Asimismo, le informamos que los datos tratados para el desarrollo del proceso de selecci\u00f3n son proporcionados directamente por Usted a trav\u00e9s del env\u00edo de su CV a el Responsable del Tratamiento por los medios habilitados para ello y de los resultados de las entrevistas y pruebas realizadas para el proceso de selecci\u00f3n.<\/td><\/tr><\/tbody><\/table><\/figure>\n\n\n\n<p><br><\/p>\n\n\n\n<h3 class=\"wp-block-heading\">Finalidad n\u00ba2: Conservaci\u00f3n de los datos para nuevos procesos de selecci\u00f3n<\/h3>\n\n\n\n<figure class=\"wp-block-table is-style-regular\"><table><tbody><tr><td class=\"has-text-align-left\" data-align=\"left\">Operaciones de tratamiento<\/td><td class=\"has-text-align-left\" data-align=\"left\">Una vez finalizado el proceso de selecci\u00f3n, si la persona candidata no es elegida se proceder\u00e1 a la supresi\u00f3n de sus datos personales. No obstante, si presta su consentimiento, el Responsable del Tratamiento conservar\u00e1 sus datos para la valoraci\u00f3n de su perfil en nuevos procesos de selecci\u00f3n de empresas de Ferrovial.<\/td><\/tr><tr><td class=\"has-text-align-left\" data-align=\"left\">\u00bfSobre qu\u00e9 base legal tratamos tus datos?<\/td><td class=\"has-text-align-left\" data-align=\"left\">La base legitimadora del tratamiento es el consentimiento del interesado, que podr\u00e1 revocar en cualquier momento escribiendo un correo a <a href=\"mailto:dpd@ferrovial.com\">dpd@ferrovial.com<\/a>.<br>\u00a0<br>En caso de tratar datos de categor\u00eda especial la base de legitimaci\u00f3n es el cumplimiento de obligaciones legales aplicables a Ferrovial y el ejercicio de derechos espec\u00edficos en el \u00e1mbito del Derecho laboral y de la seguridad y protecci\u00f3n social.<\/td><\/tr><tr><td class=\"has-text-align-left\" data-align=\"left\">\u00bfQu\u00e9 datos se tratan para esta finalidad?<\/td><td class=\"has-text-align-left\" data-align=\"left\">Identificativos y de contacto: DNI\/NIE, nombre, apellidos, tel\u00e9fono, email.<br>Datos de caracter\u00edsticas personales y datos de circunstancias sociales<br>Datos acad\u00e9micos<br>Datos de categor\u00eda especial (p.ej., datos de salud, datos de infracciones penales, etc.) -en algunos casos-.<br>Profesionales y de empleo: experiencia laboral, puesto de trabajo, etc.<br>Otros: aquellos que usted decida compartir con nosotros a trav\u00e9s del env\u00edo de su CV y los que puedan generarse durante el proceso de selecci\u00f3n.<br>Asimismo, le informamos que los datos tratados para el desarrollo del proceso de selecci\u00f3n son proporcionados directamente por Usted a trav\u00e9s del env\u00edo de su CV al Responsable del Tratamiento por los medios habilitados para ello y de los resultados de las entrevistas y pruebas realizadas para el proceso de selecci\u00f3n.<\/td><\/tr><\/tbody><\/table><figcaption class=\"wp-element-caption\"><br><\/figcaption><\/figure>\n\n\n\n<h3 class=\"wp-block-heading\">Finalidad n\u00ba3: Encuestas de calidad sobre el proceso de selecci\u00f3n<\/h3>\n\n\n\n<figure class=\"wp-block-table\"><table><tbody><tr><td class=\"has-text-align-left\" data-align=\"left\">Operaciones de tratamiento<\/td><td class=\"has-text-align-left\" data-align=\"left\">El Responsable del Tratamiento puede tratar sus datos personales para comunicarle y enviarle por correo electr\u00f3nico encuestas sobre su opini\u00f3n acerca de los procesos de selecci\u00f3n, con el fin de mejorarlos.<\/td><\/tr><tr><td class=\"has-text-align-left\" data-align=\"left\">\u00bfSobre qu\u00e9 base legal tratamos tus datos?<\/td><td class=\"has-text-align-left\" data-align=\"left\">La base legitimadora del tratamiento es el inter\u00e9s leg\u00edtimo del Responsable del Tratamiento en realizar dichas encuestas de calidad para mejorar y optimizar las ofertas de empleo y nuestro Portal.<br><br>*Puede solicitar m\u00e1s informaci\u00f3n acerca de la base de legitimaci\u00f3n del inter\u00e9s leg\u00edtimo del Responsable del Tratamiento y su ponderaci\u00f3n con los derechos y libertades de los interesados, as\u00ed como oponerse a esta finalidad del tratamiento, escribi\u00e9ndonos a <a href=\"mailto:dataprotection@codereonline.com\">dpd@ferrovial.com<\/a>.<\/td><\/tr><tr><td class=\"has-text-align-left\" data-align=\"left\">\u00bfQu\u00e9 datos se tratan para esta finalidad?<\/td><td class=\"has-text-align-left\" data-align=\"left\">Identificativos y de contacto: nombre, apellidos, tel\u00e9fono, email.<br>Datos de caracter\u00edsticas personales y datos de circunstancias sociales<br>Datos acad\u00e9micos<br>Profesionales y de empleo: experiencia laboral, puesto de trabajo, etc.<\/td><\/tr><\/tbody><\/table><figcaption class=\"wp-element-caption\"><br><\/figcaption><\/figure>\n\n\n\n<h2 class=\"wp-block-heading\">3. <strong>Comunicaci\u00f3n de sus datos<\/strong><\/h2>\n\n\n\n<p>Los datos personales tratados por el Responsable del Tratamiento para alcanzar las finalidades detalladas anteriormente podr\u00e1n ser comunicados a los siguientes destinatarios en funci\u00f3n de la base legitimadora de la comunicaci\u00f3n:<\/p>\n\n\n\n<figure class=\"wp-block-table\"><table><tbody><tr><td class=\"has-text-align-left\" data-align=\"left\"><strong>DESTINATARIOS<\/strong><\/td><td class=\"has-text-align-left\" data-align=\"left\"><strong>DATOS COMUNICADOS<\/strong><\/td><td class=\"has-text-align-left\" data-align=\"left\"><strong>BASE LEGAL<\/strong><\/td><\/tr><tr><td class=\"has-text-align-left\" data-align=\"left\">\u00d3rganos competentes de las Administraciones P\u00fablicas que determine la legislaci\u00f3n vigente en cada momento, la Seguridad Social y la Agencia Tributaria, a los efectos de dar cumplimiento a las obligaciones legales que le corresponden, exclusivamente, con el alcance que determine dicha legislaci\u00f3n.<br>\u00a0<br>A terceras entidades con las que el Responsable del Tratamiento mantiene relaciones contractuales a los \u00fanicos efectos de cumplir las obligaciones en materia de Prevenci\u00f3n de Riesgos Laborales, coordinaci\u00f3n de actividades empresariales, en los supuestos en los que el candidato deba acceder a las instalaciones de dichas terceras entidades.<\/td><td class=\"has-text-align-left\" data-align=\"left\">&#8211; Datos identificativos<br>&#8211; Datos de circunstancias sociales<br>&#8211; Detalles de empleo<br>&#8211; Datos econ\u00f3micos, financieros y de seguros<\/td><td class=\"has-text-align-left\" data-align=\"left\">Cumplimiento de obligaciones legales.<\/td><\/tr><tr><td class=\"has-text-align-left\" data-align=\"left\">Al resto de entidades pertenecientes a Ferrovial. En este sentido, las empresas de Ferrovial son todas aquellas entidades vinculadas por compartir Ferrovial S.E. como sociedad dominante y que aparecen enumeradas en la memoria de las \u00faltimas cuentas anuales consolidadas publicadas en la p\u00e1gina web ferrovial.com.<br>\u00a0<br>Puede solicitar m\u00e1s informaci\u00f3n sobre las empresas de Ferrovial escribi\u00e9ndonos a trav\u00e9s del siguiente correo electr\u00f3nico: <a href=\"mailto:dataprotection@codereonline.com\">dpd@ferrovial.com<\/a>.<\/td><td class=\"has-text-align-left\" data-align=\"left\">&#8211; Datos identificativos<br>&#8211; Datos de caracter\u00edsticas personales<br>&#8211; Datos de circunstancias sociales<br>&#8211; Detalles de empleo<br>&#8211; Datos sensibles (p.ej., datos de salud, afiliaci\u00f3n sindical, etc.)<br>&#8211; Datos econ\u00f3micos, financieros y de seguros<\/td><td class=\"has-text-align-left\" data-align=\"left\">Consentimiento del interesado<\/td><\/tr><\/tbody><\/table><figcaption class=\"wp-element-caption\"><br><\/figcaption><\/figure>\n\n\n\n<h2 class=\"wp-block-heading\">4. <strong>Tiempo de conservaci\u00f3n de sus datos<\/strong><\/h2>\n\n\n\n<p>Una vez concluido el proceso de selecci\u00f3n, si la persona candidata no es contratada se proceder\u00e1 a la supresi\u00f3n de los datos personales, salvo que preste su consentimiento para que sus datos sean conservados para su tratamiento en nuevos procesos de selecci\u00f3n de empresas de Ferrovial. En caso de que preste su consentimiento, los datos ser\u00e1n conservados por un per\u00edodo m\u00e1ximo de un a\u00f1o.<\/p>\n\n\n\n<p>Una vez suprimidos los datos personales, se proceder\u00e1 a su bloqueo para \u00fanicamente ser puestos a disposici\u00f3n de las autoridades pertinentes en caso de requerimientos de informaci\u00f3n y, una vez transcurrido los plazos legales de prescripci\u00f3n de acciones que resulten de aplicaci\u00f3n, sus datos personales ser\u00e1n borrados materialmente.<br><\/p>\n\n\n\n<h2 class=\"wp-block-heading\">5. <strong>Derechos sobre el tratamiento de sus datos<\/strong><\/h2>\n\n\n\n<p>El Responsable del Tratamiento le informa que tiene derecho a acceder a sus datos personales y obtener confirmaci\u00f3n sobre c\u00f3mo se est\u00e1n tratando dichos datos. Asimismo, tiene derecho a solicitar la rectificaci\u00f3n de los datos inexactos o, en su caso, solicitar su supresi\u00f3n cuando, entre otros motivos, los datos ya no sean necesarios para los fines que hayan sido recabados por el Responsable del Tratamiento.&nbsp;&nbsp;En determinadas circunstancias, podr\u00e1 solicitar la limitaci\u00f3n del tratamiento de sus datos, en cuyo caso el Responsable del Tratamiento \u00fanicamente los conservar\u00e1 para el ejercicio o la defensa de las posibles reclamaciones.&nbsp;Asimismo, tambi\u00e9n en determinadas circunstancias, usted podr\u00e1 oponerse al tratamiento de sus datos personales. En ese caso, el Responsable del Tratamiento cesar\u00e1 en el tratamiento de los datos personales, salvo que concurran motivos leg\u00edtimos, o para garantizar el ejercicio o la defensa de posibles reclamaciones. Igualmente, usted podr\u00e1 solicitar el derecho a la portabilidad y obtener para s\u00ed mismo o para otro prestador de servicios determinada informaci\u00f3n derivada de la relaci\u00f3n con el Responsable del Tratamiento.&nbsp;Por \u00faltimo, cuando la base jur\u00eddica que legitima el tratamiento sea el consentimiento, usted tiene derecho a retirarlo o revocarlo en cualquier momento.<\/p>\n\n\n\n<p>Tales derechos podr\u00e1n ser ejercidos, identific\u00e1ndose como titular de los datos o representante de este, mediante el env\u00edo de un mail a la direcci\u00f3n <a href=\"mailto:dataprotection@codereonline.com\">dpd@ferrovial.com<\/a>.<\/p>\n\n\n\n<p>El Responsable del Tratamiento le facilitar\u00e1 la informaci\u00f3n solicitada en el plazo m\u00e1ximo de un mes a partir de la recepci\u00f3n de la solicitud. Dicho plazo podr\u00e1 prorrogarse otros dos meses en caso necesario, teniendo en cuenta la complejidad y el n\u00famero de solicitudes. En todo caso, podr\u00e1 presentar reclamaci\u00f3n ante la Autoridad de Control competente en materia de protecci\u00f3n de datos. No obstante, en primera instancia, podr\u00e1 presentar reclamaci\u00f3n ante el Delegado de Protecci\u00f3n de Datos.<br><\/p>\n\n\n\n<h2 class=\"wp-block-heading\">6. <strong>Transferencias internacionales<\/strong><\/h2>\n\n\n\n<p>El Responsable del Tratamiento informa de que las finalidades de tratamiento de datos que se se\u00f1alan m\u00e1s abajo podr\u00e1n implicar la comunicaci\u00f3n de datos del candidato a otras empresas de Ferrovial, lo cual implica la realizaci\u00f3n de transferencias internacionales de datos.<\/p>\n\n\n\n<p>Finalidades de tratamiento de datos que pueden implicar transferencia internacional de datos.<\/p>\n\n\n\n<ul class=\"wp-block-list\">\n<li>Posibilitar la formalizaci\u00f3n, ejecuci\u00f3n y gesti\u00f3n del correspondiente proceso de selecci\u00f3n;<\/li>\n\n\n\n<li>Conservar los datos personales para nuevos procesos de selecci\u00f3n de empresas de Ferrovial.<\/li>\n<\/ul>\n\n\n\n<p>En tales casos, el Responsable del Tratamiento garantizar\u00e1 la seguridad de dichas transferencias mediante garant\u00edas adecuadas, tales como: (i) que el pa\u00eds de destino haya sido objeto de una decisi\u00f3n de adecuaci\u00f3n emitida por la Comisi\u00f3n Europea, (ii) Cl\u00e1usulas Contractuales Tipo emitidas por la Comisi\u00f3n Europea, (iii) Normas Corporativas Vinculantes, (iv) autorizaci\u00f3n de una autoridad de protecci\u00f3n de datos y\/o cualesquiera otras que legitimen de acuerdo a la normativa vigente la seguridad de la transferencia de acuerdo a los est\u00e1ndares exigidos por las autoridades europeas. <br><br>Puede solicitar m\u00e1s informaci\u00f3n acerca de las garant\u00edas para las transferencias internacionales que puedan llevarse a cabo por el Responsable del Tratamiento en relaci\u00f3n con sus datos personales escribi\u00e9ndonos a: <a href=\"mailto:dataprotection@codereonline.com\">dpd@ferrovial.com<\/a>.<\/p>\n\n\n\n<p><\/p>\n<\/div><\/m-wysiwig>\n","protected":false},"excerpt":{"rendered":"","protected":false},"featured_media":0,"parent":0,"menu_order":0,"comment_status":"closed","ping_status":"closed","template":"","meta":{"_acf_changed":false,"footnotes":""},"class_list":["post-200552","page","type-page","status-publish","hentry"],"acf":[],"yoast_head":"<!-- This site is optimized with the Yoast SEO plugin v27.2 - https:\/\/yoast.com\/product\/yoast-seo-wordpress\/ -->\n<title>Pol\u00edtica de protecci\u00f3n de datos de candidatos - Ferrovial<\/title>\n<meta name=\"description\" content=\"Welcome to the Ferrovial&#039;s website, global operator of sustainable infrastructure. Here you can find all the information about the company and subsidiaries.\" \/>\n<meta name=\"robots\" content=\"index, follow, max-snippet:-1, max-image-preview:large, max-video-preview:-1\" \/>\n<link rel=\"canonical\" href=\"https:\/\/www.ferrovial.com\/es-es\/job-offers-privacy-policy\/\" \/>\n<meta property=\"og:locale\" content=\"es_ES\" \/>\n<meta property=\"og:type\" content=\"article\" \/>\n<meta property=\"og:title\" content=\"Pol\u00edtica de protecci\u00f3n de datos de candidatos - Ferrovial\" \/>\n<meta property=\"og:description\" content=\"Welcome to the Ferrovial&#039;s website, global operator of sustainable infrastructure. Here you can find all the information about the company and subsidiaries.\" \/>\n<meta property=\"og:url\" content=\"https:\/\/www.ferrovial.com\/es-es\/job-offers-privacy-policy\/\" \/>\n<meta property=\"og:site_name\" content=\"Ferrovial\" \/>\n<meta property=\"article:publisher\" content=\"https:\/\/www.facebook.com\/ferrovial\" \/>\n<meta property=\"article:modified_time\" content=\"2023-08-11T12:07:38+00:00\" \/>\n<meta name=\"twitter:card\" content=\"summary_large_image\" \/>\n<meta name=\"twitter:site\" content=\"@ferrovial\" \/>\n<meta name=\"twitter:label1\" content=\"Tiempo de lectura\" \/>\n\t<meta name=\"twitter:data1\" content=\"9 minutos\" \/>\n<!-- \/ Yoast SEO plugin. -->","yoast_head_json":{"title":"Pol\u00edtica de protecci\u00f3n de datos de candidatos - Ferrovial","description":"Welcome to the Ferrovial's website, global operator of sustainable infrastructure. Here you can find all the information about the company and subsidiaries.","robots":{"index":"index","follow":"follow","max-snippet":"max-snippet:-1","max-image-preview":"max-image-preview:large","max-video-preview":"max-video-preview:-1"},"canonical":"https:\/\/www.ferrovial.com\/es-es\/job-offers-privacy-policy\/","og_locale":"es_ES","og_type":"article","og_title":"Pol\u00edtica de protecci\u00f3n de datos de candidatos - Ferrovial","og_description":"Welcome to the Ferrovial's website, global operator of sustainable infrastructure. Here you can find all the information about the company and subsidiaries.","og_url":"https:\/\/www.ferrovial.com\/es-es\/job-offers-privacy-policy\/","og_site_name":"Ferrovial","article_publisher":"https:\/\/www.facebook.com\/ferrovial","article_modified_time":"2023-08-11T12:07:38+00:00","twitter_card":"summary_large_image","twitter_site":"@ferrovial","twitter_misc":{"Tiempo de lectura":"9 minutos"},"schema":{"@context":"https:\/\/schema.org","@graph":[{"@type":"WebPage","@id":"https:\/\/www.ferrovial.com\/es-es\/job-offers-privacy-policy\/","url":"https:\/\/www.ferrovial.com\/es-es\/job-offers-privacy-policy\/","name":"Pol\u00edtica de protecci\u00f3n de datos de candidatos - Ferrovial","isPartOf":{"@id":"https:\/\/www.ferrovial.com\/es-es\/#website"},"datePublished":"2019-10-31T15:47:34+00:00","dateModified":"2023-08-11T12:07:38+00:00","description":"Welcome to the Ferrovial's website, global operator of sustainable infrastructure. Here you can find all the information about the company and subsidiaries.","breadcrumb":{"@id":"https:\/\/www.ferrovial.com\/es-es\/job-offers-privacy-policy\/#breadcrumb"},"inLanguage":"es","potentialAction":[{"@type":"ReadAction","target":["https:\/\/www.ferrovial.com\/es-es\/job-offers-privacy-policy\/"]}]},{"@type":"BreadcrumbList","@id":"https:\/\/www.ferrovial.com\/es-es\/job-offers-privacy-policy\/#breadcrumb","itemListElement":[{"@type":"ListItem","position":1,"name":"Portada","item":"https:\/\/www.ferrovial.com\/es-es\/"},{"@type":"ListItem","position":2,"name":"Pol\u00edtica de protecci\u00f3n de datos de candidatos"}]},{"@type":"WebSite","@id":"https:\/\/www.ferrovial.com\/es-es\/#website","url":"https:\/\/www.ferrovial.com\/es-es\/","name":"Ferrovial","description":"Welcome to the Ferrovial&#039;s website, global operator of sustainable infrastructure. Here you can find all the information about the company and subsidiaries.","publisher":{"@id":"https:\/\/www.ferrovial.com\/es-es\/#organization"},"potentialAction":[{"@type":"SearchAction","target":{"@type":"EntryPoint","urlTemplate":"https:\/\/www.ferrovial.com\/es-es\/?s={search_term_string}"},"query-input":{"@type":"PropertyValueSpecification","valueRequired":true,"valueName":"search_term_string"}}],"inLanguage":"es"},{"@type":"Organization","@id":"https:\/\/www.ferrovial.com\/es-es\/#organization","name":"Ferrovial S.A.","url":"https:\/\/www.ferrovial.com\/es-es\/","logo":{"@type":"ImageObject","inLanguage":"es","@id":"https:\/\/www.ferrovial.com\/es-es\/#\/schema\/logo\/image\/","url":"https:\/\/static.ferrovial.com\/wp-content\/uploads\/2020\/01\/13124948\/logo-ferrovial-cf7.png","contentUrl":"https:\/\/static.ferrovial.com\/wp-content\/uploads\/2020\/01\/13124948\/logo-ferrovial-cf7.png","width":144,"height":32,"caption":"Ferrovial S.A."},"image":{"@id":"https:\/\/www.ferrovial.com\/es-es\/#\/schema\/logo\/image\/"},"sameAs":["https:\/\/www.facebook.com\/ferrovial","https:\/\/x.com\/ferrovial","https:\/\/www.instagram.com\/ferrovial\/","https:\/\/www.linkedin.com\/company\/ferrovial","https:\/\/www.pinterest.es\/ferrovial\/","https:\/\/www.youtube.com\/ferrovial","https:\/\/en.wikipedia.org\/wiki\/Ferrovial"]}]}},"_links":{"self":[{"href":"https:\/\/www.ferrovial.com\/es-es\/wp-json\/wp\/v2\/pages\/200552","targetHints":{"allow":["GET"]}}],"collection":[{"href":"https:\/\/www.ferrovial.com\/es-es\/wp-json\/wp\/v2\/pages"}],"about":[{"href":"https:\/\/www.ferrovial.com\/es-es\/wp-json\/wp\/v2\/types\/page"}],"replies":[{"embeddable":true,"href":"https:\/\/www.ferrovial.com\/es-es\/wp-json\/wp\/v2\/comments?post=200552"}],"version-history":[{"count":3,"href":"https:\/\/www.ferrovial.com\/es-es\/wp-json\/wp\/v2\/pages\/200552\/revisions"}],"predecessor-version":[{"id":266794,"href":"https:\/\/www.ferrovial.com\/es-es\/wp-json\/wp\/v2\/pages\/200552\/revisions\/266794"}],"wp:attachment":[{"href":"https:\/\/www.ferrovial.com\/es-es\/wp-json\/wp\/v2\/media?parent=200552"}],"curies":[{"name":"wp","href":"https:\/\/api.w.org\/{rel}","templated":true}]}}