{"id":208146,"date":"2021-01-11T16:00:28","date_gmt":"2021-01-11T15:00:28","guid":{"rendered":"https:\/\/www.ferrovial.com\/innovacion\/aivia-corredores-conectados-orquestados\/"},"modified":"2022-05-20T11:24:05","modified_gmt":"2022-05-20T09:24:05","slug":"aivia-corredores-conectados-orquestados","status":"publish","type":"page","link":"https:\/\/www.ferrovial.com\/es-es\/innovacion\/aivia-corredores-conectados-orquestados\/","title":{"rendered":"AIVIA Corredores Conectados Orquestados"},"content":{"rendered":"    <m-hero type='single' :translations='{\n        &quot;play&quot;:&quot;Reproducir v\u00eddeo de fondo&quot;,\n        &quot;pause&quot;:&quot;Pausar v\u00eddeo de fondo&quot;,\n        &quot;prev&quot;:&quot;Anterior&quot;,\n        &quot;next&quot;:&quot;Siguiente&quot;,\n        &quot;paginationseparator&quot;:&quot;de&quot;,\n        &quot;goto&quot;:&quot;Ir al slide&quot;,\n        &quot;external&quot;:&quot;Abrir una nueva ventana&quot;\n    }'>\n            <c-breadcrumb label-text=\"Breadcrumb\" slot=\"breadcrumbs\" type='1' align='left left' wrap='wrapped wrapped' aria-label='Vienes de Innovaci\u00f3n'>\n                        <ol>\n\n                                                            <li><a href=\"https:\/\/www.ferrovial.com\/es-es\/\" title=\"Ferrovial\">Ferrovial<\/a><\/li>\n                                                                        <li><a href=\"https:\/\/www.ferrovial.com\/es-es\/innovacion\/\" title=\"Innovaci\u00f3n\">Innovaci\u00f3n<\/a><\/li>\n                                    \n                <\/ol>\n\n                <\/c-breadcrumb>\n    \n                        <div slot=\"carouselItem\">\n                            <c-background-image>\n                                <picture>\n                                                                            <source media=\"(max-width: 667px)\" srcset=\"https:\/\/static.ferrovial.com\/wp-content\/uploads\/2021\/10\/15112301\/aivia-orchestrated-connected-corridors-renders-600x800.jpg\">\n                                                                                                                <source media=\"(max-width: 1023px)\" srcset=\"https:\/\/static.ferrovial.com\/wp-content\/uploads\/2021\/10\/15112301\/aivia-orchestrated-connected-corridors-renders-1280x720.jpg\">\n                                    \n                                    <img decoding=\"async\" src=\"https:\/\/static.ferrovial.com\/wp-content\/uploads\/2021\/10\/15112301\/aivia-orchestrated-connected-corridors-renders.jpg\" alt=\"\" style=\"object-position: center center;\">\n                                <\/picture>\n                            <\/c-background-image>\n                        <\/div>        <section slot=\"hero\">\n            <article>\n                                        <h1>AIVIA<\/h1>\n                                                <p>Descripci\u00f3n por defecto<\/p>\n                                    <\/article>\n        <\/section>\n    <\/m-hero>\n\n    \n\n\n<m-wysiwig class=\"wp-block-components-wysiwyg\"><div slot=\"maincontent\">    <p class=\"intro\">Hemos creado la iniciativa de Corredores Conectados Orquestados AIVIA en colaboraci\u00f3n con innovadores mundiales con los que exploraremos nuevas y excitantes oportunidades para un viaje por carretera eficiente, seguro, agradable y preparado para el futuro. <\/p>\n    \n\n\n<p>El principal objetivo de <a href=\"https:\/\/www.aiviasmartroads.com\/\" target=\"_blank\" rel=\"noreferrer noopener\">AIVIA<\/a> es el desarrollo de una infraestructura y tecnolog\u00eda que garantice que los <strong>veh\u00edculos convencionales y aut\u00f3nomos puedan coexistir en armon\u00eda<\/strong>, y poder obtener las m\u00e1ximas ventajas de todos los tipos de veh\u00edculos automatizados y aut\u00f3nomos.<\/p>\n\n\n\n<p>Los colaboradores de <strong>AIVIA Corredores Conectados Orquestados <\/strong>desarrollar\u00e1n diferentes aspectos de esta ambiciosa iniciativa. Desde la seguridad y la fiabilidad de los tiempos de viaje hasta el acceso a sistemas de informaci\u00f3n y entretenimiento en los veh\u00edculos, la iniciativa buscar\u00e1 formas de <strong>construir e implementar la infraestructura f\u00edsica y digital<\/strong> necesaria para las autopistas del futuro, al tiempo que orquestar\u00e1 soluciones para el d\u00eda a d\u00eda. Estos colaboradores trabajar\u00e1n juntos para desarrollar viales modernos capaces de aplicar y aprovechar al m\u00e1ximo innovaciones como el<strong> 5G<\/strong>, <strong>tecnolog\u00edas de simulaci\u00f3n<\/strong> y <strong>supervisi\u00f3n avanzada<\/strong> y la <strong>tecnolog\u00eda sensorial<\/strong>, a fin de mejorar en gran medida no solo la <strong>experiencia del viajero<\/strong> sino tambi\u00e9n su <strong>seguridad<\/strong>.<\/p>\n<\/div><\/m-wysiwig>\n\n\n    <m-gallery :translations='{\n        &quot;prev&quot;:&quot;Anterior&quot;,\n        &quot;next&quot;:&quot;Siguiente&quot;,\n        &quot;paginationseparator&quot;:&quot;de&quot;,\n        &quot;close&quot;:&quot;Cerrar&quot;\n    }' class='gutenberg'>\n\n    <div slot=\"header\">\n                    <p>Descripci\u00f3n por defecto<\/p>\n                <\/div>\n\n                    <div slot=\"carouselItem\" v-lazy:background-image=\"'https:\/\/static.ferrovial.com\/wp-content\/uploads\/2021\/10\/15112322\/aivia-orchestrated-connected-corridors-1280x720.jpg'\">\n                                            <p>Mejoras f\u00edsicas y una mayor conectividad y sensorizaci\u00f3n a lo largo del corredor para ofrecer seguridad proactiva y permitir la certificaci\u00f3n de los carriles de acceso controlado como ODD para los VA.<\/p>\n                                        <\/div>\n                                <div slot=\"carouselItem\" v-lazy:background-image=\"'https:\/\/static.ferrovial.com\/wp-content\/uploads\/2021\/10\/15112240\/aivia-renders-orchestrated-connected-corridors-1280x720.jpg'\">\n                                            <p>Aumento de la prioridad de los VA y de los casos de uso de valor a\u00f1adido para los VA de flota privada y el transporte p\u00fablico, con el objetivo de aumentar la fluidez. La conectividad hace posible los servicios a bordo del veh\u00edculo orientados a la seguridad, la comodidad y el entretenimiento.<\/p>\n                                        <\/div>\n                                <div slot=\"carouselItem\" v-lazy:background-image=\"'https:\/\/static.ferrovial.com\/wp-content\/uploads\/2021\/10\/15112219\/orchestrated-connected-corridors-aivia-ferrovial-1280x720.png'\">\n                                            <p>Un corredor perfeccionado permitir\u00e1 una gesti\u00f3n del tr\u00e1fico totalmente orquestada y din\u00e1mica para todos los veh\u00edculos de los \u00e1mbitos urbanos e interurbanos, a fin de maximizar la capacidad, fluidez y flexibilidad sin necesidad de obras adicionales.<\/p>\n                                        <\/div>\n                                <div slot=\"carouselItem\" v-lazy:background-image=\"'https:\/\/static.ferrovial.com\/wp-content\/uploads\/2021\/10\/15112301\/aivia-orchestrated-connected-corridors-renders-1280x720.jpg'\">\n                                    <\/div>\n                                <div slot=\"modalItem\">\n                    <img v-lazy=\"'https:\/\/static.ferrovial.com\/wp-content\/uploads\/2021\/10\/15112322\/aivia-orchestrated-connected-corridors-1280x720.jpg'\" alt=\"\" hidden\/>\n                <\/div>\n                                <div slot=\"modalItem\">\n                    <img v-lazy=\"'https:\/\/static.ferrovial.com\/wp-content\/uploads\/2021\/10\/15112240\/aivia-renders-orchestrated-connected-corridors-1280x720.jpg'\" alt=\"\" hidden\/>\n                <\/div>\n                                <div slot=\"modalItem\">\n                    <img v-lazy=\"'https:\/\/static.ferrovial.com\/wp-content\/uploads\/2021\/10\/15112219\/orchestrated-connected-corridors-aivia-ferrovial-1280x720.png'\" alt=\"Orchestrated Connected Corridors AIVIA Ferrovial\" hidden\/>\n                <\/div>\n                                <div slot=\"modalItem\">\n                    <img v-lazy=\"'https:\/\/static.ferrovial.com\/wp-content\/uploads\/2021\/10\/15112301\/aivia-orchestrated-connected-corridors-renders-1280x720.jpg'\" alt=\"\" hidden\/>\n                <\/div>\n                    <\/m-gallery>\n\n    \n\n\n<m-wysiwig class=\"wp-block-components-wysiwyg\"><div slot=\"maincontent\">\n<p>Todos coincidimos en que la infraestructura debe ser tan avanzada como los veh\u00edculos que circulan por las carreteras actuales. Dado que cada vez hay m\u00e1s veh\u00edculos altamente automatizados, que en el futuro ser\u00e1n completamente aut\u00f3nomos, la infraestructura conectada y orquestada desempe\u00f1ar\u00e1 un papel fundamental en la <strong>seguridad<\/strong>, la <strong>utilidad <\/strong>y el <strong>valor de los veh\u00edculos automatizados conectados<\/strong>. Esto se aplica sobre todo a los complejos entornos de alta velocidad y tr\u00e1fico mixto.<\/p>\n\n\n\n<blockquote class=\"wp-block-quote is-style-default is-layout-flow wp-block-quote-is-layout-flow\"><p>\u201c<em>La iniciativa de AIVIA tiene una visi\u00f3n a largo plazo y de m\u00faltiples horizontes de la evoluci\u00f3n de los corredores orquestados y conectados, con el fin inmediato de ofrecer mejoras f\u00edsicas y una mayor sensorizaci\u00f3n y conectividad 5G\/V2X en todo el corredor para mejorar la seguridad vial de todos los usuarios y dar apoyo a los veh\u00edculos aut\u00f3nomos conectados<span style=\"font-size: 1.25rem; font-style: normal;\">\u201d<\/span><\/em><\/p><cite>Dimitris Bountolos, Director General de Innovaci\u00f3n e Informaci\u00f3n de Ferrovial<\/cite><\/blockquote>\n\n\n\n<h2 class=\"wp-block-heading\">Norte Am\u00e9rica, nuestro mercado estrat\u00e9gico<\/h2>\n\n\n\n<p>La iniciativa AIVIA refuerza nuestro compromiso con Am\u00e9rica del Norte, donde anunciamos nuestro <a href=\"https:\/\/www.ferrovial.com\/es-es\/plan-horizon-24\/\" target=\"_blank\" aria-label=\"Plan Horizon 24 (opens in a new tab)\" rel=\"noreferrer noopener\" class=\"ek-link\">Plan Horizon 24<\/a> a principios de 2020. Este plan ha centrado nuestro objetivo en el desarrollo de una infraestructura sostenible con proyectos de alto valor de concesi\u00f3n dentro de Am\u00e9rica del Norte, como mercado clave para el crecimiento y desarrollo. <\/p>\n\n\n\n<blockquote class=\"wp-block-quote is-layout-flow wp-block-quote-is-layout-flow\"><p>\u201cEstamos orgullosos de la posici\u00f3n de vanguardia de Cintra en la tecnolog\u00eda de autopistas digitales, y entusiasmados con el despliegue de la tecnolog\u00eda AIVIA con nuestros socios para mejorar la seguridad y fiabilidad de la experiencia de conducci\u00f3n de nuestros clientes. Los Corredores Conectados Orquestados AIVIA de Cintra mejorar\u00e1n la seguridad de las carreteras para todos, incluidos los peatones y otros usuarios vulnerables, al tiempo que aumentar\u00e1n la capacidad de las autopistas sin necesidad de obras adicionales. Podemos reducir los tiempos de viaje y la congesti\u00f3n, y la vez garantizar la omnipresente banda ancha fija\/inal\u00e1mbrica 5G a lo largo de nuestros corredores de autopistas.\u201d<\/p><cite>Andr\u00e9s Sacrist\u00e1n, CEO de Cintra<\/cite><\/blockquote>\n\n\n\n<p><\/p>\n<\/div><\/m-wysiwig>\n\n\n\n    <m-link-list>\n                    <h3 slot=\"maintitle\">\n                Contenido relacionado             <\/h3>\n                    <p slot=\"text\">Descripci\u00f3n por defecto<\/p>\n                    <ul slot=\"links\">\n                                    <li>\n                        <c-link external='true' sr-only='Abrir en una nueva pesta\u00f1a' icon='arrow'>\n                            <a href=\"https:\/\/newsroom.ferrovial.com\/es\/notas_prensa\/ferrovial-lanza-aivia\/\" title=\"Nota de prensa\">\n                                Nota de prensa                            <\/a>\n                        <\/c-link>\n                    <\/li>\n                            <\/ul>\n            <\/m-link-list>\n    ","protected":false},"excerpt":{"rendered":"","protected":false},"featured_media":203985,"parent":112990,"menu_order":0,"comment_status":"closed","ping_status":"closed","template":"","meta":{"_acf_changed":false,"footnotes":""},"class_list":["post-208146","page","type-page","status-publish","has-post-thumbnail","hentry"],"acf":[],"yoast_head":"<!-- This site is optimized with the Yoast SEO plugin v27.2 - https:\/\/yoast.com\/product\/yoast-seo-wordpress\/ -->\n<title>AIVIA Corredores Conectados Orquestados - Ferrovial<\/title>\n<meta name=\"description\" content=\"Welcome to the Ferrovial&#039;s website, global operator of sustainable infrastructure. Here you can find all the information about the company and subsidiaries.\" \/>\n<meta name=\"robots\" content=\"index, follow, max-snippet:-1, max-image-preview:large, max-video-preview:-1\" \/>\n<link rel=\"canonical\" href=\"https:\/\/www.ferrovial.com\/es-es\/innovacion\/aivia-corredores-conectados-orquestados\/\" \/>\n<meta property=\"og:locale\" content=\"es_ES\" \/>\n<meta property=\"og:type\" content=\"article\" \/>\n<meta property=\"og:title\" content=\"AIVIA Corredores Conectados Orquestados - Ferrovial\" \/>\n<meta property=\"og:description\" content=\"Welcome to the Ferrovial&#039;s website, global operator of sustainable infrastructure. Here you can find all the information about the company and subsidiaries.\" \/>\n<meta property=\"og:url\" content=\"https:\/\/www.ferrovial.com\/es-es\/innovacion\/aivia-corredores-conectados-orquestados\/\" \/>\n<meta property=\"og:site_name\" content=\"Ferrovial\" \/>\n<meta property=\"article:publisher\" content=\"https:\/\/www.facebook.com\/ferrovial\" \/>\n<meta property=\"article:modified_time\" content=\"2022-05-20T09:24:05+00:00\" \/>\n<meta property=\"og:image\" content=\"https:\/\/static.ferrovial.com\/wp-content\/uploads\/2021\/10\/15112240\/aivia-renders-orchestrated-connected-corridors.jpg\" \/>\n\t<meta property=\"og:image:width\" content=\"1900\" \/>\n\t<meta property=\"og:image:height\" content=\"1069\" \/>\n\t<meta property=\"og:image:type\" content=\"image\/jpeg\" \/>\n<meta name=\"twitter:card\" content=\"summary_large_image\" \/>\n<meta name=\"twitter:site\" content=\"@ferrovial\" \/>\n<meta name=\"twitter:label1\" content=\"Tiempo de lectura\" \/>\n\t<meta name=\"twitter:data1\" content=\"3 minutos\" \/>\n<!-- \/ Yoast SEO plugin. -->","yoast_head_json":{"title":"AIVIA Corredores Conectados Orquestados - Ferrovial","description":"Welcome to the Ferrovial's website, global operator of sustainable infrastructure. Here you can find all the information about the company and subsidiaries.","robots":{"index":"index","follow":"follow","max-snippet":"max-snippet:-1","max-image-preview":"max-image-preview:large","max-video-preview":"max-video-preview:-1"},"canonical":"https:\/\/www.ferrovial.com\/es-es\/innovacion\/aivia-corredores-conectados-orquestados\/","og_locale":"es_ES","og_type":"article","og_title":"AIVIA Corredores Conectados Orquestados - Ferrovial","og_description":"Welcome to the Ferrovial's website, global operator of sustainable infrastructure. Here you can find all the information about the company and subsidiaries.","og_url":"https:\/\/www.ferrovial.com\/es-es\/innovacion\/aivia-corredores-conectados-orquestados\/","og_site_name":"Ferrovial","article_publisher":"https:\/\/www.facebook.com\/ferrovial","article_modified_time":"2022-05-20T09:24:05+00:00","og_image":[{"width":1900,"height":1069,"url":"https:\/\/static.ferrovial.com\/wp-content\/uploads\/2021\/10\/15112240\/aivia-renders-orchestrated-connected-corridors.jpg","type":"image\/jpeg"}],"twitter_card":"summary_large_image","twitter_site":"@ferrovial","twitter_misc":{"Tiempo de lectura":"3 minutos"},"schema":{"@context":"https:\/\/schema.org","@graph":[{"@type":"WebPage","@id":"https:\/\/www.ferrovial.com\/es-es\/innovacion\/aivia-corredores-conectados-orquestados\/","url":"https:\/\/www.ferrovial.com\/es-es\/innovacion\/aivia-corredores-conectados-orquestados\/","name":"AIVIA Corredores Conectados Orquestados - Ferrovial","isPartOf":{"@id":"https:\/\/www.ferrovial.com\/es-es\/#website"},"primaryImageOfPage":{"@id":"https:\/\/www.ferrovial.com\/es-es\/innovacion\/aivia-corredores-conectados-orquestados\/#primaryimage"},"image":{"@id":"https:\/\/www.ferrovial.com\/es-es\/innovacion\/aivia-corredores-conectados-orquestados\/#primaryimage"},"thumbnailUrl":"https:\/\/static.ferrovial.com\/wp-content\/uploads\/2021\/10\/15112240\/aivia-renders-orchestrated-connected-corridors.jpg","datePublished":"2021-01-11T15:00:28+00:00","dateModified":"2022-05-20T09:24:05+00:00","description":"Welcome to the Ferrovial's website, global operator of sustainable infrastructure. Here you can find all the information about the company and subsidiaries.","breadcrumb":{"@id":"https:\/\/www.ferrovial.com\/es-es\/innovacion\/aivia-corredores-conectados-orquestados\/#breadcrumb"},"inLanguage":"es","potentialAction":[{"@type":"ReadAction","target":["https:\/\/www.ferrovial.com\/es-es\/innovacion\/aivia-corredores-conectados-orquestados\/"]}]},{"@type":"ImageObject","inLanguage":"es","@id":"https:\/\/www.ferrovial.com\/es-es\/innovacion\/aivia-corredores-conectados-orquestados\/#primaryimage","url":"https:\/\/static.ferrovial.com\/wp-content\/uploads\/2021\/10\/15112240\/aivia-renders-orchestrated-connected-corridors.jpg","contentUrl":"https:\/\/static.ferrovial.com\/wp-content\/uploads\/2021\/10\/15112240\/aivia-renders-orchestrated-connected-corridors.jpg","width":1900,"height":1069,"caption":"AIVIA renders Orchestrated Connected Corridors"},{"@type":"BreadcrumbList","@id":"https:\/\/www.ferrovial.com\/es-es\/innovacion\/aivia-corredores-conectados-orquestados\/#breadcrumb","itemListElement":[{"@type":"ListItem","position":1,"name":"Portada","item":"https:\/\/www.ferrovial.com\/es-es\/"},{"@type":"ListItem","position":2,"name":"Innovaci\u00f3n","item":"https:\/\/www.ferrovial.com\/es-es\/innovacion\/"},{"@type":"ListItem","position":3,"name":"AIVIA Corredores Conectados Orquestados"}]},{"@type":"WebSite","@id":"https:\/\/www.ferrovial.com\/es-es\/#website","url":"https:\/\/www.ferrovial.com\/es-es\/","name":"Ferrovial","description":"Welcome to the Ferrovial&#039;s website, global operator of sustainable infrastructure. Here you can find all the information about the company and subsidiaries.","publisher":{"@id":"https:\/\/www.ferrovial.com\/es-es\/#organization"},"potentialAction":[{"@type":"SearchAction","target":{"@type":"EntryPoint","urlTemplate":"https:\/\/www.ferrovial.com\/es-es\/?s={search_term_string}"},"query-input":{"@type":"PropertyValueSpecification","valueRequired":true,"valueName":"search_term_string"}}],"inLanguage":"es"},{"@type":"Organization","@id":"https:\/\/www.ferrovial.com\/es-es\/#organization","name":"Ferrovial S.A.","url":"https:\/\/www.ferrovial.com\/es-es\/","logo":{"@type":"ImageObject","inLanguage":"es","@id":"https:\/\/www.ferrovial.com\/es-es\/#\/schema\/logo\/image\/","url":"https:\/\/static.ferrovial.com\/wp-content\/uploads\/2020\/01\/13124948\/logo-ferrovial-cf7.png","contentUrl":"https:\/\/static.ferrovial.com\/wp-content\/uploads\/2020\/01\/13124948\/logo-ferrovial-cf7.png","width":144,"height":32,"caption":"Ferrovial S.A."},"image":{"@id":"https:\/\/www.ferrovial.com\/es-es\/#\/schema\/logo\/image\/"},"sameAs":["https:\/\/www.facebook.com\/ferrovial","https:\/\/x.com\/ferrovial","https:\/\/www.instagram.com\/ferrovial\/","https:\/\/www.linkedin.com\/company\/ferrovial","https:\/\/www.pinterest.es\/ferrovial\/","https:\/\/www.youtube.com\/ferrovial","https:\/\/en.wikipedia.org\/wiki\/Ferrovial"]}]}},"_links":{"self":[{"href":"https:\/\/www.ferrovial.com\/es-es\/wp-json\/wp\/v2\/pages\/208146","targetHints":{"allow":["GET"]}}],"collection":[{"href":"https:\/\/www.ferrovial.com\/es-es\/wp-json\/wp\/v2\/pages"}],"about":[{"href":"https:\/\/www.ferrovial.com\/es-es\/wp-json\/wp\/v2\/types\/page"}],"replies":[{"embeddable":true,"href":"https:\/\/www.ferrovial.com\/es-es\/wp-json\/wp\/v2\/comments?post=208146"}],"version-history":[{"count":2,"href":"https:\/\/www.ferrovial.com\/es-es\/wp-json\/wp\/v2\/pages\/208146\/revisions"}],"predecessor-version":[{"id":222618,"href":"https:\/\/www.ferrovial.com\/es-es\/wp-json\/wp\/v2\/pages\/208146\/revisions\/222618"}],"up":[{"embeddable":true,"href":"https:\/\/www.ferrovial.com\/es-es\/wp-json\/wp\/v2\/pages\/112990"}],"wp:featuredmedia":[{"embeddable":true,"href":"https:\/\/www.ferrovial.com\/es-es\/wp-json\/wp\/v2\/media\/203985"}],"wp:attachment":[{"href":"https:\/\/www.ferrovial.com\/es-es\/wp-json\/wp\/v2\/media?parent=208146"}],"curies":[{"name":"wp","href":"https:\/\/api.w.org\/{rel}","templated":true}]}}