{"id":214101,"date":"2022-01-27T12:17:06","date_gmt":"2022-01-27T11:17:06","guid":{"rendered":"https:\/\/www.ferrovial.com\/que-hacemos\/sistemas-de-control-y-analizadores\/"},"modified":"2025-12-15T11:49:22","modified_gmt":"2025-12-15T10:49:22","slug":"sistemas-de-control-y-analizadores","status":"publish","type":"page","link":"https:\/\/www.ferrovial.com\/es-es\/siemsa\/que-hacemos\/sistemas-de-control-y-analizadores\/","title":{"rendered":"Sistemas de control y analizadores"},"content":{"rendered":"    <m-final-content-header >\n            <c-breadcrumb label-text=\"Breadcrumb\" slot=\"breadcrumbs\" type='2' align='left' wrap='wrapped wrapped' aria-label='Vienes de Qu\u00e9 hacemos &#8211; Siemsa'>\n                        <ol>\n\n                                                            <li><a href=\"https:\/\/www.ferrovial.com\/es-es\/\" title=\"Ferrovial\">Ferrovial<\/a><\/li>\n                                                                        <li><a href=\"https:\/\/www.ferrovial.com\/es\/siemsa\/\" title=\"Siemsa\">Siemsa<\/a><\/li>\n                                                                        <li><a href=\"https:\/\/www.ferrovial.com\/es\/siemsa\/que-hacemos\/\" title=\"Qu\u00e9 hacemos &#8211; Siemsa\">Qu\u00e9 hacemos &#8211; Siemsa<\/a><\/li>\n                                    \n                <\/ol>\n\n                <\/c-breadcrumb>\n    \n        <div slot=\"header\">\n            <h1>\n                Sistemas de control y analizadores            <\/h1>\n                    <\/div>\n    <\/m-final-content-header>\n\n    \n\n\n<m-wysiwig class=\"wp-block-components-wysiwyg\"><div slot=\"maincontent\">    <p class=\"intro\">Con m\u00e1s de 30 a\u00f1os de experiencia en Sistemas de Control y Sistemas Analizadores, nos ocupamos de todo lo relativo al dise\u00f1o, ingenier\u00eda, fabricaci\u00f3n, suministro, instalaci\u00f3n, puesta en marcha, mantenimiento y formaci\u00f3n para este tipo de sistemas.<\/p>\n    \n\n\n<h2 class=\"wp-block-heading\"><strong>Sistemas de Control y Analizadores<\/strong><\/h2>\n\n\n\n<p>Estamos presentes en toda la cadena de valor contando con:<\/p>\n\n\n\n<ul class=\"wp-block-list\">\n<li>Equipo propio de ingenier\u00eda e integraci\u00f3n para sistemas de control, instrumentaci\u00f3n y analizadores.<\/li>\n\n\n\n<li>Equipo propio de mantenimiento, asistencia t\u00e9cnica y formaci\u00f3n.<\/li>\n\n\n\n<li>Capacidad de Integraci\u00f3n para ofrecer la soluci\u00f3n m\u00e1s adecuada a cada necesidad.<\/li>\n\n\n\n<li>Know-how &amp; Expertise en las principales marcas de sistemas de control y analizadores.<\/li>\n<\/ul>\n\n\n<div class=\"wp-block-image\">\n<figure class=\"alignleft size-full\"><img v-lazy=\"'https:\/\/static.ferrovial.com\/wp-content\/uploads\/2022\/02\/10174618\/wonderware-logo.jpg'\" alt=\"\" class=\"wp-image-214958\"\/><\/figure><\/div>\n\n\n<figure class=\"wp-block-image size-full\"><img v-lazy=\"'https:\/\/static.ferrovial.com\/wp-content\/uploads\/2022\/02\/10174542\/alliance-partner-logo-schneider-1.gif'\" alt=\"\" class=\"wp-image-214974\"\/><\/figure>\n\n\n\n<h2 class=\"wp-block-heading\">Soluciones de Mantenimiento Predictivo.<\/h2>\n\n\n\n<p>Ofrecemos\u00a0el desarrollo e implantaci\u00f3n de soluciones y servicios innovadores y sostenibles enfocados al mantenimiento predictivo.<\/p>\n\n\n\n<h3 class=\"wp-block-heading\"><strong>Soluciones<\/strong><\/h3>\n\n\n\n<ul class=\"wp-block-list\">\n<li>Equipos de monitorizaci\u00f3n y protecci\u00f3n de m\u00e1quinas rotativas.<\/li>\n\n\n\n<li>Software de monitorizaci\u00f3n y diagn\u00f3stico de la condici\u00f3n.<\/li>\n\n\n\n<li>Plataforma de gesti\u00f3n integral IIOT (Industria 4.0).<\/li>\n\n\n\n<li>Sensores de vibraci\u00f3n y accesorios,<\/li>\n<\/ul>\n\n\n\n<h3 class=\"wp-block-heading\"><strong>Servicios<\/strong><\/h3>\n\n\n\n<ul class=\"wp-block-list\">\n<li>Desarrollo de estrategias de mantenimiento.<\/li>\n\n\n\n<li>Implementaci\u00f3n de programas de mantenimiento predictivo.<\/li>\n\n\n\n<li>Servicios de adquisici\u00f3n, diagn\u00f3stico y anal\u00edtica avanzada de datos.<\/li>\n\n\n\n<li>Servicio de asistencia t\u00e9cnica off-line y remota.<\/li>\n<\/ul>\n\n\n\n<p>Solicitar una cotizaci\u00f3n o informaci\u00f3n: <a href=\"mailto:atencionclientescma@siemsa.com\"><strong>atencionclientescma@siemsa.com<\/strong><\/a><\/p>\n\n\n\n<h3 class=\"wp-block-heading\"><strong>Somos partner oficial de los productos de fiabilidad de EMERSON en Espa\u00f1a<\/strong><\/h3>\n\n\n<div class=\"wp-block-image\">\n<figure class=\"aligncenter size-full is-resized\"><img v-lazy=\"'https:\/\/static.ferrovial.com\/wp-content\/uploads\/2025\/11\/12121809\/logo-emerson-ams-partners.png'\" alt=\"\" class=\"wp-image-317415\" style=\"width:511px;height:auto\"\/><\/figure><\/div>\n\n\n<p class=\"has-text-align-left\"><strong>AMS Emerson<\/strong>, l\u00edder mundial en tecnolog\u00edas de predicci\u00f3n y protecci\u00f3n que mejoran la confiabilidad en la planta.<\/p>\n\n\n\n<p class=\"has-text-align-left\">Mantenga los activos de la planta disponibles y produciendo ingresos mediante la aplicaci\u00f3n de inteligencia predictiva y diagn\u00f3stico de campo a sus activos monitorizados.<\/p>\n\n\n<div class=\"wp-block-image\">\n<figure class=\"aligncenter size-full\"><img v-lazy=\"'https:\/\/static.ferrovial.com\/wp-content\/uploads\/2025\/12\/15114856\/ams-condition-monitoring.png'\" alt=\"AMS Condition Monitoring\" class=\"wp-image-320209\"\/><\/figure><\/div>\n\n\n<h3 class=\"wp-block-heading\"><strong><strong><strong>Somos el\u00a0Socio Tecnol\u00f3gico de Asystom para Espa\u00f1a y Portugal<\/strong><\/strong><\/strong><\/h3>\n\n\n<div class=\"wp-block-image\">\n<figure class=\"aligncenter size-full is-resized\"><img v-lazy=\"'https:\/\/static.ferrovial.com\/wp-content\/uploads\/2025\/11\/12121952\/asystom-logo.png'\" alt=\"\" class=\"wp-image-317425\" style=\"width:502px;height:auto\"\/><\/figure><\/div>\n\n\n<p class=\"has-text-align-left\"><strong>Asystom<\/strong>, es<strong>\u00a0<\/strong>un tecn\u00f3logo y fabricante con un equipo internacional \u00e1gil y flexible con s\u00f3lidos conocimientos tecnol\u00f3gicos avanzados de la Industria 4.0<\/p>\n\n\n\n<p class=\"has-text-align-left\">Su compromiso con la calidad, seguridad e integridad para proporcional valor en los clientes a trav\u00e9s de la innovaci\u00f3n, inversi\u00f3n en las personas, tecnolog\u00eda y los servicios es excepcional.<\/p>\n\n\n\n<p class=\"has-text-align-left\">Aplicaciones para m\u00e1quinas rotativas y fugas internas en v\u00e1lvulas.<\/p>\n\n\n\n<h2 class=\"wp-block-heading\">Instrumentaci\u00f3n: Equipos Especiales<\/h2>\n\n\n\n<p>Somos representantes en exclusiva para Espa\u00f1a y Portugal de equipos para la media sin contacto de: nivel, densidad, pesada en continuo, humedad y otros. As\u00ed como equipos y sistemas para la detecci\u00f3n de fuego y gas.<\/p>\n\n\n<div class=\"wp-block-image\">\n<figure class=\"aligncenter size-large is-resized\"><a href=\"https:\/\/www.berthold.com\/es\/\" target=\"_blank\" rel=\"https:\/\/www.berthold.com\/es\/ noreferrer noopener\"><img v-lazy=\"'https:\/\/static.ferrovial.com\/wp-content\/uploads\/2022\/01\/10175257\/logo-berthold-e1643192930223-1024x251.png'\" alt=\"\" class=\"wp-image-213575\" style=\"width:517px;height:auto\"\/><\/a><\/figure><\/div>\n\n\n<p class=\"has-text-align-center\">L\u00edder mundial en la medici\u00f3n sin contacto para procesos cr\u00edticos en todo tipo de industrias Petr\u00f3leo y Gas, sider\u00fargica, papel, miner\u00eda, etc. Especializados en m\u00e9todo radiom\u00e9trico desde 1949.<\/p>\n\n\n<div class=\"wp-block-image\">\n<figure class=\"aligncenter size-full is-resized\"><a href=\"https:\/\/www.det-tronics.com\/\" target=\"_blank\" rel=\" noreferrer noopener\"><img v-lazy=\"'https:\/\/static.ferrovial.com\/wp-content\/uploads\/2022\/01\/26113214\/det-tronics-logo.png'\" alt=\"\" class=\"wp-image-213577\" style=\"width:509px;height:auto\"\/><\/a><\/figure><\/div>\n\n\n<p class=\"has-text-align-center\">L\u00edder mundial en equipos y sistemas de detecci\u00f3n de fuego y gas en plantas de proceso mediante detectores.<\/p>\n\n\n\n<p>Adicionalmente, ofrecemos estudios de viabilidad y mejora de procesos, revamping de instalaciones existentes, legislaci\u00f3n, servicio post venta y asistencia t\u00e9cnica cumpliendo los est\u00e1ndares y certificaciones m\u00e1s exigentes del mundo.<\/p>\n<\/div><\/m-wysiwig>\n","protected":false},"excerpt":{"rendered":"","protected":false},"featured_media":0,"parent":214094,"menu_order":0,"comment_status":"closed","ping_status":"closed","template":"","meta":{"_acf_changed":false,"footnotes":""},"class_list":["post-214101","page","type-page","status-publish","hentry"],"acf":[],"yoast_head":"<!-- This site is optimized with the Yoast SEO plugin v27.2 - https:\/\/yoast.com\/product\/yoast-seo-wordpress\/ -->\n<title>Sistemas de control y analizadores - Ferrovial<\/title>\n<meta name=\"description\" content=\"Welcome to the Ferrovial&#039;s website, global operator of sustainable infrastructure. Here you can find all the information about the company and subsidiaries.\" \/>\n<meta name=\"robots\" content=\"index, follow, max-snippet:-1, max-image-preview:large, max-video-preview:-1\" \/>\n<link rel=\"canonical\" href=\"https:\/\/www.ferrovial.com\/es-es\/siemsa\/que-hacemos\/sistemas-de-control-y-analizadores\/\" \/>\n<meta property=\"og:locale\" content=\"es_ES\" \/>\n<meta property=\"og:type\" content=\"article\" \/>\n<meta property=\"og:title\" content=\"Sistemas de control y analizadores - Ferrovial\" \/>\n<meta property=\"og:description\" content=\"Welcome to the Ferrovial&#039;s website, global operator of sustainable infrastructure. Here you can find all the information about the company and subsidiaries.\" \/>\n<meta property=\"og:url\" content=\"https:\/\/www.ferrovial.com\/es-es\/siemsa\/que-hacemos\/sistemas-de-control-y-analizadores\/\" \/>\n<meta property=\"og:site_name\" content=\"Ferrovial\" \/>\n<meta property=\"article:publisher\" content=\"https:\/\/www.facebook.com\/ferrovial\" \/>\n<meta property=\"article:modified_time\" content=\"2025-12-15T10:49:22+00:00\" \/>\n<meta property=\"og:image\" content=\"https:\/\/www.ferrovial.com\/wp-content\/uploads\/2022\/02\/wonderware-logo.jpg\" \/>\n<meta name=\"twitter:card\" content=\"summary_large_image\" \/>\n<meta name=\"twitter:site\" content=\"@ferrovial\" \/>\n<meta name=\"twitter:label1\" content=\"Tiempo de lectura\" \/>\n\t<meta name=\"twitter:data1\" content=\"3 minutos\" \/>\n<!-- \/ Yoast SEO plugin. -->","yoast_head_json":{"title":"Sistemas de control y analizadores - Ferrovial","description":"Welcome to the Ferrovial's website, global operator of sustainable infrastructure. Here you can find all the information about the company and subsidiaries.","robots":{"index":"index","follow":"follow","max-snippet":"max-snippet:-1","max-image-preview":"max-image-preview:large","max-video-preview":"max-video-preview:-1"},"canonical":"https:\/\/www.ferrovial.com\/es-es\/siemsa\/que-hacemos\/sistemas-de-control-y-analizadores\/","og_locale":"es_ES","og_type":"article","og_title":"Sistemas de control y analizadores - Ferrovial","og_description":"Welcome to the Ferrovial's website, global operator of sustainable infrastructure. Here you can find all the information about the company and subsidiaries.","og_url":"https:\/\/www.ferrovial.com\/es-es\/siemsa\/que-hacemos\/sistemas-de-control-y-analizadores\/","og_site_name":"Ferrovial","article_publisher":"https:\/\/www.facebook.com\/ferrovial","article_modified_time":"2025-12-15T10:49:22+00:00","og_image":[{"url":"https:\/\/www.ferrovial.com\/wp-content\/uploads\/2022\/02\/wonderware-logo.jpg","type":"","width":"","height":""}],"twitter_card":"summary_large_image","twitter_site":"@ferrovial","twitter_misc":{"Tiempo de lectura":"3 minutos"},"schema":{"@context":"https:\/\/schema.org","@graph":[{"@type":"WebPage","@id":"https:\/\/www.ferrovial.com\/es-es\/siemsa\/que-hacemos\/sistemas-de-control-y-analizadores\/","url":"https:\/\/www.ferrovial.com\/es-es\/siemsa\/que-hacemos\/sistemas-de-control-y-analizadores\/","name":"Sistemas de control y analizadores - Ferrovial","isPartOf":{"@id":"https:\/\/www.ferrovial.com\/es-es\/#website"},"primaryImageOfPage":{"@id":"https:\/\/www.ferrovial.com\/es-es\/siemsa\/que-hacemos\/sistemas-de-control-y-analizadores\/#primaryimage"},"image":{"@id":"https:\/\/www.ferrovial.com\/es-es\/siemsa\/que-hacemos\/sistemas-de-control-y-analizadores\/#primaryimage"},"thumbnailUrl":"https:\/\/www.ferrovial.com\/wp-content\/uploads\/2022\/02\/wonderware-logo.jpg","datePublished":"2022-01-27T11:17:06+00:00","dateModified":"2025-12-15T10:49:22+00:00","description":"Welcome to the Ferrovial's website, global operator of sustainable infrastructure. Here you can find all the information about the company and subsidiaries.","breadcrumb":{"@id":"https:\/\/www.ferrovial.com\/es-es\/siemsa\/que-hacemos\/sistemas-de-control-y-analizadores\/#breadcrumb"},"inLanguage":"es","potentialAction":[{"@type":"ReadAction","target":["https:\/\/www.ferrovial.com\/es-es\/siemsa\/que-hacemos\/sistemas-de-control-y-analizadores\/"]}]},{"@type":"ImageObject","inLanguage":"es","@id":"https:\/\/www.ferrovial.com\/es-es\/siemsa\/que-hacemos\/sistemas-de-control-y-analizadores\/#primaryimage","url":"https:\/\/www.ferrovial.com\/wp-content\/uploads\/2022\/02\/wonderware-logo.jpg","contentUrl":"https:\/\/www.ferrovial.com\/wp-content\/uploads\/2022\/02\/wonderware-logo.jpg"},{"@type":"BreadcrumbList","@id":"https:\/\/www.ferrovial.com\/es-es\/siemsa\/que-hacemos\/sistemas-de-control-y-analizadores\/#breadcrumb","itemListElement":[{"@type":"ListItem","position":1,"name":"Portada","item":"https:\/\/www.ferrovial.com\/es-es\/"},{"@type":"ListItem","position":2,"name":"Siemsa","item":"https:\/\/www.ferrovial.com\/es-es\/siemsa\/"},{"@type":"ListItem","position":3,"name":"Qu\u00e9 hacemos &#8211; Siemsa","item":"https:\/\/www.ferrovial.com\/es-es\/siemsa\/que-hacemos\/"},{"@type":"ListItem","position":4,"name":"Sistemas de control y analizadores"}]},{"@type":"WebSite","@id":"https:\/\/www.ferrovial.com\/es-es\/#website","url":"https:\/\/www.ferrovial.com\/es-es\/","name":"Ferrovial","description":"Welcome to the Ferrovial&#039;s website, global operator of sustainable infrastructure. Here you can find all the information about the company and subsidiaries.","publisher":{"@id":"https:\/\/www.ferrovial.com\/es-es\/#organization"},"potentialAction":[{"@type":"SearchAction","target":{"@type":"EntryPoint","urlTemplate":"https:\/\/www.ferrovial.com\/es-es\/?s={search_term_string}"},"query-input":{"@type":"PropertyValueSpecification","valueRequired":true,"valueName":"search_term_string"}}],"inLanguage":"es"},{"@type":"Organization","@id":"https:\/\/www.ferrovial.com\/es-es\/#organization","name":"Ferrovial S.A.","url":"https:\/\/www.ferrovial.com\/es-es\/","logo":{"@type":"ImageObject","inLanguage":"es","@id":"https:\/\/www.ferrovial.com\/es-es\/#\/schema\/logo\/image\/","url":"https:\/\/static.ferrovial.com\/wp-content\/uploads\/2020\/01\/13124948\/logo-ferrovial-cf7.png","contentUrl":"https:\/\/static.ferrovial.com\/wp-content\/uploads\/2020\/01\/13124948\/logo-ferrovial-cf7.png","width":144,"height":32,"caption":"Ferrovial S.A."},"image":{"@id":"https:\/\/www.ferrovial.com\/es-es\/#\/schema\/logo\/image\/"},"sameAs":["https:\/\/www.facebook.com\/ferrovial","https:\/\/x.com\/ferrovial","https:\/\/www.instagram.com\/ferrovial\/","https:\/\/www.linkedin.com\/company\/ferrovial","https:\/\/www.pinterest.es\/ferrovial\/","https:\/\/www.youtube.com\/ferrovial","https:\/\/en.wikipedia.org\/wiki\/Ferrovial"]}]}},"_links":{"self":[{"href":"https:\/\/www.ferrovial.com\/es-es\/wp-json\/wp\/v2\/pages\/214101","targetHints":{"allow":["GET"]}}],"collection":[{"href":"https:\/\/www.ferrovial.com\/es-es\/wp-json\/wp\/v2\/pages"}],"about":[{"href":"https:\/\/www.ferrovial.com\/es-es\/wp-json\/wp\/v2\/types\/page"}],"replies":[{"embeddable":true,"href":"https:\/\/www.ferrovial.com\/es-es\/wp-json\/wp\/v2\/comments?post=214101"}],"version-history":[{"count":3,"href":"https:\/\/www.ferrovial.com\/es-es\/wp-json\/wp\/v2\/pages\/214101\/revisions"}],"predecessor-version":[{"id":320220,"href":"https:\/\/www.ferrovial.com\/es-es\/wp-json\/wp\/v2\/pages\/214101\/revisions\/320220"}],"up":[{"embeddable":true,"href":"https:\/\/www.ferrovial.com\/es-es\/wp-json\/wp\/v2\/pages\/214094"}],"wp:attachment":[{"href":"https:\/\/www.ferrovial.com\/es-es\/wp-json\/wp\/v2\/media?parent=214101"}],"curies":[{"name":"wp","href":"https:\/\/api.w.org\/{rel}","templated":true}]}}