{"id":216656,"date":"2022-01-27T16:20:33","date_gmt":"2022-01-27T15:20:33","guid":{"rendered":"https:\/\/www.ferrovial.com\/siemsa\/quienes-somos\/"},"modified":"2023-01-16T08:28:40","modified_gmt":"2023-01-16T07:28:40","slug":"quienes-somos","status":"publish","type":"page","link":"https:\/\/www.ferrovial.com\/es-es\/siemsa\/quienes-somos\/","title":{"rendered":"Qui\u00e9nes somos &#8211; SIEMSA"},"content":{"rendered":"    <m-final-content-header bgimage='https:\/\/static.ferrovial.com\/wp-content\/uploads\/2022\/01\/27121616\/mantenimiento-y-montaje-industrial-siemsa.jpg'>\n            <c-breadcrumb label-text=\"Breadcrumb\" slot=\"breadcrumbs\" type='2' align='left' wrap='wrapped wrapped' aria-label='Vienes de Siemsa'>\n                        <ol>\n\n                                                            <li><a href=\"https:\/\/www.ferrovial.com\/es-es\/\" title=\"Ferrovial\">Ferrovial<\/a><\/li>\n                                                                        <li><a href=\"https:\/\/www.ferrovial.com\/es\/siemsa\/\" title=\"Siemsa\">Siemsa<\/a><\/li>\n                                    \n                <\/ol>\n\n                <\/c-breadcrumb>\n    \n        <div slot=\"header\">\n            <h1>\n                \u00bfQui\u00e9nes somos?            <\/h1>\n                    <\/div>\n    <\/m-final-content-header>\n\n    \n\n\n<m-wysiwig class=\"wp-block-components-wysiwyg\"><div slot=\"maincontent\">    <p class=\"intro\">Somos especialistas en servicios de ingenier\u00eda, construcci\u00f3n, instalaci\u00f3n y mantenimiento de servicios t\u00e9cnicos el\u00e9ctricos para los sectores de energ\u00eda (generaci\u00f3n y distribuci\u00f3n el\u00e9ctrica), petroqu\u00edmico e industrial. <\/p>\n    \n\n\n<p>Gracias a nuestra experiencia y cualificaci\u00f3n, ofrecemos servicios de alta tecnificaci\u00f3n que facilitan la eficiencia y mejora de las operaciones de nuestros clientes. Algunos de ellos con gran relevancia a nivel global: Repsol, Iberdrola, Endesa, Red El\u00e9ctrica de Espa\u00f1a, BP Oil, Basf, Covestro, Central Nuclear de Cofrentes, Trillo, Almaraz, etc.<\/p>\n\n\n\n<h2 class=\"wp-block-heading\"><strong>Nuestros cimientos: la seguridad y la salud<\/strong><strong>&nbsp;<\/strong><\/h2>\n\n\n\n<p>Fuimos la primera empresa de nuestro sector en lograr la certificaci\u00f3n OSHAS 18001, ahora migrada a la norma ISO 45001: de Seguridad y Salud en el trabajo. &nbsp;Nuestro compromiso en Health&amp;Safety nos ha recompensado a lo largo de nuestra trayectoria con excelentes cifras, numerosos premios y menciones en este sentido.<strong><\/strong><\/p>\n\n\n\n<h2 class=\"wp-block-heading\"><strong>Historia de Siemsa<\/strong><\/h2>\n\n\n\n<p>Nuestra andadura comienza en el a\u00f1o 1982 en el pol\u00edgono de Tarragona con trabajos de montaje y mantenimiento de la electricidad e instrumentaci\u00f3n en el sector petroqu\u00edmico.<\/p>\n\n\n\n<p>En 1991, Siemsa es adquirida por Gamesa, l\u00edder en la industria de las energ\u00edas renovables, y pasamos a convertirnos en Gamesa Energ\u00eda Servicios. Se produjo nuestra entrada de lleno en el mundo de las energ\u00edas renovables puesto que nos hicimos cargo de los proyectos renovables de Gamesa. No obstante, mantuvimos nuestra actividad en el mundo industrial. &nbsp;<\/p>\n\n\n\n<p>La incorporaci\u00f3n de Uidiesa (Iberdrola) se produjo en 1996, y supuso nuestro comienzo en el sector de la energ\u00eda nuclear. Una d\u00e9cada despu\u00e9s, en 2006, se produce la adquisici\u00f3n de Siemsa por el fondo europeo 3i Group, l\u00edder en capital de inversi\u00f3n y capital riesgo.<\/p>\n\n\n\n<p>Nuestra andadura en Ferrovial comienza en 2016, a\u00f1o en el que <a href=\"https:\/\/newsroom.ferrovial.com\/es\/noticias\/adquisicion-siemsa\/\">Ferrovial Servicios adquiere la compa\u00f1\u00eda para reforzar su presencia<\/a> en el mercado de servicios de ingenier\u00eda, construcci\u00f3n, instalaci\u00f3n y mantenimiento de equipos en los sectores de energ\u00eda, petroqu\u00edmico e industrial.<\/p>\n\n\n\n<p>En 2021, Ferrovial Construcci\u00f3n absorbe Siemsa para cimentar el \u00e1rea de subestaciones y l\u00edneas de transmisi\u00f3n de su nueva divisi\u00f3n Ferrovial Energy Solutions. Decisi\u00f3n que contin\u00faa reforzando el compromiso con la sostenibilidad y asienta la apuesta por la transici\u00f3n energ\u00e9tica de Ferrovial. Nuestro desaf\u00edo es aportar al sector nuestro conocimiento y experiencia para la construcci\u00f3n, instalaci\u00f3n y mantenimiento de infraestructuras energ\u00e9ticas.<\/p>\n<\/div><\/m-wysiwig>\n","protected":false},"excerpt":{"rendered":"","protected":false},"featured_media":0,"parent":214113,"menu_order":0,"comment_status":"closed","ping_status":"closed","template":"","meta":{"_acf_changed":false,"footnotes":""},"class_list":["post-216656","page","type-page","status-publish","hentry"],"acf":[],"yoast_head":"<!-- This site is optimized with the Yoast SEO plugin v27.2 - https:\/\/yoast.com\/product\/yoast-seo-wordpress\/ -->\n<title>Qui\u00e9nes somos - SIEMSA - Ferrovial<\/title>\n<meta name=\"description\" content=\"Welcome to the Ferrovial&#039;s website, global operator of sustainable infrastructure. Here you can find all the information about the company and subsidiaries.\" \/>\n<meta name=\"robots\" content=\"index, follow, max-snippet:-1, max-image-preview:large, max-video-preview:-1\" \/>\n<link rel=\"canonical\" href=\"https:\/\/www.ferrovial.com\/es-es\/siemsa\/quienes-somos\/\" \/>\n<meta property=\"og:locale\" content=\"es_ES\" \/>\n<meta property=\"og:type\" content=\"article\" \/>\n<meta property=\"og:title\" content=\"Qui\u00e9nes somos - SIEMSA - Ferrovial\" \/>\n<meta property=\"og:description\" content=\"Welcome to the Ferrovial&#039;s website, global operator of sustainable infrastructure. Here you can find all the information about the company and subsidiaries.\" \/>\n<meta property=\"og:url\" content=\"https:\/\/www.ferrovial.com\/es-es\/siemsa\/quienes-somos\/\" \/>\n<meta property=\"og:site_name\" content=\"Ferrovial\" \/>\n<meta property=\"article:publisher\" content=\"https:\/\/www.facebook.com\/ferrovial\" \/>\n<meta property=\"article:modified_time\" content=\"2023-01-16T07:28:40+00:00\" \/>\n<meta name=\"twitter:card\" content=\"summary_large_image\" \/>\n<meta name=\"twitter:site\" content=\"@ferrovial\" \/>\n<meta name=\"twitter:label1\" content=\"Tiempo de lectura\" \/>\n\t<meta name=\"twitter:data1\" content=\"2 minutos\" \/>\n<!-- \/ Yoast SEO plugin. -->","yoast_head_json":{"title":"Qui\u00e9nes somos - SIEMSA - Ferrovial","description":"Welcome to the Ferrovial's website, global operator of sustainable infrastructure. Here you can find all the information about the company and subsidiaries.","robots":{"index":"index","follow":"follow","max-snippet":"max-snippet:-1","max-image-preview":"max-image-preview:large","max-video-preview":"max-video-preview:-1"},"canonical":"https:\/\/www.ferrovial.com\/es-es\/siemsa\/quienes-somos\/","og_locale":"es_ES","og_type":"article","og_title":"Qui\u00e9nes somos - SIEMSA - Ferrovial","og_description":"Welcome to the Ferrovial's website, global operator of sustainable infrastructure. Here you can find all the information about the company and subsidiaries.","og_url":"https:\/\/www.ferrovial.com\/es-es\/siemsa\/quienes-somos\/","og_site_name":"Ferrovial","article_publisher":"https:\/\/www.facebook.com\/ferrovial","article_modified_time":"2023-01-16T07:28:40+00:00","twitter_card":"summary_large_image","twitter_site":"@ferrovial","twitter_misc":{"Tiempo de lectura":"2 minutos"},"schema":{"@context":"https:\/\/schema.org","@graph":[{"@type":"WebPage","@id":"https:\/\/www.ferrovial.com\/es-es\/siemsa\/quienes-somos\/","url":"https:\/\/www.ferrovial.com\/es-es\/siemsa\/quienes-somos\/","name":"Qui\u00e9nes somos - SIEMSA - Ferrovial","isPartOf":{"@id":"https:\/\/www.ferrovial.com\/es-es\/#website"},"datePublished":"2022-01-27T15:20:33+00:00","dateModified":"2023-01-16T07:28:40+00:00","description":"Welcome to the Ferrovial's website, global operator of sustainable infrastructure. Here you can find all the information about the company and subsidiaries.","breadcrumb":{"@id":"https:\/\/www.ferrovial.com\/es-es\/siemsa\/quienes-somos\/#breadcrumb"},"inLanguage":"es","potentialAction":[{"@type":"ReadAction","target":["https:\/\/www.ferrovial.com\/es-es\/siemsa\/quienes-somos\/"]}]},{"@type":"BreadcrumbList","@id":"https:\/\/www.ferrovial.com\/es-es\/siemsa\/quienes-somos\/#breadcrumb","itemListElement":[{"@type":"ListItem","position":1,"name":"Portada","item":"https:\/\/www.ferrovial.com\/es-es\/"},{"@type":"ListItem","position":2,"name":"Siemsa","item":"https:\/\/www.ferrovial.com\/es-es\/siemsa\/"},{"@type":"ListItem","position":3,"name":"Qui\u00e9nes somos &#8211; SIEMSA"}]},{"@type":"WebSite","@id":"https:\/\/www.ferrovial.com\/es-es\/#website","url":"https:\/\/www.ferrovial.com\/es-es\/","name":"Ferrovial","description":"Welcome to the Ferrovial&#039;s website, global operator of sustainable infrastructure. Here you can find all the information about the company and subsidiaries.","publisher":{"@id":"https:\/\/www.ferrovial.com\/es-es\/#organization"},"potentialAction":[{"@type":"SearchAction","target":{"@type":"EntryPoint","urlTemplate":"https:\/\/www.ferrovial.com\/es-es\/?s={search_term_string}"},"query-input":{"@type":"PropertyValueSpecification","valueRequired":true,"valueName":"search_term_string"}}],"inLanguage":"es"},{"@type":"Organization","@id":"https:\/\/www.ferrovial.com\/es-es\/#organization","name":"Ferrovial S.A.","url":"https:\/\/www.ferrovial.com\/es-es\/","logo":{"@type":"ImageObject","inLanguage":"es","@id":"https:\/\/www.ferrovial.com\/es-es\/#\/schema\/logo\/image\/","url":"https:\/\/static.ferrovial.com\/wp-content\/uploads\/2020\/01\/13124948\/logo-ferrovial-cf7.png","contentUrl":"https:\/\/static.ferrovial.com\/wp-content\/uploads\/2020\/01\/13124948\/logo-ferrovial-cf7.png","width":144,"height":32,"caption":"Ferrovial S.A."},"image":{"@id":"https:\/\/www.ferrovial.com\/es-es\/#\/schema\/logo\/image\/"},"sameAs":["https:\/\/www.facebook.com\/ferrovial","https:\/\/x.com\/ferrovial","https:\/\/www.instagram.com\/ferrovial\/","https:\/\/www.linkedin.com\/company\/ferrovial","https:\/\/www.pinterest.es\/ferrovial\/","https:\/\/www.youtube.com\/ferrovial","https:\/\/en.wikipedia.org\/wiki\/Ferrovial"]}]}},"_links":{"self":[{"href":"https:\/\/www.ferrovial.com\/es-es\/wp-json\/wp\/v2\/pages\/216656","targetHints":{"allow":["GET"]}}],"collection":[{"href":"https:\/\/www.ferrovial.com\/es-es\/wp-json\/wp\/v2\/pages"}],"about":[{"href":"https:\/\/www.ferrovial.com\/es-es\/wp-json\/wp\/v2\/types\/page"}],"replies":[{"embeddable":true,"href":"https:\/\/www.ferrovial.com\/es-es\/wp-json\/wp\/v2\/comments?post=216656"}],"version-history":[{"count":2,"href":"https:\/\/www.ferrovial.com\/es-es\/wp-json\/wp\/v2\/pages\/216656\/revisions"}],"predecessor-version":[{"id":253426,"href":"https:\/\/www.ferrovial.com\/es-es\/wp-json\/wp\/v2\/pages\/216656\/revisions\/253426"}],"up":[{"embeddable":true,"href":"https:\/\/www.ferrovial.com\/es-es\/wp-json\/wp\/v2\/pages\/214113"}],"wp:attachment":[{"href":"https:\/\/www.ferrovial.com\/es-es\/wp-json\/wp\/v2\/media?parent=216656"}],"curies":[{"name":"wp","href":"https:\/\/api.w.org\/{rel}","templated":true}]}}