{"id":219592,"date":"2022-03-24T13:46:27","date_gmt":"2022-03-24T12:46:27","guid":{"rendered":"https:\/\/www.ferrovial.com\/f-construccion\/eficiencia-energetica\/"},"modified":"2024-10-01T12:38:41","modified_gmt":"2024-10-01T10:38:41","slug":"eficiencia-energetica","status":"publish","type":"page","link":"https:\/\/www.ferrovial.com\/es-es\/ferrovial-energia\/que-hacemos\/eficiencia-energetica\/","title":{"rendered":"Eficiencia Energ\u00e9tica"},"content":{"rendered":"    <m-final-content-header >\n            <c-breadcrumb label-text=\"Breadcrumb\" slot=\"breadcrumbs\" type='2' align='left' wrap='wrapped wrapped' aria-label='Vienes de Qu\u00e9 hacemos en Ferrovial Energ\u00eda'>\n                        <ol>\n\n                                                            <li><a href=\"https:\/\/www.ferrovial.com\/es-es\/\" title=\"Ferrovial\">Ferrovial<\/a><\/li>\n                                                                        <li><a href=\"https:\/\/www.ferrovial.com\/es\/ferrovial-energia\/\" title=\"Ferrovial Energ\u00eda\">Ferrovial Energ\u00eda<\/a><\/li>\n                                                                        <li><a href=\"https:\/\/www.ferrovial.com\/es\/ferrovial-energia\/que-hacemos\/\" title=\"Qu\u00e9 hacemos en Ferrovial Energ\u00eda\">Qu\u00e9 hacemos en Ferrovial Energ\u00eda<\/a><\/li>\n                                    \n                <\/ol>\n\n                <\/c-breadcrumb>\n    \n        <div slot=\"header\">\n            <h1>\n                Eficiencia Energ\u00e9tica            <\/h1>\n                    <\/div>\n    <\/m-final-content-header>\n\n    \n\n\n<m-wysiwig class=\"wp-block-components-wysiwyg\"><div slot=\"maincontent\">    <p class=\"intro\">Como empresa de servicios energ\u00e9ticos (ESE), trabajamos bajo un modelo concesional que aporta un ahorro constante y una mejora continua de las instalaciones del cliente durante toda la duraci\u00f3n del acuerdo, a la vez que mejoramos o mantenemos el confort de los usuarios.<\/p>\n    \n\n\n<ul class=\"wp-block-list\">\n<li>Ofrecemos una gesti\u00f3n integral del uso de la energ\u00eda.<\/li>\n\n\n\n<li>Queremos ayudar al desarrollo de ciudades inteligentes y sostenibles, a trav\u00e9s del ahorro energ\u00e9tico, de las energ\u00edas renovables y de la digitalizaci\u00f3n de servicios.<\/li>\n<\/ul>\n\n\n\n<p><\/p>\n<\/div><\/m-wysiwig>\n\n\n    <m-cyphers-basic>\n                        <div slot=\"head\">\n                                                <h3>\n                                Nuestros Servicios Energ\u00e9ticos                            <\/h3>\n                                                            <p>\n                                    Descripci\u00f3n por defecto                                <\/p>\n                                            <\/div>\n                                <ul slot=\"cyphers\">\n                                                <li>\n                                                                        <p class=\"pre\">\n                                            +                                        <\/p>\n                                                                                <p class=\"number\">\n                                            330.000                                        <\/p>\n                                                                                <p class=\"post\">\n                                            puntos de luz                                        <\/p>\n                                                                    <\/li>\n                                                        <li>\n                                                                        <p class=\"pre\">\n                                            +                                        <\/p>\n                                                                                <p class=\"number\">\n                                            1.000                                        <\/p>\n                                                                                <p class=\"post\">\n                                            centros de consumo                                        <\/p>\n                                                                    <\/li>\n                                                        <li>\n                                                                        <p class=\"pre\">\n                                            +                                        <\/p>\n                                                                                <p class=\"number\">\n                                            330                                        <\/p>\n                                                                                <p class=\"post\">\n                                            GWh consumo energ\u00e9tico                                        <\/p>\n                                                                    <\/li>\n                                                        <li>\n                                                                        <p class=\"pre\">\n                                            +                                        <\/p>\n                                                                                <p class=\"number\">\n                                            4200                                        <\/p>\n                                                                                <p class=\"post\">\n                                            CUPS                                        <\/p>\n                                                                    <\/li>\n                                                        <li>\n                                                                        <p class=\"pre\">\n                                            +                                        <\/p>\n                                                                                <p class=\"number\">\n                                            20000                                        <\/p>\n                                                                                <p class=\"post\">\n                                            Dispositivos con telemedida                                        <\/p>\n                                                                    <\/li>\n                                            <\/ul>\n                    <\/m-cyphers-basic>\n\n    \n\n\n<m-wysiwig class=\"wp-block-components-wysiwyg\"><div slot=\"maincontent\">\n<p>A trav\u00e9s de los contratos de servicios energ\u00e9ticos generamos importantes mejoras para nuestros clientes tales como:<\/p>\n\n\n\n<ul class=\"wp-block-list\">\n<li><strong>Econ\u00f3micos:<\/strong> reducci\u00f3n de costes directos e indirectos, financiaci\u00f3n de inversiones y estabilidad presupuestaria.<\/li>\n\n\n\n<li><strong>Operativos:<\/strong> transmisi\u00f3n de riesgos operativos, pago por resultados y gesti\u00f3n eficiente.<\/li>\n\n\n\n<li><strong>Medioambientales:<\/strong> reducci\u00f3n de emisiones y utilizaci\u00f3n de energ\u00edas renovables<\/li>\n<\/ul>\n\n\n\n<h2 class=\"wp-block-heading\">Nuestra actividad como empresa de servicios energ\u00e9ticos<\/h2>\n<\/div><\/m-wysiwig>\n\n\n    <m-multiple-distributor columns='3'>\n                            <div class=\"card\">\n                                                <img decoding=\"async\" src=\"https:\/\/static.ferrovial.com\/wp-content\/uploads\/2023\/03\/07221702\/alumbrado-publico-gran-via-ferrovial-energy-solutions-600x800.jpg\" alt=\"\" position=\"center center\" \/>\n                                                        <p class=\"name\">Alumbrado p\u00fablico<\/p>\n                                                                    <p class=\"description\">Descripci\u00f3n por defecto<\/p>\n                                                    <\/div>\n                                        <div class=\"card\">\n                                                <img decoding=\"async\" src=\"https:\/\/static.ferrovial.com\/wp-content\/uploads\/2021\/04\/12125054\/nuevo-edificio-metro-madrid-construido-por-ferrovial-600x422.jpg\" alt=\"edificio metro d emadrid construido por ferrovial\" position=\"center center\" \/>\n                                                        <p class=\"name\">Gesti\u00f3n Energ\u00e9tica de Edificios e Instalaciones<\/p>\n                                                                    <p class=\"description\">Descripci\u00f3n por defecto<\/p>\n                                                    <\/div>\n                                        <div class=\"card\">\n                                                <img decoding=\"async\" src=\"https:\/\/static.ferrovial.com\/wp-content\/uploads\/2023\/03\/22162437\/gestion-energetica-en-hospitales-de-energy-solutions-600x602.png\" alt=\"Gestion energetica en Hospitales de Energy Solutions\" position=\"center center\" \/>\n                                                        <p class=\"name\">Gesti\u00f3n Energ\u00e9tica en Hospitales<\/p>\n                                                                    <p class=\"description\">Descripci\u00f3n por defecto<\/p>\n                                                    <\/div>\n                                        <div class=\"card\">\n                                                <img decoding=\"async\" src=\"https:\/\/static.ferrovial.com\/wp-content\/uploads\/2023\/03\/07221501\/autoconsumo-gabriel-y-galan-ferrovial-energy-solutions-600x777.jpg\" alt=\"Autoconsumo Ferrovial Energy Solutions\" position=\"center center\" \/>\n                                                        <p class=\"name\">Autoconsumo<\/p>\n                                                                    <p class=\"description\">Descripci\u00f3n por defecto<\/p>\n                                                    <\/div>\n                                        <div class=\"card\">\n                                                <img decoding=\"async\" src=\"https:\/\/static.ferrovial.com\/wp-content\/uploads\/2023\/03\/22162407\/redes-de-calor-de-energy-solutions-600x800.jpeg\" alt=\"Redes de calor de Energy Solutions\" position=\"center center\" \/>\n                                                        <p class=\"name\">Redes de calor<\/p>\n                                                                    <p class=\"description\">Descripci\u00f3n por defecto<\/p>\n                                                    <\/div>\n                                        <div class=\"card\">\n                                                <img decoding=\"async\" src=\"https:\/\/static.ferrovial.com\/wp-content\/uploads\/2023\/03\/07221634\/alumbrado-publico-ferrovial-energy-solutions-madrid-scaled-e1678200083486-600x800.jpg\" alt=\"Alumbrado_Publico_Ferrovial_Energy_Solutions_Madrid\" position=\"center bottom\" \/>\n                                                        <p class=\"name\">Infraestructuras de recarga de veh\u00edculos<\/p>\n                                                                    <p class=\"description\">Descripci\u00f3n por defecto<\/p>\n                                                    <\/div>\n                        <\/m-multiple-distributor>\n\n    ","protected":false},"excerpt":{"rendered":"","protected":false},"featured_media":0,"parent":245816,"menu_order":0,"comment_status":"closed","ping_status":"closed","template":"","meta":{"_acf_changed":false,"footnotes":""},"class_list":["post-219592","page","type-page","status-publish","hentry"],"acf":[],"yoast_head":"<!-- This site is optimized with the Yoast SEO plugin v27.2 - https:\/\/yoast.com\/product\/yoast-seo-wordpress\/ -->\n<title>Eficiencia Energ\u00e9tica - Ferrovial<\/title>\n<meta name=\"description\" content=\"Welcome to the Ferrovial&#039;s website, global operator of sustainable infrastructure. Here you can find all the information about the company and subsidiaries.\" \/>\n<meta name=\"robots\" content=\"index, follow, max-snippet:-1, max-image-preview:large, max-video-preview:-1\" \/>\n<link rel=\"canonical\" href=\"https:\/\/www.ferrovial.com\/es-es\/ferrovial-energia\/que-hacemos\/eficiencia-energetica\/\" \/>\n<meta property=\"og:locale\" content=\"es_ES\" \/>\n<meta property=\"og:type\" content=\"article\" \/>\n<meta property=\"og:title\" content=\"Eficiencia Energ\u00e9tica - Ferrovial\" \/>\n<meta property=\"og:description\" content=\"Welcome to the Ferrovial&#039;s website, global operator of sustainable infrastructure. Here you can find all the information about the company and subsidiaries.\" \/>\n<meta property=\"og:url\" content=\"https:\/\/www.ferrovial.com\/es-es\/ferrovial-energia\/que-hacemos\/eficiencia-energetica\/\" \/>\n<meta property=\"og:site_name\" content=\"Ferrovial\" \/>\n<meta property=\"article:publisher\" content=\"https:\/\/www.facebook.com\/ferrovial\" \/>\n<meta property=\"article:modified_time\" content=\"2024-10-01T10:38:41+00:00\" \/>\n<meta name=\"twitter:card\" content=\"summary_large_image\" \/>\n<meta name=\"twitter:site\" content=\"@ferrovial\" \/>\n<meta name=\"twitter:label1\" content=\"Tiempo de lectura\" \/>\n\t<meta name=\"twitter:data1\" content=\"1 minuto\" \/>\n<!-- \/ Yoast SEO plugin. -->","yoast_head_json":{"title":"Eficiencia Energ\u00e9tica - Ferrovial","description":"Welcome to the Ferrovial's website, global operator of sustainable infrastructure. Here you can find all the information about the company and subsidiaries.","robots":{"index":"index","follow":"follow","max-snippet":"max-snippet:-1","max-image-preview":"max-image-preview:large","max-video-preview":"max-video-preview:-1"},"canonical":"https:\/\/www.ferrovial.com\/es-es\/ferrovial-energia\/que-hacemos\/eficiencia-energetica\/","og_locale":"es_ES","og_type":"article","og_title":"Eficiencia Energ\u00e9tica - Ferrovial","og_description":"Welcome to the Ferrovial's website, global operator of sustainable infrastructure. Here you can find all the information about the company and subsidiaries.","og_url":"https:\/\/www.ferrovial.com\/es-es\/ferrovial-energia\/que-hacemos\/eficiencia-energetica\/","og_site_name":"Ferrovial","article_publisher":"https:\/\/www.facebook.com\/ferrovial","article_modified_time":"2024-10-01T10:38:41+00:00","twitter_card":"summary_large_image","twitter_site":"@ferrovial","twitter_misc":{"Tiempo de lectura":"1 minuto"},"schema":{"@context":"https:\/\/schema.org","@graph":[{"@type":"WebPage","@id":"https:\/\/www.ferrovial.com\/es-es\/ferrovial-energia\/que-hacemos\/eficiencia-energetica\/","url":"https:\/\/www.ferrovial.com\/es-es\/ferrovial-energia\/que-hacemos\/eficiencia-energetica\/","name":"Eficiencia Energ\u00e9tica - Ferrovial","isPartOf":{"@id":"https:\/\/www.ferrovial.com\/es-es\/#website"},"datePublished":"2022-03-24T12:46:27+00:00","dateModified":"2024-10-01T10:38:41+00:00","description":"Welcome to the Ferrovial's website, global operator of sustainable infrastructure. Here you can find all the information about the company and subsidiaries.","breadcrumb":{"@id":"https:\/\/www.ferrovial.com\/es-es\/ferrovial-energia\/que-hacemos\/eficiencia-energetica\/#breadcrumb"},"inLanguage":"es","potentialAction":[{"@type":"ReadAction","target":["https:\/\/www.ferrovial.com\/es-es\/ferrovial-energia\/que-hacemos\/eficiencia-energetica\/"]}]},{"@type":"BreadcrumbList","@id":"https:\/\/www.ferrovial.com\/es-es\/ferrovial-energia\/que-hacemos\/eficiencia-energetica\/#breadcrumb","itemListElement":[{"@type":"ListItem","position":1,"name":"Portada","item":"https:\/\/www.ferrovial.com\/es-es\/"},{"@type":"ListItem","position":2,"name":"Ferrovial Energ\u00eda","item":"https:\/\/www.ferrovial.com\/es-es\/ferrovial-energia\/"},{"@type":"ListItem","position":3,"name":"Qu\u00e9 hacemos en Ferrovial Energ\u00eda","item":"https:\/\/www.ferrovial.com\/es-es\/ferrovial-energia\/que-hacemos\/"},{"@type":"ListItem","position":4,"name":"Eficiencia Energ\u00e9tica"}]},{"@type":"WebSite","@id":"https:\/\/www.ferrovial.com\/es-es\/#website","url":"https:\/\/www.ferrovial.com\/es-es\/","name":"Ferrovial","description":"Welcome to the Ferrovial&#039;s website, global operator of sustainable infrastructure. Here you can find all the information about the company and subsidiaries.","publisher":{"@id":"https:\/\/www.ferrovial.com\/es-es\/#organization"},"potentialAction":[{"@type":"SearchAction","target":{"@type":"EntryPoint","urlTemplate":"https:\/\/www.ferrovial.com\/es-es\/?s={search_term_string}"},"query-input":{"@type":"PropertyValueSpecification","valueRequired":true,"valueName":"search_term_string"}}],"inLanguage":"es"},{"@type":"Organization","@id":"https:\/\/www.ferrovial.com\/es-es\/#organization","name":"Ferrovial S.A.","url":"https:\/\/www.ferrovial.com\/es-es\/","logo":{"@type":"ImageObject","inLanguage":"es","@id":"https:\/\/www.ferrovial.com\/es-es\/#\/schema\/logo\/image\/","url":"https:\/\/static.ferrovial.com\/wp-content\/uploads\/2020\/01\/13124948\/logo-ferrovial-cf7.png","contentUrl":"https:\/\/static.ferrovial.com\/wp-content\/uploads\/2020\/01\/13124948\/logo-ferrovial-cf7.png","width":144,"height":32,"caption":"Ferrovial S.A."},"image":{"@id":"https:\/\/www.ferrovial.com\/es-es\/#\/schema\/logo\/image\/"},"sameAs":["https:\/\/www.facebook.com\/ferrovial","https:\/\/x.com\/ferrovial","https:\/\/www.instagram.com\/ferrovial\/","https:\/\/www.linkedin.com\/company\/ferrovial","https:\/\/www.pinterest.es\/ferrovial\/","https:\/\/www.youtube.com\/ferrovial","https:\/\/en.wikipedia.org\/wiki\/Ferrovial"]}]}},"_links":{"self":[{"href":"https:\/\/www.ferrovial.com\/es-es\/wp-json\/wp\/v2\/pages\/219592","targetHints":{"allow":["GET"]}}],"collection":[{"href":"https:\/\/www.ferrovial.com\/es-es\/wp-json\/wp\/v2\/pages"}],"about":[{"href":"https:\/\/www.ferrovial.com\/es-es\/wp-json\/wp\/v2\/types\/page"}],"replies":[{"embeddable":true,"href":"https:\/\/www.ferrovial.com\/es-es\/wp-json\/wp\/v2\/comments?post=219592"}],"version-history":[{"count":4,"href":"https:\/\/www.ferrovial.com\/es-es\/wp-json\/wp\/v2\/pages\/219592\/revisions"}],"predecessor-version":[{"id":288902,"href":"https:\/\/www.ferrovial.com\/es-es\/wp-json\/wp\/v2\/pages\/219592\/revisions\/288902"}],"up":[{"embeddable":true,"href":"https:\/\/www.ferrovial.com\/es-es\/wp-json\/wp\/v2\/pages\/245816"}],"wp:attachment":[{"href":"https:\/\/www.ferrovial.com\/es-es\/wp-json\/wp\/v2\/media?parent=219592"}],"curies":[{"name":"wp","href":"https:\/\/api.w.org\/{rel}","templated":true}]}}