{"id":219608,"date":"2022-03-24T12:14:15","date_gmt":"2022-03-24T11:14:15","guid":{"rendered":"https:\/\/www.ferrovial.com\/f-construccion\/generacion-de-energia-renovable\/"},"modified":"2026-02-10T16:41:45","modified_gmt":"2026-02-10T15:41:45","slug":"generacion-de-energia-renovable","status":"publish","type":"page","link":"https:\/\/www.ferrovial.com\/es-es\/ferrovial-energia\/que-hacemos\/generacion-de-energia-renovable\/","title":{"rendered":"Generaci\u00f3n de energ\u00eda renovable"},"content":{"rendered":"    <m-final-content-header bgimage='https:\/\/static.ferrovial.com\/wp-content\/uploads\/2022\/12\/13223753\/planta-solar-fotovoltaica-el-berrocal-solar-pv.jpg'>\n            <c-breadcrumb label-text=\"Breadcrumb\" slot=\"breadcrumbs\" type='2' align='left' wrap='wrapped wrapped' aria-label='Vienes de Qu\u00e9 hacemos en Ferrovial Energ\u00eda'>\n                        <ol>\n\n                                                            <li><a href=\"https:\/\/www.ferrovial.com\/es-es\/\" title=\"Ferrovial\">Ferrovial<\/a><\/li>\n                                                                        <li><a href=\"https:\/\/www.ferrovial.com\/es\/ferrovial-energia\/\" title=\"Ferrovial Energ\u00eda\">Ferrovial Energ\u00eda<\/a><\/li>\n                                                                        <li><a href=\"https:\/\/www.ferrovial.com\/es\/ferrovial-energia\/que-hacemos\/\" title=\"Qu\u00e9 hacemos en Ferrovial Energ\u00eda\">Qu\u00e9 hacemos en Ferrovial Energ\u00eda<\/a><\/li>\n                                    \n                <\/ol>\n\n                <\/c-breadcrumb>\n    \n        <div slot=\"header\">\n            <h1>\n                Generaci\u00f3n de energ\u00eda renovable            <\/h1>\n                    <\/div>\n    <\/m-final-content-header>\n\n    \n\n\n<m-wysiwig class=\"wp-block-components-wysiwyg\"><div slot=\"maincontent\">    <p class=\"intro\">Desarrollamos soluciones integrales en el sector de la energ\u00eda. Uno de nuestros objetivos fundamentales es llevar a cabo proyectos de generaci\u00f3n de energ\u00eda renovable en todos los pa\u00edses en los que operamos, con el fin de agilizar la transici\u00f3n energ\u00e9tica.<\/p>\n    \n\n\n<p>Nuestra divisi\u00f3n de<strong> Generaci\u00f3n de Energ\u00eda proporciona proyecto<\/strong>s llave en mano para facilitar el desarrollo, la ingenier\u00eda, la construcci\u00f3n, la puesta en marcha y la operaci\u00f3n de plantas de energ\u00eda renovables. &nbsp;<\/p>\n<\/div><\/m-wysiwig>\n\n\n    <m-cyphers-basic>\n                        <div slot=\"head\">\n                                                <h2>\n                                Generaci\u00f3n Energ\u00eda                            <\/h2>\n                                                        <h3>\n                                Datos destacados                            <\/h3>\n                                                            <p>\n                                    Descripci\u00f3n por defecto                                <\/p>\n                                            <\/div>\n                                <ul slot=\"cyphers\">\n                                                <li>\n                                                                        <p class=\"number\">\n                                            50                                        <\/p>\n                                                                                <p class=\"post\">\n                                            MWp en construcci\u00f3n                                        <\/p>\n                                                                    <\/li>\n                                                        <li>\n                                                                        <p class=\"pre\">\n                                            Generaci\u00f3n\/a\u00f1o                                        <\/p>\n                                                                                <p class=\"number\">\n                                            104                                        <\/p>\n                                                                                <p class=\"post\">\n                                            GWh                                        <\/p>\n                                                                    <\/li>\n                                                        <li>\n                                                                        <p class=\"pre\">\n                                            Evitamos                                        <\/p>\n                                                                                <p class=\"number\">\n                                            1,37M                                        <\/p>\n                                                                                <p class=\"post\">\n                                            de T de CO2                                        <\/p>\n                                                                    <\/li>\n                                            <\/ul>\n                    <\/m-cyphers-basic>\n\n    \n\n\n<m-wysiwig class=\"wp-block-components-wysiwyg\"><div slot=\"maincontent\">\n<h2 class=\"wp-block-heading\">La generaci\u00f3n de energ\u00edas renovables<\/h2>\n\n\n\n<p>La <strong>apuesta por las energ\u00edas renovables es clave en el camino de reducir el impacto que la actividad humana<\/strong> est\u00e1 provocando sobre el medioambiente, contribuyendo as\u00ed a la lucha contra el cambio clim\u00e1tico. &nbsp;Por ello, enfocamos nuestros esfuerzos en dise\u00f1ar, construir y operar <strong>parques e\u00f3licos, plantas de energ\u00eda solar fotovoltaica, sistemas de almacenamiento de energ\u00eda y plantas de producci\u00f3n de hidr\u00f3geno verde<\/strong>.<\/p>\n\n\n\n<p>Nuestra actividad se resume en cuatro \u00e1reas:<\/p>\n\n\n\n<ul class=\"wp-block-list\">\n<li><strong>Ingenier\u00eda:<\/strong> nuestros servicios incluyen desde la realizaci\u00f3n de estudios preliminares hasta los estudios de producci\u00f3n, la identificaci\u00f3n de ubicaciones y, trabajos de ingenier\u00eda b\u00e1sica y de detalle.<\/li>\n\n\n\n<li><strong>Construcci\u00f3n:<\/strong> nuestra experiencia en la gesti\u00f3n de proyectos est\u00e1 basada en una serie de principios que se resumen en trabajar orientados hacia el \u00e9xito del proyecto: excelente coordinaci\u00f3n de las compras, los procesos de construcci\u00f3n, la gesti\u00f3n de la calidad, el seguimiento de la planificaci\u00f3n y el cumplimiento de los plazos, todo ello adem\u00e1s con una filosof\u00eda que integra la seguridad y salud como un elemento vertebrador.<\/li>\n\n\n\n<li><strong>Puesta en marcha: <\/strong>incluye, entre otros, los servicios de pruebas en fr\u00edo de la instalaci\u00f3n, su energizaci\u00f3n, pruebas en caliente, termograf\u00edas y la realizaci\u00f3n de las pruebas de rendimiento y funcionamiento previas a la operaci\u00f3n comercial.<\/li>\n\n\n\n<li><strong>Operaci\u00f3n y mantenimiento:<\/strong> incluye los servicios de mantenimiento predictivo y preventivo, la optimizaci\u00f3n de la producci\u00f3n, el mantenimiento correctivo y la operaci\u00f3n de la planta mediante la monitorizaci\u00f3n continua de todos los registros de la instalaci\u00f3n. &nbsp;<\/li>\n<\/ul>\n\n\n\n<h2 class=\"wp-block-heading\">Valores y garant\u00edas<\/h2>\n\n\n\n<p>Nuestra oferta de servicios para llevar a cabo <strong>proyectos de energ\u00edas renovables en modalidad llave en mano<\/strong> se adapta a las necesidades de cada cliente, pero cuenta siempre con unos elementos comunes: un equipo con m\u00e1s de 15 a\u00f1os en el sector y m\u00e1s de 2GW de experiencia acumulada, y la necesaria combinaci\u00f3n entre conocimiento local y experiencia internacional.<\/p>\n\n\n\n<p>A estos valores a\u00f1adimos un f\u00e9rreo compromiso por mantener los est\u00e1ndares de salud y seguridad y la garant\u00eda de gestionar correctamente los plazos y los presupuestos dando el m\u00e1s alto nivel de performance de la planta.<\/p>\n<\/div><\/m-wysiwig>\n","protected":false},"excerpt":{"rendered":"","protected":false},"featured_media":0,"parent":245816,"menu_order":0,"comment_status":"closed","ping_status":"closed","template":"","meta":{"_acf_changed":false,"footnotes":""},"class_list":["post-219608","page","type-page","status-publish","hentry"],"acf":[],"yoast_head":"<!-- This site is optimized with the Yoast SEO plugin v27.2 - https:\/\/yoast.com\/product\/yoast-seo-wordpress\/ -->\n<title>Generaci\u00f3n de energ\u00eda renovable - Ferrovial<\/title>\n<meta name=\"description\" content=\"Welcome to the Ferrovial&#039;s website, global operator of sustainable infrastructure. Here you can find all the information about the company and subsidiaries.\" \/>\n<meta name=\"robots\" content=\"index, follow, max-snippet:-1, max-image-preview:large, max-video-preview:-1\" \/>\n<link rel=\"canonical\" href=\"https:\/\/www.ferrovial.com\/es-es\/ferrovial-energia\/que-hacemos\/generacion-de-energia-renovable\/\" \/>\n<meta property=\"og:locale\" content=\"es_ES\" \/>\n<meta property=\"og:type\" content=\"article\" \/>\n<meta property=\"og:title\" content=\"Generaci\u00f3n de energ\u00eda renovable - Ferrovial\" \/>\n<meta property=\"og:description\" content=\"Welcome to the Ferrovial&#039;s website, global operator of sustainable infrastructure. Here you can find all the information about the company and subsidiaries.\" \/>\n<meta property=\"og:url\" content=\"https:\/\/www.ferrovial.com\/es-es\/ferrovial-energia\/que-hacemos\/generacion-de-energia-renovable\/\" \/>\n<meta property=\"og:site_name\" content=\"Ferrovial\" \/>\n<meta property=\"article:publisher\" content=\"https:\/\/www.facebook.com\/ferrovial\" \/>\n<meta property=\"article:modified_time\" content=\"2026-02-10T15:41:45+00:00\" \/>\n<meta name=\"twitter:card\" content=\"summary_large_image\" \/>\n<meta name=\"twitter:site\" content=\"@ferrovial\" \/>\n<meta name=\"twitter:label1\" content=\"Tiempo de lectura\" \/>\n\t<meta name=\"twitter:data1\" content=\"2 minutos\" \/>\n<!-- \/ Yoast SEO plugin. -->","yoast_head_json":{"title":"Generaci\u00f3n de energ\u00eda renovable - Ferrovial","description":"Welcome to the Ferrovial's website, global operator of sustainable infrastructure. Here you can find all the information about the company and subsidiaries.","robots":{"index":"index","follow":"follow","max-snippet":"max-snippet:-1","max-image-preview":"max-image-preview:large","max-video-preview":"max-video-preview:-1"},"canonical":"https:\/\/www.ferrovial.com\/es-es\/ferrovial-energia\/que-hacemos\/generacion-de-energia-renovable\/","og_locale":"es_ES","og_type":"article","og_title":"Generaci\u00f3n de energ\u00eda renovable - Ferrovial","og_description":"Welcome to the Ferrovial's website, global operator of sustainable infrastructure. Here you can find all the information about the company and subsidiaries.","og_url":"https:\/\/www.ferrovial.com\/es-es\/ferrovial-energia\/que-hacemos\/generacion-de-energia-renovable\/","og_site_name":"Ferrovial","article_publisher":"https:\/\/www.facebook.com\/ferrovial","article_modified_time":"2026-02-10T15:41:45+00:00","twitter_card":"summary_large_image","twitter_site":"@ferrovial","twitter_misc":{"Tiempo de lectura":"2 minutos"},"schema":{"@context":"https:\/\/schema.org","@graph":[{"@type":"WebPage","@id":"https:\/\/www.ferrovial.com\/es-es\/ferrovial-energia\/que-hacemos\/generacion-de-energia-renovable\/","url":"https:\/\/www.ferrovial.com\/es-es\/ferrovial-energia\/que-hacemos\/generacion-de-energia-renovable\/","name":"Generaci\u00f3n de energ\u00eda renovable - Ferrovial","isPartOf":{"@id":"https:\/\/www.ferrovial.com\/es-es\/#website"},"datePublished":"2022-03-24T11:14:15+00:00","dateModified":"2026-02-10T15:41:45+00:00","description":"Welcome to the Ferrovial's website, global operator of sustainable infrastructure. Here you can find all the information about the company and subsidiaries.","breadcrumb":{"@id":"https:\/\/www.ferrovial.com\/es-es\/ferrovial-energia\/que-hacemos\/generacion-de-energia-renovable\/#breadcrumb"},"inLanguage":"es","potentialAction":[{"@type":"ReadAction","target":["https:\/\/www.ferrovial.com\/es-es\/ferrovial-energia\/que-hacemos\/generacion-de-energia-renovable\/"]}]},{"@type":"BreadcrumbList","@id":"https:\/\/www.ferrovial.com\/es-es\/ferrovial-energia\/que-hacemos\/generacion-de-energia-renovable\/#breadcrumb","itemListElement":[{"@type":"ListItem","position":1,"name":"Portada","item":"https:\/\/www.ferrovial.com\/es-es\/"},{"@type":"ListItem","position":2,"name":"Ferrovial Energ\u00eda","item":"https:\/\/www.ferrovial.com\/es-es\/ferrovial-energia\/"},{"@type":"ListItem","position":3,"name":"Qu\u00e9 hacemos en Ferrovial Energ\u00eda","item":"https:\/\/www.ferrovial.com\/es-es\/ferrovial-energia\/que-hacemos\/"},{"@type":"ListItem","position":4,"name":"Generaci\u00f3n de energ\u00eda renovable"}]},{"@type":"WebSite","@id":"https:\/\/www.ferrovial.com\/es-es\/#website","url":"https:\/\/www.ferrovial.com\/es-es\/","name":"Ferrovial","description":"Welcome to the Ferrovial&#039;s website, global operator of sustainable infrastructure. Here you can find all the information about the company and subsidiaries.","publisher":{"@id":"https:\/\/www.ferrovial.com\/es-es\/#organization"},"potentialAction":[{"@type":"SearchAction","target":{"@type":"EntryPoint","urlTemplate":"https:\/\/www.ferrovial.com\/es-es\/?s={search_term_string}"},"query-input":{"@type":"PropertyValueSpecification","valueRequired":true,"valueName":"search_term_string"}}],"inLanguage":"es"},{"@type":"Organization","@id":"https:\/\/www.ferrovial.com\/es-es\/#organization","name":"Ferrovial S.A.","url":"https:\/\/www.ferrovial.com\/es-es\/","logo":{"@type":"ImageObject","inLanguage":"es","@id":"https:\/\/www.ferrovial.com\/es-es\/#\/schema\/logo\/image\/","url":"https:\/\/static.ferrovial.com\/wp-content\/uploads\/2020\/01\/13124948\/logo-ferrovial-cf7.png","contentUrl":"https:\/\/static.ferrovial.com\/wp-content\/uploads\/2020\/01\/13124948\/logo-ferrovial-cf7.png","width":144,"height":32,"caption":"Ferrovial S.A."},"image":{"@id":"https:\/\/www.ferrovial.com\/es-es\/#\/schema\/logo\/image\/"},"sameAs":["https:\/\/www.facebook.com\/ferrovial","https:\/\/x.com\/ferrovial","https:\/\/www.instagram.com\/ferrovial\/","https:\/\/www.linkedin.com\/company\/ferrovial","https:\/\/www.pinterest.es\/ferrovial\/","https:\/\/www.youtube.com\/ferrovial","https:\/\/en.wikipedia.org\/wiki\/Ferrovial"]}]}},"_links":{"self":[{"href":"https:\/\/www.ferrovial.com\/es-es\/wp-json\/wp\/v2\/pages\/219608","targetHints":{"allow":["GET"]}}],"collection":[{"href":"https:\/\/www.ferrovial.com\/es-es\/wp-json\/wp\/v2\/pages"}],"about":[{"href":"https:\/\/www.ferrovial.com\/es-es\/wp-json\/wp\/v2\/types\/page"}],"replies":[{"embeddable":true,"href":"https:\/\/www.ferrovial.com\/es-es\/wp-json\/wp\/v2\/comments?post=219608"}],"version-history":[{"count":3,"href":"https:\/\/www.ferrovial.com\/es-es\/wp-json\/wp\/v2\/pages\/219608\/revisions"}],"predecessor-version":[{"id":324319,"href":"https:\/\/www.ferrovial.com\/es-es\/wp-json\/wp\/v2\/pages\/219608\/revisions\/324319"}],"up":[{"embeddable":true,"href":"https:\/\/www.ferrovial.com\/es-es\/wp-json\/wp\/v2\/pages\/245816"}],"wp:attachment":[{"href":"https:\/\/www.ferrovial.com\/es-es\/wp-json\/wp\/v2\/media?parent=219608"}],"curies":[{"name":"wp","href":"https:\/\/api.w.org\/{rel}","templated":true}]}}