{"id":226939,"date":"2022-06-15T13:07:07","date_gmt":"2022-06-15T11:07:07","guid":{"rendered":"https:\/\/www.ferrovial.com\/?page_id=226939"},"modified":"2025-06-11T12:50:45","modified_gmt":"2025-06-11T10:50:45","slug":"programa-cumplimiento","status":"publish","type":"page","link":"https:\/\/www.ferrovial.com\/es-es\/sostenibilidad\/etica\/programa-cumplimiento\/","title":{"rendered":"Programa de Cumplimiento de Ferrovial"},"content":{"rendered":"    <m-final-content-header >\n            <c-breadcrumb label-text=\"Breadcrumb\" slot=\"breadcrumbs\" type='2' align='left' wrap='wrapped wrapped' aria-label='Vienes de \u00c9tica'>\n                        <ol>\n\n                                                            <li><a href=\"https:\/\/www.ferrovial.com\/es-es\/\" title=\"Ferrovial\">Ferrovial<\/a><\/li>\n                                                                        <li><a href=\"https:\/\/www.ferrovial.com\/es\/sostenibilidad\/\" title=\"Sostenibilidad\">Sostenibilidad<\/a><\/li>\n                                                                        <li><a href=\"https:\/\/www.ferrovial.com\/es\/sostenibilidad\/etica\/\" title=\"\u00c9tica\">\u00c9tica<\/a><\/li>\n                                    \n                <\/ol>\n\n                <\/c-breadcrumb>\n    \n        <div slot=\"header\">\n            <h1>\n                Programa de Cumplimiento de Ferrovial            <\/h1>\n                    <\/div>\n    <\/m-final-content-header>\n\n    \n\n\n<m-wysiwig class=\"wp-block-components-wysiwyg\"><div slot=\"maincontent\">    <p class=\"intro\">El Programa de Cumplimiento de Ferrovial establece nuestros valores corporativos (Respeto, Excelencia, Integridad, Colaboraci\u00f3n e Innovaci\u00f3n) y los traduce en pol\u00edticas y procedimientos activos que ayudan a guiar nuestra forma de hacer negocios y de relacionarnos con el mundo que nos rodea. <\/p>\n    \n\n\n<h2 class=\"wp-block-heading\"><strong><strong>La \u00e9tica y el cumplimiento comienzan en la cima<\/strong><\/strong><\/h2>\n\n\n\n<p>El Consejo de Administraci\u00f3n de Ferrovial, por medio de la Comisi\u00f3n de Auditor\u00eda y Control, supervisa el Programa de Cumplimiento y las cuestiones \u00e9ticas de Ferrovial. El Consejo ha delegado la gesti\u00f3n diaria de esta funci\u00f3n al Departamento de Cumplimiento, liderado por la Directora de Cumplimiento.<\/p>\n\n\n\n<p>La Directora de Cumplimiento reporta peri\u00f3dicamente a la Comisi\u00f3n de Auditor\u00eda y Control y al Consejo de Administraci\u00f3n sobre la efectividad del Programa de Cumplimiento, incluyendo las comunicaciones recibidas a trav\u00e9s del Canal \u00c9tico y la ejecuci\u00f3n de los planes de formaci\u00f3n y concienciaci\u00f3n.<\/p>\n\n\n\n<h2 class=\"wp-block-heading\"><strong><strong>Programa basado en el riesgo<\/strong><\/strong><\/h2>\n\n\n\n<p>Ferrovial lleva a cabo peri\u00f3dicamente una evaluaci\u00f3n de riesgos de todas las actividades del Grupo. Los riesgos se eval\u00faan de acuerdo con las mejores pr\u00e1cticas internacionales. Los resultados de dicha evaluaci\u00f3n de riesgos se presentan al Comit\u00e9 de Auditor\u00eda y Control y al Consejo de Administraci\u00f3n con motivo de la supervisi\u00f3n y actualizaci\u00f3n continua del Programa de Cumplimiento.<\/p>\n\n\n\n<h2 class=\"wp-block-heading\"><strong><strong>C\u00f3digo de \u00c9tica y Conducta Empresarial<\/strong><\/strong><\/h2>\n\n\n\n<p>El C\u00f3digo de \u00c9tica y Conducta Empresarial de Ferrovial es el n\u00facleo del Programa de Cumplimiento y refleja el compromiso de Ferrovial con sus valores corporativos (<strong>Respeto, Excelencia, Integridad, Colaboraci\u00f3n e Innovaci\u00f3n<\/strong>). Para hacer m\u00e1s efectivos sus valores, Ferrovial los convierte en <a href=\"https:\/\/www.ferrovial.com\/es-es\/politicas-corporativas\/\">pol\u00edticas y procedimientos tangibles<\/a>, bas\u00e1ndose para ello en tres principios clave: <strong>integridad, respeto a la ley y respeto a los derechos humanos<\/strong>. Estos principios son la base de las operaciones globales de Ferrovial y son fundamentales en el \u00e1mbito del Programa de Cumplimiento.<\/p>\n\n\n\n<h2 class=\"wp-block-heading\"><strong><strong>La Pol\u00edtica Anticorrupci\u00f3n<\/strong><\/strong><\/h2>\n\n\n\n<p>En la Pol\u00edtica Anticorrupci\u00f3n, Ferrovial establece normas para el comportamiento de nuestros empleados, directivos y administradores de Ferrovial, as\u00ed como de los terceros con los que nos relacionamos, bajo el principio de \u00ab<strong>tolerancia cero<\/strong>\u00bb ante cualquier pr\u00e1ctica que pueda ser considerada corrupci\u00f3n o soborno. La pol\u00edtica exige el cumplimiento de todas las leyes anticorrupci\u00f3n aplicables e insta a denunciar cualquier infracci\u00f3n de la legislaci\u00f3n o de la pol\u00edtica, bajo la protecci\u00f3n de cualquier tipo de represalia.<\/p>\n\n\n\n<h2 class=\"wp-block-heading\"><strong><strong><strong>Integridad de terceros<\/strong><\/strong><\/strong><\/h2>\n\n\n\n<p>Ferrovial exige un comportamiento acorde con los m\u00e1s altos est\u00e1ndares \u00e9ticos no s\u00f3lo a sus directivos, empleados y administradores, sino tambi\u00e9n a los terceros con los que nos relacionamos. Este requisito se pone en pr\u00e1ctica a trav\u00e9s de un conjunto de pol\u00edticas y procedimientos clave como, el procedimiento de Diligencia Debida de Integridad \u00c9tica de Terceros, el Procedimiento para la Aprobaci\u00f3n y Seguimiento de Proyectos de Patrocinio, Mecenazgo o Donaciones, la Pol\u00edtica de Regalos y Gastos de Representaci\u00f3n, la Pol\u00edtica de Lobby y Contribuciones Pol\u00edticas, la Pol\u00edtica de Sanciones, Control de Exportaciones y Antiboicot.<\/p>\n\n\n\n<h2 class=\"wp-block-heading\"><strong>Plan de formaci\u00f3n y concienciaci\u00f3n<\/strong><\/h2>\n\n\n\n<p>Los empleados y colaboradores de Ferrovial deben conocer y cumplir el contenido del C\u00f3digo de \u00c9tica y Conducta Empresarial y las pol\u00edticas internas de la compa\u00f1\u00eda. La Direcci\u00f3n de Cumplimiento, dise\u00f1a y ejecuta un plan de formaci\u00f3n y concienciaci\u00f3n con objeto de formar a los empleados de Ferrovial, incluidos los empleados a tiempo parcial, en todas las jurisdicciones en las que Ferrovial opera.<\/p>\n\n\n\n<h2 class=\"wp-block-heading\"><strong><strong>Canal \u00c9tico<\/strong><\/strong><\/h2>\n\n\n\n<p>El C\u00f3digo de \u00c9tica y Conducta Empresarial de Ferrovial obliga a comunicar cualquier incumplimiento de la legislaci\u00f3n o de las pol\u00edticas internas, bajo la protecci\u00f3n del informante de cualquier tipo de represalia. La Pol\u00edtica del Canal \u00c9tico y de gesti\u00f3n de Consultas, Quejas y Denuncias asigna funciones y responsabilidades y establece los principios para la gesti\u00f3n de las distintas consultas, dudas o reclamaciones planteadas por cualquier medio. En concreto, Ferrovial promueve el&nbsp;<a href=\"https:\/\/ferrovialethicsline.whistleblowernetwork.net\/\">Canal \u00c9tico<\/a>, un sistema confidencial al que se puede acceder por la intranet o a trav\u00e9s de la p\u00e1gina web corporativa, y, si el informante as\u00ed lo desea, de forma an\u00f3nima.<\/p>\n\n\n\n<p>El tipo de comunicaciones recibidas durante el \u00faltimo ejercicio ha sido el siguiente:<\/p>\n\n\n\n<figure class=\"wp-block-table\"><table class=\"has-fixed-layout\"><tbody><tr><td><strong>Tipo de Comunicaci\u00f3n<\/strong><\/td><td><strong>2024<\/strong><\/td><\/tr><tr><td><strong>Asuntos de RRHH<\/strong><\/td><td>105<\/td><\/tr><tr><td>Mala conducta<\/td><td>42<\/td><\/tr><tr><td>Asuntos laborales<\/td><td>5<\/td><\/tr><tr><td>Discriminaci\u00f3n<\/td><td>6<\/td><\/tr><tr><td>Acoso<\/td><td>52<\/td><\/tr><tr><td><strong>Seguridad, Salud y Bienestar<\/strong><\/td><td>22<\/td><\/tr><tr><td><strong>Fraude y Corrupci\u00f3n<\/strong><\/td><td>10*<\/td><\/tr><tr><td><strong>Medio Ambiente<\/strong><\/td><td>1<\/td><\/tr><tr><td><strong>Protecci\u00f3n de Datos<\/strong><\/td><td>0<\/td><\/tr><tr><td><strong>Uso de informaci\u00f3n privilegiada<\/strong><\/td><td>0<\/td><\/tr><tr><td><strong>Blanqueo de Capitales<\/strong><\/td><td>0<\/td><\/tr><tr><td><strong>Conflicto de inter\u00e9s<\/strong><\/td><td>8<\/td><\/tr><tr><td><strong>Otros<\/strong><\/td><td>35**<\/td><\/tr><tr><td><strong>TOTAL<\/strong><\/td><td>181<\/td><\/tr><\/tbody><\/table><\/figure>\n\n\n\n<p>*Las comunicaciones est\u00e1n relacionadas con fraude o apropiaci\u00f3n indebida por parte de empleados o colaboradores de la empresa. No se han reportado casos de posible soborno o tr\u00e1fico de influencias que involucren a empresas del Grupo.<\/p>\n\n\n\n<p>** Otros, incluyen facturas impagadas, asuntos inform\u00e1ticos y asuntos no relacionados con el Canal \u00c9tico.<\/p>\n\n\n\n<h2 class=\"wp-block-heading\">Certificaciones&nbsp;<\/h2>\n\n\n\n<p>Ferrovial dispone de un Programa de Cumplimiento destinado a fomentar una cultura de \u00e9tica empresarial y asegurar que las actividades se desarrollen de acuerdo con los m\u00e1s altos est\u00e1ndares de integridad.<\/p>\n\n\n\n<p>Ferrovial, SE, Sucursal en Espa\u00f1a est\u00e1 certificada por AENOR (Asociaci\u00f3n Espa\u00f1ola de Normalizaci\u00f3n y Certificaci\u00f3n) con las normas de referencia UNE 19601 \u00abSistema de gesti\u00f3n para el cumplimiento penal\u00bb y UNE-ISO 37001 \u00abSistemas de gesti\u00f3n antisoborno\u00bb, y Ferrovial SE est\u00e1 certificada bajo la norma UNE 19602 \u00abGesti\u00f3n del cumplimiento tributario\u00bb.<\/p>\n\n\n\n<ul class=\"wp-block-list\">\n<li>UNE 19601 \u2013 <a href=\"https:\/\/static.ferrovial.com\/wp-content\/uploads\/2024\/06\/26132414\/certificadogcp-2019-0013-es-2024-06-07.pdf\" target=\"_blank\" rel=\"noreferrer noopener\">Sistema de Gesti\u00f3n de Compliance Penal<\/a><\/li>\n\n\n\n<li>UNE 19602 \u2013 <a href=\"https:\/\/static.ferrovial.com\/wp-content\/uploads\/2024\/12\/04163254\/certificadogct-2021-0002-es-2024-03-18.pdf\" target=\"_blank\" rel=\"noreferrer noopener\">Sistema de Gesti\u00f3n de Compliance Tributario<\/a><\/li>\n\n\n\n<li>ISO UNE 37001- <a href=\"https:\/\/static.ferrovial.com\/wp-content\/uploads\/2024\/06\/26132441\/certificadoemaaso-2019-0001-es-2024-06-07.pdf\" target=\"_blank\" rel=\"noreferrer noopener\">Sistema de Gesti\u00f3n Antisoborno<\/a><\/li>\n<\/ul>\n<\/div><\/m-wysiwig>\n","protected":false},"excerpt":{"rendered":"","protected":false},"featured_media":0,"parent":113091,"menu_order":0,"comment_status":"closed","ping_status":"closed","template":"","meta":{"_acf_changed":false,"footnotes":""},"class_list":["post-226939","page","type-page","status-publish","hentry"],"acf":[],"yoast_head":"<!-- This site is optimized with the Yoast SEO plugin v27.2 - https:\/\/yoast.com\/product\/yoast-seo-wordpress\/ -->\n<title>Programa de Cumplimiento de Ferrovial - Ferrovial<\/title>\n<meta name=\"description\" content=\"Welcome to the Ferrovial&#039;s website, global operator of sustainable infrastructure. Here you can find all the information about the company and subsidiaries.\" \/>\n<meta name=\"robots\" content=\"index, follow, max-snippet:-1, max-image-preview:large, max-video-preview:-1\" \/>\n<link rel=\"canonical\" href=\"https:\/\/www.ferrovial.com\/es-es\/sostenibilidad\/etica\/programa-cumplimiento\/\" \/>\n<meta property=\"og:locale\" content=\"es_ES\" \/>\n<meta property=\"og:type\" content=\"article\" \/>\n<meta property=\"og:title\" content=\"Programa de Cumplimiento de Ferrovial - Ferrovial\" \/>\n<meta property=\"og:description\" content=\"Welcome to the Ferrovial&#039;s website, global operator of sustainable infrastructure. Here you can find all the information about the company and subsidiaries.\" \/>\n<meta property=\"og:url\" content=\"https:\/\/www.ferrovial.com\/es-es\/sostenibilidad\/etica\/programa-cumplimiento\/\" \/>\n<meta property=\"og:site_name\" content=\"Ferrovial\" \/>\n<meta property=\"article:publisher\" content=\"https:\/\/www.facebook.com\/ferrovial\" \/>\n<meta property=\"article:modified_time\" content=\"2025-06-11T10:50:45+00:00\" \/>\n<meta name=\"twitter:card\" content=\"summary_large_image\" \/>\n<meta name=\"twitter:site\" content=\"@ferrovial\" \/>\n<meta name=\"twitter:label1\" content=\"Tiempo de lectura\" \/>\n\t<meta name=\"twitter:data1\" content=\"4 minutos\" \/>\n<!-- \/ Yoast SEO plugin. -->","yoast_head_json":{"title":"Programa de Cumplimiento de Ferrovial - Ferrovial","description":"Welcome to the Ferrovial's website, global operator of sustainable infrastructure. Here you can find all the information about the company and subsidiaries.","robots":{"index":"index","follow":"follow","max-snippet":"max-snippet:-1","max-image-preview":"max-image-preview:large","max-video-preview":"max-video-preview:-1"},"canonical":"https:\/\/www.ferrovial.com\/es-es\/sostenibilidad\/etica\/programa-cumplimiento\/","og_locale":"es_ES","og_type":"article","og_title":"Programa de Cumplimiento de Ferrovial - Ferrovial","og_description":"Welcome to the Ferrovial's website, global operator of sustainable infrastructure. Here you can find all the information about the company and subsidiaries.","og_url":"https:\/\/www.ferrovial.com\/es-es\/sostenibilidad\/etica\/programa-cumplimiento\/","og_site_name":"Ferrovial","article_publisher":"https:\/\/www.facebook.com\/ferrovial","article_modified_time":"2025-06-11T10:50:45+00:00","twitter_card":"summary_large_image","twitter_site":"@ferrovial","twitter_misc":{"Tiempo de lectura":"4 minutos"},"schema":{"@context":"https:\/\/schema.org","@graph":[{"@type":"WebPage","@id":"https:\/\/www.ferrovial.com\/es-es\/sostenibilidad\/etica\/programa-cumplimiento\/","url":"https:\/\/www.ferrovial.com\/es-es\/sostenibilidad\/etica\/programa-cumplimiento\/","name":"Programa de Cumplimiento de Ferrovial - Ferrovial","isPartOf":{"@id":"https:\/\/www.ferrovial.com\/es-es\/#website"},"datePublished":"2022-06-15T11:07:07+00:00","dateModified":"2025-06-11T10:50:45+00:00","description":"Welcome to the Ferrovial's website, global operator of sustainable infrastructure. Here you can find all the information about the company and subsidiaries.","breadcrumb":{"@id":"https:\/\/www.ferrovial.com\/es-es\/sostenibilidad\/etica\/programa-cumplimiento\/#breadcrumb"},"inLanguage":"es","potentialAction":[{"@type":"ReadAction","target":["https:\/\/www.ferrovial.com\/es-es\/sostenibilidad\/etica\/programa-cumplimiento\/"]}]},{"@type":"BreadcrumbList","@id":"https:\/\/www.ferrovial.com\/es-es\/sostenibilidad\/etica\/programa-cumplimiento\/#breadcrumb","itemListElement":[{"@type":"ListItem","position":1,"name":"Portada","item":"https:\/\/www.ferrovial.com\/es-es\/"},{"@type":"ListItem","position":2,"name":"Sostenibilidad","item":"https:\/\/www.ferrovial.com\/es-es\/sostenibilidad\/"},{"@type":"ListItem","position":3,"name":"\u00c9tica","item":"https:\/\/www.ferrovial.com\/es-es\/sostenibilidad\/etica\/"},{"@type":"ListItem","position":4,"name":"Programa de Cumplimiento de Ferrovial"}]},{"@type":"WebSite","@id":"https:\/\/www.ferrovial.com\/es-es\/#website","url":"https:\/\/www.ferrovial.com\/es-es\/","name":"Ferrovial","description":"Welcome to the Ferrovial&#039;s website, global operator of sustainable infrastructure. Here you can find all the information about the company and subsidiaries.","publisher":{"@id":"https:\/\/www.ferrovial.com\/es-es\/#organization"},"potentialAction":[{"@type":"SearchAction","target":{"@type":"EntryPoint","urlTemplate":"https:\/\/www.ferrovial.com\/es-es\/?s={search_term_string}"},"query-input":{"@type":"PropertyValueSpecification","valueRequired":true,"valueName":"search_term_string"}}],"inLanguage":"es"},{"@type":"Organization","@id":"https:\/\/www.ferrovial.com\/es-es\/#organization","name":"Ferrovial S.A.","url":"https:\/\/www.ferrovial.com\/es-es\/","logo":{"@type":"ImageObject","inLanguage":"es","@id":"https:\/\/www.ferrovial.com\/es-es\/#\/schema\/logo\/image\/","url":"https:\/\/static.ferrovial.com\/wp-content\/uploads\/2020\/01\/13124948\/logo-ferrovial-cf7.png","contentUrl":"https:\/\/static.ferrovial.com\/wp-content\/uploads\/2020\/01\/13124948\/logo-ferrovial-cf7.png","width":144,"height":32,"caption":"Ferrovial S.A."},"image":{"@id":"https:\/\/www.ferrovial.com\/es-es\/#\/schema\/logo\/image\/"},"sameAs":["https:\/\/www.facebook.com\/ferrovial","https:\/\/x.com\/ferrovial","https:\/\/www.instagram.com\/ferrovial\/","https:\/\/www.linkedin.com\/company\/ferrovial","https:\/\/www.pinterest.es\/ferrovial\/","https:\/\/www.youtube.com\/ferrovial","https:\/\/en.wikipedia.org\/wiki\/Ferrovial"]}]}},"_links":{"self":[{"href":"https:\/\/www.ferrovial.com\/es-es\/wp-json\/wp\/v2\/pages\/226939","targetHints":{"allow":["GET"]}}],"collection":[{"href":"https:\/\/www.ferrovial.com\/es-es\/wp-json\/wp\/v2\/pages"}],"about":[{"href":"https:\/\/www.ferrovial.com\/es-es\/wp-json\/wp\/v2\/types\/page"}],"replies":[{"embeddable":true,"href":"https:\/\/www.ferrovial.com\/es-es\/wp-json\/wp\/v2\/comments?post=226939"}],"version-history":[{"count":3,"href":"https:\/\/www.ferrovial.com\/es-es\/wp-json\/wp\/v2\/pages\/226939\/revisions"}],"predecessor-version":[{"id":307240,"href":"https:\/\/www.ferrovial.com\/es-es\/wp-json\/wp\/v2\/pages\/226939\/revisions\/307240"}],"up":[{"embeddable":true,"href":"https:\/\/www.ferrovial.com\/es-es\/wp-json\/wp\/v2\/pages\/113091"}],"wp:attachment":[{"href":"https:\/\/www.ferrovial.com\/es-es\/wp-json\/wp\/v2\/media?parent=226939"}],"curies":[{"name":"wp","href":"https:\/\/api.w.org\/{rel}","templated":true}]}}