{"id":245767,"date":"2023-01-02T09:41:26","date_gmt":"2023-01-02T08:41:26","guid":{"rendered":"https:\/\/www.ferrovial.com\/negocio\/infraestructuras-energeticas\/"},"modified":"2026-02-26T00:04:12","modified_gmt":"2026-02-25T23:04:12","slug":"energia","status":"publish","type":"page","link":"https:\/\/www.ferrovial.com\/es-es\/negocio\/energia\/","title":{"rendered":"Energ\u00eda"},"content":{"rendered":"    <m-hero type='reduced' :translations='{\n        &quot;play&quot;:&quot;Reproducir v\u00eddeo de fondo&quot;,\n        &quot;pause&quot;:&quot;Pausar v\u00eddeo de fondo&quot;,\n        &quot;prev&quot;:&quot;Anterior&quot;,\n        &quot;next&quot;:&quot;Siguiente&quot;,\n        &quot;paginationseparator&quot;:&quot;de&quot;,\n        &quot;goto&quot;:&quot;Ir al slide&quot;,\n        &quot;external&quot;:&quot;Abrir una nueva ventana&quot;\n    }'>\n            <c-breadcrumb label-text=\"Breadcrumb\" slot=\"breadcrumbs\" type='1' align='left left' wrap='wrapped wrapped' aria-label='Vienes de Negocios'>\n                        <ol>\n\n                                                            <li><a href=\"https:\/\/www.ferrovial.com\/es-es\/\" title=\"Ferrovial\">Ferrovial<\/a><\/li>\n                                                                        <li><a href=\"https:\/\/www.ferrovial.com\/es\/negocio\/\" title=\"Negocios\">Negocios<\/a><\/li>\n                                    \n                <\/ol>\n\n                <\/c-breadcrumb>\n    \n                        <div slot=\"carouselItem\">\n                            <c-background-video :sources=\"['https:\/\/static.ferrovial.com\/wp-content\/uploads\/2020\/01\/13131317\/13-power-lines-a_1-1.mp4']\" position=\"center center\" poster=\"https:\/\/static.ferrovial.com\/wp-content\/uploads\/2019\/12\/13132008\/power-infrastructure-airports.jpg\" :translations=\"{&quot;play&quot;:&quot;Reproducir v\u00eddeo de fondo&quot;,&quot;pause&quot;:&quot;Pausar v\u00eddeo de fondo&quot;}\"><\/c-background-video>\n                        <\/div>\n        <section slot=\"hero\">\n            <article>\n                                        <h1>\n                            Energ\u00eda                        <\/h1>\n                                                <p>Descripci\u00f3n por defecto<\/p>\n                                    <\/article>\n        <\/section>\n    <\/m-hero>\n\n    \n\n    <m-introduction-subhome type='primary' pathfront='1' pathback='2' icon='centro-competencia-energia-facility-management'>\n        <img decoding=\"async\" class=\"dots hidden\" slot=\"bg\" src=\"https:\/\/www.ferrovial.com\/wp-content\/themes\/global\/front\/dist\/static\/img\/dots.svg\" alt=\"\" \/>\n                        <p slot=\"description\">\n                    Desarrollamos, construimos e invertimos en infraestructuras energ\u00e9ticas que alimentan las redes el\u00e9ctricas, refuerzan la resiliencia y aceleran la transici\u00f3n hacia una electricidad m\u00e1s limpia en todo el mundo.                <\/p>\n                    <\/m-introduction-subhome>\n    \n\n               \n    <m-text-media class='image-right' bgcolor='white'>\n        <div class=\"m-text-media__text_content\" slot=\"content\">\n            <h3 class=\"title\" slot=\"title\">Soluciones energ\u00e9ticas avanzadas<\/h3>                            <div class=\"description\" slot=\"description\">\n                    <p>Desde energ&iacute;a solar a gran escala hasta redes de transmisi&oacute;n avanzadas, estamos ayudando a satisfacer la creciente demanda de los pa&iacute;ses de energ&iacute;a renovable y segura. Nuestro enfoque integrado combina inversi&oacute;n estrat&eacute;gica, dise&ntilde;o innovador, excelencia en la construcci&oacute;n y gesti&oacute;n de activos a largo plazo para llevar a cabo proyectos que abastecen de energ&iacute;a a las comunidades y protegen el medio ambiente.<\/p>\n<p>Con este modelo integrado y unas inversiones bien planificadas, junto con la filial <a href=\"https:\/\/www.ferrovial.com\/es\/ferrovial-energia\/\">Ferrovial Energ&iacute;a<\/a>, ayudamos a los clientes a crear infraestructuras energ&eacute;ticas resilientes, eficientes y preparadas para el futuro.<\/p>                <\/div>\n                                <\/div>\n        <div class=\"m-text-media__text_image\" slot=\"image\">\n\n            \n                                    <picture>\n                        <source media=\"(max-width: 667px)\" srcset=\"https:\/\/static.ferrovial.com\/wp-content\/uploads\/2026\/02\/03112616\/leon-southern-half-of-the-southern-half-554x355px.jpg\">\n                        <source media=\"(max-width: 1023px)\" srcset=\"https:\/\/static.ferrovial.com\/wp-content\/uploads\/2026\/02\/03112616\/leon-southern-half-of-the-southern-half-554x355px.jpg\">\n                        <img decoding=\"async\" class=\"m-text-media__background-image\" src=\"https:\/\/static.ferrovial.com\/wp-content\/uploads\/2026\/02\/03112616\/leon-southern-half-of-the-southern-half-554x355px.jpg\" alt=\"\" style=\"object-position: center center;\">\n                    <\/picture>\n                \n            \n        <\/div>\n    <\/m-text-media>\n\n    \n\n\n<m-wysiwig class=\"wp-block-components-wysiwyg\"><div slot=\"maincontent\">\n<h2 class=\"wp-block-heading has-text-align-center\">Nuestro trabajo en Energ\u00eda<\/h2>\n\n\n\n<p class=\"has-text-align-center\">Nuestros equipos aportan una profunda experiencia t\u00e9cnica y un pensamiento innovador a las infraestructuras energ\u00e9ticas de todo el mundo. Adem\u00e1s, contamos con varias filiales especializadas en diferentes \u00e1reas, como <a href=\"http:\/\/In addition, we have several subsidiaries specializing in different areas, such as Webber, Siemsa, and bxf energia.\">Webber<\/a>, <a href=\"https:\/\/www.ferrovial.com\/es-es\/siemsa\/\">Siemsa<\/a>, y <a href=\"https:\/\/bxfenergia.pl\/en\/\">bxf energia<\/a>.<\/p>\n<\/div><\/m-wysiwig>\n\n\n    <m-multiple-distributor columns='3'>\n                            <div class=\"card\">\n                                                <img decoding=\"async\" src=\"https:\/\/static.ferrovial.com\/wp-content\/uploads\/2025\/10\/15172136\/02-planta-solar-milam-texas.jpg\" alt=\"\" position=\"center center\" \/>\n                                                        <p class=\"name\">Energ\u00eda de confianza<\/p>\n                                                                    <p class=\"description\">Descripci\u00f3n por defecto<\/p>\n                                                    <\/div>\n                                        <div class=\"card\">\n                                                <img decoding=\"async\" src=\"https:\/\/static.ferrovial.com\/wp-content\/uploads\/2026\/01\/09133423\/energy-system-1-800x600.jpg\" alt=\"\" position=\"center center\" \/>\n                                                        <p class=\"name\">Transmisi\u00f3n<\/p>\n                                                                    <p class=\"description\">Descripci\u00f3n por defecto<\/p>\n                                                    <\/div>\n                                        <div class=\"card\">\n                                                <img decoding=\"async\" src=\"https:\/\/static.ferrovial.com\/wp-content\/uploads\/2026\/01\/09133850\/energy-storage-800x600.jpg\" alt=\"\" position=\"center center\" \/>\n                                                        <p class=\"name\">Soluciones de energ\u00eda<\/p>\n                                                                    <p class=\"description\">Descripci\u00f3n por defecto<\/p>\n                                                    <\/div>\n                        <\/m-multiple-distributor>\n\n    \n\n    <m-distributor-brands-extended>\n                        <h3 slot=\"title\">\n                    Proyectos energ\u00e9ticos destacados                <\/h3>\n                                    <a slot='card' href='https:\/\/www.ferrovial.com\/en\/business\/projects\/solar-photovoltaic-plant-el-berrocal\/' title='El Berrocal Solar PV' target='_blank'>\n                        <h3>\n                            El Berrocal Solar PV                        <\/h3>\n                                                        <p>\n                                    Instalaci\u00f3n de 49,9 MWp que abastece a 29.800 hogares y reduce las emisiones de CO\u2082 en 16.672 toneladas al a\u00f1o\n                                <\/p>\n                                                                <label>\n                                    Ver m\u00e1s                                <\/label>\n                                                        <c-masked-image path='3' src='https:\/\/static.ferrovial.com\/wp-content\/uploads\/2022\/12\/13223729\/planta-solar-fotovoltaica-de-ferrovial-el-berrocal-solar-pv-350x350.jpg'>\n\t\t\t\t\t\t<\/c-masked-image>\n                    <\/a>\n                                        <a slot='card' href='https:\/\/newsroom.ferrovial.com\/en\/press-releases\/ferrovial-acquires-a-257mwdc-pv-project-in-texas\/' title='Leon County Solar PV' target='_blank'>\n                        <h3>\n                            Leon County Solar PV                        <\/h3>\n                                                        <p>\n                                    Planta solar de 257 MWdc que abastece a 36 000 hogares y reduce 195 000 toneladas de CO\u2082 al a\u00f1o.\n                                <\/p>\n                                                                <label>\n                                    Ver m\u00e1s                                <\/label>\n                                                        <c-masked-image path='3' src='https:\/\/static.ferrovial.com\/wp-content\/uploads\/2026\/02\/03111259\/leon-easterly-view-down-cr-250-350x350.jpg'>\n\t\t\t\t\t\t<\/c-masked-image>\n                    <\/a>\n                                        <a slot='card' href='https:\/\/newsroom.ferrovial.com\/en-us\/press-releases\/ferrovial-acquires-a-257mwdc-pv-project-in-texas\/' title='Planta de Liberty Solar' target='_blank'>\n                        <h3>\n                            Planta de Liberty Solar                        <\/h3>\n                                                        <p>\n                                    Construcci\u00f3n de una PV de 72 MW con almacenamiento en bater\u00edas de 60 MW dise\u00f1ada para abastecer de energ\u00eda a 9500 hogares\n                                <\/p>\n                                                                <label>\n                                    Ver m\u00e1s                                <\/label>\n                                                        <c-masked-image path='3' src='https:\/\/static.ferrovial.com\/wp-content\/uploads\/2022\/12\/13223658\/el-berrocal-solar-pv-planta-solar-fotovoltaica-350x350.jpg'>\n\t\t\t\t\t\t<\/c-masked-image>\n                    <\/a>\n                        <\/m-distributor-brands-extended>\n\n    \n\n\n<hr class=\"wp-block-separator has-text-color has-white-color has-alpha-channel-opacity has-white-background-color has-background\"\/>\n\n\n\n<hr class=\"wp-block-separator has-text-color has-white-color has-alpha-channel-opacity has-white-background-color has-background\"\/>\n\n\n\n<hr class=\"wp-block-separator has-text-color has-white-color has-alpha-channel-opacity has-white-background-color has-background\"\/>\n\n\n               \n    <m-button >\n        <div class=\"m-button__text_content align-center\" slot=\"content\">\n                            <a class=\"c-button c-button--primary c-button--padding-s noTouch\" \n                   href=\"https:\/\/www.ferrovial.com\/en\/business-lines\/projects\/\" \n                   aria-label=\"Explora m\u00e1s proyectos\"\n                   >\n                    <div class=\"c-button__text\">\n                        Explora m\u00e1s proyectos                    <\/div>\n                <\/a>\n                    <\/div>\n    <\/m-button>\n\n    \n\n\n<m-wysiwig class=\"wp-block-components-wysiwyg\"><div slot=\"maincontent\">\n<h2 class=\"wp-block-heading has-text-align-center\">Desarrollo energ\u00e9tico de confianza\u202f<\/h2>\n\n\n\n<p class=\"has-text-align-center\">Nuestros equipos combinan experiencia con innovaci\u00f3n, conocimientos t\u00e9cnicos y esp\u00edritu de colaboraci\u00f3n para llevar a cabo proyectos de infraestructura de primer nivel con resultados duraderos.\u202f<\/p>\n<\/div><\/m-wysiwig>\n\n\n               \n    <m-button >\n        <div class=\"m-button__text_content align-center\" slot=\"content\">\n                            <a class=\"c-button c-button--primary c-button--padding-s noTouch\" \n                   href=\"https:\/\/www.ferrovial.com\/en\/contact\/\" \n                   aria-label=\"Cont\u00e1ctanos\"\n                   >\n                    <div class=\"c-button__text\">\n                        Cont\u00e1ctanos                    <\/div>\n                <\/a>\n                    <\/div>\n    <\/m-button>\n\n    \n\n    <m-distributor-news color='gray' >\n                        <h2 slot=\"title\">\u00daltimas noticias<\/h2>\n                                <c-link slot=\"link\" icon=\"external\" external=\"true\">\n                    <a href='https:\/\/newsroom.ferrovial.com\/es\/' title='Sala de prensa' target='_blank' sr-only='Open new window'>Sala de prensa<\/a>\n                <\/c-link>\n                                        <div slot=\"report\">\n                            <h3><a href=\"https:\/\/newsroom.ferrovial.com\/es\/notas-prensa\/ferrovial-desarrollara-una-planta-solar-de-250-mw-en-el-condado-de-milam-texas\/\" target='_blank' title=\"Ferrovial desarrollar\u00e1 una planta solar de 250 MW en el condado de Milam, Texas\">Ferrovial desarrollar\u00e1 una planta solar de 250 MW en el condado de Milam, Texas<\/a><\/h3>\n                                                                <span>26\/08\/2025<\/span>\n                                                                        <ul>\n                                        <li>Notas de prensa<\/li>\n                                    <\/ul>\n                                                            <\/div>\n                                                <div slot=\"report\">\n                            <h3><a href=\"https:\/\/newsroom.ferrovial.com\/es\/notas-prensa\/ferrovial-construira-tres-plantas-fotovoltaicas-en-murcia-con-capacidad-para-abastecer-a-30-500-hogares\/\" target='_blank' title=\"Ferrovial construir\u00e1 tres plantas fotovoltaicas en Murcia con capacidad para abastecer a 30.500 hogares\">Ferrovial construir\u00e1 tres plantas fotovoltaicas en Murcia con capacidad para abastecer a 30.500 hogares<\/a><\/h3>\n                                                                <span>02\/07\/2025<\/span>\n                                                                        <ul>\n                                        <li>Notas de prensa<\/li>\n                                    <\/ul>\n                                                            <\/div>\n                                                <div slot=\"report\">\n                            <h3><a href=\"https:\/\/newsroom.ferrovial.com\/es\/notas-prensa\/ferrovial-y-dh-ecoenergias-zamora-inauguran-una-red-de-calor-renovable-en-zamora\/\" target='_blank' title=\"Ferrovial y DH Ecoenerg\u00edas Zamora inauguran una red de calor renovable en Zamora\">Ferrovial y DH Ecoenerg\u00edas Zamora inauguran una red de calor renovable en Zamora<\/a><\/h3>\n                                                                <span>14\/05\/2025<\/span>\n                                                                        <ul>\n                                        <li>Notas de prensa<\/li>\n                                    <\/ul>\n                                                            <\/div>\n                                                <div slot=\"report\">\n                            <h3><a href=\"https:\/\/newsroom.ferrovial.com\/es\/notas-prensa\/ferrovial-adquiere-un-proyecto-fotovoltaico-de-257mwp-en-texas\/\" target='_blank' title=\"Ferrovial adquiere un proyecto fotovoltaico de 257MWp en Texas que dar\u00e1 servicio a 36.000 hogares\">Ferrovial adquiere un proyecto fotovoltaico de 257MWp en Texas que dar\u00e1 servicio a 36.000 hogares<\/a><\/h3>\n                                                                <span>28\/05\/2024<\/span>\n                                                                        <ul>\n                                        <li>Notas de prensa<\/li>\n                                    <\/ul>\n                                                            <\/div>\n                            <\/m-distributor-news>\n    \n\n    <m-annual-report :whitetext='false' :gutenberg='true'>\n                        <p slot=\"cta\">\n                    Ver las cifras destacadas de Energ\u00eda en 2025                <\/p>\n                \n                        <c-button href='https:\/\/informeanualintegrado2025.ferrovial.com\/en\/' title='Accede al Informe Anual Integrado' slot='cta' disabled='false' type='ghost-positive-alt' target='_blank' rel='noopener' >\n                Accede al Informe Anual Integrado                <span class=\"sr-only\">Abrir en una nueva pesta\u00f1a<\/span>\n                                <\/c-button>\n                \n        \n            <ul slot=\"cypher\">\n\n                                            <li>\n                                                                        <h3>\n                                            Energ\u00eda solar fotovoltaica                                        <\/h3>\n                                        \n                                <div>\n                                    <span><\/span><span >550<\/span><span>MW<\/span>\n                                <\/div>\n\n                                                                        <span>\n                                            en construcci\u00f3n o en funcionamiento                                        <\/span>\n                                                                    <\/li>\n                                                    <li>\n                                                                        <h3>\n                                            L\u00edneas de transmisi\u00f3n                                        <\/h3>\n                                        \n                                <div>\n                                    <span><\/span><span >924<\/span><span>Km<\/span>\n                                <\/div>\n\n                                                                        <span>\n                                            en funcionamiento                                        <\/span>\n                                                                    <\/li>\n                        \n            <\/ul>\n            <\/m-annual-report>\n\n    ","protected":false},"excerpt":{"rendered":"","protected":false},"featured_media":0,"parent":112973,"menu_order":0,"comment_status":"closed","ping_status":"closed","template":"","meta":{"_acf_changed":false,"footnotes":""},"class_list":["post-245767","page","type-page","status-publish","hentry"],"acf":[],"yoast_head":"<!-- This site is optimized with the Yoast SEO plugin v27.2 - https:\/\/yoast.com\/product\/yoast-seo-wordpress\/ -->\n<title>Energ\u00eda - Ferrovial<\/title>\n<meta name=\"description\" content=\"Welcome to the Ferrovial&#039;s website, global operator of sustainable infrastructure. Here you can find all the information about the company and subsidiaries.\" \/>\n<meta name=\"robots\" content=\"index, follow, max-snippet:-1, max-image-preview:large, max-video-preview:-1\" \/>\n<link rel=\"canonical\" href=\"https:\/\/www.ferrovial.com\/es-es\/negocio\/energia\/\" \/>\n<meta property=\"og:locale\" content=\"es_ES\" \/>\n<meta property=\"og:type\" content=\"article\" \/>\n<meta property=\"og:title\" content=\"Energ\u00eda - Ferrovial\" \/>\n<meta property=\"og:description\" content=\"Welcome to the Ferrovial&#039;s website, global operator of sustainable infrastructure. Here you can find all the information about the company and subsidiaries.\" \/>\n<meta property=\"og:url\" content=\"https:\/\/www.ferrovial.com\/es-es\/negocio\/energia\/\" \/>\n<meta property=\"og:site_name\" content=\"Ferrovial\" \/>\n<meta property=\"article:publisher\" content=\"https:\/\/www.facebook.com\/ferrovial\" \/>\n<meta property=\"article:modified_time\" content=\"2026-02-25T23:04:12+00:00\" \/>\n<meta property=\"og:image\" content=\"https:\/\/www.ferrovial.com\/wp-content\/themes\/global\/front\/dist\/static\/img\/dots.svg\" \/>\n<meta name=\"twitter:card\" content=\"summary_large_image\" \/>\n<meta name=\"twitter:site\" content=\"@ferrovial\" \/>\n<meta name=\"twitter:label1\" content=\"Tiempo de lectura\" \/>\n\t<meta name=\"twitter:data1\" content=\"1 minuto\" \/>\n<!-- \/ Yoast SEO plugin. -->","yoast_head_json":{"title":"Energ\u00eda - Ferrovial","description":"Welcome to the Ferrovial's website, global operator of sustainable infrastructure. Here you can find all the information about the company and subsidiaries.","robots":{"index":"index","follow":"follow","max-snippet":"max-snippet:-1","max-image-preview":"max-image-preview:large","max-video-preview":"max-video-preview:-1"},"canonical":"https:\/\/www.ferrovial.com\/es-es\/negocio\/energia\/","og_locale":"es_ES","og_type":"article","og_title":"Energ\u00eda - Ferrovial","og_description":"Welcome to the Ferrovial's website, global operator of sustainable infrastructure. Here you can find all the information about the company and subsidiaries.","og_url":"https:\/\/www.ferrovial.com\/es-es\/negocio\/energia\/","og_site_name":"Ferrovial","article_publisher":"https:\/\/www.facebook.com\/ferrovial","article_modified_time":"2026-02-25T23:04:12+00:00","og_image":[{"url":"https:\/\/www.ferrovial.com\/wp-content\/themes\/global\/front\/dist\/static\/img\/dots.svg","type":"","width":"","height":""}],"twitter_card":"summary_large_image","twitter_site":"@ferrovial","twitter_misc":{"Tiempo de lectura":"1 minuto"},"schema":{"@context":"https:\/\/schema.org","@graph":[{"@type":"WebPage","@id":"https:\/\/www.ferrovial.com\/es-es\/negocio\/energia\/","url":"https:\/\/www.ferrovial.com\/es-es\/negocio\/energia\/","name":"Energ\u00eda - Ferrovial","isPartOf":{"@id":"https:\/\/www.ferrovial.com\/es-es\/#website"},"primaryImageOfPage":{"@id":"https:\/\/www.ferrovial.com\/es-es\/negocio\/energia\/#primaryimage"},"image":{"@id":"https:\/\/www.ferrovial.com\/es-es\/negocio\/energia\/#primaryimage"},"thumbnailUrl":"https:\/\/www.ferrovial.com\/wp-content\/themes\/global\/front\/dist\/static\/img\/dots.svg","datePublished":"2023-01-02T08:41:26+00:00","dateModified":"2026-02-25T23:04:12+00:00","description":"Welcome to the Ferrovial's website, global operator of sustainable infrastructure. Here you can find all the information about the company and subsidiaries.","breadcrumb":{"@id":"https:\/\/www.ferrovial.com\/es-es\/negocio\/energia\/#breadcrumb"},"inLanguage":"es","potentialAction":[{"@type":"ReadAction","target":["https:\/\/www.ferrovial.com\/es-es\/negocio\/energia\/"]}]},{"@type":"ImageObject","inLanguage":"es","@id":"https:\/\/www.ferrovial.com\/es-es\/negocio\/energia\/#primaryimage","url":"https:\/\/www.ferrovial.com\/wp-content\/themes\/global\/front\/dist\/static\/img\/dots.svg","contentUrl":"https:\/\/www.ferrovial.com\/wp-content\/themes\/global\/front\/dist\/static\/img\/dots.svg"},{"@type":"BreadcrumbList","@id":"https:\/\/www.ferrovial.com\/es-es\/negocio\/energia\/#breadcrumb","itemListElement":[{"@type":"ListItem","position":1,"name":"Portada","item":"https:\/\/www.ferrovial.com\/es-es\/"},{"@type":"ListItem","position":2,"name":"Negocios","item":"https:\/\/www.ferrovial.com\/es-es\/negocio\/"},{"@type":"ListItem","position":3,"name":"Energ\u00eda"}]},{"@type":"WebSite","@id":"https:\/\/www.ferrovial.com\/es-es\/#website","url":"https:\/\/www.ferrovial.com\/es-es\/","name":"Ferrovial","description":"Welcome to the Ferrovial&#039;s website, global operator of sustainable infrastructure. Here you can find all the information about the company and subsidiaries.","publisher":{"@id":"https:\/\/www.ferrovial.com\/es-es\/#organization"},"potentialAction":[{"@type":"SearchAction","target":{"@type":"EntryPoint","urlTemplate":"https:\/\/www.ferrovial.com\/es-es\/?s={search_term_string}"},"query-input":{"@type":"PropertyValueSpecification","valueRequired":true,"valueName":"search_term_string"}}],"inLanguage":"es"},{"@type":"Organization","@id":"https:\/\/www.ferrovial.com\/es-es\/#organization","name":"Ferrovial S.A.","url":"https:\/\/www.ferrovial.com\/es-es\/","logo":{"@type":"ImageObject","inLanguage":"es","@id":"https:\/\/www.ferrovial.com\/es-es\/#\/schema\/logo\/image\/","url":"https:\/\/static.ferrovial.com\/wp-content\/uploads\/2020\/01\/13124948\/logo-ferrovial-cf7.png","contentUrl":"https:\/\/static.ferrovial.com\/wp-content\/uploads\/2020\/01\/13124948\/logo-ferrovial-cf7.png","width":144,"height":32,"caption":"Ferrovial S.A."},"image":{"@id":"https:\/\/www.ferrovial.com\/es-es\/#\/schema\/logo\/image\/"},"sameAs":["https:\/\/www.facebook.com\/ferrovial","https:\/\/x.com\/ferrovial","https:\/\/www.instagram.com\/ferrovial\/","https:\/\/www.linkedin.com\/company\/ferrovial","https:\/\/www.pinterest.es\/ferrovial\/","https:\/\/www.youtube.com\/ferrovial","https:\/\/en.wikipedia.org\/wiki\/Ferrovial"]}]}},"_links":{"self":[{"href":"https:\/\/www.ferrovial.com\/es-es\/wp-json\/wp\/v2\/pages\/245767","targetHints":{"allow":["GET"]}}],"collection":[{"href":"https:\/\/www.ferrovial.com\/es-es\/wp-json\/wp\/v2\/pages"}],"about":[{"href":"https:\/\/www.ferrovial.com\/es-es\/wp-json\/wp\/v2\/types\/page"}],"replies":[{"embeddable":true,"href":"https:\/\/www.ferrovial.com\/es-es\/wp-json\/wp\/v2\/comments?post=245767"}],"version-history":[{"count":3,"href":"https:\/\/www.ferrovial.com\/es-es\/wp-json\/wp\/v2\/pages\/245767\/revisions"}],"predecessor-version":[{"id":325396,"href":"https:\/\/www.ferrovial.com\/es-es\/wp-json\/wp\/v2\/pages\/245767\/revisions\/325396"}],"up":[{"embeddable":true,"href":"https:\/\/www.ferrovial.com\/es-es\/wp-json\/wp\/v2\/pages\/112973"}],"wp:attachment":[{"href":"https:\/\/www.ferrovial.com\/es-es\/wp-json\/wp\/v2\/media?parent=245767"}],"curies":[{"name":"wp","href":"https:\/\/api.w.org\/{rel}","templated":true}]}}