{"id":245784,"date":"2023-01-02T10:42:53","date_gmt":"2023-01-02T09:42:53","guid":{"rendered":"https:\/\/www.ferrovial.com\/?page_id=245784"},"modified":"2026-03-13T11:56:35","modified_gmt":"2026-03-13T10:56:35","slug":"ferrovial-energia","status":"publish","type":"page","link":"https:\/\/www.ferrovial.com\/es-es\/ferrovial-energia\/","title":{"rendered":"Ferrovial Energ\u00eda"},"content":{"rendered":"\n    <m-hero type='brand' gutenberg='gutenberg' :translations='{\n        &quot;play&quot;:&quot;Reproducir v\u00eddeo de fondo&quot;,\n        &quot;pause&quot;:&quot;Pausar v\u00eddeo de fondo&quot;,\n        &quot;prev&quot;:&quot;Anterior&quot;,\n        &quot;next&quot;:&quot;Siguiente&quot;,\n        &quot;paginationseparator&quot;:&quot;de&quot;,\n        &quot;goto&quot;:&quot;Ir al slide&quot;\n    }'>\n                        \n                \n                <section slot=\"hero\">\n                    <article bgtype='video' bgsource='https:\/\/static.ferrovial.com\/wp-content\/uploads\/2020\/01\/13140959\/13-power-lines-b_1.mp4' bgposition='center center' poster='https:\/\/static.ferrovial.com\/wp-content\/uploads\/2019\/12\/13132015\/power-infrastructure-home.jpg'>\n                                                <h1><span label=\"Logo_Ferrovial_ENERGIA_Blanco\" bg=\"background-image: url('https:\/\/static.ferrovial.com\/wp-content\/uploads\/2024\/01\/11112050\/logo-ferrovial-energia-blanco.svg')\"><\/span><\/h1>\n                                            <\/article>\n                <\/section>\n                <\/m-hero>\n    \n\n    \n    <m-header-brand>\n                            <a slot='logo' href='https:\/\/www.ferrovial.com\/es-es\/ferrovial-energia\/' title='Logo_Ferrovial_ENERGIA_Blanco'>\n                        <span class=\"sr-only\">Logo_Ferrovial_ENERGIA_Blanco<\/span>\n                        <span role=\"img\" aria-label=\"Logo_Ferrovial_ENERGIA_Blanco\" style=\"background-image: url('https:\/\/static.ferrovial.com\/wp-content\/uploads\/2024\/01\/11112050\/logo-ferrovial-energia-blanco.svg')\"><\/span>\n                    <\/a>\n                    <\/m-header-brand>\n    \n\n\n    <m-introduction-brand type=\"primary\" gutenberg>\n                        <h2 slot=\"label\">\n                    \u00bfQu\u00e9 hacemos?                <\/h2>\n                                <h3 slot=\"title\">\n                    Impulsamos la transici\u00f3n energ\u00e9tica hacia una econom\u00eda sostenible, limpia y vanguardista.                 <\/h3>\n                                <p slot=\"description\">\n                    Proporcionamos soluciones innovadoras para la promoci\u00f3n, construcci\u00f3n y operaci\u00f3n de infraestructuras de generaci\u00f3n y transmisi\u00f3n de energ\u00eda e implementamos actuaciones de descarbonizaci\u00f3n y eficiencia energ\u00e9tica, contribuyendo as\u00ed a un futuro m\u00e1s sostenible y respetuoso con el medio ambiente.                <\/p>\n                        <button slot=\"button\" link=\"https:\/\/www.ferrovial.com\/es\/ferrovial-energia\/que-hacemos\/\">\n            Ver m\u00e1s        <\/button>\n    <\/m-introduction-brand>\n\n    \n\n    <m-news columns=\"3\"  >\n                        <h2 slot=\"label\">\n                    Sala de prensa                <\/h2>\n                                <h3 slot=\"title\">\n                    \u00daltimas noticias                <\/h3>\n                                <c-link slot=\"titlelink\" iconsize=\"s\" iconposition=\"right\" external=\"true\">\n                    <a href='https:\/\/newsroom.ferrovial.com\/es\/' title='Ver todo' target='_blank' sr-only='Open new window'>Ver todo<\/a>\n                <\/c-link>\n                                                    <article slot=\"col1\">\n                                                                                            <picture>\n                                                        <source media=\"(max-width: 667px)\" srcset=\"https:\/\/static.newsroom.ferrovial.com\/wp-content\/uploads\/2026\/04\/09164136\/ferrovial-hannie-verhoeven-fotograaf-009-scaled.jpg\">\n                                                        <source media=\"(max-width: 1023px)\" srcset=\"https:\/\/static.newsroom.ferrovial.com\/wp-content\/uploads\/2026\/04\/09164136\/ferrovial-hannie-verhoeven-fotograaf-009-scaled.jpg\">\n                                                        <img loading=\"lazy\" decoding=\"async\" width=\"2560\" height=\"1440\" src=\"https:\/\/static.newsroom.ferrovial.com\/wp-content\/uploads\/2026\/04\/09164136\/ferrovial-hannie-verhoeven-fotograaf-009-scaled.jpg\" alt=\"Ferrovial Shareholders Meeting 2026\n \" style=\"object-position: center center;\">\n                                                    <\/picture>\n                                                                                                    <a href=\"https:\/\/newsroom.ferrovial.com\/es\/notas-prensa\/ferrovial-celebra-su-junta-general-de-accionistas-tras-un-ano-marcado-por-un-solido-desempeno-operativo-y-la-entrada-en-nasdaq-100\/\" target=\"_blank\" title=\"Ferrovial celebra su Junta General de Accionistas tras un a\u00f1o marcado por un s\u00f3lido desempe\u00f1o operativo y la entrada en Nasdaq-100\"><h4>Ferrovial celebra su Junta General de Accionistas tras un a\u00f1o marcado por un s\u00f3lido desempe\u00f1o operativo y la entrada en Nasdaq-100<\/h4><\/a>\n                                                                                        <ul>\n                                            <li>\n                                                <a href=\"#\" title=\"Notas de prensa\">\n                                                    Notas de prensa                                                <\/a>\n                                            <\/li>\n                                        <\/ul>\n                                    <\/article>\n                                                                        <article slot=\"col2\">\n                                                                                            <picture>\n                                                        <source media=\"(max-width: 667px)\" srcset=\"https:\/\/static.newsroom.ferrovial.com\/wp-content\/uploads\/2025\/08\/15133053\/250826-imagen-np-pr-ferrovial-planta-solar-milam-texas-scaled.jpg\">\n                                                        <source media=\"(max-width: 1023px)\" srcset=\"https:\/\/static.newsroom.ferrovial.com\/wp-content\/uploads\/2025\/08\/15133053\/250826-imagen-np-pr-ferrovial-planta-solar-milam-texas-scaled.jpg\">\n                                                        <img loading=\"lazy\" decoding=\"async\" width=\"2560\" height=\"1707\" src=\"https:\/\/static.newsroom.ferrovial.com\/wp-content\/uploads\/2025\/08\/15133053\/250826-imagen-np-pr-ferrovial-planta-solar-milam-texas-scaled.jpg\" alt=\"Planta fotovoltaica\" style=\"object-position: center center;\">\n                                                    <\/picture>\n                                                                                                    <a href=\"https:\/\/newsroom.ferrovial.com\/es\/notas-prensa\/ferrovial-desarrollara-una-planta-solar-de-250-mw-en-el-condado-de-milam-texas\/\" target=\"_blank\" title=\"Ferrovial desarrollar\u00e1 una planta solar de 250 MW en el condado de Milam, Texas\"><h4>Ferrovial desarrollar\u00e1 una planta solar de 250 MW en el condado de Milam, Texas<\/h4><\/a>\n                                                                                        <ul>\n                                            <li>\n                                                <a href=\"#\" title=\"Notas de prensa\">\n                                                    Notas de prensa                                                <\/a>\n                                            <\/li>\n                                        <\/ul>\n                                    <\/article>\n                                                                        <article slot=\"col3\">\n                                                                                            <picture>\n                                                        <source media=\"(max-width: 667px)\" srcset=\"https:\/\/static.newsroom.ferrovial.com\/wp-content\/uploads\/2025\/07\/15133135\/placas-solares.jpg\">\n                                                        <source media=\"(max-width: 1023px)\" srcset=\"https:\/\/static.newsroom.ferrovial.com\/wp-content\/uploads\/2025\/07\/15133135\/placas-solares.jpg\">\n                                                        <img loading=\"lazy\" decoding=\"async\" width=\"800\" height=\"600\" src=\"https:\/\/static.newsroom.ferrovial.com\/wp-content\/uploads\/2025\/07\/15133135\/placas-solares.jpg\" alt=\"Placas Solares\" style=\"object-position: center center;\">\n                                                    <\/picture>\n                                                                                                    <a href=\"https:\/\/newsroom.ferrovial.com\/es\/notas-prensa\/ferrovial-construira-tres-plantas-fotovoltaicas-en-murcia-con-capacidad-para-abastecer-a-30-500-hogares\/\" target=\"_blank\" title=\"Ferrovial construir\u00e1 tres plantas fotovoltaicas en Murcia con capacidad para abastecer a 30.500 hogares\"><h4>Ferrovial construir\u00e1 tres plantas fotovoltaicas en Murcia con capacidad para abastecer a 30.500 hogares<\/h4><\/a>\n                                                                                        <ul>\n                                            <li>\n                                                <a href=\"#\" title=\"Notas de prensa\">\n                                                    Notas de prensa                                                <\/a>\n                                            <\/li>\n                                        <\/ul>\n                                    <\/article>\n                                                                        <article slot=\"col3\">\n                                                                                            <picture>\n                                                        <source media=\"(max-width: 667px)\" srcset=\"https:\/\/static.newsroom.ferrovial.com\/wp-content\/uploads\/2025\/05\/15133212\/inauguracion-red-energia-termica-zamora2-scaled.jpg\">\n                                                        <source media=\"(max-width: 1023px)\" srcset=\"https:\/\/static.newsroom.ferrovial.com\/wp-content\/uploads\/2025\/05\/15133212\/inauguracion-red-energia-termica-zamora2-scaled.jpg\">\n                                                        <img loading=\"lazy\" decoding=\"async\" width=\"2560\" height=\"1707\" src=\"https:\/\/static.newsroom.ferrovial.com\/wp-content\/uploads\/2025\/05\/15133212\/inauguracion-red-energia-termica-zamora2-scaled.jpg\" alt=\"\" style=\"object-position: center center;\">\n                                                    <\/picture>\n                                                                                                    <a href=\"https:\/\/newsroom.ferrovial.com\/es\/notas-prensa\/ferrovial-y-dh-ecoenergias-zamora-inauguran-una-red-de-calor-renovable-en-zamora\/\" target=\"_blank\" title=\"Ferrovial y DH Ecoenerg\u00edas Zamora inauguran una red de calor renovable en Zamora\"><h4>Ferrovial y DH Ecoenerg\u00edas Zamora inauguran una red de calor renovable en Zamora<\/h4><\/a>\n                                                                                        <ul>\n                                            <li>\n                                                <a href=\"#\" title=\"Notas de prensa\">\n                                                    Notas de prensa                                                <\/a>\n                                            <\/li>\n                                        <\/ul>\n                                    <\/article>\n                                                                        <article slot=\"col3\">\n                                                                                            <picture>\n                                                        <source media=\"(max-width: 667px)\" srcset=\"https:\/\/static.newsroom.ferrovial.com\/wp-content\/uploads\/2024\/05\/15134332\/solar-panel-scaled.jpg\">\n                                                        <source media=\"(max-width: 1023px)\" srcset=\"https:\/\/static.newsroom.ferrovial.com\/wp-content\/uploads\/2024\/05\/15134332\/solar-panel-scaled.jpg\">\n                                                        <img loading=\"lazy\" decoding=\"async\" width=\"2560\" height=\"1707\" src=\"https:\/\/static.newsroom.ferrovial.com\/wp-content\/uploads\/2024\/05\/15134332\/solar-panel-scaled.jpg\" alt=\"Solar panel plant\" style=\"object-position: center center;\">\n                                                    <\/picture>\n                                                                                                    <a href=\"https:\/\/newsroom.ferrovial.com\/es\/notas-prensa\/ferrovial-adquiere-un-proyecto-fotovoltaico-de-257mwp-en-texas\/\" target=\"_blank\" title=\"Ferrovial adquiere un proyecto fotovoltaico de 257MWp en Texas que dar\u00e1 servicio a 36.000 hogares\"><h4>Ferrovial adquiere un proyecto fotovoltaico de 257MWp en Texas que dar\u00e1 servicio a 36.000 hogares<\/h4><\/a>\n                                                                                        <ul>\n                                            <li>\n                                                <a href=\"#\" title=\"Notas de prensa\">\n                                                    Notas de prensa                                                <\/a>\n                                            <\/li>\n                                        <\/ul>\n                                    <\/article>\n                                    \n      <\/m-news>\n    \n\n    <m-distributor-brands-basic>\n                        <h3 slot=\"title\">\n                    Nuestras actividades                <\/h3>\n                                    <a slot='card'>\n                                                        <h4>Generaci\u00f3n energ\u00eda renovable<\/h4>\n                                                        <p class=\"description\">\n                            Plantas fotovoltaicas, e\u00f3licas y almacenamiento de energ\u00eda                        <\/p>\n                                            <\/a>\n                                        <a slot='card'>\n                                                        <h4>Transmisi\u00f3n y distribuci\u00f3n<\/h4>\n                                                        <p class=\"description\">\n                            Dise\u00f1o, construcci\u00f3n y mantenimiento de l\u00edneas de transmisi\u00f3n y subestaciones                        <\/p>\n                                            <\/a>\n                                        <a slot='card'>\n                                                        <h4>Servicios energ\u00e9ticos<\/h4>\n                                                        <p class=\"description\">\n                            Gestionamos de forma integral las necesidades de energ\u00eda de nuestros clientes                        <\/p>\n                                            <\/a>\n                        <\/m-distributor-brands-basic>\n\n    \n\n\n    <m-distributor-basic bgimg='https:\/\/static.ferrovial.com\/wp-content\/uploads\/2022\/12\/13223829\/el-berrocal-solar-pv-planta-solar-fotovoltaica-ferrovial-1849x1080.jpg'>\n                        <h2 slot=\"label\">\n                    Proyecto                <\/h2>\n                                <h3 slot=\"title\">\n                    Planta solar fotovoltaica \u00abEl Berrocal Solar PV\u00bb                <\/h3>\n                                    <c-button slot='cta' type='primary' disabled='false' href='https:\/\/www.ferrovial.com\/es\/negocio\/proyectos\/planta-solar-fotovoltaica-el-berrocal\/' target='_blank' sr-only='Abrir en una nueva pesta\u00f1a' icon='true'>\n                        <span>Ver m\u00e1s<\/span>\n                                            <c-icon icon=\"external\" size=\"s\">\n                        <\/c-icon>\n                                        <\/c-button>\n                    \n        \n\n    <\/m-distributor-basic>\n    \n\n\n    <m-annual-report :whitetext='false' :gutenberg='true'>\n                        <p slot=\"cta\">\n                    Ver las cifras destacadas de Energ\u00eda en 2025                <\/p>\n                \n                        <c-button href='https:\/\/informeanualintegrado2025.ferrovial.com\/en\/' title='Accede al Informe Anual Integrado' slot='cta' disabled='false' type='ghost-positive-alt' target='_blank' rel='noopener' >\n                Accede al Informe Anual Integrado                <span class=\"sr-only\">Abrir en una nueva pesta\u00f1a<\/span>\n                                <\/c-button>\n                \n        \n            <ul slot=\"cypher\">\n\n                                            <li>\n                                                                        <h3>\n                                            Energ\u00eda solar fotovoltaica                                        <\/h3>\n                                        \n                                <div>\n                                    <span><\/span><span >550<\/span><span>MW<\/span>\n                                <\/div>\n\n                                                                        <span>\n                                            en construcci\u00f3n o en funcionamiento                                        <\/span>\n                                                                    <\/li>\n                                                    <li>\n                                                                        <h3>\n                                            L\u00edneas de transmisi\u00f3n                                        <\/h3>\n                                        \n                                <div>\n                                    <span><\/span><span >924<\/span><span>Km<\/span>\n                                <\/div>\n\n                                                                        <span>\n                                            en funcionamiento                                        <\/span>\n                                                                    <\/li>\n                        \n            <\/ul>\n            <\/m-annual-report>\n\n    ","protected":false},"excerpt":{"rendered":"","protected":false},"featured_media":0,"parent":0,"menu_order":0,"comment_status":"closed","ping_status":"closed","template":"template-brand.php","meta":{"_acf_changed":false,"footnotes":""},"class_list":["post-245784","page","type-page","status-publish","hentry"],"acf":[],"yoast_head":"<!-- This site is optimized with the Yoast SEO plugin v27.2 - https:\/\/yoast.com\/product\/yoast-seo-wordpress\/ -->\n<title>Ferrovial Energ\u00eda - Ferrovial<\/title>\n<meta name=\"description\" content=\"Welcome to the Ferrovial&#039;s website, global operator of sustainable infrastructure. Here you can find all the information about the company and subsidiaries.\" \/>\n<meta name=\"robots\" content=\"index, follow, max-snippet:-1, max-image-preview:large, max-video-preview:-1\" \/>\n<link rel=\"canonical\" href=\"https:\/\/www.ferrovial.com\/es-es\/ferrovial-energia\/\" \/>\n<meta property=\"og:locale\" content=\"es_ES\" \/>\n<meta property=\"og:type\" content=\"article\" \/>\n<meta property=\"og:title\" content=\"Ferrovial Energ\u00eda - Ferrovial\" \/>\n<meta property=\"og:description\" content=\"Welcome to the Ferrovial&#039;s website, global operator of sustainable infrastructure. Here you can find all the information about the company and subsidiaries.\" \/>\n<meta property=\"og:url\" content=\"https:\/\/www.ferrovial.com\/es-es\/ferrovial-energia\/\" \/>\n<meta property=\"og:site_name\" content=\"Ferrovial\" \/>\n<meta property=\"article:publisher\" content=\"https:\/\/www.facebook.com\/ferrovial\" \/>\n<meta property=\"article:modified_time\" content=\"2026-03-13T10:56:35+00:00\" \/>\n<meta name=\"twitter:card\" content=\"summary_large_image\" \/>\n<meta name=\"twitter:site\" content=\"@ferrovial\" \/>\n<!-- \/ Yoast SEO plugin. -->","yoast_head_json":{"title":"Ferrovial Energ\u00eda - Ferrovial","description":"Welcome to the Ferrovial's website, global operator of sustainable infrastructure. Here you can find all the information about the company and subsidiaries.","robots":{"index":"index","follow":"follow","max-snippet":"max-snippet:-1","max-image-preview":"max-image-preview:large","max-video-preview":"max-video-preview:-1"},"canonical":"https:\/\/www.ferrovial.com\/es-es\/ferrovial-energia\/","og_locale":"es_ES","og_type":"article","og_title":"Ferrovial Energ\u00eda - Ferrovial","og_description":"Welcome to the Ferrovial's website, global operator of sustainable infrastructure. Here you can find all the information about the company and subsidiaries.","og_url":"https:\/\/www.ferrovial.com\/es-es\/ferrovial-energia\/","og_site_name":"Ferrovial","article_publisher":"https:\/\/www.facebook.com\/ferrovial","article_modified_time":"2026-03-13T10:56:35+00:00","twitter_card":"summary_large_image","twitter_site":"@ferrovial","schema":{"@context":"https:\/\/schema.org","@graph":[{"@type":"WebPage","@id":"https:\/\/www.ferrovial.com\/es-es\/ferrovial-energia\/","url":"https:\/\/www.ferrovial.com\/es-es\/ferrovial-energia\/","name":"Ferrovial Energ\u00eda - Ferrovial","isPartOf":{"@id":"https:\/\/www.ferrovial.com\/es-es\/#website"},"datePublished":"2023-01-02T09:42:53+00:00","dateModified":"2026-03-13T10:56:35+00:00","description":"Welcome to the Ferrovial's website, global operator of sustainable infrastructure. Here you can find all the information about the company and subsidiaries.","breadcrumb":{"@id":"https:\/\/www.ferrovial.com\/es-es\/ferrovial-energia\/#breadcrumb"},"inLanguage":"es","potentialAction":[{"@type":"ReadAction","target":["https:\/\/www.ferrovial.com\/es-es\/ferrovial-energia\/"]}]},{"@type":"BreadcrumbList","@id":"https:\/\/www.ferrovial.com\/es-es\/ferrovial-energia\/#breadcrumb","itemListElement":[{"@type":"ListItem","position":1,"name":"Portada","item":"https:\/\/www.ferrovial.com\/es-es\/"},{"@type":"ListItem","position":2,"name":"Ferrovial Energ\u00eda"}]},{"@type":"WebSite","@id":"https:\/\/www.ferrovial.com\/es-es\/#website","url":"https:\/\/www.ferrovial.com\/es-es\/","name":"Ferrovial","description":"Welcome to the Ferrovial&#039;s website, global operator of sustainable infrastructure. Here you can find all the information about the company and subsidiaries.","publisher":{"@id":"https:\/\/www.ferrovial.com\/es-es\/#organization"},"potentialAction":[{"@type":"SearchAction","target":{"@type":"EntryPoint","urlTemplate":"https:\/\/www.ferrovial.com\/es-es\/?s={search_term_string}"},"query-input":{"@type":"PropertyValueSpecification","valueRequired":true,"valueName":"search_term_string"}}],"inLanguage":"es"},{"@type":"Organization","@id":"https:\/\/www.ferrovial.com\/es-es\/#organization","name":"Ferrovial S.A.","url":"https:\/\/www.ferrovial.com\/es-es\/","logo":{"@type":"ImageObject","inLanguage":"es","@id":"https:\/\/www.ferrovial.com\/es-es\/#\/schema\/logo\/image\/","url":"https:\/\/static.ferrovial.com\/wp-content\/uploads\/2020\/01\/13124948\/logo-ferrovial-cf7.png","contentUrl":"https:\/\/static.ferrovial.com\/wp-content\/uploads\/2020\/01\/13124948\/logo-ferrovial-cf7.png","width":144,"height":32,"caption":"Ferrovial S.A."},"image":{"@id":"https:\/\/www.ferrovial.com\/es-es\/#\/schema\/logo\/image\/"},"sameAs":["https:\/\/www.facebook.com\/ferrovial","https:\/\/x.com\/ferrovial","https:\/\/www.instagram.com\/ferrovial\/","https:\/\/www.linkedin.com\/company\/ferrovial","https:\/\/www.pinterest.es\/ferrovial\/","https:\/\/www.youtube.com\/ferrovial","https:\/\/en.wikipedia.org\/wiki\/Ferrovial"]}]}},"_links":{"self":[{"href":"https:\/\/www.ferrovial.com\/es-es\/wp-json\/wp\/v2\/pages\/245784","targetHints":{"allow":["GET"]}}],"collection":[{"href":"https:\/\/www.ferrovial.com\/es-es\/wp-json\/wp\/v2\/pages"}],"about":[{"href":"https:\/\/www.ferrovial.com\/es-es\/wp-json\/wp\/v2\/types\/page"}],"replies":[{"embeddable":true,"href":"https:\/\/www.ferrovial.com\/es-es\/wp-json\/wp\/v2\/comments?post=245784"}],"version-history":[{"count":3,"href":"https:\/\/www.ferrovial.com\/es-es\/wp-json\/wp\/v2\/pages\/245784\/revisions"}],"predecessor-version":[{"id":327118,"href":"https:\/\/www.ferrovial.com\/es-es\/wp-json\/wp\/v2\/pages\/245784\/revisions\/327118"}],"wp:attachment":[{"href":"https:\/\/www.ferrovial.com\/es-es\/wp-json\/wp\/v2\/media?parent=245784"}],"curies":[{"name":"wp","href":"https:\/\/api.w.org\/{rel}","templated":true}]}}