{"id":245796,"date":"2023-01-02T10:58:42","date_gmt":"2023-01-02T09:58:42","guid":{"rendered":"https:\/\/www.ferrovial.com\/negocio\/economia-circular\/"},"modified":"2024-10-10T17:36:41","modified_gmt":"2024-10-10T15:36:41","slug":"economia-circular","status":"publish","type":"page","link":"https:\/\/www.ferrovial.com\/es-es\/economia-circular\/","title":{"rendered":"Econom\u00eda circular"},"content":{"rendered":"    <m-hero type='reduced' :translations='{\n        &quot;play&quot;:&quot;Reproducir v\u00eddeo de fondo&quot;,\n        &quot;pause&quot;:&quot;Pausar v\u00eddeo de fondo&quot;,\n        &quot;prev&quot;:&quot;Anterior&quot;,\n        &quot;next&quot;:&quot;Siguiente&quot;,\n        &quot;paginationseparator&quot;:&quot;de&quot;,\n        &quot;goto&quot;:&quot;Ir al slide&quot;,\n        &quot;external&quot;:&quot;Abrir una nueva ventana&quot;\n    }'>\n            <c-breadcrumb label-text=\"Breadcrumb\" slot=\"breadcrumbs\" type='1' align='left left' wrap='wrapped wrapped'>\n                        <ol>\n\n                                                            <li><a href=\"https:\/\/www.ferrovial.com\/es-es\/\" title=\"Ferrovial\">Ferrovial<\/a><\/li>\n                                    \n                <\/ol>\n\n                <\/c-breadcrumb>\n                            <div slot=\"carouselItem\">\n                            <c-background-image>\n                                <picture>\n                                                                            <source media=\"(max-width: 667px)\" srcset=\"https:\/\/static.ferrovial.com\/wp-content\/uploads\/2022\/12\/02132402\/economia-circular-proyecto-thalia-ferrovial-600x713.jpg\">\n                                                                                                                <source media=\"(max-width: 1023px)\" srcset=\"https:\/\/static.ferrovial.com\/wp-content\/uploads\/2022\/12\/02132402\/economia-circular-proyecto-thalia-ferrovial.jpg\">\n                                    \n                                    <img decoding=\"async\" src=\"https:\/\/static.ferrovial.com\/wp-content\/uploads\/2022\/12\/02132402\/economia-circular-proyecto-thalia-ferrovial.jpg\" alt=\"\" style=\"object-position: center center;\">\n                                <\/picture>\n                            <\/c-background-image>\n                        <\/div>\n        <section slot=\"hero\">\n            <article>\n                                        <h1>\n                            Econom\u00eda circular                        <\/h1>\n                                                <p>Descripci\u00f3n por defecto<\/p>\n                                    <\/article>\n        <\/section>\n    <\/m-hero>\n\n    \n\n    <m-introduction-subhome type='primary' pathfront='1' pathback='2' icon='reciclaje-envases'>\n        <img decoding=\"async\" class=\"dots hidden\" slot=\"bg\" src=\"https:\/\/www.ferrovial.com\/wp-content\/themes\/global\/front\/dist\/static\/img\/dots.svg\" alt=\"\" \/>\n                        <h3 slot=\"title\">\n                    Entendemos la econom\u00eda circular como una fuente de generaci\u00f3n de valor                <\/h3>\n                                <p slot=\"description\">\n                    La experiencia de la compa\u00f1\u00eda cubre todo el ciclo de vida de los residuos desde la recogida hasta el reciclaje, as\u00ed como la transformaci\u00f3n final de los residuos en materia o energ\u00eda.                <\/p>\n                    <\/m-introduction-subhome>\n    \n\n\n<m-wysiwig class=\"wp-block-components-wysiwyg\"><div slot=\"maincontent\">\n<h2 class=\"wp-block-heading\">\u00bfC\u00f3mo aplicamos la econom\u00eda circular?<\/h2>\n\n\n\n<p>Entendemos la econom\u00eda circular como una fuente de generaci\u00f3n de valor, tanto para transformar nuestras plantas de tratamiento de residuos en&nbsp;<strong>centros de recuperaci\u00f3n de recursos<\/strong>&nbsp;y materias primas secundarias, como para crear&nbsp;<strong>nuevos modelos de negocio<\/strong>&nbsp;sustentados en la aplicaci\u00f3n de los principios de la Econom\u00eda Circular.<\/p>\n\n\n\n<p>La experiencia de la compa\u00f1\u00eda cubre todo el ciclo de vida de los residuos desde la recogida hasta el reciclaje, as\u00ed como la transformaci\u00f3n final de los residuos en materia o energ\u00eda. Hemos desarrollado distintas soluciones que permiten el cierre del c\u00edrculo para algunos materiales que, hasta ese momento, se consideraban residuos: convirtiendo esos residuos en recursos, o fabricando materias primas secundarias dando una segunda vida a los residuos que generamos.<\/p>\n<\/div><\/m-wysiwig>\n\n\n\n    <m-distributor-basic bgimg='https:\/\/static.ferrovial.com\/wp-content\/uploads\/2019\/11\/13133050\/kse3877-1920x1080.jpg'>\n                        <h3 slot=\"title\">\n                    \u00bfQu\u00e9 es la econom\u00eda circular?                <\/h3>\n                                <p slot=\"text\">\n                    Le damos paso a la reutilizaci\u00f3n, renovaci\u00f3n y reciclaje de materiales y productos.                <\/p>\n                                    <c-button slot='cta' type='primary' disabled='false' href='#'>\n                        <span>Ver m\u00e1s<\/span>\n                                        <\/c-button>\n                    \n        \n\n    <\/m-distributor-basic>\n    \n\n    <m-distributor-brands-basic>\n                        <p slot=\"description\">\n                    Nuestra actividad                <\/p>\n                                    <a slot='card' target='_blank'>\n                                                        <h4>Recogida de Residuos<\/h4>\n                                                        <p class=\"description\">\n                            Creamos barrios limpios y seguros recogiendo y gestionando los residuos de hogares.                        <\/p>\n                                            <\/a>\n                                        <a slot='card' target='_blank'>\n                                                        <h4>Servicios Residuos Comerciales<\/h4>\n                                                        <p class=\"description\">\n                            Adaptamos nuestros servicios de residuos y reciclaje a las necesidades de empresas.                        <\/p>\n                                            <\/a>\n                                        <a slot='card'>\n                                                        <h4>Gesti\u00f3n de Residuos<\/h4>\n                                                        <p class=\"description\">\n                            Buscamos ofrecer infraestructuras y servicios que respondan a retos globales.                        <\/p>\n                                            <\/a>\n                        <\/m-distributor-brands-basic>\n\n    \n\n    <m-distributor-brands-basic>\n                        <h2 slot=\"label\">\n                    Compa\u00f1\u00edas                <\/h2>\n                                <h3 slot=\"title\">\n                    Nuestra compa\u00f1\u00edas de Econom\u00eda Circular                <\/h3>\n                                    <a slot='card'>\n                                                        <img src='https:\/\/static.ferrovial.com\/wp-content\/uploads\/2022\/03\/17161041\/logo-ferrovial-infraestructuras-energeticas-movilidad-e1647529839484-177x64.png' alt='logo_Ferrovial_infraestructuras_energeticas_movilidad' \/>\n                                                        <p class=\"description\">\n                            Soluciones innovadoras para generaci\u00f3n y transmisi\u00f3n de energ\u00eda y de movilidad sostenible.                        <\/p>\n                                                        <p class=\"country\">\n                                    Ver Infraestructuras Energ\u00e9ticas y Movilidad                                <\/p>\n                                                    <\/a>\n                                        <a slot='card' href='https:\/\/thalia.co.uk\/' target='_blank'>\n                                                        <img src='https:\/\/www.ferrovial.com\/wp-content\/uploads\/2022\/12\/thalia-logo.svg' alt='Lorem ipsum' \/>\n                                                        <p class=\"description\">\n                            Amplia gama de servicios medioambientales y de gesti\u00f3n de residuos.                        <\/p>\n                                                        <p class=\"country\">\n                                    Ver Thalia                                <\/p>\n                                                    <\/a>\n                        <\/m-distributor-brands-basic>\n\n    \n\n    <m-distributor-news color='gray' >\n                        <h2 slot=\"title\">\u00daltimas noticias<\/h2>\n                                <c-link slot=\"link\" icon=\"external\" external=\"true\">\n                    <a href='https:\/\/newsroom.ferrovial.com\/es\/nivel-2\/energia\/' title='Sala de prensa' target='_blank' sr-only='Open new window'>Sala de prensa<\/a>\n                <\/c-link>\n                                        <div slot=\"report\">\n                            <h3><a href=\"https:\/\/newsroom.ferrovial.com\/es\/notas-prensa\/ferrovial-consigue-la-verificacion-residuo-cero-de-sgs-por-segundo-ano-consecutivo\/\" target='_blank' title=\"Ferrovial consigue la verificaci\u00f3n Residuo Cero de SGS por segundo a\u00f1o consecutivo\">Ferrovial consigue la verificaci\u00f3n Residuo Cero de SGS por segundo a\u00f1o consecutivo<\/a><\/h3>\n                                                                <span>20\/02\/2026<\/span>\n                                                                        <ul>\n                                        <li>Notas de prensa<\/li>\n                                    <\/ul>\n                                                            <\/div>\n                                                <div slot=\"report\">\n                            <h3><a href=\"https:\/\/newsroom.ferrovial.com\/es\/notas-prensa\/ferrovial-construira-el-primer-centro-de-experimentacion-de-fusion-nuclear-en-espana\/\" target='_blank' title=\"Ferrovial construir\u00e1 el primer centro de experimentaci\u00f3n de fusi\u00f3n nuclear en Espa\u00f1a\">Ferrovial construir\u00e1 el primer centro de experimentaci\u00f3n de fusi\u00f3n nuclear en Espa\u00f1a<\/a><\/h3>\n                                                                <span>13\/01\/2026<\/span>\n                                                                        <ul>\n                                        <li>Notas de prensa<\/li>\n                                    <\/ul>\n                                                            <\/div>\n                                                <div slot=\"report\">\n                            <h3><a href=\"https:\/\/newsroom.ferrovial.com\/es\/notas-prensa\/ferrovial-desarrollara-una-planta-solar-de-250-mw-en-el-condado-de-milam-texas\/\" target='_blank' title=\"Ferrovial desarrollar\u00e1 una planta solar de 250 MW en el condado de Milam, Texas\">Ferrovial desarrollar\u00e1 una planta solar de 250 MW en el condado de Milam, Texas<\/a><\/h3>\n                                                                <span>26\/08\/2025<\/span>\n                                                                        <ul>\n                                        <li>Notas de prensa<\/li>\n                                    <\/ul>\n                                                            <\/div>\n                                                <div slot=\"report\">\n                            <h3><a href=\"https:\/\/newsroom.ferrovial.com\/es\/notas-prensa\/ferrovial-construira-tres-plantas-fotovoltaicas-en-murcia-con-capacidad-para-abastecer-a-30-500-hogares\/\" target='_blank' title=\"Ferrovial construir\u00e1 tres plantas fotovoltaicas en Murcia con capacidad para abastecer a 30.500 hogares\">Ferrovial construir\u00e1 tres plantas fotovoltaicas en Murcia con capacidad para abastecer a 30.500 hogares<\/a><\/h3>\n                                                                <span>02\/07\/2025<\/span>\n                                                                        <ul>\n                                        <li>Notas de prensa<\/li>\n                                    <\/ul>\n                                                            <\/div>\n                            <\/m-distributor-news>\n    \n\n    <m-annual-report :whitetext='false' :gutenberg='true'>\n                        <p slot=\"cta\">\n                    Ver las cifras destacadas de Ferrovial en 2025                <\/p>\n                \n                        <c-button href='https:\/\/informeanualintegrado2025.ferrovial.com\/en\/' title='Accede al Informe Anual Integrado' slot='cta' disabled='false' type='ghost-positive-alt' target='_blank' rel='noopener' >\n                Accede al Informe Anual Integrado                <span class=\"sr-only\">Abrir en una nueva pesta\u00f1a<\/span>\n                                <\/c-button>\n                \n        \n            <ul slot=\"cypher\">\n\n                                            <li>\n                                \n                                <div>\n                                    <span><\/span><span >9627<\/span><span>M\u20ac<\/span>\n                                <\/div>\n\n                                                                        <span>\n                                            Ventas                                        <\/span>\n                                                                    <\/li>\n                                                    <li>\n                                \n                                <div>\n                                    <span><\/span><span >40606<\/span><span>M\u20ac<\/span>\n                                <\/div>\n\n                                                                        <span>\n                                            Capitalizaci\u00f3n                                         <\/span>\n                                                                    <\/li>\n                                                    <li>\n                                \n                                <div>\n                                    <span><\/span><span >5088<\/span><span>M\u20ac<\/span>\n                                <\/div>\n\n                                                                        <span>\n                                            Liquidez                                        <\/span>\n                                                                    <\/li>\n                                                    <li>\n                                \n                                <div>\n                                    <span><\/span><span >22609<\/span><span><\/span>\n                                <\/div>\n\n                                                                        <span>\n                                            Empleados                                        <\/span>\n                                                                    <\/li>\n                        \n            <\/ul>\n            <\/m-annual-report>\n\n    ","protected":false},"excerpt":{"rendered":"","protected":false},"featured_media":0,"parent":0,"menu_order":0,"comment_status":"closed","ping_status":"closed","template":"","meta":{"_acf_changed":false,"footnotes":""},"class_list":["post-245796","page","type-page","status-publish","hentry"],"acf":[],"yoast_head":"<!-- This site is optimized with the Yoast SEO plugin v27.2 - https:\/\/yoast.com\/product\/yoast-seo-wordpress\/ -->\n<title>Econom\u00eda circular - Ferrovial<\/title>\n<meta name=\"description\" content=\"Welcome to the Ferrovial&#039;s website, global operator of sustainable infrastructure. Here you can find all the information about the company and subsidiaries.\" \/>\n<meta name=\"robots\" content=\"index, follow, max-snippet:-1, max-image-preview:large, max-video-preview:-1\" \/>\n<link rel=\"canonical\" href=\"https:\/\/www.ferrovial.com\/es-es\/economia-circular\/\" \/>\n<meta property=\"og:locale\" content=\"es_ES\" \/>\n<meta property=\"og:type\" content=\"article\" \/>\n<meta property=\"og:title\" content=\"Econom\u00eda circular - Ferrovial\" \/>\n<meta property=\"og:description\" content=\"Welcome to the Ferrovial&#039;s website, global operator of sustainable infrastructure. Here you can find all the information about the company and subsidiaries.\" \/>\n<meta property=\"og:url\" content=\"https:\/\/www.ferrovial.com\/es-es\/economia-circular\/\" \/>\n<meta property=\"og:site_name\" content=\"Ferrovial\" \/>\n<meta property=\"article:publisher\" content=\"https:\/\/www.facebook.com\/ferrovial\" \/>\n<meta property=\"article:modified_time\" content=\"2024-10-10T15:36:41+00:00\" \/>\n<meta property=\"og:image\" content=\"https:\/\/www.ferrovial.com\/wp-content\/themes\/global\/front\/dist\/static\/img\/dots.svg\" \/>\n<meta name=\"twitter:card\" content=\"summary_large_image\" \/>\n<meta name=\"twitter:site\" content=\"@ferrovial\" \/>\n<meta name=\"twitter:label1\" content=\"Tiempo de lectura\" \/>\n\t<meta name=\"twitter:data1\" content=\"1 minuto\" \/>\n<!-- \/ Yoast SEO plugin. -->","yoast_head_json":{"title":"Econom\u00eda circular - Ferrovial","description":"Welcome to the Ferrovial's website, global operator of sustainable infrastructure. Here you can find all the information about the company and subsidiaries.","robots":{"index":"index","follow":"follow","max-snippet":"max-snippet:-1","max-image-preview":"max-image-preview:large","max-video-preview":"max-video-preview:-1"},"canonical":"https:\/\/www.ferrovial.com\/es-es\/economia-circular\/","og_locale":"es_ES","og_type":"article","og_title":"Econom\u00eda circular - Ferrovial","og_description":"Welcome to the Ferrovial's website, global operator of sustainable infrastructure. Here you can find all the information about the company and subsidiaries.","og_url":"https:\/\/www.ferrovial.com\/es-es\/economia-circular\/","og_site_name":"Ferrovial","article_publisher":"https:\/\/www.facebook.com\/ferrovial","article_modified_time":"2024-10-10T15:36:41+00:00","og_image":[{"url":"https:\/\/www.ferrovial.com\/wp-content\/themes\/global\/front\/dist\/static\/img\/dots.svg","type":"","width":"","height":""}],"twitter_card":"summary_large_image","twitter_site":"@ferrovial","twitter_misc":{"Tiempo de lectura":"1 minuto"},"schema":{"@context":"https:\/\/schema.org","@graph":[{"@type":"WebPage","@id":"https:\/\/www.ferrovial.com\/es-es\/economia-circular\/","url":"https:\/\/www.ferrovial.com\/es-es\/economia-circular\/","name":"Econom\u00eda circular - Ferrovial","isPartOf":{"@id":"https:\/\/www.ferrovial.com\/es-es\/#website"},"primaryImageOfPage":{"@id":"https:\/\/www.ferrovial.com\/es-es\/economia-circular\/#primaryimage"},"image":{"@id":"https:\/\/www.ferrovial.com\/es-es\/economia-circular\/#primaryimage"},"thumbnailUrl":"https:\/\/www.ferrovial.com\/wp-content\/themes\/global\/front\/dist\/static\/img\/dots.svg","datePublished":"2023-01-02T09:58:42+00:00","dateModified":"2024-10-10T15:36:41+00:00","description":"Welcome to the Ferrovial's website, global operator of sustainable infrastructure. Here you can find all the information about the company and subsidiaries.","breadcrumb":{"@id":"https:\/\/www.ferrovial.com\/es-es\/economia-circular\/#breadcrumb"},"inLanguage":"es","potentialAction":[{"@type":"ReadAction","target":["https:\/\/www.ferrovial.com\/es-es\/economia-circular\/"]}]},{"@type":"ImageObject","inLanguage":"es","@id":"https:\/\/www.ferrovial.com\/es-es\/economia-circular\/#primaryimage","url":"https:\/\/www.ferrovial.com\/wp-content\/themes\/global\/front\/dist\/static\/img\/dots.svg","contentUrl":"https:\/\/www.ferrovial.com\/wp-content\/themes\/global\/front\/dist\/static\/img\/dots.svg"},{"@type":"BreadcrumbList","@id":"https:\/\/www.ferrovial.com\/es-es\/economia-circular\/#breadcrumb","itemListElement":[{"@type":"ListItem","position":1,"name":"Portada","item":"https:\/\/www.ferrovial.com\/es-es\/"},{"@type":"ListItem","position":2,"name":"Econom\u00eda circular"}]},{"@type":"WebSite","@id":"https:\/\/www.ferrovial.com\/es-es\/#website","url":"https:\/\/www.ferrovial.com\/es-es\/","name":"Ferrovial","description":"Welcome to the Ferrovial&#039;s website, global operator of sustainable infrastructure. Here you can find all the information about the company and subsidiaries.","publisher":{"@id":"https:\/\/www.ferrovial.com\/es-es\/#organization"},"potentialAction":[{"@type":"SearchAction","target":{"@type":"EntryPoint","urlTemplate":"https:\/\/www.ferrovial.com\/es-es\/?s={search_term_string}"},"query-input":{"@type":"PropertyValueSpecification","valueRequired":true,"valueName":"search_term_string"}}],"inLanguage":"es"},{"@type":"Organization","@id":"https:\/\/www.ferrovial.com\/es-es\/#organization","name":"Ferrovial S.A.","url":"https:\/\/www.ferrovial.com\/es-es\/","logo":{"@type":"ImageObject","inLanguage":"es","@id":"https:\/\/www.ferrovial.com\/es-es\/#\/schema\/logo\/image\/","url":"https:\/\/static.ferrovial.com\/wp-content\/uploads\/2020\/01\/13124948\/logo-ferrovial-cf7.png","contentUrl":"https:\/\/static.ferrovial.com\/wp-content\/uploads\/2020\/01\/13124948\/logo-ferrovial-cf7.png","width":144,"height":32,"caption":"Ferrovial S.A."},"image":{"@id":"https:\/\/www.ferrovial.com\/es-es\/#\/schema\/logo\/image\/"},"sameAs":["https:\/\/www.facebook.com\/ferrovial","https:\/\/x.com\/ferrovial","https:\/\/www.instagram.com\/ferrovial\/","https:\/\/www.linkedin.com\/company\/ferrovial","https:\/\/www.pinterest.es\/ferrovial\/","https:\/\/www.youtube.com\/ferrovial","https:\/\/en.wikipedia.org\/wiki\/Ferrovial"]}]}},"_links":{"self":[{"href":"https:\/\/www.ferrovial.com\/es-es\/wp-json\/wp\/v2\/pages\/245796","targetHints":{"allow":["GET"]}}],"collection":[{"href":"https:\/\/www.ferrovial.com\/es-es\/wp-json\/wp\/v2\/pages"}],"about":[{"href":"https:\/\/www.ferrovial.com\/es-es\/wp-json\/wp\/v2\/types\/page"}],"replies":[{"embeddable":true,"href":"https:\/\/www.ferrovial.com\/es-es\/wp-json\/wp\/v2\/comments?post=245796"}],"version-history":[{"count":1,"href":"https:\/\/www.ferrovial.com\/es-es\/wp-json\/wp\/v2\/pages\/245796\/revisions"}],"predecessor-version":[{"id":290083,"href":"https:\/\/www.ferrovial.com\/es-es\/wp-json\/wp\/v2\/pages\/245796\/revisions\/290083"}],"wp:attachment":[{"href":"https:\/\/www.ferrovial.com\/es-es\/wp-json\/wp\/v2\/media?parent=245796"}],"curies":[{"name":"wp","href":"https:\/\/api.w.org\/{rel}","templated":true}]}}