{"id":245816,"date":"2023-01-02T11:09:11","date_gmt":"2023-01-02T10:09:11","guid":{"rendered":"https:\/\/www.ferrovial.com\/ferrovial-infraestructuras-energeticas-y-movilidad\/que-hacemos\/"},"modified":"2025-08-29T11:19:57","modified_gmt":"2025-08-29T09:19:57","slug":"que-hacemos","status":"publish","type":"page","link":"https:\/\/www.ferrovial.com\/es-es\/ferrovial-energia\/que-hacemos\/","title":{"rendered":"Qu\u00e9 hacemos en Ferrovial Energ\u00eda"},"content":{"rendered":"    <m-final-content-header >\n            <c-breadcrumb label-text=\"Breadcrumb\" slot=\"breadcrumbs\" type='2' align='left' wrap='wrapped wrapped' aria-label='Vienes de Ferrovial Energ\u00eda'>\n                        <ol>\n\n                                                            <li><a href=\"https:\/\/www.ferrovial.com\/es-es\/\" title=\"Ferrovial\">Ferrovial<\/a><\/li>\n                                                                        <li><a href=\"https:\/\/www.ferrovial.com\/es-es\/ferrovial-energia\/\" title=\"Ferrovial Energ\u00eda\">Ferrovial Energ\u00eda<\/a><\/li>\n                                    \n                <\/ol>\n\n                <\/c-breadcrumb>\n    \n        <div slot=\"header\">\n            <h1>\n                \u00bfQu\u00e9 hacemos?            <\/h1>\n                    <\/div>\n    <\/m-final-content-header>\n\n    \n\n\n<m-wysiwig class=\"wp-block-components-wysiwyg\"><div slot=\"maincontent\">    <p class=\"intro\">Impulsamos la transici\u00f3n energ\u00e9tica hacia una econom\u00eda sostenible, limpia y vanguardista.<\/p>\n    \n\n\n<p>Proporcionamos soluciones innovadoras para la promoci\u00f3n, construcci\u00f3n y operaci\u00f3n de infraestructuras de generaci\u00f3n y transmisi\u00f3n de energ\u00eda. A su vez, proporcionamos soluciones de eficiencia energ\u00e9tica tanto para clientes p\u00fablicos como privados.<\/p>\n\n\n\n<h2 class=\"wp-block-heading\">\u00bfC\u00f3mo trabajamos?<\/h2>\n\n\n\n<p>Damos continuidad al <strong>objetivo de rebaja de emisiones, fijado en el plan estrat\u00e9gico de la compa\u00f1\u00eda \u201cHorizon 24\u201d<\/strong>, as\u00ed como al <a href=\"https:\/\/www.ferrovial.com\/es-es\/?page_id=113188\">cumplimiento de compromisos recogidos en el marco internacional<\/a> a trav\u00e9s de las <strong>infraestructuras energ\u00e9ticas<\/strong>.<\/p>\n\n\n\n<p>La <strong>generaci\u00f3n de energ\u00eda el\u00e9ctrica a partir de fuentes renovables es el socio imprescindible contra el cambio clim\u00e1tico y requiere reforzar las capacidades del sistema el\u00e9ctrico<\/strong> en su conjunto. En este contexto, promovemos y construimos proyectos orientados al desarrollo de infraestructuras de generaci\u00f3n de electricidad renovable, as\u00ed como a su almacenamiento y transmisi\u00f3n. Participamos en todas las fases del desarrollo de este tipo de proyectos, desde la identificaci\u00f3n de las oportunidades, a su desarrollo, financiaci\u00f3n, construcci\u00f3n y, finalmente, a su operaci\u00f3n.<\/p>\n\n\n\n<h2 class=\"wp-block-heading\"><strong>Nuestros proyectos<\/strong><\/h2>\n\n\n\n<h3 class=\"wp-block-heading\">Infraestructuras energ\u00e9ticas renovables<\/h3>\n\n\n\n<ul class=\"wp-block-list\">\n<li><strong>Construcci\u00f3n de la Planta fotovoltaica Elena (Antofagasta, Chile)<\/strong>. Instalaci\u00f3n el\u00e9ctrica e interconexi\u00f3n de una planta fotovoltaica de 540 MW.<\/li>\n\n\n\n<li><strong>Parque e\u00f3lico Cabo Leon\u00e9s (Antofagasta, Chile)<\/strong>. Balance de planta 175 MW.<\/li>\n\n\n\n<li><strong>Adquisici\u00f3n de Parque fotovoltaico (Sevilla, Espa\u00f1a)<\/strong>. Desarrollo, construcci\u00f3n y mantenimiento del parque de 50 MW.<\/li>\n\n\n\n<li><strong>Parque e\u00f3lico San Lorenzo (Valladolid, Espa\u00f1a)<\/strong>. Balance de planta 66 MW.<\/li>\n<\/ul>\n\n\n\n<h3 class=\"wp-block-heading\">Hidr\u00f3geno<\/h3>\n\n\n\n<ul class=\"wp-block-list\">\n<li><strong>BH2C. Corredor vasco de hidr\u00f3geno<\/strong><\/li>\n\n\n\n<li><strong>H2 Puerto de Huelva<\/strong><\/li>\n\n\n\n<li><strong>Construcci\u00f3n de planta industrial para la metanizaci\u00f3n de biog\u00e1s (Tarrasa, Espa\u00f1a)<\/strong><\/li>\n<\/ul>\n\n\n\n<h3 class=\"wp-block-heading\">Transmisi\u00f3n el\u00e9ctrica<\/h3>\n\n\n\n<ul class=\"wp-block-list\">\n<li><strong>El Berrocal<\/strong>: La planta solar fotovoltaica \u201cEl Berrocal Solar PV\u201d, de 49,9 MW de potencia pico, se ubica en el t\u00e9rmino municipal de Gerena (Sevilla). Tiene una producci\u00f3n anual estimada de 104,2 GWh, equivalente al consumo anual aproximado de 29.800 hogares, evitando la emisi\u00f3n de 16.672 toneladas de CO2 a la atm\u00f3sfera. Ver <a href=\"https:\/\/www.ferrovial.com\/es-es\/negocio\/proyectos\/planta-solar-fotovoltaica-el-berrocal\/\">ficha completa del proyecto El Berrocal aqu\u00ed.<\/a><\/li>\n\n\n\n<li><strong>Tanschile: <\/strong>Poseemos, operamos y mantenemos una l\u00ednea de transmisi\u00f3n en el sur de Chile, en las regiones del B\u00edo-B\u00edo y la Araucan\u00eda. Se trata de una l\u00ednea de doble circuito de&nbsp;<strong>220kV de 204 kil\u00f3metros de longitud<\/strong>&nbsp;y una capacidad de transmisi\u00f3n de&nbsp;<strong>500 MVA por circuito<\/strong>. Bajo el control del Sistema Nacional de Transmisi\u00f3n de Chile, la l\u00ednea sirve a m\u00e1s de&nbsp;<strong>300.000 hogares<\/strong>&nbsp;en el sur del pa\u00eds.<\/li>\n\n\n\n<li><strong>Centella<\/strong>: En julio de 2018, nos adjudicamos el 100% de una concesi\u00f3n para construir y operar una l\u00ednea de transmisi\u00f3n de doble circuito de 220kV de&nbsp;<strong>256 kil\u00f3metros<\/strong>&nbsp;situada en la regi\u00f3n de Coquimbo, al norte de Santiago de Chile, con una capacidad nominal de&nbsp;<strong>580 MVA por circuito<\/strong>. Adem\u00e1s, el proyecto incluye la construcci\u00f3n de la Nueva Subestaci\u00f3n Centella, en la localidad de Salamanca<\/li>\n\n\n\n<li><strong>Top Mauro<\/strong>: En febrero de 2020, nos adjudicamos los&nbsp;<strong>derechos para la construcci\u00f3n, operaci\u00f3n y mantenimiento de una l\u00ednea de transmisi\u00f3n de cuatro circuitos<\/strong>. Este nuevo activo tiene una extensi\u00f3n de 3 km por circuito y permite la conexi\u00f3n de la&nbsp;<strong>l\u00ednea de transmisi\u00f3n Los Piuquenes-Tap Mauro y la nueva subestaci\u00f3n el\u00e9ctrica en construcci\u00f3n, Centella<\/strong>, ubicada en la Regi\u00f3n de Coquimbo, al norte de Santiago.<\/li>\n<\/ul>\n<\/div><\/m-wysiwig>\n\n\n    <m-distributor-brands-basic>\n                        <h3 slot=\"title\">\n                    Nuestras actividades                <\/h3>\n                                    <a slot='card'>\n                                                        <h4>Generaci\u00f3n energ\u00eda renovable<\/h4>\n                                                        <p class=\"description\">\n                            Plantas fotovoltaicas, e\u00f3licas y almacenamiento de energ\u00eda                        <\/p>\n                                            <\/a>\n                                        <a slot='card'>\n                                                        <h4>Transmisi\u00f3n y distribuci\u00f3n<\/h4>\n                                                        <p class=\"description\">\n                            Dise\u00f1o, construcci\u00f3n y mantenimiento de l\u00edneas de transmisi\u00f3n y subestaciones                        <\/p>\n                                            <\/a>\n                                        <a slot='card'>\n                                                        <h4>Servicios energ\u00e9ticos<\/h4>\n                                                        <p class=\"description\">\n                            Gestionamos de forma integral las necesidades de energ\u00eda de nuestros clientes                        <\/p>\n                                            <\/a>\n                        <\/m-distributor-brands-basic>\n\n    ","protected":false},"excerpt":{"rendered":"","protected":false},"featured_media":0,"parent":245784,"menu_order":0,"comment_status":"closed","ping_status":"closed","template":"","meta":{"_acf_changed":false,"footnotes":""},"class_list":["post-245816","page","type-page","status-publish","hentry"],"acf":[],"yoast_head":"<!-- This site is optimized with the Yoast SEO plugin v27.2 - https:\/\/yoast.com\/product\/yoast-seo-wordpress\/ -->\n<title>Qu\u00e9 hacemos en Ferrovial Energ\u00eda - Ferrovial<\/title>\n<meta name=\"description\" content=\"Welcome to the Ferrovial&#039;s website, global operator of sustainable infrastructure. Here you can find all the information about the company and subsidiaries.\" \/>\n<meta name=\"robots\" content=\"index, follow, max-snippet:-1, max-image-preview:large, max-video-preview:-1\" \/>\n<link rel=\"canonical\" href=\"https:\/\/www.ferrovial.com\/es-es\/ferrovial-energia\/que-hacemos\/\" \/>\n<meta property=\"og:locale\" content=\"es_ES\" \/>\n<meta property=\"og:type\" content=\"article\" \/>\n<meta property=\"og:title\" content=\"Qu\u00e9 hacemos en Ferrovial Energ\u00eda - Ferrovial\" \/>\n<meta property=\"og:description\" content=\"Welcome to the Ferrovial&#039;s website, global operator of sustainable infrastructure. Here you can find all the information about the company and subsidiaries.\" \/>\n<meta property=\"og:url\" content=\"https:\/\/www.ferrovial.com\/es-es\/ferrovial-energia\/que-hacemos\/\" \/>\n<meta property=\"og:site_name\" content=\"Ferrovial\" \/>\n<meta property=\"article:publisher\" content=\"https:\/\/www.facebook.com\/ferrovial\" \/>\n<meta property=\"article:modified_time\" content=\"2025-08-29T09:19:57+00:00\" \/>\n<meta name=\"twitter:card\" content=\"summary_large_image\" \/>\n<meta name=\"twitter:site\" content=\"@ferrovial\" \/>\n<meta name=\"twitter:label1\" content=\"Tiempo de lectura\" \/>\n\t<meta name=\"twitter:data1\" content=\"3 minutos\" \/>\n<!-- \/ Yoast SEO plugin. -->","yoast_head_json":{"title":"Qu\u00e9 hacemos en Ferrovial Energ\u00eda - Ferrovial","description":"Welcome to the Ferrovial's website, global operator of sustainable infrastructure. Here you can find all the information about the company and subsidiaries.","robots":{"index":"index","follow":"follow","max-snippet":"max-snippet:-1","max-image-preview":"max-image-preview:large","max-video-preview":"max-video-preview:-1"},"canonical":"https:\/\/www.ferrovial.com\/es-es\/ferrovial-energia\/que-hacemos\/","og_locale":"es_ES","og_type":"article","og_title":"Qu\u00e9 hacemos en Ferrovial Energ\u00eda - Ferrovial","og_description":"Welcome to the Ferrovial's website, global operator of sustainable infrastructure. Here you can find all the information about the company and subsidiaries.","og_url":"https:\/\/www.ferrovial.com\/es-es\/ferrovial-energia\/que-hacemos\/","og_site_name":"Ferrovial","article_publisher":"https:\/\/www.facebook.com\/ferrovial","article_modified_time":"2025-08-29T09:19:57+00:00","twitter_card":"summary_large_image","twitter_site":"@ferrovial","twitter_misc":{"Tiempo de lectura":"3 minutos"},"schema":{"@context":"https:\/\/schema.org","@graph":[{"@type":"WebPage","@id":"https:\/\/www.ferrovial.com\/es-es\/ferrovial-energia\/que-hacemos\/","url":"https:\/\/www.ferrovial.com\/es-es\/ferrovial-energia\/que-hacemos\/","name":"Qu\u00e9 hacemos en Ferrovial Energ\u00eda - Ferrovial","isPartOf":{"@id":"https:\/\/www.ferrovial.com\/es-es\/#website"},"datePublished":"2023-01-02T10:09:11+00:00","dateModified":"2025-08-29T09:19:57+00:00","description":"Welcome to the Ferrovial's website, global operator of sustainable infrastructure. Here you can find all the information about the company and subsidiaries.","breadcrumb":{"@id":"https:\/\/www.ferrovial.com\/es-es\/ferrovial-energia\/que-hacemos\/#breadcrumb"},"inLanguage":"es","potentialAction":[{"@type":"ReadAction","target":["https:\/\/www.ferrovial.com\/es-es\/ferrovial-energia\/que-hacemos\/"]}]},{"@type":"BreadcrumbList","@id":"https:\/\/www.ferrovial.com\/es-es\/ferrovial-energia\/que-hacemos\/#breadcrumb","itemListElement":[{"@type":"ListItem","position":1,"name":"Portada","item":"https:\/\/www.ferrovial.com\/es-es\/"},{"@type":"ListItem","position":2,"name":"Ferrovial Energ\u00eda","item":"https:\/\/www.ferrovial.com\/es-es\/ferrovial-energia\/"},{"@type":"ListItem","position":3,"name":"Qu\u00e9 hacemos en Ferrovial Energ\u00eda"}]},{"@type":"WebSite","@id":"https:\/\/www.ferrovial.com\/es-es\/#website","url":"https:\/\/www.ferrovial.com\/es-es\/","name":"Ferrovial","description":"Welcome to the Ferrovial&#039;s website, global operator of sustainable infrastructure. Here you can find all the information about the company and subsidiaries.","publisher":{"@id":"https:\/\/www.ferrovial.com\/es-es\/#organization"},"potentialAction":[{"@type":"SearchAction","target":{"@type":"EntryPoint","urlTemplate":"https:\/\/www.ferrovial.com\/es-es\/?s={search_term_string}"},"query-input":{"@type":"PropertyValueSpecification","valueRequired":true,"valueName":"search_term_string"}}],"inLanguage":"es"},{"@type":"Organization","@id":"https:\/\/www.ferrovial.com\/es-es\/#organization","name":"Ferrovial S.A.","url":"https:\/\/www.ferrovial.com\/es-es\/","logo":{"@type":"ImageObject","inLanguage":"es","@id":"https:\/\/www.ferrovial.com\/es-es\/#\/schema\/logo\/image\/","url":"https:\/\/static.ferrovial.com\/wp-content\/uploads\/2020\/01\/13124948\/logo-ferrovial-cf7.png","contentUrl":"https:\/\/static.ferrovial.com\/wp-content\/uploads\/2020\/01\/13124948\/logo-ferrovial-cf7.png","width":144,"height":32,"caption":"Ferrovial S.A."},"image":{"@id":"https:\/\/www.ferrovial.com\/es-es\/#\/schema\/logo\/image\/"},"sameAs":["https:\/\/www.facebook.com\/ferrovial","https:\/\/x.com\/ferrovial","https:\/\/www.instagram.com\/ferrovial\/","https:\/\/www.linkedin.com\/company\/ferrovial","https:\/\/www.pinterest.es\/ferrovial\/","https:\/\/www.youtube.com\/ferrovial","https:\/\/en.wikipedia.org\/wiki\/Ferrovial"]}]}},"_links":{"self":[{"href":"https:\/\/www.ferrovial.com\/es-es\/wp-json\/wp\/v2\/pages\/245816","targetHints":{"allow":["GET"]}}],"collection":[{"href":"https:\/\/www.ferrovial.com\/es-es\/wp-json\/wp\/v2\/pages"}],"about":[{"href":"https:\/\/www.ferrovial.com\/es-es\/wp-json\/wp\/v2\/types\/page"}],"replies":[{"embeddable":true,"href":"https:\/\/www.ferrovial.com\/es-es\/wp-json\/wp\/v2\/comments?post=245816"}],"version-history":[{"count":3,"href":"https:\/\/www.ferrovial.com\/es-es\/wp-json\/wp\/v2\/pages\/245816\/revisions"}],"predecessor-version":[{"id":312274,"href":"https:\/\/www.ferrovial.com\/es-es\/wp-json\/wp\/v2\/pages\/245816\/revisions\/312274"}],"up":[{"embeddable":true,"href":"https:\/\/www.ferrovial.com\/es-es\/wp-json\/wp\/v2\/pages\/245784"}],"wp:attachment":[{"href":"https:\/\/www.ferrovial.com\/es-es\/wp-json\/wp\/v2\/media?parent=245816"}],"curies":[{"name":"wp","href":"https:\/\/api.w.org\/{rel}","templated":true}]}}