{"id":245818,"date":"2023-01-02T11:13:54","date_gmt":"2023-01-02T10:13:54","guid":{"rendered":"https:\/\/www.ferrovial.com\/?page_id=245818"},"modified":"2026-02-10T16:36:09","modified_gmt":"2026-02-10T15:36:09","slug":"quienes-somos","status":"publish","type":"page","link":"https:\/\/www.ferrovial.com\/es-es\/ferrovial-energia\/quienes-somos\/","title":{"rendered":"Qui\u00e9nes somos en Ferrovial Energ\u00eda"},"content":{"rendered":"    <m-final-content-header bgimage='https:\/\/static.ferrovial.com\/wp-content\/uploads\/2019\/12\/13132011\/power-infrastructure-2.jpg'>\n            <c-breadcrumb label-text=\"Breadcrumb\" slot=\"breadcrumbs\" type='2' align='left' wrap='wrapped wrapped' aria-label='Vienes de Ferrovial Energ\u00eda'>\n                        <ol>\n\n                                                            <li><a href=\"https:\/\/www.ferrovial.com\/es-es\/\" title=\"Ferrovial\">Ferrovial<\/a><\/li>\n                                                                        <li><a href=\"https:\/\/www.ferrovial.com\/es\/ferrovial-energia\/\" title=\"Ferrovial Energ\u00eda\">Ferrovial Energ\u00eda<\/a><\/li>\n                                    \n                <\/ol>\n\n                <\/c-breadcrumb>\n    \n        <div slot=\"header\">\n            <h1>\n                \u00bfQui\u00e9nes somos?            <\/h1>\n                    <\/div>\n    <\/m-final-content-header>\n\n    \n\n\n<m-wysiwig class=\"wp-block-components-wysiwyg\"><div slot=\"maincontent\">    <p class=\"intro\">La unidad de negocio de energ\u00eda nace con el objetivo de impulsar la transici\u00f3n. A su vez, proporcionamos soluciones de eficiencia energ\u00e9tica tanto para clientes p\u00fablicos como privados.<\/p>\n    \n\n\n<p>Proporcionamos soluciones innovadoras para la promoci\u00f3n, construcci\u00f3n y operaci\u00f3n de infraestructuras de generaci\u00f3n y transmisi\u00f3n de energ\u00eda y la econom\u00eda circular alrededor del tratamiento del residuo urbano.<\/p>\n\n\n\n<h2 class=\"wp-block-heading\"><strong>Nuestra visi\u00f3n<\/strong><\/h2>\n\n\n\n<p>La sostenibilidad se ha convertido en un elemento fundamental para la protecci\u00f3n del medio ambiente y la descarbonizaci\u00f3n de la econom\u00eda, haciendo frente al desaf\u00edo que supone el cambio clim\u00e1tico para el planeta.<\/p>\n\n\n\n<p>Por ello, <a href=\"https:\/\/www.ferrovial.com\/es-es\/negocio\/energia\/\">Ferrovial pone en marcha la unidad de negocio de Energ\u00eda<\/a> como respuesta a los efectos del cambio clim\u00e1tico, a trav\u00e9s de la promoci\u00f3n de la generaci\u00f3n y transmisi\u00f3n de energ\u00eda renovable y una gesti\u00f3n m\u00e1s eficiente del consumo energ\u00e9tico.<\/p>\n<\/div><\/m-wysiwig>\n\n\n\n    <m-distributor-basic bgimg='https:\/\/static.ferrovial.com\/wp-content\/uploads\/2022\/12\/13223829\/el-berrocal-solar-pv-planta-solar-fotovoltaica-ferrovial-1849x1080.jpg'>\n                        <h2 slot=\"label\">\n                    Proyecto                <\/h2>\n                                <h3 slot=\"title\">\n                    Planta solar fotovoltaica \u00abEl Berrocal Solar PV\u00bb                <\/h3>\n                                    <c-button slot='cta' type='primary' disabled='false' href='https:\/\/www.ferrovial.com\/es\/negocio\/proyectos\/planta-solar-fotovoltaica-el-berrocal\/' target='_blank' sr-only='Abrir en una nueva pesta\u00f1a' icon='true'>\n                        <span>Ver m\u00e1s<\/span>\n                                            <c-icon icon=\"external\" size=\"s\">\n                        <\/c-icon>\n                                        <\/c-button>\n                    \n        \n\n    <\/m-distributor-basic>\n    ","protected":false},"excerpt":{"rendered":"","protected":false},"featured_media":0,"parent":245784,"menu_order":0,"comment_status":"closed","ping_status":"closed","template":"","meta":{"_acf_changed":false,"footnotes":""},"class_list":["post-245818","page","type-page","status-publish","hentry"],"acf":[],"yoast_head":"<!-- This site is optimized with the Yoast SEO plugin v27.2 - https:\/\/yoast.com\/product\/yoast-seo-wordpress\/ -->\n<title>Qui\u00e9nes somos en Ferrovial Energ\u00eda - Ferrovial<\/title>\n<meta name=\"description\" content=\"La unidad de negocio de Infraestructuras Energ\u00e9ticas y Movilidad nace con el objetivo de impulsar la una econom\u00eda sostenible.\" \/>\n<meta name=\"robots\" content=\"index, follow, max-snippet:-1, max-image-preview:large, max-video-preview:-1\" \/>\n<link rel=\"canonical\" href=\"https:\/\/www.ferrovial.com\/es-es\/ferrovial-energia\/quienes-somos\/\" \/>\n<meta property=\"og:locale\" content=\"es_ES\" \/>\n<meta property=\"og:type\" content=\"article\" \/>\n<meta property=\"og:title\" content=\"Qui\u00e9nes somos en Ferrovial Energ\u00eda - Ferrovial\" \/>\n<meta property=\"og:description\" content=\"La unidad de negocio de Infraestructuras Energ\u00e9ticas y Movilidad nace con el objetivo de impulsar la una econom\u00eda sostenible.\" \/>\n<meta property=\"og:url\" content=\"https:\/\/www.ferrovial.com\/es-es\/ferrovial-energia\/quienes-somos\/\" \/>\n<meta property=\"og:site_name\" content=\"Ferrovial\" \/>\n<meta property=\"article:publisher\" content=\"https:\/\/www.facebook.com\/ferrovial\" \/>\n<meta property=\"article:modified_time\" content=\"2026-02-10T15:36:09+00:00\" \/>\n<meta name=\"twitter:card\" content=\"summary_large_image\" \/>\n<meta name=\"twitter:site\" content=\"@ferrovial\" \/>\n<meta name=\"twitter:label1\" content=\"Tiempo de lectura\" \/>\n\t<meta name=\"twitter:data1\" content=\"1 minuto\" \/>\n<!-- \/ Yoast SEO plugin. -->","yoast_head_json":{"title":"Qui\u00e9nes somos en Ferrovial Energ\u00eda - Ferrovial","description":"La unidad de negocio de Infraestructuras Energ\u00e9ticas y Movilidad nace con el objetivo de impulsar la una econom\u00eda sostenible.","robots":{"index":"index","follow":"follow","max-snippet":"max-snippet:-1","max-image-preview":"max-image-preview:large","max-video-preview":"max-video-preview:-1"},"canonical":"https:\/\/www.ferrovial.com\/es-es\/ferrovial-energia\/quienes-somos\/","og_locale":"es_ES","og_type":"article","og_title":"Qui\u00e9nes somos en Ferrovial Energ\u00eda - Ferrovial","og_description":"La unidad de negocio de Infraestructuras Energ\u00e9ticas y Movilidad nace con el objetivo de impulsar la una econom\u00eda sostenible.","og_url":"https:\/\/www.ferrovial.com\/es-es\/ferrovial-energia\/quienes-somos\/","og_site_name":"Ferrovial","article_publisher":"https:\/\/www.facebook.com\/ferrovial","article_modified_time":"2026-02-10T15:36:09+00:00","twitter_card":"summary_large_image","twitter_site":"@ferrovial","twitter_misc":{"Tiempo de lectura":"1 minuto"},"schema":{"@context":"https:\/\/schema.org","@graph":[{"@type":"WebPage","@id":"https:\/\/www.ferrovial.com\/es-es\/ferrovial-energia\/quienes-somos\/","url":"https:\/\/www.ferrovial.com\/es-es\/ferrovial-energia\/quienes-somos\/","name":"Qui\u00e9nes somos en Ferrovial Energ\u00eda - Ferrovial","isPartOf":{"@id":"https:\/\/www.ferrovial.com\/es-es\/#website"},"datePublished":"2023-01-02T10:13:54+00:00","dateModified":"2026-02-10T15:36:09+00:00","description":"La unidad de negocio de Infraestructuras Energ\u00e9ticas y Movilidad nace con el objetivo de impulsar la una econom\u00eda sostenible.","breadcrumb":{"@id":"https:\/\/www.ferrovial.com\/es-es\/ferrovial-energia\/quienes-somos\/#breadcrumb"},"inLanguage":"es","potentialAction":[{"@type":"ReadAction","target":["https:\/\/www.ferrovial.com\/es-es\/ferrovial-energia\/quienes-somos\/"]}]},{"@type":"BreadcrumbList","@id":"https:\/\/www.ferrovial.com\/es-es\/ferrovial-energia\/quienes-somos\/#breadcrumb","itemListElement":[{"@type":"ListItem","position":1,"name":"Portada","item":"https:\/\/www.ferrovial.com\/es-es\/"},{"@type":"ListItem","position":2,"name":"Ferrovial Energ\u00eda","item":"https:\/\/www.ferrovial.com\/es-es\/ferrovial-energia\/"},{"@type":"ListItem","position":3,"name":"Qui\u00e9nes somos en Ferrovial Energ\u00eda"}]},{"@type":"WebSite","@id":"https:\/\/www.ferrovial.com\/es-es\/#website","url":"https:\/\/www.ferrovial.com\/es-es\/","name":"Ferrovial","description":"Welcome to the Ferrovial&#039;s website, global operator of sustainable infrastructure. Here you can find all the information about the company and subsidiaries.","publisher":{"@id":"https:\/\/www.ferrovial.com\/es-es\/#organization"},"potentialAction":[{"@type":"SearchAction","target":{"@type":"EntryPoint","urlTemplate":"https:\/\/www.ferrovial.com\/es-es\/?s={search_term_string}"},"query-input":{"@type":"PropertyValueSpecification","valueRequired":true,"valueName":"search_term_string"}}],"inLanguage":"es"},{"@type":"Organization","@id":"https:\/\/www.ferrovial.com\/es-es\/#organization","name":"Ferrovial S.A.","url":"https:\/\/www.ferrovial.com\/es-es\/","logo":{"@type":"ImageObject","inLanguage":"es","@id":"https:\/\/www.ferrovial.com\/es-es\/#\/schema\/logo\/image\/","url":"https:\/\/static.ferrovial.com\/wp-content\/uploads\/2020\/01\/13124948\/logo-ferrovial-cf7.png","contentUrl":"https:\/\/static.ferrovial.com\/wp-content\/uploads\/2020\/01\/13124948\/logo-ferrovial-cf7.png","width":144,"height":32,"caption":"Ferrovial S.A."},"image":{"@id":"https:\/\/www.ferrovial.com\/es-es\/#\/schema\/logo\/image\/"},"sameAs":["https:\/\/www.facebook.com\/ferrovial","https:\/\/x.com\/ferrovial","https:\/\/www.instagram.com\/ferrovial\/","https:\/\/www.linkedin.com\/company\/ferrovial","https:\/\/www.pinterest.es\/ferrovial\/","https:\/\/www.youtube.com\/ferrovial","https:\/\/en.wikipedia.org\/wiki\/Ferrovial"]}]}},"_links":{"self":[{"href":"https:\/\/www.ferrovial.com\/es-es\/wp-json\/wp\/v2\/pages\/245818","targetHints":{"allow":["GET"]}}],"collection":[{"href":"https:\/\/www.ferrovial.com\/es-es\/wp-json\/wp\/v2\/pages"}],"about":[{"href":"https:\/\/www.ferrovial.com\/es-es\/wp-json\/wp\/v2\/types\/page"}],"replies":[{"embeddable":true,"href":"https:\/\/www.ferrovial.com\/es-es\/wp-json\/wp\/v2\/comments?post=245818"}],"version-history":[{"count":3,"href":"https:\/\/www.ferrovial.com\/es-es\/wp-json\/wp\/v2\/pages\/245818\/revisions"}],"predecessor-version":[{"id":283639,"href":"https:\/\/www.ferrovial.com\/es-es\/wp-json\/wp\/v2\/pages\/245818\/revisions\/283639"}],"up":[{"embeddable":true,"href":"https:\/\/www.ferrovial.com\/es-es\/wp-json\/wp\/v2\/pages\/245784"}],"wp:attachment":[{"href":"https:\/\/www.ferrovial.com\/es-es\/wp-json\/wp\/v2\/media?parent=245818"}],"curies":[{"name":"wp","href":"https:\/\/api.w.org\/{rel}","templated":true}]}}