{"id":275590,"date":"2024-02-16T12:48:45","date_gmt":"2024-02-16T11:48:45","guid":{"rendered":"https:\/\/www.ferrovial.com\/?page_id=275590"},"modified":"2024-03-01T10:47:20","modified_gmt":"2024-03-01T09:47:20","slug":"apuntate-a-nuestras-becas","status":"publish","type":"page","link":"https:\/\/www.ferrovial.com\/es-es\/empleo\/ofertas\/apuntate-a-nuestras-becas\/","title":{"rendered":"\u00a1Ap\u00fantate a nuestras becas!"},"content":{"rendered":"    <m-final-content-header bgimage='https:\/\/static.ferrovial.com\/wp-content\/uploads\/2024\/02\/16124820\/becas-y-oportunidades-de-ferrovial-1280x720.jpg'>\n            <c-breadcrumb label-text=\"Breadcrumb\" slot=\"breadcrumbs\" type='2' align='left' wrap='wrapped wrapped' aria-label='Vienes de Ofertas de empleo'>\n                        <ol>\n\n                                                            <li><a href=\"https:\/\/www.ferrovial.com\/es-es\/\" title=\"Ferrovial\">Ferrovial<\/a><\/li>\n                                                                        <li><a href=\"https:\/\/www.ferrovial.com\/es-es\/empleo\/\" title=\"Empleo\">Empleo<\/a><\/li>\n                                                                        <li><a href=\"https:\/\/www.ferrovial.com\/es-es\/empleo\/ofertas\/\" title=\"Ofertas de empleo\">Ofertas de empleo<\/a><\/li>\n                                    \n                <\/ol>\n\n                <\/c-breadcrumb>\n    \n        <div slot=\"header\">\n            <h1>\n                \u00a1Ap\u00fantate a nuestras becas!            <\/h1>\n                    <\/div>\n    <\/m-final-content-header>\n\n    \n\n\n<m-wysiwig class=\"wp-block-components-wysiwyg\"><div slot=\"maincontent\">\n<h2 class=\"wp-block-heading\">\u00bfQu\u00e9 te ofrecemos?<\/h2>\n\n\n\n<ul class=\"wp-block-list\">\n<li>Beca remunerada durante 6 meses \u2013 1 a\u00f1o<\/li>\n\n\n\n<li>Flexibilidad horaria adaptada a tus necesidades de estudio<\/li>\n\n\n\n<li>Realiza&nbsp;el Trabajo de Fin de Grado\/M\u00e1ster con nosotros<\/li>\n\n\n\n<li>Posibilidad de incorporaci\u00f3n tras la beca como Graduate a trav\u00e9s del programa GROW<\/li>\n<\/ul>\n<\/div><\/m-wysiwig>\n\n\n    <m-list-offers-workday type='job_posting' page='1' lang='es-es' search-key='search-s4ki7n15knp5544mv57akrsk' search-endpoint='https:\/\/www.ferrovial.com\/wp-json\/search-service\/search' domain-identifier='1' :filters-selected='{&quot;Tipo de puesto&quot;: [&quot;Becario\\\/a (duraci\\u00f3n determinada) (en formaci\\u00f3n)&quot;,&quot;Becario (sn) (duraci\\u00f3n determinada) (en formaci\\u00f3n)&quot;],&quot;Compa\u00f1\u00eda&quot;: [&quot;Construction&quot;],&quot;Pa\u00eds&quot;: [&quot;Espa\\u00f1a&quot;],}' :translations='{\n        &quot;allOur&quot;:&quot;Todos nuestros&quot;,\n        &quot;autocompleteInitialNotice&quot;:&quot;Aviso inicial de autocompletar&quot;,\n        &quot;autocompleteResultsNotice&quot;:&quot;Aviso inicial de resultados&quot;,\n        &quot;projects&quot;:&quot;Proyectos&quot;,\n        &quot;offers&quot;: &quot;Ofertas&quot;,\n        &quot;awards&quot;:&quot;Premios&quot;,\n        &quot;filters&quot;:&quot;Filtros&quot;,\n        &quot;filterBy&quot;:&quot;Filtrar por&quot;,\n        &quot;filteredBy&quot;:&quot;Filtrado por&quot;,\n        &quot;applyFilters&quot;:&quot;Aplicar filtros&quot;,\n        &quot;deleteFilter&quot;:&quot;Eliminar filtro&quot;,\n        &quot;closeFilters&quot;:&quot;Cerrar filtros&quot;,\n        &quot;search&quot;:&quot;Buscar&quot;,\n        &quot;noSearchResults&quot;: &quot;No hay resultados de b\u00fasqueda&quot;,\n        &quot;searchResults&quot;:&quot;Resultados de b\u00fasqueda&quot;,\n        &quot;clear&quot;:&quot;Limpiar todo&quot;,\n        &quot;opportunities&quot;: &quot;Oportunidades en &quot;,\n        &quot;results&quot;: &quot;resultados&quot;,\n        &quot;postedToday&quot;: &quot;Publicado hoy&quot;,\n        &quot;postedOn&quot;: &quot;Publicado el&quot;,\n        &quot;createAlert&quot;: &quot;crear alerta&quot;,\n        &quot;noResults&quot;: &quot;No hay resultados para esta combinaci\u00f3n. Prueba limpiar los filtros para cambiar los criterios de b\u00fasqueda.&quot;,\n        &quot;post_tax_time_type_reference_job_posting&quot;: &quot;Tiempo completo\/parcial&quot;,\n        &quot;post_tax_type_reference_job_posting&quot;: &quot;Tipo de puesto&quot;,\n        &quot;post_tax_family_reference_job_posting&quot;: &quot;Departamento&quot;,\n        &quot;post_tax_business_job_posting&quot;: &quot;Compa\u00f1\u00eda&quot;,\n        &quot;post_tax_country_job_posting&quot;: &quot;Pa\u00eds&quot;,\n        &quot;post_tax_region_job_posting&quot;: &quot;Regi\u00f3n&quot;,\n        &quot;post_tax_location_job_posting&quot;: &quot;Ubicaci\u00f3n&quot;,\n        &quot;post_tax_candidate_profile_job_posting&quot;: &quot;Candidate Profile&quot;,\n        &quot;newTab&quot;: &quot;Abrir una nueva ventana&quot;\n    }' :additional-filters='{}' :filter-to-exclude='{}'>\n    <\/m-list-offers-workday>\n    ","protected":false},"excerpt":{"rendered":"","protected":false},"featured_media":0,"parent":112998,"menu_order":0,"comment_status":"closed","ping_status":"closed","template":"","meta":{"_acf_changed":false,"footnotes":""},"class_list":["post-275590","page","type-page","status-publish","hentry"],"acf":[],"yoast_head":"<!-- This site is optimized with the Yoast SEO plugin v27.2 - https:\/\/yoast.com\/product\/yoast-seo-wordpress\/ -->\n<title>\u00a1Ap\u00fantate a nuestras becas! - Ferrovial<\/title>\n<meta name=\"description\" content=\"Welcome to the Ferrovial&#039;s website, global operator of sustainable infrastructure. Here you can find all the information about the company and subsidiaries.\" \/>\n<meta name=\"robots\" content=\"index, follow, max-snippet:-1, max-image-preview:large, max-video-preview:-1\" \/>\n<link rel=\"canonical\" href=\"https:\/\/www.ferrovial.com\/es-es\/empleo\/ofertas\/apuntate-a-nuestras-becas\/\" \/>\n<meta property=\"og:locale\" content=\"es_ES\" \/>\n<meta property=\"og:type\" content=\"article\" \/>\n<meta property=\"og:title\" content=\"\u00a1Ap\u00fantate a nuestras becas! - Ferrovial\" \/>\n<meta property=\"og:description\" content=\"Welcome to the Ferrovial&#039;s website, global operator of sustainable infrastructure. Here you can find all the information about the company and subsidiaries.\" \/>\n<meta property=\"og:url\" content=\"https:\/\/www.ferrovial.com\/es-es\/empleo\/ofertas\/apuntate-a-nuestras-becas\/\" \/>\n<meta property=\"og:site_name\" content=\"Ferrovial\" \/>\n<meta property=\"article:publisher\" content=\"https:\/\/www.facebook.com\/ferrovial\" \/>\n<meta property=\"article:modified_time\" content=\"2024-03-01T09:47:20+00:00\" \/>\n<meta name=\"twitter:card\" content=\"summary_large_image\" \/>\n<meta name=\"twitter:site\" content=\"@ferrovial\" \/>\n<meta name=\"twitter:label1\" content=\"Tiempo de lectura\" \/>\n\t<meta name=\"twitter:data1\" content=\"1 minuto\" \/>\n<!-- \/ Yoast SEO plugin. -->","yoast_head_json":{"title":"\u00a1Ap\u00fantate a nuestras becas! - Ferrovial","description":"Welcome to the Ferrovial's website, global operator of sustainable infrastructure. Here you can find all the information about the company and subsidiaries.","robots":{"index":"index","follow":"follow","max-snippet":"max-snippet:-1","max-image-preview":"max-image-preview:large","max-video-preview":"max-video-preview:-1"},"canonical":"https:\/\/www.ferrovial.com\/es-es\/empleo\/ofertas\/apuntate-a-nuestras-becas\/","og_locale":"es_ES","og_type":"article","og_title":"\u00a1Ap\u00fantate a nuestras becas! - Ferrovial","og_description":"Welcome to the Ferrovial's website, global operator of sustainable infrastructure. Here you can find all the information about the company and subsidiaries.","og_url":"https:\/\/www.ferrovial.com\/es-es\/empleo\/ofertas\/apuntate-a-nuestras-becas\/","og_site_name":"Ferrovial","article_publisher":"https:\/\/www.facebook.com\/ferrovial","article_modified_time":"2024-03-01T09:47:20+00:00","twitter_card":"summary_large_image","twitter_site":"@ferrovial","twitter_misc":{"Tiempo de lectura":"1 minuto"},"schema":{"@context":"https:\/\/schema.org","@graph":[{"@type":"WebPage","@id":"https:\/\/www.ferrovial.com\/es-es\/empleo\/ofertas\/apuntate-a-nuestras-becas\/","url":"https:\/\/www.ferrovial.com\/es-es\/empleo\/ofertas\/apuntate-a-nuestras-becas\/","name":"\u00a1Ap\u00fantate a nuestras becas! - Ferrovial","isPartOf":{"@id":"https:\/\/www.ferrovial.com\/es-es\/#website"},"datePublished":"2024-02-16T11:48:45+00:00","dateModified":"2024-03-01T09:47:20+00:00","description":"Welcome to the Ferrovial's website, global operator of sustainable infrastructure. Here you can find all the information about the company and subsidiaries.","breadcrumb":{"@id":"https:\/\/www.ferrovial.com\/es-es\/empleo\/ofertas\/apuntate-a-nuestras-becas\/#breadcrumb"},"inLanguage":"es","potentialAction":[{"@type":"ReadAction","target":["https:\/\/www.ferrovial.com\/es-es\/empleo\/ofertas\/apuntate-a-nuestras-becas\/"]}]},{"@type":"BreadcrumbList","@id":"https:\/\/www.ferrovial.com\/es-es\/empleo\/ofertas\/apuntate-a-nuestras-becas\/#breadcrumb","itemListElement":[{"@type":"ListItem","position":1,"name":"Portada","item":"https:\/\/www.ferrovial.com\/es-es\/"},{"@type":"ListItem","position":2,"name":"Empleo","item":"https:\/\/www.ferrovial.com\/es-es\/empleo\/"},{"@type":"ListItem","position":3,"name":"Ofertas de empleo","item":"https:\/\/www.ferrovial.com\/es-es\/empleo\/ofertas\/"},{"@type":"ListItem","position":4,"name":"\u00a1Ap\u00fantate a nuestras becas!"}]},{"@type":"WebSite","@id":"https:\/\/www.ferrovial.com\/es-es\/#website","url":"https:\/\/www.ferrovial.com\/es-es\/","name":"Ferrovial","description":"Welcome to the Ferrovial&#039;s website, global operator of sustainable infrastructure. Here you can find all the information about the company and subsidiaries.","publisher":{"@id":"https:\/\/www.ferrovial.com\/es-es\/#organization"},"potentialAction":[{"@type":"SearchAction","target":{"@type":"EntryPoint","urlTemplate":"https:\/\/www.ferrovial.com\/es-es\/?s={search_term_string}"},"query-input":{"@type":"PropertyValueSpecification","valueRequired":true,"valueName":"search_term_string"}}],"inLanguage":"es"},{"@type":"Organization","@id":"https:\/\/www.ferrovial.com\/es-es\/#organization","name":"Ferrovial S.A.","url":"https:\/\/www.ferrovial.com\/es-es\/","logo":{"@type":"ImageObject","inLanguage":"es","@id":"https:\/\/www.ferrovial.com\/es-es\/#\/schema\/logo\/image\/","url":"https:\/\/static.ferrovial.com\/wp-content\/uploads\/2020\/01\/13124948\/logo-ferrovial-cf7.png","contentUrl":"https:\/\/static.ferrovial.com\/wp-content\/uploads\/2020\/01\/13124948\/logo-ferrovial-cf7.png","width":144,"height":32,"caption":"Ferrovial S.A."},"image":{"@id":"https:\/\/www.ferrovial.com\/es-es\/#\/schema\/logo\/image\/"},"sameAs":["https:\/\/www.facebook.com\/ferrovial","https:\/\/x.com\/ferrovial","https:\/\/www.instagram.com\/ferrovial\/","https:\/\/www.linkedin.com\/company\/ferrovial","https:\/\/www.pinterest.es\/ferrovial\/","https:\/\/www.youtube.com\/ferrovial","https:\/\/en.wikipedia.org\/wiki\/Ferrovial"]}]}},"_links":{"self":[{"href":"https:\/\/www.ferrovial.com\/es-es\/wp-json\/wp\/v2\/pages\/275590","targetHints":{"allow":["GET"]}}],"collection":[{"href":"https:\/\/www.ferrovial.com\/es-es\/wp-json\/wp\/v2\/pages"}],"about":[{"href":"https:\/\/www.ferrovial.com\/es-es\/wp-json\/wp\/v2\/types\/page"}],"replies":[{"embeddable":true,"href":"https:\/\/www.ferrovial.com\/es-es\/wp-json\/wp\/v2\/comments?post=275590"}],"version-history":[{"count":3,"href":"https:\/\/www.ferrovial.com\/es-es\/wp-json\/wp\/v2\/pages\/275590\/revisions"}],"predecessor-version":[{"id":277017,"href":"https:\/\/www.ferrovial.com\/es-es\/wp-json\/wp\/v2\/pages\/275590\/revisions\/277017"}],"up":[{"embeddable":true,"href":"https:\/\/www.ferrovial.com\/es-es\/wp-json\/wp\/v2\/pages\/112998"}],"wp:attachment":[{"href":"https:\/\/www.ferrovial.com\/es-es\/wp-json\/wp\/v2\/media?parent=275590"}],"curies":[{"name":"wp","href":"https:\/\/api.w.org\/{rel}","templated":true}]}}