{"id":299180,"date":"2019-09-05T11:05:04","date_gmt":"2019-09-05T09:05:04","guid":{"rendered":"https:\/\/www.ferrovial.com\/f-aeropuertos\/"},"modified":"2026-03-12T23:39:42","modified_gmt":"2026-03-12T22:39:42","slug":"f-aeropuertos","status":"publish","type":"page","link":"https:\/\/www.ferrovial.com\/es-es\/f-aeropuertos\/","title":{"rendered":"Ferrovial Aeropuertos"},"content":{"rendered":"\n    <m-hero type='brand' gutenberg='gutenberg' :translations='{\n        &quot;play&quot;:&quot;Reproducir v\u00eddeo de fondo&quot;,\n        &quot;pause&quot;:&quot;Pausar v\u00eddeo de fondo&quot;,\n        &quot;prev&quot;:&quot;Anterior&quot;,\n        &quot;next&quot;:&quot;Siguiente&quot;,\n        &quot;paginationseparator&quot;:&quot;de&quot;,\n        &quot;goto&quot;:&quot;Ir al slide&quot;\n    }'>\n                        \n                \n                <section slot=\"hero\">\n                    <article bgtype='video' bgsource='https:\/\/static.ferrovial.com\/wp-content\/uploads\/2019\/10\/13133651\/Bucle-Aeropuertos-4.mp4' bgposition='center center' poster='https:\/\/static.ferrovial.com\/wp-content\/uploads\/2019\/10\/13133650\/aeropuertos_timelapse_picture.jpg'>\n                                                <h1><span label=\"Ferrovial Aeropuertos\" bg=\"background-image: url('https:\/\/static.ferrovial.com\/wp-content\/uploads\/2019\/10\/13133908\/AIR-BL-AEROPUERTOS.svg')\"><\/span><\/h1>\n                                            <\/article>\n                <\/section>\n                <\/m-hero>\n    \n\n    \n    <m-header-brand>\n                            <a slot='logo' href='https:\/\/www.ferrovial.com\/es-es\/f-aeropuertos\/' title='Ferrovial Aeropuertos'>\n                        <span class=\"sr-only\">Ferrovial Aeropuertos<\/span>\n                        <span role=\"img\" aria-label=\"Ferrovial Aeropuertos\" style=\"background-image: url('https:\/\/static.ferrovial.com\/wp-content\/uploads\/2020\/01\/13131510\/air-bl-aeropuertos.svg')\"><\/span>\n                    <\/a>\n                    <\/m-header-brand>\n    \n\n\n    <m-introduction-brand type=\"primary\" gutenberg>\n                        <h2 slot=\"label\">\n                    \u00bfQu\u00e9 hacemos?                <\/h2>\n                                <h3 slot=\"title\">\n                    M\u00e1s de 25 a\u00f1os de experiencia                <\/h3>\n                                <p slot=\"description\">\n                    Formando parte de la industria de la aviaci\u00f3n e invirtiendo, desarrollando y operando aeropuertos por todo el mundo.                <\/p>\n                        <button slot=\"button\" link=\"https:\/\/www.ferrovial.com\/es\/f-aeropuertos\/quienes-somos\/\">\n            Con\u00f3cenos        <\/button>\n    <\/m-introduction-brand>\n\n    \n\n    <m-news columns=\"3\"  >\n                        <h2 slot=\"label\">\n                    Sala de prensa                <\/h2>\n                                <h3 slot=\"title\">\n                    \u00daltimas noticias                <\/h3>\n                                <c-link slot=\"titlelink\" iconsize=\"s\" iconposition=\"right\" external=\"true\">\n                    <a href='https:\/\/newsroom.ferrovial.com\/es\/' title='Ver todo' target='_blank' sr-only='Open new window'>Ver todo<\/a>\n                <\/c-link>\n                                                    <article slot=\"col1\">\n                                                                                            <picture>\n                                                        <source media=\"(max-width: 667px)\" srcset=\"https:\/\/static.newsroom.ferrovial.com\/wp-content\/uploads\/2026\/03\/25090451\/firma-programas-infraestructuras-sociales-2026-scaled.jpg\">\n                                                        <source media=\"(max-width: 1023px)\" srcset=\"https:\/\/static.newsroom.ferrovial.com\/wp-content\/uploads\/2026\/03\/25090451\/firma-programas-infraestructuras-sociales-2026-scaled.jpg\">\n                                                        <img loading=\"lazy\" decoding=\"async\" width=\"2560\" height=\"1440\" src=\"https:\/\/static.newsroom.ferrovial.com\/wp-content\/uploads\/2026\/03\/25090451\/firma-programas-infraestructuras-sociales-2026-scaled.jpg\" alt=\"Firma programas Infraestructuras Sociales 2026\" style=\"object-position: center center;\">\n                                                    <\/picture>\n                                                                                                    <a href=\"https:\/\/newsroom.ferrovial.com\/es\/notas-prensa\/ferrovial-cumple-15-anos-de-cooperacion-y-accion-social-con-mas-de-10-millones-de-euros-invertidos\/\" target=\"_blank\" title=\"Ferrovial cumple 15 a\u00f1os de cooperaci\u00f3n y acci\u00f3n social con m\u00e1s de 10 millones de euros invertidos\"><h4>Ferrovial cumple 15 a\u00f1os de cooperaci\u00f3n y acci\u00f3n social con m\u00e1s de 10 millones de euros invertidos<\/h4><\/a>\n                                                                                        <ul>\n                                            <li>\n                                                <a href=\"#\" title=\"Notas de prensa\">\n                                                    Notas de prensa                                                <\/a>\n                                            <\/li>\n                                        <\/ul>\n                                    <\/article>\n                                                                        <article slot=\"col2\">\n                                                                                        <a href=\"https:\/\/newsroom.ferrovial.com\/es\/notas-prensa\/ferrovial-se-ferrovial-comunica-el-cierre-de-la-venta-de-la-totalidad-de-su-participacion-en-heathrow\/\" target=\"_blank\" title=\"Ferrovial SE (\u201cFerrovial\u201d) comunica el cierre de la venta de la totalidad de su participaci\u00f3n en Heathrow\"><h4>Ferrovial SE (\u201cFerrovial\u201d) comunica el cierre de la venta de la totalidad de su participaci\u00f3n en Heathrow<\/h4><\/a>\n                                                                                        <ul>\n                                            <li>\n                                                <a href=\"#\" title=\"Notas de prensa\">\n                                                    Notas de prensa                                                <\/a>\n                                            <\/li>\n                                        <\/ul>\n                                    <\/article>\n                                                                        <article slot=\"col3\">\n                                                                                            <picture>\n                                                        <source media=\"(max-width: 667px)\" srcset=\"https:\/\/static.newsroom.ferrovial.com\/wp-content\/uploads\/2024\/12\/15133545\/heathrow-scaled.jpg\">\n                                                        <source media=\"(max-width: 1023px)\" srcset=\"https:\/\/static.newsroom.ferrovial.com\/wp-content\/uploads\/2024\/12\/15133545\/heathrow-scaled.jpg\">\n                                                        <img loading=\"lazy\" decoding=\"async\" width=\"2560\" height=\"1707\" src=\"https:\/\/static.newsroom.ferrovial.com\/wp-content\/uploads\/2024\/12\/15133545\/heathrow-scaled.jpg\" alt=\"Aeropuerto Heathrow\" style=\"object-position: center center;\">\n                                                    <\/picture>\n                                                                                                    <a href=\"https:\/\/newsroom.ferrovial.com\/es\/notas-prensa\/ferrovial-cierra-la-venta-de-una-participacion-del-1975-de-heathrow-por-2000-millones-de-euros\/\" target=\"_blank\" title=\"Ferrovial cierra la venta de una participaci\u00f3n del 19,75% de Heathrow por 2.000 millones de euros\"><h4>Ferrovial cierra la venta de una participaci\u00f3n del 19,75% de Heathrow por 2.000 millones de euros<\/h4><\/a>\n                                                                                        <ul>\n                                            <li>\n                                                <a href=\"#\" title=\"Notas de prensa\">\n                                                    Notas de prensa                                                <\/a>\n                                            <\/li>\n                                        <\/ul>\n                                    <\/article>\n                                                                        <article slot=\"col3\">\n                                                                                            <picture>\n                                                        <source media=\"(max-width: 667px)\" srcset=\"https:\/\/static.newsroom.ferrovial.com\/wp-content\/uploads\/2024\/11\/15133544\/glasgow-buildinginterior-1-scaled.jpeg\">\n                                                        <source media=\"(max-width: 1023px)\" srcset=\"https:\/\/static.newsroom.ferrovial.com\/wp-content\/uploads\/2024\/11\/15133544\/glasgow-buildinginterior-1-scaled.jpeg\">\n                                                        <img loading=\"lazy\" decoding=\"async\" width=\"2560\" height=\"1709\" src=\"https:\/\/static.newsroom.ferrovial.com\/wp-content\/uploads\/2024\/11\/15133544\/glasgow-buildinginterior-1-scaled.jpeg\" alt=\"Glasgow_BuildingInterior\" style=\"object-position: center center;\">\n                                                    <\/picture>\n                                                                                                    <a href=\"https:\/\/newsroom.ferrovial.com\/es\/notas-prensa\/ferrovial-anuncia-un-acuerdo-para-la-venta-de-su-participacion-del-50-en-ags-airports\/\" target=\"_blank\" title=\"Ferrovial anuncia un acuerdo para la venta de su participaci\u00f3n del 50% en AGS Airports\"><h4>Ferrovial anuncia un acuerdo para la venta de su participaci\u00f3n del 50% en AGS Airports<\/h4><\/a>\n                                                                                        <ul>\n                                            <li>\n                                                <a href=\"#\" title=\"Notas de prensa\">\n                                                    Notas de prensa                                                <\/a>\n                                            <\/li>\n                                        <\/ul>\n                                    <\/article>\n                                                                        <article slot=\"col3\">\n                                                                                            <picture>\n                                                        <source media=\"(max-width: 667px)\" srcset=\"https:\/\/static.newsroom.ferrovial.com\/wp-content\/uploads\/2024\/02\/15135442\/1-14-2024-jfk-terminal-1-dscn7154-25a-stitch-scaled.jpg\">\n                                                        <source media=\"(max-width: 1023px)\" srcset=\"https:\/\/static.newsroom.ferrovial.com\/wp-content\/uploads\/2024\/02\/15135442\/1-14-2024-jfk-terminal-1-dscn7154-25a-stitch-scaled.jpg\">\n                                                        <img loading=\"lazy\" decoding=\"async\" width=\"2560\" height=\"1014\" src=\"https:\/\/static.newsroom.ferrovial.com\/wp-content\/uploads\/2024\/02\/15135442\/1-14-2024-jfk-terminal-1-dscn7154-25a-stitch-scaled.jpg\" alt=\"\" style=\"object-position: center center;\">\n                                                    <\/picture>\n                                                                                                    <a href=\"https:\/\/newsroom.ferrovial.com\/es\/notas-prensa\/ferrovial-mejora-un-406-su-resultado-bruto-de-explotacion-ajustado-hasta-los-991-millones-de-euros-en-2023\/\" target=\"_blank\" title=\"Ferrovial mejora un 40,6% su Resultado Bruto de Explotaci\u00f3n ajustado hasta los 991 millones de euros en 2023\"><h4>Ferrovial mejora un 40,6% su Resultado Bruto de Explotaci\u00f3n ajustado hasta los 991 millones de euros en 2023<\/h4><\/a>\n                                                                                        <ul>\n                                            <li>\n                                                <a href=\"#\" title=\"Notas de prensa\">\n                                                    Notas de prensa                                                <\/a>\n                                            <\/li>\n                                        <\/ul>\n                                    <\/article>\n                                    \n      <\/m-news>\n    \n\n    <m-projects-distributor2 :translations='{\n        &quot;prev&quot;:&quot;Anterior&quot;,\n        &quot;next&quot;:&quot;Siguiente&quot;,\n        &quot;paginationseparator&quot;:&quot;de&quot;\n    }'>\n                        <h2 slot=\"label\">\n                    Proyectos                <\/h2>\n                                <h3 slot=\"title\">\n                Estos son nuestros principales activos                <\/h3>\n                        <a slot='button' title='Ir a todos los proyectos' href='https:\/\/www.ferrovial.com\/es\/negocio\/proyectos\/'>\n            Ir a todos los proyectos        <\/a>\n\n            <\/m-projects-distributor2>\n\n    \n\n    <m-distributor-carousel-highlights :translations='{\n        &quot;paginationseparator&quot;:&quot;de&quot;,\n        &quot;next&quot;:&quot;Siguiente&quot;,\n        &quot;prev&quot;:&quot;Anterior&quot;\n    }'>\n                        <h3 slot=\"title\">\n                    Creamos valor para la sociedad                <\/h3>\n                                    <div class=\"m-distributor-carousel-highlights__inner__viewport__wrapper\" slot=\"carouselItem\">\n                        <c-card class=\"m-distributor-carousel-highlights__inner__viewport__slide\" type=\"type-2\" link=\"\"  >\n                                                                <h3 role=\"listitem\" slot=\"title\">L\u00edderes en sostenibilidad<\/h3>\n                                                                        <p slot=\"description\">\n                                        Lorem ipsum                                    <\/p>\n                                                                        <c-masked-image path=\"3\" src='https:\/\/static.ferrovial.com\/wp-content\/uploads\/2019\/09\/13131715\/tr-pic-eurolink-m4-001-e1423133574241-350x350.jpg' slot=\"image\">\n                                    <\/c-masked-image>\n                                                            <\/c-card>\n                    <\/div>\n                                        <div class=\"m-distributor-carousel-highlights__inner__viewport__wrapper\" slot=\"carouselItem\">\n                        <c-card class=\"m-distributor-carousel-highlights__inner__viewport__slide\" type=\"type-2\" link=\"\"  >\n                                                                <h3 role=\"listitem\" slot=\"title\">Desarrollamos grandes proyectos<\/h3>\n                                                                        <p slot=\"description\">\n                                        Lorem ipsum                                    <\/p>\n                                                                        <c-masked-image path=\"3\" src='https:\/\/static.ferrovial.com\/wp-content\/uploads\/2025\/09\/01125737\/north-tarrant-segments-scaled-1-350x350.jpg' slot=\"image\">\n                                    <\/c-masked-image>\n                                                            <\/c-card>\n                    <\/div>\n                                        <div class=\"m-distributor-carousel-highlights__inner__viewport__wrapper\" slot=\"carouselItem\">\n                        <c-card class=\"m-distributor-carousel-highlights__inner__viewport__slide\" type=\"type-2\" link=\"\"  >\n                                                                <h3 role=\"listitem\" slot=\"title\">Reducci\u00f3n de emisiones<\/h3>\n                                                                        <p slot=\"description\">\n                                        Lorem ipsum                                    <\/p>\n                                                                        <c-masked-image path=\"3\" src='https:\/\/static.ferrovial.com\/wp-content\/uploads\/2019\/11\/13140905\/inside-a-car-sky-in-the-lbj-highway-in-texas-usa-350x350.jpg' slot=\"image\">\n                                    <\/c-masked-image>\n                                                            <\/c-card>\n                    <\/div>\n                        <\/m-distributor-carousel-highlights>\n    \n\n\n<p><\/p>\n\n\n\n    <m-annual-report :whitetext='false' :gutenberg='true'>\n                        <p slot=\"cta\">\n                    Ver las cifras destacadas de Aeropuertos en 2025                <\/p>\n                \n                        <c-button href='https:\/\/informeanualintegrado2025.ferrovial.com\/en\/' title='Accede al Informe Anual Integrado' slot='cta' disabled='false' type='ghost-positive-alt' target='_blank' rel='noopener' >\n                Accede al Informe Anual Integrado                <span class=\"sr-only\">Abrir en una nueva pesta\u00f1a<\/span>\n                                <\/c-button>\n                \n        \n            <ul slot=\"cypher\">\n\n                                            <li>\n                                \n                                <div>\n                                    <span><\/span><span >82<\/span><span>%<\/span>\n                                <\/div>\n\n                                                                        <span>\n                                            obra realizada en NTO                                        <\/span>\n                                                                    <\/li>\n                                                    <li>\n                                                                        <h3>\n                                            Generaci\u00f3n de caja                                        <\/h3>\n                                        \n                                <div>\n                                    <span><\/span><span >1.073<\/span><span>M\u20ac<\/span>\n                                <\/div>\n\n                                                                        <span>\n                                            procedentes de desinversiones en RU                                        <\/span>\n                                                                    <\/li>\n                        \n            <\/ul>\n            <\/m-annual-report>\n\n    \n\n\n<p><\/p>\n","protected":false},"excerpt":{"rendered":"","protected":false},"featured_media":87996,"parent":0,"menu_order":0,"comment_status":"closed","ping_status":"closed","template":"template-brand.php","meta":{"_acf_changed":false,"footnotes":""},"class_list":["post-299180","page","type-page","status-publish","has-post-thumbnail","hentry"],"acf":[],"yoast_head":"<!-- This site is optimized with the Yoast SEO plugin v27.2 - https:\/\/yoast.com\/product\/yoast-seo-wordpress\/ -->\n<title>Ferrovial Aeropuertos: gesti\u00f3n privada de aeropuertos<\/title>\n<meta name=\"description\" content=\"Desde Ferrovial Aeropuertos gestionamos 4 aeropuertos del Reino Unido con un total de 95 millones de pasajeros y 140 aerol\u00edneas. Entra e inf\u00f3rmate\" \/>\n<meta name=\"robots\" content=\"index, follow, max-snippet:-1, max-image-preview:large, max-video-preview:-1\" \/>\n<link rel=\"canonical\" href=\"https:\/\/www.ferrovial.com\/es-es\/f-aeropuertos\/\" \/>\n<meta property=\"og:locale\" content=\"es_ES\" \/>\n<meta property=\"og:type\" content=\"article\" \/>\n<meta property=\"og:title\" content=\"Ferrovial Aeropuertos: gesti\u00f3n privada de aeropuertos\" \/>\n<meta property=\"og:description\" content=\"Desde Ferrovial Aeropuertos gestionamos 4 aeropuertos del Reino Unido con un total de 95 millones de pasajeros y 140 aerol\u00edneas. Entra e inf\u00f3rmate\" \/>\n<meta property=\"og:url\" content=\"https:\/\/www.ferrovial.com\/es-es\/f-aeropuertos\/\" \/>\n<meta property=\"og:site_name\" content=\"Ferrovial\" \/>\n<meta property=\"article:publisher\" content=\"https:\/\/www.facebook.com\/ferrovial\" \/>\n<meta property=\"article:modified_time\" content=\"2026-03-12T22:39:42+00:00\" \/>\n<meta property=\"og:image\" content=\"https:\/\/static.ferrovial.com\/wp-content\/uploads\/2019\/09\/13141316\/che17633d.jpg\" \/>\n\t<meta property=\"og:image:width\" content=\"1386\" \/>\n\t<meta property=\"og:image:height\" content=\"924\" \/>\n\t<meta property=\"og:image:type\" content=\"image\/jpeg\" \/>\n<meta name=\"twitter:card\" content=\"summary_large_image\" \/>\n<meta name=\"twitter:site\" content=\"@ferrovial\" \/>\n<meta name=\"twitter:label1\" content=\"Tiempo de lectura\" \/>\n\t<meta name=\"twitter:data1\" content=\"1 minuto\" \/>\n<!-- \/ Yoast SEO plugin. -->","yoast_head_json":{"title":"Ferrovial Aeropuertos: gesti\u00f3n privada de aeropuertos","description":"Desde Ferrovial Aeropuertos gestionamos 4 aeropuertos del Reino Unido con un total de 95 millones de pasajeros y 140 aerol\u00edneas. Entra e inf\u00f3rmate","robots":{"index":"index","follow":"follow","max-snippet":"max-snippet:-1","max-image-preview":"max-image-preview:large","max-video-preview":"max-video-preview:-1"},"canonical":"https:\/\/www.ferrovial.com\/es-es\/f-aeropuertos\/","og_locale":"es_ES","og_type":"article","og_title":"Ferrovial Aeropuertos: gesti\u00f3n privada de aeropuertos","og_description":"Desde Ferrovial Aeropuertos gestionamos 4 aeropuertos del Reino Unido con un total de 95 millones de pasajeros y 140 aerol\u00edneas. Entra e inf\u00f3rmate","og_url":"https:\/\/www.ferrovial.com\/es-es\/f-aeropuertos\/","og_site_name":"Ferrovial","article_publisher":"https:\/\/www.facebook.com\/ferrovial","article_modified_time":"2026-03-12T22:39:42+00:00","og_image":[{"width":1386,"height":924,"url":"https:\/\/static.ferrovial.com\/wp-content\/uploads\/2019\/09\/13141316\/che17633d.jpg","type":"image\/jpeg"}],"twitter_card":"summary_large_image","twitter_site":"@ferrovial","twitter_misc":{"Tiempo de lectura":"1 minuto"},"schema":{"@context":"https:\/\/schema.org","@graph":[{"@type":"WebPage","@id":"https:\/\/www.ferrovial.com\/es-es\/f-aeropuertos\/","url":"https:\/\/www.ferrovial.com\/es-es\/f-aeropuertos\/","name":"Ferrovial Aeropuertos: gesti\u00f3n privada de aeropuertos","isPartOf":{"@id":"https:\/\/www.ferrovial.com\/es-es\/#website"},"primaryImageOfPage":{"@id":"https:\/\/www.ferrovial.com\/es-es\/f-aeropuertos\/#primaryimage"},"image":{"@id":"https:\/\/www.ferrovial.com\/es-es\/f-aeropuertos\/#primaryimage"},"thumbnailUrl":"https:\/\/static.ferrovial.com\/wp-content\/uploads\/2019\/09\/13141316\/che17633d.jpg","datePublished":"2019-09-05T09:05:04+00:00","dateModified":"2026-03-12T22:39:42+00:00","description":"Desde Ferrovial Aeropuertos gestionamos 4 aeropuertos del Reino Unido con un total de 95 millones de pasajeros y 140 aerol\u00edneas. Entra e inf\u00f3rmate","breadcrumb":{"@id":"https:\/\/www.ferrovial.com\/es-es\/f-aeropuertos\/#breadcrumb"},"inLanguage":"es","potentialAction":[{"@type":"ReadAction","target":["https:\/\/www.ferrovial.com\/es-es\/f-aeropuertos\/"]}]},{"@type":"ImageObject","inLanguage":"es","@id":"https:\/\/www.ferrovial.com\/es-es\/f-aeropuertos\/#primaryimage","url":"https:\/\/static.ferrovial.com\/wp-content\/uploads\/2019\/09\/13141316\/che17633d.jpg","contentUrl":"https:\/\/static.ferrovial.com\/wp-content\/uploads\/2019\/09\/13141316\/che17633d.jpg","width":1386,"height":924,"caption":"Heathrow, Terminal 2, roof architecture, January 2014."},{"@type":"BreadcrumbList","@id":"https:\/\/www.ferrovial.com\/es-es\/f-aeropuertos\/#breadcrumb","itemListElement":[{"@type":"ListItem","position":1,"name":"Portada","item":"https:\/\/www.ferrovial.com\/es-es\/"},{"@type":"ListItem","position":2,"name":"Ferrovial Aeropuertos"}]},{"@type":"WebSite","@id":"https:\/\/www.ferrovial.com\/es-es\/#website","url":"https:\/\/www.ferrovial.com\/es-es\/","name":"Ferrovial","description":"Welcome to the Ferrovial&#039;s website, global operator of sustainable infrastructure. Here you can find all the information about the company and subsidiaries.","publisher":{"@id":"https:\/\/www.ferrovial.com\/es-es\/#organization"},"potentialAction":[{"@type":"SearchAction","target":{"@type":"EntryPoint","urlTemplate":"https:\/\/www.ferrovial.com\/es-es\/?s={search_term_string}"},"query-input":{"@type":"PropertyValueSpecification","valueRequired":true,"valueName":"search_term_string"}}],"inLanguage":"es"},{"@type":"Organization","@id":"https:\/\/www.ferrovial.com\/es-es\/#organization","name":"Ferrovial S.A.","url":"https:\/\/www.ferrovial.com\/es-es\/","logo":{"@type":"ImageObject","inLanguage":"es","@id":"https:\/\/www.ferrovial.com\/es-es\/#\/schema\/logo\/image\/","url":"https:\/\/static.ferrovial.com\/wp-content\/uploads\/2020\/01\/13124948\/logo-ferrovial-cf7.png","contentUrl":"https:\/\/static.ferrovial.com\/wp-content\/uploads\/2020\/01\/13124948\/logo-ferrovial-cf7.png","width":144,"height":32,"caption":"Ferrovial S.A."},"image":{"@id":"https:\/\/www.ferrovial.com\/es-es\/#\/schema\/logo\/image\/"},"sameAs":["https:\/\/www.facebook.com\/ferrovial","https:\/\/x.com\/ferrovial","https:\/\/www.instagram.com\/ferrovial\/","https:\/\/www.linkedin.com\/company\/ferrovial","https:\/\/www.pinterest.es\/ferrovial\/","https:\/\/www.youtube.com\/ferrovial","https:\/\/en.wikipedia.org\/wiki\/Ferrovial"]}]}},"_links":{"self":[{"href":"https:\/\/www.ferrovial.com\/es-es\/wp-json\/wp\/v2\/pages\/299180","targetHints":{"allow":["GET"]}}],"collection":[{"href":"https:\/\/www.ferrovial.com\/es-es\/wp-json\/wp\/v2\/pages"}],"about":[{"href":"https:\/\/www.ferrovial.com\/es-es\/wp-json\/wp\/v2\/types\/page"}],"replies":[{"embeddable":true,"href":"https:\/\/www.ferrovial.com\/es-es\/wp-json\/wp\/v2\/comments?post=299180"}],"version-history":[{"count":3,"href":"https:\/\/www.ferrovial.com\/es-es\/wp-json\/wp\/v2\/pages\/299180\/revisions"}],"predecessor-version":[{"id":327078,"href":"https:\/\/www.ferrovial.com\/es-es\/wp-json\/wp\/v2\/pages\/299180\/revisions\/327078"}],"wp:featuredmedia":[{"embeddable":true,"href":"https:\/\/www.ferrovial.com\/es-es\/wp-json\/wp\/v2\/media\/87996"}],"wp:attachment":[{"href":"https:\/\/www.ferrovial.com\/es-es\/wp-json\/wp\/v2\/media?parent=299180"}],"curies":[{"name":"wp","href":"https:\/\/api.w.org\/{rel}","templated":true}]}}