{"id":317268,"date":"2025-11-13T13:04:46","date_gmt":"2025-11-13T12:04:46","guid":{"rendered":"https:\/\/www.ferrovial.com\/?page_id=317268"},"modified":"2025-11-13T13:04:48","modified_gmt":"2025-11-13T12:04:48","slug":"gestion-energetica-en-ferrovial-energia","status":"publish","type":"page","link":"https:\/\/www.ferrovial.com\/es-es\/gestion-energetica-en-ferrovial-energia\/","title":{"rendered":"Gesti\u00f3n Energ\u00e9tica en Ferrovial Energ\u00eda"},"content":{"rendered":"    <m-final-content-header >\n            <c-breadcrumb label-text=\"Breadcrumb\" slot=\"breadcrumbs\" type='2' align='left' wrap='wrapped wrapped'>\n                        <ol>\n\n                                                            <li><a href=\"https:\/\/www.ferrovial.com\/es-es\/\" title=\"Ferrovial\">Ferrovial<\/a><\/li>\n                                    \n                <\/ol>\n\n                <\/c-breadcrumb>\n    \n        <div slot=\"header\">\n            <h1>\n                Gesti\u00f3n Energ\u00e9tica en Ferrovial Energ\u00eda            <\/h1>\n                    <\/div>\n    <\/m-final-content-header>\n\n    \n\n\n<m-wysiwig class=\"wp-block-components-wysiwyg\"><div slot=\"maincontent\">\n<h2 class=\"wp-block-heading has-text-align-center\">\u00bfC\u00f3mo conseguimos una eficaz gesti\u00f3n energ\u00e9tica y reducir\u00a0las emisiones de carbono?\u200b<\/h2>\n\n\n\n<p class=\"has-text-align-center\">Ferrovial impulsa soluciones integrales que optimizan el consumo, disminuyen la huella ambiental y mejoran la eficiencia en entornos urbanos y edificios p\u00fablicos.<\/p>\n<\/div><\/m-wysiwig>\n\n\n               \n    <m-text-media class='image-right' bgcolor='white'>\n        <div class=\"m-text-media__text_content\" slot=\"content\">\n            <h3 class=\"title\" slot=\"title\">Servicios Energ\u00e9ticos<\/h3>                            <div class=\"description\" slot=\"description\">\n                    <p>Nuestros servicios incluyen alumbrado p&uacute;blico con telegesti&oacute;n. Tambi&eacute;n impulsamos el autoconsumo con energ&iacute;a renovable y sistemas de almacenamiento, reduciendo costes y emisiones.<\/p>\n<p>Adem&aacute;s, dise&ntilde;amos y mantenemos redes de calor y fr&iacute;o para optimizar consumos en entornos urbanos. Ofrecemos gesti&oacute;n energ&eacute;tica avanzada con monitorizaci&oacute;n en tiempo real y control remoto de procesos, garantizando eficiencia y ahorro.<\/p>\n<p>Por &uacute;ltimo, desarrollamos infraestructuras de recarga para veh&iacute;culos el&eacute;ctricos y realizamos rehabilitaci&oacute;n de edificios para mejorar aislamiento, climatizaci&oacute;n e iluminaci&oacute;n eficiente.<\/p>                <\/div>\n                                        <a class=\"c-button m-projects-distributor__button c-button--primary c-button--padding-s noTouch\" \n                   href=\"https:\/\/www.ferrovial.com\/en\/business-lines\/energy\/\" \n                   aria-label=\"Visita Ferrovial Energ\u00eda\"\n                   >\n                    <div class=\"c-button__text\">\n                        Visita Ferrovial Energ\u00eda                    <\/div>\n                <\/a>\n                    <\/div>\n        <div class=\"m-text-media__text_image\" slot=\"image\">\n\n            \n                                    <picture>\n                        <source media=\"(max-width: 667px)\" srcset=\"https:\/\/static.ferrovial.com\/wp-content\/uploads\/2025\/11\/11125015\/tabla-800x600.png\">\n                        <source media=\"(max-width: 1023px)\" srcset=\"https:\/\/static.ferrovial.com\/wp-content\/uploads\/2025\/11\/11125015\/tabla-1037x720.png\">\n                        <img decoding=\"async\" class=\"m-text-media__background-image\" src=\"https:\/\/static.ferrovial.com\/wp-content\/uploads\/2025\/11\/11125015\/tabla.png\" alt=\"\" style=\"object-position: center center;\">\n                    <\/picture>\n                \n            \n        <\/div>\n    <\/m-text-media>\n\n    \n\n\n<m-wysiwig class=\"wp-block-components-wysiwyg\"><div slot=\"maincontent\">\n<h3 class=\"wp-block-heading has-text-align-center\"><strong>Contratos Servicios Energ\u00e9ticos en Espa\u00f1a<\/strong><\/h3>\n\n\n\n<p class=\"has-text-align-center\">Descubre todos los proyectos que Ferrovial Energ\u00eda gestiona a lo largo de la geograf\u00eda espa\u00f1ola, tanto para alumbrado, como para edificios p\u00fablicos.<\/p>\n<\/div><\/m-wysiwig>\n\n\n<div class=\"wp-block-image\">\n<figure class=\"aligncenter size-full\"><img v-lazy=\"'https:\/\/static.ferrovial.com\/wp-content\/uploads\/2025\/11\/11173126\/mapa-proyectos-2.png'\" alt=\"\" class=\"wp-image-317375\"\/><\/figure><\/div>\n\n\n<hr class=\"wp-block-separator has-text-color has-white-color has-alpha-channel-opacity has-white-background-color has-background\"\/>\n\n\n\n<hr class=\"wp-block-separator has-text-color has-white-color has-alpha-channel-opacity has-white-background-color has-background\"\/>\n\n\n\n<figure class=\"wp-block-gallery has-nested-images columns-2 wp-block-gallery-1 is-layout-flex wp-block-gallery-is-layout-flex\">\n<figure class=\"wp-block-image size-large is-style-default\"><img data-id=\"317250\" v-lazy=\"'https:\/\/static.ferrovial.com\/wp-content\/uploads\/2025\/11\/11125009\/iluminacion-2-1024x576.png'\" alt=\"\" class=\"wp-image-317250\"\/><\/figure>\n\n\n\n<figure class=\"wp-block-image size-large is-style-default\"><img data-id=\"317232\" v-lazy=\"'https:\/\/static.ferrovial.com\/wp-content\/uploads\/2025\/11\/11124955\/edificios-2-1024x626.png'\" alt=\"\" class=\"wp-image-317232\"\/><\/figure>\n\n\n\n<figure class=\"wp-block-image size-large\"><img data-id=\"317241\" v-lazy=\"'https:\/\/static.ferrovial.com\/wp-content\/uploads\/2025\/11\/11125002\/iluminacion-1-1024x576.png'\" alt=\"\" class=\"wp-image-317241\"\/><\/figure>\n\n\n\n<figure class=\"wp-block-image size-large\"><img data-id=\"317223\" v-lazy=\"'https:\/\/static.ferrovial.com\/wp-content\/uploads\/2025\/11\/11124947\/edificios-1-1024x626.png'\" alt=\"\" class=\"wp-image-317223\"\/><\/figure>\n<\/figure>\n\n\n    <m-text-two-columns >\n        <template v-slot:column1>\n                            <h3 class=\"title align-left\">CAEs<\/h3>\n            \n                            <div class=\"description\">\n                    <p>Ferrovial Energ&iacute;a ofrece el servicio de <strong>Certificados de Ahorro Energ&eacute;tico<\/strong> (CAE), gestionando <strong>26.440 MWh<\/strong> en proyectos eficientes. Estos certificados acreditan los ahorros energ&eacute;ticos logrados, fomentando la eficiencia y el uso responsable de los recursos. Con los CAE impulsamos la sostenibilidad y la reducci&oacute;n de emisiones en Espa&ntilde;a.<\/p>                <\/div>\n                    <\/template>\n    \n        <template v-slot:column2>\n                            <h3 class=\"title align-left\">Mobilities for EU<\/h3>\n            \n                            <div class=\"description\">\n                    <p>Adem&aacute;s, tambi&eacute;n participa en el proyecto europeo <strong>Mobilities4EU<\/strong> para crear ciudades m&aacute;s sostenibles, inteligentes y habitables. Este proyecto impulsa la movilidad limpia mediante la integraci&oacute;n de energ&iacute;as renovables, infraestructuras inteligentes y soluciones innovadoras. Gracias a la colaboraci&oacute;n y la tecnolog&iacute;a, estamos ayudando a Espa&ntilde;a y Europa a reducir emisiones y avanzar hacia un modelo de transporte eficiente.<\/p>                <\/div>\n                    <\/template>\n    <\/m-text-two-columns>\n    \n\n\n    <m-distributor-basic >\n                        <h3 slot=\"title\">\n                    Conoce m\u00e1s de Ferrovial Energ\u00eda                <\/h3>\n                                <p slot=\"text\">\n                    Descubre qui\u00e9nes somos y qu\u00e9 hacemos. \u00a1Inscr\u00edbete a nuestra newsletter!                <\/p>\n                                    <c-button slot='cta' type='primary' disabled='false' href='https:\/\/newsroom.ferrovial.com\/es\/registro-newsletter\/' target='_blank' sr-only='Abrir en una nueva pesta\u00f1a' icon='true'>\n                        <span>Newsletter<\/span>\n                                            <c-icon icon=\"external\" size=\"s\">\n                        <\/c-icon>\n                                        <\/c-button>\n                                        <c-button slot='cta' type='ghost-color' disabled='false' href='#'>\n                        <span>Cont\u00e1ctanos<\/span>\n                                        <\/c-button>\n                    \n        \n\n    <\/m-distributor-basic>\n    ","protected":false},"excerpt":{"rendered":"","protected":false},"featured_media":0,"parent":0,"menu_order":0,"comment_status":"closed","ping_status":"closed","template":"","meta":{"_acf_changed":false,"footnotes":""},"class_list":["post-317268","page","type-page","status-publish","hentry"],"acf":[],"yoast_head":"<!-- This site is optimized with the Yoast SEO plugin v27.2 - https:\/\/yoast.com\/product\/yoast-seo-wordpress\/ -->\n<title>Gesti\u00f3n Energ\u00e9tica en Ferrovial Energ\u00eda - Ferrovial<\/title>\n<meta name=\"description\" content=\"Ferrovial ofrece soluciones energ\u00e9ticas que reducen emisiones, optimizan consumo y mejoran la eficiencia en ciudades y edificios p\u00fablicos.\" \/>\n<meta name=\"robots\" content=\"index, follow, max-snippet:-1, max-image-preview:large, max-video-preview:-1\" \/>\n<link rel=\"canonical\" href=\"https:\/\/www.ferrovial.com\/es-es\/gestion-energetica-en-ferrovial-energia\/\" \/>\n<meta property=\"og:locale\" content=\"es_ES\" \/>\n<meta property=\"og:type\" content=\"article\" \/>\n<meta property=\"og:title\" content=\"Gesti\u00f3n Energ\u00e9tica en Ferrovial Energ\u00eda - Ferrovial\" \/>\n<meta property=\"og:description\" content=\"Ferrovial ofrece soluciones energ\u00e9ticas que reducen emisiones, optimizan consumo y mejoran la eficiencia en ciudades y edificios p\u00fablicos.\" \/>\n<meta property=\"og:url\" content=\"https:\/\/www.ferrovial.com\/es-es\/gestion-energetica-en-ferrovial-energia\/\" \/>\n<meta property=\"og:site_name\" content=\"Ferrovial\" \/>\n<meta property=\"article:publisher\" content=\"https:\/\/www.facebook.com\/ferrovial\" \/>\n<meta property=\"article:modified_time\" content=\"2025-11-13T12:04:48+00:00\" \/>\n<meta property=\"og:image\" content=\"https:\/\/www.ferrovial.com\/wp-content\/uploads\/2025\/11\/mapa-proyectos-2.png\" \/>\n<meta name=\"twitter:card\" content=\"summary_large_image\" \/>\n<meta name=\"twitter:site\" content=\"@ferrovial\" \/>\n<meta name=\"twitter:label1\" content=\"Tiempo de lectura\" \/>\n\t<meta name=\"twitter:data1\" content=\"2 minutos\" \/>\n<!-- \/ Yoast SEO plugin. -->","yoast_head_json":{"title":"Gesti\u00f3n Energ\u00e9tica en Ferrovial Energ\u00eda - Ferrovial","description":"Ferrovial ofrece soluciones energ\u00e9ticas que reducen emisiones, optimizan consumo y mejoran la eficiencia en ciudades y edificios p\u00fablicos.","robots":{"index":"index","follow":"follow","max-snippet":"max-snippet:-1","max-image-preview":"max-image-preview:large","max-video-preview":"max-video-preview:-1"},"canonical":"https:\/\/www.ferrovial.com\/es-es\/gestion-energetica-en-ferrovial-energia\/","og_locale":"es_ES","og_type":"article","og_title":"Gesti\u00f3n Energ\u00e9tica en Ferrovial Energ\u00eda - Ferrovial","og_description":"Ferrovial ofrece soluciones energ\u00e9ticas que reducen emisiones, optimizan consumo y mejoran la eficiencia en ciudades y edificios p\u00fablicos.","og_url":"https:\/\/www.ferrovial.com\/es-es\/gestion-energetica-en-ferrovial-energia\/","og_site_name":"Ferrovial","article_publisher":"https:\/\/www.facebook.com\/ferrovial","article_modified_time":"2025-11-13T12:04:48+00:00","og_image":[{"url":"https:\/\/www.ferrovial.com\/wp-content\/uploads\/2025\/11\/mapa-proyectos-2.png","type":"","width":"","height":""}],"twitter_card":"summary_large_image","twitter_site":"@ferrovial","twitter_misc":{"Tiempo de lectura":"2 minutos"},"schema":{"@context":"https:\/\/schema.org","@graph":[{"@type":"WebPage","@id":"https:\/\/www.ferrovial.com\/es-es\/gestion-energetica-en-ferrovial-energia\/","url":"https:\/\/www.ferrovial.com\/es-es\/gestion-energetica-en-ferrovial-energia\/","name":"Gesti\u00f3n Energ\u00e9tica en Ferrovial Energ\u00eda - Ferrovial","isPartOf":{"@id":"https:\/\/www.ferrovial.com\/es-es\/#website"},"primaryImageOfPage":{"@id":"https:\/\/www.ferrovial.com\/es-es\/gestion-energetica-en-ferrovial-energia\/#primaryimage"},"image":{"@id":"https:\/\/www.ferrovial.com\/es-es\/gestion-energetica-en-ferrovial-energia\/#primaryimage"},"thumbnailUrl":"https:\/\/www.ferrovial.com\/wp-content\/uploads\/2025\/11\/mapa-proyectos-2.png","datePublished":"2025-11-13T12:04:46+00:00","dateModified":"2025-11-13T12:04:48+00:00","description":"Ferrovial ofrece soluciones energ\u00e9ticas que reducen emisiones, optimizan consumo y mejoran la eficiencia en ciudades y edificios p\u00fablicos.","breadcrumb":{"@id":"https:\/\/www.ferrovial.com\/es-es\/gestion-energetica-en-ferrovial-energia\/#breadcrumb"},"inLanguage":"es","potentialAction":[{"@type":"ReadAction","target":["https:\/\/www.ferrovial.com\/es-es\/gestion-energetica-en-ferrovial-energia\/"]}]},{"@type":"ImageObject","inLanguage":"es","@id":"https:\/\/www.ferrovial.com\/es-es\/gestion-energetica-en-ferrovial-energia\/#primaryimage","url":"https:\/\/www.ferrovial.com\/wp-content\/uploads\/2025\/11\/mapa-proyectos-2.png","contentUrl":"https:\/\/www.ferrovial.com\/wp-content\/uploads\/2025\/11\/mapa-proyectos-2.png"},{"@type":"BreadcrumbList","@id":"https:\/\/www.ferrovial.com\/es-es\/gestion-energetica-en-ferrovial-energia\/#breadcrumb","itemListElement":[{"@type":"ListItem","position":1,"name":"Portada","item":"https:\/\/www.ferrovial.com\/es-es\/"},{"@type":"ListItem","position":2,"name":"Gesti\u00f3n Energ\u00e9tica en Ferrovial Energ\u00eda"}]},{"@type":"WebSite","@id":"https:\/\/www.ferrovial.com\/es-es\/#website","url":"https:\/\/www.ferrovial.com\/es-es\/","name":"Ferrovial","description":"Welcome to the Ferrovial&#039;s website, global operator of sustainable infrastructure. Here you can find all the information about the company and subsidiaries.","publisher":{"@id":"https:\/\/www.ferrovial.com\/es-es\/#organization"},"potentialAction":[{"@type":"SearchAction","target":{"@type":"EntryPoint","urlTemplate":"https:\/\/www.ferrovial.com\/es-es\/?s={search_term_string}"},"query-input":{"@type":"PropertyValueSpecification","valueRequired":true,"valueName":"search_term_string"}}],"inLanguage":"es"},{"@type":"Organization","@id":"https:\/\/www.ferrovial.com\/es-es\/#organization","name":"Ferrovial S.A.","url":"https:\/\/www.ferrovial.com\/es-es\/","logo":{"@type":"ImageObject","inLanguage":"es","@id":"https:\/\/www.ferrovial.com\/es-es\/#\/schema\/logo\/image\/","url":"https:\/\/static.ferrovial.com\/wp-content\/uploads\/2020\/01\/13124948\/logo-ferrovial-cf7.png","contentUrl":"https:\/\/static.ferrovial.com\/wp-content\/uploads\/2020\/01\/13124948\/logo-ferrovial-cf7.png","width":144,"height":32,"caption":"Ferrovial S.A."},"image":{"@id":"https:\/\/www.ferrovial.com\/es-es\/#\/schema\/logo\/image\/"},"sameAs":["https:\/\/www.facebook.com\/ferrovial","https:\/\/x.com\/ferrovial","https:\/\/www.instagram.com\/ferrovial\/","https:\/\/www.linkedin.com\/company\/ferrovial","https:\/\/www.pinterest.es\/ferrovial\/","https:\/\/www.youtube.com\/ferrovial","https:\/\/en.wikipedia.org\/wiki\/Ferrovial"]}]}},"_links":{"self":[{"href":"https:\/\/www.ferrovial.com\/es-es\/wp-json\/wp\/v2\/pages\/317268","targetHints":{"allow":["GET"]}}],"collection":[{"href":"https:\/\/www.ferrovial.com\/es-es\/wp-json\/wp\/v2\/pages"}],"about":[{"href":"https:\/\/www.ferrovial.com\/es-es\/wp-json\/wp\/v2\/types\/page"}],"replies":[{"embeddable":true,"href":"https:\/\/www.ferrovial.com\/es-es\/wp-json\/wp\/v2\/comments?post=317268"}],"version-history":[{"count":3,"href":"https:\/\/www.ferrovial.com\/es-es\/wp-json\/wp\/v2\/pages\/317268\/revisions"}],"predecessor-version":[{"id":317667,"href":"https:\/\/www.ferrovial.com\/es-es\/wp-json\/wp\/v2\/pages\/317268\/revisions\/317667"}],"wp:attachment":[{"href":"https:\/\/www.ferrovial.com\/es-es\/wp-json\/wp\/v2\/media?parent=317268"}],"curies":[{"name":"wp","href":"https:\/\/api.w.org\/{rel}","templated":true}]}}