{"id":326332,"date":"2026-03-03T17:21:55","date_gmt":"2026-03-03T16:21:55","guid":{"rendered":"https:\/\/www.ferrovial.com\/negocio\/construccion\/filiales\/"},"modified":"2026-03-05T16:21:25","modified_gmt":"2026-03-05T15:21:25","slug":"filiales","status":"publish","type":"page","link":"https:\/\/www.ferrovial.com\/es-es\/negocio\/construccion\/filiales\/","title":{"rendered":"Filiales Construcci\u00f3n"},"content":{"rendered":"    <m-final-content-header >\n            <c-breadcrumb label-text=\"Breadcrumb\" slot=\"breadcrumbs\" type='2' align='left' wrap='wrapped wrapped' aria-label='Vienes de Construcci\u00f3n'>\n                        <ol>\n\n                                                            <li><a href=\"https:\/\/www.ferrovial.com\/es-es\/\" title=\"Ferrovial\">Ferrovial<\/a><\/li>\n                                                                        <li><a href=\"https:\/\/www.ferrovial.com\/es\/negocio\/\" title=\"Negocios\">Negocios<\/a><\/li>\n                                                                        <li><a href=\"https:\/\/www.ferrovial.com\/es\/negocio\/construccion\/\" title=\"Construcci\u00f3n\">Construcci\u00f3n<\/a><\/li>\n                                    \n                <\/ol>\n\n                <\/c-breadcrumb>\n    \n        <div slot=\"header\">\n            <h1>\n                Filiales de Construcci\u00f3n            <\/h1>\n                    <\/div>\n    <\/m-final-content-header>\n\n    \n\n\n<m-wysiwig class=\"wp-block-components-wysiwyg\"><div slot=\"maincontent\">\n<h2 class=\"wp-block-heading has-text-align-center\">Estructura empresarial y \u00e1reas clave<\/h2>\n\n\n\n<p class=\"has-text-align-center\">La unidad de negocio de <strong><a href=\"https:\/\/www.ferrovial.com\/es-es\/negocio\/construccion\/\">Construcci\u00f3n<\/a><\/strong> agrupa diversas filiales especializadas en dise\u00f1o, ingenier\u00eda, montaje, desarrollo y operaci\u00f3n de proyectos de construcci\u00f3n, as\u00ed como soluciones, productos o materiales espec\u00edficos. Cada una de ellas aporta capacidades espec\u00edficas en obra civil, edificaci\u00f3n, transporte, soluciones industriales y construcci\u00f3n sostenible. En conjunto, conforman un equipo especializado en proyectos complejos en cualquier parte del mundo.<\/p>\n<\/div><\/m-wysiwig>\n\n\n    <m-distributor-brands-basic>\n                        <h3 slot=\"title\">\n                    Nuestras compa\u00f1\u00edas de construcci\u00f3n                <\/h3>\n                                    <a slot='card'>\n                                                        <img src='https:\/\/static.ferrovial.com\/wp-content\/uploads\/2020\/05\/13124702\/fconstruccion_principal_rgb_esp.svg' alt='View more' \/>\n                                                        <p class=\"description\">\n                            Constructora reconocida internacionalmente por nuestros proyectos emblem\u00e1ticos                        <\/p>\n                                                        <p class=\"country\">\n                                    Ir a Ferrovial Construcci\u00f3n                                <\/p>\n                                                    <\/a>\n                                        <a slot='card' href='https:\/\/www.ferrovial.com\/es\/webber\/' target='_blank'>\n                                                        <img src='https:\/\/static.ferrovial.com\/wp-content\/uploads\/2019\/10\/13134001\/CNT-PRINCIPAL-WEBBER.svg' alt='Logo Webber' \/>\n                                                        <p class=\"description\">\n                            Empresa l\u00edder en construcci\u00f3n con sede en los Estados Unidos                        <\/p>\n                                                        <p class=\"country\">\n                                    Ir a Webber                                <\/p>\n                                                    <\/a>\n                                        <a slot='card'>\n                                                        <img src='https:\/\/static.ferrovial.com\/wp-content\/uploads\/2019\/10\/13134005\/CNT-PRINCIPAL-BUDIMEX.svg' alt='logo budimex' \/>\n                                                        <p class=\"description\">\n                            Uno de los grupos de construcci\u00f3n y servicios m\u00e1s reconocidos de Polonia                        <\/p>\n                                                        <p class=\"country\">\n                                    Ir a Budimex                                <\/p>\n                                                    <\/a>\n                        <\/m-distributor-brands-basic>\n\n    \n\n    <m-distributor-brands-basic>\n                            <a slot='card'>\n                                                        <img src='https:\/\/static.ferrovial.com\/wp-content\/uploads\/2026\/03\/05161702\/cimsa-logo-filial-144x64.png' alt='View more' \/>\n                                                        <p class=\"description\">\n                            Soluciones innovadoras y diferenciadoras en el mercado de las cimentaciones especiales.                        <\/p>\n                                                        <p class=\"country\">\n                                    ir a cimsa                                <\/p>\n                                                    <\/a>\n                                        <a slot='card'>\n                                                        <img src='https:\/\/static.ferrovial.com\/wp-content\/uploads\/2026\/03\/05161713\/cadagua-logo-filial-144x64.png' alt='View more' \/>\n                                                        <p class=\"description\">\n                            Especializada en el dise\u00f1o, construcci\u00f3n y operaci\u00f3n de plantas de tratamiento de agua.                        <\/p>\n                                                        <p class=\"country\">\n                                    ir a cadagua                                <\/p>\n                                                    <\/a>\n                                        <a slot='card'>\n                                                        <img src='https:\/\/static.ferrovial.com\/wp-content\/uploads\/2026\/03\/05161650\/ditecpesa-logo-filial-144x64.png' alt='View more' \/>\n                                                        <p class=\"description\">\n                            Empresa dedicada al desarrollo, fabricaci\u00f3n y comercializaci\u00f3n de productos asf\u00e1lticos.                        <\/p>\n                                                        <p class=\"country\">\n                                    Ir a ditecpesa                                <\/p>\n                                                    <\/a>\n                                        <a slot='card'>\n                                                        <img src='https:\/\/static.ferrovial.com\/wp-content\/uploads\/2026\/03\/05161639\/edytesa-logo-filial-144x64.png' alt='View more' \/>\n                                                        <p class=\"description\">\n                            Especializado en el encofrado deslizante y en la elevaci\u00f3n desplazada.                        <\/p>\n                                                        <p class=\"country\">\n                                    ir a edytesa                                <\/p>\n                                                    <\/a>\n                                        <a slot='card'>\n                                                        <img src='https:\/\/static.ferrovial.com\/wp-content\/uploads\/2026\/03\/05161628\/ferconsa-logo-filial-144x64.png' alt='View more' \/>\n                                                        <p class=\"description\">\n                            Especializada en ingenier\u00eda, dise\u00f1o, montaje y puesta en servicio de instalaciones.                        <\/p>\n                                                        <p class=\"country\">\n                                    ir a ferconsa                                <\/p>\n                                                    <\/a>\n                                        <a slot='card' href='https:\/\/www.powernet.es\/' target='_blank'>\n                                                        <img src='https:\/\/static.ferrovial.com\/wp-content\/uploads\/2026\/03\/05161616\/powernet-logo-filial-144x64.png' alt='Lorem ipsum' \/>\n                                                        <p class=\"description\">\n                            Especializada en el dise\u00f1o, instalaci\u00f3n y operaci\u00f3n de soluciones para entornos DataCenter                        <\/p>\n                                                        <p class=\"country\">\n                                    Ir a powernet                                <\/p>\n                                                    <\/a>\n                                        <a slot='card'>\n                                                        <img src='https:\/\/static.ferrovial.com\/wp-content\/uploads\/2026\/03\/05161605\/tecpresa-logo-filial-144x64.png' alt='View more' \/>\n                                                        <p class=\"description\">\n                            Especialistas en el dise\u00f1o de soluciones constructivas para el postesado y el tesado.                        <\/p>\n                                                        <p class=\"country\">\n                                    ir a tecpresa                                <\/p>\n                                                    <\/a>\n                        <\/m-distributor-brands-basic>\n\n    \n\n    <m-annual-report :whitetext='false' :gutenberg='true'>\n                        <p slot=\"cta\">\n                    Las cifras destacadas de Construcci\u00f3n en 2025                <\/p>\n                \n                        <c-button href='https:\/\/informeanualintegrado2025.ferrovial.com\/en\/' title='Informe Anual Integrado' slot='cta' disabled='false' type='ghost-positive-alt' target='_blank' rel='noopener' >\n                Informe Anual Integrado                <span class=\"sr-only\">Abrir en una nueva pesta\u00f1a<\/span>\n                                <\/c-button>\n                \n        \n            <ul slot=\"cypher\">\n\n                                            <li>\n                                \n                                <div>\n                                    <span><\/span><span >7653<\/span><span>M\u20ac<\/span>\n                                <\/div>\n\n                                                                        <span>\n                                            Ventas                                        <\/span>\n                                                                    <\/li>\n                                                    <li>\n                                \n                                <div>\n                                    <span><\/span><span >18832<\/span><span><\/span>\n                                <\/div>\n\n                                                                        <span>\n                                            Empleados                                        <\/span>\n                                                                    <\/li>\n                                                    <li>\n                                \n                                <div>\n                                    <span><\/span><span >4,6<\/span><span>%<\/span>\n                                <\/div>\n\n                                                                        <span>\n                                            Margen EBIDTA ajustado                                        <\/span>\n                                                                    <\/li>\n                                                    <li>\n                                \n                                <div>\n                                    <span><\/span><span >17438<\/span><span>M\u20ac<\/span>\n                                <\/div>\n\n                                                                        <span>\n                                            Cartera                                        <\/span>\n                                                                    <\/li>\n                        \n            <\/ul>\n            <\/m-annual-report>\n\n    ","protected":false},"excerpt":{"rendered":"","protected":false},"featured_media":0,"parent":112986,"menu_order":0,"comment_status":"closed","ping_status":"closed","template":"","meta":{"_acf_changed":false,"footnotes":""},"class_list":["post-326332","page","type-page","status-publish","hentry"],"acf":[],"yoast_head":"<!-- This site is optimized with the Yoast SEO plugin v27.2 - https:\/\/yoast.com\/product\/yoast-seo-wordpress\/ -->\n<title>Filiales Construcci\u00f3n - Ferrovial<\/title>\n<meta name=\"description\" content=\"Conoce a todas las marcas especializadas dentro del negocio de Construcci\u00f3n de Ferrovial.\" \/>\n<meta name=\"robots\" content=\"index, follow, max-snippet:-1, max-image-preview:large, max-video-preview:-1\" \/>\n<link rel=\"canonical\" href=\"https:\/\/www.ferrovial.com\/es-es\/negocio\/construccion\/filiales\/\" \/>\n<meta property=\"og:locale\" content=\"es_ES\" \/>\n<meta property=\"og:type\" content=\"article\" \/>\n<meta property=\"og:title\" content=\"Filiales Construcci\u00f3n - Ferrovial\" \/>\n<meta property=\"og:description\" content=\"Conoce a todas las marcas especializadas dentro del negocio de Construcci\u00f3n de Ferrovial.\" \/>\n<meta property=\"og:url\" content=\"https:\/\/www.ferrovial.com\/es-es\/negocio\/construccion\/filiales\/\" \/>\n<meta property=\"og:site_name\" content=\"Ferrovial\" \/>\n<meta property=\"article:publisher\" content=\"https:\/\/www.facebook.com\/ferrovial\" \/>\n<meta property=\"article:modified_time\" content=\"2026-03-05T15:21:25+00:00\" \/>\n<meta name=\"twitter:card\" content=\"summary_large_image\" \/>\n<meta name=\"twitter:site\" content=\"@ferrovial\" \/>\n<meta name=\"twitter:label1\" content=\"Tiempo de lectura\" \/>\n\t<meta name=\"twitter:data1\" content=\"1 minuto\" \/>\n<!-- \/ Yoast SEO plugin. -->","yoast_head_json":{"title":"Filiales Construcci\u00f3n - Ferrovial","description":"Conoce a todas las marcas especializadas dentro del negocio de Construcci\u00f3n de Ferrovial.","robots":{"index":"index","follow":"follow","max-snippet":"max-snippet:-1","max-image-preview":"max-image-preview:large","max-video-preview":"max-video-preview:-1"},"canonical":"https:\/\/www.ferrovial.com\/es-es\/negocio\/construccion\/filiales\/","og_locale":"es_ES","og_type":"article","og_title":"Filiales Construcci\u00f3n - Ferrovial","og_description":"Conoce a todas las marcas especializadas dentro del negocio de Construcci\u00f3n de Ferrovial.","og_url":"https:\/\/www.ferrovial.com\/es-es\/negocio\/construccion\/filiales\/","og_site_name":"Ferrovial","article_publisher":"https:\/\/www.facebook.com\/ferrovial","article_modified_time":"2026-03-05T15:21:25+00:00","twitter_card":"summary_large_image","twitter_site":"@ferrovial","twitter_misc":{"Tiempo de lectura":"1 minuto"},"schema":{"@context":"https:\/\/schema.org","@graph":[{"@type":"WebPage","@id":"https:\/\/www.ferrovial.com\/es-es\/negocio\/construccion\/filiales\/","url":"https:\/\/www.ferrovial.com\/es-es\/negocio\/construccion\/filiales\/","name":"Filiales Construcci\u00f3n - Ferrovial","isPartOf":{"@id":"https:\/\/www.ferrovial.com\/es-es\/#website"},"datePublished":"2026-03-03T16:21:55+00:00","dateModified":"2026-03-05T15:21:25+00:00","description":"Conoce a todas las marcas especializadas dentro del negocio de Construcci\u00f3n de Ferrovial.","breadcrumb":{"@id":"https:\/\/www.ferrovial.com\/es-es\/negocio\/construccion\/filiales\/#breadcrumb"},"inLanguage":"es","potentialAction":[{"@type":"ReadAction","target":["https:\/\/www.ferrovial.com\/es-es\/negocio\/construccion\/filiales\/"]}]},{"@type":"BreadcrumbList","@id":"https:\/\/www.ferrovial.com\/es-es\/negocio\/construccion\/filiales\/#breadcrumb","itemListElement":[{"@type":"ListItem","position":1,"name":"Portada","item":"https:\/\/www.ferrovial.com\/es-es\/"},{"@type":"ListItem","position":2,"name":"Negocios","item":"https:\/\/www.ferrovial.com\/es-es\/negocio\/"},{"@type":"ListItem","position":3,"name":"Construcci\u00f3n","item":"https:\/\/www.ferrovial.com\/es-es\/negocio\/construccion\/"},{"@type":"ListItem","position":4,"name":"Filiales Construcci\u00f3n"}]},{"@type":"WebSite","@id":"https:\/\/www.ferrovial.com\/es-es\/#website","url":"https:\/\/www.ferrovial.com\/es-es\/","name":"Ferrovial","description":"Welcome to the Ferrovial&#039;s website, global operator of sustainable infrastructure. Here you can find all the information about the company and subsidiaries.","publisher":{"@id":"https:\/\/www.ferrovial.com\/es-es\/#organization"},"potentialAction":[{"@type":"SearchAction","target":{"@type":"EntryPoint","urlTemplate":"https:\/\/www.ferrovial.com\/es-es\/?s={search_term_string}"},"query-input":{"@type":"PropertyValueSpecification","valueRequired":true,"valueName":"search_term_string"}}],"inLanguage":"es"},{"@type":"Organization","@id":"https:\/\/www.ferrovial.com\/es-es\/#organization","name":"Ferrovial S.A.","url":"https:\/\/www.ferrovial.com\/es-es\/","logo":{"@type":"ImageObject","inLanguage":"es","@id":"https:\/\/www.ferrovial.com\/es-es\/#\/schema\/logo\/image\/","url":"https:\/\/static.ferrovial.com\/wp-content\/uploads\/2020\/01\/13124948\/logo-ferrovial-cf7.png","contentUrl":"https:\/\/static.ferrovial.com\/wp-content\/uploads\/2020\/01\/13124948\/logo-ferrovial-cf7.png","width":144,"height":32,"caption":"Ferrovial S.A."},"image":{"@id":"https:\/\/www.ferrovial.com\/es-es\/#\/schema\/logo\/image\/"},"sameAs":["https:\/\/www.facebook.com\/ferrovial","https:\/\/x.com\/ferrovial","https:\/\/www.instagram.com\/ferrovial\/","https:\/\/www.linkedin.com\/company\/ferrovial","https:\/\/www.pinterest.es\/ferrovial\/","https:\/\/www.youtube.com\/ferrovial","https:\/\/en.wikipedia.org\/wiki\/Ferrovial"]}]}},"_links":{"self":[{"href":"https:\/\/www.ferrovial.com\/es-es\/wp-json\/wp\/v2\/pages\/326332","targetHints":{"allow":["GET"]}}],"collection":[{"href":"https:\/\/www.ferrovial.com\/es-es\/wp-json\/wp\/v2\/pages"}],"about":[{"href":"https:\/\/www.ferrovial.com\/es-es\/wp-json\/wp\/v2\/types\/page"}],"replies":[{"embeddable":true,"href":"https:\/\/www.ferrovial.com\/es-es\/wp-json\/wp\/v2\/comments?post=326332"}],"version-history":[{"count":2,"href":"https:\/\/www.ferrovial.com\/es-es\/wp-json\/wp\/v2\/pages\/326332\/revisions"}],"predecessor-version":[{"id":326532,"href":"https:\/\/www.ferrovial.com\/es-es\/wp-json\/wp\/v2\/pages\/326332\/revisions\/326532"}],"up":[{"embeddable":true,"href":"https:\/\/www.ferrovial.com\/es-es\/wp-json\/wp\/v2\/pages\/112986"}],"wp:attachment":[{"href":"https:\/\/www.ferrovial.com\/es-es\/wp-json\/wp\/v2\/media?parent=326332"}],"curies":[{"name":"wp","href":"https:\/\/api.w.org\/{rel}","templated":true}]}}