{"id":38629,"date":"2019-09-05T11:11:23","date_gmt":"2019-09-05T09:11:23","guid":{"rendered":"https:\/\/www.ferrovial.com\/f-agroman\/"},"modified":"2026-03-13T00:04:05","modified_gmt":"2026-03-12T23:04:05","slug":"f-construccion","status":"publish","type":"page","link":"https:\/\/www.ferrovial.com\/es-es\/f-construccion\/","title":{"rendered":"Ferrovial Construcci\u00f3n"},"content":{"rendered":"\n    <m-hero type='brand' gutenberg='gutenberg' :translations='{\n        &quot;play&quot;:&quot;Reproducir v\u00eddeo de fondo&quot;,\n        &quot;pause&quot;:&quot;Pausar v\u00eddeo de fondo&quot;,\n        &quot;prev&quot;:&quot;Anterior&quot;,\n        &quot;next&quot;:&quot;Siguiente&quot;,\n        &quot;paginationseparator&quot;:&quot;de&quot;,\n        &quot;goto&quot;:&quot;Ir al slide&quot;\n    }'>\n                        \n                \n                <section slot=\"hero\">\n                    <article bgtype='video' bgsource='https:\/\/static.ferrovial.com\/wp-content\/uploads\/2020\/01\/13130731\/20190425_loop_erques_09_1.mp4' bgposition='center center' poster='https:\/\/static.ferrovial.com\/wp-content\/uploads\/2019\/11\/13140945\/viaducto-de-erques-canarias.png'>\n                                                <h1><span label=\"Logo ferrovial construcci\u00f3n\" bg=\"background-image: url('https:\/\/static.ferrovial.com\/wp-content\/uploads\/2020\/05\/13124702\/fconstruccion_bn_esp.svg')\"><\/span><\/h1>\n                                            <\/article>\n                <\/section>\n                <\/m-hero>\n    \n\n    \n    <m-header-brand>\n                            <a slot='logo' href='https:\/\/www.ferrovial.com\/es-es\/f-construccion\/' title='Logo ferrovial construcci\u00f3n'>\n                        <span class=\"sr-only\">Logo ferrovial construcci\u00f3n<\/span>\n                        <span role=\"img\" aria-label=\"Logo ferrovial construcci\u00f3n\" style=\"background-image: url('https:\/\/static.ferrovial.com\/wp-content\/uploads\/2020\/05\/13124702\/fconstruccion_bn_esp.svg')\"><\/span>\n                    <\/a>\n                    <\/m-header-brand>\n    \n\n\n    <m-introduction-brand type=\"primary\" gutenberg>\n                        <h2 slot=\"label\">\n                    \u00bfQu\u00e9 hacemos?                <\/h2>\n                                <h3 slot=\"title\">\n                    L\u00edder internacional en el sector de la construcci\u00f3n                <\/h3>\n                                <p slot=\"description\">\n                    Somos especialistas en el dise\u00f1o y la construcci\u00f3n de obra civil, edificaci\u00f3n, obra industrial e infraestructuras de transporte.                <\/p>\n                        <button slot=\"button\" link=\"https:\/\/www.ferrovial.com\/es\/f-construccion\/que-hacemos\/\">\n            Con\u00f3cenos        <\/button>\n    <\/m-introduction-brand>\n\n    \n\n\n    <m-news columns=\"3\"  >\n                        <h2 slot=\"label\">\n                    Sala de prensa                <\/h2>\n                                <h3 slot=\"title\">\n                    \u00daltimas noticias                <\/h3>\n                                <c-link slot=\"titlelink\" iconsize=\"s\" iconposition=\"right\" external=\"true\">\n                    <a href='https:\/\/newsroom.ferrovial.com\/es\/tax\/?n3=espana&amp;n5=ferrovial-construccion&amp;cpt=new' title='Ver todo' target='_blank' sr-only='Open new window'>Ver todo<\/a>\n                <\/c-link>\n                                                    <article slot=\"col1\">\n                                                                                            <picture>\n                                                        <source media=\"(max-width: 667px)\" srcset=\"https:\/\/static.newsroom.ferrovial.com\/wp-content\/uploads\/2026\/02\/20113012\/cerificado-zero-waste-1.jpg\">\n                                                        <source media=\"(max-width: 1023px)\" srcset=\"https:\/\/static.newsroom.ferrovial.com\/wp-content\/uploads\/2026\/02\/20113012\/cerificado-zero-waste-1.jpg\">\n                                                        <img loading=\"lazy\" decoding=\"async\" width=\"2439\" height=\"1424\" src=\"https:\/\/static.newsroom.ferrovial.com\/wp-content\/uploads\/2026\/02\/20113012\/cerificado-zero-waste-1.jpg\" alt=\"Cerificado Zero Waste\" style=\"object-position: center center;\">\n                                                    <\/picture>\n                                                                                                    <a href=\"https:\/\/newsroom.ferrovial.com\/es\/notas-prensa\/ferrovial-consigue-la-verificacion-residuo-cero-de-sgs-por-segundo-ano-consecutivo\/\" target=\"_blank\" title=\"Ferrovial consigue la verificaci\u00f3n Residuo Cero de SGS por segundo a\u00f1o consecutivo\"><h4>Ferrovial consigue la verificaci\u00f3n Residuo Cero de SGS por segundo a\u00f1o consecutivo<\/h4><\/a>\n                                                                                        <ul>\n                                            <li>\n                                                <a href=\"#\" title=\"Notas de prensa\">\n                                                    Notas de prensa                                                <\/a>\n                                            <\/li>\n                                        <\/ul>\n                                    <\/article>\n                                                                        <article slot=\"col2\">\n                                                                                            <picture>\n                                                        <source media=\"(max-width: 667px)\" srcset=\"https:\/\/static.newsroom.ferrovial.com\/wp-content\/uploads\/2026\/03\/06130434\/image-press-release-ferrovial-andbudimextodelivermajorrail-tunnel-in-poland.jpg\">\n                                                        <source media=\"(max-width: 1023px)\" srcset=\"https:\/\/static.newsroom.ferrovial.com\/wp-content\/uploads\/2026\/03\/06130434\/image-press-release-ferrovial-andbudimextodelivermajorrail-tunnel-in-poland.jpg\">\n                                                        <img loading=\"lazy\" decoding=\"async\" width=\"960\" height=\"640\" src=\"https:\/\/static.newsroom.ferrovial.com\/wp-content\/uploads\/2026\/03\/06130434\/image-press-release-ferrovial-andbudimextodelivermajorrail-tunnel-in-poland.jpg\" alt=\"Imagen - Nota de prensa - Ferrovial\u00a0y\u00a0Budimex\u00a0construir\u00e1n\u00a0un t\u00fanel ferroviario en Polonia\u00a0\" style=\"object-position: center center;\">\n                                                    <\/picture>\n                                                                                                    <a href=\"https:\/\/newsroom.ferrovial.com\/es\/notas-prensa\/ferrovial-y-budimex-construiran-un-tunel-ferroviario-en-polonia\/\" target=\"_blank\" title=\"Ferrovial\u00a0y\u00a0Budimex\u00a0construir\u00e1n\u00a0un t\u00fanel ferroviario en Polonia\u00a0\"><h4>Ferrovial\u00a0y\u00a0Budimex\u00a0construir\u00e1n\u00a0un t\u00fanel ferroviario en Polonia\u00a0<\/h4><\/a>\n                                                                                        <ul>\n                                            <li>\n                                                <a href=\"#\" title=\"Notas de prensa\">\n                                                    Notas de prensa                                                <\/a>\n                                            <\/li>\n                                        <\/ul>\n                                    <\/article>\n                                                                        <article slot=\"col2\">\n                                                                                            <picture>\n                                                        <source media=\"(max-width: 667px)\" srcset=\"https:\/\/static.newsroom.ferrovial.com\/wp-content\/uploads\/2026\/02\/16152231\/20240515-113933-1-scaled.jpg\">\n                                                        <source media=\"(max-width: 1023px)\" srcset=\"https:\/\/static.newsroom.ferrovial.com\/wp-content\/uploads\/2026\/02\/16152231\/20240515-113933-1-scaled.jpg\">\n                                                        <img loading=\"lazy\" decoding=\"async\" width=\"2560\" height=\"1154\" src=\"https:\/\/static.newsroom.ferrovial.com\/wp-content\/uploads\/2026\/02\/16152231\/20240515-113933-1-scaled.jpg\" alt=\"Planta de Tratamiento de Aguas Residuales\" style=\"object-position: center center;\">\n                                                    <\/picture>\n                                                                                                    <a href=\"https:\/\/newsroom.ferrovial.com\/es\/notas-prensa\/ferrovial-refuerza-su-cartera-de-infraestructuras-hidricas-en-reino-unido-con-un-nuevo-proyecto-para-thames-water\/\" target=\"_blank\" title=\"Ferrovial refuerza su cartera de infraestructuras h\u00eddricas en Reino Unido con un nuevo proyecto para Thames Water\"><h4>Ferrovial refuerza su cartera de infraestructuras h\u00eddricas en Reino Unido con un nuevo proyecto para Thames Water<\/h4><\/a>\n                                                                                        <ul>\n                                            <li>\n                                                <a href=\"#\" title=\"Notas de prensa\">\n                                                    Notas de prensa                                                <\/a>\n                                            <\/li>\n                                        <\/ul>\n                                    <\/article>\n                                    \n      <\/m-news>\n    \n\n    <m-projects-distributor2 :translations='{\n        &quot;prev&quot;:&quot;Anterior&quot;,\n        &quot;next&quot;:&quot;Siguiente&quot;,\n        &quot;paginationseparator&quot;:&quot;de&quot;\n    }'>\n                        <h2 slot=\"label\">\n                    Proyectos                <\/h2>\n                                <h3 slot=\"title\">\n                Nuestras infraestructuras por Espa\u00f1a                <\/h3>\n                        <a slot='button' title='Ver todos los proyectos' href='https:\/\/www.ferrovial.com\/es\/f-construccion\/proyectos\/'>\n            Ver todos los proyectos        <\/a>\n\n            <\/m-projects-distributor2>\n\n    \n\n\n    <m-distributor-basic video='true'>\n                        <h2 slot=\"label\">\n                    Innovaci\u00f3n                <\/h2>\n                                <h3 slot=\"title\">\n                    \u00bfConoces la metodolog\u00eda Building Information Modeling?                <\/h3>\n                                <p slot=\"text\">\n                    Te explicamos qu\u00e9 es BIM y c\u00f3mo lo aplicamos en nuestros proyectos de construcci\u00f3n.                <\/p>\n                                    <c-button slot='cta' type='primary' disabled='false' href='#'>\n                        <span>Mas informaci\u00f3n sobre BIM<\/span>\n                                        <\/c-button>\n                    \n                        <c-background-video slot='video' :sources='[&quot;https:\/\/static.ferrovial.com\/wp-content\/uploads\/2019\/11\/13141025\/construccion-tunel.mp4&quot;]' position='center' poster='https:\/\/static.ferrovial.com\/wp-content\/uploads\/2019\/11\/13131224\/fotobucle-construccion-tunel.png'>\n                <\/c-background-video>\n                \n\n    <\/m-distributor-basic>\n    \n\n    <m-distributor-carousel-highlights :translations='{\n        &quot;paginationseparator&quot;:&quot;de&quot;,\n        &quot;next&quot;:&quot;Siguiente&quot;,\n        &quot;prev&quot;:&quot;Anterior&quot;\n    }'>\n                        <h3 slot=\"title\">\n                    Creamos valor para la sociedad                <\/h3>\n                                    <div class=\"m-distributor-carousel-highlights__inner__viewport__wrapper\" slot=\"carouselItem\">\n                        <c-card class=\"m-distributor-carousel-highlights__inner__viewport__slide\" type=\"type-2\" link=\"\"  >\n                                                                <label slot=\"label\">\u00cdndices de sostenibilidad<\/label>\n                                                                        <h3 role=\"listitem\" slot=\"title\">L\u00edderes en sostenibilidad<\/h3>\n                                                                        <p slot=\"description\">\n                                        Lorem ipsum                                    <\/p>\n                                                                        <c-masked-image path=\"3\" src='https:\/\/static.ferrovial.com\/wp-content\/uploads\/2019\/09\/13131715\/tr-pic-eurolink-m4-001-e1423133574241-350x350.jpg' slot=\"image\">\n                                    <\/c-masked-image>\n                                                            <\/c-card>\n                    <\/div>\n                                        <div class=\"m-distributor-carousel-highlights__inner__viewport__wrapper\" slot=\"carouselItem\">\n                        <c-card class=\"m-distributor-carousel-highlights__inner__viewport__slide\" type=\"type-2\" link=\"\"  >\n                                                                <label slot=\"label\">Corporativo<\/label>\n                                                                        <h3 role=\"listitem\" slot=\"title\">Estrategia de Seguridad y Salud<\/h3>\n                                                                        <p slot=\"description\">\n                                        Lorem ipsum                                    <\/p>\n                                                                        <c-masked-image path=\"3\" src='https:\/\/static.ferrovial.com\/wp-content\/uploads\/2019\/12\/13140730\/casco-empleada-obra-350x350.jpg' slot=\"image\">\n                                    <\/c-masked-image>\n                                                            <\/c-card>\n                    <\/div>\n                                        <div class=\"m-distributor-carousel-highlights__inner__viewport__wrapper\" slot=\"carouselItem\">\n                        <c-card class=\"m-distributor-carousel-highlights__inner__viewport__slide\" type=\"type-2\" link=\"\"  >\n                                                                <label slot=\"label\">Corporativo<\/label>\n                                                                        <h3 role=\"listitem\" slot=\"title\">Digital Hub<\/h3>\n                                                                        <p slot=\"description\">\n                                        Lorem ipsum                                    <\/p>\n                                                                        <c-masked-image path=\"3\" src='https:\/\/static.ferrovial.com\/wp-content\/uploads\/2019\/12\/13140640\/digital-hub-ferrovial-350x350.jpg' slot=\"image\">\n                                    <\/c-masked-image>\n                                                            <\/c-card>\n                    <\/div>\n                        <\/m-distributor-carousel-highlights>\n    \n\n    <m-annual-report :whitetext='false' :gutenberg='true'>\n                        <p slot=\"cta\">\n                    Las cifras destacadas de Construcci\u00f3n en 2025                <\/p>\n                \n                        <c-button href='https:\/\/informeanualintegrado2025.ferrovial.com\/en\/' title='Informe Anual Integrado' slot='cta' disabled='false' type='ghost-positive-alt' target='_blank' rel='noopener' >\n                Informe Anual Integrado                <span class=\"sr-only\">Abrir en una nueva pesta\u00f1a<\/span>\n                                <\/c-button>\n                \n        \n            <ul slot=\"cypher\">\n\n                                            <li>\n                                \n                                <div>\n                                    <span><\/span><span >7653<\/span><span>M\u20ac<\/span>\n                                <\/div>\n\n                                                                        <span>\n                                            Ventas                                        <\/span>\n                                                                    <\/li>\n                                                    <li>\n                                \n                                <div>\n                                    <span><\/span><span >18832<\/span><span><\/span>\n                                <\/div>\n\n                                                                        <span>\n                                            Empleados                                        <\/span>\n                                                                    <\/li>\n                                                    <li>\n                                \n                                <div>\n                                    <span><\/span><span >4,6<\/span><span>%<\/span>\n                                <\/div>\n\n                                                                        <span>\n                                            Margen EBIDTA ajustado                                        <\/span>\n                                                                    <\/li>\n                                                    <li>\n                                \n                                <div>\n                                    <span><\/span><span >17438<\/span><span>M\u20ac<\/span>\n                                <\/div>\n\n                                                                        <span>\n                                            Cartera                                        <\/span>\n                                                                    <\/li>\n                        \n            <\/ul>\n            <\/m-annual-report>\n\n    ","protected":false},"excerpt":{"rendered":"","protected":false},"featured_media":87996,"parent":0,"menu_order":0,"comment_status":"closed","ping_status":"closed","template":"template-brand.php","meta":{"_acf_changed":false,"footnotes":""},"class_list":["post-38629","page","type-page","status-publish","has-post-thumbnail","hentry"],"acf":[],"yoast_head":"<!-- This site is optimized with the Yoast SEO plugin v27.2 - https:\/\/yoast.com\/product\/yoast-seo-wordpress\/ -->\n<title>Ferrovial Construcci\u00f3n: Dise\u00f1o y construcci\u00f3n de obra civil<\/title>\n<meta name=\"description\" content=\"Ferrovial Construcci\u00f3n es la unidad de Ferrovial que desarrolla las actividades de construcci\u00f3n de obra civil, edificaci\u00f3n y obra industrial por todo el mundo.\" \/>\n<meta name=\"robots\" content=\"index, follow, max-snippet:-1, max-image-preview:large, max-video-preview:-1\" \/>\n<link rel=\"canonical\" href=\"https:\/\/www.ferrovial.com\/es-es\/f-construccion\/\" \/>\n<meta property=\"og:locale\" content=\"es_ES\" \/>\n<meta property=\"og:type\" content=\"article\" \/>\n<meta property=\"og:title\" content=\"Ferrovial Construcci\u00f3n: Dise\u00f1o y construcci\u00f3n de obra civil\" \/>\n<meta property=\"og:description\" content=\"Ferrovial Construcci\u00f3n es la unidad de Ferrovial que desarrolla las actividades de construcci\u00f3n de obra civil, edificaci\u00f3n y obra industrial por todo el mundo.\" \/>\n<meta property=\"og:url\" content=\"https:\/\/www.ferrovial.com\/es-es\/f-construccion\/\" \/>\n<meta property=\"og:site_name\" content=\"Ferrovial\" \/>\n<meta property=\"article:publisher\" content=\"https:\/\/www.facebook.com\/ferrovial\" \/>\n<meta property=\"article:modified_time\" content=\"2026-03-12T23:04:05+00:00\" \/>\n<meta property=\"og:image\" content=\"https:\/\/static.ferrovial.com\/wp-content\/uploads\/2019\/09\/13141316\/che17633d.jpg\" \/>\n\t<meta property=\"og:image:width\" content=\"1386\" \/>\n\t<meta property=\"og:image:height\" content=\"924\" \/>\n\t<meta property=\"og:image:type\" content=\"image\/jpeg\" \/>\n<meta name=\"twitter:card\" content=\"summary_large_image\" \/>\n<meta name=\"twitter:site\" content=\"@ferrovial\" \/>\n<meta name=\"twitter:label1\" content=\"Tiempo de lectura\" \/>\n\t<meta name=\"twitter:data1\" content=\"1 minuto\" \/>\n<!-- \/ Yoast SEO plugin. -->","yoast_head_json":{"title":"Ferrovial Construcci\u00f3n: Dise\u00f1o y construcci\u00f3n de obra civil","description":"Ferrovial Construcci\u00f3n es la unidad de Ferrovial que desarrolla las actividades de construcci\u00f3n de obra civil, edificaci\u00f3n y obra industrial por todo el mundo.","robots":{"index":"index","follow":"follow","max-snippet":"max-snippet:-1","max-image-preview":"max-image-preview:large","max-video-preview":"max-video-preview:-1"},"canonical":"https:\/\/www.ferrovial.com\/es-es\/f-construccion\/","og_locale":"es_ES","og_type":"article","og_title":"Ferrovial Construcci\u00f3n: Dise\u00f1o y construcci\u00f3n de obra civil","og_description":"Ferrovial Construcci\u00f3n es la unidad de Ferrovial que desarrolla las actividades de construcci\u00f3n de obra civil, edificaci\u00f3n y obra industrial por todo el mundo.","og_url":"https:\/\/www.ferrovial.com\/es-es\/f-construccion\/","og_site_name":"Ferrovial","article_publisher":"https:\/\/www.facebook.com\/ferrovial","article_modified_time":"2026-03-12T23:04:05+00:00","og_image":[{"width":1386,"height":924,"url":"https:\/\/static.ferrovial.com\/wp-content\/uploads\/2019\/09\/13141316\/che17633d.jpg","type":"image\/jpeg"}],"twitter_card":"summary_large_image","twitter_site":"@ferrovial","twitter_misc":{"Tiempo de lectura":"1 minuto"},"schema":{"@context":"https:\/\/schema.org","@graph":[{"@type":"WebPage","@id":"https:\/\/www.ferrovial.com\/es-es\/f-construccion\/","url":"https:\/\/www.ferrovial.com\/es-es\/f-construccion\/","name":"Ferrovial Construcci\u00f3n: Dise\u00f1o y construcci\u00f3n de obra civil","isPartOf":{"@id":"https:\/\/www.ferrovial.com\/es-es\/#website"},"primaryImageOfPage":{"@id":"https:\/\/www.ferrovial.com\/es-es\/f-construccion\/#primaryimage"},"image":{"@id":"https:\/\/www.ferrovial.com\/es-es\/f-construccion\/#primaryimage"},"thumbnailUrl":"https:\/\/static.ferrovial.com\/wp-content\/uploads\/2019\/09\/13141316\/che17633d.jpg","datePublished":"2019-09-05T09:11:23+00:00","dateModified":"2026-03-12T23:04:05+00:00","description":"Ferrovial Construcci\u00f3n es la unidad de Ferrovial que desarrolla las actividades de construcci\u00f3n de obra civil, edificaci\u00f3n y obra industrial por todo el mundo.","breadcrumb":{"@id":"https:\/\/www.ferrovial.com\/es-es\/f-construccion\/#breadcrumb"},"inLanguage":"es","potentialAction":[{"@type":"ReadAction","target":["https:\/\/www.ferrovial.com\/es-es\/f-construccion\/"]}]},{"@type":"ImageObject","inLanguage":"es","@id":"https:\/\/www.ferrovial.com\/es-es\/f-construccion\/#primaryimage","url":"https:\/\/static.ferrovial.com\/wp-content\/uploads\/2019\/09\/13141316\/che17633d.jpg","contentUrl":"https:\/\/static.ferrovial.com\/wp-content\/uploads\/2019\/09\/13141316\/che17633d.jpg","width":1386,"height":924,"caption":"Heathrow, Terminal 2, roof architecture, January 2014."},{"@type":"BreadcrumbList","@id":"https:\/\/www.ferrovial.com\/es-es\/f-construccion\/#breadcrumb","itemListElement":[{"@type":"ListItem","position":1,"name":"Portada","item":"https:\/\/www.ferrovial.com\/es-es\/"},{"@type":"ListItem","position":2,"name":"Ferrovial Construcci\u00f3n"}]},{"@type":"WebSite","@id":"https:\/\/www.ferrovial.com\/es-es\/#website","url":"https:\/\/www.ferrovial.com\/es-es\/","name":"Ferrovial","description":"Welcome to the Ferrovial&#039;s website, global operator of sustainable infrastructure. Here you can find all the information about the company and subsidiaries.","publisher":{"@id":"https:\/\/www.ferrovial.com\/es-es\/#organization"},"potentialAction":[{"@type":"SearchAction","target":{"@type":"EntryPoint","urlTemplate":"https:\/\/www.ferrovial.com\/es-es\/?s={search_term_string}"},"query-input":{"@type":"PropertyValueSpecification","valueRequired":true,"valueName":"search_term_string"}}],"inLanguage":"es"},{"@type":"Organization","@id":"https:\/\/www.ferrovial.com\/es-es\/#organization","name":"Ferrovial S.A.","url":"https:\/\/www.ferrovial.com\/es-es\/","logo":{"@type":"ImageObject","inLanguage":"es","@id":"https:\/\/www.ferrovial.com\/es-es\/#\/schema\/logo\/image\/","url":"https:\/\/static.ferrovial.com\/wp-content\/uploads\/2020\/01\/13124948\/logo-ferrovial-cf7.png","contentUrl":"https:\/\/static.ferrovial.com\/wp-content\/uploads\/2020\/01\/13124948\/logo-ferrovial-cf7.png","width":144,"height":32,"caption":"Ferrovial S.A."},"image":{"@id":"https:\/\/www.ferrovial.com\/es-es\/#\/schema\/logo\/image\/"},"sameAs":["https:\/\/www.facebook.com\/ferrovial","https:\/\/x.com\/ferrovial","https:\/\/www.instagram.com\/ferrovial\/","https:\/\/www.linkedin.com\/company\/ferrovial","https:\/\/www.pinterest.es\/ferrovial\/","https:\/\/www.youtube.com\/ferrovial","https:\/\/en.wikipedia.org\/wiki\/Ferrovial"]}]}},"_links":{"self":[{"href":"https:\/\/www.ferrovial.com\/es-es\/wp-json\/wp\/v2\/pages\/38629","targetHints":{"allow":["GET"]}}],"collection":[{"href":"https:\/\/www.ferrovial.com\/es-es\/wp-json\/wp\/v2\/pages"}],"about":[{"href":"https:\/\/www.ferrovial.com\/es-es\/wp-json\/wp\/v2\/types\/page"}],"replies":[{"embeddable":true,"href":"https:\/\/www.ferrovial.com\/es-es\/wp-json\/wp\/v2\/comments?post=38629"}],"version-history":[{"count":3,"href":"https:\/\/www.ferrovial.com\/es-es\/wp-json\/wp\/v2\/pages\/38629\/revisions"}],"predecessor-version":[{"id":327089,"href":"https:\/\/www.ferrovial.com\/es-es\/wp-json\/wp\/v2\/pages\/38629\/revisions\/327089"}],"wp:featuredmedia":[{"embeddable":true,"href":"https:\/\/www.ferrovial.com\/es-es\/wp-json\/wp\/v2\/media\/87996"}],"wp:attachment":[{"href":"https:\/\/www.ferrovial.com\/es-es\/wp-json\/wp\/v2\/media?parent=38629"}],"curies":[{"name":"wp","href":"https:\/\/api.w.org\/{rel}","templated":true}]}}