{"id":38635,"date":"2019-09-05T11:15:45","date_gmt":"2019-09-05T09:15:45","guid":{"rendered":"https:\/\/www.ferrovial.com\/f-agroman\/que-hacemos\/"},"modified":"2024-05-28T11:59:36","modified_gmt":"2024-05-28T09:59:36","slug":"que-hacemos","status":"publish","type":"page","link":"https:\/\/www.ferrovial.com\/es-es\/f-construccion\/que-hacemos\/","title":{"rendered":"Qu\u00e9 hacemos"},"content":{"rendered":"    <m-final-content-header bgimage='https:\/\/static.ferrovial.com\/wp-content\/uploads\/2019\/09\/13134936\/hotel-marques-de-riscal5-1-1280x714.jpg'>\n            <c-breadcrumb label-text=\"Breadcrumb\" slot=\"breadcrumbs\" type='2' align='left' wrap='wrapped wrapped' aria-label='Vienes de Ferrovial Construcci\u00f3n'>\n                        <ol>\n\n                                                            <li><a href=\"https:\/\/www.ferrovial.com\/es-es\/\" title=\"Ferrovial\">Ferrovial<\/a><\/li>\n                                                                        <li><a href=\"https:\/\/www.ferrovial.com\/es\/f-construccion\/\" title=\"Ferrovial Construcci\u00f3n\">Ferrovial Construcci\u00f3n<\/a><\/li>\n                                    \n                <\/ol>\n\n                <\/c-breadcrumb>\n    \n        <div slot=\"header\">\n            <h1>\n                \u00bfQu\u00e9 hacemos?            <\/h1>\n                    <\/div>\n    <\/m-final-content-header>\n\n    \n\n\n<m-wysiwig class=\"wp-block-components-wysiwyg\"><div slot=\"maincontent\">    <p class=\"intro\">Nuestra actividad principal es el dise\u00f1o y la construcci\u00f3n de obra civil, edificaci\u00f3n y obra industrial. <\/p>\n    \n\n\n<p>Construimos infraestructuras clave en la movilidad y el transporte de personas y mercanc\u00edas. Tambi\u00e9n construimos edificios singulares y proyectos de infraestructura de agua y energ\u00eda.<\/p>\n\n\n\n<p>Entre nuestras construcciones destacan autopistas con sistemas inteligentes de peaje, t\u00faneles, puentes y viaductos, &nbsp;ferrocarriles, metro y otras redes de transporte, instalaciones portuarias y aeroportuarias, edificios emblem\u00e1ticos, proyectos de rehabilitaci\u00f3n energ\u00e9tica e hist\u00f3rica, obras hidr\u00e1ulicas, plantas de tratamiento de agua y desaladoras as\u00ed como plantas generaci\u00f3n de energ\u00eda renovables, fotovoltaicas y e\u00f3licas, l\u00edneas de transmisi\u00f3n y subestaciones<\/p>\n\n\n\n<p>Adem\u00e1s, contamos con un centro de control de energ\u00eda desde donde gestionamos de forma centralizada todos los contratos de servicios energ\u00e9ticos: alumbrado p\u00fablico, hospitales, edificios municipales y singulares, instalaciones deportivas e industria proporcionando a nuestros cliente ahorros energ\u00e9ticos y econ\u00f3micos.<\/p>\n<\/div><\/m-wysiwig>\n\n\n    <m-distributor-activities>\n                        <h2 slot=\"label\">\n                    Infraestructuras                <\/h2>\n                                <h3 slot=\"title\">\n                    Nuestra experiencia ofrece soluciones a diferentes tipos de infraestructura                <\/h3>\n                                    <p slot=\"bodycopy\">Descripci\u00f3n por defecto<\/p>\n                                <a slot='link' href='#' title='Ver nuestras infraestructuras'>Ver nuestras infraestructuras<\/a>\n                                    <a slot='cards' title='Puentes y viaductos ' role='listitem' href='#' v-lazy:background-image='&quot;https:\/\/static.ferrovial.com\/wp-content\/uploads\/2019\/10\/13133808\/41y-0187-180x320.jpg&quot;'>\n                        <span>\n                            Puentes y viaductos                         <\/span>\n                    <\/a>\n                                        <a slot='cards' title='T\u00faneles' role='listitem' href='#' v-lazy:background-image='&quot;https:\/\/static.ferrovial.com\/wp-content\/uploads\/2019\/10\/13133805\/cnt-pic-tunel_del_espino-004_low-180x320.jpg&quot;'>\n                        <span>\n                            T\u00faneles                        <\/span>\n                    <\/a>\n                                        <a slot='cards' title='Ferrocarriles' role='listitem' href='#' v-lazy:background-image='&quot;https:\/\/static.ferrovial.com\/wp-content\/uploads\/2019\/12\/13140957\/linea-ferrea-alta-velocidad-180x320.jpg&quot;'>\n                        <span>\n                            Ferrocarriles                        <\/span>\n                    <\/a>\n                                        <a slot='cards' title='Aeropuertos' role='listitem' href='#' v-lazy:background-image='&quot;https:\/\/static.ferrovial.com\/wp-content\/uploads\/2019\/09\/13141316\/che17633d-180x320.jpg&quot;'>\n                        <span>\n                            Aeropuertos                        <\/span>\n                    <\/a>\n                        <\/m-distributor-activities>\n\n    \n\n\n<m-wysiwig class=\"wp-block-components-wysiwyg\"><div slot=\"maincontent\">\n<h2 class=\"wp-block-heading\">Especialistas en proyectos de alta complejidad y valor a\u00f1adido<\/h2>\n\n\n\n<p>Nos hemos especializado en grandes proyectos, entre los que destacamos el <a href=\"https:\/\/www.ferrovial.com\/es\/project\/aeropuerto-de-heathrow\/\">Aeropuerto de Heathrow<\/a>, en Reino Unido; el <a href=\"https:\/\/www.ferrovial.com\/es\/project\/hospital-de-santander-valdecilla\/\">Hospital Universitario Marqu\u00e9s de Valdecilla<\/a>, en Espa\u00f1a; <a href=\"https:\/\/www.ferrovial.com\/es\/project\/autopista-lbj-express\/\">la autopista LBJ<\/a>, en EE.UU.;  la autopista Toowoomba Second Range Crossing, en Australia; <a href=\"https:\/\/www.ferrovial.com\/es\/project\/farringdon-proyecto-crossrail\/\">la Estaci\u00f3n de Farringdon<\/a> para Crossrail, en Reino Unido; o la <a href=\"https:\/\/www.ferrovial.com\/es\/project\/planta-desaladora-oman-al-ghubrah\/\">planta desaladora de Al Ghubrah<\/a>, en Om\u00e1n, entre otros.<\/p>\n\n\n\n<p>Debemos buena parte de esta especializaci\u00f3n y capacidades t\u00e9cnicas a nuestra&nbsp;Oficina T\u00e9cnica, un equipo cualificado de m\u00e1s de 100 t\u00e9cnicos dedicados a compartir su experiencia con los equipos de proyecto para optimizar e innovar los dise\u00f1os, asegurando que los clientes se beneficien de las mejores pr\u00e1cticas internacionales de toda nuestra cartera global.<\/p>\n\n\n\n<p>En nuestra actividad destaca tambi\u00e9n nuestras empresas especializadas: <a href=\"https:\/\/www.ferrovial.com\/es-es\/tecpresa\/\">Tecpresa<\/a>, en el postesado de estructuras; <a href=\"https:\/\/www.ferrovial.com\/es-es\/ditecpesa\/\">Ditecpesa<\/a>, en el desarrollo, fabricaci\u00f3n y comercializaci\u00f3n de productos asf\u00e1lticos; <a href=\"https:\/\/www.ferrovial.com\/es-es\/edytesa\/\">Edytesa <\/a>en trabajos de encofrado deslizante y heavy lifting; y <a href=\"https:\/\/www.ferrovial.com\/es-es\/ferconsa\/\">Ferconsa Instalaciones<\/a>, especializada en dise\u00f1o, montaje y puesta en servicio de instalaciones en construcci\u00f3n de obra civil, edificaci\u00f3n y obra industrial.<\/p>\n\n\n\n<p>Tambi\u00e9n contamos con filiales internacionales como <a href=\"https:\/\/www.ferrovial.com\/es_es\/cadagua\/\">Cadagua<\/a>, l\u00edder en el mercado de la ingenier\u00eda y la construcci\u00f3n de plantas de tratamiento y depuraci\u00f3n de aguas; o <a href=\"https:\/\/www.ferrovial.com\/es\/webber\/\">Webber<\/a>, especializada en construcci\u00f3n de carreteras y con foco en Texas (EEUU). As\u00ed como con <a href=\"https:\/\/www.ferrovial.com\/es\/budimex\/\">Budimex <\/a>uno de los l\u00edderes del mercado polaco especializada en el desarrollo integral de construcci\u00f3n en obra civil, edificaci\u00f3n, construcci\u00f3n industrial y promoci\u00f3n inmobiliaria. <\/p>\n<\/div><\/m-wysiwig>\n\n\n    <m-projects-distributor2 :translations='{\n        &quot;prev&quot;:&quot;Anterior&quot;,\n        &quot;next&quot;:&quot;Siguiente&quot;,\n        &quot;paginationseparator&quot;:&quot;de&quot;\n    }'>\n                        <h2 slot=\"label\">\n                    Proyectos                <\/h2>\n                                <h3 slot=\"title\">\n                Nuestras infraestructuras por todo el mundo                <\/h3>\n                        <a slot='button' title='Ver todos los proyectos' href='https:\/\/www.ferrovial.com\/es\/negocio\/proyectos\/'>\n            Ver todos los proyectos        <\/a>\n\n            <\/m-projects-distributor2>\n\n    \n\n\n<m-wysiwig class=\"wp-block-components-wysiwyg\"><div slot=\"maincontent\">\n<h2 class=\"wp-block-heading\">\u00bfC\u00f3mo entendemos la innovaci\u00f3n?<\/h2>\n\n\n\n<p>La diferente tipolog\u00eda en los proyectos que acometemos, su dispersi\u00f3n geogr\u00e1fica, la multiculturalidad, lo multidisciplinario de nuestros equipos e incluso la idiosincrasia de cada uno de nuestros clientes, constituyen el entorno perfecto para fomentar la innovaci\u00f3n. Esta se plasma en nuestros proyectos con un esfuerzo constante en mejorar t\u00e9cnicas, procesos y materiales, en la b\u00fasqueda de la excelencia en t\u00e9rminos de <a href=\"https:\/\/www.ferrovial.com\/es\/empleo\/por-que-ferrovial\/seguridad-salud\/\" title=\"Seguridad y salud - Ferrovial\" target=\"_blank\" rel=\"dofollow noopener noreferrer\">seguridad y salud<\/a> en nuestras obras, y en la calidad en las infraestructuras que dise\u00f1amos y construimos. <\/p>\n<\/div><\/m-wysiwig>\n\n\n\n    <m-distributor-basic bgimg='https:\/\/static.ferrovial.com\/wp-content\/uploads\/2019\/10\/13133742\/biodomo-de-granada-building-information-modeling-project-ferrovial-2.jpg'>\n                        <h2 slot=\"label\">\n                    Innovaci\u00f3n                <\/h2>\n                                <h3 slot=\"title\">\n                    Building Information Modeling                <\/h3>\n                                <p slot=\"text\">\n                    Aplicamos la metodolog\u00eda BIM en todas nuestras obras de construcci\u00f3n.                <\/p>\n                                    <c-button slot='cta' type='primary' disabled='false' href='#'>\n                        <span>Descubrir c\u00f3mo<\/span>\n                                        <\/c-button>\n                    \n        \n\n    <\/m-distributor-basic>\n    ","protected":false},"excerpt":{"rendered":"","protected":false},"featured_media":0,"parent":38629,"menu_order":0,"comment_status":"closed","ping_status":"closed","template":"","meta":{"_acf_changed":false,"footnotes":""},"class_list":["post-38635","page","type-page","status-publish","hentry"],"acf":[],"yoast_head":"<!-- This site is optimized with the Yoast SEO plugin v27.2 - https:\/\/yoast.com\/product\/yoast-seo-wordpress\/ -->\n<title>Construcci\u00f3n de puentes, carreteras, t\u00faneles.. - Ferrovial Agroman<\/title>\n<meta name=\"description\" content=\"M\u00e1s de 90 a\u00f1os de experiencia construyendo infraestructuras como carreteras, puentes, t\u00faneles, edificios... 780 proyectos realizados con \u00e9xito en los 5 continentes\" \/>\n<meta name=\"robots\" content=\"index, follow, max-snippet:-1, max-image-preview:large, max-video-preview:-1\" \/>\n<link rel=\"canonical\" href=\"https:\/\/www.ferrovial.com\/es-es\/f-construccion\/que-hacemos\/\" \/>\n<meta property=\"og:locale\" content=\"es_ES\" \/>\n<meta property=\"og:type\" content=\"article\" \/>\n<meta property=\"og:title\" content=\"Construcci\u00f3n de puentes, carreteras, t\u00faneles.. - Ferrovial Agroman\" \/>\n<meta property=\"og:description\" content=\"M\u00e1s de 90 a\u00f1os de experiencia construyendo infraestructuras como carreteras, puentes, t\u00faneles, edificios... 780 proyectos realizados con \u00e9xito en los 5 continentes\" \/>\n<meta property=\"og:url\" content=\"https:\/\/www.ferrovial.com\/es-es\/f-construccion\/que-hacemos\/\" \/>\n<meta property=\"og:site_name\" content=\"Ferrovial\" \/>\n<meta property=\"article:publisher\" content=\"https:\/\/www.facebook.com\/ferrovial\" \/>\n<meta property=\"article:modified_time\" content=\"2024-05-28T09:59:36+00:00\" \/>\n<meta name=\"twitter:card\" content=\"summary_large_image\" \/>\n<meta name=\"twitter:site\" content=\"@ferrovial\" \/>\n<meta name=\"twitter:label1\" content=\"Tiempo de lectura\" \/>\n\t<meta name=\"twitter:data1\" content=\"3 minutos\" \/>\n<!-- \/ Yoast SEO plugin. -->","yoast_head_json":{"title":"Construcci\u00f3n de puentes, carreteras, t\u00faneles.. - Ferrovial Agroman","description":"M\u00e1s de 90 a\u00f1os de experiencia construyendo infraestructuras como carreteras, puentes, t\u00faneles, edificios... 780 proyectos realizados con \u00e9xito en los 5 continentes","robots":{"index":"index","follow":"follow","max-snippet":"max-snippet:-1","max-image-preview":"max-image-preview:large","max-video-preview":"max-video-preview:-1"},"canonical":"https:\/\/www.ferrovial.com\/es-es\/f-construccion\/que-hacemos\/","og_locale":"es_ES","og_type":"article","og_title":"Construcci\u00f3n de puentes, carreteras, t\u00faneles.. - Ferrovial Agroman","og_description":"M\u00e1s de 90 a\u00f1os de experiencia construyendo infraestructuras como carreteras, puentes, t\u00faneles, edificios... 780 proyectos realizados con \u00e9xito en los 5 continentes","og_url":"https:\/\/www.ferrovial.com\/es-es\/f-construccion\/que-hacemos\/","og_site_name":"Ferrovial","article_publisher":"https:\/\/www.facebook.com\/ferrovial","article_modified_time":"2024-05-28T09:59:36+00:00","twitter_card":"summary_large_image","twitter_site":"@ferrovial","twitter_misc":{"Tiempo de lectura":"3 minutos"},"schema":{"@context":"https:\/\/schema.org","@graph":[{"@type":"WebPage","@id":"https:\/\/www.ferrovial.com\/es-es\/f-construccion\/que-hacemos\/","url":"https:\/\/www.ferrovial.com\/es-es\/f-construccion\/que-hacemos\/","name":"Construcci\u00f3n de puentes, carreteras, t\u00faneles.. - Ferrovial Agroman","isPartOf":{"@id":"https:\/\/www.ferrovial.com\/es-es\/#website"},"datePublished":"2019-09-05T09:15:45+00:00","dateModified":"2024-05-28T09:59:36+00:00","description":"M\u00e1s de 90 a\u00f1os de experiencia construyendo infraestructuras como carreteras, puentes, t\u00faneles, edificios... 780 proyectos realizados con \u00e9xito en los 5 continentes","breadcrumb":{"@id":"https:\/\/www.ferrovial.com\/es-es\/f-construccion\/que-hacemos\/#breadcrumb"},"inLanguage":"es","potentialAction":[{"@type":"ReadAction","target":["https:\/\/www.ferrovial.com\/es-es\/f-construccion\/que-hacemos\/"]}]},{"@type":"BreadcrumbList","@id":"https:\/\/www.ferrovial.com\/es-es\/f-construccion\/que-hacemos\/#breadcrumb","itemListElement":[{"@type":"ListItem","position":1,"name":"Portada","item":"https:\/\/www.ferrovial.com\/es-es\/"},{"@type":"ListItem","position":2,"name":"Ferrovial Construcci\u00f3n","item":"https:\/\/www.ferrovial.com\/es-es\/f-construccion\/"},{"@type":"ListItem","position":3,"name":"Qu\u00e9 hacemos"}]},{"@type":"WebSite","@id":"https:\/\/www.ferrovial.com\/es-es\/#website","url":"https:\/\/www.ferrovial.com\/es-es\/","name":"Ferrovial","description":"Welcome to the Ferrovial&#039;s website, global operator of sustainable infrastructure. Here you can find all the information about the company and subsidiaries.","publisher":{"@id":"https:\/\/www.ferrovial.com\/es-es\/#organization"},"potentialAction":[{"@type":"SearchAction","target":{"@type":"EntryPoint","urlTemplate":"https:\/\/www.ferrovial.com\/es-es\/?s={search_term_string}"},"query-input":{"@type":"PropertyValueSpecification","valueRequired":true,"valueName":"search_term_string"}}],"inLanguage":"es"},{"@type":"Organization","@id":"https:\/\/www.ferrovial.com\/es-es\/#organization","name":"Ferrovial S.A.","url":"https:\/\/www.ferrovial.com\/es-es\/","logo":{"@type":"ImageObject","inLanguage":"es","@id":"https:\/\/www.ferrovial.com\/es-es\/#\/schema\/logo\/image\/","url":"https:\/\/static.ferrovial.com\/wp-content\/uploads\/2020\/01\/13124948\/logo-ferrovial-cf7.png","contentUrl":"https:\/\/static.ferrovial.com\/wp-content\/uploads\/2020\/01\/13124948\/logo-ferrovial-cf7.png","width":144,"height":32,"caption":"Ferrovial S.A."},"image":{"@id":"https:\/\/www.ferrovial.com\/es-es\/#\/schema\/logo\/image\/"},"sameAs":["https:\/\/www.facebook.com\/ferrovial","https:\/\/x.com\/ferrovial","https:\/\/www.instagram.com\/ferrovial\/","https:\/\/www.linkedin.com\/company\/ferrovial","https:\/\/www.pinterest.es\/ferrovial\/","https:\/\/www.youtube.com\/ferrovial","https:\/\/en.wikipedia.org\/wiki\/Ferrovial"]}]}},"_links":{"self":[{"href":"https:\/\/www.ferrovial.com\/es-es\/wp-json\/wp\/v2\/pages\/38635","targetHints":{"allow":["GET"]}}],"collection":[{"href":"https:\/\/www.ferrovial.com\/es-es\/wp-json\/wp\/v2\/pages"}],"about":[{"href":"https:\/\/www.ferrovial.com\/es-es\/wp-json\/wp\/v2\/types\/page"}],"replies":[{"embeddable":true,"href":"https:\/\/www.ferrovial.com\/es-es\/wp-json\/wp\/v2\/comments?post=38635"}],"version-history":[{"count":3,"href":"https:\/\/www.ferrovial.com\/es-es\/wp-json\/wp\/v2\/pages\/38635\/revisions"}],"predecessor-version":[{"id":282221,"href":"https:\/\/www.ferrovial.com\/es-es\/wp-json\/wp\/v2\/pages\/38635\/revisions\/282221"}],"up":[{"embeddable":true,"href":"https:\/\/www.ferrovial.com\/es-es\/wp-json\/wp\/v2\/pages\/38629"}],"wp:attachment":[{"href":"https:\/\/www.ferrovial.com\/es-es\/wp-json\/wp\/v2\/media?parent=38635"}],"curies":[{"name":"wp","href":"https:\/\/api.w.org\/{rel}","templated":true}]}}