{"id":58889,"date":"2019-11-13T12:47:36","date_gmt":"2019-11-13T11:47:36","guid":{"rendered":"https:\/\/www.ferrovial.com\/?page_id=58889"},"modified":"2020-04-21T23:37:54","modified_gmt":"2020-04-21T21:37:54","slug":"movimiento-de-grandes-cargas","status":"publish","type":"page","link":"https:\/\/www.ferrovial.com\/es-es\/tecpresa\/que-hacemos\/movimiento-de-grandes-cargas\/","title":{"rendered":"Movimiento de grandes cargas &#8211; Edytesa"},"content":{"rendered":"    <m-final-content-header >\n            <c-breadcrumb label-text=\"Breadcrumb\" slot=\"breadcrumbs\" type='2' align='left' wrap='wrapped wrapped' aria-label='Vienes de Qu\u00e9 hacemos'>\n                        <ol>\n\n                                                            <li><a href=\"https:\/\/www.ferrovial.com\/es-es\/\" title=\"Ferrovial\">Ferrovial<\/a><\/li>\n                                                                        <li><a href=\"https:\/\/www.ferrovial.com\/es-es\/tecpresa\/\" title=\"Tecpresa\">Tecpresa<\/a><\/li>\n                                                                        <li><a href=\"https:\/\/www.ferrovial.com\/es-es\/tecpresa\/que-hacemos\/\" title=\"Qu\u00e9 hacemos\">Qu\u00e9 hacemos<\/a><\/li>\n                                    \n                <\/ol>\n\n                <\/c-breadcrumb>\n    \n        <div slot=\"header\">\n            <h1>\n                Movimiento de grandes cargas            <\/h1>\n                    <\/div>\n    <\/m-final-content-header>\n\n    \n\n\n<m-wysiwig class=\"wp-block-components-wysiwyg\"><div slot=\"maincontent\">    <p class=\"intro\">Es una actividad presente en los trabajos de obra civil y la construcci\u00f3n de grandes infraestructuras. Requiere de t\u00e9cnicas y maquinaria espec\u00edficas para garantizar la buena marcha del proyecto y la seguridad de los trabajadores. <\/p>\n    \n\n\n<p>El traslado de maquinaria pesada, la elevaci\u00f3n de material o el traslado de componentes de alto tonelaje suele ser frecuente durante la construcci\u00f3n de grandes estructuras y edificios singulares. Dichos movimientos pueden ser desplazamientos sobre plano, giros sobre la vertical, el volteo o vuelco de componentes sin que sufran da\u00f1o o la elevaci\u00f3n o descenso de cualquier tipo de carga. Cada uno de estos movimientos requiere su propia aproximaci\u00f3n t\u00e9cnica.<\/p>\n\n\n\n<p>Por lo general, existen plataformas o maquinarias especializadas para cada tipo de desplazamiento. Un buen ejemplo son los remolques industriales para el movimiento de cargas ligeras, los transportes especiales de gran tonelaje para carretera, las plataformas giratorias y elevadoras, o los sistemas de elevaci\u00f3n por etapas o gatos (generalmente hidr\u00e1ulicos).  Estos \u00faltimos son muy utilizados en obra civil. Empresas como Tecpresa trabajan con un gran abanico de gatos diferentes: cilindros de doble efecto, huecos, con tuercas de seguridad, con cabezal basculante, entre otros. <\/p>\n<\/div><\/m-wysiwig>\n\n\n    <m-projects-distributor2 :translations='{\n        &quot;prev&quot;:&quot;Anterior&quot;,\n        &quot;next&quot;:&quot;Siguiente&quot;,\n        &quot;paginationseparator&quot;:&quot;de&quot;\n    }'>\n                        <h2 slot=\"label\">\n                    Proyectos                <\/h2>\n                                <h3 slot=\"title\">\n                Movimiento de grandes cargas                <\/h3>\n                        <a slot='button' title='Ver todo' href='https:\/\/www.ferrovial.com\/es-es\/negocio\/proyectos\/ontario-line-south\/'>\n            Ver todo        <\/a>\n\n                            <c-card slot=\"carouselItems\" type=\"type-1\" link=\"https:\/\/www.ferrovial.com\/es-es\/negocio\/proyectos\/ontario-line-south\/\"  >\n                                                <img slot='background' src='https:\/\/static.ferrovial.com\/wp-content\/uploads\/2026\/02\/03105710\/corktown-station-piling-ontario-line-1-360x640.jpg' alt='Ontario Line South' \/>\n                                                        <h3 slot=\"title\" role=\"listitem\">\n                                    Ontario Line South                                <\/h3>\n                                                                                <c-link slot=\"link\" type=\"negative\">\n                            <a href=\"https:\/\/www.ferrovial.com\/es-es\/negocio\/proyectos\/ontario-line-south\/\">\n                                Descubra el proyecto                            <\/a>\n                        <\/c-link>\n                    <\/c-card>\n                        <\/m-projects-distributor2>\n\n    ","protected":false},"excerpt":{"rendered":"","protected":false},"featured_media":0,"parent":18017,"menu_order":0,"comment_status":"closed","ping_status":"closed","template":"","meta":{"_acf_changed":false,"footnotes":""},"class_list":["post-58889","page","type-page","status-publish","hentry"],"acf":[],"yoast_head":"<!-- This site is optimized with the Yoast SEO plugin v27.2 - https:\/\/yoast.com\/product\/yoast-seo-wordpress\/ -->\n<title>Movimiento de grandes cargas - Tecpresa<\/title>\n<meta name=\"description\" content=\"presente en los trabajos de obra civil y la construcci\u00f3n de grandes infraestructuras. Requiere de t\u00e9cnicas y maquinaria espec\u00edficas para garantizar la ...\" \/>\n<meta name=\"robots\" content=\"index, follow, max-snippet:-1, max-image-preview:large, max-video-preview:-1\" \/>\n<link rel=\"canonical\" href=\"https:\/\/www.ferrovial.com\/es-es\/tecpresa\/que-hacemos\/movimiento-de-grandes-cargas\/\" \/>\n<meta property=\"og:locale\" content=\"es_ES\" \/>\n<meta property=\"og:type\" content=\"article\" \/>\n<meta property=\"og:title\" content=\"Movimiento de grandes cargas - Tecpresa\" \/>\n<meta property=\"og:description\" content=\"presente en los trabajos de obra civil y la construcci\u00f3n de grandes infraestructuras. Requiere de t\u00e9cnicas y maquinaria espec\u00edficas para garantizar la ...\" \/>\n<meta property=\"og:url\" content=\"https:\/\/www.ferrovial.com\/es-es\/tecpresa\/que-hacemos\/movimiento-de-grandes-cargas\/\" \/>\n<meta property=\"og:site_name\" content=\"Ferrovial\" \/>\n<meta property=\"article:publisher\" content=\"https:\/\/www.facebook.com\/ferrovial\" \/>\n<meta property=\"article:modified_time\" content=\"2020-04-21T21:37:54+00:00\" \/>\n<meta name=\"twitter:card\" content=\"summary_large_image\" \/>\n<meta name=\"twitter:site\" content=\"@ferrovial\" \/>\n<meta name=\"twitter:label1\" content=\"Tiempo de lectura\" \/>\n\t<meta name=\"twitter:data1\" content=\"1 minuto\" \/>\n<!-- \/ Yoast SEO plugin. -->","yoast_head_json":{"title":"Movimiento de grandes cargas - Tecpresa","description":"presente en los trabajos de obra civil y la construcci\u00f3n de grandes infraestructuras. Requiere de t\u00e9cnicas y maquinaria espec\u00edficas para garantizar la ...","robots":{"index":"index","follow":"follow","max-snippet":"max-snippet:-1","max-image-preview":"max-image-preview:large","max-video-preview":"max-video-preview:-1"},"canonical":"https:\/\/www.ferrovial.com\/es-es\/tecpresa\/que-hacemos\/movimiento-de-grandes-cargas\/","og_locale":"es_ES","og_type":"article","og_title":"Movimiento de grandes cargas - Tecpresa","og_description":"presente en los trabajos de obra civil y la construcci\u00f3n de grandes infraestructuras. Requiere de t\u00e9cnicas y maquinaria espec\u00edficas para garantizar la ...","og_url":"https:\/\/www.ferrovial.com\/es-es\/tecpresa\/que-hacemos\/movimiento-de-grandes-cargas\/","og_site_name":"Ferrovial","article_publisher":"https:\/\/www.facebook.com\/ferrovial","article_modified_time":"2020-04-21T21:37:54+00:00","twitter_card":"summary_large_image","twitter_site":"@ferrovial","twitter_misc":{"Tiempo de lectura":"1 minuto"},"schema":{"@context":"https:\/\/schema.org","@graph":[{"@type":"WebPage","@id":"https:\/\/www.ferrovial.com\/es-es\/tecpresa\/que-hacemos\/movimiento-de-grandes-cargas\/","url":"https:\/\/www.ferrovial.com\/es-es\/tecpresa\/que-hacemos\/movimiento-de-grandes-cargas\/","name":"Movimiento de grandes cargas - Tecpresa","isPartOf":{"@id":"https:\/\/www.ferrovial.com\/es-es\/#website"},"datePublished":"2019-11-13T11:47:36+00:00","dateModified":"2020-04-21T21:37:54+00:00","description":"presente en los trabajos de obra civil y la construcci\u00f3n de grandes infraestructuras. Requiere de t\u00e9cnicas y maquinaria espec\u00edficas para garantizar la ...","breadcrumb":{"@id":"https:\/\/www.ferrovial.com\/es-es\/tecpresa\/que-hacemos\/movimiento-de-grandes-cargas\/#breadcrumb"},"inLanguage":"es","potentialAction":[{"@type":"ReadAction","target":["https:\/\/www.ferrovial.com\/es-es\/tecpresa\/que-hacemos\/movimiento-de-grandes-cargas\/"]}]},{"@type":"BreadcrumbList","@id":"https:\/\/www.ferrovial.com\/es-es\/tecpresa\/que-hacemos\/movimiento-de-grandes-cargas\/#breadcrumb","itemListElement":[{"@type":"ListItem","position":1,"name":"Portada","item":"https:\/\/www.ferrovial.com\/es-es\/"},{"@type":"ListItem","position":2,"name":"Tecpresa","item":"https:\/\/www.ferrovial.com\/es-es\/tecpresa\/"},{"@type":"ListItem","position":3,"name":"Qu\u00e9 hacemos","item":"https:\/\/www.ferrovial.com\/es-es\/tecpresa\/que-hacemos\/"},{"@type":"ListItem","position":4,"name":"Movimiento de grandes cargas &#8211; Edytesa"}]},{"@type":"WebSite","@id":"https:\/\/www.ferrovial.com\/es-es\/#website","url":"https:\/\/www.ferrovial.com\/es-es\/","name":"Ferrovial","description":"Welcome to the Ferrovial&#039;s website, global operator of sustainable infrastructure. Here you can find all the information about the company and subsidiaries.","publisher":{"@id":"https:\/\/www.ferrovial.com\/es-es\/#organization"},"potentialAction":[{"@type":"SearchAction","target":{"@type":"EntryPoint","urlTemplate":"https:\/\/www.ferrovial.com\/es-es\/?s={search_term_string}"},"query-input":{"@type":"PropertyValueSpecification","valueRequired":true,"valueName":"search_term_string"}}],"inLanguage":"es"},{"@type":"Organization","@id":"https:\/\/www.ferrovial.com\/es-es\/#organization","name":"Ferrovial S.A.","url":"https:\/\/www.ferrovial.com\/es-es\/","logo":{"@type":"ImageObject","inLanguage":"es","@id":"https:\/\/www.ferrovial.com\/es-es\/#\/schema\/logo\/image\/","url":"https:\/\/static.ferrovial.com\/wp-content\/uploads\/2020\/01\/13124948\/logo-ferrovial-cf7.png","contentUrl":"https:\/\/static.ferrovial.com\/wp-content\/uploads\/2020\/01\/13124948\/logo-ferrovial-cf7.png","width":144,"height":32,"caption":"Ferrovial S.A."},"image":{"@id":"https:\/\/www.ferrovial.com\/es-es\/#\/schema\/logo\/image\/"},"sameAs":["https:\/\/www.facebook.com\/ferrovial","https:\/\/x.com\/ferrovial","https:\/\/www.instagram.com\/ferrovial\/","https:\/\/www.linkedin.com\/company\/ferrovial","https:\/\/www.pinterest.es\/ferrovial\/","https:\/\/www.youtube.com\/ferrovial","https:\/\/en.wikipedia.org\/wiki\/Ferrovial"]}]}},"_links":{"self":[{"href":"https:\/\/www.ferrovial.com\/es-es\/wp-json\/wp\/v2\/pages\/58889","targetHints":{"allow":["GET"]}}],"collection":[{"href":"https:\/\/www.ferrovial.com\/es-es\/wp-json\/wp\/v2\/pages"}],"about":[{"href":"https:\/\/www.ferrovial.com\/es-es\/wp-json\/wp\/v2\/types\/page"}],"replies":[{"embeddable":true,"href":"https:\/\/www.ferrovial.com\/es-es\/wp-json\/wp\/v2\/comments?post=58889"}],"version-history":[{"count":3,"href":"https:\/\/www.ferrovial.com\/es-es\/wp-json\/wp\/v2\/pages\/58889\/revisions"}],"predecessor-version":[{"id":164048,"href":"https:\/\/www.ferrovial.com\/es-es\/wp-json\/wp\/v2\/pages\/58889\/revisions\/164048"}],"up":[{"embeddable":true,"href":"https:\/\/www.ferrovial.com\/es-es\/wp-json\/wp\/v2\/pages\/18017"}],"wp:attachment":[{"href":"https:\/\/www.ferrovial.com\/es-es\/wp-json\/wp\/v2\/media?parent=58889"}],"curies":[{"name":"wp","href":"https:\/\/api.w.org\/{rel}","templated":true}]}}