{"id":59055,"date":"2019-11-13T13:38:31","date_gmt":"2019-11-13T12:38:31","guid":{"rendered":"https:\/\/www.ferrovial.com\/?page_id=59055"},"modified":"2020-01-24T12:41:55","modified_gmt":"2020-01-24T11:41:55","slug":"ingenieria-acustica-y-de-vibraciones-en-construccion","status":"publish","type":"page","link":"https:\/\/www.ferrovial.com\/es-es\/tecpresa\/que-hacemos\/ingenieria-acustica-y-de-vibraciones-en-construccion\/","title":{"rendered":"Ingenier\u00eda ac\u00fastica y de vibraciones &#8211; Tecpresa"},"content":{"rendered":"    <m-final-content-header >\n            <c-breadcrumb label-text=\"Breadcrumb\" slot=\"breadcrumbs\" type='2' align='left' wrap='wrapped wrapped' aria-label='Vienes de Qu\u00e9 hacemos'>\n                        <ol>\n\n                                                            <li><a href=\"https:\/\/www.ferrovial.com\/es-es\/\" title=\"Ferrovial\">Ferrovial<\/a><\/li>\n                                                                        <li><a href=\"https:\/\/www.ferrovial.com\/es-es\/tecpresa\/\" title=\"Tecpresa\">Tecpresa<\/a><\/li>\n                                                                        <li><a href=\"https:\/\/www.ferrovial.com\/es-es\/tecpresa\/que-hacemos\/\" title=\"Qu\u00e9 hacemos\">Qu\u00e9 hacemos<\/a><\/li>\n                                    \n                <\/ol>\n\n                <\/c-breadcrumb>\n    \n        <div slot=\"header\">\n            <h1>\n                Ingenier\u00eda ac\u00fastica y de vibraciones             <\/h1>\n                    <\/div>\n    <\/m-final-content-header>\n\n    \n\n\n<m-wysiwig class=\"wp-block-components-wysiwyg\"><div slot=\"maincontent\">    <p class=\"intro\">La ingenier\u00eda ac\u00fastica y de vibraciones es la rama t\u00e9cnica que aboga por una buena gesti\u00f3n del impacto ac\u00fastico en construcciones e infraestructuras.<\/p>\n    \n\n\n<p>El objetivo es evitar problemas de salud provocados por el ruido, as\u00ed como las consecuencias negativas que las vibraciones no deseadas pueden causar en la obra. Este segundo aspecto afecta al dise\u00f1o de las m\u00e1quinas y la resonancia que provocan.  Desde hace a\u00f1os, los operarios que trabajan en la construcci\u00f3n y sectores relacionados hacen uso de sistemas de PRL (Prevenci\u00f3n de Riesgos Laborales) que minimizan el ruido. Un buen ejemplo son los tapones o auriculares de protecci\u00f3n.  <\/p>\n\n\n\n<p>Al dise\u00f1ar dispositivos anti-ruido, no solo valoramos las conocidas pantallas ac\u00fasticas, sino que se tienen en cuenta tambi\u00e9n otras soluciones como las pantallas vegetales, los diques de tierra, las cubriciones parciales u otros dispositivos especiales. <\/p>\n<\/div><\/m-wysiwig>\n","protected":false},"excerpt":{"rendered":"","protected":false},"featured_media":0,"parent":18017,"menu_order":0,"comment_status":"closed","ping_status":"closed","template":"","meta":{"_acf_changed":false,"footnotes":""},"class_list":["post-59055","page","type-page","status-publish","hentry"],"acf":[],"yoast_head":"<!-- This site is optimized with the Yoast SEO plugin v27.2 - https:\/\/yoast.com\/product\/yoast-seo-wordpress\/ -->\n<title>Ingenier\u00eda ac\u00fastica y de vibraciones - Tecpresa - Ferrovial<\/title>\n<meta name=\"description\" content=\"Welcome to the Ferrovial&#039;s website, global operator of sustainable infrastructure. Here you can find all the information about the company and subsidiaries.\" \/>\n<meta name=\"robots\" content=\"index, follow, max-snippet:-1, max-image-preview:large, max-video-preview:-1\" \/>\n<link rel=\"canonical\" href=\"https:\/\/www.ferrovial.com\/es-es\/tecpresa\/que-hacemos\/ingenieria-acustica-y-de-vibraciones-en-construccion\/\" \/>\n<meta property=\"og:locale\" content=\"es_ES\" \/>\n<meta property=\"og:type\" content=\"article\" \/>\n<meta property=\"og:title\" content=\"Ingenier\u00eda ac\u00fastica y de vibraciones - Tecpresa - Ferrovial\" \/>\n<meta property=\"og:description\" content=\"Welcome to the Ferrovial&#039;s website, global operator of sustainable infrastructure. Here you can find all the information about the company and subsidiaries.\" \/>\n<meta property=\"og:url\" content=\"https:\/\/www.ferrovial.com\/es-es\/tecpresa\/que-hacemos\/ingenieria-acustica-y-de-vibraciones-en-construccion\/\" \/>\n<meta property=\"og:site_name\" content=\"Ferrovial\" \/>\n<meta property=\"article:publisher\" content=\"https:\/\/www.facebook.com\/ferrovial\" \/>\n<meta property=\"article:modified_time\" content=\"2020-01-24T11:41:55+00:00\" \/>\n<meta name=\"twitter:card\" content=\"summary_large_image\" \/>\n<meta name=\"twitter:site\" content=\"@ferrovial\" \/>\n<meta name=\"twitter:label1\" content=\"Tiempo de lectura\" \/>\n\t<meta name=\"twitter:data1\" content=\"1 minuto\" \/>\n<!-- \/ Yoast SEO plugin. -->","yoast_head_json":{"title":"Ingenier\u00eda ac\u00fastica y de vibraciones - Tecpresa - Ferrovial","description":"Welcome to the Ferrovial's website, global operator of sustainable infrastructure. Here you can find all the information about the company and subsidiaries.","robots":{"index":"index","follow":"follow","max-snippet":"max-snippet:-1","max-image-preview":"max-image-preview:large","max-video-preview":"max-video-preview:-1"},"canonical":"https:\/\/www.ferrovial.com\/es-es\/tecpresa\/que-hacemos\/ingenieria-acustica-y-de-vibraciones-en-construccion\/","og_locale":"es_ES","og_type":"article","og_title":"Ingenier\u00eda ac\u00fastica y de vibraciones - Tecpresa - Ferrovial","og_description":"Welcome to the Ferrovial's website, global operator of sustainable infrastructure. Here you can find all the information about the company and subsidiaries.","og_url":"https:\/\/www.ferrovial.com\/es-es\/tecpresa\/que-hacemos\/ingenieria-acustica-y-de-vibraciones-en-construccion\/","og_site_name":"Ferrovial","article_publisher":"https:\/\/www.facebook.com\/ferrovial","article_modified_time":"2020-01-24T11:41:55+00:00","twitter_card":"summary_large_image","twitter_site":"@ferrovial","twitter_misc":{"Tiempo de lectura":"1 minuto"},"schema":{"@context":"https:\/\/schema.org","@graph":[{"@type":"WebPage","@id":"https:\/\/www.ferrovial.com\/es-es\/tecpresa\/que-hacemos\/ingenieria-acustica-y-de-vibraciones-en-construccion\/","url":"https:\/\/www.ferrovial.com\/es-es\/tecpresa\/que-hacemos\/ingenieria-acustica-y-de-vibraciones-en-construccion\/","name":"Ingenier\u00eda ac\u00fastica y de vibraciones - Tecpresa - Ferrovial","isPartOf":{"@id":"https:\/\/www.ferrovial.com\/es-es\/#website"},"datePublished":"2019-11-13T12:38:31+00:00","dateModified":"2020-01-24T11:41:55+00:00","description":"Welcome to the Ferrovial's website, global operator of sustainable infrastructure. Here you can find all the information about the company and subsidiaries.","breadcrumb":{"@id":"https:\/\/www.ferrovial.com\/es-es\/tecpresa\/que-hacemos\/ingenieria-acustica-y-de-vibraciones-en-construccion\/#breadcrumb"},"inLanguage":"es","potentialAction":[{"@type":"ReadAction","target":["https:\/\/www.ferrovial.com\/es-es\/tecpresa\/que-hacemos\/ingenieria-acustica-y-de-vibraciones-en-construccion\/"]}]},{"@type":"BreadcrumbList","@id":"https:\/\/www.ferrovial.com\/es-es\/tecpresa\/que-hacemos\/ingenieria-acustica-y-de-vibraciones-en-construccion\/#breadcrumb","itemListElement":[{"@type":"ListItem","position":1,"name":"Portada","item":"https:\/\/www.ferrovial.com\/es-es\/"},{"@type":"ListItem","position":2,"name":"Tecpresa","item":"https:\/\/www.ferrovial.com\/es-es\/tecpresa\/"},{"@type":"ListItem","position":3,"name":"Qu\u00e9 hacemos","item":"https:\/\/www.ferrovial.com\/es-es\/tecpresa\/que-hacemos\/"},{"@type":"ListItem","position":4,"name":"Ingenier\u00eda ac\u00fastica y de vibraciones &#8211; Tecpresa"}]},{"@type":"WebSite","@id":"https:\/\/www.ferrovial.com\/es-es\/#website","url":"https:\/\/www.ferrovial.com\/es-es\/","name":"Ferrovial","description":"Welcome to the Ferrovial&#039;s website, global operator of sustainable infrastructure. Here you can find all the information about the company and subsidiaries.","publisher":{"@id":"https:\/\/www.ferrovial.com\/es-es\/#organization"},"potentialAction":[{"@type":"SearchAction","target":{"@type":"EntryPoint","urlTemplate":"https:\/\/www.ferrovial.com\/es-es\/?s={search_term_string}"},"query-input":{"@type":"PropertyValueSpecification","valueRequired":true,"valueName":"search_term_string"}}],"inLanguage":"es"},{"@type":"Organization","@id":"https:\/\/www.ferrovial.com\/es-es\/#organization","name":"Ferrovial S.A.","url":"https:\/\/www.ferrovial.com\/es-es\/","logo":{"@type":"ImageObject","inLanguage":"es","@id":"https:\/\/www.ferrovial.com\/es-es\/#\/schema\/logo\/image\/","url":"https:\/\/static.ferrovial.com\/wp-content\/uploads\/2020\/01\/13124948\/logo-ferrovial-cf7.png","contentUrl":"https:\/\/static.ferrovial.com\/wp-content\/uploads\/2020\/01\/13124948\/logo-ferrovial-cf7.png","width":144,"height":32,"caption":"Ferrovial S.A."},"image":{"@id":"https:\/\/www.ferrovial.com\/es-es\/#\/schema\/logo\/image\/"},"sameAs":["https:\/\/www.facebook.com\/ferrovial","https:\/\/x.com\/ferrovial","https:\/\/www.instagram.com\/ferrovial\/","https:\/\/www.linkedin.com\/company\/ferrovial","https:\/\/www.pinterest.es\/ferrovial\/","https:\/\/www.youtube.com\/ferrovial","https:\/\/en.wikipedia.org\/wiki\/Ferrovial"]}]}},"_links":{"self":[{"href":"https:\/\/www.ferrovial.com\/es-es\/wp-json\/wp\/v2\/pages\/59055","targetHints":{"allow":["GET"]}}],"collection":[{"href":"https:\/\/www.ferrovial.com\/es-es\/wp-json\/wp\/v2\/pages"}],"about":[{"href":"https:\/\/www.ferrovial.com\/es-es\/wp-json\/wp\/v2\/types\/page"}],"replies":[{"embeddable":true,"href":"https:\/\/www.ferrovial.com\/es-es\/wp-json\/wp\/v2\/comments?post=59055"}],"version-history":[{"count":3,"href":"https:\/\/www.ferrovial.com\/es-es\/wp-json\/wp\/v2\/pages\/59055\/revisions"}],"predecessor-version":[{"id":150895,"href":"https:\/\/www.ferrovial.com\/es-es\/wp-json\/wp\/v2\/pages\/59055\/revisions\/150895"}],"up":[{"embeddable":true,"href":"https:\/\/www.ferrovial.com\/es-es\/wp-json\/wp\/v2\/pages\/18017"}],"wp:attachment":[{"href":"https:\/\/www.ferrovial.com\/es-es\/wp-json\/wp\/v2\/media?parent=59055"}],"curies":[{"name":"wp","href":"https:\/\/api.w.org\/{rel}","templated":true}]}}