{"id":59908,"date":"2019-11-13T16:57:27","date_gmt":"2019-11-13T15:57:27","guid":{"rendered":"https:\/\/www.ferrovial.com\/?page_id=59908"},"modified":"2020-01-24T12:47:16","modified_gmt":"2020-01-24T11:47:16","slug":"depositos-en-construccion","status":"publish","type":"page","link":"https:\/\/www.ferrovial.com\/es-es\/edytesa\/que-hacemos\/depositos-en-construccion\/","title":{"rendered":"Dep\u00f3sitos &#8211; Edytesa"},"content":{"rendered":"    <m-final-content-header >\n            <c-breadcrumb label-text=\"Breadcrumb\" slot=\"breadcrumbs\" type='2' align='left' wrap='wrapped wrapped' aria-label='Vienes de Qu\u00e9 hacemos'>\n                        <ol>\n\n                                                            <li><a href=\"https:\/\/www.ferrovial.com\/es-es\/\" title=\"Ferrovial\">Ferrovial<\/a><\/li>\n                                                                        <li><a href=\"https:\/\/www.ferrovial.com\/es-es\/edytesa\/\" title=\"Edytesa\">Edytesa<\/a><\/li>\n                                                                        <li><a href=\"https:\/\/www.ferrovial.com\/es-es\/edytesa\/que-hacemos\/\" title=\"Qu\u00e9 hacemos\">Qu\u00e9 hacemos<\/a><\/li>\n                                    \n                <\/ol>\n\n                <\/c-breadcrumb>\n    \n        <div slot=\"header\">\n            <h1>\n                Dep\u00f3sitos            <\/h1>\n                    <\/div>\n    <\/m-final-content-header>\n\n    \n\n\n<m-wysiwig class=\"wp-block-components-wysiwyg\"><div slot=\"maincontent\">    <p class=\"intro\">Tenemos gran experiencia en la realizaci\u00f3n de Dep\u00f3sitos aplicando la t\u00e9cnica del encofrado deslizante. Dep\u00f3sitos para gas licuado, dep\u00f3sitos en altura o digestores son nuestras principales referencias en este sector.<\/p>\n    \n\n\n<p>La generalizaci\u00f3n de la\nutilizaci\u00f3n del encofrado deslizante en la ejecuci\u00f3n de grandes dep\u00f3sitos se\nexplica, adem\u00e1s de por la velocidad de ejecuci\u00f3n, simplicidad y otra serie de\nventajas, en una propiedad caracter\u00edstica de este m\u00e9todo: la ausencia de juntas\nde hormigonado, consiguiendo el monolitismo de la obra evitando las juntas, lo\nque le confiere, adem\u00e1s de una mejora de calidad estructural, una mejora\nfuncional cuando se trata de estructuras para almacenamiento de l\u00edquidos y\ngases.<\/p>\n\n\n\n<p>Nuestra aportaci\u00f3n en la ejecuci\u00f3n\nde dep\u00f3sitos elevados alcanza desde el deslizamiento del fuste hasta el izado,\ncon un sistema de gatos especiales, de la copa o vaso que se ha ejecutado en el\nsuelo. De esta forma se elimina la necesidad de cimbras y la ejecuci\u00f3n\ndel&nbsp; vaso a gran altura.<\/p>\n\n\n\n<p>Para dep\u00f3sitos y digestores, dado\nlos grandes di\u00e1metros de este tipo de obras, utilizamos un doble sistema de\narriostramiento, compuesto por:<\/p>\n\n\n\n<ul class=\"wp-block-list\"><li>Arriostramiento perimetral: formado por una estructura tubular triangulada doble conectada al encofrado.<\/li><li>Arriostramiento radial: formado por un anillo central y un conjunto de tensores conectados al encofrado.<\/li><\/ul>\n<\/div><\/m-wysiwig>\n","protected":false},"excerpt":{"rendered":"","protected":false},"featured_media":0,"parent":18054,"menu_order":0,"comment_status":"closed","ping_status":"closed","template":"","meta":{"_acf_changed":false,"footnotes":""},"class_list":["post-59908","page","type-page","status-publish","hentry"],"acf":[],"yoast_head":"<!-- This site is optimized with the Yoast SEO plugin v27.2 - https:\/\/yoast.com\/product\/yoast-seo-wordpress\/ -->\n<title>Dep\u00f3sitos - Edytesa - Ferrovial<\/title>\n<meta name=\"description\" content=\"Welcome to the Ferrovial&#039;s website, global operator of sustainable infrastructure. Here you can find all the information about the company and subsidiaries.\" \/>\n<meta name=\"robots\" content=\"index, follow, max-snippet:-1, max-image-preview:large, max-video-preview:-1\" \/>\n<link rel=\"canonical\" href=\"https:\/\/www.ferrovial.com\/es-es\/edytesa\/que-hacemos\/depositos-en-construccion\/\" \/>\n<meta property=\"og:locale\" content=\"es_ES\" \/>\n<meta property=\"og:type\" content=\"article\" \/>\n<meta property=\"og:title\" content=\"Dep\u00f3sitos - Edytesa - Ferrovial\" \/>\n<meta property=\"og:description\" content=\"Welcome to the Ferrovial&#039;s website, global operator of sustainable infrastructure. Here you can find all the information about the company and subsidiaries.\" \/>\n<meta property=\"og:url\" content=\"https:\/\/www.ferrovial.com\/es-es\/edytesa\/que-hacemos\/depositos-en-construccion\/\" \/>\n<meta property=\"og:site_name\" content=\"Ferrovial\" \/>\n<meta property=\"article:publisher\" content=\"https:\/\/www.facebook.com\/ferrovial\" \/>\n<meta property=\"article:modified_time\" content=\"2020-01-24T11:47:16+00:00\" \/>\n<meta name=\"twitter:card\" content=\"summary_large_image\" \/>\n<meta name=\"twitter:site\" content=\"@ferrovial\" \/>\n<meta name=\"twitter:label1\" content=\"Tiempo de lectura\" \/>\n\t<meta name=\"twitter:data1\" content=\"1 minuto\" \/>\n<!-- \/ Yoast SEO plugin. -->","yoast_head_json":{"title":"Dep\u00f3sitos - Edytesa - Ferrovial","description":"Welcome to the Ferrovial's website, global operator of sustainable infrastructure. Here you can find all the information about the company and subsidiaries.","robots":{"index":"index","follow":"follow","max-snippet":"max-snippet:-1","max-image-preview":"max-image-preview:large","max-video-preview":"max-video-preview:-1"},"canonical":"https:\/\/www.ferrovial.com\/es-es\/edytesa\/que-hacemos\/depositos-en-construccion\/","og_locale":"es_ES","og_type":"article","og_title":"Dep\u00f3sitos - Edytesa - Ferrovial","og_description":"Welcome to the Ferrovial's website, global operator of sustainable infrastructure. Here you can find all the information about the company and subsidiaries.","og_url":"https:\/\/www.ferrovial.com\/es-es\/edytesa\/que-hacemos\/depositos-en-construccion\/","og_site_name":"Ferrovial","article_publisher":"https:\/\/www.facebook.com\/ferrovial","article_modified_time":"2020-01-24T11:47:16+00:00","twitter_card":"summary_large_image","twitter_site":"@ferrovial","twitter_misc":{"Tiempo de lectura":"1 minuto"},"schema":{"@context":"https:\/\/schema.org","@graph":[{"@type":"WebPage","@id":"https:\/\/www.ferrovial.com\/es-es\/edytesa\/que-hacemos\/depositos-en-construccion\/","url":"https:\/\/www.ferrovial.com\/es-es\/edytesa\/que-hacemos\/depositos-en-construccion\/","name":"Dep\u00f3sitos - Edytesa - Ferrovial","isPartOf":{"@id":"https:\/\/www.ferrovial.com\/es-es\/#website"},"datePublished":"2019-11-13T15:57:27+00:00","dateModified":"2020-01-24T11:47:16+00:00","description":"Welcome to the Ferrovial's website, global operator of sustainable infrastructure. Here you can find all the information about the company and subsidiaries.","breadcrumb":{"@id":"https:\/\/www.ferrovial.com\/es-es\/edytesa\/que-hacemos\/depositos-en-construccion\/#breadcrumb"},"inLanguage":"es","potentialAction":[{"@type":"ReadAction","target":["https:\/\/www.ferrovial.com\/es-es\/edytesa\/que-hacemos\/depositos-en-construccion\/"]}]},{"@type":"BreadcrumbList","@id":"https:\/\/www.ferrovial.com\/es-es\/edytesa\/que-hacemos\/depositos-en-construccion\/#breadcrumb","itemListElement":[{"@type":"ListItem","position":1,"name":"Portada","item":"https:\/\/www.ferrovial.com\/es-es\/"},{"@type":"ListItem","position":2,"name":"Edytesa","item":"https:\/\/www.ferrovial.com\/es-es\/edytesa\/"},{"@type":"ListItem","position":3,"name":"Qu\u00e9 hacemos","item":"https:\/\/www.ferrovial.com\/es-es\/edytesa\/que-hacemos\/"},{"@type":"ListItem","position":4,"name":"Dep\u00f3sitos &#8211; Edytesa"}]},{"@type":"WebSite","@id":"https:\/\/www.ferrovial.com\/es-es\/#website","url":"https:\/\/www.ferrovial.com\/es-es\/","name":"Ferrovial","description":"Welcome to the Ferrovial&#039;s website, global operator of sustainable infrastructure. Here you can find all the information about the company and subsidiaries.","publisher":{"@id":"https:\/\/www.ferrovial.com\/es-es\/#organization"},"potentialAction":[{"@type":"SearchAction","target":{"@type":"EntryPoint","urlTemplate":"https:\/\/www.ferrovial.com\/es-es\/?s={search_term_string}"},"query-input":{"@type":"PropertyValueSpecification","valueRequired":true,"valueName":"search_term_string"}}],"inLanguage":"es"},{"@type":"Organization","@id":"https:\/\/www.ferrovial.com\/es-es\/#organization","name":"Ferrovial S.A.","url":"https:\/\/www.ferrovial.com\/es-es\/","logo":{"@type":"ImageObject","inLanguage":"es","@id":"https:\/\/www.ferrovial.com\/es-es\/#\/schema\/logo\/image\/","url":"https:\/\/static.ferrovial.com\/wp-content\/uploads\/2020\/01\/13124948\/logo-ferrovial-cf7.png","contentUrl":"https:\/\/static.ferrovial.com\/wp-content\/uploads\/2020\/01\/13124948\/logo-ferrovial-cf7.png","width":144,"height":32,"caption":"Ferrovial S.A."},"image":{"@id":"https:\/\/www.ferrovial.com\/es-es\/#\/schema\/logo\/image\/"},"sameAs":["https:\/\/www.facebook.com\/ferrovial","https:\/\/x.com\/ferrovial","https:\/\/www.instagram.com\/ferrovial\/","https:\/\/www.linkedin.com\/company\/ferrovial","https:\/\/www.pinterest.es\/ferrovial\/","https:\/\/www.youtube.com\/ferrovial","https:\/\/en.wikipedia.org\/wiki\/Ferrovial"]}]}},"_links":{"self":[{"href":"https:\/\/www.ferrovial.com\/es-es\/wp-json\/wp\/v2\/pages\/59908","targetHints":{"allow":["GET"]}}],"collection":[{"href":"https:\/\/www.ferrovial.com\/es-es\/wp-json\/wp\/v2\/pages"}],"about":[{"href":"https:\/\/www.ferrovial.com\/es-es\/wp-json\/wp\/v2\/types\/page"}],"replies":[{"embeddable":true,"href":"https:\/\/www.ferrovial.com\/es-es\/wp-json\/wp\/v2\/comments?post=59908"}],"version-history":[{"count":3,"href":"https:\/\/www.ferrovial.com\/es-es\/wp-json\/wp\/v2\/pages\/59908\/revisions"}],"predecessor-version":[{"id":150938,"href":"https:\/\/www.ferrovial.com\/es-es\/wp-json\/wp\/v2\/pages\/59908\/revisions\/150938"}],"up":[{"embeddable":true,"href":"https:\/\/www.ferrovial.com\/es-es\/wp-json\/wp\/v2\/pages\/18054"}],"wp:attachment":[{"href":"https:\/\/www.ferrovial.com\/es-es\/wp-json\/wp\/v2\/media?parent=59908"}],"curies":[{"name":"wp","href":"https:\/\/api.w.org\/{rel}","templated":true}]}}