{"id":72476,"date":"2019-11-22T11:44:37","date_gmt":"2019-11-22T10:44:37","guid":{"rendered":"https:\/\/www.ferrovial.com\/?page_id=72476"},"modified":"2020-02-06T10:53:59","modified_gmt":"2020-02-06T09:53:59","slug":"quienes-somos","status":"publish","type":"page","link":"https:\/\/www.ferrovial.com\/es-es\/ferconsa\/quienes-somos\/","title":{"rendered":"Qui\u00e9nes somos"},"content":{"rendered":"    <m-final-content-header bgimage='https:\/\/static.ferrovial.com\/wp-content\/uploads\/2020\/02\/13130145\/quienes-somos_ferconsa-1280x720.jpg'>\n            <c-breadcrumb label-text=\"Breadcrumb\" slot=\"breadcrumbs\" type='2' align='left' wrap='wrapped wrapped' aria-label='Vienes de Ferconsa'>\n                        <ol>\n\n                                                            <li><a href=\"https:\/\/www.ferrovial.com\/es-es\/\" title=\"Ferrovial\">Ferrovial<\/a><\/li>\n                                                                        <li><a href=\"https:\/\/www.ferrovial.com\/es-es\/ferconsa\/\" title=\"Ferconsa\">Ferconsa<\/a><\/li>\n                                    \n                <\/ol>\n\n                <\/c-breadcrumb>\n    \n        <div slot=\"header\">\n            <h1>\n                Qui\u00e9nes somos            <\/h1>\n                    <\/div>\n    <\/m-final-content-header>\n\n    \n\n\n<m-wysiwig class=\"wp-block-components-wysiwyg\"><div slot=\"maincontent\">    <p class=\"intro\">Expertos en dise\u00f1o, montaje y puesta en servicio de instalaciones en construcci\u00f3n de obra civil, edificaci\u00f3n y obra industrial desde 1997.<\/p>\n    \n\n\n<p>En base a las necesidades espec\u00edficas del proyecto, ofrecemos las mejores soluciones t\u00e9cnicas disponibles en el mercado, especializ\u00e1ndonos en obra civil, edificaci\u00f3n, obra industrial, eficiencia energ\u00e9tica y energ\u00edas renovables.&nbsp;<\/p>\n\n\n\n<p>La experiencia ganada durante d\u00e9cadas nos ha permitido participar en proyectos pioneros, como el edificio para el l\u00e1ser de petavatio en el Centro de L\u00e1seres Pulsados (CLPU) de Salamanca o la instalaci\u00f3n de geotermia en edificios de consumo casi nulo en Arroyo Bodonal.<\/p>\n\n\n\n<h2 class=\"wp-block-heading\">Nuestra historia <\/h2>\n\n\n\n<p>En 1997 se cre\u00f3 la empresa Enacta S.A., que en 1999 dio lugar, a su vez, a dos nuevas compa\u00f1\u00edas: Ferrovial Servicios y Ferroconservaci\u00f3n S.A (denominada Ferconsa desde el a\u00f1o 2000). De esta manera, nac\u00eda una empresa orientada a las instalaciones, separada de Ferrovial Servicios y de nuestras filiales orientadas a la obra civil. En el a\u00f1o 2013 se a\u00f1adi\u00f3 \u201cInstalaciones\u201d a nuestro nombre.<\/p>\n\n\n\n<p>Nuestros primeros proyectos fueron para grandes clientes de telecomunicaciones. Esta infraestructura se estaba volviendo cr\u00edtica con la llegada de las puntocom, y colaboramos en instalaciones para ONO y Uni2.<\/p>\n\n\n\n<p>Tambi\u00e9n abrimos un canal de negocio en las instalaciones de negocios franquiciados. A nuestro cargo han estado las instalaciones de marcas como Repsol, Caja Madrid, Telef\u00f3nica, Amena, Correos o Pans&amp;Company, entre otros clientes p\u00fablicos y privados.<\/p>\n\n\n\n<p>2010 fue un a\u00f1o importante para nosotros. Orientamos nuestra cartera hacia la rehabilitaci\u00f3n energ\u00e9tica.&nbsp;En 2012 nuestro compromiso con la eficiencia energ\u00e9tica nos llev\u00f3 a crear <a href=\"https:\/\/www.proyectoprende.com\/\" title=\"Prende\" target=\"_blank\" rel=\"nofollow noopener noreferrer\">Prende<\/a>, un portal que busca generar conciencia medioambiental y aportar soluciones econ\u00f3micas y viables al ciudadano.\n\n<\/p>\n<\/div><\/m-wysiwig>\n","protected":false},"excerpt":{"rendered":"","protected":false},"featured_media":0,"parent":72380,"menu_order":0,"comment_status":"closed","ping_status":"closed","template":"","meta":{"_acf_changed":false,"footnotes":""},"class_list":["post-72476","page","type-page","status-publish","hentry"],"acf":[],"yoast_head":"<!-- This site is optimized with the Yoast SEO plugin v27.2 - https:\/\/yoast.com\/product\/yoast-seo-wordpress\/ -->\n<title>Expertos en edificaci\u00f3n de infraestructuras - Ferconsa<\/title>\n<meta name=\"description\" content=\"Ofrecemos las mejores soluciones t\u00e9cnicas disponibles en el mercado, especializ\u00e1ndonos en obra civil, edificaci\u00f3n, obra industrial, eficiencia energ\u00e9tica y ...\" \/>\n<meta name=\"robots\" content=\"index, follow, max-snippet:-1, max-image-preview:large, max-video-preview:-1\" \/>\n<link rel=\"canonical\" href=\"https:\/\/www.ferrovial.com\/es-es\/ferconsa\/quienes-somos\/\" \/>\n<meta property=\"og:locale\" content=\"es_ES\" \/>\n<meta property=\"og:type\" content=\"article\" \/>\n<meta property=\"og:title\" content=\"Expertos en edificaci\u00f3n de infraestructuras - Ferconsa\" \/>\n<meta property=\"og:description\" content=\"Ofrecemos las mejores soluciones t\u00e9cnicas disponibles en el mercado, especializ\u00e1ndonos en obra civil, edificaci\u00f3n, obra industrial, eficiencia energ\u00e9tica y ...\" \/>\n<meta property=\"og:url\" content=\"https:\/\/www.ferrovial.com\/es-es\/ferconsa\/quienes-somos\/\" \/>\n<meta property=\"og:site_name\" content=\"Ferrovial\" \/>\n<meta property=\"article:publisher\" content=\"https:\/\/www.facebook.com\/ferrovial\" \/>\n<meta property=\"article:modified_time\" content=\"2020-02-06T09:53:59+00:00\" \/>\n<meta name=\"twitter:card\" content=\"summary_large_image\" \/>\n<meta name=\"twitter:site\" content=\"@ferrovial\" \/>\n<meta name=\"twitter:label1\" content=\"Tiempo de lectura\" \/>\n\t<meta name=\"twitter:data1\" content=\"1 minuto\" \/>\n<!-- \/ Yoast SEO plugin. -->","yoast_head_json":{"title":"Expertos en edificaci\u00f3n de infraestructuras - Ferconsa","description":"Ofrecemos las mejores soluciones t\u00e9cnicas disponibles en el mercado, especializ\u00e1ndonos en obra civil, edificaci\u00f3n, obra industrial, eficiencia energ\u00e9tica y ...","robots":{"index":"index","follow":"follow","max-snippet":"max-snippet:-1","max-image-preview":"max-image-preview:large","max-video-preview":"max-video-preview:-1"},"canonical":"https:\/\/www.ferrovial.com\/es-es\/ferconsa\/quienes-somos\/","og_locale":"es_ES","og_type":"article","og_title":"Expertos en edificaci\u00f3n de infraestructuras - Ferconsa","og_description":"Ofrecemos las mejores soluciones t\u00e9cnicas disponibles en el mercado, especializ\u00e1ndonos en obra civil, edificaci\u00f3n, obra industrial, eficiencia energ\u00e9tica y ...","og_url":"https:\/\/www.ferrovial.com\/es-es\/ferconsa\/quienes-somos\/","og_site_name":"Ferrovial","article_publisher":"https:\/\/www.facebook.com\/ferrovial","article_modified_time":"2020-02-06T09:53:59+00:00","twitter_card":"summary_large_image","twitter_site":"@ferrovial","twitter_misc":{"Tiempo de lectura":"1 minuto"},"schema":{"@context":"https:\/\/schema.org","@graph":[{"@type":"WebPage","@id":"https:\/\/www.ferrovial.com\/es-es\/ferconsa\/quienes-somos\/","url":"https:\/\/www.ferrovial.com\/es-es\/ferconsa\/quienes-somos\/","name":"Expertos en edificaci\u00f3n de infraestructuras - Ferconsa","isPartOf":{"@id":"https:\/\/www.ferrovial.com\/es-es\/#website"},"datePublished":"2019-11-22T10:44:37+00:00","dateModified":"2020-02-06T09:53:59+00:00","description":"Ofrecemos las mejores soluciones t\u00e9cnicas disponibles en el mercado, especializ\u00e1ndonos en obra civil, edificaci\u00f3n, obra industrial, eficiencia energ\u00e9tica y ...","breadcrumb":{"@id":"https:\/\/www.ferrovial.com\/es-es\/ferconsa\/quienes-somos\/#breadcrumb"},"inLanguage":"es","potentialAction":[{"@type":"ReadAction","target":["https:\/\/www.ferrovial.com\/es-es\/ferconsa\/quienes-somos\/"]}]},{"@type":"BreadcrumbList","@id":"https:\/\/www.ferrovial.com\/es-es\/ferconsa\/quienes-somos\/#breadcrumb","itemListElement":[{"@type":"ListItem","position":1,"name":"Portada","item":"https:\/\/www.ferrovial.com\/es-es\/"},{"@type":"ListItem","position":2,"name":"Ferconsa","item":"https:\/\/www.ferrovial.com\/es-es\/ferconsa\/"},{"@type":"ListItem","position":3,"name":"Qui\u00e9nes somos"}]},{"@type":"WebSite","@id":"https:\/\/www.ferrovial.com\/es-es\/#website","url":"https:\/\/www.ferrovial.com\/es-es\/","name":"Ferrovial","description":"Welcome to the Ferrovial&#039;s website, global operator of sustainable infrastructure. Here you can find all the information about the company and subsidiaries.","publisher":{"@id":"https:\/\/www.ferrovial.com\/es-es\/#organization"},"potentialAction":[{"@type":"SearchAction","target":{"@type":"EntryPoint","urlTemplate":"https:\/\/www.ferrovial.com\/es-es\/?s={search_term_string}"},"query-input":{"@type":"PropertyValueSpecification","valueRequired":true,"valueName":"search_term_string"}}],"inLanguage":"es"},{"@type":"Organization","@id":"https:\/\/www.ferrovial.com\/es-es\/#organization","name":"Ferrovial S.A.","url":"https:\/\/www.ferrovial.com\/es-es\/","logo":{"@type":"ImageObject","inLanguage":"es","@id":"https:\/\/www.ferrovial.com\/es-es\/#\/schema\/logo\/image\/","url":"https:\/\/static.ferrovial.com\/wp-content\/uploads\/2020\/01\/13124948\/logo-ferrovial-cf7.png","contentUrl":"https:\/\/static.ferrovial.com\/wp-content\/uploads\/2020\/01\/13124948\/logo-ferrovial-cf7.png","width":144,"height":32,"caption":"Ferrovial S.A."},"image":{"@id":"https:\/\/www.ferrovial.com\/es-es\/#\/schema\/logo\/image\/"},"sameAs":["https:\/\/www.facebook.com\/ferrovial","https:\/\/x.com\/ferrovial","https:\/\/www.instagram.com\/ferrovial\/","https:\/\/www.linkedin.com\/company\/ferrovial","https:\/\/www.pinterest.es\/ferrovial\/","https:\/\/www.youtube.com\/ferrovial","https:\/\/en.wikipedia.org\/wiki\/Ferrovial"]}]}},"_links":{"self":[{"href":"https:\/\/www.ferrovial.com\/es-es\/wp-json\/wp\/v2\/pages\/72476","targetHints":{"allow":["GET"]}}],"collection":[{"href":"https:\/\/www.ferrovial.com\/es-es\/wp-json\/wp\/v2\/pages"}],"about":[{"href":"https:\/\/www.ferrovial.com\/es-es\/wp-json\/wp\/v2\/types\/page"}],"replies":[{"embeddable":true,"href":"https:\/\/www.ferrovial.com\/es-es\/wp-json\/wp\/v2\/comments?post=72476"}],"version-history":[{"count":3,"href":"https:\/\/www.ferrovial.com\/es-es\/wp-json\/wp\/v2\/pages\/72476\/revisions"}],"predecessor-version":[{"id":155941,"href":"https:\/\/www.ferrovial.com\/es-es\/wp-json\/wp\/v2\/pages\/72476\/revisions\/155941"}],"up":[{"embeddable":true,"href":"https:\/\/www.ferrovial.com\/es-es\/wp-json\/wp\/v2\/pages\/72380"}],"wp:attachment":[{"href":"https:\/\/www.ferrovial.com\/es-es\/wp-json\/wp\/v2\/media?parent=72476"}],"curies":[{"name":"wp","href":"https:\/\/api.w.org\/{rel}","templated":true}]}}