{"id":72529,"date":"2019-11-22T12:12:44","date_gmt":"2019-11-22T11:12:44","guid":{"rendered":"https:\/\/www.ferrovial.com\/?page_id=72529"},"modified":"2025-06-19T10:29:04","modified_gmt":"2025-06-19T08:29:04","slug":"que-hacemos","status":"publish","type":"page","link":"https:\/\/www.ferrovial.com\/es-es\/ferconsa\/que-hacemos\/","title":{"rendered":"Qu\u00e9 hacemos"},"content":{"rendered":"    <m-final-content-header bgimage='https:\/\/static.ferrovial.com\/wp-content\/uploads\/2020\/02\/13130144\/que-hacemos_ferconsa-1280x720.jpg'>\n            <c-breadcrumb label-text=\"Breadcrumb\" slot=\"breadcrumbs\" type='2' align='left' wrap='wrapped wrapped' aria-label='Vienes de Ferconsa'>\n                        <ol>\n\n                                                            <li><a href=\"https:\/\/www.ferrovial.com\/es-es\/\" title=\"Ferrovial\">Ferrovial<\/a><\/li>\n                                                                        <li><a href=\"https:\/\/www.ferrovial.com\/es-es\/ferconsa\/\" title=\"Ferconsa\">Ferconsa<\/a><\/li>\n                                    \n                <\/ol>\n\n                <\/c-breadcrumb>\n    \n        <div slot=\"header\">\n            <h1>\n                Qu\u00e9 hacemos            <\/h1>\n                    <\/div>\n    <\/m-final-content-header>\n\n    \n\n\n<m-wysiwig class=\"wp-block-components-wysiwyg\"><div slot=\"maincontent\">    <p class=\"intro\">Realizamos el dise\u00f1o, montaje y puesta en servicio de instalaciones en construcci\u00f3n de obra civil, edificaci\u00f3n y obra industrial.<\/p>\n    \n\n\n<p>Dentro de esta \u00faltima trabajamos en energ\u00edas limpias como la cogeneraci\u00f3n, la solar fotovoltaica y t\u00e9rmica, o la geotermia.<\/p>\n\n\n\n<p>La eficiencia energ\u00e9tica est\u00e1 muy presente en nuestro <em>know how<\/em>. Tanto las instalaciones el\u00e9ctricas de baja, media y alta tensi\u00f3n, como las instalaciones mec\u00e1nicas, aplican estos principios.<\/p>\n\n\n\n<p>As\u00ed, instalamos protecci\u00f3n contra incendios, sistemas de climatizaci\u00f3n (calefacci\u00f3n, fr\u00edo, ventilaci\u00f3n) y fontaner\u00eda. Y en proyectos de instalaciones especiales tambi\u00e9n nos encargamos del cableado estructurado, las comunicaciones, los sistemas de control e instrumentalizaci\u00f3n, y la se\u00f1alizaci\u00f3n y control del tr\u00e1fico.<\/p>\n\n\n\n<p>Algunos de nuestros proyectos m\u00e1s destacados son las instalaciones de los hospitales Fraternidad-Mupresa (Madrid) y Vithas (Granada), el campo penitenciario Norte II (Pamplona), la Universidad Europea de Madrid, el t\u00fanel de acceso a la T4 en Madrid, la terminal de contenedores Tercat en Barcelona o el edificio ICTA-UAB (Institut de Ci\u00e8ncia i Tecnologia Ambientals).<\/p>\n\n\n\n<p>A esta cartera de obras se suman edificios de viviendas de alta eficiencia energ\u00e9tica. Castellana 76 fue galardonado con el <a href=\"https:\/\/www.eseficiencia.es\/2018\/06\/15\/entregados-premios-3-diamantes-mitsubishi-electric-edificios-mas-eficientes-espana\" title=\"Entregados los Premios 3 Diamantes de Mitsubishi Electric a los Edificios m\u00e1s Eficientes de Espa\u00f1a ESEFICIENCIA\" target=\"_blank\" rel=\"nofollow noopener noreferrer\">premio 3 Diamantes de Mitsubishi Electric<\/a> al edificio m\u00e1s eficiente de Espa\u00f1a, y <a href=\"https:\/\/www.fenercom.com\/wp-content\/uploads\/2018\/03\/Las-Energias-Renovables-en-la-Comunidad-de-Madrid-fenercom-2018.pdf\" title=\"Las Energias Renovables en la Comunidad de Madrid fenercom 2018\" target=\"_blank\" rel=\"nofollow noopener noreferrer\">las 80 viviendas de Arroyo Bodonal<\/a> no usan ni radiadores t\u00e9rmicos ni aire acondicionado, sino geotermia.<\/p>\n\n\n\n<p>Toda nuestra actividad se rige por la calidad y el uso eficiente de la energ\u00eda. En todos los proyectos que dise\u00f1amos y ejecutamos se integran la preocupaci\u00f3n por el medio ambiente.<\/p>\n<\/div><\/m-wysiwig>\n\n\n    <m-projects-distributor2 :translations='{\n        &quot;prev&quot;:&quot;Anterior&quot;,\n        &quot;next&quot;:&quot;Siguiente&quot;,\n        &quot;paginationseparator&quot;:&quot;de&quot;\n    }'>\n                        <h2 slot=\"label\">\n                    Proyectos                <\/h2>\n                                <h3 slot=\"title\">\n                Nuestros proyectos                 <\/h3>\n                        <a slot='button' title='Descubre nuestros proyectos' href='https:\/\/www.ferrovial.com\/es\/f-construccion\/proyectos\/'>\n            Descubre nuestros proyectos        <\/a>\n\n            <\/m-projects-distributor2>\n\n    ","protected":false},"excerpt":{"rendered":"","protected":false},"featured_media":0,"parent":72380,"menu_order":0,"comment_status":"closed","ping_status":"closed","template":"","meta":{"_acf_changed":false,"footnotes":""},"class_list":["post-72529","page","type-page","status-publish","hentry"],"acf":[],"yoast_head":"<!-- This site is optimized with the Yoast SEO plugin v27.2 - https:\/\/yoast.com\/product\/yoast-seo-wordpress\/ -->\n<title>Edificaci\u00f3n, eficiencia energ\u00e9tica, obra civil ... - Ferconsa<\/title>\n<meta name=\"description\" content=\"Expertos en edificaci\u00f3n de infraestructuras y eficiencia energ\u00e9tica. Ferconsa cuenta con a\u00f1os de experiencia en el sector construcci\u00f3n, lo que la convierte en ...\" \/>\n<meta name=\"robots\" content=\"index, follow, max-snippet:-1, max-image-preview:large, max-video-preview:-1\" \/>\n<link rel=\"canonical\" href=\"https:\/\/www.ferrovial.com\/es-es\/ferconsa\/que-hacemos\/\" \/>\n<meta property=\"og:locale\" content=\"es_ES\" \/>\n<meta property=\"og:type\" content=\"article\" \/>\n<meta property=\"og:title\" content=\"Edificaci\u00f3n, eficiencia energ\u00e9tica, obra civil ... - Ferconsa\" \/>\n<meta property=\"og:description\" content=\"Expertos en edificaci\u00f3n de infraestructuras y eficiencia energ\u00e9tica. Ferconsa cuenta con a\u00f1os de experiencia en el sector construcci\u00f3n, lo que la convierte en ...\" \/>\n<meta property=\"og:url\" content=\"https:\/\/www.ferrovial.com\/es-es\/ferconsa\/que-hacemos\/\" \/>\n<meta property=\"og:site_name\" content=\"Ferrovial\" \/>\n<meta property=\"article:publisher\" content=\"https:\/\/www.facebook.com\/ferrovial\" \/>\n<meta property=\"article:modified_time\" content=\"2025-06-19T08:29:04+00:00\" \/>\n<meta name=\"twitter:card\" content=\"summary_large_image\" \/>\n<meta name=\"twitter:site\" content=\"@ferrovial\" \/>\n<meta name=\"twitter:label1\" content=\"Tiempo de lectura\" \/>\n\t<meta name=\"twitter:data1\" content=\"2 minutos\" \/>\n<!-- \/ Yoast SEO plugin. -->","yoast_head_json":{"title":"Edificaci\u00f3n, eficiencia energ\u00e9tica, obra civil ... - Ferconsa","description":"Expertos en edificaci\u00f3n de infraestructuras y eficiencia energ\u00e9tica. Ferconsa cuenta con a\u00f1os de experiencia en el sector construcci\u00f3n, lo que la convierte en ...","robots":{"index":"index","follow":"follow","max-snippet":"max-snippet:-1","max-image-preview":"max-image-preview:large","max-video-preview":"max-video-preview:-1"},"canonical":"https:\/\/www.ferrovial.com\/es-es\/ferconsa\/que-hacemos\/","og_locale":"es_ES","og_type":"article","og_title":"Edificaci\u00f3n, eficiencia energ\u00e9tica, obra civil ... - Ferconsa","og_description":"Expertos en edificaci\u00f3n de infraestructuras y eficiencia energ\u00e9tica. Ferconsa cuenta con a\u00f1os de experiencia en el sector construcci\u00f3n, lo que la convierte en ...","og_url":"https:\/\/www.ferrovial.com\/es-es\/ferconsa\/que-hacemos\/","og_site_name":"Ferrovial","article_publisher":"https:\/\/www.facebook.com\/ferrovial","article_modified_time":"2025-06-19T08:29:04+00:00","twitter_card":"summary_large_image","twitter_site":"@ferrovial","twitter_misc":{"Tiempo de lectura":"2 minutos"},"schema":{"@context":"https:\/\/schema.org","@graph":[{"@type":"WebPage","@id":"https:\/\/www.ferrovial.com\/es-es\/ferconsa\/que-hacemos\/","url":"https:\/\/www.ferrovial.com\/es-es\/ferconsa\/que-hacemos\/","name":"Edificaci\u00f3n, eficiencia energ\u00e9tica, obra civil ... - Ferconsa","isPartOf":{"@id":"https:\/\/www.ferrovial.com\/es-es\/#website"},"datePublished":"2019-11-22T11:12:44+00:00","dateModified":"2025-06-19T08:29:04+00:00","description":"Expertos en edificaci\u00f3n de infraestructuras y eficiencia energ\u00e9tica. Ferconsa cuenta con a\u00f1os de experiencia en el sector construcci\u00f3n, lo que la convierte en ...","breadcrumb":{"@id":"https:\/\/www.ferrovial.com\/es-es\/ferconsa\/que-hacemos\/#breadcrumb"},"inLanguage":"es","potentialAction":[{"@type":"ReadAction","target":["https:\/\/www.ferrovial.com\/es-es\/ferconsa\/que-hacemos\/"]}]},{"@type":"BreadcrumbList","@id":"https:\/\/www.ferrovial.com\/es-es\/ferconsa\/que-hacemos\/#breadcrumb","itemListElement":[{"@type":"ListItem","position":1,"name":"Portada","item":"https:\/\/www.ferrovial.com\/es-es\/"},{"@type":"ListItem","position":2,"name":"Ferconsa","item":"https:\/\/www.ferrovial.com\/es-es\/ferconsa\/"},{"@type":"ListItem","position":3,"name":"Qu\u00e9 hacemos"}]},{"@type":"WebSite","@id":"https:\/\/www.ferrovial.com\/es-es\/#website","url":"https:\/\/www.ferrovial.com\/es-es\/","name":"Ferrovial","description":"Welcome to the Ferrovial&#039;s website, global operator of sustainable infrastructure. Here you can find all the information about the company and subsidiaries.","publisher":{"@id":"https:\/\/www.ferrovial.com\/es-es\/#organization"},"potentialAction":[{"@type":"SearchAction","target":{"@type":"EntryPoint","urlTemplate":"https:\/\/www.ferrovial.com\/es-es\/?s={search_term_string}"},"query-input":{"@type":"PropertyValueSpecification","valueRequired":true,"valueName":"search_term_string"}}],"inLanguage":"es"},{"@type":"Organization","@id":"https:\/\/www.ferrovial.com\/es-es\/#organization","name":"Ferrovial S.A.","url":"https:\/\/www.ferrovial.com\/es-es\/","logo":{"@type":"ImageObject","inLanguage":"es","@id":"https:\/\/www.ferrovial.com\/es-es\/#\/schema\/logo\/image\/","url":"https:\/\/static.ferrovial.com\/wp-content\/uploads\/2020\/01\/13124948\/logo-ferrovial-cf7.png","contentUrl":"https:\/\/static.ferrovial.com\/wp-content\/uploads\/2020\/01\/13124948\/logo-ferrovial-cf7.png","width":144,"height":32,"caption":"Ferrovial S.A."},"image":{"@id":"https:\/\/www.ferrovial.com\/es-es\/#\/schema\/logo\/image\/"},"sameAs":["https:\/\/www.facebook.com\/ferrovial","https:\/\/x.com\/ferrovial","https:\/\/www.instagram.com\/ferrovial\/","https:\/\/www.linkedin.com\/company\/ferrovial","https:\/\/www.pinterest.es\/ferrovial\/","https:\/\/www.youtube.com\/ferrovial","https:\/\/en.wikipedia.org\/wiki\/Ferrovial"]}]}},"_links":{"self":[{"href":"https:\/\/www.ferrovial.com\/es-es\/wp-json\/wp\/v2\/pages\/72529","targetHints":{"allow":["GET"]}}],"collection":[{"href":"https:\/\/www.ferrovial.com\/es-es\/wp-json\/wp\/v2\/pages"}],"about":[{"href":"https:\/\/www.ferrovial.com\/es-es\/wp-json\/wp\/v2\/types\/page"}],"replies":[{"embeddable":true,"href":"https:\/\/www.ferrovial.com\/es-es\/wp-json\/wp\/v2\/comments?post=72529"}],"version-history":[{"count":3,"href":"https:\/\/www.ferrovial.com\/es-es\/wp-json\/wp\/v2\/pages\/72529\/revisions"}],"predecessor-version":[{"id":307749,"href":"https:\/\/www.ferrovial.com\/es-es\/wp-json\/wp\/v2\/pages\/72529\/revisions\/307749"}],"up":[{"embeddable":true,"href":"https:\/\/www.ferrovial.com\/es-es\/wp-json\/wp\/v2\/pages\/72380"}],"wp:attachment":[{"href":"https:\/\/www.ferrovial.com\/es-es\/wp-json\/wp\/v2\/media?parent=72529"}],"curies":[{"name":"wp","href":"https:\/\/api.w.org\/{rel}","templated":true}]}}