{"id":131227,"date":"2019-09-05T12:11:14","date_gmt":"2019-09-05T10:11:14","guid":{"rendered":"https:\/\/www.ferrovial.com\/compania\/"},"modified":"2026-02-16T23:03:52","modified_gmt":"2026-02-16T22:03:52","slug":"compania","status":"publish","type":"page","link":"https:\/\/www.ferrovial.com\/es-la\/compania\/","title":{"rendered":"Sobre nosotros"},"content":{"rendered":"    <m-hero type='reduced' :translations='{\n        &quot;play&quot;:&quot;Reproducir v\u00eddeo de fondo&quot;,\n        &quot;pause&quot;:&quot;Pausar v\u00eddeo de fondo&quot;,\n        &quot;prev&quot;:&quot;Anterior&quot;,\n        &quot;next&quot;:&quot;Siguiente&quot;,\n        &quot;paginationseparator&quot;:&quot;de&quot;,\n        &quot;goto&quot;:&quot;Ir al slide&quot;,\n        &quot;external&quot;:&quot;Abrir una nueva ventana&quot;\n    }'>\n            <c-breadcrumb label-text=\"Breadcrumb\" slot=\"breadcrumbs\" type='1' align='left left' wrap='wrapped wrapped'>\n                        <ol>\n\n                                                            <li><a href=\"https:\/\/www.ferrovial.com\/es-la\/\" title=\"Ferrovial\">Ferrovial<\/a><\/li>\n                                    \n                <\/ol>\n\n                <\/c-breadcrumb>\n    \n                        <div slot=\"carouselItem\">\n                            <c-background-video :sources=\"['https:\/\/static.ferrovial.com\/wp-content\/uploads\/2019\/11\/13140436\/bucle-home_04_mix-top.mp4']\" position=\"center center\" poster=\"https:\/\/static.ferrovial.com\/wp-content\/uploads\/2019\/11\/13140706\/autopistas-407etr_toronto-canada.jpg\" :translations=\"{&quot;play&quot;:&quot;Reproducir v\u00eddeo de fondo&quot;,&quot;pause&quot;:&quot;Pausar v\u00eddeo de fondo&quot;}\"><\/c-background-video>\n                        <\/div>\n        <section slot=\"hero\">\n            <article>\n                                        <h1>\n                            Sobre nosotros                         <\/h1>\n                                                <p>Descripci\u00f3n por defecto<\/p>\n                                    <\/article>\n        <\/section>\n    <\/m-hero>\n\n    \n\n    <m-introduction-subhome type='primary' pathfront='1' pathback='2' icon='global'>\n        <img decoding=\"async\" class=\"dots hidden\" slot=\"bg\" src=\"https:\/\/www.ferrovial.com\/wp-content\/themes\/global\/front\/dist\/static\/img\/dots.svg\" alt=\"\" \/>\n                        <h3 slot=\"title\">\n                    En 1952 dio comienzo nuestra andadura                <\/h3>\n                                <p slot=\"description\">\n                    Comenzamos a desarrollar infraestructuras de transporte, convirti\u00e9ndonos hoy en una compa\u00f1\u00eda l\u00edder en soluciones sostenibles de ingenier\u00eda, construcci\u00f3n de obra civil y edificaci\u00f3n.                <\/p>\n                    <\/m-introduction-subhome>\n    \n\n    <m-careers>\n                            <section slot=\"careers\">\n                        <div>\n                                                                <h3>\n                                        Nuestra organizaci\u00f3n                                    <\/h3>\n                                                                <blockquote>\n                                                                <img decoding=\"async\" src=\"https:\/\/static.ferrovial.com\/wp-content\/uploads\/2019\/11\/13140433\/presidente-nuestra-organizacion-gris.jpg\" alt=\"Presidente Rafael del Pino Compa\u00f1ia\" \/>\n                                <p>Quiero agradecer a accionistas, clientes y proveedores la confianza depositada en la compa\u00f1\u00eda y a los trabajadores su dedicaci\u00f3n.<\/p>\n\n                                                                        <footer>\n                                                                                                <cite>\n                                                        Rafael Del Pino Calvo-Sotelo                                                    <\/cite>\n                                                                                                        <p>\n                                                        Presidente                                                    <\/p>\n                                                                                            <\/footer>\n                                                                    <\/blockquote>\n\n                                                                <nav>\n                                        <ul>\n                                                                                                <li>\n                                                        <a href=\"\" title=\"Presidente\" target=\"\" icon=\"\">\n                                                            Presidente                                                        <\/a>\n                                                    <\/li>\n                                                                                                        <li>\n                                                        <a href=\"\" title=\"Comit\u00e9 de Direcci\u00f3n\" target=\"\" icon=\"\">\n                                                            Comit\u00e9 de Direcci\u00f3n                                                        <\/a>\n                                                    <\/li>\n                                                                                                        <li>\n                                                        <a href=\"\" title=\"Consejo de Administraci\u00f3n\" target=\"\" icon=\"\">\n                                                            Consejo de Administraci\u00f3n                                                        <\/a>\n                                                    <\/li>\n                                                                                            <\/ul>\n                                    <\/nav>\n                                                            <\/div>\n                    <\/section>\n                    <\/m-careers>\n\n    \n\n\n<m-wysiwig class=\"wp-block-components-wysiwyg\"><div slot=\"maincontent\">\n<h2 class=\"wp-block-heading\">Modelo de negocio<\/h2>\n\n\n\n<p>Desarrollar y operar infraestructuras sostenibles, innovadoras y eficientes creando valor para los grupos de inter\u00e9s.<\/p>\n\n\n\n<figure class=\"wp-block-image size-large\"><img v-lazy=\"'https:\/\/static.ferrovial.com\/wp-content\/uploads\/2022\/08\/04105747\/modelo-de-negocio-ferrovial-1-1024x342.jpg'\" alt=\"\" class=\"wp-image-236833\"\/><\/figure>\n<\/div><\/m-wysiwig>\n\n\n    <m-multiple-distributor columns='4'>\n                        <p slot=\"title\">\n                    Nuestros negocios                <\/p>\n                                    <div class=\"card\">\n                                                <img decoding=\"async\" src=\"https:\/\/static.ferrovial.com\/wp-content\/uploads\/2019\/09\/13131044\/autopista-del-sol-02-600x767.jpg\" alt=\"Autopista del Sol 02\" position=\"center center\" \/>\n                                                        <p class=\"name\">Autopistas<\/p>\n                                                                    <p class=\"description\">Descripci\u00f3n por defecto<\/p>\n                                                                        <a title='Ver mas' aria-label='M\u00e1s informaci\u00f3n sobre Autopistas'>Ver mas<\/a>\n                                                            <\/div>\n                                        <div class=\"card\">\n                                                <img decoding=\"async\" src=\"https:\/\/static.ferrovial.com\/wp-content\/uploads\/2019\/10\/13133650\/aeropuertos_timelapse_picture-600x729.jpg\" alt=\"Aeropuertos timelapse picture\" position=\"center center\" \/>\n                                                        <p class=\"name\">Aeropuertos<\/p>\n                                                                    <p class=\"description\">Descripci\u00f3n por defecto<\/p>\n                                                                        <a title='Ver mas' aria-label='M\u00e1s informaci\u00f3n sobre Aeropuertos'>Ver mas<\/a>\n                                                            <\/div>\n                                        <div class=\"card\">\n                                                <img decoding=\"async\" src=\"https:\/\/static.ferrovial.com\/wp-content\/uploads\/2019\/12\/13132008\/power-infrastructure-airports-600x634.jpg\" alt=\"Power-Infrastructure-project\" position=\"center center\" \/>\n                                                        <p class=\"name\">Energ\u00eda<\/p>\n                                                                    <p class=\"description\">Descripci\u00f3n por defecto<\/p>\n                                                                        <a title='Ver mas' aria-label='M\u00e1s informaci\u00f3n sobre Energ\u00eda'>Ver mas<\/a>\n                                                            <\/div>\n                                        <div class=\"card\">\n                                                <img decoding=\"async\" src=\"https:\/\/static.ferrovial.com\/wp-content\/uploads\/2019\/11\/13132123\/construction-toowoomba-highway-in-queensland-australia-600x800.jpg\" alt=\"construction-toowoomba-highway-in-queensland--australia\" position=\"center center\" \/>\n                                                        <p class=\"name\">Construcci\u00f3n<\/p>\n                                                                    <p class=\"description\">Descripci\u00f3n por defecto<\/p>\n                                                                        <a title='Ver mas' aria-label='M\u00e1s informaci\u00f3n sobre Construcci\u00f3n'>Ver mas<\/a>\n                                                            <\/div>\n                        <\/m-multiple-distributor>\n\n    \n\n\n    <m-distributor-basic bgimg='https:\/\/static.ferrovial.com\/wp-content\/uploads\/2019\/11\/13141924\/407_etr_ontario_canada-1920x1080.jpg'>\n                        <h3 slot=\"title\">\n                    \u00bfQu\u00e9 es Ferrovial?                <\/h3>\n                                <p slot=\"text\">\n                    Descubre qui\u00e9nes somos, qu\u00e9 hacemos y con qu\u00e9 mirada interpretamos el mundo.                <\/p>\n                                    <c-button slot='cta' type='primary' disabled='false' href='#'>\n                        <span>Desde 1952 hasta hoy<\/span>\n                                        <\/c-button>\n                                        <c-button slot='cta' type='ghost-color' disabled='false' href='#'>\n                        <span>Nuestra visi\u00f3n <\/span>\n                                        <\/c-button>\n                    \n        \n\n    <\/m-distributor-basic>\n    \n\n    <m-distributor-carousel-highlights :translations='{\n        &quot;paginationseparator&quot;:&quot;de&quot;,\n        &quot;next&quot;:&quot;Siguiente&quot;,\n        &quot;prev&quot;:&quot;Anterior&quot;\n    }'>\n                        <h3 slot=\"title\">\n                    La mayor satisfacci\u00f3n es lo que dicen de nosotros                <\/h3>\n                                    <div class=\"m-distributor-carousel-highlights__inner__viewport__wrapper\" slot=\"carouselItem\">\n                        <c-card class=\"m-distributor-carousel-highlights__inner__viewport__slide\" type=\"type-3\" link=\"\"  >\n                                                                <label slot=\"label\">Dow Jones Sustainability Index<\/label>\n                                                                        <h3 role=\"listitem\" slot=\"title\">Indices de Sostenibilidad<\/h3>\n                                                                        <p slot=\"description\">\n                                        Lorem ipsum                                    <\/p>\n                                                                        <img loading=\"lazy\" decoding=\"async\" slot=\"icon\" src=\"https:\/\/static.ferrovial.com\/wp-content\/uploads\/2019\/11\/13140431\/icono-sostenibilidad.png\" alt=\"\" width=\"200\" height=\"200\" \/>\n                                                                        <c-masked-image path=\"3\"  slot=\"image\">\n                                    <\/c-masked-image>\n                                                            <\/c-card>\n                    <\/div>\n                                        <div class=\"m-distributor-carousel-highlights__inner__viewport__wrapper\" slot=\"carouselItem\">\n                        <c-card class=\"m-distributor-carousel-highlights__inner__viewport__slide\" type=\"type-4\" link=\"https:\/\/newsroom.ferrovial.com\/es\/noticias\/ferrovial-lider-en-responsabilidad-social-corporativa-segun-csrhub\/\"  >\n                                                                <img decoding=\"async\" slot=\"background\" src=\"https:\/\/static.ferrovial.com\/wp-content\/uploads\/2019\/11\/13140834\/ong-ferrovial-infraestructuras-sociales-640x360.jpg\" video=\"true\" height=\"100%\">\n                                                                        <h3 role=\"listitem\" slot=\"title\">L\u00edder del sector en RSC seg\u00fan CSRHUB<\/h3>\n                                                                        <p slot=\"description\">\n                                        Lorem ipsum                                    <\/p>\n                                                            <\/c-card>\n                    <\/div>\n                                        <div class=\"m-distributor-carousel-highlights__inner__viewport__wrapper\" slot=\"carouselItem\">\n                        <c-card class=\"m-distributor-carousel-highlights__inner__viewport__slide\" type=\"type-3\" link=\"\"  >\n                                                                <h3 role=\"listitem\" slot=\"title\">Conoce nuestros reconocimientos y premios<\/h3>\n                                                                        <p slot=\"description\">\n                                        Lorem ipsum                                    <\/p>\n                                                                        <img loading=\"lazy\" decoding=\"async\" slot=\"icon\" src=\"https:\/\/static.ferrovial.com\/wp-content\/uploads\/2019\/11\/13140432\/icono-premios.png\" alt=\"\" width=\"200\" height=\"200\" \/>\n                                                                        <c-masked-image path=\"3\"  slot=\"image\">\n                                    <\/c-masked-image>\n                                                            <\/c-card>\n                    <\/div>\n                        <\/m-distributor-carousel-highlights>\n    ","protected":false},"excerpt":{"rendered":"","protected":false},"featured_media":0,"parent":0,"menu_order":0,"comment_status":"closed","ping_status":"closed","template":"","meta":{"_acf_changed":false,"footnotes":""},"class_list":["post-131227","page","type-page","status-publish","hentry"],"acf":[],"yoast_head":"<!-- This site is optimized with the Yoast SEO plugin v27.2 - https:\/\/yoast.com\/product\/yoast-seo-wordpress\/ -->\n<title>Historia, visi\u00f3n y valores de la compa\u00f1\u00eda - Ferrovial<\/title>\n<meta name=\"description\" content=\"Desde su fundaci\u00f3n en 1952, Ferrovial es un referente mundial en el sector de las infraestructuras y la movilidad. Entra y descubre m\u00e1s informaci\u00f3n.\" \/>\n<meta name=\"robots\" content=\"index, follow, max-snippet:-1, max-image-preview:large, max-video-preview:-1\" \/>\n<link rel=\"canonical\" href=\"https:\/\/www.ferrovial.com\/es-la\/compania\/\" \/>\n<meta property=\"og:locale\" content=\"es_ES\" \/>\n<meta property=\"og:type\" content=\"article\" \/>\n<meta property=\"og:title\" content=\"Historia, visi\u00f3n y valores de la compa\u00f1\u00eda - Ferrovial\" \/>\n<meta property=\"og:description\" content=\"Desde su fundaci\u00f3n en 1952, Ferrovial es un referente mundial en el sector de las infraestructuras y la movilidad. Entra y descubre m\u00e1s informaci\u00f3n.\" \/>\n<meta property=\"og:url\" content=\"https:\/\/www.ferrovial.com\/es-la\/compania\/\" \/>\n<meta property=\"og:site_name\" content=\"Ferrovial\" \/>\n<meta property=\"article:publisher\" content=\"https:\/\/www.facebook.com\/ferrovial\" \/>\n<meta property=\"article:modified_time\" content=\"2026-02-16T22:03:52+00:00\" \/>\n<meta property=\"og:image\" content=\"https:\/\/www.ferrovial.com\/wp-content\/themes\/global\/front\/dist\/static\/img\/dots.svg\" \/>\n<meta name=\"twitter:card\" content=\"summary_large_image\" \/>\n<meta name=\"twitter:site\" content=\"@ferrovial\" \/>\n<meta name=\"twitter:label1\" content=\"Est. reading time\" \/>\n\t<meta name=\"twitter:data1\" content=\"1 minute\" \/>\n<!-- \/ Yoast SEO plugin. -->","yoast_head_json":{"title":"Historia, visi\u00f3n y valores de la compa\u00f1\u00eda - Ferrovial","description":"Desde su fundaci\u00f3n en 1952, Ferrovial es un referente mundial en el sector de las infraestructuras y la movilidad. Entra y descubre m\u00e1s informaci\u00f3n.","robots":{"index":"index","follow":"follow","max-snippet":"max-snippet:-1","max-image-preview":"max-image-preview:large","max-video-preview":"max-video-preview:-1"},"canonical":"https:\/\/www.ferrovial.com\/es-la\/compania\/","og_locale":"es_ES","og_type":"article","og_title":"Historia, visi\u00f3n y valores de la compa\u00f1\u00eda - Ferrovial","og_description":"Desde su fundaci\u00f3n en 1952, Ferrovial es un referente mundial en el sector de las infraestructuras y la movilidad. Entra y descubre m\u00e1s informaci\u00f3n.","og_url":"https:\/\/www.ferrovial.com\/es-la\/compania\/","og_site_name":"Ferrovial","article_publisher":"https:\/\/www.facebook.com\/ferrovial","article_modified_time":"2026-02-16T22:03:52+00:00","og_image":[{"url":"https:\/\/www.ferrovial.com\/wp-content\/themes\/global\/front\/dist\/static\/img\/dots.svg","type":"","width":"","height":""}],"twitter_card":"summary_large_image","twitter_site":"@ferrovial","twitter_misc":{"Est. reading time":"1 minute"},"schema":{"@context":"https:\/\/schema.org","@graph":[{"@type":"WebPage","@id":"https:\/\/www.ferrovial.com\/es-la\/compania\/","url":"https:\/\/www.ferrovial.com\/es-la\/compania\/","name":"Historia, visi\u00f3n y valores de la compa\u00f1\u00eda - Ferrovial","isPartOf":{"@id":"https:\/\/www.ferrovial.com\/es-la\/#website"},"primaryImageOfPage":{"@id":"https:\/\/www.ferrovial.com\/es-la\/compania\/#primaryimage"},"image":{"@id":"https:\/\/www.ferrovial.com\/es-la\/compania\/#primaryimage"},"thumbnailUrl":"https:\/\/www.ferrovial.com\/wp-content\/themes\/global\/front\/dist\/static\/img\/dots.svg","datePublished":"2019-09-05T10:11:14+00:00","dateModified":"2026-02-16T22:03:52+00:00","description":"Desde su fundaci\u00f3n en 1952, Ferrovial es un referente mundial en el sector de las infraestructuras y la movilidad. Entra y descubre m\u00e1s informaci\u00f3n.","breadcrumb":{"@id":"https:\/\/www.ferrovial.com\/es-la\/compania\/#breadcrumb"},"inLanguage":"es-419","potentialAction":[{"@type":"ReadAction","target":["https:\/\/www.ferrovial.com\/es-la\/compania\/"]}]},{"@type":"ImageObject","inLanguage":"es-419","@id":"https:\/\/www.ferrovial.com\/es-la\/compania\/#primaryimage","url":"https:\/\/www.ferrovial.com\/wp-content\/themes\/global\/front\/dist\/static\/img\/dots.svg","contentUrl":"https:\/\/www.ferrovial.com\/wp-content\/themes\/global\/front\/dist\/static\/img\/dots.svg"},{"@type":"BreadcrumbList","@id":"https:\/\/www.ferrovial.com\/es-la\/compania\/#breadcrumb","itemListElement":[{"@type":"ListItem","position":1,"name":"Portada","item":"https:\/\/www.ferrovial.com\/es-la\/"},{"@type":"ListItem","position":2,"name":"Sobre nosotros"}]},{"@type":"WebSite","@id":"https:\/\/www.ferrovial.com\/es-la\/#website","url":"https:\/\/www.ferrovial.com\/es-la\/","name":"Ferrovial","description":"Welcome to the Ferrovial&#039;s website, global operator of sustainable infrastructure. Here you can find all the information about the company and subsidiaries.","publisher":{"@id":"https:\/\/www.ferrovial.com\/es-la\/#organization"},"potentialAction":[{"@type":"SearchAction","target":{"@type":"EntryPoint","urlTemplate":"https:\/\/www.ferrovial.com\/es-la\/?s={search_term_string}"},"query-input":{"@type":"PropertyValueSpecification","valueRequired":true,"valueName":"search_term_string"}}],"inLanguage":"es-419"},{"@type":"Organization","@id":"https:\/\/www.ferrovial.com\/es-la\/#organization","name":"Ferrovial S.A.","url":"https:\/\/www.ferrovial.com\/es-la\/","logo":{"@type":"ImageObject","inLanguage":"es-419","@id":"https:\/\/www.ferrovial.com\/es-la\/#\/schema\/logo\/image\/","url":"https:\/\/static.ferrovial.com\/wp-content\/uploads\/2020\/01\/13124948\/logo-ferrovial-cf7.png","contentUrl":"https:\/\/static.ferrovial.com\/wp-content\/uploads\/2020\/01\/13124948\/logo-ferrovial-cf7.png","width":144,"height":32,"caption":"Ferrovial S.A."},"image":{"@id":"https:\/\/www.ferrovial.com\/es-la\/#\/schema\/logo\/image\/"},"sameAs":["https:\/\/www.facebook.com\/ferrovial","https:\/\/x.com\/ferrovial","https:\/\/www.instagram.com\/ferrovial\/","https:\/\/www.linkedin.com\/company\/ferrovial","https:\/\/www.pinterest.es\/ferrovial\/","https:\/\/www.youtube.com\/ferrovial","https:\/\/en.wikipedia.org\/wiki\/Ferrovial"]}]}},"_links":{"self":[{"href":"https:\/\/www.ferrovial.com\/es-la\/wp-json\/wp\/v2\/pages\/131227","targetHints":{"allow":["GET"]}}],"collection":[{"href":"https:\/\/www.ferrovial.com\/es-la\/wp-json\/wp\/v2\/pages"}],"about":[{"href":"https:\/\/www.ferrovial.com\/es-la\/wp-json\/wp\/v2\/types\/page"}],"replies":[{"embeddable":true,"href":"https:\/\/www.ferrovial.com\/es-la\/wp-json\/wp\/v2\/comments?post=131227"}],"version-history":[{"count":3,"href":"https:\/\/www.ferrovial.com\/es-la\/wp-json\/wp\/v2\/pages\/131227\/revisions"}],"predecessor-version":[{"id":324649,"href":"https:\/\/www.ferrovial.com\/es-la\/wp-json\/wp\/v2\/pages\/131227\/revisions\/324649"}],"wp:attachment":[{"href":"https:\/\/www.ferrovial.com\/es-la\/wp-json\/wp\/v2\/media?parent=131227"}],"curies":[{"name":"wp","href":"https:\/\/api.w.org\/{rel}","templated":true}]}}