{"id":131236,"date":"2019-09-05T12:18:46","date_gmt":"2019-09-05T10:18:46","guid":{"rendered":"https:\/\/www.ferrovial.com\/presidente\/"},"modified":"2026-02-26T00:12:52","modified_gmt":"2026-02-25T23:12:52","slug":"presidente","status":"publish","type":"page","link":"https:\/\/www.ferrovial.com\/es-la\/compania\/sobre-nosotros\/presidente\/","title":{"rendered":"Presidente"},"content":{"rendered":"    <m-final-content-header >\n            <c-breadcrumb label-text=\"Breadcrumb\" slot=\"breadcrumbs\" type='2' align='left' wrap='wrapped wrapped' aria-label='Vienes de Nuestra compa\u00f1\u00eda'>\n                        <ol>\n\n                                                            <li><a href=\"https:\/\/www.ferrovial.com\/es-la\/\" title=\"Ferrovial\">Ferrovial<\/a><\/li>\n                                                                        <li><a href=\"https:\/\/www.ferrovial.com\/es\/compania\/\" title=\"Sobre nosotros\">Sobre nosotros<\/a><\/li>\n                                                                        <li><a href=\"https:\/\/www.ferrovial.com\/es\/compania\/sobre-nosotros\/\" title=\"Nuestra compa\u00f1\u00eda\">Nuestra compa\u00f1\u00eda<\/a><\/li>\n                                    \n                <\/ol>\n\n                <\/c-breadcrumb>\n    \n        <div slot=\"header\">\n            <h1>\n                Presidente            <\/h1>\n                    <\/div>\n    <\/m-final-content-header>\n\n    \n\n\n<m-wysiwig class=\"wp-block-components-wysiwyg\"><div slot=\"maincontent\">\n<h2 class=\"wp-block-heading\">Rafael del Pino Calvo-Sotelo<\/h2>\n\n\n\n<figure class=\"wp-block-image\"><img v-lazy=\"'https:\/\/static.ferrovial.com\/wp-content\/uploads\/2019\/10\/13141328\/rafael-del-pino-ferrovial-02-1024x683.jpg'\" alt=\"rafael del pino presidente ferrovial\" class=\"wp-image-41616\"\/><\/figure>\n\n\n\n<p>Ingeniero de Caminos, Canales y Puertos (Universidad Polit\u00e9cnica de Madrid, 1981); MBA, MIT Sloan School of Management (1986).<\/p>\n\n\n\n<p>Presidente de Ferrovial desde 2000 y Consejero Delegado desde 1992. Presidente de Cintra entre 1998 y 2009.<\/p>\n\n\n\n<p>Miembro del MIT&nbsp;<em>Energy Initiative\u2019s<\/em>&nbsp;<em>External<\/em>&nbsp;<em>Advisory Board<\/em>&nbsp;y el MIT Sloan&nbsp;<em>European<\/em>&nbsp;<em>Advisory Board<\/em>. Tambi\u00e9n forma parte del International Advisory Board de IESE y&nbsp;es miembro de la Real Academia de Ingenier\u00eda. <\/p>\n\n\n\n<p>Ha sido Consejero de Zurich Insurance Group, Banesto y Uralita. Tambi\u00e9n es miembro de MIT Corporation y ha sido miembro de Harvard Business School <em>European Advisory Board.<\/em><\/p>\n\n\n\n<h2 class=\"wp-block-heading\"><strong>Carta del Presidente<\/strong><\/h2>\n\n\n\n<blockquote class=\"wp-block-quote is-layout-flow wp-block-quote-is-layout-flow\">\n<p>Ferrovial registra s\u00f3lidos resultados en 2025, impulsados por el buen comportamiento de todos los negocios. El a\u00f1o fue productivo en t\u00e9rminos de nuevas inversiones y la empresa continu\u00f3 con la rotaci\u00f3n de activos maduros. En diciembre de 2025, Ferrovial fue incluida en el \u00edndice Nasdaq-100, lo que refleja la confianza de los inversores en nuestro modelo de negocio y nuestra estrategia de crecimiento en Estados Unidos. Ninguno de estos logros habr\u00eda sido posible sin la dedicaci\u00f3n de nuestros m\u00e1s de 22.500 profesionales en todo el mundo.<\/p>\n<\/blockquote>\n<\/div><\/m-wysiwig>\n\n\n\n<m-wysiwig class=\"wp-block-components-wysiwyg\"><div slot=\"maincontent\">\n\n            <a class='rich-link' href='https:\/\/informeanualintegrado2025.ferrovial.com\/en\/letter-from-the-chairman\/' title='CARTA DEL PRESIDENTE (INFORME ANUAL INTEGRADO 2025)' target='_blank'>\n                <span>CARTA DEL PRESIDENTE (INFORME ANUAL INTEGRADO 2025)<\/span>\n                <img src='https:\/\/www.ferrovial.com\/wp-content\/themes\/global\/front\/dist\/static\/img\/icon-external.svg' alt='external link'>\n            <\/a>\n        \n<\/div><\/m-wysiwig>\n","protected":false},"excerpt":{"rendered":"","protected":false},"featured_media":0,"parent":131252,"menu_order":0,"comment_status":"closed","ping_status":"closed","template":"","meta":{"_acf_changed":false,"footnotes":""},"class_list":["post-131236","page","type-page","status-publish","hentry"],"acf":[],"yoast_head":"<!-- This site is optimized with the Yoast SEO plugin v27.2 - https:\/\/yoast.com\/product\/yoast-seo-wordpress\/ -->\n<title>Rafael del Pino Calvo - Sotelo, Presidente de Ferrovial<\/title>\n<meta name=\"description\" content=\"Ingeniero de Caminos, Canales y Puertos (Universidad Polit\u00e9cnica de Madrid, 1981); MBA, MIT Sloan School of Management (1986). Presidente de Ferrovial desde...\" \/>\n<meta name=\"robots\" content=\"index, follow, max-snippet:-1, max-image-preview:large, max-video-preview:-1\" \/>\n<link rel=\"canonical\" href=\"https:\/\/www.ferrovial.com\/es-la\/compania\/sobre-nosotros\/presidente\/\" \/>\n<meta property=\"og:locale\" content=\"es_ES\" \/>\n<meta property=\"og:type\" content=\"article\" \/>\n<meta property=\"og:title\" content=\"Rafael del Pino Calvo - Sotelo, Presidente de Ferrovial\" \/>\n<meta property=\"og:description\" content=\"Ingeniero de Caminos, Canales y Puertos (Universidad Polit\u00e9cnica de Madrid, 1981); MBA, MIT Sloan School of Management (1986). Presidente de Ferrovial desde...\" \/>\n<meta property=\"og:url\" content=\"https:\/\/www.ferrovial.com\/es-la\/compania\/sobre-nosotros\/presidente\/\" \/>\n<meta property=\"og:site_name\" content=\"Ferrovial\" \/>\n<meta property=\"article:publisher\" content=\"https:\/\/www.facebook.com\/ferrovial\" \/>\n<meta property=\"article:modified_time\" content=\"2026-02-25T23:12:52+00:00\" \/>\n<meta property=\"og:image\" content=\"https:\/\/www.ferrovial.com\/wp-content\/uploads\/2019\/10\/rafael-del-pino-ferrovial-02-1024x683.jpg\" \/>\n<meta name=\"twitter:card\" content=\"summary_large_image\" \/>\n<meta name=\"twitter:site\" content=\"@ferrovial\" \/>\n<meta name=\"twitter:label1\" content=\"Est. reading time\" \/>\n\t<meta name=\"twitter:data1\" content=\"1 minute\" \/>\n<!-- \/ Yoast SEO plugin. -->","yoast_head_json":{"title":"Rafael del Pino Calvo - Sotelo, Presidente de Ferrovial","description":"Ingeniero de Caminos, Canales y Puertos (Universidad Polit\u00e9cnica de Madrid, 1981); MBA, MIT Sloan School of Management (1986). Presidente de Ferrovial desde...","robots":{"index":"index","follow":"follow","max-snippet":"max-snippet:-1","max-image-preview":"max-image-preview:large","max-video-preview":"max-video-preview:-1"},"canonical":"https:\/\/www.ferrovial.com\/es-la\/compania\/sobre-nosotros\/presidente\/","og_locale":"es_ES","og_type":"article","og_title":"Rafael del Pino Calvo - Sotelo, Presidente de Ferrovial","og_description":"Ingeniero de Caminos, Canales y Puertos (Universidad Polit\u00e9cnica de Madrid, 1981); MBA, MIT Sloan School of Management (1986). Presidente de Ferrovial desde...","og_url":"https:\/\/www.ferrovial.com\/es-la\/compania\/sobre-nosotros\/presidente\/","og_site_name":"Ferrovial","article_publisher":"https:\/\/www.facebook.com\/ferrovial","article_modified_time":"2026-02-25T23:12:52+00:00","og_image":[{"url":"https:\/\/www.ferrovial.com\/wp-content\/uploads\/2019\/10\/rafael-del-pino-ferrovial-02-1024x683.jpg","type":"","width":"","height":""}],"twitter_card":"summary_large_image","twitter_site":"@ferrovial","twitter_misc":{"Est. reading time":"1 minute"},"schema":{"@context":"https:\/\/schema.org","@graph":[{"@type":"WebPage","@id":"https:\/\/www.ferrovial.com\/es-la\/compania\/sobre-nosotros\/presidente\/","url":"https:\/\/www.ferrovial.com\/es-la\/compania\/sobre-nosotros\/presidente\/","name":"Rafael del Pino Calvo - Sotelo, Presidente de Ferrovial","isPartOf":{"@id":"https:\/\/www.ferrovial.com\/es-la\/#website"},"primaryImageOfPage":{"@id":"https:\/\/www.ferrovial.com\/es-la\/compania\/sobre-nosotros\/presidente\/#primaryimage"},"image":{"@id":"https:\/\/www.ferrovial.com\/es-la\/compania\/sobre-nosotros\/presidente\/#primaryimage"},"thumbnailUrl":"https:\/\/www.ferrovial.com\/wp-content\/uploads\/2019\/10\/rafael-del-pino-ferrovial-02-1024x683.jpg","datePublished":"2019-09-05T10:18:46+00:00","dateModified":"2026-02-25T23:12:52+00:00","description":"Ingeniero de Caminos, Canales y Puertos (Universidad Polit\u00e9cnica de Madrid, 1981); MBA, MIT Sloan School of Management (1986). Presidente de Ferrovial desde...","breadcrumb":{"@id":"https:\/\/www.ferrovial.com\/es-la\/compania\/sobre-nosotros\/presidente\/#breadcrumb"},"inLanguage":"es-419","potentialAction":[{"@type":"ReadAction","target":["https:\/\/www.ferrovial.com\/es-la\/compania\/sobre-nosotros\/presidente\/"]}]},{"@type":"ImageObject","inLanguage":"es-419","@id":"https:\/\/www.ferrovial.com\/es-la\/compania\/sobre-nosotros\/presidente\/#primaryimage","url":"https:\/\/www.ferrovial.com\/wp-content\/uploads\/2019\/10\/rafael-del-pino-ferrovial-02-1024x683.jpg","contentUrl":"https:\/\/www.ferrovial.com\/wp-content\/uploads\/2019\/10\/rafael-del-pino-ferrovial-02-1024x683.jpg"},{"@type":"BreadcrumbList","@id":"https:\/\/www.ferrovial.com\/es-la\/compania\/sobre-nosotros\/presidente\/#breadcrumb","itemListElement":[{"@type":"ListItem","position":1,"name":"Portada","item":"https:\/\/www.ferrovial.com\/es-la\/"},{"@type":"ListItem","position":2,"name":"Sobre nosotros","item":"https:\/\/www.ferrovial.com\/es-la\/compania\/"},{"@type":"ListItem","position":3,"name":"Nuestra compa\u00f1\u00eda","item":"https:\/\/www.ferrovial.com\/es-la\/compania\/sobre-nosotros\/"},{"@type":"ListItem","position":4,"name":"Presidente"}]},{"@type":"WebSite","@id":"https:\/\/www.ferrovial.com\/es-la\/#website","url":"https:\/\/www.ferrovial.com\/es-la\/","name":"Ferrovial","description":"Welcome to the Ferrovial&#039;s website, global operator of sustainable infrastructure. Here you can find all the information about the company and subsidiaries.","publisher":{"@id":"https:\/\/www.ferrovial.com\/es-la\/#organization"},"potentialAction":[{"@type":"SearchAction","target":{"@type":"EntryPoint","urlTemplate":"https:\/\/www.ferrovial.com\/es-la\/?s={search_term_string}"},"query-input":{"@type":"PropertyValueSpecification","valueRequired":true,"valueName":"search_term_string"}}],"inLanguage":"es-419"},{"@type":"Organization","@id":"https:\/\/www.ferrovial.com\/es-la\/#organization","name":"Ferrovial S.A.","url":"https:\/\/www.ferrovial.com\/es-la\/","logo":{"@type":"ImageObject","inLanguage":"es-419","@id":"https:\/\/www.ferrovial.com\/es-la\/#\/schema\/logo\/image\/","url":"https:\/\/static.ferrovial.com\/wp-content\/uploads\/2020\/01\/13124948\/logo-ferrovial-cf7.png","contentUrl":"https:\/\/static.ferrovial.com\/wp-content\/uploads\/2020\/01\/13124948\/logo-ferrovial-cf7.png","width":144,"height":32,"caption":"Ferrovial S.A."},"image":{"@id":"https:\/\/www.ferrovial.com\/es-la\/#\/schema\/logo\/image\/"},"sameAs":["https:\/\/www.facebook.com\/ferrovial","https:\/\/x.com\/ferrovial","https:\/\/www.instagram.com\/ferrovial\/","https:\/\/www.linkedin.com\/company\/ferrovial","https:\/\/www.pinterest.es\/ferrovial\/","https:\/\/www.youtube.com\/ferrovial","https:\/\/en.wikipedia.org\/wiki\/Ferrovial"]}]}},"_links":{"self":[{"href":"https:\/\/www.ferrovial.com\/es-la\/wp-json\/wp\/v2\/pages\/131236","targetHints":{"allow":["GET"]}}],"collection":[{"href":"https:\/\/www.ferrovial.com\/es-la\/wp-json\/wp\/v2\/pages"}],"about":[{"href":"https:\/\/www.ferrovial.com\/es-la\/wp-json\/wp\/v2\/types\/page"}],"replies":[{"embeddable":true,"href":"https:\/\/www.ferrovial.com\/es-la\/wp-json\/wp\/v2\/comments?post=131236"}],"version-history":[{"count":3,"href":"https:\/\/www.ferrovial.com\/es-la\/wp-json\/wp\/v2\/pages\/131236\/revisions"}],"predecessor-version":[{"id":325419,"href":"https:\/\/www.ferrovial.com\/es-la\/wp-json\/wp\/v2\/pages\/131236\/revisions\/325419"}],"up":[{"embeddable":true,"href":"https:\/\/www.ferrovial.com\/es-la\/wp-json\/wp\/v2\/pages\/131252"}],"wp:attachment":[{"href":"https:\/\/www.ferrovial.com\/es-la\/wp-json\/wp\/v2\/media?parent=131236"}],"curies":[{"name":"wp","href":"https:\/\/api.w.org\/{rel}","templated":true}]}}