{"id":131252,"date":"2019-09-05T12:12:52","date_gmt":"2019-09-05T10:12:52","guid":{"rendered":"https:\/\/www.ferrovial.com\/compania\/sobre-nosotros\/"},"modified":"2026-02-26T00:12:14","modified_gmt":"2026-02-25T23:12:14","slug":"sobre-nosotros","status":"publish","type":"page","link":"https:\/\/www.ferrovial.com\/es-la\/compania\/sobre-nosotros\/","title":{"rendered":"Nuestra compa\u00f1\u00eda"},"content":{"rendered":"    <m-final-content-header bgimage='https:\/\/static.ferrovial.com\/wp-content\/uploads\/2019\/11\/13140439\/407-etr-westbound-sign-and-multiple-trucks-in-background-dump-truck-1280x720.jpg'>\n            <c-breadcrumb label-text=\"Breadcrumb\" slot=\"breadcrumbs\" type='2' align='left' wrap='wrapped wrapped' aria-label='Vienes de Sobre nosotros'>\n                        <ol>\n\n                                                            <li><a href=\"https:\/\/www.ferrovial.com\/es-la\/\" title=\"Ferrovial\">Ferrovial<\/a><\/li>\n                                                                        <li><a href=\"https:\/\/www.ferrovial.com\/es\/compania\/\" title=\"Sobre nosotros\">Sobre nosotros<\/a><\/li>\n                                    \n                <\/ol>\n\n                <\/c-breadcrumb>\n    \n        <div slot=\"header\">\n            <h1>\n                Nuestra compa\u00f1\u00eda            <\/h1>\n                    <\/div>\n    <\/m-final-content-header>\n\n    \n\n\n<m-wysiwig class=\"wp-block-components-wysiwyg\"><div slot=\"maincontent\">    <p class=\"intro\">Somos uno de los principales operadores globales de infraestructuras y mantenemos un firme compromiso con el desarrollo de soluciones sostenibles.<\/p>\n    \n\n\n<p>Contamos con 22.609 empleados y estamos presentes en m\u00e1s de 15 pa\u00edses. Ferrovial cotiza simult\u00e1neamente en Euronext \u00c1msterdam, en Estados Unidos en el Nasdaq Global Select Market (\u201cNasdaq\u201d) y en el mercado burs\u00e1til espa\u00f1ol, donde es miembro del IBEX 35. Adem\u00e1s, est\u00e1 incluida en \u00edndices de sostenibilidad reconocidos mundialmente como el Dow Jones Best in Class Index (antiguo Dow Jones Sustainability Index), y aplica en todas sus operaciones los principios del Pacto Mundial de Naciones Unidas, suscritos por la compa\u00f1\u00eda en 2002.<\/p>\n\n\n\n<h2 class=\"wp-block-heading\">Nuestras l\u00edneas de negocio<\/h2>\n\n\n\n<p>Desarrollamos nuestras actividades a trav\u00e9s de las siguientes <a href=\"https:\/\/www.ferrovial.com\/es-la\/negocio\/\" target=\"_blank\" rel=\"noreferrer noopener\">l\u00edneas de negocio<\/a>:<\/p>\n\n\n\n<ul class=\"wp-block-list\">\n<li><strong><a href=\"https:\/\/www.ferrovial.com\/es-la\/negocio\/autopistas\/\">Autopistas<\/a>:<\/strong> mejora de la movilidad y reducci\u00f3n de la congesti\u00f3n del tr\u00e1fico en comunidades mediante la financiaci\u00f3n, construcci\u00f3n, explotaci\u00f3n y mantenimiento de infraestructuras viarias.<\/li>\n\n\n\n<li><strong><a href=\"https:\/\/www.ferrovial.com\/es-la\/negocio\/aeropuertos\/\">Aeropuertos<\/a>:<\/strong> experiencia operativa en el sector de la aviaci\u00f3n para facilitar el crecimiento del transporte a\u00e9reo y mejorar la conectividad y la experiencia de los pasajeros.<\/li>\n\n\n\n<li><strong><a href=\"https:\/\/www.ferrovial.com\/es\/negocio\/infraestructuras-energeticas\/\">Energ\u00eda<\/a>: <\/strong>soluciones innovadoras para el desarrollo, la construcci\u00f3n, la financiaci\u00f3n y la explotaci\u00f3n de infraestructuras de generaci\u00f3n, almacenamiento y transmisi\u00f3n de energ\u00eda renovable.<\/li>\n\n\n\n<li><strong><a href=\"https:\/\/www.ferrovial.com\/es-la\/negocio\/construccion\/\">Construcci\u00f3n<\/a>: <\/strong>desarrollo de proyectos de infraestructura, respaldando el negocio de concesiones de la empresa con capacidades t\u00e9cnicas, de ingenier\u00eda y de producci\u00f3n integrales.<\/li>\n<\/ul>\n\n\n\n<h2 class=\"wp-block-heading\">Responsables con la sociedad y el medio ambiente<\/h2>\n\n\n\n<p>El compromiso con la sociedad es una de nuestras se\u00f1as de identidad. Es por eso que apostamos por la Responsabilidad Corporativa, las buenas pr\u00e1cticas en materia de<a href=\"https:\/\/www.ferrovial.com\/es-la\/sostenibilidad\/medio-ambiente\/\"> Calidad y Medio Ambiente<\/a> y el desarrollo de la <a href=\"https:\/\/www.ferrovial.com\/es-la\/innovacion\/\">Innovaci\u00f3n<\/a>. Prestamos servicios a grandes comunidades para promover el desarrollo socio econ\u00f3mico, ayudando con nuestra gesti\u00f3n a mejorar la calidad de vida y el progreso de las personas.<\/p>\n\n\n\n<h2 class=\"wp-block-heading\">Nuestra estrategia<\/h2>\n\n\n\n<p>Ferrovial se dedica a desarrollar y operar infraestructuras innovadoras, eficientes y sostenibles que creen valor para nuestros grupos de inter\u00e9s.<\/p>\n\n\n\n<p>Nuestro modelo de negocio integrado global cubre todo el ciclo de vida de un proyecto: desde que se crea el concepto hasta el dise\u00f1o, la financiaci\u00f3n, la construcci\u00f3n y la explotaci\u00f3n de infraestructuras cr\u00edticas como las autopistas y los aeropuertos.<\/p>\n\n\n\n<p>Nuestra estrategia se basa en cuatro pilares fundamentales:<\/p>\n\n\n\n<ul class=\"wp-block-list\">\n<li>Personas<\/li>\n\n\n\n<li>Crecimiento sostenible<\/li>\n\n\n\n<li>Excelencia operativa<\/li>\n\n\n\n<li>Innovaci\u00f3n<\/li>\n<\/ul>\n\n\n\n<p>Conozca m\u00e1s detalles de nuestro <strong>Plan Horizon<\/strong>:&nbsp;\n             <a class='rich-link' href='https:\/\/static.ferrovial.com\/wp-content\/uploads\/2025\/07\/30160633\/horizon-plan-web-004.pdf' title='DESCARGUE AQU\u00cd LA PRESENTACI\u00d3N DEL PLAN ESTRAT\u00c9GICO' target='_blank'>\n                <span>DESCARGUE AQU\u00cd LA PRESENTACI\u00d3N DEL PLAN ESTRAT\u00c9GICO<\/span>\n                <img src='https:\/\/www.ferrovial.com\/wp-content\/themes\/global\/front\/dist\/static\/img\/icon-download.svg' alt='download link'>\n            <\/a>\n        <\/p>\n<\/div><\/m-wysiwig>\n\n\n    <m-multiple-distributor columns='3'>\n                            <div class=\"card\">\n                                                <img decoding=\"async\" src=\"https:\/\/static.ferrovial.com\/wp-content\/uploads\/2019\/11\/13140443\/rafael-del-pino-ferrovial-02-695x324.jpg\" alt=\"rafael-del-pino\" position=\"center center\" \/>\n                                                        <p class=\"name\">Presidente<\/p>\n                                                                    <p class=\"description\">Descripci\u00f3n por defecto<\/p>\n                                                                        <a title='Ver m\u00e1s' aria-label='M\u00e1s informaci\u00f3n sobre Presidente'>Ver m\u00e1s<\/a>\n                                                            <\/div>\n                                        <div class=\"card\">\n                                                <img decoding=\"async\" src=\"https:\/\/static.ferrovial.com\/wp-content\/uploads\/2019\/11\/13140610\/innovacion-cintra.jpg\" alt=\"lbj express highway in texas united state of america\" position=\"center center\" \/>\n                                                        <p class=\"name\">Consejo de Administraci\u00f3n<\/p>\n                                                                    <p class=\"description\">Descripci\u00f3n por defecto<\/p>\n                                                                        <a title='Ver m\u00e1s' aria-label='M\u00e1s informaci\u00f3n sobre Consejo de Administraci\u00f3n'>Ver m\u00e1s<\/a>\n                                                            <\/div>\n                                        <div class=\"card\">\n                                                <img decoding=\"async\" src=\"https:\/\/static.ferrovial.com\/wp-content\/uploads\/2019\/09\/13135055\/air-pic-heathrow-001-800x600.jpg\" alt=\"estructura interior del aeropuerto de heathrow\" position=\"center center\" \/>\n                                                        <p class=\"name\">Comit\u00e9 de Direcci\u00f3n<\/p>\n                                                                    <p class=\"description\">Descripci\u00f3n por defecto<\/p>\n                                                                        <a title='Ver m\u00e1s' aria-label='M\u00e1s informaci\u00f3n sobre Comit\u00e9 de Direcci\u00f3n'>Ver m\u00e1s<\/a>\n                                                            <\/div>\n                        <\/m-multiple-distributor>\n\n    ","protected":false},"excerpt":{"rendered":"","protected":false},"featured_media":0,"parent":131227,"menu_order":0,"comment_status":"closed","ping_status":"closed","template":"","meta":{"_acf_changed":false,"footnotes":""},"class_list":["post-131252","page","type-page","status-publish","hentry"],"acf":[],"yoast_head":"<!-- This site is optimized with the Yoast SEO plugin v27.2 - https:\/\/yoast.com\/product\/yoast-seo-wordpress\/ -->\n<title>Sobre Ferrovial - Estrategia y organigrama de la compa\u00f1\u00eda<\/title>\n<meta name=\"description\" content=\"Ferrovial es uno de los l\u00edderes mundiales de infraestructuras, actuando en las divisiones de aeropuertos, autopistas y construcci\u00f3n\" \/>\n<meta name=\"robots\" content=\"index, follow, max-snippet:-1, max-image-preview:large, max-video-preview:-1\" \/>\n<link rel=\"canonical\" href=\"https:\/\/www.ferrovial.com\/es-la\/compania\/sobre-nosotros\/\" \/>\n<meta property=\"og:locale\" content=\"es_ES\" \/>\n<meta property=\"og:type\" content=\"article\" \/>\n<meta property=\"og:title\" content=\"Sobre Ferrovial - Estrategia y organigrama de la compa\u00f1\u00eda\" \/>\n<meta property=\"og:description\" content=\"Ferrovial es uno de los l\u00edderes mundiales de infraestructuras, actuando en las divisiones de aeropuertos, autopistas y construcci\u00f3n\" \/>\n<meta property=\"og:url\" content=\"https:\/\/www.ferrovial.com\/es-la\/compania\/sobre-nosotros\/\" \/>\n<meta property=\"og:site_name\" content=\"Ferrovial\" \/>\n<meta property=\"article:publisher\" content=\"https:\/\/www.facebook.com\/ferrovial\" \/>\n<meta property=\"article:modified_time\" content=\"2026-02-25T23:12:14+00:00\" \/>\n<meta name=\"twitter:card\" content=\"summary_large_image\" \/>\n<meta name=\"twitter:site\" content=\"@ferrovial\" \/>\n<meta name=\"twitter:label1\" content=\"Est. reading time\" \/>\n\t<meta name=\"twitter:data1\" content=\"2 minutes\" \/>\n<!-- \/ Yoast SEO plugin. -->","yoast_head_json":{"title":"Sobre Ferrovial - Estrategia y organigrama de la compa\u00f1\u00eda","description":"Ferrovial es uno de los l\u00edderes mundiales de infraestructuras, actuando en las divisiones de aeropuertos, autopistas y construcci\u00f3n","robots":{"index":"index","follow":"follow","max-snippet":"max-snippet:-1","max-image-preview":"max-image-preview:large","max-video-preview":"max-video-preview:-1"},"canonical":"https:\/\/www.ferrovial.com\/es-la\/compania\/sobre-nosotros\/","og_locale":"es_ES","og_type":"article","og_title":"Sobre Ferrovial - Estrategia y organigrama de la compa\u00f1\u00eda","og_description":"Ferrovial es uno de los l\u00edderes mundiales de infraestructuras, actuando en las divisiones de aeropuertos, autopistas y construcci\u00f3n","og_url":"https:\/\/www.ferrovial.com\/es-la\/compania\/sobre-nosotros\/","og_site_name":"Ferrovial","article_publisher":"https:\/\/www.facebook.com\/ferrovial","article_modified_time":"2026-02-25T23:12:14+00:00","twitter_card":"summary_large_image","twitter_site":"@ferrovial","twitter_misc":{"Est. reading time":"2 minutes"},"schema":{"@context":"https:\/\/schema.org","@graph":[{"@type":"WebPage","@id":"https:\/\/www.ferrovial.com\/es-la\/compania\/sobre-nosotros\/","url":"https:\/\/www.ferrovial.com\/es-la\/compania\/sobre-nosotros\/","name":"Sobre Ferrovial - Estrategia y organigrama de la compa\u00f1\u00eda","isPartOf":{"@id":"https:\/\/www.ferrovial.com\/es-la\/#website"},"datePublished":"2019-09-05T10:12:52+00:00","dateModified":"2026-02-25T23:12:14+00:00","description":"Ferrovial es uno de los l\u00edderes mundiales de infraestructuras, actuando en las divisiones de aeropuertos, autopistas y construcci\u00f3n","breadcrumb":{"@id":"https:\/\/www.ferrovial.com\/es-la\/compania\/sobre-nosotros\/#breadcrumb"},"inLanguage":"es-419","potentialAction":[{"@type":"ReadAction","target":["https:\/\/www.ferrovial.com\/es-la\/compania\/sobre-nosotros\/"]}]},{"@type":"BreadcrumbList","@id":"https:\/\/www.ferrovial.com\/es-la\/compania\/sobre-nosotros\/#breadcrumb","itemListElement":[{"@type":"ListItem","position":1,"name":"Portada","item":"https:\/\/www.ferrovial.com\/es-la\/"},{"@type":"ListItem","position":2,"name":"Sobre nosotros","item":"https:\/\/www.ferrovial.com\/es-la\/compania\/"},{"@type":"ListItem","position":3,"name":"Nuestra compa\u00f1\u00eda"}]},{"@type":"WebSite","@id":"https:\/\/www.ferrovial.com\/es-la\/#website","url":"https:\/\/www.ferrovial.com\/es-la\/","name":"Ferrovial","description":"Welcome to the Ferrovial&#039;s website, global operator of sustainable infrastructure. Here you can find all the information about the company and subsidiaries.","publisher":{"@id":"https:\/\/www.ferrovial.com\/es-la\/#organization"},"potentialAction":[{"@type":"SearchAction","target":{"@type":"EntryPoint","urlTemplate":"https:\/\/www.ferrovial.com\/es-la\/?s={search_term_string}"},"query-input":{"@type":"PropertyValueSpecification","valueRequired":true,"valueName":"search_term_string"}}],"inLanguage":"es-419"},{"@type":"Organization","@id":"https:\/\/www.ferrovial.com\/es-la\/#organization","name":"Ferrovial S.A.","url":"https:\/\/www.ferrovial.com\/es-la\/","logo":{"@type":"ImageObject","inLanguage":"es-419","@id":"https:\/\/www.ferrovial.com\/es-la\/#\/schema\/logo\/image\/","url":"https:\/\/static.ferrovial.com\/wp-content\/uploads\/2020\/01\/13124948\/logo-ferrovial-cf7.png","contentUrl":"https:\/\/static.ferrovial.com\/wp-content\/uploads\/2020\/01\/13124948\/logo-ferrovial-cf7.png","width":144,"height":32,"caption":"Ferrovial S.A."},"image":{"@id":"https:\/\/www.ferrovial.com\/es-la\/#\/schema\/logo\/image\/"},"sameAs":["https:\/\/www.facebook.com\/ferrovial","https:\/\/x.com\/ferrovial","https:\/\/www.instagram.com\/ferrovial\/","https:\/\/www.linkedin.com\/company\/ferrovial","https:\/\/www.pinterest.es\/ferrovial\/","https:\/\/www.youtube.com\/ferrovial","https:\/\/en.wikipedia.org\/wiki\/Ferrovial"]}]}},"_links":{"self":[{"href":"https:\/\/www.ferrovial.com\/es-la\/wp-json\/wp\/v2\/pages\/131252","targetHints":{"allow":["GET"]}}],"collection":[{"href":"https:\/\/www.ferrovial.com\/es-la\/wp-json\/wp\/v2\/pages"}],"about":[{"href":"https:\/\/www.ferrovial.com\/es-la\/wp-json\/wp\/v2\/types\/page"}],"replies":[{"embeddable":true,"href":"https:\/\/www.ferrovial.com\/es-la\/wp-json\/wp\/v2\/comments?post=131252"}],"version-history":[{"count":3,"href":"https:\/\/www.ferrovial.com\/es-la\/wp-json\/wp\/v2\/pages\/131252\/revisions"}],"predecessor-version":[{"id":325410,"href":"https:\/\/www.ferrovial.com\/es-la\/wp-json\/wp\/v2\/pages\/131252\/revisions\/325410"}],"up":[{"embeddable":true,"href":"https:\/\/www.ferrovial.com\/es-la\/wp-json\/wp\/v2\/pages\/131227"}],"wp:attachment":[{"href":"https:\/\/www.ferrovial.com\/es-la\/wp-json\/wp\/v2\/media?parent=131252"}],"curies":[{"name":"wp","href":"https:\/\/api.w.org\/{rel}","templated":true}]}}