{"id":131254,"date":"2019-10-02T16:10:25","date_gmt":"2019-10-02T14:10:25","guid":{"rendered":"https:\/\/www.ferrovial.com\/compania\/proposito-de-valor\/"},"modified":"2025-06-30T09:40:08","modified_gmt":"2025-06-30T07:40:08","slug":"proposito-vision-valores","status":"publish","type":"page","link":"https:\/\/www.ferrovial.com\/es-la\/compania\/proposito-vision-valores\/","title":{"rendered":"Prop\u00f3sito y valores"},"content":{"rendered":"    <m-final-content-header bgimage='https:\/\/static.ferrovial.com\/wp-content\/uploads\/2019\/11\/13140849\/london-heathrow-airport-exterior-2-1280x720.jpg'>\n            <c-breadcrumb label-text=\"Breadcrumb\" slot=\"breadcrumbs\" type='2' align='left' wrap='wrapped wrapped' aria-label='Vienes de Sobre nosotros'>\n                        <ol>\n\n                                                            <li><a href=\"https:\/\/www.ferrovial.com\/es-la\/\" title=\"Ferrovial\">Ferrovial<\/a><\/li>\n                                                                        <li><a href=\"https:\/\/www.ferrovial.com\/es\/compania\/\" title=\"Sobre nosotros\">Sobre nosotros<\/a><\/li>\n                                    \n                <\/ol>\n\n                <\/c-breadcrumb>\n    \n        <div slot=\"header\">\n            <h1>\n                Prop\u00f3sito y valores             <\/h1>\n                    <\/div>\n    <\/m-final-content-header>\n\n    \n\n\n<m-wysiwig class=\"wp-block-components-wysiwyg\"><div slot=\"maincontent\">    <p class=\"intro\"><\/p>\n    \n\n    <p class=\"intro\">Estamos orgullosos de formar parte de Ferrovial, porque nuestra contribuci\u00f3n a la sociedad va mucho m\u00e1s all\u00e1 de lo que se percibe a simple vista. Desde 1952, hemos estado dise\u00f1ando, construyendo y operando infraestructuras, pero, en definitiva, nuestra ambici\u00f3n es crear espacios que conecten personas para dar respuesta a las necesidades de un mundo interconectado en continuo movimiento.<\/p>\n    \n\n\n<p>Nuestra determinaci\u00f3n nos ha convertido hoy en un s\u00f3lido referente de la industria, pero siempre con la vista puesta en lo que a\u00fan est\u00e1 por venir. Sabemos que hay muchas formas de hacer las cosas, pero sabemos tambi\u00e9n que ser fieles a nosotros mismos y nuestras creencias son las que nos ha tra\u00eddo hasta aqu\u00ed.<\/p>\n\n\n\n<h2 class=\"wp-block-heading has-text-align-left\">Nuestro prop\u00f3sito<\/h2>\n\n\n\n<h3 class=\"wp-block-heading has-text-align-left\">Desarrollar y operar infraestructuras sostenibles, innovadoras y eficientes creando valor para nuestros grupos de inter\u00e9s.<\/h3>\n\n\n\n<p class=\"has-text-align-left\">Estamos comprometidos con hacer cada d\u00eda de Ferrovial una mejor empresa para todos, desde nuestros empleados y nuestros clientes, hasta nuestros accionistas y la sociedad en la que operamos.<\/p>\n\n\n\n<p class=\"has-text-align-left\">Queremos contribuir a hacer un mundo m\u00e1s abierto, conectado y sostenible. <\/p>\n\n\n\n<p class=\"has-text-align-left\">Queremos desarrollar infraestructuras para un mundo en movimiento. <\/p>\n\n\n\n<h3 class=\"wp-block-heading has-text-align-left\">\u00a1Somos Ferrovial!<\/h3>\n\n\n\n<figure class=\"wp-block-embed is-type-video is-provider-youtube wp-block-embed-youtube wp-embed-aspect-16-9 wp-has-aspect-ratio\"><div class=\"wp-block-embed__wrapper\">\n<iframe loading=\"lazy\" title=\"#SomosFerrovial Conoce nuestro prop\u00f3sito y valores  | Ferrovial\" width=\"500\" height=\"281\" src=\"https:\/\/www.youtube.com\/embed\/72ioliLxWDw?feature=oembed&#038;enablejsapi=1&#038;origin=https:\/\/www.ferrovial.com\" frameborder=\"0\" allow=\"accelerometer; autoplay; clipboard-write; encrypted-media; gyroscope; picture-in-picture; web-share\" referrerpolicy=\"strict-origin-when-cross-origin\" allowfullscreen><\/iframe>\n<\/div><\/figure>\n\n\n\n<h2 class=\"wp-block-heading\">Nuestros valores<\/h2>\n\n\n\n<p>Contamos con cinco valores que est\u00e1n grabados en el ADN de nuestra cultura corporativa. Unos valores que son nuestra se\u00f1a de identidad:<\/p>\n\n\n\n<ul class=\"wp-block-list\">\n<li><strong>Respeto.<\/strong> Hacemos de la <strong>seguridad y bienestar<\/strong> de nuestros profesionales es nuestra m\u00e1xima prioridad. Apostamos por un <strong>liderazgo<\/strong> basado en la excelencia, el respeto y el reconocimiento del trabajo bien hecho. Nos aseguramos de que nuestro impacto sea respetuoso con <strong>el medioambiente y las comunidades<\/strong> en las que operamos.<\/li>\n\n\n\n<li><strong>Excelencia. <\/strong>Somos <strong>anal\u00edticos, rigurosos y precisos.<\/strong> So\u00f1amos a lo grande con cada reto, sin olvidarnos de ser <strong>responsables con nuestros recursos<\/strong>. La b\u00fasqueda de la eficiencia nos ha hecho una empresa ganadora. Lo que hacemos, lo hacemos bien, o simplemente no lo hacemos.<\/li>\n\n\n\n<li><strong>Integridad. Cumplimos con lo que decimos<\/strong>, movidos por nuestro compromiso con nuestros empleados, clientes, proveedores, colaboradores y accionistas, dando la mejor versi\u00f3n de nosotros mismos cada d\u00eda. Somos <strong>minuciosos, fiables y solventes<\/strong>, sin importar los obst\u00e1culos que encontremos en el camino.<\/li>\n\n\n\n<li><strong>Colaboraci\u00f3n.<\/strong> Creemos que Ferrovial es posible gracias al <strong>talento<\/strong> de nuestras personas. Fomentamos la <strong>responsabilidad<\/strong> y la autonom\u00eda de nuestra gente, pero multiplicamos nuestra contribuci\u00f3n a trav\u00e9s de la <strong>colaboraci\u00f3n<\/strong>. Somos el resultado de la suma de muchas personas y negocios. Nuestra <strong>diversidad<\/strong> nos hace \u00fanicos.<\/li>\n\n\n\n<li><strong>Innovaci\u00f3n.<\/strong> Somos <strong>emprendedores <\/strong>por naturaleza. Perseguimos nuevas oportunidades de negocio, exploramos nuevas geograf\u00edas y convertimos los problemas en oportunidades. Aprendemos algo nuevo cada d\u00eda, <strong>aprovechando nuestros errores para mejorar.<\/strong><\/li>\n<\/ul>\n\n\n\n\n             <a class='rich-link' href='https:\/\/static.ferrovial.com\/wp-content\/uploads\/2024\/10\/16154842\/somosferrovial-cultura-narrativa.pdf' title='DESCARGA AQU\u00cd LA NARRATIVA COMPLETA DE LA CULTURA DE FERROVIAL' target='_blank'>\n                <span>DESCARGA AQU\u00cd LA NARRATIVA COMPLETA DE LA CULTURA DE FERROVIAL<\/span>\n                <img src='https:\/\/www.ferrovial.com\/wp-content\/themes\/global\/front\/dist\/static\/img\/icon-download.svg' alt='download link'>\n            <\/a>\n        \n\n\n\n<blockquote class=\"wp-block-quote is-layout-flow wp-block-quote-is-layout-flow\">\n<p><em>Ferrovial se ha distinguido, ante todo, por sus magn\u00edficos profesionales. Su esfuerzo, buen hacer y creatividad han permitido superar retos complejos y aprovechar oportunidades, transformando la capacidad individual en logros colectivos.<\/em> <\/p>\n<cite>Rafael del Pino, Presidente<\/cite><\/blockquote>\n<\/div><\/m-wysiwig>\n","protected":false},"excerpt":{"rendered":"","protected":false},"featured_media":0,"parent":131227,"menu_order":0,"comment_status":"closed","ping_status":"closed","template":"","meta":{"_acf_changed":false,"footnotes":""},"class_list":["post-131254","page","type-page","status-publish","hentry"],"acf":[],"yoast_head":"<!-- This site is optimized with the Yoast SEO plugin v27.2 - https:\/\/yoast.com\/product\/yoast-seo-wordpress\/ -->\n<title>Prop\u00f3sito de compa\u00f1\u00eda, visi\u00f3n y valores - Ferrovial<\/title>\n<meta name=\"description\" content=\"Welcome to the Ferrovial&#039;s website, global operator of sustainable infrastructure. Here you can find all the information about the company and subsidiaries.\" \/>\n<meta name=\"robots\" content=\"index, follow, max-snippet:-1, max-image-preview:large, max-video-preview:-1\" \/>\n<link rel=\"canonical\" href=\"https:\/\/www.ferrovial.com\/es-la\/compania\/proposito-vision-valores\/\" \/>\n<meta property=\"og:locale\" content=\"es_ES\" \/>\n<meta property=\"og:type\" content=\"article\" \/>\n<meta property=\"og:title\" content=\"Prop\u00f3sito de compa\u00f1\u00eda, visi\u00f3n y valores - Ferrovial\" \/>\n<meta property=\"og:description\" content=\"Welcome to the Ferrovial&#039;s website, global operator of sustainable infrastructure. Here you can find all the information about the company and subsidiaries.\" \/>\n<meta property=\"og:url\" content=\"https:\/\/www.ferrovial.com\/es-la\/compania\/proposito-vision-valores\/\" \/>\n<meta property=\"og:site_name\" content=\"Ferrovial\" \/>\n<meta property=\"article:publisher\" content=\"https:\/\/www.facebook.com\/ferrovial\" \/>\n<meta property=\"article:modified_time\" content=\"2025-06-30T07:40:08+00:00\" \/>\n<meta name=\"twitter:card\" content=\"summary_large_image\" \/>\n<meta name=\"twitter:site\" content=\"@ferrovial\" \/>\n<meta name=\"twitter:label1\" content=\"Est. reading time\" \/>\n\t<meta name=\"twitter:data1\" content=\"2 minutes\" \/>\n<!-- \/ Yoast SEO plugin. -->","yoast_head_json":{"title":"Prop\u00f3sito de compa\u00f1\u00eda, visi\u00f3n y valores - Ferrovial","description":"Welcome to the Ferrovial's website, global operator of sustainable infrastructure. Here you can find all the information about the company and subsidiaries.","robots":{"index":"index","follow":"follow","max-snippet":"max-snippet:-1","max-image-preview":"max-image-preview:large","max-video-preview":"max-video-preview:-1"},"canonical":"https:\/\/www.ferrovial.com\/es-la\/compania\/proposito-vision-valores\/","og_locale":"es_ES","og_type":"article","og_title":"Prop\u00f3sito de compa\u00f1\u00eda, visi\u00f3n y valores - Ferrovial","og_description":"Welcome to the Ferrovial's website, global operator of sustainable infrastructure. Here you can find all the information about the company and subsidiaries.","og_url":"https:\/\/www.ferrovial.com\/es-la\/compania\/proposito-vision-valores\/","og_site_name":"Ferrovial","article_publisher":"https:\/\/www.facebook.com\/ferrovial","article_modified_time":"2025-06-30T07:40:08+00:00","twitter_card":"summary_large_image","twitter_site":"@ferrovial","twitter_misc":{"Est. reading time":"2 minutes"},"schema":{"@context":"https:\/\/schema.org","@graph":[{"@type":"WebPage","@id":"https:\/\/www.ferrovial.com\/es-la\/compania\/proposito-vision-valores\/","url":"https:\/\/www.ferrovial.com\/es-la\/compania\/proposito-vision-valores\/","name":"Prop\u00f3sito de compa\u00f1\u00eda, visi\u00f3n y valores - Ferrovial","isPartOf":{"@id":"https:\/\/www.ferrovial.com\/es-la\/#website"},"datePublished":"2019-10-02T14:10:25+00:00","dateModified":"2025-06-30T07:40:08+00:00","description":"Welcome to the Ferrovial's website, global operator of sustainable infrastructure. Here you can find all the information about the company and subsidiaries.","breadcrumb":{"@id":"https:\/\/www.ferrovial.com\/es-la\/compania\/proposito-vision-valores\/#breadcrumb"},"inLanguage":"es-419","potentialAction":[{"@type":"ReadAction","target":["https:\/\/www.ferrovial.com\/es-la\/compania\/proposito-vision-valores\/"]}]},{"@type":"BreadcrumbList","@id":"https:\/\/www.ferrovial.com\/es-la\/compania\/proposito-vision-valores\/#breadcrumb","itemListElement":[{"@type":"ListItem","position":1,"name":"Portada","item":"https:\/\/www.ferrovial.com\/es-la\/"},{"@type":"ListItem","position":2,"name":"Sobre nosotros","item":"https:\/\/www.ferrovial.com\/es-la\/compania\/"},{"@type":"ListItem","position":3,"name":"Prop\u00f3sito y valores"}]},{"@type":"WebSite","@id":"https:\/\/www.ferrovial.com\/es-la\/#website","url":"https:\/\/www.ferrovial.com\/es-la\/","name":"Ferrovial","description":"Welcome to the Ferrovial&#039;s website, global operator of sustainable infrastructure. Here you can find all the information about the company and subsidiaries.","publisher":{"@id":"https:\/\/www.ferrovial.com\/es-la\/#organization"},"potentialAction":[{"@type":"SearchAction","target":{"@type":"EntryPoint","urlTemplate":"https:\/\/www.ferrovial.com\/es-la\/?s={search_term_string}"},"query-input":{"@type":"PropertyValueSpecification","valueRequired":true,"valueName":"search_term_string"}}],"inLanguage":"es-419"},{"@type":"Organization","@id":"https:\/\/www.ferrovial.com\/es-la\/#organization","name":"Ferrovial S.A.","url":"https:\/\/www.ferrovial.com\/es-la\/","logo":{"@type":"ImageObject","inLanguage":"es-419","@id":"https:\/\/www.ferrovial.com\/es-la\/#\/schema\/logo\/image\/","url":"https:\/\/static.ferrovial.com\/wp-content\/uploads\/2020\/01\/13124948\/logo-ferrovial-cf7.png","contentUrl":"https:\/\/static.ferrovial.com\/wp-content\/uploads\/2020\/01\/13124948\/logo-ferrovial-cf7.png","width":144,"height":32,"caption":"Ferrovial S.A."},"image":{"@id":"https:\/\/www.ferrovial.com\/es-la\/#\/schema\/logo\/image\/"},"sameAs":["https:\/\/www.facebook.com\/ferrovial","https:\/\/x.com\/ferrovial","https:\/\/www.instagram.com\/ferrovial\/","https:\/\/www.linkedin.com\/company\/ferrovial","https:\/\/www.pinterest.es\/ferrovial\/","https:\/\/www.youtube.com\/ferrovial","https:\/\/en.wikipedia.org\/wiki\/Ferrovial"]}]}},"_links":{"self":[{"href":"https:\/\/www.ferrovial.com\/es-la\/wp-json\/wp\/v2\/pages\/131254","targetHints":{"allow":["GET"]}}],"collection":[{"href":"https:\/\/www.ferrovial.com\/es-la\/wp-json\/wp\/v2\/pages"}],"about":[{"href":"https:\/\/www.ferrovial.com\/es-la\/wp-json\/wp\/v2\/types\/page"}],"replies":[{"embeddable":true,"href":"https:\/\/www.ferrovial.com\/es-la\/wp-json\/wp\/v2\/comments?post=131254"}],"version-history":[{"count":3,"href":"https:\/\/www.ferrovial.com\/es-la\/wp-json\/wp\/v2\/pages\/131254\/revisions"}],"predecessor-version":[{"id":308486,"href":"https:\/\/www.ferrovial.com\/es-la\/wp-json\/wp\/v2\/pages\/131254\/revisions\/308486"}],"up":[{"embeddable":true,"href":"https:\/\/www.ferrovial.com\/es-la\/wp-json\/wp\/v2\/pages\/131227"}],"wp:attachment":[{"href":"https:\/\/www.ferrovial.com\/es-la\/wp-json\/wp\/v2\/media?parent=131254"}],"curies":[{"name":"wp","href":"https:\/\/api.w.org\/{rel}","templated":true}]}}