{"id":131299,"date":"2019-09-10T13:33:54","date_gmt":"2019-09-10T11:33:54","guid":{"rendered":"https:\/\/www.ferrovial.com\/negocio\/proyectos\/"},"modified":"2026-02-16T23:29:29","modified_gmt":"2026-02-16T22:29:29","slug":"proyectos","status":"publish","type":"page","link":"https:\/\/www.ferrovial.com\/es-la\/negocio\/proyectos\/","title":{"rendered":"Proyectos"},"content":{"rendered":"    <m-hero type='subhome' :translations='{\n        &quot;play&quot;:&quot;Reproducir v\u00eddeo de fondo&quot;,\n        &quot;pause&quot;:&quot;Pausar v\u00eddeo de fondo&quot;,\n        &quot;prev&quot;:&quot;Anterior&quot;,\n        &quot;next&quot;:&quot;Siguiente&quot;,\n        &quot;paginationseparator&quot;:&quot;de&quot;,\n        &quot;goto&quot;:&quot;Ir al slide&quot;\n    }'>\n            <c-breadcrumb label-text=\"Breadcrumb\" slot=\"breadcrumbs\" type='2' align='left center' wrap='wrapped wrapped' aria-label='Vienes de Negocios'>\n                        <ol>\n\n                                                            <li><a href=\"https:\/\/www.ferrovial.com\/es-la\/\" title=\"Ferrovial\">Ferrovial<\/a><\/li>\n                                                                        <li><a href=\"https:\/\/www.ferrovial.com\/es-la\/negocio\/\" title=\"Negocios\">Negocios<\/a><\/li>\n                                    \n                <\/ol>\n\n                <\/c-breadcrumb>\n            <section slot=\"hero\">\n                        <article pathfront='1' pathback='2' bgsource='https:\/\/static.ferrovial.com\/wp-content\/uploads\/2019\/10\/13133832\/407etr_highway_canada.jpg' poster='https:\/\/static.ferrovial.com\/wp-content\/uploads\/2019\/10\/13133832\/407etr_highway_canada-400x300.jpg' bgtype='image' bgposition='center center'>\n                <ul class=\"collection-images\">\n                    \n                            <li>\n                                <picture>\n                                    <img decoding=\"async\" src=\"https:\/\/static.ferrovial.com\/wp-content\/uploads\/2019\/10\/13133235\/museo-guggenheim-textura-350x350.jpg\" alt=\"\" style=\"object-position: center center;\">\n                                <\/picture>\n                            <\/li>\n\n                            \n                            <li>\n                                <picture>\n                                    <img decoding=\"async\" src=\"https:\/\/static.ferrovial.com\/wp-content\/uploads\/2019\/09\/13141316\/che17633d-400x300.jpg\" alt=\"\" style=\"object-position: center center;\">\n                                <\/picture>\n                            <\/li>\n\n                                            <\/ul>\n                                        <h2>Proyectos<\/h2>\n                                        <button slot=\"button\" title=\"Ver nuestros proyectos\">Ver nuestros proyectos<\/button>\n          <\/article>\n        <\/section>\n    <\/m-hero>\n\n    \n\n    <m-introduction-subhome type='primary' pathfront='1' pathback='2'>\n        <img decoding=\"async\" class=\"dots hidden\" slot=\"bg\" src=\"https:\/\/www.ferrovial.com\/wp-content\/themes\/global\/front\/dist\/static\/img\/dots.svg\" alt=\"\" \/>\n                        <h3 slot=\"title\">\n                    Desarrollamos grandes proyectos para la sociedad                <\/h3>\n                                <p slot=\"description\">\n                    Conoce algunos de los proyectos m\u00e1s destacados de autopistas, aeropuertos, energ\u00eda y construcci\u00f3n, con foco en soluciones sostenibles e innovadoras.                <\/p>\n                    <\/m-introduction-subhome>\n    \n\n\n    <m-filter-results type='project' page='1' lang='es-la' items-per-page='24' search-key='search-s4ki7n15knp5544mv57akrsk' search-endpoint='https:\/\/www.ferrovial.com\/wp-json\/search-service\/search' domain-identifier='1' :filter='{&quot;L\u00edneas de negocio&quot;: [&quot;Autopistas&quot;,&quot;Aeropuertos&quot;,&quot;Energ\\u00eda&quot;,&quot;Construcci\\u00f3n&quot;],&quot;Pa\u00edses&quot;: [&quot;Chile&quot;,&quot;Per\\u00fa&quot;,&quot;Colombia&quot;],&quot;Pa\u00edses&quot;: [&quot;Chile&quot;,&quot;Per\\u00fa&quot;,&quot;Colombia&quot;],}' :translations='{\n        &quot;allOur&quot;:&quot;Todos nuestros&quot;,\n        &quot;autocompleteInitialNotice&quot;:&quot;Aviso inicial de autocompletar&quot;,\n        &quot;autocompleteResultsNotice&quot;:&quot;Aviso inicial de resultados&quot;,\n        &quot;projects&quot;:&quot;Proyectos&quot;,\n        &quot;awards&quot;:&quot;Premios&quot;,\n        &quot;filters&quot;:&quot;Filtros&quot;,\n        &quot;filterBy&quot;:&quot;Filtrar por&quot;,\n        &quot;filteredBy&quot;:&quot;Filtrado por&quot;,\n        &quot;applyFilters&quot;:&quot;Aplicar filtros&quot;,\n        &quot;deleteFilter&quot;:&quot;Eliminar filtro&quot;,\n        &quot;closeFilters&quot;:&quot;Cerrar filtros&quot;,\n        &quot;search&quot;:&quot;Buscar&quot;,\n        &quot;noSearchResults&quot;: &quot;No hay resultados de b\u00fasqueda&quot;,\n        &quot;searchResults&quot;:&quot;Resultados de b\u00fasqueda&quot;,\n        &quot;clear&quot;:&quot;Limpiar todo&quot;,\n        &quot;searchProjects&quot;:&quot;Buscar proyectos&quot;,\n        &quot;post_tax_linea_negocio&quot;: &quot;L\u00edneas de negocio&quot;,\n        &quot;post_tax_nivel_1&quot;: &quot;L\u00edneas de negocio&quot;,\n        &quot;post_tax_nivel_2&quot;: &quot;Informaci\u00f3n adicional&quot;,\n        &quot;post_tax_nivel_3&quot;: &quot;Pa\u00edses&quot;,\n        &quot;post_tax_nivel_4&quot;: &quot;Ubicaci\u00f3n&quot;,\n        &quot;post_tax_nivel_5&quot;: &quot;Marcas&quot;,\n        &quot;newTab&quot;: &quot;Abrir una nueva ventana&quot;\n    }' :additional-filters='{}' :filter-to-exclude='{&quot;Informaci\u00f3n adicional&quot;: [&quot;Responsabilidad social corporativa&quot;],}' :display-filter='{&quot;post_tax_nivel_1&quot;:true,&quot;post_tax_nivel_2&quot;:true,&quot;post_tax_nivel_3&quot;:true,&quot;post_tax_nivel_4&quot;:false,&quot;post_tax_nivel_5&quot;:false}'>\n    <\/m-filter-results>\n   \n    ","protected":false},"excerpt":{"rendered":"","protected":false},"featured_media":0,"parent":131265,"menu_order":0,"comment_status":"closed","ping_status":"closed","template":"","meta":{"_acf_changed":false,"footnotes":""},"class_list":["post-131299","page","type-page","status-publish","hentry"],"acf":[],"yoast_head":"<!-- This site is optimized with the Yoast SEO plugin v27.2 - https:\/\/yoast.com\/product\/yoast-seo-wordpress\/ -->\n<title>Proyectos - Ferrovial<\/title>\n<meta name=\"description\" content=\"Welcome to the Ferrovial&#039;s website, global operator of sustainable infrastructure. Here you can find all the information about the company and subsidiaries.\" \/>\n<meta name=\"robots\" content=\"index, follow, max-snippet:-1, max-image-preview:large, max-video-preview:-1\" \/>\n<link rel=\"canonical\" href=\"https:\/\/www.ferrovial.com\/es-la\/negocio\/proyectos\/\" \/>\n<meta property=\"og:locale\" content=\"es_ES\" \/>\n<meta property=\"og:type\" content=\"article\" \/>\n<meta property=\"og:title\" content=\"Proyectos - Ferrovial\" \/>\n<meta property=\"og:description\" content=\"Welcome to the Ferrovial&#039;s website, global operator of sustainable infrastructure. Here you can find all the information about the company and subsidiaries.\" \/>\n<meta property=\"og:url\" content=\"https:\/\/www.ferrovial.com\/es-la\/negocio\/proyectos\/\" \/>\n<meta property=\"og:site_name\" content=\"Ferrovial\" \/>\n<meta property=\"article:publisher\" content=\"https:\/\/www.facebook.com\/ferrovial\" \/>\n<meta property=\"article:modified_time\" content=\"2026-02-16T22:29:29+00:00\" \/>\n<meta property=\"og:image\" content=\"https:\/\/www.ferrovial.com\/wp-content\/themes\/global\/front\/dist\/static\/img\/dots.svg\" \/>\n<meta name=\"twitter:card\" content=\"summary_large_image\" \/>\n<meta name=\"twitter:site\" content=\"@ferrovial\" \/>\n<meta name=\"twitter:label1\" content=\"Est. reading time\" \/>\n\t<meta name=\"twitter:data1\" content=\"1 minute\" \/>\n<!-- \/ Yoast SEO plugin. -->","yoast_head_json":{"title":"Proyectos - Ferrovial","description":"Welcome to the Ferrovial's website, global operator of sustainable infrastructure. Here you can find all the information about the company and subsidiaries.","robots":{"index":"index","follow":"follow","max-snippet":"max-snippet:-1","max-image-preview":"max-image-preview:large","max-video-preview":"max-video-preview:-1"},"canonical":"https:\/\/www.ferrovial.com\/es-la\/negocio\/proyectos\/","og_locale":"es_ES","og_type":"article","og_title":"Proyectos - Ferrovial","og_description":"Welcome to the Ferrovial's website, global operator of sustainable infrastructure. Here you can find all the information about the company and subsidiaries.","og_url":"https:\/\/www.ferrovial.com\/es-la\/negocio\/proyectos\/","og_site_name":"Ferrovial","article_publisher":"https:\/\/www.facebook.com\/ferrovial","article_modified_time":"2026-02-16T22:29:29+00:00","og_image":[{"url":"https:\/\/www.ferrovial.com\/wp-content\/themes\/global\/front\/dist\/static\/img\/dots.svg","type":"","width":"","height":""}],"twitter_card":"summary_large_image","twitter_site":"@ferrovial","twitter_misc":{"Est. reading time":"1 minute"},"schema":{"@context":"https:\/\/schema.org","@graph":[{"@type":"WebPage","@id":"https:\/\/www.ferrovial.com\/es-la\/negocio\/proyectos\/","url":"https:\/\/www.ferrovial.com\/es-la\/negocio\/proyectos\/","name":"Proyectos - Ferrovial","isPartOf":{"@id":"https:\/\/www.ferrovial.com\/es-la\/#website"},"primaryImageOfPage":{"@id":"https:\/\/www.ferrovial.com\/es-la\/negocio\/proyectos\/#primaryimage"},"image":{"@id":"https:\/\/www.ferrovial.com\/es-la\/negocio\/proyectos\/#primaryimage"},"thumbnailUrl":"https:\/\/www.ferrovial.com\/wp-content\/themes\/global\/front\/dist\/static\/img\/dots.svg","datePublished":"2019-09-10T11:33:54+00:00","dateModified":"2026-02-16T22:29:29+00:00","description":"Welcome to the Ferrovial's website, global operator of sustainable infrastructure. Here you can find all the information about the company and subsidiaries.","breadcrumb":{"@id":"https:\/\/www.ferrovial.com\/es-la\/negocio\/proyectos\/#breadcrumb"},"inLanguage":"es-419","potentialAction":[{"@type":"ReadAction","target":["https:\/\/www.ferrovial.com\/es-la\/negocio\/proyectos\/"]}]},{"@type":"ImageObject","inLanguage":"es-419","@id":"https:\/\/www.ferrovial.com\/es-la\/negocio\/proyectos\/#primaryimage","url":"https:\/\/www.ferrovial.com\/wp-content\/themes\/global\/front\/dist\/static\/img\/dots.svg","contentUrl":"https:\/\/www.ferrovial.com\/wp-content\/themes\/global\/front\/dist\/static\/img\/dots.svg"},{"@type":"BreadcrumbList","@id":"https:\/\/www.ferrovial.com\/es-la\/negocio\/proyectos\/#breadcrumb","itemListElement":[{"@type":"ListItem","position":1,"name":"Portada","item":"https:\/\/www.ferrovial.com\/es-la\/"},{"@type":"ListItem","position":2,"name":"Negocios","item":"https:\/\/www.ferrovial.com\/es-la\/negocio\/"},{"@type":"ListItem","position":3,"name":"Proyectos"}]},{"@type":"WebSite","@id":"https:\/\/www.ferrovial.com\/es-la\/#website","url":"https:\/\/www.ferrovial.com\/es-la\/","name":"Ferrovial","description":"Welcome to the Ferrovial&#039;s website, global operator of sustainable infrastructure. Here you can find all the information about the company and subsidiaries.","publisher":{"@id":"https:\/\/www.ferrovial.com\/es-la\/#organization"},"potentialAction":[{"@type":"SearchAction","target":{"@type":"EntryPoint","urlTemplate":"https:\/\/www.ferrovial.com\/es-la\/?s={search_term_string}"},"query-input":{"@type":"PropertyValueSpecification","valueRequired":true,"valueName":"search_term_string"}}],"inLanguage":"es-419"},{"@type":"Organization","@id":"https:\/\/www.ferrovial.com\/es-la\/#organization","name":"Ferrovial S.A.","url":"https:\/\/www.ferrovial.com\/es-la\/","logo":{"@type":"ImageObject","inLanguage":"es-419","@id":"https:\/\/www.ferrovial.com\/es-la\/#\/schema\/logo\/image\/","url":"https:\/\/static.ferrovial.com\/wp-content\/uploads\/2020\/01\/13124948\/logo-ferrovial-cf7.png","contentUrl":"https:\/\/static.ferrovial.com\/wp-content\/uploads\/2020\/01\/13124948\/logo-ferrovial-cf7.png","width":144,"height":32,"caption":"Ferrovial S.A."},"image":{"@id":"https:\/\/www.ferrovial.com\/es-la\/#\/schema\/logo\/image\/"},"sameAs":["https:\/\/www.facebook.com\/ferrovial","https:\/\/x.com\/ferrovial","https:\/\/www.instagram.com\/ferrovial\/","https:\/\/www.linkedin.com\/company\/ferrovial","https:\/\/www.pinterest.es\/ferrovial\/","https:\/\/www.youtube.com\/ferrovial","https:\/\/en.wikipedia.org\/wiki\/Ferrovial"]}]}},"_links":{"self":[{"href":"https:\/\/www.ferrovial.com\/es-la\/wp-json\/wp\/v2\/pages\/131299","targetHints":{"allow":["GET"]}}],"collection":[{"href":"https:\/\/www.ferrovial.com\/es-la\/wp-json\/wp\/v2\/pages"}],"about":[{"href":"https:\/\/www.ferrovial.com\/es-la\/wp-json\/wp\/v2\/types\/page"}],"replies":[{"embeddable":true,"href":"https:\/\/www.ferrovial.com\/es-la\/wp-json\/wp\/v2\/comments?post=131299"}],"version-history":[{"count":3,"href":"https:\/\/www.ferrovial.com\/es-la\/wp-json\/wp\/v2\/pages\/131299\/revisions"}],"predecessor-version":[{"id":324656,"href":"https:\/\/www.ferrovial.com\/es-la\/wp-json\/wp\/v2\/pages\/131299\/revisions\/324656"}],"up":[{"embeddable":true,"href":"https:\/\/www.ferrovial.com\/es-la\/wp-json\/wp\/v2\/pages\/131265"}],"wp:attachment":[{"href":"https:\/\/www.ferrovial.com\/es-la\/wp-json\/wp\/v2\/media?parent=131299"}],"curies":[{"name":"wp","href":"https:\/\/api.w.org\/{rel}","templated":true}]}}