{"id":131301,"date":"2019-09-05T15:57:44","date_gmt":"2019-09-05T13:57:44","guid":{"rendered":"https:\/\/www.ferrovial.com\/plan\/"},"modified":"2026-04-10T12:17:31","modified_gmt":"2026-04-10T10:17:31","slug":"plan","status":"publish","type":"page","link":"https:\/\/www.ferrovial.com\/es-la\/sostenibilidad\/rsc\/plan\/","title":{"rendered":"Estrategia de Sostenibilidad 2030"},"content":{"rendered":"    <m-final-content-header bgimage='https:\/\/static.ferrovial.com\/wp-content\/uploads\/2019\/09\/13140655\/autopista-construida-por-ferrovial-politica-de-sostenibilidad.jpg'>\n            <c-breadcrumb label-text=\"Breadcrumb\" slot=\"breadcrumbs\" type='2' align='left' wrap='wrapped wrapped' aria-label='Vienes de Social'>\n                        <ol>\n\n                                                            <li><a href=\"https:\/\/www.ferrovial.com\/es-la\/\" title=\"Ferrovial\">Ferrovial<\/a><\/li>\n                                                                        <li><a href=\"https:\/\/www.ferrovial.com\/es\/sostenibilidad\/\" title=\"Sostenibilidad\">Sostenibilidad<\/a><\/li>\n                                                                        <li><a href=\"https:\/\/www.ferrovial.com\/es\/sostenibilidad\/rsc\/\" title=\"Social\">Social<\/a><\/li>\n                                    \n                <\/ol>\n\n                <\/c-breadcrumb>\n    \n        <div slot=\"header\">\n            <h1>\n                Estrategia de Sostenibilidad 2030            <\/h1>\n                    <\/div>\n    <\/m-final-content-header>\n\n    \n\n\n<m-wysiwig class=\"wp-block-components-wysiwyg\"><div slot=\"maincontent\">    <p class=\"intro\">Las infraestructuras son los pilares b\u00e1sicos del progreso y sustentan el desarrollo de la poblaci\u00f3n y la econom\u00eda. En Ferrovial llevamos m\u00e1s de 70 a\u00f1os consagrados a dise\u00f1ar, construir, financiar y gestionar infraestructuras que conectan a la gente y responden a las necesidades del mundo actual, interconectado y en constante movimiento, creando valor para todas las partes interesadas.<\/p>\n    \n\n\n<p>Bas\u00e1ndonos en nuestra amplia experiencia y conocimientos, tambi\u00e9n nos proponemos mejorar la productividad, la eficiencia operativa y la excelencia, al tiempo que reducimos los costes, aseguramos el cumplimiento normativo y minimizamos los riesgos.<\/p>\n\n\n\n<p>Esta estrategia, adem\u00e1s, refuerza el impacto positivo de las infraestructuras: estimula el desarrollo econ\u00f3mico, fomenta la participaci\u00f3n de las comunidades locales en cada proyecto y consolida nuestra capacidad para reclutar y retener el talento humano.&nbsp;Tambi\u00e9n fortalece nuestra relaci\u00f3n con los clientes y las administraciones p\u00fablicas y contribuye a facilitar el cumplimiento de los requisitos esenciales, las auditor\u00edas y las certificaciones, lo que, a su vez, respalda los fundamentos sobre los que desarrollamos nuestra actividad en las comunidades en las que estamos presentes.<\/p>\n\n\n\n<p>Adem\u00e1s, la sostenibilidad abre nuevas v\u00edas para la financiaci\u00f3n, ya que nos brinda acceso a instrumentos y planes alternativos. En conjunto, estos factores son el motor que nos permite cumplir las expectativas de los accionistas y la comunidad inversora, as\u00ed como las exigencias que nos imponen analistas y diversos indicadores.<\/p>\n\n\n\n<h3 class=\"wp-block-heading has-text-align-center has-luminous-vivid-amber-background-color has-background\"><a href=\"https:\/\/static.ferrovial.com\/wp-content\/uploads\/2026\/03\/05161250\/sustainability-strategy-mar26-es.pdf\" target=\"_blank\" rel=\"noreferrer noopener\"><strong>DESCARGA NUESTRA ESTRATEGIA DE SOSTENIBILIDAD<\/strong><\/a><\/h3>\n\n\n\n<h2 class=\"wp-block-heading\"><strong>\u00bfC\u00f3mo se monitoriza y dirige la estrategia de sostenibilidad de Ferrovial? <\/strong><\/h2>\n\n\n\n<p>Nuestra estrategia de sostenibilidad se encuentra bajo la supervisi\u00f3n del nivel de direcci\u00f3n m\u00e1s alto. Al menos una vez al a\u00f1o, el Departamento de Sostenibilidad comparece ante el Consejo de Direcci\u00f3n para informar sobre los avances respecto a los objetivos. Asimismo, el Comit\u00e9 de Direcci\u00f3n revisa los progresos cada cuatro meses, para mantener bajo vigilancia durante todo el ejercicio cualquier incidencia que surja. Ferrovial cuenta con un <strong>Comit\u00e9 de Direcci\u00f3n de Sostenibilidad<\/strong>, presidido por el Director de Sostenibilidad y compuesto por representantes de las distintas unidades de negocio del grupo, as\u00ed como de las funciones corporativas clave responsables de implantar los programas de sostenibilidad y supervisar los resultados y avances en cada \u00e1rea respectiva.<\/p>\n\n\n\n<h2 class=\"wp-block-heading\"><strong>\u00bfC\u00f3mo se definir\u00eda el marco estrat\u00e9gico de Ferrovial?<\/strong><\/h2>\n\n\n\n<p>Nuestra Estrategia de Sostenibilidad se apoya en tres \u00e1reas esenciales: medio ambiente, personas y gesti\u00f3n, todas enfocadas en generar efectos positivos y duraderos. La visi\u00f3n del grupo a largo plazo da estructura a ese marco b\u00e1sico, dirigido a explotar infraestructuras innovadoras, eficientes y sostenibles. As\u00ed lo reflejan nuestros fundamentos estrat\u00e9gicos y el compromiso p\u00fablico con la sostenibilidad.<\/p>\n<\/div><\/m-wysiwig>\n\n\n<div class=\"wp-block-image is-style-default\">\n<figure class=\"aligncenter size-full\"><img v-lazy=\"'https:\/\/static.ferrovial.com\/wp-content\/uploads\/2025\/12\/23124115\/web-sostenibilidad-encargo-1-es-960x540-1.jpg'\" alt=\"El valor de la estrategia de sostenibilidad de Ferrovial al negocio\" class=\"wp-image-320949\"\/><\/figure><\/div>\n\n\n<m-wysiwig class=\"wp-block-components-wysiwyg\"><div slot=\"maincontent\">\n<h2 class=\"wp-block-heading\"><strong>NOW Respect (Medioambiente)<\/strong>&nbsp;<\/h2>\n\n\n\n<h3 class=\"wp-block-heading\"><strong>Reducir al m\u00ednimo el impacto medioambiental y mejorar la resiliencia a largo plazo<\/strong><\/h3>\n\n\n\n<p>Trabajamos para reducir al m\u00ednimo la huella ecol\u00f3gica. Y eso implica hacer m\u00e1s eficiente el consumo de materias primas, reducir las emisiones de carbono y limitar el consumo de agua y la generaci\u00f3n de residuos, apostando por la excelencia operativa. Adem\u00e1s, evaluamos los riesgos m\u00e1s importantes ligados al clima para potenciar la resiliencia a largo plazo de los activos del grupo. Pero m\u00e1s all\u00e1 de la gesti\u00f3n de riesgos, los desaf\u00edos medioambientales suponen tambi\u00e9n campos abiertos para la innovaci\u00f3n e incluso nuevas oportunidades de negocio. Son espacios donde proponer soluciones que apuesten por la competitividad y la eficiencia en el consumo de recursos.<\/p>\n\n\n\n<p><strong>Objetivos clave:<\/strong><\/p>\n\n\n\n<ul class=\"wp-block-list\">\n<li>Reducir en un 42% las emisiones de gases de efecto invernadero en los Alcances 1 y 2 en el horizonte 2030 (en comparaci\u00f3n con 2020).<\/li>\n\n\n\n<li>Reducir las emisiones de Alcance 3 en un 25% en el horizonte 2030 (en comparaci\u00f3n con 2020), incluidas las derivadas de adquisiciones y transporte de bienes y servicios; la generaci\u00f3n de residuos en operaciones y el consumo de energ\u00eda y combustibles.<\/li>\n\n\n\n<li>Alcanzar las emisiones netas cero en el horizonte 2050 o antes.<\/li>\n\n\n\n<li>Utilizar un 100% de electricidad renovable a partir de 2025.<\/li>\n\n\n\n<li>Reciclar anualmente como m\u00ednimo el 70% de los residuos de construcci\u00f3n y demoliciones.<\/li>\n\n\n\n<li>Reducir el consumo de agua (Business Water Index) en un 20 % en 2030 (en comparaci\u00f3n con 2017).<\/li>\n<\/ul>\n\n\n\n<h2 class=\"wp-block-heading\">Now People (Comunidades y empleados)<\/h2>\n\n\n\n<h3 class=\"wp-block-heading\">Potenciar las comunidades y dar prioridad al bienestar de nuestra gente<\/h3>\n\n\n\n<p>Desarrollamos infraestructuras que ayudan a que las comunidades crezcan y prosperen. Colaboramos codo con codo con grupos locales para generar valor en conjunto y conseguir avances a largo plazo. Nuestro compromiso con la plantilla gira en torno a la salud, la seguridad, el bienestar y una cultura que prima la equidad y la inclusividad, que respalda la atracci\u00f3n y retenci\u00f3n del talento, as\u00ed como la competitividad.<\/p>\n\n\n\n<p><strong>Objetivos clave:<\/strong><\/p>\n\n\n\n<ul class=\"wp-block-list\">\n<li>Reducir la tasa de frecuencia de accidentes graves y muertes en un 31,8% para 2026 (en comparaci\u00f3n con 2022).<\/li>\n\n\n\n<li>Mejorar la seguridad vial con la vista puesta en reducir un 30% anual los accidentes en nuestras autopistas en comparaci\u00f3n con redes viarias alternativas o equiparables.<\/li>\n\n\n\n<li>Mejorar en un 50% los ahorros de tiempo en las v\u00edas que gestionamos en el horizonte 2030 (en comparaci\u00f3n con 2022) en horas punta.<\/li>\n<\/ul>\n\n\n\n<h2 class=\"wp-block-heading\">NOW Right (Gobernanza, Integridad e Innovaci\u00f3n)<\/h2>\n\n\n\n<h3 class=\"wp-block-heading\">Actuar de la forma m\u00e1s correcta para generar un valor que perdure<\/h3>\n\n\n\n<p>A la hora de gestionar el negocio, lo hacemos sobre los pilares b\u00e1sicos del respeto, la colaboraci\u00f3n, la excelencia, la innovaci\u00f3n y la integridad. Observamos las normativas y legislaciones locales, respetamos y defendemos los derechos humanos y nos centramos en satisfacer las necesidades de cada cliente para convertirnos en socios de confianza, con la vista puesta en el largo plazo. La innovaci\u00f3n es un eje b\u00e1sico para fomentar la competitividad, el progreso y la creaci\u00f3n de valor sostenible.<\/p>\n\n\n\n<p><strong>Objetivo clave:<\/strong><\/p>\n\n\n\n<ul class=\"wp-block-list\">\n<li>Incrementar la inversi\u00f3n en digitalizaci\u00f3n e innovaci\u00f3n que contribuye a fomentar la sostenibilidad, tanto de forma directa como indirecta. La meta es cubrir el 60% de la cartera en 2027.<\/li>\n<\/ul>\n\n\n\n<figure class=\"wp-block-embed is-type-video is-provider-youtube wp-block-embed-youtube wp-embed-aspect-16-9 wp-has-aspect-ratio\"><div class=\"wp-block-embed__wrapper\">\n<iframe loading=\"lazy\" title=\"Estrategia Sostenibilidad de Ferrovial: \u00a1Descubre NOW!\" width=\"500\" height=\"281\" src=\"https:\/\/www.youtube.com\/embed\/PiHcn4FoTUM?feature=oembed&#038;enablejsapi=1&#038;origin=https:\/\/www.ferrovial.com\" frameborder=\"0\" allow=\"accelerometer; autoplay; clipboard-write; encrypted-media; gyroscope; picture-in-picture; web-share\" referrerpolicy=\"strict-origin-when-cross-origin\" allowfullscreen><\/iframe>\n<\/div><\/figure>\n\n\n\n<p><\/p>\n<\/div><\/m-wysiwig>\n","protected":false},"excerpt":{"rendered":"","protected":false},"featured_media":0,"parent":131440,"menu_order":0,"comment_status":"closed","ping_status":"closed","template":"","meta":{"_acf_changed":false,"footnotes":""},"class_list":["post-131301","page","type-page","status-publish","hentry"],"acf":[],"yoast_head":"<!-- This site is optimized with the Yoast SEO plugin v27.2 - https:\/\/yoast.com\/product\/yoast-seo-wordpress\/ -->\n<title>Estrategia de Sostenibilidad 2030- Ferrovial<\/title>\n<meta name=\"description\" content=\"Informaci\u00f3n sobre nuestra Estrategia de Sostenibilidad 2030: respeto por el medioambiente y el desarrollo social\" \/>\n<meta name=\"robots\" content=\"index, follow, max-snippet:-1, max-image-preview:large, max-video-preview:-1\" \/>\n<link rel=\"canonical\" href=\"https:\/\/www.ferrovial.com\/es-la\/sostenibilidad\/rsc\/plan\/\" \/>\n<meta property=\"og:locale\" content=\"es_ES\" \/>\n<meta property=\"og:type\" content=\"article\" \/>\n<meta property=\"og:title\" content=\"Estrategia de Sostenibilidad 2030- Ferrovial\" \/>\n<meta property=\"og:description\" content=\"Informaci\u00f3n sobre nuestra Estrategia de Sostenibilidad 2030: respeto por el medioambiente y el desarrollo social\" \/>\n<meta property=\"og:url\" content=\"https:\/\/www.ferrovial.com\/es-la\/sostenibilidad\/rsc\/plan\/\" \/>\n<meta property=\"og:site_name\" content=\"Ferrovial\" \/>\n<meta property=\"article:publisher\" content=\"https:\/\/www.facebook.com\/ferrovial\" \/>\n<meta property=\"article:modified_time\" content=\"2026-04-10T10:17:31+00:00\" \/>\n<meta property=\"og:image\" content=\"https:\/\/www.ferrovial.com\/wp-content\/uploads\/2025\/12\/web-sostenibilidad-encargo-1-es-960x540-1.jpg\" \/>\n<meta name=\"twitter:card\" content=\"summary_large_image\" \/>\n<meta name=\"twitter:site\" content=\"@ferrovial\" \/>\n<meta name=\"twitter:label1\" content=\"Est. reading time\" \/>\n\t<meta name=\"twitter:data1\" content=\"3 minutes\" \/>\n<!-- \/ Yoast SEO plugin. -->","yoast_head_json":{"title":"Estrategia de Sostenibilidad 2030- Ferrovial","description":"Informaci\u00f3n sobre nuestra Estrategia de Sostenibilidad 2030: respeto por el medioambiente y el desarrollo social","robots":{"index":"index","follow":"follow","max-snippet":"max-snippet:-1","max-image-preview":"max-image-preview:large","max-video-preview":"max-video-preview:-1"},"canonical":"https:\/\/www.ferrovial.com\/es-la\/sostenibilidad\/rsc\/plan\/","og_locale":"es_ES","og_type":"article","og_title":"Estrategia de Sostenibilidad 2030- Ferrovial","og_description":"Informaci\u00f3n sobre nuestra Estrategia de Sostenibilidad 2030: respeto por el medioambiente y el desarrollo social","og_url":"https:\/\/www.ferrovial.com\/es-la\/sostenibilidad\/rsc\/plan\/","og_site_name":"Ferrovial","article_publisher":"https:\/\/www.facebook.com\/ferrovial","article_modified_time":"2026-04-10T10:17:31+00:00","og_image":[{"url":"https:\/\/www.ferrovial.com\/wp-content\/uploads\/2025\/12\/web-sostenibilidad-encargo-1-es-960x540-1.jpg","type":"","width":"","height":""}],"twitter_card":"summary_large_image","twitter_site":"@ferrovial","twitter_misc":{"Est. reading time":"3 minutes"},"schema":{"@context":"https:\/\/schema.org","@graph":[{"@type":"WebPage","@id":"https:\/\/www.ferrovial.com\/es-la\/sostenibilidad\/rsc\/plan\/","url":"https:\/\/www.ferrovial.com\/es-la\/sostenibilidad\/rsc\/plan\/","name":"Estrategia de Sostenibilidad 2030- Ferrovial","isPartOf":{"@id":"https:\/\/www.ferrovial.com\/es-la\/#website"},"primaryImageOfPage":{"@id":"https:\/\/www.ferrovial.com\/es-la\/sostenibilidad\/rsc\/plan\/#primaryimage"},"image":{"@id":"https:\/\/www.ferrovial.com\/es-la\/sostenibilidad\/rsc\/plan\/#primaryimage"},"thumbnailUrl":"https:\/\/www.ferrovial.com\/wp-content\/uploads\/2025\/12\/web-sostenibilidad-encargo-1-es-960x540-1.jpg","datePublished":"2019-09-05T13:57:44+00:00","dateModified":"2026-04-10T10:17:31+00:00","description":"Informaci\u00f3n sobre nuestra Estrategia de Sostenibilidad 2030: respeto por el medioambiente y el desarrollo social","breadcrumb":{"@id":"https:\/\/www.ferrovial.com\/es-la\/sostenibilidad\/rsc\/plan\/#breadcrumb"},"inLanguage":"es-419","potentialAction":[{"@type":"ReadAction","target":["https:\/\/www.ferrovial.com\/es-la\/sostenibilidad\/rsc\/plan\/"]}]},{"@type":"ImageObject","inLanguage":"es-419","@id":"https:\/\/www.ferrovial.com\/es-la\/sostenibilidad\/rsc\/plan\/#primaryimage","url":"https:\/\/www.ferrovial.com\/wp-content\/uploads\/2025\/12\/web-sostenibilidad-encargo-1-es-960x540-1.jpg","contentUrl":"https:\/\/www.ferrovial.com\/wp-content\/uploads\/2025\/12\/web-sostenibilidad-encargo-1-es-960x540-1.jpg"},{"@type":"BreadcrumbList","@id":"https:\/\/www.ferrovial.com\/es-la\/sostenibilidad\/rsc\/plan\/#breadcrumb","itemListElement":[{"@type":"ListItem","position":1,"name":"Portada","item":"https:\/\/www.ferrovial.com\/es-la\/"},{"@type":"ListItem","position":2,"name":"Sostenibilidad","item":"https:\/\/www.ferrovial.com\/es-la\/sostenibilidad\/"},{"@type":"ListItem","position":3,"name":"Social","item":"https:\/\/www.ferrovial.com\/es-la\/sostenibilidad\/rsc\/"},{"@type":"ListItem","position":4,"name":"Estrategia de Sostenibilidad 2030"}]},{"@type":"WebSite","@id":"https:\/\/www.ferrovial.com\/es-la\/#website","url":"https:\/\/www.ferrovial.com\/es-la\/","name":"Ferrovial","description":"Welcome to the Ferrovial&#039;s website, global operator of sustainable infrastructure. Here you can find all the information about the company and subsidiaries.","publisher":{"@id":"https:\/\/www.ferrovial.com\/es-la\/#organization"},"potentialAction":[{"@type":"SearchAction","target":{"@type":"EntryPoint","urlTemplate":"https:\/\/www.ferrovial.com\/es-la\/?s={search_term_string}"},"query-input":{"@type":"PropertyValueSpecification","valueRequired":true,"valueName":"search_term_string"}}],"inLanguage":"es-419"},{"@type":"Organization","@id":"https:\/\/www.ferrovial.com\/es-la\/#organization","name":"Ferrovial S.A.","url":"https:\/\/www.ferrovial.com\/es-la\/","logo":{"@type":"ImageObject","inLanguage":"es-419","@id":"https:\/\/www.ferrovial.com\/es-la\/#\/schema\/logo\/image\/","url":"https:\/\/static.ferrovial.com\/wp-content\/uploads\/2020\/01\/13124948\/logo-ferrovial-cf7.png","contentUrl":"https:\/\/static.ferrovial.com\/wp-content\/uploads\/2020\/01\/13124948\/logo-ferrovial-cf7.png","width":144,"height":32,"caption":"Ferrovial S.A."},"image":{"@id":"https:\/\/www.ferrovial.com\/es-la\/#\/schema\/logo\/image\/"},"sameAs":["https:\/\/www.facebook.com\/ferrovial","https:\/\/x.com\/ferrovial","https:\/\/www.instagram.com\/ferrovial\/","https:\/\/www.linkedin.com\/company\/ferrovial","https:\/\/www.pinterest.es\/ferrovial\/","https:\/\/www.youtube.com\/ferrovial","https:\/\/en.wikipedia.org\/wiki\/Ferrovial"]}]}},"_links":{"self":[{"href":"https:\/\/www.ferrovial.com\/es-la\/wp-json\/wp\/v2\/pages\/131301","targetHints":{"allow":["GET"]}}],"collection":[{"href":"https:\/\/www.ferrovial.com\/es-la\/wp-json\/wp\/v2\/pages"}],"about":[{"href":"https:\/\/www.ferrovial.com\/es-la\/wp-json\/wp\/v2\/types\/page"}],"replies":[{"embeddable":true,"href":"https:\/\/www.ferrovial.com\/es-la\/wp-json\/wp\/v2\/comments?post=131301"}],"version-history":[{"count":3,"href":"https:\/\/www.ferrovial.com\/es-la\/wp-json\/wp\/v2\/pages\/131301\/revisions"}],"predecessor-version":[{"id":329606,"href":"https:\/\/www.ferrovial.com\/es-la\/wp-json\/wp\/v2\/pages\/131301\/revisions\/329606"}],"up":[{"embeddable":true,"href":"https:\/\/www.ferrovial.com\/es-la\/wp-json\/wp\/v2\/pages\/131440"}],"wp:attachment":[{"href":"https:\/\/www.ferrovial.com\/es-la\/wp-json\/wp\/v2\/media?parent=131301"}],"curies":[{"name":"wp","href":"https:\/\/api.w.org\/{rel}","templated":true}]}}