{"id":131393,"date":"2019-11-13T10:13:44","date_gmt":"2019-11-13T09:13:44","guid":{"rendered":"https:\/\/www.ferrovial.com\/que-pasaria\/"},"modified":"2020-04-21T22:38:50","modified_gmt":"2020-04-21T20:38:50","slug":"que-pasaria","status":"publish","type":"page","link":"https:\/\/www.ferrovial.com\/es-la\/innovacion\/estrategia\/que-pasaria\/","title":{"rendered":"What if&#8230;?"},"content":{"rendered":"    <m-final-content-header bgimage='https:\/\/static.ferrovial.com\/wp-content\/uploads\/2019\/12\/13140543\/edificio-fachada-infraestructura-detalle-839x720.jpg'>\n            <c-breadcrumb label-text=\"Breadcrumb\" slot=\"breadcrumbs\" type='2' align='left' wrap='wrapped wrapped' aria-label='Vienes de Nuestra estrategia de innovaci\u00f3n'>\n                        <ol>\n\n                                                            <li><a href=\"https:\/\/www.ferrovial.com\/es-la\/\" title=\"Ferrovial\">Ferrovial<\/a><\/li>\n                                                                        <li><a href=\"https:\/\/www.ferrovial.com\/es\/innovacion\/\" title=\"Innovaci\u00f3n\">Innovaci\u00f3n<\/a><\/li>\n                                                                        <li><a href=\"https:\/\/www.ferrovial.com\/es\/innovacion\/estrategia\/\" title=\"Nuestra estrategia de innovaci\u00f3n\">Nuestra estrategia de innovaci\u00f3n<\/a><\/li>\n                                    \n                <\/ol>\n\n                <\/c-breadcrumb>\n    \n        <div slot=\"header\">\n            <h1>\n                What if&#8230;?            <\/h1>\n                    <\/div>\n    <\/m-final-content-header>\n\n    \n\n\n<m-wysiwig class=\"wp-block-components-wysiwyg\"><div slot=\"maincontent\">    <p class=\"intro\">Una de nuestras las prioridades es estar preparados para el futuro que viene a trav\u00e9s de los &#8220;What if\u2026?&#8221;<\/p>\n    \n\n\n<p>Somos conscientes de que nadie puede predecir el futuro. Pero podemos trabajar para estar ale<strong>rta y aumentar nuestra conciencia sobre entornos que son cada vez m\u00e1s turbulentos<\/strong>, inciertos, novedosos y ambiguos (de las siglas en ingl\u00e9s, <a href=\"https:\/\/www.iebschool.com\/blog\/educacion-en-entornos-vuca-innovacion\/\" title=\"VUCA \n IEBS\" target=\"_blank\" rel=\"dofollow noopener noreferrer\">VUCA<\/a>); produci\u00e9ndose eventos disruptivos con mayor frecuencia e impacto y desarroll\u00e1ndose r\u00e1pidamente nuevas conexiones, redes de trabajo y modelos de negocio. Por eso, uno de nuestros objetivos es detectar y comprender esas disrupciones en su momento inicial, para estar preparados para el futuro con una hoja de ruta de desarrollo claro y concreto desde el a\u00f1o 0.<\/p>\n\n\n\n<p>Contamos con la ayuda de herramientas como es la <strong>planificaci\u00f3n de escenarios<\/strong> (en ingl\u00e9s, <em>scenario planning<\/em>), utilizada para el an\u00e1lisis y planificaci\u00f3n a medio y largo plazo. El prop\u00f3sito es anticipar que futuros plausibles puedan estar configur\u00e1ndose, derivados del entorno cambiante y de las nuevas expectativas de la sociedad, con el fin de aprovechar las oportunidades o detectar amenazas y riesgos de antemano. La actividad genera un debate que nos ayuda a cuestionar las suposiciones existentes y nos permite reconocer se\u00f1ales de cambio.<\/p>\n\n\n\n<p><em>What if\u2026?<\/em> genera<strong> escenarios de futuro<\/strong> que permiten reflexionar de manera rigurosa sobre habilitadores clave, caracter\u00edsticas y eventuales consecuencias. Los grandes beneficios de es<ins>t<\/ins>a visi\u00f3n son:<\/p>\n\n\n\n<ul class=\"wp-block-list\"><li>No subestimar nunca la\nincertidumbre, lo cual puede dejar escapar nuevas oportunidades.<\/li><li>Afrontar a tiempo las amenazas\nemergentes.<\/li><li>Ganar capacidad de maniobra y\nadaptaci\u00f3n de cara al futuro. <\/li><\/ul>\n<\/div><\/m-wysiwig>\n","protected":false},"excerpt":{"rendered":"","protected":false},"featured_media":0,"parent":131419,"menu_order":0,"comment_status":"closed","ping_status":"closed","template":"","meta":{"_acf_changed":false,"footnotes":""},"class_list":["post-131393","page","type-page","status-publish","hentry"],"acf":[],"yoast_head":"<!-- This site is optimized with the Yoast SEO plugin v27.2 - https:\/\/yoast.com\/product\/yoast-seo-wordpress\/ -->\n<title>What if...? - Ferrovial<\/title>\n<meta name=\"description\" content=\"Welcome to the Ferrovial&#039;s website, global operator of sustainable infrastructure. Here you can find all the information about the company and subsidiaries.\" \/>\n<meta name=\"robots\" content=\"index, follow, max-snippet:-1, max-image-preview:large, max-video-preview:-1\" \/>\n<link rel=\"canonical\" href=\"https:\/\/www.ferrovial.com\/es-la\/innovacion\/estrategia\/que-pasaria\/\" \/>\n<meta property=\"og:locale\" content=\"es_ES\" \/>\n<meta property=\"og:type\" content=\"article\" \/>\n<meta property=\"og:title\" content=\"What if...? - Ferrovial\" \/>\n<meta property=\"og:description\" content=\"Welcome to the Ferrovial&#039;s website, global operator of sustainable infrastructure. Here you can find all the information about the company and subsidiaries.\" \/>\n<meta property=\"og:url\" content=\"https:\/\/www.ferrovial.com\/es-la\/innovacion\/estrategia\/que-pasaria\/\" \/>\n<meta property=\"og:site_name\" content=\"Ferrovial\" \/>\n<meta property=\"article:publisher\" content=\"https:\/\/www.facebook.com\/ferrovial\" \/>\n<meta property=\"article:modified_time\" content=\"2020-04-21T20:38:50+00:00\" \/>\n<meta name=\"twitter:card\" content=\"summary_large_image\" \/>\n<meta name=\"twitter:site\" content=\"@ferrovial\" \/>\n<meta name=\"twitter:label1\" content=\"Est. reading time\" \/>\n\t<meta name=\"twitter:data1\" content=\"1 minute\" \/>\n<!-- \/ Yoast SEO plugin. -->","yoast_head_json":{"title":"What if...? - Ferrovial","description":"Welcome to the Ferrovial's website, global operator of sustainable infrastructure. Here you can find all the information about the company and subsidiaries.","robots":{"index":"index","follow":"follow","max-snippet":"max-snippet:-1","max-image-preview":"max-image-preview:large","max-video-preview":"max-video-preview:-1"},"canonical":"https:\/\/www.ferrovial.com\/es-la\/innovacion\/estrategia\/que-pasaria\/","og_locale":"es_ES","og_type":"article","og_title":"What if...? - Ferrovial","og_description":"Welcome to the Ferrovial's website, global operator of sustainable infrastructure. Here you can find all the information about the company and subsidiaries.","og_url":"https:\/\/www.ferrovial.com\/es-la\/innovacion\/estrategia\/que-pasaria\/","og_site_name":"Ferrovial","article_publisher":"https:\/\/www.facebook.com\/ferrovial","article_modified_time":"2020-04-21T20:38:50+00:00","twitter_card":"summary_large_image","twitter_site":"@ferrovial","twitter_misc":{"Est. reading time":"1 minute"},"schema":{"@context":"https:\/\/schema.org","@graph":[{"@type":"WebPage","@id":"https:\/\/www.ferrovial.com\/es-la\/innovacion\/estrategia\/que-pasaria\/","url":"https:\/\/www.ferrovial.com\/es-la\/innovacion\/estrategia\/que-pasaria\/","name":"What if...? - Ferrovial","isPartOf":{"@id":"https:\/\/www.ferrovial.com\/es-la\/#website"},"datePublished":"2019-11-13T09:13:44+00:00","dateModified":"2020-04-21T20:38:50+00:00","description":"Welcome to the Ferrovial's website, global operator of sustainable infrastructure. Here you can find all the information about the company and subsidiaries.","breadcrumb":{"@id":"https:\/\/www.ferrovial.com\/es-la\/innovacion\/estrategia\/que-pasaria\/#breadcrumb"},"inLanguage":"es-419","potentialAction":[{"@type":"ReadAction","target":["https:\/\/www.ferrovial.com\/es-la\/innovacion\/estrategia\/que-pasaria\/"]}]},{"@type":"BreadcrumbList","@id":"https:\/\/www.ferrovial.com\/es-la\/innovacion\/estrategia\/que-pasaria\/#breadcrumb","itemListElement":[{"@type":"ListItem","position":1,"name":"Portada","item":"https:\/\/www.ferrovial.com\/es-la\/"},{"@type":"ListItem","position":2,"name":"Innovaci\u00f3n","item":"https:\/\/www.ferrovial.com\/es-la\/innovacion\/"},{"@type":"ListItem","position":3,"name":"Nuestra estrategia de innovaci\u00f3n","item":"https:\/\/www.ferrovial.com\/es-la\/innovacion\/estrategia\/"},{"@type":"ListItem","position":4,"name":"What if&#8230;?"}]},{"@type":"WebSite","@id":"https:\/\/www.ferrovial.com\/es-la\/#website","url":"https:\/\/www.ferrovial.com\/es-la\/","name":"Ferrovial","description":"Welcome to the Ferrovial&#039;s website, global operator of sustainable infrastructure. Here you can find all the information about the company and subsidiaries.","publisher":{"@id":"https:\/\/www.ferrovial.com\/es-la\/#organization"},"potentialAction":[{"@type":"SearchAction","target":{"@type":"EntryPoint","urlTemplate":"https:\/\/www.ferrovial.com\/es-la\/?s={search_term_string}"},"query-input":{"@type":"PropertyValueSpecification","valueRequired":true,"valueName":"search_term_string"}}],"inLanguage":"es-419"},{"@type":"Organization","@id":"https:\/\/www.ferrovial.com\/es-la\/#organization","name":"Ferrovial S.A.","url":"https:\/\/www.ferrovial.com\/es-la\/","logo":{"@type":"ImageObject","inLanguage":"es-419","@id":"https:\/\/www.ferrovial.com\/es-la\/#\/schema\/logo\/image\/","url":"https:\/\/static.ferrovial.com\/wp-content\/uploads\/2020\/01\/13124948\/logo-ferrovial-cf7.png","contentUrl":"https:\/\/static.ferrovial.com\/wp-content\/uploads\/2020\/01\/13124948\/logo-ferrovial-cf7.png","width":144,"height":32,"caption":"Ferrovial S.A."},"image":{"@id":"https:\/\/www.ferrovial.com\/es-la\/#\/schema\/logo\/image\/"},"sameAs":["https:\/\/www.facebook.com\/ferrovial","https:\/\/x.com\/ferrovial","https:\/\/www.instagram.com\/ferrovial\/","https:\/\/www.linkedin.com\/company\/ferrovial","https:\/\/www.pinterest.es\/ferrovial\/","https:\/\/www.youtube.com\/ferrovial","https:\/\/en.wikipedia.org\/wiki\/Ferrovial"]}]}},"_links":{"self":[{"href":"https:\/\/www.ferrovial.com\/es-la\/wp-json\/wp\/v2\/pages\/131393","targetHints":{"allow":["GET"]}}],"collection":[{"href":"https:\/\/www.ferrovial.com\/es-la\/wp-json\/wp\/v2\/pages"}],"about":[{"href":"https:\/\/www.ferrovial.com\/es-la\/wp-json\/wp\/v2\/types\/page"}],"replies":[{"embeddable":true,"href":"https:\/\/www.ferrovial.com\/es-la\/wp-json\/wp\/v2\/comments?post=131393"}],"version-history":[{"count":1,"href":"https:\/\/www.ferrovial.com\/es-la\/wp-json\/wp\/v2\/pages\/131393\/revisions"}],"predecessor-version":[{"id":133003,"href":"https:\/\/www.ferrovial.com\/es-la\/wp-json\/wp\/v2\/pages\/131393\/revisions\/133003"}],"up":[{"embeddable":true,"href":"https:\/\/www.ferrovial.com\/es-la\/wp-json\/wp\/v2\/pages\/131419"}],"wp:attachment":[{"href":"https:\/\/www.ferrovial.com\/es-la\/wp-json\/wp\/v2\/media?parent=131393"}],"curies":[{"name":"wp","href":"https:\/\/api.w.org\/{rel}","templated":true}]}}