{"id":131402,"date":"2019-11-13T11:08:38","date_gmt":"2019-11-13T10:08:38","guid":{"rendered":"https:\/\/www.ferrovial.com\/sostenibilidad\/"},"modified":"2020-04-21T22:39:42","modified_gmt":"2020-04-21T20:39:42","slug":"sostenibilidad","status":"publish","type":"page","link":"https:\/\/www.ferrovial.com\/es-la\/innovacion\/estrategia\/sostenibilidad\/","title":{"rendered":"Sostenibilidad"},"content":{"rendered":"    <m-final-content-header bgimage='https:\/\/static.ferrovial.com\/wp-content\/uploads\/2019\/11\/13133044\/euroscut_azores-ferrovial-1232x720.jpg'>\n            <c-breadcrumb label-text=\"Breadcrumb\" slot=\"breadcrumbs\" type='2' align='left' wrap='wrapped wrapped' aria-label='Vienes de Nuestra estrategia de innovaci\u00f3n'>\n                        <ol>\n\n                                                            <li><a href=\"https:\/\/www.ferrovial.com\/es-la\/\" title=\"Ferrovial\">Ferrovial<\/a><\/li>\n                                                                        <li><a href=\"https:\/\/www.ferrovial.com\/es\/innovacion\/\" title=\"Innovaci\u00f3n\">Innovaci\u00f3n<\/a><\/li>\n                                                                        <li><a href=\"https:\/\/www.ferrovial.com\/es\/innovacion\/estrategia\/\" title=\"Nuestra estrategia de innovaci\u00f3n\">Nuestra estrategia de innovaci\u00f3n<\/a><\/li>\n                                    \n                <\/ol>\n\n                <\/c-breadcrumb>\n    \n        <div slot=\"header\">\n            <h1>\n                Sostenibilidad            <\/h1>\n                    <\/div>\n    <\/m-final-content-header>\n\n    \n\n\n<m-wysiwig class=\"wp-block-components-wysiwyg\"><div slot=\"maincontent\">    <p class=\"intro\">En materia de sostenibilidad, la innovaci\u00f3n puede ayudarnos a reducir nuestro impacto como compa\u00f1\u00eda y contribuir a que la sociedad disminuya su huella medioambiental. <\/p>\n    \n\n\n<p>Dentro de los proyectos de innovaci\u00f3n de esta tem\u00e1tica destacan Hefesto, una plataforma IoT (siglas en ingl\u00e9s de internet de las cosas) para mejorar la <strong>eficiencia energ\u00e9tica en alumbrado <\/strong>p\u00fablico y edificios; el proyecto MYWAPP, que implementa una aplicaci\u00f3n m\u00f3vil para <strong>mejorar la <a title=\"Getxo una de las ciudades m\u00e1s limpias - Noticia Ferrovial\" rel=\"dofollow noopener noreferrer\" href=\"https:\/\/newsroom.ferrovial.com\/es\/noticias\/getxo-ciudades-limpias-espana\/\" target=\"_blank\">recogida y el reciclaje de residuos org\u00e1nicos<\/a><\/strong> en el ayuntamiento de Getxo, o una iniciativa de monitorizaci\u00f3n de la <strong>calidad de vida de las comunidades aeroportuarias<\/strong>.<\/p>\n<\/div><\/m-wysiwig>\n\n\n    <m-video >\n                        <p slot=\"type\">\n                    Proyectos HEFESTO                <\/p>\n                        <a class='m-video__modal' slot='modal' href='https:\/\/www.youtube-nocookie.com\/embed\/Q3PpCVMeADA'>\n            <img slot=\"poster\" v-lazy=\"'https:\/\/static.ferrovial.com\/wp-content\/uploads\/2019\/12\/13141250\/proyecto-internet-de-las-cosas-hefesto.png'\" title=\"Proyectos HEFESTO\" width=\"691\" height=\"100%\" >\n        <\/a>\n            <\/m-video>\n    \n\n    <m-projects-distributor2 :translations='{\n        &quot;prev&quot;:&quot;Anterior&quot;,\n        &quot;next&quot;:&quot;Siguiente&quot;,\n        &quot;paginationseparator&quot;:&quot;de&quot;\n    }'>\n                        <h2 slot=\"title\">\n                Proyectos relacionados                <\/h2>\n                        <a slot='button' title='Ver todos' href='https:\/\/www.ferrovial.com\/es\/negocio\/innovacion\/'>\n            Ver todos        <\/a>\n\n            <\/m-projects-distributor2>\n\n    ","protected":false},"excerpt":{"rendered":"","protected":false},"featured_media":0,"parent":131419,"menu_order":0,"comment_status":"closed","ping_status":"closed","template":"","meta":{"_acf_changed":false,"footnotes":""},"class_list":["post-131402","page","type-page","status-publish","hentry"],"acf":[],"yoast_head":"<!-- This site is optimized with the Yoast SEO plugin v27.2 - https:\/\/yoast.com\/product\/yoast-seo-wordpress\/ -->\n<title>Innovaci\u00f3n sostenible para reducir la huella medioambiental - Ferrovial<\/title>\n<meta name=\"description\" content=\"En materia de sostenibilidad, la innovaci\u00f3n puede ayudarnos a reducir nuestro impacto como compa\u00f1\u00eda y contribuir a que la sociedad consiga ...\" \/>\n<meta name=\"robots\" content=\"index, follow, max-snippet:-1, max-image-preview:large, max-video-preview:-1\" \/>\n<link rel=\"canonical\" href=\"https:\/\/www.ferrovial.com\/es-la\/innovacion\/estrategia\/sostenibilidad\/\" \/>\n<meta property=\"og:locale\" content=\"es_ES\" \/>\n<meta property=\"og:type\" content=\"article\" \/>\n<meta property=\"og:title\" content=\"Innovaci\u00f3n sostenible para reducir la huella medioambiental - Ferrovial\" \/>\n<meta property=\"og:description\" content=\"En materia de sostenibilidad, la innovaci\u00f3n puede ayudarnos a reducir nuestro impacto como compa\u00f1\u00eda y contribuir a que la sociedad consiga ...\" \/>\n<meta property=\"og:url\" content=\"https:\/\/www.ferrovial.com\/es-la\/innovacion\/estrategia\/sostenibilidad\/\" \/>\n<meta property=\"og:site_name\" content=\"Ferrovial\" \/>\n<meta property=\"article:publisher\" content=\"https:\/\/www.facebook.com\/ferrovial\" \/>\n<meta property=\"article:modified_time\" content=\"2020-04-21T20:39:42+00:00\" \/>\n<meta name=\"twitter:card\" content=\"summary_large_image\" \/>\n<meta name=\"twitter:site\" content=\"@ferrovial\" \/>\n<!-- \/ Yoast SEO plugin. -->","yoast_head_json":{"title":"Innovaci\u00f3n sostenible para reducir la huella medioambiental - Ferrovial","description":"En materia de sostenibilidad, la innovaci\u00f3n puede ayudarnos a reducir nuestro impacto como compa\u00f1\u00eda y contribuir a que la sociedad consiga ...","robots":{"index":"index","follow":"follow","max-snippet":"max-snippet:-1","max-image-preview":"max-image-preview:large","max-video-preview":"max-video-preview:-1"},"canonical":"https:\/\/www.ferrovial.com\/es-la\/innovacion\/estrategia\/sostenibilidad\/","og_locale":"es_ES","og_type":"article","og_title":"Innovaci\u00f3n sostenible para reducir la huella medioambiental - Ferrovial","og_description":"En materia de sostenibilidad, la innovaci\u00f3n puede ayudarnos a reducir nuestro impacto como compa\u00f1\u00eda y contribuir a que la sociedad consiga ...","og_url":"https:\/\/www.ferrovial.com\/es-la\/innovacion\/estrategia\/sostenibilidad\/","og_site_name":"Ferrovial","article_publisher":"https:\/\/www.facebook.com\/ferrovial","article_modified_time":"2020-04-21T20:39:42+00:00","twitter_card":"summary_large_image","twitter_site":"@ferrovial","schema":{"@context":"https:\/\/schema.org","@graph":[{"@type":"WebPage","@id":"https:\/\/www.ferrovial.com\/es-la\/innovacion\/estrategia\/sostenibilidad\/","url":"https:\/\/www.ferrovial.com\/es-la\/innovacion\/estrategia\/sostenibilidad\/","name":"Innovaci\u00f3n sostenible para reducir la huella medioambiental - Ferrovial","isPartOf":{"@id":"https:\/\/www.ferrovial.com\/es-la\/#website"},"datePublished":"2019-11-13T10:08:38+00:00","dateModified":"2020-04-21T20:39:42+00:00","description":"En materia de sostenibilidad, la innovaci\u00f3n puede ayudarnos a reducir nuestro impacto como compa\u00f1\u00eda y contribuir a que la sociedad consiga ...","breadcrumb":{"@id":"https:\/\/www.ferrovial.com\/es-la\/innovacion\/estrategia\/sostenibilidad\/#breadcrumb"},"inLanguage":"es-419","potentialAction":[{"@type":"ReadAction","target":["https:\/\/www.ferrovial.com\/es-la\/innovacion\/estrategia\/sostenibilidad\/"]}]},{"@type":"BreadcrumbList","@id":"https:\/\/www.ferrovial.com\/es-la\/innovacion\/estrategia\/sostenibilidad\/#breadcrumb","itemListElement":[{"@type":"ListItem","position":1,"name":"Portada","item":"https:\/\/www.ferrovial.com\/es-la\/"},{"@type":"ListItem","position":2,"name":"Innovaci\u00f3n","item":"https:\/\/www.ferrovial.com\/es-la\/innovacion\/"},{"@type":"ListItem","position":3,"name":"Nuestra estrategia de innovaci\u00f3n","item":"https:\/\/www.ferrovial.com\/es-la\/innovacion\/estrategia\/"},{"@type":"ListItem","position":4,"name":"Sostenibilidad"}]},{"@type":"WebSite","@id":"https:\/\/www.ferrovial.com\/es-la\/#website","url":"https:\/\/www.ferrovial.com\/es-la\/","name":"Ferrovial","description":"Welcome to the Ferrovial&#039;s website, global operator of sustainable infrastructure. Here you can find all the information about the company and subsidiaries.","publisher":{"@id":"https:\/\/www.ferrovial.com\/es-la\/#organization"},"potentialAction":[{"@type":"SearchAction","target":{"@type":"EntryPoint","urlTemplate":"https:\/\/www.ferrovial.com\/es-la\/?s={search_term_string}"},"query-input":{"@type":"PropertyValueSpecification","valueRequired":true,"valueName":"search_term_string"}}],"inLanguage":"es-419"},{"@type":"Organization","@id":"https:\/\/www.ferrovial.com\/es-la\/#organization","name":"Ferrovial S.A.","url":"https:\/\/www.ferrovial.com\/es-la\/","logo":{"@type":"ImageObject","inLanguage":"es-419","@id":"https:\/\/www.ferrovial.com\/es-la\/#\/schema\/logo\/image\/","url":"https:\/\/static.ferrovial.com\/wp-content\/uploads\/2020\/01\/13124948\/logo-ferrovial-cf7.png","contentUrl":"https:\/\/static.ferrovial.com\/wp-content\/uploads\/2020\/01\/13124948\/logo-ferrovial-cf7.png","width":144,"height":32,"caption":"Ferrovial S.A."},"image":{"@id":"https:\/\/www.ferrovial.com\/es-la\/#\/schema\/logo\/image\/"},"sameAs":["https:\/\/www.facebook.com\/ferrovial","https:\/\/x.com\/ferrovial","https:\/\/www.instagram.com\/ferrovial\/","https:\/\/www.linkedin.com\/company\/ferrovial","https:\/\/www.pinterest.es\/ferrovial\/","https:\/\/www.youtube.com\/ferrovial","https:\/\/en.wikipedia.org\/wiki\/Ferrovial"]}]}},"_links":{"self":[{"href":"https:\/\/www.ferrovial.com\/es-la\/wp-json\/wp\/v2\/pages\/131402","targetHints":{"allow":["GET"]}}],"collection":[{"href":"https:\/\/www.ferrovial.com\/es-la\/wp-json\/wp\/v2\/pages"}],"about":[{"href":"https:\/\/www.ferrovial.com\/es-la\/wp-json\/wp\/v2\/types\/page"}],"replies":[{"embeddable":true,"href":"https:\/\/www.ferrovial.com\/es-la\/wp-json\/wp\/v2\/comments?post=131402"}],"version-history":[{"count":3,"href":"https:\/\/www.ferrovial.com\/es-la\/wp-json\/wp\/v2\/pages\/131402\/revisions"}],"predecessor-version":[{"id":163518,"href":"https:\/\/www.ferrovial.com\/es-la\/wp-json\/wp\/v2\/pages\/131402\/revisions\/163518"}],"up":[{"embeddable":true,"href":"https:\/\/www.ferrovial.com\/es-la\/wp-json\/wp\/v2\/pages\/131419"}],"wp:attachment":[{"href":"https:\/\/www.ferrovial.com\/es-la\/wp-json\/wp\/v2\/media?parent=131402"}],"curies":[{"name":"wp","href":"https:\/\/api.w.org\/{rel}","templated":true}]}}