{"id":131404,"date":"2019-11-13T11:31:20","date_gmt":"2019-11-13T10:31:20","guid":{"rendered":"https:\/\/www.ferrovial.com\/digitalizacion\/"},"modified":"2020-04-21T22:43:46","modified_gmt":"2020-04-21T20:43:46","slug":"digitalizacion","status":"publish","type":"page","link":"https:\/\/www.ferrovial.com\/es-la\/innovacion\/estrategia\/digitalizacion\/","title":{"rendered":"Digitalizaci\u00f3n"},"content":{"rendered":"    <m-final-content-header bgimage='https:\/\/static.ferrovial.com\/wp-content\/uploads\/2019\/10\/13133803\/betijai_madrid-1200x720.jpg'>\n            <c-breadcrumb label-text=\"Breadcrumb\" slot=\"breadcrumbs\" type='2' align='left' wrap='wrapped wrapped' aria-label='Vienes de Nuestra estrategia de innovaci\u00f3n'>\n                        <ol>\n\n                                                            <li><a href=\"https:\/\/www.ferrovial.com\/es-la\/\" title=\"Ferrovial\">Ferrovial<\/a><\/li>\n                                                                        <li><a href=\"https:\/\/www.ferrovial.com\/es\/innovacion\/\" title=\"Innovaci\u00f3n\">Innovaci\u00f3n<\/a><\/li>\n                                                                        <li><a href=\"https:\/\/www.ferrovial.com\/es\/innovacion\/estrategia\/\" title=\"Nuestra estrategia de innovaci\u00f3n\">Nuestra estrategia de innovaci\u00f3n<\/a><\/li>\n                                    \n                <\/ol>\n\n                <\/c-breadcrumb>\n    \n        <div slot=\"header\">\n            <h1>\n                Digitalizaci\u00f3n            <\/h1>\n                    <\/div>\n    <\/m-final-content-header>\n\n    \n\n\n<m-wysiwig class=\"wp-block-components-wysiwyg\"><div slot=\"maincontent\">    <p class=\"intro\">Innovaci\u00f3n y digitalizaci\u00f3n son dos t\u00e9rminos pr\u00e1cticamente inseparables en la actualidad. <\/p>\n    \n\n\n<p>Las<strong> tecnolog\u00edas digitales<\/strong> permiten ser m\u00e1s eficientes, m\u00e1s r\u00e1pidos, m\u00e1s flexibles y estar mejor comunicados, as\u00ed como explorar nuevas oportunidades de negocio. <\/p>\n\n\n\n<p>Algunos ejemplos de iniciativas desarrolladas en este \u00e1mbito son:<\/p>\n\n\n\n<ul class=\"wp-block-list\"><li><strong>Gladys<\/strong>: un robot humanoide capaz de interaccionar con los usuarios del aeropuerto de Glasgow.<\/li><li><strong>Modelo 3D del front\u00f3n Beti-Jai<\/strong>: este modelo en 3D lo hemos utilizado tanto en las obras de recuperaci\u00f3n del edificio como para comunicar de qu\u00e9 se trata el proyecto. <\/li><li><strong>DP4LE<\/strong>: marco de trabajo para la aplicaci\u00f3n de tecnolog\u00edas de gesti\u00f3n de activos y de <a title=\"BIM\" rel=\"dofollow noopener noreferrer\" href=\"https:\/\/www.ferrovial.com\/es-la\/innovacion\/bim\/\" target=\"_blank\">modelado de informaci\u00f3n de construcci\u00f3n<\/a> (responde a las siglas en ingl\u00e9s, <strong>BIM<\/strong>), en diferentes proyectos. <\/li><\/ul>\n<\/div><\/m-wysiwig>\n","protected":false},"excerpt":{"rendered":"","protected":false},"featured_media":0,"parent":131419,"menu_order":0,"comment_status":"closed","ping_status":"closed","template":"","meta":{"_acf_changed":false,"footnotes":""},"class_list":["post-131404","page","type-page","status-publish","hentry"],"acf":[],"yoast_head":"<!-- This site is optimized with the Yoast SEO plugin v27.2 - https:\/\/yoast.com\/product\/yoast-seo-wordpress\/ -->\n<title>Digitalizaci\u00f3n y transformaci\u00f3n de nuestra empresa - Ferrovial<\/title>\n<meta name=\"description\" content=\"La transformaci\u00f3n digital nos permite ser m\u00e1s eficientes, r\u00e1pidos, flexibles y estar mejor comunicados, as\u00ed como explorar nuevas oportunidades de negocio.\" \/>\n<meta name=\"robots\" content=\"index, follow, max-snippet:-1, max-image-preview:large, max-video-preview:-1\" \/>\n<link rel=\"canonical\" href=\"https:\/\/www.ferrovial.com\/es-la\/innovacion\/estrategia\/digitalizacion\/\" \/>\n<meta property=\"og:locale\" content=\"es_ES\" \/>\n<meta property=\"og:type\" content=\"article\" \/>\n<meta property=\"og:title\" content=\"Digitalizaci\u00f3n y transformaci\u00f3n de nuestra empresa - Ferrovial\" \/>\n<meta property=\"og:description\" content=\"La transformaci\u00f3n digital nos permite ser m\u00e1s eficientes, r\u00e1pidos, flexibles y estar mejor comunicados, as\u00ed como explorar nuevas oportunidades de negocio.\" \/>\n<meta property=\"og:url\" content=\"https:\/\/www.ferrovial.com\/es-la\/innovacion\/estrategia\/digitalizacion\/\" \/>\n<meta property=\"og:site_name\" content=\"Ferrovial\" \/>\n<meta property=\"article:publisher\" content=\"https:\/\/www.facebook.com\/ferrovial\" \/>\n<meta property=\"article:modified_time\" content=\"2020-04-21T20:43:46+00:00\" \/>\n<meta name=\"twitter:card\" content=\"summary_large_image\" \/>\n<meta name=\"twitter:site\" content=\"@ferrovial\" \/>\n<meta name=\"twitter:label1\" content=\"Est. reading time\" \/>\n\t<meta name=\"twitter:data1\" content=\"1 minute\" \/>\n<!-- \/ Yoast SEO plugin. -->","yoast_head_json":{"title":"Digitalizaci\u00f3n y transformaci\u00f3n de nuestra empresa - Ferrovial","description":"La transformaci\u00f3n digital nos permite ser m\u00e1s eficientes, r\u00e1pidos, flexibles y estar mejor comunicados, as\u00ed como explorar nuevas oportunidades de negocio.","robots":{"index":"index","follow":"follow","max-snippet":"max-snippet:-1","max-image-preview":"max-image-preview:large","max-video-preview":"max-video-preview:-1"},"canonical":"https:\/\/www.ferrovial.com\/es-la\/innovacion\/estrategia\/digitalizacion\/","og_locale":"es_ES","og_type":"article","og_title":"Digitalizaci\u00f3n y transformaci\u00f3n de nuestra empresa - Ferrovial","og_description":"La transformaci\u00f3n digital nos permite ser m\u00e1s eficientes, r\u00e1pidos, flexibles y estar mejor comunicados, as\u00ed como explorar nuevas oportunidades de negocio.","og_url":"https:\/\/www.ferrovial.com\/es-la\/innovacion\/estrategia\/digitalizacion\/","og_site_name":"Ferrovial","article_publisher":"https:\/\/www.facebook.com\/ferrovial","article_modified_time":"2020-04-21T20:43:46+00:00","twitter_card":"summary_large_image","twitter_site":"@ferrovial","twitter_misc":{"Est. reading time":"1 minute"},"schema":{"@context":"https:\/\/schema.org","@graph":[{"@type":"WebPage","@id":"https:\/\/www.ferrovial.com\/es-la\/innovacion\/estrategia\/digitalizacion\/","url":"https:\/\/www.ferrovial.com\/es-la\/innovacion\/estrategia\/digitalizacion\/","name":"Digitalizaci\u00f3n y transformaci\u00f3n de nuestra empresa - Ferrovial","isPartOf":{"@id":"https:\/\/www.ferrovial.com\/es-la\/#website"},"datePublished":"2019-11-13T10:31:20+00:00","dateModified":"2020-04-21T20:43:46+00:00","description":"La transformaci\u00f3n digital nos permite ser m\u00e1s eficientes, r\u00e1pidos, flexibles y estar mejor comunicados, as\u00ed como explorar nuevas oportunidades de negocio.","breadcrumb":{"@id":"https:\/\/www.ferrovial.com\/es-la\/innovacion\/estrategia\/digitalizacion\/#breadcrumb"},"inLanguage":"es-419","potentialAction":[{"@type":"ReadAction","target":["https:\/\/www.ferrovial.com\/es-la\/innovacion\/estrategia\/digitalizacion\/"]}]},{"@type":"BreadcrumbList","@id":"https:\/\/www.ferrovial.com\/es-la\/innovacion\/estrategia\/digitalizacion\/#breadcrumb","itemListElement":[{"@type":"ListItem","position":1,"name":"Portada","item":"https:\/\/www.ferrovial.com\/es-la\/"},{"@type":"ListItem","position":2,"name":"Innovaci\u00f3n","item":"https:\/\/www.ferrovial.com\/es-la\/innovacion\/"},{"@type":"ListItem","position":3,"name":"Nuestra estrategia de innovaci\u00f3n","item":"https:\/\/www.ferrovial.com\/es-la\/innovacion\/estrategia\/"},{"@type":"ListItem","position":4,"name":"Digitalizaci\u00f3n"}]},{"@type":"WebSite","@id":"https:\/\/www.ferrovial.com\/es-la\/#website","url":"https:\/\/www.ferrovial.com\/es-la\/","name":"Ferrovial","description":"Welcome to the Ferrovial&#039;s website, global operator of sustainable infrastructure. Here you can find all the information about the company and subsidiaries.","publisher":{"@id":"https:\/\/www.ferrovial.com\/es-la\/#organization"},"potentialAction":[{"@type":"SearchAction","target":{"@type":"EntryPoint","urlTemplate":"https:\/\/www.ferrovial.com\/es-la\/?s={search_term_string}"},"query-input":{"@type":"PropertyValueSpecification","valueRequired":true,"valueName":"search_term_string"}}],"inLanguage":"es-419"},{"@type":"Organization","@id":"https:\/\/www.ferrovial.com\/es-la\/#organization","name":"Ferrovial S.A.","url":"https:\/\/www.ferrovial.com\/es-la\/","logo":{"@type":"ImageObject","inLanguage":"es-419","@id":"https:\/\/www.ferrovial.com\/es-la\/#\/schema\/logo\/image\/","url":"https:\/\/static.ferrovial.com\/wp-content\/uploads\/2020\/01\/13124948\/logo-ferrovial-cf7.png","contentUrl":"https:\/\/static.ferrovial.com\/wp-content\/uploads\/2020\/01\/13124948\/logo-ferrovial-cf7.png","width":144,"height":32,"caption":"Ferrovial S.A."},"image":{"@id":"https:\/\/www.ferrovial.com\/es-la\/#\/schema\/logo\/image\/"},"sameAs":["https:\/\/www.facebook.com\/ferrovial","https:\/\/x.com\/ferrovial","https:\/\/www.instagram.com\/ferrovial\/","https:\/\/www.linkedin.com\/company\/ferrovial","https:\/\/www.pinterest.es\/ferrovial\/","https:\/\/www.youtube.com\/ferrovial","https:\/\/en.wikipedia.org\/wiki\/Ferrovial"]}]}},"_links":{"self":[{"href":"https:\/\/www.ferrovial.com\/es-la\/wp-json\/wp\/v2\/pages\/131404","targetHints":{"allow":["GET"]}}],"collection":[{"href":"https:\/\/www.ferrovial.com\/es-la\/wp-json\/wp\/v2\/pages"}],"about":[{"href":"https:\/\/www.ferrovial.com\/es-la\/wp-json\/wp\/v2\/types\/page"}],"replies":[{"embeddable":true,"href":"https:\/\/www.ferrovial.com\/es-la\/wp-json\/wp\/v2\/comments?post=131404"}],"version-history":[{"count":3,"href":"https:\/\/www.ferrovial.com\/es-la\/wp-json\/wp\/v2\/pages\/131404\/revisions"}],"predecessor-version":[{"id":151678,"href":"https:\/\/www.ferrovial.com\/es-la\/wp-json\/wp\/v2\/pages\/131404\/revisions\/151678"}],"up":[{"embeddable":true,"href":"https:\/\/www.ferrovial.com\/es-la\/wp-json\/wp\/v2\/pages\/131419"}],"wp:attachment":[{"href":"https:\/\/www.ferrovial.com\/es-la\/wp-json\/wp\/v2\/media?parent=131404"}],"curies":[{"name":"wp","href":"https:\/\/api.w.org\/{rel}","templated":true}]}}