{"id":131405,"date":"2019-11-13T11:34:36","date_gmt":"2019-11-13T10:34:36","guid":{"rendered":"https:\/\/www.ferrovial.com\/automatizacion\/"},"modified":"2024-09-03T18:51:20","modified_gmt":"2024-09-03T16:51:20","slug":"automatizacion","status":"publish","type":"page","link":"https:\/\/www.ferrovial.com\/es-la\/innovacion\/estrategia\/automatizacion\/","title":{"rendered":"Automatizaci\u00f3n"},"content":{"rendered":"    <m-final-content-header bgimage='https:\/\/static.ferrovial.com\/wp-content\/uploads\/2019\/12\/13140947\/3d-printing-and-education-px6lbd4-baja-1280x720.jpg'>\n            <c-breadcrumb label-text=\"Breadcrumb\" slot=\"breadcrumbs\" type='2' align='left' wrap='wrapped wrapped' aria-label='Vienes de Nuestra estrategia de innovaci\u00f3n'>\n                        <ol>\n\n                                                            <li><a href=\"https:\/\/www.ferrovial.com\/es-la\/\" title=\"Ferrovial\">Ferrovial<\/a><\/li>\n                                                                        <li><a href=\"https:\/\/www.ferrovial.com\/es\/innovacion\/\" title=\"Innovaci\u00f3n\">Innovaci\u00f3n<\/a><\/li>\n                                                                        <li><a href=\"https:\/\/www.ferrovial.com\/es\/innovacion\/estrategia\/\" title=\"Nuestra estrategia de innovaci\u00f3n\">Nuestra estrategia de innovaci\u00f3n<\/a><\/li>\n                                    \n                <\/ol>\n\n                <\/c-breadcrumb>\n    \n        <div slot=\"header\">\n            <h1>\n                Automatizaci\u00f3n            <\/h1>\n                    <\/div>\n    <\/m-final-content-header>\n\n    \n\n\n<m-wysiwig class=\"wp-block-components-wysiwyg\"><div slot=\"maincontent\">    <p class=\"intro\">El futuro de la digitalizaci\u00f3n y el an\u00e1lisis de datos pasa por la inteligencia artificial, la rob\u00f3tica y las m\u00e1quinas aut\u00f3nomos. <\/p>\n    \n\n\n<p>Impulsamos la transformaci\u00f3n de nuestra compa\u00f1\u00eda mediante el <strong>uso de robots y drones para mejorar la eficiencia y la seguridad. <\/strong><\/p>\n\n\n\n<p>Algunas de las iniciativas m\u00e1s destacadas son la de<strong> automatizaci\u00f3n rob\u00f3tica de procesos<\/strong>, (conocido por sus siglas en ingl\u00e9s como <strong>RPA<\/strong>) que persigue la aplicaci\u00f3n de software que sea capaz de trabajar con las aplicaciones existentes de la misma forma que un trabajador humano y, en \u00faltima instancia, hacerlo de forma completamente aut\u00f3noma. Tambi\u00e9n los servicios de <strong>fabricaci\u00f3n aditiva o impresi\u00f3n 3D<\/strong>, cuyo objetivo es el de mejorar las fases de dise\u00f1o y presentaci\u00f3n de proyectos, optimizar costes e incrementar la competitividad de las operaciones.<\/p>\n<\/div><\/m-wysiwig>\n\n\n    <m-projects-distributor2 :translations='{\n        &quot;prev&quot;:&quot;Anterior&quot;,\n        &quot;next&quot;:&quot;Siguiente&quot;,\n        &quot;paginationseparator&quot;:&quot;de&quot;\n    }'>\n                        <h2 slot=\"title\">\n                Proyectos relacionados                <\/h2>\n                        <a slot='button' title='Ver todos' href='https:\/\/www.ferrovial.com\/es\/negocio\/innovacion\/'>\n            Ver todos        <\/a>\n\n            <\/m-projects-distributor2>\n\n    ","protected":false},"excerpt":{"rendered":"","protected":false},"featured_media":0,"parent":131419,"menu_order":0,"comment_status":"closed","ping_status":"closed","template":"","meta":{"_acf_changed":false,"footnotes":""},"class_list":["post-131405","page","type-page","status-publish","hentry"],"acf":[],"yoast_head":"<!-- This site is optimized with the Yoast SEO plugin v27.2 - https:\/\/yoast.com\/product\/yoast-seo-wordpress\/ -->\n<title>Automatizaci\u00f3n: inteligencia artificial y rob\u00f3tica - Ferrovial<\/title>\n<meta name=\"description\" content=\"Impulsamos la transformaci\u00f3n de nuestra compa\u00f1\u00eda mediante el uso de AI, robots y drones para mejorar la eficiencia y la seguridad. Entra e inf\u00f3rmate\" \/>\n<meta name=\"robots\" content=\"index, follow, max-snippet:-1, max-image-preview:large, max-video-preview:-1\" \/>\n<link rel=\"canonical\" href=\"https:\/\/www.ferrovial.com\/es-la\/innovacion\/estrategia\/automatizacion\/\" \/>\n<meta property=\"og:locale\" content=\"es_ES\" \/>\n<meta property=\"og:type\" content=\"article\" \/>\n<meta property=\"og:title\" content=\"Automatizaci\u00f3n: inteligencia artificial y rob\u00f3tica - Ferrovial\" \/>\n<meta property=\"og:description\" content=\"Impulsamos la transformaci\u00f3n de nuestra compa\u00f1\u00eda mediante el uso de AI, robots y drones para mejorar la eficiencia y la seguridad. Entra e inf\u00f3rmate\" \/>\n<meta property=\"og:url\" content=\"https:\/\/www.ferrovial.com\/es-la\/innovacion\/estrategia\/automatizacion\/\" \/>\n<meta property=\"og:site_name\" content=\"Ferrovial\" \/>\n<meta property=\"article:publisher\" content=\"https:\/\/www.facebook.com\/ferrovial\" \/>\n<meta property=\"article:modified_time\" content=\"2024-09-03T16:51:20+00:00\" \/>\n<meta name=\"twitter:card\" content=\"summary_large_image\" \/>\n<meta name=\"twitter:site\" content=\"@ferrovial\" \/>\n<meta name=\"twitter:label1\" content=\"Est. reading time\" \/>\n\t<meta name=\"twitter:data1\" content=\"1 minute\" \/>\n<!-- \/ Yoast SEO plugin. -->","yoast_head_json":{"title":"Automatizaci\u00f3n: inteligencia artificial y rob\u00f3tica - Ferrovial","description":"Impulsamos la transformaci\u00f3n de nuestra compa\u00f1\u00eda mediante el uso de AI, robots y drones para mejorar la eficiencia y la seguridad. Entra e inf\u00f3rmate","robots":{"index":"index","follow":"follow","max-snippet":"max-snippet:-1","max-image-preview":"max-image-preview:large","max-video-preview":"max-video-preview:-1"},"canonical":"https:\/\/www.ferrovial.com\/es-la\/innovacion\/estrategia\/automatizacion\/","og_locale":"es_ES","og_type":"article","og_title":"Automatizaci\u00f3n: inteligencia artificial y rob\u00f3tica - Ferrovial","og_description":"Impulsamos la transformaci\u00f3n de nuestra compa\u00f1\u00eda mediante el uso de AI, robots y drones para mejorar la eficiencia y la seguridad. Entra e inf\u00f3rmate","og_url":"https:\/\/www.ferrovial.com\/es-la\/innovacion\/estrategia\/automatizacion\/","og_site_name":"Ferrovial","article_publisher":"https:\/\/www.facebook.com\/ferrovial","article_modified_time":"2024-09-03T16:51:20+00:00","twitter_card":"summary_large_image","twitter_site":"@ferrovial","twitter_misc":{"Est. reading time":"1 minute"},"schema":{"@context":"https:\/\/schema.org","@graph":[{"@type":"WebPage","@id":"https:\/\/www.ferrovial.com\/es-la\/innovacion\/estrategia\/automatizacion\/","url":"https:\/\/www.ferrovial.com\/es-la\/innovacion\/estrategia\/automatizacion\/","name":"Automatizaci\u00f3n: inteligencia artificial y rob\u00f3tica - Ferrovial","isPartOf":{"@id":"https:\/\/www.ferrovial.com\/es-la\/#website"},"datePublished":"2019-11-13T10:34:36+00:00","dateModified":"2024-09-03T16:51:20+00:00","description":"Impulsamos la transformaci\u00f3n de nuestra compa\u00f1\u00eda mediante el uso de AI, robots y drones para mejorar la eficiencia y la seguridad. Entra e inf\u00f3rmate","breadcrumb":{"@id":"https:\/\/www.ferrovial.com\/es-la\/innovacion\/estrategia\/automatizacion\/#breadcrumb"},"inLanguage":"es-419","potentialAction":[{"@type":"ReadAction","target":["https:\/\/www.ferrovial.com\/es-la\/innovacion\/estrategia\/automatizacion\/"]}]},{"@type":"BreadcrumbList","@id":"https:\/\/www.ferrovial.com\/es-la\/innovacion\/estrategia\/automatizacion\/#breadcrumb","itemListElement":[{"@type":"ListItem","position":1,"name":"Portada","item":"https:\/\/www.ferrovial.com\/es-la\/"},{"@type":"ListItem","position":2,"name":"Innovaci\u00f3n","item":"https:\/\/www.ferrovial.com\/es-la\/innovacion\/"},{"@type":"ListItem","position":3,"name":"Nuestra estrategia de innovaci\u00f3n","item":"https:\/\/www.ferrovial.com\/es-la\/innovacion\/estrategia\/"},{"@type":"ListItem","position":4,"name":"Automatizaci\u00f3n"}]},{"@type":"WebSite","@id":"https:\/\/www.ferrovial.com\/es-la\/#website","url":"https:\/\/www.ferrovial.com\/es-la\/","name":"Ferrovial","description":"Welcome to the Ferrovial&#039;s website, global operator of sustainable infrastructure. Here you can find all the information about the company and subsidiaries.","publisher":{"@id":"https:\/\/www.ferrovial.com\/es-la\/#organization"},"potentialAction":[{"@type":"SearchAction","target":{"@type":"EntryPoint","urlTemplate":"https:\/\/www.ferrovial.com\/es-la\/?s={search_term_string}"},"query-input":{"@type":"PropertyValueSpecification","valueRequired":true,"valueName":"search_term_string"}}],"inLanguage":"es-419"},{"@type":"Organization","@id":"https:\/\/www.ferrovial.com\/es-la\/#organization","name":"Ferrovial S.A.","url":"https:\/\/www.ferrovial.com\/es-la\/","logo":{"@type":"ImageObject","inLanguage":"es-419","@id":"https:\/\/www.ferrovial.com\/es-la\/#\/schema\/logo\/image\/","url":"https:\/\/static.ferrovial.com\/wp-content\/uploads\/2020\/01\/13124948\/logo-ferrovial-cf7.png","contentUrl":"https:\/\/static.ferrovial.com\/wp-content\/uploads\/2020\/01\/13124948\/logo-ferrovial-cf7.png","width":144,"height":32,"caption":"Ferrovial S.A."},"image":{"@id":"https:\/\/www.ferrovial.com\/es-la\/#\/schema\/logo\/image\/"},"sameAs":["https:\/\/www.facebook.com\/ferrovial","https:\/\/x.com\/ferrovial","https:\/\/www.instagram.com\/ferrovial\/","https:\/\/www.linkedin.com\/company\/ferrovial","https:\/\/www.pinterest.es\/ferrovial\/","https:\/\/www.youtube.com\/ferrovial","https:\/\/en.wikipedia.org\/wiki\/Ferrovial"]}]}},"_links":{"self":[{"href":"https:\/\/www.ferrovial.com\/es-la\/wp-json\/wp\/v2\/pages\/131405","targetHints":{"allow":["GET"]}}],"collection":[{"href":"https:\/\/www.ferrovial.com\/es-la\/wp-json\/wp\/v2\/pages"}],"about":[{"href":"https:\/\/www.ferrovial.com\/es-la\/wp-json\/wp\/v2\/types\/page"}],"replies":[{"embeddable":true,"href":"https:\/\/www.ferrovial.com\/es-la\/wp-json\/wp\/v2\/comments?post=131405"}],"version-history":[{"count":3,"href":"https:\/\/www.ferrovial.com\/es-la\/wp-json\/wp\/v2\/pages\/131405\/revisions"}],"predecessor-version":[{"id":287586,"href":"https:\/\/www.ferrovial.com\/es-la\/wp-json\/wp\/v2\/pages\/131405\/revisions\/287586"}],"up":[{"embeddable":true,"href":"https:\/\/www.ferrovial.com\/es-la\/wp-json\/wp\/v2\/pages\/131419"}],"wp:attachment":[{"href":"https:\/\/www.ferrovial.com\/es-la\/wp-json\/wp\/v2\/media?parent=131405"}],"curies":[{"name":"wp","href":"https:\/\/api.w.org\/{rel}","templated":true}]}}