{"id":131419,"date":"2019-09-05T14:50:19","date_gmt":"2019-09-05T12:50:19","guid":{"rendered":"https:\/\/www.ferrovial.com\/innovacion\/estrategia\/"},"modified":"2025-06-18T10:42:24","modified_gmt":"2025-06-18T08:42:24","slug":"estrategia","status":"publish","type":"page","link":"https:\/\/www.ferrovial.com\/es-la\/innovacion\/estrategia\/","title":{"rendered":"Nuestra estrategia de innovaci\u00f3n"},"content":{"rendered":"    <m-final-content-header bgimage='https:\/\/static.ferrovial.com\/wp-content\/uploads\/2019\/10\/13141244\/ferrovial-6945.jpg'>\n            <c-breadcrumb label-text=\"Breadcrumb\" slot=\"breadcrumbs\" type='2' align='left' wrap='wrapped wrapped' aria-label='Vienes de Innovaci\u00f3n'>\n                        <ol>\n\n                                                            <li><a href=\"https:\/\/www.ferrovial.com\/es-la\/\" title=\"Ferrovial\">Ferrovial<\/a><\/li>\n                                                                        <li><a href=\"https:\/\/www.ferrovial.com\/es\/innovacion\/\" title=\"Innovaci\u00f3n\">Innovaci\u00f3n<\/a><\/li>\n                                    \n                <\/ol>\n\n                <\/c-breadcrumb>\n    \n        <div slot=\"header\">\n            <h1>\n                Nuestra estrategia de innovaci\u00f3n            <\/h1>\n                    <\/div>\n    <\/m-final-content-header>\n\n    \n\n\n<m-wysiwig class=\"wp-block-components-wysiwyg\"><div slot=\"maincontent\">    <p class=\"intro\">La innovaci\u00f3n es uno de los elementos que nos definen, una herramienta para liderar la transformaci\u00f3n en los sectores de infraestructuras y transporte.<\/p>\n    <\/div><\/m-wysiwig>\n\n\n    <m-cyphers-basic>\n                        <div slot=\"head\">\n                                                <h3>\n                                Cifras clave                            <\/h3>\n                                                            <p>\n                                    Descripci\u00f3n por defecto                                <\/p>\n                                                                <a href=\"https:\/\/www.ferrovial.com\/es-la\/innovacion\/estrategia\/\" title=\"Nuestra estrategia de innovaci\u00f3n\">\n                                        Nuestra estrategia de innovaci\u00f3n                                    <\/a>\n                                                    <\/div>\n                                <ul slot=\"cyphers\">\n                                                <li>\n                                                                        <p class=\"number\">\n                                            70,6 M\u20ac                                        <\/p>\n                                                                                <p class=\"post\">\n                                            Inversi\u00f3n I+D                                        <\/p>\n                                                                    <\/li>\n                                                        <li>\n                                                                        <p class=\"number\">\n                                            +500                                        <\/p>\n                                                                                <p class=\"post\">\n                                            Proyectos                                         <\/p>\n                                                                    <\/li>\n                                                        <li>\n                                                                        <p class=\"number\">\n                                            +40                                        <\/p>\n                                                                                <p class=\"post\">\n                                            Proyectos con Startups                                        <\/p>\n                                                                    <\/li>\n                                            <\/ul>\n                    <\/m-cyphers-basic>\n\n    \n\n\n<m-wysiwig class=\"wp-block-components-wysiwyg\"><div slot=\"maincontent\">\n<p>Contamos con una estrategia de transformaci\u00f3n digital s\u00f3lida y en constante evoluci\u00f3n, plenamente alineada con nuestros objetivos empresariales. Nuestro principal prop\u00f3sito es aprovechar las capacidades de TI e Innovaci\u00f3n para aumentar el valor de nuestros activos, mejorar la eficiencia, obtener ventajas competitivas y liderar en un entorno digital en r\u00e1pida transformaci\u00f3n.<\/p>\n\n\n\n<p>Los<strong> esfuerzos de innovaci\u00f3n de Ferrovial est\u00e1n integrados en un proceso integral de digitalizaci\u00f3n orientado a transformar las operaciones de la compa\u00f1\u00eda y reforzar su competitividad<\/strong>. Entre los programas clave se incluyen la gesti\u00f3n de activos, la exploraci\u00f3n de nuevas tecnolog\u00edas, soluciones basadas en datos y la digitalizaci\u00f3n de procesos, entre otros.<\/p>\n\n\n\n<p>Los avances significativos logrados a trav\u00e9s del programa Digital Horizon 2024 \u2014respaldado por una inversi\u00f3n de 70,6 millones de euros en 2024\u2014 han sentado las bases para la siguiente fase: ReadIT 2027. Este nuevo marco integra tecnolog\u00edas emergentes como la inteligencia artificial y la computaci\u00f3n en la nube, manteniendo un fuerte enfoque en los datos, las plataformas digitales, los procesos y las personas, y garantiza nuestros pilares fundamentales: cumplimiento normativo, ciberseguridad, sostenibilidad, salud, seguridad&nbsp;y supervisi\u00f3n de la obsolescencia tecnol\u00f3gica.<\/p>\n\n\n\n<p>Este enfoque estructurado y con visi\u00f3n de futuro ha permitido a Ferrovial construir un ecosistema de innovaci\u00f3n maduro, capaz de responder a los desaf\u00edos del negocio mediante la colaboraci\u00f3n abierta y una cultura de mejora continua. Como resultado,<strong> la compa\u00f1\u00eda est\u00e1 bien posicionada para adoptar tecnolog\u00edas emergentes e identificar nuevas oportunidades<\/strong> de negocio digital alineadas con su visi\u00f3n estrat\u00e9gica.<\/p>\n\n\n\n<h2 class=\"wp-block-heading\">Nuestras \u00e1reas estrat\u00e9gicas<\/h2>\n\n\n\n<p>Adem\u00e1s, nuestra estrategia de innovaci\u00f3n se estructura a trav\u00e9s de nueve temas o \u00e1reas de acci\u00f3n que van desde la predicci\u00f3n de escenarios futuros hasta la sostenibilidad o la digitalizaci\u00f3n.<\/p>\n<\/div><\/m-wysiwig>\n\n\n    <m-multiple-distributor columns='3'>\n                        <p slot=\"title\">\n                    Nuestras \u00e1reas de acci\u00f3n                 <\/p>\n                                    <div class=\"card\">\n                                                <img decoding=\"async\" src=\"https:\/\/static.ferrovial.com\/wp-content\/uploads\/2019\/12\/13140543\/edificio-fachada-infraestructura-detalle-600x755.jpg\" alt=\"fachada de edificio detalle\" position=\"center center\" \/>\n                                                        <p class=\"name\">What if&#8230;?<\/p>\n                                                                    <p class=\"description\">Descripci\u00f3n por defecto<\/p>\n                                                                        <a title='M\u00e1s informaci\u00f3n ' aria-label='M\u00e1s informaci\u00f3n sobre What if...?'>M\u00e1s informaci\u00f3n <\/a>\n                                                            <\/div>\n                                        <div class=\"card\">\n                                                <img decoding=\"async\" src=\"https:\/\/static.ferrovial.com\/wp-content\/uploads\/2019\/12\/13141253\/wondo-app-movilidad-madrid-600x719.jpg\" alt=\"app mobilidad wondo en madrid\" position=\"center center\" \/>\n                                                        <p class=\"name\">Venture Lab<\/p>\n                                                                    <p class=\"description\">Descripci\u00f3n por defecto<\/p>\n                                                                        <a title='m\u00e1s informaci\u00f3n' aria-label='M\u00e1s informaci\u00f3n sobre Venture Lab'>m\u00e1s informaci\u00f3n<\/a>\n                                                            <\/div>\n                                        <div class=\"card\">\n                                                <img decoding=\"async\" src=\"https:\/\/static.ferrovial.com\/wp-content\/uploads\/2019\/12\/13140948\/wondo-app-movilidad-madrid-usuaria-movil-600x800.jpg\" alt=\"app mobilidad wondo en madrid usuaria con m\u00f3vil\" position=\"center center\" \/>\n                                                        <p class=\"name\">Movilidad<\/p>\n                                                                    <p class=\"description\">Descripci\u00f3n por defecto<\/p>\n                                                                        <a title='M\u00e1s informaci\u00f3n ' aria-label='M\u00e1s informaci\u00f3n sobre Movilidad'>M\u00e1s informaci\u00f3n <\/a>\n                                                            <\/div>\n                                        <div class=\"card\">\n                                                <img decoding=\"async\" src=\"https:\/\/static.ferrovial.com\/wp-content\/uploads\/2019\/12\/13141251\/semaforo-en-verde-peatones-trafico-ciudad-600x800.jpg\" alt=\"semaforo en verde regular el tr\u00e1fico en ciudad\" position=\"center center\" \/>\n                                                        <p class=\"name\">Gesti\u00f3n basada en datos <\/p>\n                                                                    <p class=\"description\">Descripci\u00f3n por defecto<\/p>\n                                                                        <a title='M\u00e1s informaci\u00f3n ' aria-label='M\u00e1s informaci\u00f3n sobre Gesti\u00f3n basada en datos '>M\u00e1s informaci\u00f3n <\/a>\n                                                            <\/div>\n                                        <div class=\"card\">\n                                                <img decoding=\"async\" src=\"https:\/\/static.ferrovial.com\/wp-content\/uploads\/2019\/12\/13141246\/reforma-casa-de-la-panaderia-madrid-spain-600x800.jpg\" alt=\"reforma casa de la panaderia sistemas de seguridad\" position=\"center center\" \/>\n                                                        <p class=\"name\">Seguridad<\/p>\n                                                                    <p class=\"description\">Descripci\u00f3n por defecto<\/p>\n                                                                        <a title='M\u00e1s informaci\u00f3n ' aria-label='M\u00e1s informaci\u00f3n sobre Seguridad'>M\u00e1s informaci\u00f3n <\/a>\n                                                            <\/div>\n                                        <div class=\"card\">\n                                                <img decoding=\"async\" src=\"https:\/\/static.ferrovial.com\/wp-content\/uploads\/2019\/11\/13133044\/euroscut_azores-ferrovial-600x800.jpg\" alt=\"Euroscut_Azores-Ferrovial\" position=\"center center\" \/>\n                                                        <p class=\"name\">Sostenibilidad<\/p>\n                                                                    <p class=\"description\">Descripci\u00f3n por defecto<\/p>\n                                                                        <a title='M\u00e1s informaci\u00f3n ' aria-label='M\u00e1s informaci\u00f3n sobre Sostenibilidad'>M\u00e1s informaci\u00f3n <\/a>\n                                                            <\/div>\n                                        <div class=\"card\">\n                                                <img decoding=\"async\" src=\"https:\/\/static.ferrovial.com\/wp-content\/uploads\/2019\/10\/13133803\/betijai_madrid-600x800.jpg\" alt=\"BetiJai_Madrid\" position=\"center center\" \/>\n                                                        <p class=\"name\">Digitalizaci\u00f3n <\/p>\n                                                                    <p class=\"description\">Descripci\u00f3n por defecto<\/p>\n                                                                        <a title='M\u00e1s informaci\u00f3n ' aria-label='M\u00e1s informaci\u00f3n sobre Digitalizaci\u00f3n '>M\u00e1s informaci\u00f3n <\/a>\n                                                            <\/div>\n                                        <div class=\"card\">\n                                                <img decoding=\"async\" src=\"https:\/\/static.ferrovial.com\/wp-content\/uploads\/2019\/12\/13140947\/3d-printing-and-education-px6lbd4-baja-600x800.jpg\" alt=\"impresi\u00f3n 3d automatizaci\u00f3n\" position=\"center center\" \/>\n                                                        <p class=\"name\">Automatizaci\u00f3n <\/p>\n                                                                    <p class=\"description\">Descripci\u00f3n por defecto<\/p>\n                                                                        <a title='M\u00e1s informaci\u00f3n ' aria-label='M\u00e1s informaci\u00f3n sobre Automatizaci\u00f3n '>M\u00e1s informaci\u00f3n <\/a>\n                                                            <\/div>\n                                        <div class=\"card\">\n                                                <img decoding=\"async\" src=\"https:\/\/static.ferrovial.com\/wp-content\/uploads\/2019\/12\/13141247\/autovia-de-la-plata-a66-asfalto-600x800.jpg\" alt=\"dos ingenieros en la autovia de la plata a66\" position=\"center center\" \/>\n                                                        <p class=\"name\">Ingenier\u00eda<\/p>\n                                                                    <p class=\"description\">Descripci\u00f3n por defecto<\/p>\n                                                                        <a title='M\u00e1s informaci\u00f3n ' aria-label='M\u00e1s informaci\u00f3n sobre Ingenier\u00eda'>M\u00e1s informaci\u00f3n <\/a>\n                                                            <\/div>\n                        <\/m-multiple-distributor>\n\n    \n\n\n    <m-distributor-basic bgimg='https:\/\/static.ferrovial.com\/wp-content\/uploads\/2019\/11\/13140541\/fotobucle-texturas-innovacion.png'>\n                        <h3 slot=\"title\">\n                    Nuestra cultura de innovaci\u00f3n                <\/h3>\n                                    <c-button slot='cta' type='primary' disabled='false' href='#'>\n                        <span>Ver m\u00e1s<\/span>\n                                        <\/c-button>\n                    \n        \n\n    <\/m-distributor-basic>\n    ","protected":false},"excerpt":{"rendered":"","protected":false},"featured_media":0,"parent":131391,"menu_order":0,"comment_status":"closed","ping_status":"closed","template":"","meta":{"_acf_changed":false,"footnotes":""},"class_list":["post-131419","page","type-page","status-publish","hentry"],"acf":[],"yoast_head":"<!-- This site is optimized with the Yoast SEO plugin v27.2 - https:\/\/yoast.com\/product\/yoast-seo-wordpress\/ -->\n<title>Estrategia de innovaci\u00f3n en la empresa - Ferrovial<\/title>\n<meta name=\"description\" content=\"La estrategia de innovaci\u00f3n de Ferrovial es uno de los pilares del negocio alcanzar la eficiencia, la sostenibilidad y la seguridad en sus proyectos. Gracias a ...\" \/>\n<meta name=\"robots\" content=\"index, follow, max-snippet:-1, max-image-preview:large, max-video-preview:-1\" \/>\n<link rel=\"canonical\" href=\"https:\/\/www.ferrovial.com\/es-la\/innovacion\/estrategia\/\" \/>\n<meta property=\"og:locale\" content=\"es_ES\" \/>\n<meta property=\"og:type\" content=\"article\" \/>\n<meta property=\"og:title\" content=\"Estrategia de innovaci\u00f3n en la empresa - Ferrovial\" \/>\n<meta property=\"og:description\" content=\"La estrategia de innovaci\u00f3n de Ferrovial es uno de los pilares del negocio alcanzar la eficiencia, la sostenibilidad y la seguridad en sus proyectos. Gracias a ...\" \/>\n<meta property=\"og:url\" content=\"https:\/\/www.ferrovial.com\/es-la\/innovacion\/estrategia\/\" \/>\n<meta property=\"og:site_name\" content=\"Ferrovial\" \/>\n<meta property=\"article:publisher\" content=\"https:\/\/www.facebook.com\/ferrovial\" \/>\n<meta property=\"article:modified_time\" content=\"2025-06-18T08:42:24+00:00\" \/>\n<meta name=\"twitter:card\" content=\"summary_large_image\" \/>\n<meta name=\"twitter:site\" content=\"@ferrovial\" \/>\n<meta name=\"twitter:label1\" content=\"Est. reading time\" \/>\n\t<meta name=\"twitter:data1\" content=\"2 minutes\" \/>\n<!-- \/ Yoast SEO plugin. -->","yoast_head_json":{"title":"Estrategia de innovaci\u00f3n en la empresa - Ferrovial","description":"La estrategia de innovaci\u00f3n de Ferrovial es uno de los pilares del negocio alcanzar la eficiencia, la sostenibilidad y la seguridad en sus proyectos. Gracias a ...","robots":{"index":"index","follow":"follow","max-snippet":"max-snippet:-1","max-image-preview":"max-image-preview:large","max-video-preview":"max-video-preview:-1"},"canonical":"https:\/\/www.ferrovial.com\/es-la\/innovacion\/estrategia\/","og_locale":"es_ES","og_type":"article","og_title":"Estrategia de innovaci\u00f3n en la empresa - Ferrovial","og_description":"La estrategia de innovaci\u00f3n de Ferrovial es uno de los pilares del negocio alcanzar la eficiencia, la sostenibilidad y la seguridad en sus proyectos. Gracias a ...","og_url":"https:\/\/www.ferrovial.com\/es-la\/innovacion\/estrategia\/","og_site_name":"Ferrovial","article_publisher":"https:\/\/www.facebook.com\/ferrovial","article_modified_time":"2025-06-18T08:42:24+00:00","twitter_card":"summary_large_image","twitter_site":"@ferrovial","twitter_misc":{"Est. reading time":"2 minutes"},"schema":{"@context":"https:\/\/schema.org","@graph":[{"@type":"WebPage","@id":"https:\/\/www.ferrovial.com\/es-la\/innovacion\/estrategia\/","url":"https:\/\/www.ferrovial.com\/es-la\/innovacion\/estrategia\/","name":"Estrategia de innovaci\u00f3n en la empresa - Ferrovial","isPartOf":{"@id":"https:\/\/www.ferrovial.com\/es-la\/#website"},"datePublished":"2019-09-05T12:50:19+00:00","dateModified":"2025-06-18T08:42:24+00:00","description":"La estrategia de innovaci\u00f3n de Ferrovial es uno de los pilares del negocio alcanzar la eficiencia, la sostenibilidad y la seguridad en sus proyectos. Gracias a ...","breadcrumb":{"@id":"https:\/\/www.ferrovial.com\/es-la\/innovacion\/estrategia\/#breadcrumb"},"inLanguage":"es-419","potentialAction":[{"@type":"ReadAction","target":["https:\/\/www.ferrovial.com\/es-la\/innovacion\/estrategia\/"]}]},{"@type":"BreadcrumbList","@id":"https:\/\/www.ferrovial.com\/es-la\/innovacion\/estrategia\/#breadcrumb","itemListElement":[{"@type":"ListItem","position":1,"name":"Portada","item":"https:\/\/www.ferrovial.com\/es-la\/"},{"@type":"ListItem","position":2,"name":"Innovaci\u00f3n","item":"https:\/\/www.ferrovial.com\/es-la\/innovacion\/"},{"@type":"ListItem","position":3,"name":"Nuestra estrategia de innovaci\u00f3n"}]},{"@type":"WebSite","@id":"https:\/\/www.ferrovial.com\/es-la\/#website","url":"https:\/\/www.ferrovial.com\/es-la\/","name":"Ferrovial","description":"Welcome to the Ferrovial&#039;s website, global operator of sustainable infrastructure. Here you can find all the information about the company and subsidiaries.","publisher":{"@id":"https:\/\/www.ferrovial.com\/es-la\/#organization"},"potentialAction":[{"@type":"SearchAction","target":{"@type":"EntryPoint","urlTemplate":"https:\/\/www.ferrovial.com\/es-la\/?s={search_term_string}"},"query-input":{"@type":"PropertyValueSpecification","valueRequired":true,"valueName":"search_term_string"}}],"inLanguage":"es-419"},{"@type":"Organization","@id":"https:\/\/www.ferrovial.com\/es-la\/#organization","name":"Ferrovial S.A.","url":"https:\/\/www.ferrovial.com\/es-la\/","logo":{"@type":"ImageObject","inLanguage":"es-419","@id":"https:\/\/www.ferrovial.com\/es-la\/#\/schema\/logo\/image\/","url":"https:\/\/static.ferrovial.com\/wp-content\/uploads\/2020\/01\/13124948\/logo-ferrovial-cf7.png","contentUrl":"https:\/\/static.ferrovial.com\/wp-content\/uploads\/2020\/01\/13124948\/logo-ferrovial-cf7.png","width":144,"height":32,"caption":"Ferrovial S.A."},"image":{"@id":"https:\/\/www.ferrovial.com\/es-la\/#\/schema\/logo\/image\/"},"sameAs":["https:\/\/www.facebook.com\/ferrovial","https:\/\/x.com\/ferrovial","https:\/\/www.instagram.com\/ferrovial\/","https:\/\/www.linkedin.com\/company\/ferrovial","https:\/\/www.pinterest.es\/ferrovial\/","https:\/\/www.youtube.com\/ferrovial","https:\/\/en.wikipedia.org\/wiki\/Ferrovial"]}]}},"_links":{"self":[{"href":"https:\/\/www.ferrovial.com\/es-la\/wp-json\/wp\/v2\/pages\/131419","targetHints":{"allow":["GET"]}}],"collection":[{"href":"https:\/\/www.ferrovial.com\/es-la\/wp-json\/wp\/v2\/pages"}],"about":[{"href":"https:\/\/www.ferrovial.com\/es-la\/wp-json\/wp\/v2\/types\/page"}],"replies":[{"embeddable":true,"href":"https:\/\/www.ferrovial.com\/es-la\/wp-json\/wp\/v2\/comments?post=131419"}],"version-history":[{"count":3,"href":"https:\/\/www.ferrovial.com\/es-la\/wp-json\/wp\/v2\/pages\/131419\/revisions"}],"predecessor-version":[{"id":307614,"href":"https:\/\/www.ferrovial.com\/es-la\/wp-json\/wp\/v2\/pages\/131419\/revisions\/307614"}],"up":[{"embeddable":true,"href":"https:\/\/www.ferrovial.com\/es-la\/wp-json\/wp\/v2\/pages\/131391"}],"wp:attachment":[{"href":"https:\/\/www.ferrovial.com\/es-la\/wp-json\/wp\/v2\/media?parent=131419"}],"curies":[{"name":"wp","href":"https:\/\/api.w.org\/{rel}","templated":true}]}}