{"id":131421,"date":"2019-09-05T15:18:07","date_gmt":"2019-09-05T13:18:07","guid":{"rendered":"https:\/\/www.ferrovial.com\/abierta\/"},"modified":"2021-08-11T09:36:00","modified_gmt":"2021-08-11T07:36:00","slug":"abierta","status":"publish","type":"page","link":"https:\/\/www.ferrovial.com\/es-la\/innovacion\/como-innovamos\/abierta\/","title":{"rendered":"Innovaci\u00f3n abierta"},"content":{"rendered":"    <m-final-content-header bgimage='https:\/\/static.ferrovial.com\/wp-content\/uploads\/2019\/12\/13140609\/personas-trabajando-juntas-1280x720.jpg'>\n            <c-breadcrumb label-text=\"Breadcrumb\" slot=\"breadcrumbs\" type='2' align='left' wrap='wrapped wrapped' aria-label='Vienes de C\u00f3mo innovamos'>\n                        <ol>\n\n                                                            <li><a href=\"https:\/\/www.ferrovial.com\/es-la\/\" title=\"Ferrovial\">Ferrovial<\/a><\/li>\n                                                                        <li><a href=\"https:\/\/www.ferrovial.com\/es\/innovacion\/\" title=\"Innovaci\u00f3n\">Innovaci\u00f3n<\/a><\/li>\n                                                                        <li><a href=\"https:\/\/www.ferrovial.com\/es\/innovacion\/como-innovamos\/\" title=\"C\u00f3mo innovamos\">C\u00f3mo innovamos<\/a><\/li>\n                                    \n                <\/ol>\n\n                <\/c-breadcrumb>\n    \n        <div slot=\"header\">\n            <h1>\n                Innovaci\u00f3n abierta            <\/h1>\n                    <\/div>\n    <\/m-final-content-header>\n\n    \n\n\n<m-wysiwig class=\"wp-block-components-wysiwyg\"><div slot=\"maincontent\">    <p class=\"intro\">La innovaci\u00f3n abierta permite superar retos gracias a la colaboraci\u00f3n con otras entidades y a la suma de capacidades conjuntas.<\/p>\n    \n\n\n<h2 class=\"wp-block-heading\">\u00bfQu\u00e9 es?<\/h2>\n\n\n\n<p>La<strong> Innovaci\u00f3n Abierta<\/strong> es una estrategia de innovaci\u00f3n mediante la cual, seg\u00fan <a title=\"Open innovation : the new imperative for creating and profiting from technology (Libro, 2003) [WorldCat.org]\" rel=\"nofollow noopener noreferrer\" aria-label=\" (opens in a new tab)\" href=\"https:\/\/www.worldcat.org\/title\/open-innovation-the-new-imperative-for-creating-and-profiting-from-technology\/oclc\/50721042\" target=\"_blank\">Henry Chesbrough<\/a> quien acu\u00f1ara el t\u00e9rmino en 2003, \u201clas empresas van m\u00e1s all\u00e1 de sus l\u00edmites y desarrollan la cooperaci\u00f3n con organizaciones o con profesionales externos\u201d. Hace a\u00f1os que usamos esta estrategia con el objetivo de acelerar las capacidades de nuestra empresa.<\/p>\n\n\n\n<h2 class=\"wp-block-heading\">Nuestro ecosistema de innovaci\u00f3n abierta <\/h2>\n\n\n\n<p>Nuestro ecosistema de innovaci\u00f3n abierta&nbsp;est\u00e1 formado por&nbsp;<em>startups<\/em>, y los dem\u00e1s actores que conforman la comunidad de <em>startups<\/em> como <em>Venture Capitals, aceleradoras y otras entidades<\/em>; tambi\u00e9n grandes corporaciones, organismos p\u00fablicos y universidades, y centros de investigaci\u00f3n.  <\/p>\n\n\n\n<p>Trabaja constantemente para mejorar, aumentar y fortalecer este ecosistema, gracias al cual aceleramos nuestro proceso de innovaci\u00f3n. <\/p>\n<\/div><\/m-wysiwig>\n\n\n    <m-multiple-distributor columns='4'>\n                        <p slot=\"title\">\n                    Colaboradores                <\/p>\n                                    <div class=\"card\">\n                                                <img decoding=\"async\" src=\"https:\/\/static.ferrovial.com\/wp-content\/uploads\/2019\/11\/13133056\/ferrovial-build-up-800x600.jpg\" alt=\"ferrovial-build-up\" position=\"center center\" \/>\n                                                        <p class=\"name\">Startups<\/p>\n                                                                    <p class=\"description\">Descripci\u00f3n por defecto<\/p>\n                                                                        <a title='Ver m\u00e1s' aria-label='M\u00e1s informaci\u00f3n sobre Startups'>Ver m\u00e1s<\/a>\n                                                            <\/div>\n                                        <div class=\"card\">\n                                                <img decoding=\"async\" src=\"https:\/\/static.ferrovial.com\/wp-content\/uploads\/2019\/11\/13135539\/cpd-telefonica-800x600.jpg\" alt=\"CPD telef\u00f3nica\" position=\"center center\" \/>\n                                                        <p class=\"name\">Corporaciones<\/p>\n                                                                    <p class=\"description\">Descripci\u00f3n por defecto<\/p>\n                                                                        <a title='Ver m\u00e1s' aria-label='M\u00e1s informaci\u00f3n sobre Corporaciones'>Ver m\u00e1s<\/a>\n                                                            <\/div>\n                                        <div class=\"card\">\n                                                <img decoding=\"async\" src=\"https:\/\/static.ferrovial.com\/wp-content\/uploads\/2019\/10\/13133608\/ganadora-soluciones-urbanas-icex-ferrovial-800x600.jpg\" alt=\"ganadora-soluciones-urbanas-icex-ferrovial\" position=\"center center\" \/>\n                                                        <p class=\"name\">Agencias p\u00fablicas<\/p>\n                                                                    <p class=\"description\">Descripci\u00f3n por defecto<\/p>\n                                                                        <a title='Ver m\u00e1s' aria-label='M\u00e1s informaci\u00f3n sobre Agencias p\u00fablicas'>Ver m\u00e1s<\/a>\n                                                            <\/div>\n                        <\/m-multiple-distributor>\n\n    \n\n    <m-video >\n                        <p slot=\"type\">\n                    3a edici\u00f3n del programa de innovaci\u00f3n Build Up!                 <\/p>\n                        <a class='m-video__modal' slot='modal' href='https:\/\/www.youtube-nocookie.com\/embed\/LsLjDur10VI'>\n            <img slot=\"poster\" v-lazy=\"'https:\/\/static.ferrovial.com\/wp-content\/uploads\/2019\/10\/13140611\/buildup_ferrovial-1280x720.jpg'\" title=\"3a edici\u00f3n del programa de innovaci\u00f3n Build Up! \" width=\"1280\" height=\"100%\" >\n        <\/a>\n                        <h3 slot=\"title\">\n                    Innovaci\u00f3n abierta con startups                 <\/h3>\n                    <\/m-video>\n    ","protected":false},"excerpt":{"rendered":"","protected":false},"featured_media":0,"parent":131428,"menu_order":0,"comment_status":"closed","ping_status":"closed","template":"","meta":{"_acf_changed":false,"footnotes":""},"class_list":["post-131421","page","type-page","status-publish","hentry"],"acf":[],"yoast_head":"<!-- This site is optimized with the Yoast SEO plugin v27.2 - https:\/\/yoast.com\/product\/yoast-seo-wordpress\/ -->\n<title>Innovaci\u00f3n Abierta, \u00bfqu\u00e9 es y qu\u00e9 ventajas tiene? - Ferrovial<\/title>\n<meta name=\"description\" content=\"La innovaci\u00f3n abierta permite superar retos mediante la colaboraci\u00f3n con otras entidades para sumar las capacidades conjuntas. Gracias a nuestro modelo hemos ...\" \/>\n<meta name=\"robots\" content=\"index, follow, max-snippet:-1, max-image-preview:large, max-video-preview:-1\" \/>\n<link rel=\"canonical\" href=\"https:\/\/www.ferrovial.com\/es-la\/innovacion\/como-innovamos\/abierta\/\" \/>\n<meta property=\"og:locale\" content=\"es_ES\" \/>\n<meta property=\"og:type\" content=\"article\" \/>\n<meta property=\"og:title\" content=\"Innovaci\u00f3n Abierta, \u00bfqu\u00e9 es y qu\u00e9 ventajas tiene? - Ferrovial\" \/>\n<meta property=\"og:description\" content=\"La innovaci\u00f3n abierta permite superar retos mediante la colaboraci\u00f3n con otras entidades para sumar las capacidades conjuntas. Gracias a nuestro modelo hemos ...\" \/>\n<meta property=\"og:url\" content=\"https:\/\/www.ferrovial.com\/es-la\/innovacion\/como-innovamos\/abierta\/\" \/>\n<meta property=\"og:site_name\" content=\"Ferrovial\" \/>\n<meta property=\"article:publisher\" content=\"https:\/\/www.facebook.com\/ferrovial\" \/>\n<meta property=\"article:modified_time\" content=\"2021-08-11T07:36:00+00:00\" \/>\n<meta name=\"twitter:card\" content=\"summary_large_image\" \/>\n<meta name=\"twitter:site\" content=\"@ferrovial\" \/>\n<meta name=\"twitter:label1\" content=\"Est. reading time\" \/>\n\t<meta name=\"twitter:data1\" content=\"1 minute\" \/>\n<!-- \/ Yoast SEO plugin. -->","yoast_head_json":{"title":"Innovaci\u00f3n Abierta, \u00bfqu\u00e9 es y qu\u00e9 ventajas tiene? - Ferrovial","description":"La innovaci\u00f3n abierta permite superar retos mediante la colaboraci\u00f3n con otras entidades para sumar las capacidades conjuntas. Gracias a nuestro modelo hemos ...","robots":{"index":"index","follow":"follow","max-snippet":"max-snippet:-1","max-image-preview":"max-image-preview:large","max-video-preview":"max-video-preview:-1"},"canonical":"https:\/\/www.ferrovial.com\/es-la\/innovacion\/como-innovamos\/abierta\/","og_locale":"es_ES","og_type":"article","og_title":"Innovaci\u00f3n Abierta, \u00bfqu\u00e9 es y qu\u00e9 ventajas tiene? - Ferrovial","og_description":"La innovaci\u00f3n abierta permite superar retos mediante la colaboraci\u00f3n con otras entidades para sumar las capacidades conjuntas. Gracias a nuestro modelo hemos ...","og_url":"https:\/\/www.ferrovial.com\/es-la\/innovacion\/como-innovamos\/abierta\/","og_site_name":"Ferrovial","article_publisher":"https:\/\/www.facebook.com\/ferrovial","article_modified_time":"2021-08-11T07:36:00+00:00","twitter_card":"summary_large_image","twitter_site":"@ferrovial","twitter_misc":{"Est. reading time":"1 minute"},"schema":{"@context":"https:\/\/schema.org","@graph":[{"@type":"WebPage","@id":"https:\/\/www.ferrovial.com\/es-la\/innovacion\/como-innovamos\/abierta\/","url":"https:\/\/www.ferrovial.com\/es-la\/innovacion\/como-innovamos\/abierta\/","name":"Innovaci\u00f3n Abierta, \u00bfqu\u00e9 es y qu\u00e9 ventajas tiene? - Ferrovial","isPartOf":{"@id":"https:\/\/www.ferrovial.com\/es-la\/#website"},"datePublished":"2019-09-05T13:18:07+00:00","dateModified":"2021-08-11T07:36:00+00:00","description":"La innovaci\u00f3n abierta permite superar retos mediante la colaboraci\u00f3n con otras entidades para sumar las capacidades conjuntas. Gracias a nuestro modelo hemos ...","breadcrumb":{"@id":"https:\/\/www.ferrovial.com\/es-la\/innovacion\/como-innovamos\/abierta\/#breadcrumb"},"inLanguage":"es-419","potentialAction":[{"@type":"ReadAction","target":["https:\/\/www.ferrovial.com\/es-la\/innovacion\/como-innovamos\/abierta\/"]}]},{"@type":"BreadcrumbList","@id":"https:\/\/www.ferrovial.com\/es-la\/innovacion\/como-innovamos\/abierta\/#breadcrumb","itemListElement":[{"@type":"ListItem","position":1,"name":"Portada","item":"https:\/\/www.ferrovial.com\/es-la\/"},{"@type":"ListItem","position":2,"name":"Innovaci\u00f3n","item":"https:\/\/www.ferrovial.com\/es-la\/innovacion\/"},{"@type":"ListItem","position":3,"name":"C\u00f3mo innovamos","item":"https:\/\/www.ferrovial.com\/es-la\/innovacion\/como-innovamos\/"},{"@type":"ListItem","position":4,"name":"Innovaci\u00f3n abierta"}]},{"@type":"WebSite","@id":"https:\/\/www.ferrovial.com\/es-la\/#website","url":"https:\/\/www.ferrovial.com\/es-la\/","name":"Ferrovial","description":"Welcome to the Ferrovial&#039;s website, global operator of sustainable infrastructure. Here you can find all the information about the company and subsidiaries.","publisher":{"@id":"https:\/\/www.ferrovial.com\/es-la\/#organization"},"potentialAction":[{"@type":"SearchAction","target":{"@type":"EntryPoint","urlTemplate":"https:\/\/www.ferrovial.com\/es-la\/?s={search_term_string}"},"query-input":{"@type":"PropertyValueSpecification","valueRequired":true,"valueName":"search_term_string"}}],"inLanguage":"es-419"},{"@type":"Organization","@id":"https:\/\/www.ferrovial.com\/es-la\/#organization","name":"Ferrovial S.A.","url":"https:\/\/www.ferrovial.com\/es-la\/","logo":{"@type":"ImageObject","inLanguage":"es-419","@id":"https:\/\/www.ferrovial.com\/es-la\/#\/schema\/logo\/image\/","url":"https:\/\/static.ferrovial.com\/wp-content\/uploads\/2020\/01\/13124948\/logo-ferrovial-cf7.png","contentUrl":"https:\/\/static.ferrovial.com\/wp-content\/uploads\/2020\/01\/13124948\/logo-ferrovial-cf7.png","width":144,"height":32,"caption":"Ferrovial S.A."},"image":{"@id":"https:\/\/www.ferrovial.com\/es-la\/#\/schema\/logo\/image\/"},"sameAs":["https:\/\/www.facebook.com\/ferrovial","https:\/\/x.com\/ferrovial","https:\/\/www.instagram.com\/ferrovial\/","https:\/\/www.linkedin.com\/company\/ferrovial","https:\/\/www.pinterest.es\/ferrovial\/","https:\/\/www.youtube.com\/ferrovial","https:\/\/en.wikipedia.org\/wiki\/Ferrovial"]}]}},"_links":{"self":[{"href":"https:\/\/www.ferrovial.com\/es-la\/wp-json\/wp\/v2\/pages\/131421","targetHints":{"allow":["GET"]}}],"collection":[{"href":"https:\/\/www.ferrovial.com\/es-la\/wp-json\/wp\/v2\/pages"}],"about":[{"href":"https:\/\/www.ferrovial.com\/es-la\/wp-json\/wp\/v2\/types\/page"}],"replies":[{"embeddable":true,"href":"https:\/\/www.ferrovial.com\/es-la\/wp-json\/wp\/v2\/comments?post=131421"}],"version-history":[{"count":3,"href":"https:\/\/www.ferrovial.com\/es-la\/wp-json\/wp\/v2\/pages\/131421\/revisions"}],"predecessor-version":[{"id":200038,"href":"https:\/\/www.ferrovial.com\/es-la\/wp-json\/wp\/v2\/pages\/131421\/revisions\/200038"}],"up":[{"embeddable":true,"href":"https:\/\/www.ferrovial.com\/es-la\/wp-json\/wp\/v2\/pages\/131428"}],"wp:attachment":[{"href":"https:\/\/www.ferrovial.com\/es-la\/wp-json\/wp\/v2\/media?parent=131421"}],"curies":[{"name":"wp","href":"https:\/\/api.w.org\/{rel}","templated":true}]}}