{"id":131423,"date":"2019-09-05T14:51:06","date_gmt":"2019-09-05T12:51:06","guid":{"rendered":"https:\/\/www.ferrovial.com\/cultura\/"},"modified":"2020-04-21T22:27:49","modified_gmt":"2020-04-21T20:27:49","slug":"cultura","status":"publish","type":"page","link":"https:\/\/www.ferrovial.com\/es-la\/innovacion\/como-innovamos\/cultura\/","title":{"rendered":"Cultura de innovaci\u00f3n"},"content":{"rendered":"    <m-final-content-header bgimage='https:\/\/static.ferrovial.com\/wp-content\/uploads\/2019\/10\/13141240\/innovation.gif'>\n            <c-breadcrumb label-text=\"Breadcrumb\" slot=\"breadcrumbs\" type='2' align='left' wrap='wrapped wrapped' aria-label='Vienes de C\u00f3mo innovamos'>\n                        <ol>\n\n                                                            <li><a href=\"https:\/\/www.ferrovial.com\/es-la\/\" title=\"Ferrovial\">Ferrovial<\/a><\/li>\n                                                                        <li><a href=\"https:\/\/www.ferrovial.com\/es\/innovacion\/\" title=\"Innovaci\u00f3n\">Innovaci\u00f3n<\/a><\/li>\n                                                                        <li><a href=\"https:\/\/www.ferrovial.com\/es\/innovacion\/como-innovamos\/\" title=\"C\u00f3mo innovamos\">C\u00f3mo innovamos<\/a><\/li>\n                                    \n                <\/ol>\n\n                <\/c-breadcrumb>\n    \n        <div slot=\"header\">\n            <h1>\n                Nuestra cultura de innovaci\u00f3n             <\/h1>\n                    <\/div>\n    <\/m-final-content-header>\n\n    \n\n\n<m-wysiwig class=\"wp-block-components-wysiwyg\"><div slot=\"maincontent\">    <p class=\"intro\">Aportamos por desarrollar las habilidades que conduzcan a una cultura corporativa de agilidad y colaboraci\u00f3n, intercambio de conocimientos, anticipaci\u00f3n, experimentaci\u00f3n y evoluci\u00f3n digital. <\/p>\n    \n\n\n<p>Basamos nuestra cultura de innovaci\u00f3n en una idea fundamental: la innovaci\u00f3n surge de ideas desarrolladas por personas y, por lo tanto, todos los <strong>empleados tienen el potencial de ser innovadores<\/strong>. Estas ideas se transforman en proyectos que aportan valor, ayudando a mejorar la competitividad y generar nuevas oportunidades de negocio.<\/p>\n\n\n\n<h2 class=\"wp-block-heading\">\u00bfC\u00f3mo fomentamos esta cultura de innovaci\u00f3n entre nuestros empleados?<\/h2>\n\n\n\n<figure class=\"wp-block-image\"><img v-lazy=\"'https:\/\/static.ferrovial.com\/wp-content\/uploads\/2019\/11\/13140554\/kse8552-e1526025894621-1024x348.jpg'\" alt=\"\" class=\"wp-image-49005\"\/><\/figure>\n\n\n\n<h3 class=\"wp-block-heading\">Zuritanken, el valor de las ideas de los empleados<\/h3>\n\n\n\n<p>Nuestro programa de <strong>innovaci\u00f3n interna<\/strong>,  <a href=\"https:\/\/www.ferrovial.com\/es-la\/innovacion\/como-innovamos\/cultura\/zuritanken\/\">Zuritanken<\/a>, busca generar ideas y soluciones para aplicar en nuestras \u00e1reas de operaci\u00f3n. La primera edici\u00f3n tuvo lugar en 2012 y, desde entonces, se ha celebrado cada dos a\u00f1os. Con Zuritanken, buscamos reconocer el talento innovador y premiar las ideas con mayor potencial. Seg\u00fan las respuestas de nuestros propios empleados, este programa ha generado un incremento positivo de nuestra cultura de innovaci\u00f3n. <\/p>\n\n\n\n<h3 class=\"wp-block-heading\">ShuttleX, el programa de intraemprendimiento<\/h3>\n\n\n\n<p>El programa <a href=\"https:\/\/www.ferrovial.com\/es-la\/innovacion\/como-innovamos\/cultura\/shuttle-x\/\">ShuttleX<\/a> busca <strong>reforzar el intraemprendimiento corporativo<\/strong> para generar soluciones a desaf\u00edos internos. Sus objetivos principales son identificar y dise\u00f1ar nuevos negocios y promover el desarrollo de la cultura de innovaci\u00f3n en toda la organizaci\u00f3n. De las dos ediciones de ShuttleX hemos conseguido ocho propuestas de valor. Una de las cuales se ha transformado en una&nbsp;<em>startup<\/em>&nbsp;con vida propia,&nbsp;<a rel=\"noreferrer noopener\" href=\"https:\/\/www.kuiko.es\/\" target=\"_blank\">Kuiko<\/a>.<\/p>\n\n\n\n<h3 class=\"wp-block-heading\">El Innovation Community Summit<\/h3>\n\n\n\n<p>Nuestra comunidad innovadora est\u00e1 formada por un centenar de empleados de todas nuestras unidades de negocio que han sido identificados como <strong>l\u00edderes en innovaci\u00f3n<\/strong>. Cada dos a\u00f1os, el Innovation Community Summit re\u00fane a un <strong>equipo multidisciplinar <\/strong>con profesionales de diferentes partes del mundo que tiene la capacidad de imaginar un futuro m\u00e1s eficiente e innovador. En el transcurso de este evento bianual, se empodera y motiva a la comunidad innovadora, se desarrolla un ambiente de trabajo y colaboraci\u00f3n transversal para obtener resultados innovadores, generar debate alrededor de ciertos desaf\u00edos y compartir casos de \u00e9xito.<\/p>\n\n\n\n<h3 class=\"wp-block-heading\">Universidad Corporativa Summa<\/h3>\n\n\n\n<p>Nuestra estrategia de formaci\u00f3n para nuestros empleados incluye multitud de cursos y programas sobre innovaci\u00f3n y creatividad, desarrollados a trav\u00e9s de la <strong>Universidad Corporativa Summa<\/strong>. Desde que lanzamos la iniciativa hace una d\u00e9cada, m\u00e1s de 1.400 empleados han participado en alguno de estos cursos.<\/p>\n\n\n\n<ul class=\"wp-block-list\"><li><strong>Play the Future y las competencias digitales: <\/strong>El objetivo de este programa es dar visibilidad a las nuevas tecnolog\u00edas y estudiar c\u00f3mo estas pueden impactar en nuestra vida laboral. El mundo en el que actualmente vivimos exige el aprendizaje y la actualizaci\u00f3n continuos, por ello, Play the Future ofrece diferentes v\u00edas para que nuestros trabajadores exploren las posibilidades de la <strong>transformaci\u00f3n digital<\/strong>.<\/li><li><strong>Executive f\u00f3rum:<\/strong> Destinado al top 150 de directivos, este foro fomenta el an\u00e1lisis y la reflexi\u00f3n sobre las tendencias globales emergentes y su impacto. Pretende desarrollar el pensamiento innovador y la colaboraci\u00f3n entre los participantes, as\u00ed como alinear los contenidos con la estrategia digital y de innovaci\u00f3n de la compa\u00f1\u00eda.<\/li><\/ul>\n<\/div><\/m-wysiwig>\n\n\n    <m-multiple-distributor columns='3'>\n                        <p slot=\"title\">\n                    Conoce m\u00e1s sobre los programas de innovaci\u00f3n                <\/p>\n                                    <div class=\"card\">\n                                                <img decoding=\"async\" src=\"https:\/\/static.ferrovial.com\/wp-content\/uploads\/2019\/11\/13133114\/zuritanken-innovation-programme-copia-e1525965045860-800x600.jpg\" alt=\"Zuritanken Innovaci\u00f3n\" position=\"center center\" \/>\n                                                        <p class=\"name\">Zuritanken<\/p>\n                                                                    <p class=\"description\">Descripci\u00f3n por defecto<\/p>\n                                                                        <a title='M\u00e1s informaci\u00f3n' aria-label='M\u00e1s informaci\u00f3n sobre Zuritanken'>M\u00e1s informaci\u00f3n<\/a>\n                                                            <\/div>\n                                        <div class=\"card\">\n                                                <img decoding=\"async\" src=\"https:\/\/static.ferrovial.com\/wp-content\/uploads\/2019\/11\/13140552\/shuttlex-1-e1526547969988-800x307.jpg\" alt=\"shuttle x programa de ideaci\u00f3n de intraemprendimiento\" position=\"center center\" \/>\n                                                        <p class=\"name\">Shuttle X<\/p>\n                                                                    <p class=\"description\">Descripci\u00f3n por defecto<\/p>\n                                                                        <a title='M\u00e1s informaci\u00f3n' aria-label='M\u00e1s informaci\u00f3n sobre Shuttle X'>M\u00e1s informaci\u00f3n<\/a>\n                                                            <\/div>\n                        <\/m-multiple-distributor>\n\n    ","protected":false},"excerpt":{"rendered":"","protected":false},"featured_media":0,"parent":131428,"menu_order":0,"comment_status":"closed","ping_status":"closed","template":"","meta":{"_acf_changed":false,"footnotes":""},"class_list":["post-131423","page","type-page","status-publish","hentry"],"acf":[],"yoast_head":"<!-- This site is optimized with the Yoast SEO plugin v27.2 - https:\/\/yoast.com\/product\/yoast-seo-wordpress\/ -->\n<title>Cultura de innovaci\u00f3n, \u00bfc\u00f3mo fomentarla? - Ferrovial<\/title>\n<meta name=\"description\" content=\"La cultura de innovaci\u00f3n se materializa a trav\u00e9s de la formaci\u00f3n en t\u00e9cnicas y procesos de innovaci\u00f3n mediante diferentes programas organizados en colaboraci\u00f3n con ...\" \/>\n<meta name=\"robots\" content=\"index, follow, max-snippet:-1, max-image-preview:large, max-video-preview:-1\" \/>\n<link rel=\"canonical\" href=\"https:\/\/www.ferrovial.com\/es-la\/innovacion\/como-innovamos\/cultura\/\" \/>\n<meta property=\"og:locale\" content=\"es_ES\" \/>\n<meta property=\"og:type\" content=\"article\" \/>\n<meta property=\"og:title\" content=\"Cultura de innovaci\u00f3n, \u00bfc\u00f3mo fomentarla? - Ferrovial\" \/>\n<meta property=\"og:description\" content=\"La cultura de innovaci\u00f3n se materializa a trav\u00e9s de la formaci\u00f3n en t\u00e9cnicas y procesos de innovaci\u00f3n mediante diferentes programas organizados en colaboraci\u00f3n con ...\" \/>\n<meta property=\"og:url\" content=\"https:\/\/www.ferrovial.com\/es-la\/innovacion\/como-innovamos\/cultura\/\" \/>\n<meta property=\"og:site_name\" content=\"Ferrovial\" \/>\n<meta property=\"article:publisher\" content=\"https:\/\/www.facebook.com\/ferrovial\" \/>\n<meta property=\"article:modified_time\" content=\"2020-04-21T20:27:49+00:00\" \/>\n<meta property=\"og:image\" content=\"https:\/\/www.ferrovial.com\/wp-content\/uploads\/2019\/11\/kse8552-e1526025894621-1024x348.jpg\" \/>\n<meta name=\"twitter:card\" content=\"summary_large_image\" \/>\n<meta name=\"twitter:site\" content=\"@ferrovial\" \/>\n<meta name=\"twitter:label1\" content=\"Est. reading time\" \/>\n\t<meta name=\"twitter:data1\" content=\"2 minutes\" \/>\n<!-- \/ Yoast SEO plugin. -->","yoast_head_json":{"title":"Cultura de innovaci\u00f3n, \u00bfc\u00f3mo fomentarla? - Ferrovial","description":"La cultura de innovaci\u00f3n se materializa a trav\u00e9s de la formaci\u00f3n en t\u00e9cnicas y procesos de innovaci\u00f3n mediante diferentes programas organizados en colaboraci\u00f3n con ...","robots":{"index":"index","follow":"follow","max-snippet":"max-snippet:-1","max-image-preview":"max-image-preview:large","max-video-preview":"max-video-preview:-1"},"canonical":"https:\/\/www.ferrovial.com\/es-la\/innovacion\/como-innovamos\/cultura\/","og_locale":"es_ES","og_type":"article","og_title":"Cultura de innovaci\u00f3n, \u00bfc\u00f3mo fomentarla? - Ferrovial","og_description":"La cultura de innovaci\u00f3n se materializa a trav\u00e9s de la formaci\u00f3n en t\u00e9cnicas y procesos de innovaci\u00f3n mediante diferentes programas organizados en colaboraci\u00f3n con ...","og_url":"https:\/\/www.ferrovial.com\/es-la\/innovacion\/como-innovamos\/cultura\/","og_site_name":"Ferrovial","article_publisher":"https:\/\/www.facebook.com\/ferrovial","article_modified_time":"2020-04-21T20:27:49+00:00","og_image":[{"url":"https:\/\/www.ferrovial.com\/wp-content\/uploads\/2019\/11\/kse8552-e1526025894621-1024x348.jpg","type":"","width":"","height":""}],"twitter_card":"summary_large_image","twitter_site":"@ferrovial","twitter_misc":{"Est. reading time":"2 minutes"},"schema":{"@context":"https:\/\/schema.org","@graph":[{"@type":"WebPage","@id":"https:\/\/www.ferrovial.com\/es-la\/innovacion\/como-innovamos\/cultura\/","url":"https:\/\/www.ferrovial.com\/es-la\/innovacion\/como-innovamos\/cultura\/","name":"Cultura de innovaci\u00f3n, \u00bfc\u00f3mo fomentarla? - Ferrovial","isPartOf":{"@id":"https:\/\/www.ferrovial.com\/es-la\/#website"},"primaryImageOfPage":{"@id":"https:\/\/www.ferrovial.com\/es-la\/innovacion\/como-innovamos\/cultura\/#primaryimage"},"image":{"@id":"https:\/\/www.ferrovial.com\/es-la\/innovacion\/como-innovamos\/cultura\/#primaryimage"},"thumbnailUrl":"https:\/\/www.ferrovial.com\/wp-content\/uploads\/2019\/11\/kse8552-e1526025894621-1024x348.jpg","datePublished":"2019-09-05T12:51:06+00:00","dateModified":"2020-04-21T20:27:49+00:00","description":"La cultura de innovaci\u00f3n se materializa a trav\u00e9s de la formaci\u00f3n en t\u00e9cnicas y procesos de innovaci\u00f3n mediante diferentes programas organizados en colaboraci\u00f3n con ...","breadcrumb":{"@id":"https:\/\/www.ferrovial.com\/es-la\/innovacion\/como-innovamos\/cultura\/#breadcrumb"},"inLanguage":"es-419","potentialAction":[{"@type":"ReadAction","target":["https:\/\/www.ferrovial.com\/es-la\/innovacion\/como-innovamos\/cultura\/"]}]},{"@type":"ImageObject","inLanguage":"es-419","@id":"https:\/\/www.ferrovial.com\/es-la\/innovacion\/como-innovamos\/cultura\/#primaryimage","url":"https:\/\/www.ferrovial.com\/wp-content\/uploads\/2019\/11\/kse8552-e1526025894621-1024x348.jpg","contentUrl":"https:\/\/www.ferrovial.com\/wp-content\/uploads\/2019\/11\/kse8552-e1526025894621-1024x348.jpg"},{"@type":"BreadcrumbList","@id":"https:\/\/www.ferrovial.com\/es-la\/innovacion\/como-innovamos\/cultura\/#breadcrumb","itemListElement":[{"@type":"ListItem","position":1,"name":"Portada","item":"https:\/\/www.ferrovial.com\/es-la\/"},{"@type":"ListItem","position":2,"name":"Innovaci\u00f3n","item":"https:\/\/www.ferrovial.com\/es-la\/innovacion\/"},{"@type":"ListItem","position":3,"name":"C\u00f3mo innovamos","item":"https:\/\/www.ferrovial.com\/es-la\/innovacion\/como-innovamos\/"},{"@type":"ListItem","position":4,"name":"Cultura de innovaci\u00f3n"}]},{"@type":"WebSite","@id":"https:\/\/www.ferrovial.com\/es-la\/#website","url":"https:\/\/www.ferrovial.com\/es-la\/","name":"Ferrovial","description":"Welcome to the Ferrovial&#039;s website, global operator of sustainable infrastructure. Here you can find all the information about the company and subsidiaries.","publisher":{"@id":"https:\/\/www.ferrovial.com\/es-la\/#organization"},"potentialAction":[{"@type":"SearchAction","target":{"@type":"EntryPoint","urlTemplate":"https:\/\/www.ferrovial.com\/es-la\/?s={search_term_string}"},"query-input":{"@type":"PropertyValueSpecification","valueRequired":true,"valueName":"search_term_string"}}],"inLanguage":"es-419"},{"@type":"Organization","@id":"https:\/\/www.ferrovial.com\/es-la\/#organization","name":"Ferrovial S.A.","url":"https:\/\/www.ferrovial.com\/es-la\/","logo":{"@type":"ImageObject","inLanguage":"es-419","@id":"https:\/\/www.ferrovial.com\/es-la\/#\/schema\/logo\/image\/","url":"https:\/\/static.ferrovial.com\/wp-content\/uploads\/2020\/01\/13124948\/logo-ferrovial-cf7.png","contentUrl":"https:\/\/static.ferrovial.com\/wp-content\/uploads\/2020\/01\/13124948\/logo-ferrovial-cf7.png","width":144,"height":32,"caption":"Ferrovial S.A."},"image":{"@id":"https:\/\/www.ferrovial.com\/es-la\/#\/schema\/logo\/image\/"},"sameAs":["https:\/\/www.facebook.com\/ferrovial","https:\/\/x.com\/ferrovial","https:\/\/www.instagram.com\/ferrovial\/","https:\/\/www.linkedin.com\/company\/ferrovial","https:\/\/www.pinterest.es\/ferrovial\/","https:\/\/www.youtube.com\/ferrovial","https:\/\/en.wikipedia.org\/wiki\/Ferrovial"]}]}},"_links":{"self":[{"href":"https:\/\/www.ferrovial.com\/es-la\/wp-json\/wp\/v2\/pages\/131423","targetHints":{"allow":["GET"]}}],"collection":[{"href":"https:\/\/www.ferrovial.com\/es-la\/wp-json\/wp\/v2\/pages"}],"about":[{"href":"https:\/\/www.ferrovial.com\/es-la\/wp-json\/wp\/v2\/types\/page"}],"replies":[{"embeddable":true,"href":"https:\/\/www.ferrovial.com\/es-la\/wp-json\/wp\/v2\/comments?post=131423"}],"version-history":[{"count":2,"href":"https:\/\/www.ferrovial.com\/es-la\/wp-json\/wp\/v2\/pages\/131423\/revisions"}],"predecessor-version":[{"id":163415,"href":"https:\/\/www.ferrovial.com\/es-la\/wp-json\/wp\/v2\/pages\/131423\/revisions\/163415"}],"up":[{"embeddable":true,"href":"https:\/\/www.ferrovial.com\/es-la\/wp-json\/wp\/v2\/pages\/131428"}],"wp:attachment":[{"href":"https:\/\/www.ferrovial.com\/es-la\/wp-json\/wp\/v2\/media?parent=131423"}],"curies":[{"name":"wp","href":"https:\/\/api.w.org\/{rel}","templated":true}]}}