{"id":131434,"date":"2019-09-05T15:54:08","date_gmt":"2019-09-05T13:54:08","guid":{"rendered":"https:\/\/www.ferrovial.com\/indices\/"},"modified":"2025-09-16T09:36:05","modified_gmt":"2025-09-16T07:36:05","slug":"indices","status":"publish","type":"page","link":"https:\/\/www.ferrovial.com\/es-la\/sostenibilidad\/rsc\/indices\/","title":{"rendered":"\u00cdndices de Sostenibilidad"},"content":{"rendered":"    <m-final-content-header bgimage='https:\/\/static.ferrovial.com\/wp-content\/uploads\/2019\/09\/13141237\/autopista-n4-n6-2-1280x720.jpg'>\n            <c-breadcrumb label-text=\"Breadcrumb\" slot=\"breadcrumbs\" type='2' align='left' wrap='wrapped wrapped' aria-label='Vienes de Social'>\n                        <ol>\n\n                                                            <li><a href=\"https:\/\/www.ferrovial.com\/es-la\/\" title=\"Ferrovial\">Ferrovial<\/a><\/li>\n                                                                        <li><a href=\"https:\/\/www.ferrovial.com\/es\/sostenibilidad\/\" title=\"Sostenibilidad\">Sostenibilidad<\/a><\/li>\n                                                                        <li><a href=\"https:\/\/www.ferrovial.com\/es\/sostenibilidad\/rsc\/\" title=\"Social\">Social<\/a><\/li>\n                                    \n                <\/ol>\n\n                <\/c-breadcrumb>\n    \n        <div slot=\"header\">\n            <h1>\n                \u00cdndices de Sostenibilidad            <\/h1>\n                    <\/div>\n    <\/m-final-content-header>\n\n    \n\n\n<m-wysiwig class=\"wp-block-components-wysiwyg\"><div slot=\"maincontent\">    <p class=\"intro\">Ferrovial est\u00e1 presente en algunos de los \u00edndices de sostenibilidad m\u00e1s reconocidos a nivel internacional, entre los que destacan el Dow Jones Best-in-Class Index, MSCI, Morningstar Sustainalytics, FTSE4Good o Carbon Disclosure Project.<\/p>\n    \n\n\n<p>La transparencia en la informaci\u00f3n y dar respuesta a los Inversores Socialmente Responsables (ISR) son nuestras prioridades.<\/p>\n\n\n\n<h2 class=\"wp-block-heading\"><strong>Inversi\u00f3n Socialmente Responsable<\/strong><\/h2>\n\n\n\n<p>Mantenemos una relaci\u00f3n constante con los&nbsp;<strong>grupos de inter\u00e9s<\/strong>&nbsp;m\u00e1s relevantes, entendiendo como tales:<\/p>\n\n\n\n<ul class=\"wp-block-list\">\n<li>Aquellos que est\u00e1n o pueden estar implicados en los principales riesgos ambientales o sociales de nuestras actividades a nivel global.<\/li>\n\n\n\n<li>Los que ejercen influencia en el \u00e1mbito regulatorio.<\/li>\n\n\n\n<li>Los que tienen capacidad para impulsar nuevas oportunidades de negocio.<\/li>\n<\/ul>\n\n\n\n<p>Valoramos especialmente la relaci\u00f3n con analistas e inversores especializados en&nbsp;<strong>Inversi\u00f3n Socialmente Responsable<\/strong>, dada la relevancia que los criterios \u00e9ticos, sociales y ambientales tienen en las decisiones de inversi\u00f3n.<\/p>\n\n\n\n<h2 class=\"wp-block-heading\">\u00cdndices de sostenibilidad<\/h2>\n\n\n\n<p>En 2024 Ferrovial mantiene una s\u00f3lida presencia en los principales <strong>\u00edndices de sostenibilidad<\/strong>:<\/p>\n\n\n\n<ul class=\"wp-block-list\">\n<li><strong>Dow Jones Best-in-Class Index (S&amp;P Global):<\/strong>\u00a0Ferrovial forma parte del \u00cdndice desde hace 23 a\u00f1os. En 2024, obtuvo una calificaci\u00f3n de 81 sobre 100 y fue incluida en el Top 10% del S&amp;P Global Sustainability Yearbook 2025.<\/li>\n\n\n\n<li><strong>FTSE4Good:<\/strong> la compa\u00f1\u00eda ha sido incluida en este \u00edndice por vig\u00e9simo primer a\u00f1o consecutivo.<\/li>\n\n\n\n<li><strong>Carbon Disclosure Project (CDP)<\/strong>: m\u00e1xima calificaci\u00f3n en la Lista A de CDP Climate Change durante 15 a\u00f1os consecutivos, y en la lista A de CDP Water por segundo a\u00f1o consecutivo.<\/li>\n\n\n\n<li><strong>MSCI:<\/strong> mantiene una calificaci\u00f3n \u201cA\u201d.<\/li>\n\n\n\n<li><strong><strong>Morningstar Sustainalytics<\/strong>:<\/strong> con una calificaci\u00f3n de riesgo ESG de 20,2, Ferrovial se sit\u00faa en la categor\u00eda de riesgo medio frente a impactos financieros materiales derivados de factores ESG.<\/li>\n\n\n\n<li><strong>ISS ESG:<\/strong> Ferrovial ha obtenido Prime status C+ en el ISS ESG Corporate Rating. Adem\u00e1s, ha alcanzado una calificaci\u00f3n de 2 en el ISS Governance QualityScore y 1 en ISS E&amp;S QualityScore, lo que representa el nivel de riesgo m\u00e1s bajo.<\/li>\n\n\n\n<li><strong><strong>EcoVadis<\/strong>:<\/strong> medalla de oro con una puntuaci\u00f3n de 80 sobre 100 en desempe\u00f1o ESG.<\/li>\n<\/ul>\n<\/div><\/m-wysiwig>\n\n\n    <m-logotypes>\n        \n                        <div slot='carouselItems' >\n                            <img v-lazy=\"'https:\/\/static.ferrovial.com\/wp-content\/uploads\/2025\/08\/08163558\/1-dow-jones-best-in-class.jpg'\" alt=\"\" \/>\n                        <\/div>\n                        \n                        <div slot='carouselItems' >\n                            <img v-lazy=\"'https:\/\/static.ferrovial.com\/wp-content\/uploads\/2025\/08\/08163616\/1b-spglobal-yearbook-emblem-2025-top10.png'\" alt=\"\" \/>\n                        <\/div>\n                        \n                        <div slot='carouselItems' >\n                            <img v-lazy=\"'https:\/\/static.ferrovial.com\/wp-content\/uploads\/2025\/08\/08163636\/2-ftse4good.jpg'\" alt=\"\" \/>\n                        <\/div>\n                        \n                        <div slot='carouselItems' >\n                            <img v-lazy=\"'https:\/\/static.ferrovial.com\/wp-content\/uploads\/2025\/08\/08163653\/3-cdp-2024.png'\" alt=\"\" \/>\n                        <\/div>\n                        \n                        <div slot='carouselItems' >\n                            <img v-lazy=\"'https:\/\/static.ferrovial.com\/wp-content\/uploads\/2025\/08\/08163705\/4-msci-esg-a.jpg'\" alt=\"\" \/>\n                        <\/div>\n                        \n                        <div slot='carouselItems' >\n                            <img v-lazy=\"'https:\/\/static.ferrovial.com\/wp-content\/uploads\/2025\/08\/08163720\/5-sustainalytics.png'\" alt=\"\" \/>\n                        <\/div>\n                        \n                        <div slot='carouselItems' >\n                            <img v-lazy=\"'https:\/\/static.ferrovial.com\/wp-content\/uploads\/2025\/08\/08163738\/6-iss-esg-corporate-rating-prime-badge.png'\" alt=\"\" \/>\n                        <\/div>\n                        \n                        <div slot='carouselItems' >\n                            <img v-lazy=\"'https:\/\/static.ferrovial.com\/wp-content\/uploads\/2025\/08\/08163805\/7-iss-qualityscore-prime-badge-environmental.png'\" alt=\"\" \/>\n                        <\/div>\n                        \n                        <div slot='carouselItems' >\n                            <img v-lazy=\"'https:\/\/static.ferrovial.com\/wp-content\/uploads\/2025\/08\/08163834\/8-qualityscore-prime-badge-social.png'\" alt=\"\" \/>\n                        <\/div>\n                        \n                        <div slot='carouselItems' >\n                            <img v-lazy=\"'https:\/\/static.ferrovial.com\/wp-content\/uploads\/2025\/08\/08163853\/9-ecovadis.png'\" alt=\"\" \/>\n                        <\/div>\n                            <\/m-logotypes>\n    \n\n\n    <m-distributor-basic bgimg='https:\/\/static.ferrovial.com\/wp-content\/uploads\/2019\/11\/13132320\/3695_sylvan_bridge-1-1920x1080.jpg'>\n                        <h3 slot=\"title\">\n                    Dow Jones Best-in-Class                <\/h3>\n                                    <c-button slot='cta' type='primary' disabled='false' href='#'>\n                        <span>Saber m\u00e1s<\/span>\n                                        <\/c-button>\n                    \n        \n\n    <\/m-distributor-basic>\n    ","protected":false},"excerpt":{"rendered":"","protected":false},"featured_media":0,"parent":131440,"menu_order":0,"comment_status":"closed","ping_status":"closed","template":"","meta":{"_acf_changed":false,"footnotes":""},"class_list":["post-131434","page","type-page","status-publish","hentry"],"acf":[],"yoast_head":"<!-- This site is optimized with the Yoast SEO plugin v27.2 - https:\/\/yoast.com\/product\/yoast-seo-wordpress\/ -->\n<title>\u00cdndices de sostenibilidad e inversi\u00f3n responsable - Ferrovial<\/title>\n<meta name=\"description\" content=\"Estamos presentes en algunos de los \u00edndices de sostenibilidad m\u00e1s reconocidos: el Dow Jones Sustainability Index, MSCI, FTSE4Good o CDP (Carbon Disclosure Project).\" \/>\n<meta name=\"robots\" content=\"index, follow, max-snippet:-1, max-image-preview:large, max-video-preview:-1\" \/>\n<link rel=\"canonical\" href=\"https:\/\/www.ferrovial.com\/es-la\/sostenibilidad\/rsc\/indices\/\" \/>\n<meta property=\"og:locale\" content=\"es_ES\" \/>\n<meta property=\"og:type\" content=\"article\" \/>\n<meta property=\"og:title\" content=\"\u00cdndices de sostenibilidad e inversi\u00f3n responsable - Ferrovial\" \/>\n<meta property=\"og:description\" content=\"Estamos presentes en algunos de los \u00edndices de sostenibilidad m\u00e1s reconocidos: el Dow Jones Sustainability Index, MSCI, FTSE4Good o CDP (Carbon Disclosure Project).\" \/>\n<meta property=\"og:url\" content=\"https:\/\/www.ferrovial.com\/es-la\/sostenibilidad\/rsc\/indices\/\" \/>\n<meta property=\"og:site_name\" content=\"Ferrovial\" \/>\n<meta property=\"article:publisher\" content=\"https:\/\/www.facebook.com\/ferrovial\" \/>\n<meta property=\"article:modified_time\" content=\"2025-09-16T07:36:05+00:00\" \/>\n<meta name=\"twitter:card\" content=\"summary_large_image\" \/>\n<meta name=\"twitter:site\" content=\"@ferrovial\" \/>\n<meta name=\"twitter:label1\" content=\"Est. reading time\" \/>\n\t<meta name=\"twitter:data1\" content=\"2 minutes\" \/>\n<!-- \/ Yoast SEO plugin. -->","yoast_head_json":{"title":"\u00cdndices de sostenibilidad e inversi\u00f3n responsable - Ferrovial","description":"Estamos presentes en algunos de los \u00edndices de sostenibilidad m\u00e1s reconocidos: el Dow Jones Sustainability Index, MSCI, FTSE4Good o CDP (Carbon Disclosure Project).","robots":{"index":"index","follow":"follow","max-snippet":"max-snippet:-1","max-image-preview":"max-image-preview:large","max-video-preview":"max-video-preview:-1"},"canonical":"https:\/\/www.ferrovial.com\/es-la\/sostenibilidad\/rsc\/indices\/","og_locale":"es_ES","og_type":"article","og_title":"\u00cdndices de sostenibilidad e inversi\u00f3n responsable - Ferrovial","og_description":"Estamos presentes en algunos de los \u00edndices de sostenibilidad m\u00e1s reconocidos: el Dow Jones Sustainability Index, MSCI, FTSE4Good o CDP (Carbon Disclosure Project).","og_url":"https:\/\/www.ferrovial.com\/es-la\/sostenibilidad\/rsc\/indices\/","og_site_name":"Ferrovial","article_publisher":"https:\/\/www.facebook.com\/ferrovial","article_modified_time":"2025-09-16T07:36:05+00:00","twitter_card":"summary_large_image","twitter_site":"@ferrovial","twitter_misc":{"Est. reading time":"2 minutes"},"schema":{"@context":"https:\/\/schema.org","@graph":[{"@type":"WebPage","@id":"https:\/\/www.ferrovial.com\/es-la\/sostenibilidad\/rsc\/indices\/","url":"https:\/\/www.ferrovial.com\/es-la\/sostenibilidad\/rsc\/indices\/","name":"\u00cdndices de sostenibilidad e inversi\u00f3n responsable - Ferrovial","isPartOf":{"@id":"https:\/\/www.ferrovial.com\/es-la\/#website"},"datePublished":"2019-09-05T13:54:08+00:00","dateModified":"2025-09-16T07:36:05+00:00","description":"Estamos presentes en algunos de los \u00edndices de sostenibilidad m\u00e1s reconocidos: el Dow Jones Sustainability Index, MSCI, FTSE4Good o CDP (Carbon Disclosure Project).","breadcrumb":{"@id":"https:\/\/www.ferrovial.com\/es-la\/sostenibilidad\/rsc\/indices\/#breadcrumb"},"inLanguage":"es-419","potentialAction":[{"@type":"ReadAction","target":["https:\/\/www.ferrovial.com\/es-la\/sostenibilidad\/rsc\/indices\/"]}]},{"@type":"BreadcrumbList","@id":"https:\/\/www.ferrovial.com\/es-la\/sostenibilidad\/rsc\/indices\/#breadcrumb","itemListElement":[{"@type":"ListItem","position":1,"name":"Portada","item":"https:\/\/www.ferrovial.com\/es-la\/"},{"@type":"ListItem","position":2,"name":"Sostenibilidad","item":"https:\/\/www.ferrovial.com\/es-la\/sostenibilidad\/"},{"@type":"ListItem","position":3,"name":"Social","item":"https:\/\/www.ferrovial.com\/es-la\/sostenibilidad\/rsc\/"},{"@type":"ListItem","position":4,"name":"\u00cdndices de Sostenibilidad"}]},{"@type":"WebSite","@id":"https:\/\/www.ferrovial.com\/es-la\/#website","url":"https:\/\/www.ferrovial.com\/es-la\/","name":"Ferrovial","description":"Welcome to the Ferrovial&#039;s website, global operator of sustainable infrastructure. Here you can find all the information about the company and subsidiaries.","publisher":{"@id":"https:\/\/www.ferrovial.com\/es-la\/#organization"},"potentialAction":[{"@type":"SearchAction","target":{"@type":"EntryPoint","urlTemplate":"https:\/\/www.ferrovial.com\/es-la\/?s={search_term_string}"},"query-input":{"@type":"PropertyValueSpecification","valueRequired":true,"valueName":"search_term_string"}}],"inLanguage":"es-419"},{"@type":"Organization","@id":"https:\/\/www.ferrovial.com\/es-la\/#organization","name":"Ferrovial S.A.","url":"https:\/\/www.ferrovial.com\/es-la\/","logo":{"@type":"ImageObject","inLanguage":"es-419","@id":"https:\/\/www.ferrovial.com\/es-la\/#\/schema\/logo\/image\/","url":"https:\/\/static.ferrovial.com\/wp-content\/uploads\/2020\/01\/13124948\/logo-ferrovial-cf7.png","contentUrl":"https:\/\/static.ferrovial.com\/wp-content\/uploads\/2020\/01\/13124948\/logo-ferrovial-cf7.png","width":144,"height":32,"caption":"Ferrovial S.A."},"image":{"@id":"https:\/\/www.ferrovial.com\/es-la\/#\/schema\/logo\/image\/"},"sameAs":["https:\/\/www.facebook.com\/ferrovial","https:\/\/x.com\/ferrovial","https:\/\/www.instagram.com\/ferrovial\/","https:\/\/www.linkedin.com\/company\/ferrovial","https:\/\/www.pinterest.es\/ferrovial\/","https:\/\/www.youtube.com\/ferrovial","https:\/\/en.wikipedia.org\/wiki\/Ferrovial"]}]}},"_links":{"self":[{"href":"https:\/\/www.ferrovial.com\/es-la\/wp-json\/wp\/v2\/pages\/131434","targetHints":{"allow":["GET"]}}],"collection":[{"href":"https:\/\/www.ferrovial.com\/es-la\/wp-json\/wp\/v2\/pages"}],"about":[{"href":"https:\/\/www.ferrovial.com\/es-la\/wp-json\/wp\/v2\/types\/page"}],"replies":[{"embeddable":true,"href":"https:\/\/www.ferrovial.com\/es-la\/wp-json\/wp\/v2\/comments?post=131434"}],"version-history":[{"count":3,"href":"https:\/\/www.ferrovial.com\/es-la\/wp-json\/wp\/v2\/pages\/131434\/revisions"}],"predecessor-version":[{"id":313248,"href":"https:\/\/www.ferrovial.com\/es-la\/wp-json\/wp\/v2\/pages\/131434\/revisions\/313248"}],"up":[{"embeddable":true,"href":"https:\/\/www.ferrovial.com\/es-la\/wp-json\/wp\/v2\/pages\/131440"}],"wp:attachment":[{"href":"https:\/\/www.ferrovial.com\/es-la\/wp-json\/wp\/v2\/media?parent=131434"}],"curies":[{"name":"wp","href":"https:\/\/api.w.org\/{rel}","templated":true}]}}