{"id":131438,"date":"2019-12-04T15:11:41","date_gmt":"2019-12-04T14:11:41","guid":{"rendered":"https:\/\/www.ferrovial.com\/derechos-humanos\/"},"modified":"2026-04-16T09:36:26","modified_gmt":"2026-04-16T07:36:26","slug":"derechos-humanos","status":"publish","type":"page","link":"https:\/\/www.ferrovial.com\/es-la\/sostenibilidad\/rsc\/derechos-humanos\/","title":{"rendered":"Derechos Humanos"},"content":{"rendered":"    <m-final-content-header bgimage='https:\/\/static.ferrovial.com\/wp-content\/uploads\/2019\/12\/13140932\/imacor20170918_2311-1280x720.jpg'>\n            <c-breadcrumb label-text=\"Breadcrumb\" slot=\"breadcrumbs\" type='2' align='left' wrap='wrapped wrapped' aria-label='Vienes de Social RSC'>\n                        <ol>\n\n                                                            <li><a href=\"https:\/\/www.ferrovial.com\/es-la\/\" title=\"Ferrovial\">Ferrovial<\/a><\/li>\n                                                                        <li><a href=\"https:\/\/www.ferrovial.com\/es\/sostenibilidad\/\" title=\"Sostenibilidad\">Sostenibilidad<\/a><\/li>\n                                                                        <li><a href=\"https:\/\/www.ferrovial.com\/es\/sostenibilidad\/rsc\/\" title=\"Social RSC\">Social RSC<\/a><\/li>\n                                    \n                <\/ol>\n\n                <\/c-breadcrumb>\n    \n        <div slot=\"header\">\n            <h1>\n                Derechos Humanos             <\/h1>\n                    <\/div>\n    <\/m-final-content-header>\n\n    \n\n\n<m-wysiwig class=\"wp-block-components-wysiwyg\"><div slot=\"maincontent\">\n<p>La <a title=\"La Declaraci\u00f3n Universal de Derechos Humanos | Naciones Unidas\" href=\"https:\/\/www.un.org\/es\/universal-declaration-human-rights\/\" target=\"_blank\" rel=\"nofollow noopener noreferrer\">Declaraci\u00f3n Universal de los Derechos Humanos<\/a> es un hito en la historia de la humanidad, la base de un ideal com\u00fan para todos los pueblos y naciones. Traducida a m\u00e1s de 500 idiomas, recoge una serie de derechos fundamentales para el ser humano que deben ser protegidos en todo el mundo. De ella emanan diferentes pactos, c\u00f3digos \u00e9ticos, principios y normas que persiguen la protecci\u00f3n de estos derechos en multitud de \u00e1mbitos.<\/p>\n\n\n\n<p>Aunque ya cont\u00e1bamos con una pol\u00edtica espec\u00edfica desde 2014, en 2022 hemos renovado nuestra pol\u00edtica de Derechos Humanos alineada con los principales est\u00e1ndares internacionales como son el <a title=\"Pacto Mundial \u2013 Responsabilidad Social Empresarial \u2013 RSE \u2013 Objetivos de Desarrollo Sostenible - ODS \u2013 Derechos Humanos y Empresa\" href=\"https:\/\/www.pactomundial.org\/\" target=\"_blank\" rel=\"nofollow noopener noreferrer\">Pacto Mundial de Naciones Unidas<\/a>, los <a title=\"Principios rectores sobre las empresas y derechos humanos\" href=\"https:\/\/www.ohchr.org\/Documents\/Publications\/GuidingPrinciplesBusinessHR_SP.pdf\" target=\"_blank\" rel=\"nofollow noopener noreferrer\">Principios Rectores sobre las empresas y los Derechos Humanos de las Naciones Unidas<\/a>, la <a href=\"https:\/\/www.un.org\/es\/about-us\/universal-declaration-of-human-rights\" target=\"_blank\" rel=\"noreferrer noopener nofollow\">Declaraci\u00f3n Universal de los Derechos Humanos<\/a>, la<a title=\"L\u00edneas Directrices de la OCDE para Empresas Multinacionales\" href=\"https:\/\/www.oecd.org\/daf\/inv\/mne\/MNEguidelinesESPANOL.pdf\" target=\"_blank\" rel=\"nofollow noopener noreferrer\"> gu\u00eda de la OCDE para empresas multinacionales<\/a> y las normativas de la <a title=\"Organizaci\u00f3n Internacional del Trabajo\" href=\"https:\/\/www.ilo.org\/global\/lang--es\/index.htm\" target=\"_blank\" rel=\"nofollow noopener noreferrer\">Organizaci\u00f3n Internacional del Trabajo<\/a> y teniendo en cuenta las nuevas tendencias que ampl\u00edan el enfoque de derechos humanos acerc\u00e1ndolo a la realidad de la empresa. De esta forma actualizamos nuestro firme compromiso en la protecci\u00f3n y respeto de derechos humanos.<\/p>\n\n\n\n<h2 class=\"wp-block-heading\"><strong><strong>Nuestro compromiso con los Derechos Humanos y laborales<\/strong><\/strong><\/h2>\n\n\n\n<p>La nueva pol\u00edtica reafirma el compromiso de Ferrovial de no solo respetar sino apoyar y promover los derechos humanos, identificar, prevenir y mitigar cualquier potencial impacto negativo. El compromiso con los derechos humanos se extiende a toda nuestra cadena de valor.<\/p>\n\n\n\n<p>Rechazamos cualquier tipo de discriminaci\u00f3n en todas nuestras actividades y en todas las relaciones con nuestros grupos de inter\u00e9s. La nueva pol\u00edtica est\u00e1 alineada con nuestro <a href=\"https:\/\/www.ferrovial.com\/es-la\/politicas-corporativas\/\">C\u00f3digo de \u00c9tica Empresarial<\/a>.<\/p>\n\n\n\n<p>Otro de nuestros principios es la seguridad, por eso tenemos el compromiso de crear un entorno de trabajo seguro y saludable a sus empleados y contratistas y fomentamos la seguridad de los usuarios de nuestras infraestructuras<\/p>\n\n\n\n<p>Nuestro compromiso es tambi\u00e9n con la transparencia en todo lo relativo a la protecci\u00f3n de los derechos humanos.<\/p>\n\n\n\n<p>Desde 2017, nuestro Canal \u00c9tico incorpora adem\u00e1s varios puntos relacionados con los Derechos Humanos que permiten denunciar pr\u00e1cticas de discriminaci\u00f3n o abuso en cualquiera de los pa\u00edses en los que operamos.<\/p>\n\n\n\n<p>Por \u00faltimo, dentro de nuestro compromiso con los derechos laborales, rechazamos cualquier tipo de trabajo infantil o forzoso en cualquiera de sus formas, garantizamos la igualdad de oportunidades y la no discriminaci\u00f3n, la protecci\u00f3n freten al acoso de nuestros trabajadores, el derecho a la huelga, la libertad de asociaci\u00f3n y el derecho a la negociaci\u00f3n colectiva en todos los pa\u00edses en los mantenemos actividad y fomentamos la conciliaci\u00f3n entre la vida profesional y familiar. Nuestros empleados est\u00e1n protegidos por las regulaciones laborales de los diferentes territorios. Adem\u00e1s, mantenemos varios canales para facilitar la creaci\u00f3n de entornos de trabajo colaborativos y saludables.<\/p>\n\n\n\n<h2 class=\"wp-block-heading\"><strong>Garantizar la debida diligencia en derechos humanos<\/strong><\/h2>\n\n\n\n<p>Dentro de nuestros mecanismos de diligencia debida, evaluamos peri\u00f3dicamente los potenciales riesgos para los derechos humanos, con el objetivo de no vulnerar y respetar los derechos de los agentes implicados en la ejecuci\u00f3n de sus operaciones. Cuenta a su vez con un procedimiento de <a href=\"https:\/\/www.ferrovial.com\/es-la\/sostenibilidad\/etica\/programa-cumplimiento\/\">Debida Diligencia de Integridad \u00c9tica de Terceros<\/a> y en todas las operaciones de inversi\u00f3n se presta especial atenci\u00f3n a los derechos humanos, buen gobierno, aspectos sociales y medio ambiente.<\/p>\n\n\n\n<h2 class=\"wp-block-heading\"><strong>Derechos humanos un reto <\/strong><em><strong>&#8220;glocal<\/strong>&#8220;<\/em><\/h2>\n\n\n\n<p>Promover los Derechos Humanos es uno de los principios de <a href=\"https:\/\/www.ferrovial.com\/es-la\/politicas-corporativas\/\">nuestra pol\u00edtica<\/a>. Para ello, participamos en foros internacionales y grupos de trabajo y hemos asumido puestos de responsabilidad en las diferentes iniciativas que impulsan la Responsabilidad Corporativa y los Derechos Humanos, como la Secretar\u00eda del Comit\u00e9 Ejecutivo de\u00a0<a href=\"https:\/\/foretica.org\/\" target=\"_blank\" rel=\"noreferrer noopener\">For\u00e9tica<\/a>\u00a0en Espa\u00f1a o la posici\u00f3n de vocal en el Comit\u00e9 Ejecutivo de la Red del Pacto Mundial.<\/p>\n\n\n\n<p>En algunos pa\u00edses nos hemos involucrado en iniciativas que ayudan a dar a conocer los derechos humanos y promueven medidas para su salvaguarda adaptadas a las caracter\u00edsticas de cada pa\u00eds.<\/p>\n\n\n\n<p>Entre otros compromisos concretos, destacan nuestra alineaci\u00f3n con la<a title=\"Modern Slavery Act 2015\" rel=\"nofollow noopener noreferrer\" href=\"http:\/\/www.legislation.gov.uk\/ukpga\/2015\/30\/contents\/enacted\" target=\"_blank\"> Modern Slavery Act<\/a> en Reino Unido que garantizan la prevenci\u00f3n de hechos relacionados con la esclavitud en cualquiera de sus formas y la trata de personas. <br><\/p>\n<\/div><\/m-wysiwig>\n","protected":false},"excerpt":{"rendered":"","protected":false},"featured_media":0,"parent":131440,"menu_order":0,"comment_status":"closed","ping_status":"closed","template":"","meta":{"_acf_changed":false,"footnotes":""},"class_list":["post-131438","page","type-page","status-publish","hentry"],"acf":[],"yoast_head":"<!-- This site is optimized with the Yoast SEO plugin v27.2 - https:\/\/yoast.com\/product\/yoast-seo-wordpress\/ -->\n<title>Derechos Humanos - Ferrovial<\/title>\n<meta name=\"description\" content=\"Welcome to the Ferrovial&#039;s website, global operator of sustainable infrastructure. Here you can find all the information about the company and subsidiaries.\" \/>\n<meta name=\"robots\" content=\"index, follow, max-snippet:-1, max-image-preview:large, max-video-preview:-1\" \/>\n<link rel=\"canonical\" href=\"https:\/\/www.ferrovial.com\/es-la\/sostenibilidad\/rsc\/derechos-humanos\/\" \/>\n<meta property=\"og:locale\" content=\"es_ES\" \/>\n<meta property=\"og:type\" content=\"article\" \/>\n<meta property=\"og:title\" content=\"Derechos Humanos - Ferrovial\" \/>\n<meta property=\"og:description\" content=\"Welcome to the Ferrovial&#039;s website, global operator of sustainable infrastructure. Here you can find all the information about the company and subsidiaries.\" \/>\n<meta property=\"og:url\" content=\"https:\/\/www.ferrovial.com\/es-la\/sostenibilidad\/rsc\/derechos-humanos\/\" \/>\n<meta property=\"og:site_name\" content=\"Ferrovial\" \/>\n<meta property=\"article:publisher\" content=\"https:\/\/www.facebook.com\/ferrovial\" \/>\n<meta property=\"article:modified_time\" content=\"2026-04-16T07:36:26+00:00\" \/>\n<meta name=\"twitter:card\" content=\"summary_large_image\" \/>\n<meta name=\"twitter:site\" content=\"@ferrovial\" \/>\n<meta name=\"twitter:label1\" content=\"Est. reading time\" \/>\n\t<meta name=\"twitter:data1\" content=\"3 minutes\" \/>\n<!-- \/ Yoast SEO plugin. -->","yoast_head_json":{"title":"Derechos Humanos - Ferrovial","description":"Welcome to the Ferrovial's website, global operator of sustainable infrastructure. Here you can find all the information about the company and subsidiaries.","robots":{"index":"index","follow":"follow","max-snippet":"max-snippet:-1","max-image-preview":"max-image-preview:large","max-video-preview":"max-video-preview:-1"},"canonical":"https:\/\/www.ferrovial.com\/es-la\/sostenibilidad\/rsc\/derechos-humanos\/","og_locale":"es_ES","og_type":"article","og_title":"Derechos Humanos - Ferrovial","og_description":"Welcome to the Ferrovial's website, global operator of sustainable infrastructure. Here you can find all the information about the company and subsidiaries.","og_url":"https:\/\/www.ferrovial.com\/es-la\/sostenibilidad\/rsc\/derechos-humanos\/","og_site_name":"Ferrovial","article_publisher":"https:\/\/www.facebook.com\/ferrovial","article_modified_time":"2026-04-16T07:36:26+00:00","twitter_card":"summary_large_image","twitter_site":"@ferrovial","twitter_misc":{"Est. reading time":"3 minutes"},"schema":{"@context":"https:\/\/schema.org","@graph":[{"@type":"WebPage","@id":"https:\/\/www.ferrovial.com\/es-la\/sostenibilidad\/rsc\/derechos-humanos\/","url":"https:\/\/www.ferrovial.com\/es-la\/sostenibilidad\/rsc\/derechos-humanos\/","name":"Derechos Humanos - Ferrovial","isPartOf":{"@id":"https:\/\/www.ferrovial.com\/es-la\/#website"},"datePublished":"2019-12-04T14:11:41+00:00","dateModified":"2026-04-16T07:36:26+00:00","description":"Welcome to the Ferrovial's website, global operator of sustainable infrastructure. Here you can find all the information about the company and subsidiaries.","breadcrumb":{"@id":"https:\/\/www.ferrovial.com\/es-la\/sostenibilidad\/rsc\/derechos-humanos\/#breadcrumb"},"inLanguage":"es-419","potentialAction":[{"@type":"ReadAction","target":["https:\/\/www.ferrovial.com\/es-la\/sostenibilidad\/rsc\/derechos-humanos\/"]}]},{"@type":"BreadcrumbList","@id":"https:\/\/www.ferrovial.com\/es-la\/sostenibilidad\/rsc\/derechos-humanos\/#breadcrumb","itemListElement":[{"@type":"ListItem","position":1,"name":"Portada","item":"https:\/\/www.ferrovial.com\/es-la\/"},{"@type":"ListItem","position":2,"name":"Sostenibilidad","item":"https:\/\/www.ferrovial.com\/es-la\/sostenibilidad\/"},{"@type":"ListItem","position":3,"name":"Social RSC","item":"https:\/\/www.ferrovial.com\/es-la\/sostenibilidad\/rsc\/"},{"@type":"ListItem","position":4,"name":"Derechos Humanos"}]},{"@type":"WebSite","@id":"https:\/\/www.ferrovial.com\/es-la\/#website","url":"https:\/\/www.ferrovial.com\/es-la\/","name":"Ferrovial","description":"Welcome to the Ferrovial&#039;s website, global operator of sustainable infrastructure. Here you can find all the information about the company and subsidiaries.","publisher":{"@id":"https:\/\/www.ferrovial.com\/es-la\/#organization"},"potentialAction":[{"@type":"SearchAction","target":{"@type":"EntryPoint","urlTemplate":"https:\/\/www.ferrovial.com\/es-la\/?s={search_term_string}"},"query-input":{"@type":"PropertyValueSpecification","valueRequired":true,"valueName":"search_term_string"}}],"inLanguage":"es-419"},{"@type":"Organization","@id":"https:\/\/www.ferrovial.com\/es-la\/#organization","name":"Ferrovial S.A.","url":"https:\/\/www.ferrovial.com\/es-la\/","logo":{"@type":"ImageObject","inLanguage":"es-419","@id":"https:\/\/www.ferrovial.com\/es-la\/#\/schema\/logo\/image\/","url":"https:\/\/static.ferrovial.com\/wp-content\/uploads\/2020\/01\/13124948\/logo-ferrovial-cf7.png","contentUrl":"https:\/\/static.ferrovial.com\/wp-content\/uploads\/2020\/01\/13124948\/logo-ferrovial-cf7.png","width":144,"height":32,"caption":"Ferrovial S.A."},"image":{"@id":"https:\/\/www.ferrovial.com\/es-la\/#\/schema\/logo\/image\/"},"sameAs":["https:\/\/www.facebook.com\/ferrovial","https:\/\/x.com\/ferrovial","https:\/\/www.instagram.com\/ferrovial\/","https:\/\/www.linkedin.com\/company\/ferrovial","https:\/\/www.pinterest.es\/ferrovial\/","https:\/\/www.youtube.com\/ferrovial","https:\/\/en.wikipedia.org\/wiki\/Ferrovial"]}]}},"_links":{"self":[{"href":"https:\/\/www.ferrovial.com\/es-la\/wp-json\/wp\/v2\/pages\/131438","targetHints":{"allow":["GET"]}}],"collection":[{"href":"https:\/\/www.ferrovial.com\/es-la\/wp-json\/wp\/v2\/pages"}],"about":[{"href":"https:\/\/www.ferrovial.com\/es-la\/wp-json\/wp\/v2\/types\/page"}],"replies":[{"embeddable":true,"href":"https:\/\/www.ferrovial.com\/es-la\/wp-json\/wp\/v2\/comments?post=131438"}],"version-history":[{"count":3,"href":"https:\/\/www.ferrovial.com\/es-la\/wp-json\/wp\/v2\/pages\/131438\/revisions"}],"predecessor-version":[{"id":330199,"href":"https:\/\/www.ferrovial.com\/es-la\/wp-json\/wp\/v2\/pages\/131438\/revisions\/330199"}],"up":[{"embeddable":true,"href":"https:\/\/www.ferrovial.com\/es-la\/wp-json\/wp\/v2\/pages\/131440"}],"wp:attachment":[{"href":"https:\/\/www.ferrovial.com\/es-la\/wp-json\/wp\/v2\/media?parent=131438"}],"curies":[{"name":"wp","href":"https:\/\/api.w.org\/{rel}","templated":true}]}}