{"id":131442,"date":"2019-11-05T17:56:22","date_gmt":"2019-11-05T16:56:22","guid":{"rendered":"https:\/\/www.ferrovial.com\/comunidad\/"},"modified":"2026-02-20T13:55:58","modified_gmt":"2026-02-20T12:55:58","slug":"comunidad","status":"publish","type":"page","link":"https:\/\/www.ferrovial.com\/es-la\/sostenibilidad\/social\/comunidad\/","title":{"rendered":"Impacto en la comunidad"},"content":{"rendered":"    <m-final-content-header bgimage='https:\/\/static.ferrovial.com\/wp-content\/uploads\/2019\/11\/13140834\/ong-ferrovial-infraestructuras-sociales-1184x720.jpg'>\n            <c-breadcrumb label-text=\"Breadcrumb\" slot=\"breadcrumbs\" type='2' align='left' wrap='wrapped wrapped' aria-label='Vienes de Compromiso con la sociedad'>\n                        <ol>\n\n                                                            <li><a href=\"https:\/\/www.ferrovial.com\/es-la\/\" title=\"Ferrovial\">Ferrovial<\/a><\/li>\n                                                                        <li><a href=\"https:\/\/www.ferrovial.com\/es\/sostenibilidad\/\" title=\"Sostenibilidad\">Sostenibilidad<\/a><\/li>\n                                                                        <li><a href=\"https:\/\/www.ferrovial.com\/es\/sostenibilidad\/social\/\" title=\"Compromiso con la sociedad\">Compromiso con la sociedad<\/a><\/li>\n                                    \n                <\/ol>\n\n                <\/c-breadcrumb>\n    \n        <div slot=\"header\">\n            <h1>\n                Impacto en la comunidad            <\/h1>\n                    <\/div>\n    <\/m-final-content-header>\n\n    \n\n\n<m-wysiwig class=\"wp-block-components-wysiwyg\"><div slot=\"maincontent\">    <p class=\"intro\">A trav\u00e9s de nuestros programas sociales, concebimos la inversi\u00f3n en la comunidad como un instrumento estrat\u00e9gico para el desarrollo de la sociedad y del entorno donde ejercemos nuestra actividad.<\/p>\n    \n\n\n<p>Nuestros principales programas de acci\u00f3n social reflejan el compromiso con nuestros empleados y nuestra voluntad de ser un actor del desarrollo. Centramos la atenci\u00f3n en los colectivos m\u00e1s vulnerables, para que el desarrollo y crecimientos de las comunidades donde opera sea sostenible e inclusivo.<\/p>\n<\/div><\/m-wysiwig>\n\n\n    <m-cyphers-basic>\n                        <ul slot=\"cyphers\">\n                                                <li>\n                                                                        <p class=\"number\">\n                                            275                                        <\/p>\n                                                                                <p class=\"post\">\n                                            Proyectos apoyo a la comunidad                                        <\/p>\n                                                                    <\/li>\n                                                        <li>\n                                                                        <p class=\"number\">\n                                            4,8 M\u20ac                                        <\/p>\n                                                                                <p class=\"post\">\n                                            Inversi\u00f3n en la comunidad                                        <\/p>\n                                                                    <\/li>\n                                                        <li>\n                                                                        <p class=\"number\">\n                                            160.333                                        <\/p>\n                                                                                <p class=\"post\">\n                                            beneficiarios                                        <\/p>\n                                                                    <\/li>\n                                                        <li>\n                                                                        <p class=\"number\">\n                                            21.333                                         <\/p>\n                                                                                <p class=\"post\">\n                                            horas de voluntariado                                        <\/p>\n                                                                    <\/li>\n                                            <\/ul>\n                    <\/m-cyphers-basic>\n\n    \n\n    <m-video >\n                <a class='m-video__modal' slot='modal' href='https:\/\/www.youtube-nocookie.com\/embed\/OCJwMMFVCTA'>\n            <img slot=\"poster\" v-lazy=\"'https:\/\/static.ferrovial.com\/wp-content\/uploads\/2019\/12\/13141231\/fotovideo-rsc.png'\" title=\"\" width=\"978\" height=\"100%\" >\n        <\/a>\n                        <h3 slot=\"title\">\n                                       <\/h3>\n                    <\/m-video>\n    \n\n\n<m-accordion class=\"wp-block-components-accordion\"><div slot=\"title\"><h3>Nuestras actuaciones se centran en tres ejes principales <\/h3><\/div>\n<div slot=\"item\" class=\"wp-block-components-accordion-item\"><div class=\"m-accordion__item\"><h4>Infraestructuras para colectivos desfavorecidos<c-icon icon=\"arrow\" size=\"m\"><\/c-icon><\/h4><\/div><div class=\"m-accordion__content\">\n<m-wysiwig class=\"wp-block-components-wysiwyg\"><div slot=\"maincontent\">\n<p>Alineamos nuestras intervenciones sociales con su estrategia global de impulsar infraestructuras sostenibles. As\u00ed podemos <strong>desarrollar infraestructuras que facilitan a personas desfavorecidas el acceso a derechos b\u00e1sicos como el agua, la salud o la alimentaci\u00f3n<\/strong>. Desde 2011 Ferrovial est\u00e1 comprometida, a trav\u00e9s de<strong> <a href=\"https:\/\/www.ferrovial.com\/es-la\/sostenibilidad\/social\/comunidad\/infraestructuras-sociales\/\">nuestro programa de agua y saneamiento Infraestructuras Sociales<\/a><\/strong>, a mejorar y ampliar el acceso al agua en comunidades vulnerables de \u00c1frica y Latinoam\u00e9rica. Adem\u00e1s, <strong>en Espa\u00f1a apoyamos la <a href=\"https:\/\/www.ferrovial.com\/es-la\/sostenibilidad\/social\/comunidad\/accion-social\/\">mejora de las infraestructuras de los comedores sociales<\/a> desde 2009<\/strong>.<\/p>\n<\/div><\/m-wysiwig>\n<\/div><\/div>\n\n\n\n<div slot=\"item\" class=\"wp-block-components-accordion-item\"><div class=\"m-accordion__item\"><h4>Acceso a la educaci\u00f3n<c-icon icon=\"arrow\" size=\"m\"><\/c-icon><\/h4><\/div><div class=\"m-accordion__content\">\n<m-wysiwig class=\"wp-block-components-wysiwyg\"><div slot=\"maincontent\">\n<p><strong>Acceso a la educaci\u00f3n con especial atenci\u00f3n a la orientaci\u00f3n profesional de los j\u00f3venes y el fomento de las vocaciones STEM<\/strong>, visibilizando el papel de la mujer en este \u00e1mbito para evitar la discriminaci\u00f3n. Nuestra colaboraci\u00f3n en Espa\u00f1a tiene como principales proyectos en este \u00e1mbito el <a href=\"https:\/\/fundacionjaes.org\/noticias\/ferrovial-vuelve-a-apostar-por-la-orientacion-laboral-de-los-mas-jovenes-a-traves-del-programa-orienta-t\/\">Programa Orienta-T de la Fundaci\u00f3n Junior Achievement<\/a> y la <a href=\"https:\/\/newsroom.ferrovial.com\/es\/noticias\/centro-desarrollo-jovenes-rescatadores-talento\/\">colaboraci\u00f3n con la Fundaci\u00f3n Princesa de Girona<\/a>.<\/p>\n<\/div><\/m-wysiwig>\n<\/div><\/div>\n\n\n\n<div slot=\"item\" class=\"wp-block-components-accordion-item\"><div class=\"m-accordion__item\"><h4>Involucrar a los empleados<c-icon icon=\"arrow\" size=\"m\"><\/c-icon><\/h4><\/div><div class=\"m-accordion__content\">\n<m-wysiwig class=\"wp-block-components-wysiwyg\"><div slot=\"maincontent\">\n<p>Convertimos a los <strong>empleados en actores activos del compromiso de Ferrovial con la comunidad<\/strong>, tanto en el apoyo a proyectos centrados en colectivos vulnerables como en la respuesta a crisis humanitarias. <strong>El <a href=\"https:\/\/www.ferrovial.com\/es-la\/sostenibilidad\/social\/comunidad\/juntos-sumamos\/\">programa Juntos Sumamos<\/a> en marcha desde 2005, moviliza a los empleados para proyectos tanto en Espa\u00f1a como en pa\u00edses en desarrollo.<\/strong> Desde su lanzamiento son 16 los proyectos realizados en Espa\u00f1a impactando a m\u00e1s de 5.100 personas, los \u00faltimos ejemplos son el proyecto <em>Habita Tierra <\/em>con la Fundaci\u00f3n Altius y el proyecto <em>Una cuesti\u00f3n de Urgencia: el bienestar de nuestros mayores <\/em>con la Fundaci\u00f3n Gil Gayarre<em>.<\/em><\/p>\n\n\n\n<p>Por otro lado, el compromiso de Ferrovial con la respuesta a las crisis humanitarias se remonta al terremoto de Hait\u00ed en 2010. Desafortunadamente, nuestra capacidad de respuesta y movilizaci\u00f3n se ha visto desafiada en los \u00faltimos a\u00f1os con la crisis social y sanitaria <a href=\"https:\/\/www.ferrovial.com\/es\/como-colaborar-con-el-fondo-ferrovial-juntos-covid-19\/\">generada por la pandemia COVID-19<\/a> y la <a href=\"https:\/\/www.ferrovial.com\/es-la\/juntos-sumamos-por-ucrania\/\">crisis provocada por la guerra en Ucrania<\/a>.<strong> La empresa recauda donativos de sus empleados y otros grupos de inter\u00e9s, e iguala la cantidad recaudada<\/strong>.<\/p>\n<\/div><\/m-wysiwig>\n<\/div><\/div>\n<\/m-accordion>\n\n\n    <m-multiple-distributor columns='3'>\n                        <p slot=\"title\">\n                    Programas sociales                <\/p>\n                                    <div class=\"card\">\n                                                <img decoding=\"async\" src=\"https:\/\/static.ferrovial.com\/wp-content\/uploads\/2019\/12\/13140927\/infraestructuras-sociales-rsc-camisetas-800x600.jpg\" alt=\"programa social infraestructuras sociales\" position=\"center center\" \/>\n                                                        <p class=\"name\">On the Move for Water<\/p>\n                                                                    <p class=\"description\">Descripci\u00f3n por defecto<\/p>\n                                                                        <a title='Ver m\u00e1s' aria-label='M\u00e1s informaci\u00f3n sobre On the Move for Water'>Ver m\u00e1s<\/a>\n                                                            <\/div>\n                                        <div class=\"card\">\n                                                <img decoding=\"async\" src=\"https:\/\/static.ferrovial.com\/wp-content\/uploads\/2019\/12\/13140925\/ong-ulls-del-mon-juntos-sumamos-ferrovial-800x600.jpg\" alt=\"ong ulls del mon con juntos sumamos de ferrovial\" position=\"center center\" \/>\n                                                        <p class=\"name\">On the Move Together &#8211; Juntos Sumamos<\/p>\n                                                                    <p class=\"description\">Descripci\u00f3n por defecto<\/p>\n                                                                        <a title='Ver m\u00e1s' aria-label='M\u00e1s informaci\u00f3n sobre On the Move Together - Juntos Sumamos'>Ver m\u00e1s<\/a>\n                                                            <\/div>\n                                        <div class=\"card\">\n                                                <img decoding=\"async\" src=\"https:\/\/static.ferrovial.com\/wp-content\/uploads\/2019\/12\/13140929\/accion-social-cruz-roja-800x600.jpg\" alt=\"acci\u00f3n social en espa\u00f1a con cruz roja\" position=\"center center\" \/>\n                                                        <p class=\"name\">On the Move for Zero Hunger<\/p>\n                                                                    <p class=\"description\">Descripci\u00f3n por defecto<\/p>\n                                                                        <a title='Ver m\u00e1s' aria-label='M\u00e1s informaci\u00f3n sobre On the Move for Zero Hunger'>Ver m\u00e1s<\/a>\n                                                            <\/div>\n                        <\/m-multiple-distributor>\n\n    \n\n\n    <m-distributor-basic bgimg='https:\/\/static.ferrovial.com\/wp-content\/uploads\/2022\/05\/06141939\/proyecto-de-agua-y-saneamiento-en-india-por-ferrovial.jpg'>\n                        <h2 slot=\"label\">\n                    Proyectos                <\/h2>\n                                <h3 slot=\"title\">\n                    Descubre nuestros proyectos en la comunidad                <\/h3>\n                                    <c-button slot='cta' type='primary' disabled='false' href='#'>\n                        <span>Ver todos<\/span>\n                                        <\/c-button>\n                    \n        \n\n    <\/m-distributor-basic>\n    ","protected":false},"excerpt":{"rendered":"","protected":false},"featured_media":0,"parent":131447,"menu_order":0,"comment_status":"closed","ping_status":"closed","template":"","meta":{"_acf_changed":false,"footnotes":""},"class_list":["post-131442","page","type-page","status-publish","hentry"],"acf":[],"yoast_head":"<!-- This site is optimized with the Yoast SEO plugin v27.2 - https:\/\/yoast.com\/product\/yoast-seo-wordpress\/ -->\n<title>Impacto en la comunidad - Ferrovial<\/title>\n<meta name=\"description\" content=\"Welcome to the Ferrovial&#039;s website, global operator of sustainable infrastructure. Here you can find all the information about the company and subsidiaries.\" \/>\n<meta name=\"robots\" content=\"index, follow, max-snippet:-1, max-image-preview:large, max-video-preview:-1\" \/>\n<link rel=\"canonical\" href=\"https:\/\/www.ferrovial.com\/es-la\/sostenibilidad\/social\/comunidad\/\" \/>\n<meta property=\"og:locale\" content=\"es_ES\" \/>\n<meta property=\"og:type\" content=\"article\" \/>\n<meta property=\"og:title\" content=\"Impacto en la comunidad - Ferrovial\" \/>\n<meta property=\"og:description\" content=\"Welcome to the Ferrovial&#039;s website, global operator of sustainable infrastructure. Here you can find all the information about the company and subsidiaries.\" \/>\n<meta property=\"og:url\" content=\"https:\/\/www.ferrovial.com\/es-la\/sostenibilidad\/social\/comunidad\/\" \/>\n<meta property=\"og:site_name\" content=\"Ferrovial\" \/>\n<meta property=\"article:publisher\" content=\"https:\/\/www.facebook.com\/ferrovial\" \/>\n<meta property=\"article:modified_time\" content=\"2026-02-20T12:55:58+00:00\" \/>\n<meta name=\"twitter:card\" content=\"summary_large_image\" \/>\n<meta name=\"twitter:site\" content=\"@ferrovial\" \/>\n<meta name=\"twitter:label1\" content=\"Est. reading time\" \/>\n\t<meta name=\"twitter:data1\" content=\"2 minutes\" \/>\n<!-- \/ Yoast SEO plugin. -->","yoast_head_json":{"title":"Impacto en la comunidad - Ferrovial","description":"Welcome to the Ferrovial's website, global operator of sustainable infrastructure. Here you can find all the information about the company and subsidiaries.","robots":{"index":"index","follow":"follow","max-snippet":"max-snippet:-1","max-image-preview":"max-image-preview:large","max-video-preview":"max-video-preview:-1"},"canonical":"https:\/\/www.ferrovial.com\/es-la\/sostenibilidad\/social\/comunidad\/","og_locale":"es_ES","og_type":"article","og_title":"Impacto en la comunidad - Ferrovial","og_description":"Welcome to the Ferrovial's website, global operator of sustainable infrastructure. Here you can find all the information about the company and subsidiaries.","og_url":"https:\/\/www.ferrovial.com\/es-la\/sostenibilidad\/social\/comunidad\/","og_site_name":"Ferrovial","article_publisher":"https:\/\/www.facebook.com\/ferrovial","article_modified_time":"2026-02-20T12:55:58+00:00","twitter_card":"summary_large_image","twitter_site":"@ferrovial","twitter_misc":{"Est. reading time":"2 minutes"},"schema":{"@context":"https:\/\/schema.org","@graph":[{"@type":"WebPage","@id":"https:\/\/www.ferrovial.com\/es-la\/sostenibilidad\/social\/comunidad\/","url":"https:\/\/www.ferrovial.com\/es-la\/sostenibilidad\/social\/comunidad\/","name":"Impacto en la comunidad - Ferrovial","isPartOf":{"@id":"https:\/\/www.ferrovial.com\/es-la\/#website"},"datePublished":"2019-11-05T16:56:22+00:00","dateModified":"2026-02-20T12:55:58+00:00","description":"Welcome to the Ferrovial's website, global operator of sustainable infrastructure. Here you can find all the information about the company and subsidiaries.","breadcrumb":{"@id":"https:\/\/www.ferrovial.com\/es-la\/sostenibilidad\/social\/comunidad\/#breadcrumb"},"inLanguage":"es-419","potentialAction":[{"@type":"ReadAction","target":["https:\/\/www.ferrovial.com\/es-la\/sostenibilidad\/social\/comunidad\/"]}]},{"@type":"BreadcrumbList","@id":"https:\/\/www.ferrovial.com\/es-la\/sostenibilidad\/social\/comunidad\/#breadcrumb","itemListElement":[{"@type":"ListItem","position":1,"name":"Portada","item":"https:\/\/www.ferrovial.com\/es-la\/"},{"@type":"ListItem","position":2,"name":"Sostenibilidad","item":"https:\/\/www.ferrovial.com\/es-la\/sostenibilidad\/"},{"@type":"ListItem","position":3,"name":"Compromiso con la sociedad","item":"https:\/\/www.ferrovial.com\/es-la\/sostenibilidad\/social\/"},{"@type":"ListItem","position":4,"name":"Impacto en la comunidad"}]},{"@type":"WebSite","@id":"https:\/\/www.ferrovial.com\/es-la\/#website","url":"https:\/\/www.ferrovial.com\/es-la\/","name":"Ferrovial","description":"Welcome to the Ferrovial&#039;s website, global operator of sustainable infrastructure. Here you can find all the information about the company and subsidiaries.","publisher":{"@id":"https:\/\/www.ferrovial.com\/es-la\/#organization"},"potentialAction":[{"@type":"SearchAction","target":{"@type":"EntryPoint","urlTemplate":"https:\/\/www.ferrovial.com\/es-la\/?s={search_term_string}"},"query-input":{"@type":"PropertyValueSpecification","valueRequired":true,"valueName":"search_term_string"}}],"inLanguage":"es-419"},{"@type":"Organization","@id":"https:\/\/www.ferrovial.com\/es-la\/#organization","name":"Ferrovial S.A.","url":"https:\/\/www.ferrovial.com\/es-la\/","logo":{"@type":"ImageObject","inLanguage":"es-419","@id":"https:\/\/www.ferrovial.com\/es-la\/#\/schema\/logo\/image\/","url":"https:\/\/static.ferrovial.com\/wp-content\/uploads\/2020\/01\/13124948\/logo-ferrovial-cf7.png","contentUrl":"https:\/\/static.ferrovial.com\/wp-content\/uploads\/2020\/01\/13124948\/logo-ferrovial-cf7.png","width":144,"height":32,"caption":"Ferrovial S.A."},"image":{"@id":"https:\/\/www.ferrovial.com\/es-la\/#\/schema\/logo\/image\/"},"sameAs":["https:\/\/www.facebook.com\/ferrovial","https:\/\/x.com\/ferrovial","https:\/\/www.instagram.com\/ferrovial\/","https:\/\/www.linkedin.com\/company\/ferrovial","https:\/\/www.pinterest.es\/ferrovial\/","https:\/\/www.youtube.com\/ferrovial","https:\/\/en.wikipedia.org\/wiki\/Ferrovial"]}]}},"_links":{"self":[{"href":"https:\/\/www.ferrovial.com\/es-la\/wp-json\/wp\/v2\/pages\/131442","targetHints":{"allow":["GET"]}}],"collection":[{"href":"https:\/\/www.ferrovial.com\/es-la\/wp-json\/wp\/v2\/pages"}],"about":[{"href":"https:\/\/www.ferrovial.com\/es-la\/wp-json\/wp\/v2\/types\/page"}],"replies":[{"embeddable":true,"href":"https:\/\/www.ferrovial.com\/es-la\/wp-json\/wp\/v2\/comments?post=131442"}],"version-history":[{"count":3,"href":"https:\/\/www.ferrovial.com\/es-la\/wp-json\/wp\/v2\/pages\/131442\/revisions"}],"predecessor-version":[{"id":324991,"href":"https:\/\/www.ferrovial.com\/es-la\/wp-json\/wp\/v2\/pages\/131442\/revisions\/324991"}],"up":[{"embeddable":true,"href":"https:\/\/www.ferrovial.com\/es-la\/wp-json\/wp\/v2\/pages\/131447"}],"wp:attachment":[{"href":"https:\/\/www.ferrovial.com\/es-la\/wp-json\/wp\/v2\/media?parent=131442"}],"curies":[{"name":"wp","href":"https:\/\/api.w.org\/{rel}","templated":true}]}}