{"id":131444,"date":"2019-11-05T17:57:16","date_gmt":"2019-11-05T16:57:16","guid":{"rendered":"https:\/\/www.ferrovial.com\/usuarios-clientes\/"},"modified":"2025-05-27T11:06:28","modified_gmt":"2025-05-27T09:06:28","slug":"usuarios-clientes","status":"publish","type":"page","link":"https:\/\/www.ferrovial.com\/es-la\/sostenibilidad\/social\/usuarios-clientes\/","title":{"rendered":"Experiencia del usuario y clientes"},"content":{"rendered":"    <m-final-content-header bgimage='https:\/\/static.ferrovial.com\/wp-content\/uploads\/2019\/11\/13140833\/experiencia-usuarios-1-e1573140079398-673x720.jpg'>\n            <c-breadcrumb label-text=\"Breadcrumb\" slot=\"breadcrumbs\" type='2' align='left' wrap='wrapped wrapped' aria-label='Vienes de Compromiso con la sociedad'>\n                        <ol>\n\n                                                            <li><a href=\"https:\/\/www.ferrovial.com\/es-la\/\" title=\"Ferrovial\">Ferrovial<\/a><\/li>\n                                                                        <li><a href=\"https:\/\/www.ferrovial.com\/es\/sostenibilidad\/\" title=\"Sostenibilidad\">Sostenibilidad<\/a><\/li>\n                                                                        <li><a href=\"https:\/\/www.ferrovial.com\/es\/sostenibilidad\/social\/\" title=\"Compromiso con la sociedad\">Compromiso con la sociedad<\/a><\/li>\n                                    \n                <\/ol>\n\n                <\/c-breadcrumb>\n    \n        <div slot=\"header\">\n            <h1>\n                Experiencia del usuario y clientes            <\/h1>\n                    <\/div>\n    <\/m-final-content-header>\n\n    \n\n\n<m-wysiwig class=\"wp-block-components-wysiwyg\"><div slot=\"maincontent\">    <p class=\"intro\">Dentro del apartado social de nuestros compromisos de sostenibilidad, ofrecer a nuestros clientes y usuarios el m\u00e1ximo nivel de calidad es una de nuestras prioridades. <\/p>\n    \n\n\n<p>Gracias al modelo European Foundation for Quality Management (EFQM) podemos establecer un nivel de excelencia en la gesti\u00f3n en cada uno de los aspectos clave que afecta a la experiencia de usuarios y clientes.<\/p>\n<\/div><\/m-wysiwig>\n\n\n\n<m-wysiwig class=\"wp-block-components-wysiwyg\"><div slot=\"maincontent\">\n<h2 class=\"wp-block-heading\">Satisfacci\u00f3n de clientes y usuarios<\/h2>\n\n\n\n<p>Desde nuestras \u00e1reas de negocio llevamos a cabo encuestas peri\u00f3dicas sobre las expectativas y la satisfacci\u00f3n de clientes y usuarios (todos aquellos individuos que interact\u00faan directa o indirectamente con nuestros servicios e infraestructuras, pero no tienen un v\u00ednculo contractual). Adem\u00e1s, medimos otros indicadores representativos de los servicios, lo que nos permite tener una visi\u00f3n m\u00e1s completa de la experiencia del usuario. Contamos con el objetivo de obtener una puntuaci\u00f3n de satisfacci\u00f3n superior a 4 sobre 5 y en 2024 logramos un 4,3.<\/p>\n\n\n\n<p>Todos los negocios de Ferrovial disponen de procedimientos internos para detectar, registrar y controlar las reclamaciones de clientes y usuarios. Las demandas registradas se analizan para ofrecer la respuesta m\u00e1s adecuada y para definir acciones de mejora. <\/p>\n\n\n\n<h2 class=\"wp-block-heading\">Satisfacci\u00f3n del usuario de infraestructuras de transporte<\/h2>\n\n\n\n<p>Desde Cintra buscamos consolidar al cliente y usuario de la autopista como uno de los pilares estrat\u00e9gicos de nuestro negocio concesional. As\u00ed, trabajamos para homogeneizar las metodolog\u00edas de medici\u00f3n de la satisfacci\u00f3n y las m\u00e9tricas empleadas para disponer de indicadores est\u00e1ndar en todas las concesiones que gestionamos.<\/p>\n\n\n\n<h2 class=\"wp-block-heading\">Sistemas de calidad y medio ambiente<\/h2>\n\n\n\n<p>En todos los contratos gestionados en nuestras diferentes \u00e1reas de negocio, contamos con varios sistemas de calidad y medio ambiente implantados. Estos sistemas se encuentran certificados conforme a las normas ISO 9001 y 14001, aunque los est\u00e1ndares pueden variar en funci\u00f3n de los requerimientos locales. En el \u00faltimo ejercicio (2024), el porcentaje de actividad certificada en calidad y medio ambiente bajo las normas ISO 9001 e ISO 14001 fue del 86% en ambos casos.<\/p>\n\n\n\n<p>A modo de repositorio de legislaci\u00f3n y normativa t\u00e9cnica, disponemos de dos aplicaciones corporativas: Normateca, que garantiza el cumplimiento legal a lo largo del ciclo de vida de los contratos, y una plataforma digital donde se recogen todos los requisitos ambientales aplicables en todos los pa\u00edses en los operamos. Gracias a ello, cumplimos con todos los requisitos ambientales, incluyendo aquellos referidos a la contaminaci\u00f3n atmosf\u00e9rica, ac\u00fastica y lum\u00ednica.<\/p>\n\n\n\n<p>Adem\u00e1s, existen otros sistemas certificados conforme a normativas distintas, entre los que destacan la Norma ISAE 3410 \u201cAssurance Engagements on GHG Statements\u201d; las ISO 50001, 27001, 10002, 45001; las UNE 19602, 166002; UNE-ISO 37001; y la EMAS, la SGE21 y Madrid Excelente, entre otras.<\/p>\n\n\n\n<h2 class=\"wp-block-heading\">La BIM Verification de Ferrovial Construcci\u00f3n<\/h2>\n\n\n\n<p>Contamos con la BIM Verification, que otorga <a title=\"Standards, Training, Testing, Assessment and Certification | BSI Group\" aria-label=\" (opens in a new tab)\" href=\"https:\/\/www.bsigroup.com\/\" target=\"_blank\" rel=\"nofollow noopener noreferrer\">la British Standards Institution<\/a><em>,<\/em> en Espa\u00f1a, Portugal, Reino Unido y Australia. Esta certifica nuestra capacidad para gestionar proyectos en la fase de construcci\u00f3n con la metodolog\u00eda Building Information Modelling (BIM), de acuerdo con la normativa PAS 1192-2, recientemente convertida en ISO 19650.<\/p>\n\n\n\n<p>La metodolog\u00eda BIM supone la incorporaci\u00f3n de la digitalizaci\u00f3n a los procesos y procedimientos constructivos proporcionando una mayor eficiencia en la gesti\u00f3n de la informaci\u00f3n durante la fase de construcci\u00f3n de una infraestructura. Mediante el uso de modelos virtuales y una metodolog\u00eda de trabajo colaborativa, el uso de BIM otorga m\u00faltiples beneficios frente a los procesos de construcci\u00f3n tradicional.<\/p>\n\n\n\n<p>Durante el proceso de certificaci\u00f3n por parte de la<em> <\/em> British Standards Institution<em>,<\/em> ha sido destacada la calidad y consistencia del plan de formaci\u00f3n que hemos establecido para implementar esta metodolog\u00eda de trabajo, una muestra m\u00e1s de nuestro compromiso con la innovaci\u00f3n en procesos y procedimientos.<br><\/p>\n<\/div><\/m-wysiwig>\n\n\n\n    <m-distributor-basic bgimg='https:\/\/static.ferrovial.com\/wp-content\/uploads\/2019\/11\/13141230\/cnt-pic-nudo_venta_de_ban_771_os-002_low.jpg'>\n                        <h3 slot=\"title\">\n                    Certificaciones                 <\/h3>\n                                    <c-button slot='cta' type='primary' disabled='false' href='#'>\n                        <span>Ver m\u00e1s<\/span>\n                                        <\/c-button>\n                    \n        \n\n    <\/m-distributor-basic>\n    ","protected":false},"excerpt":{"rendered":"","protected":false},"featured_media":0,"parent":131447,"menu_order":0,"comment_status":"closed","ping_status":"closed","template":"","meta":{"_acf_changed":false,"footnotes":""},"class_list":["post-131444","page","type-page","status-publish","hentry"],"acf":[],"yoast_head":"<!-- This site is optimized with the Yoast SEO plugin v27.2 - https:\/\/yoast.com\/product\/yoast-seo-wordpress\/ -->\n<title>Experiencia del usuario y clientes - Ferrovial<\/title>\n<meta name=\"description\" content=\"Welcome to the Ferrovial&#039;s website, global operator of sustainable infrastructure. Here you can find all the information about the company and subsidiaries.\" \/>\n<meta name=\"robots\" content=\"index, follow, max-snippet:-1, max-image-preview:large, max-video-preview:-1\" \/>\n<link rel=\"canonical\" href=\"https:\/\/www.ferrovial.com\/es-la\/sostenibilidad\/social\/usuarios-clientes\/\" \/>\n<meta property=\"og:locale\" content=\"es_ES\" \/>\n<meta property=\"og:type\" content=\"article\" \/>\n<meta property=\"og:title\" content=\"Experiencia del usuario y clientes - Ferrovial\" \/>\n<meta property=\"og:description\" content=\"Welcome to the Ferrovial&#039;s website, global operator of sustainable infrastructure. Here you can find all the information about the company and subsidiaries.\" \/>\n<meta property=\"og:url\" content=\"https:\/\/www.ferrovial.com\/es-la\/sostenibilidad\/social\/usuarios-clientes\/\" \/>\n<meta property=\"og:site_name\" content=\"Ferrovial\" \/>\n<meta property=\"article:publisher\" content=\"https:\/\/www.facebook.com\/ferrovial\" \/>\n<meta property=\"article:modified_time\" content=\"2025-05-27T09:06:28+00:00\" \/>\n<meta name=\"twitter:card\" content=\"summary_large_image\" \/>\n<meta name=\"twitter:site\" content=\"@ferrovial\" \/>\n<meta name=\"twitter:label1\" content=\"Est. reading time\" \/>\n\t<meta name=\"twitter:data1\" content=\"3 minutes\" \/>\n<!-- \/ Yoast SEO plugin. -->","yoast_head_json":{"title":"Experiencia del usuario y clientes - Ferrovial","description":"Welcome to the Ferrovial's website, global operator of sustainable infrastructure. Here you can find all the information about the company and subsidiaries.","robots":{"index":"index","follow":"follow","max-snippet":"max-snippet:-1","max-image-preview":"max-image-preview:large","max-video-preview":"max-video-preview:-1"},"canonical":"https:\/\/www.ferrovial.com\/es-la\/sostenibilidad\/social\/usuarios-clientes\/","og_locale":"es_ES","og_type":"article","og_title":"Experiencia del usuario y clientes - Ferrovial","og_description":"Welcome to the Ferrovial's website, global operator of sustainable infrastructure. Here you can find all the information about the company and subsidiaries.","og_url":"https:\/\/www.ferrovial.com\/es-la\/sostenibilidad\/social\/usuarios-clientes\/","og_site_name":"Ferrovial","article_publisher":"https:\/\/www.facebook.com\/ferrovial","article_modified_time":"2025-05-27T09:06:28+00:00","twitter_card":"summary_large_image","twitter_site":"@ferrovial","twitter_misc":{"Est. reading time":"3 minutes"},"schema":{"@context":"https:\/\/schema.org","@graph":[{"@type":"WebPage","@id":"https:\/\/www.ferrovial.com\/es-la\/sostenibilidad\/social\/usuarios-clientes\/","url":"https:\/\/www.ferrovial.com\/es-la\/sostenibilidad\/social\/usuarios-clientes\/","name":"Experiencia del usuario y clientes - Ferrovial","isPartOf":{"@id":"https:\/\/www.ferrovial.com\/es-la\/#website"},"datePublished":"2019-11-05T16:57:16+00:00","dateModified":"2025-05-27T09:06:28+00:00","description":"Welcome to the Ferrovial's website, global operator of sustainable infrastructure. Here you can find all the information about the company and subsidiaries.","breadcrumb":{"@id":"https:\/\/www.ferrovial.com\/es-la\/sostenibilidad\/social\/usuarios-clientes\/#breadcrumb"},"inLanguage":"es-419","potentialAction":[{"@type":"ReadAction","target":["https:\/\/www.ferrovial.com\/es-la\/sostenibilidad\/social\/usuarios-clientes\/"]}]},{"@type":"BreadcrumbList","@id":"https:\/\/www.ferrovial.com\/es-la\/sostenibilidad\/social\/usuarios-clientes\/#breadcrumb","itemListElement":[{"@type":"ListItem","position":1,"name":"Portada","item":"https:\/\/www.ferrovial.com\/es-la\/"},{"@type":"ListItem","position":2,"name":"Sostenibilidad","item":"https:\/\/www.ferrovial.com\/es-la\/sostenibilidad\/"},{"@type":"ListItem","position":3,"name":"Compromiso con la sociedad","item":"https:\/\/www.ferrovial.com\/es-la\/sostenibilidad\/social\/"},{"@type":"ListItem","position":4,"name":"Experiencia del usuario y clientes"}]},{"@type":"WebSite","@id":"https:\/\/www.ferrovial.com\/es-la\/#website","url":"https:\/\/www.ferrovial.com\/es-la\/","name":"Ferrovial","description":"Welcome to the Ferrovial&#039;s website, global operator of sustainable infrastructure. Here you can find all the information about the company and subsidiaries.","publisher":{"@id":"https:\/\/www.ferrovial.com\/es-la\/#organization"},"potentialAction":[{"@type":"SearchAction","target":{"@type":"EntryPoint","urlTemplate":"https:\/\/www.ferrovial.com\/es-la\/?s={search_term_string}"},"query-input":{"@type":"PropertyValueSpecification","valueRequired":true,"valueName":"search_term_string"}}],"inLanguage":"es-419"},{"@type":"Organization","@id":"https:\/\/www.ferrovial.com\/es-la\/#organization","name":"Ferrovial S.A.","url":"https:\/\/www.ferrovial.com\/es-la\/","logo":{"@type":"ImageObject","inLanguage":"es-419","@id":"https:\/\/www.ferrovial.com\/es-la\/#\/schema\/logo\/image\/","url":"https:\/\/static.ferrovial.com\/wp-content\/uploads\/2020\/01\/13124948\/logo-ferrovial-cf7.png","contentUrl":"https:\/\/static.ferrovial.com\/wp-content\/uploads\/2020\/01\/13124948\/logo-ferrovial-cf7.png","width":144,"height":32,"caption":"Ferrovial S.A."},"image":{"@id":"https:\/\/www.ferrovial.com\/es-la\/#\/schema\/logo\/image\/"},"sameAs":["https:\/\/www.facebook.com\/ferrovial","https:\/\/x.com\/ferrovial","https:\/\/www.instagram.com\/ferrovial\/","https:\/\/www.linkedin.com\/company\/ferrovial","https:\/\/www.pinterest.es\/ferrovial\/","https:\/\/www.youtube.com\/ferrovial","https:\/\/en.wikipedia.org\/wiki\/Ferrovial"]}]}},"_links":{"self":[{"href":"https:\/\/www.ferrovial.com\/es-la\/wp-json\/wp\/v2\/pages\/131444","targetHints":{"allow":["GET"]}}],"collection":[{"href":"https:\/\/www.ferrovial.com\/es-la\/wp-json\/wp\/v2\/pages"}],"about":[{"href":"https:\/\/www.ferrovial.com\/es-la\/wp-json\/wp\/v2\/types\/page"}],"replies":[{"embeddable":true,"href":"https:\/\/www.ferrovial.com\/es-la\/wp-json\/wp\/v2\/comments?post=131444"}],"version-history":[{"count":3,"href":"https:\/\/www.ferrovial.com\/es-la\/wp-json\/wp\/v2\/pages\/131444\/revisions"}],"predecessor-version":[{"id":305492,"href":"https:\/\/www.ferrovial.com\/es-la\/wp-json\/wp\/v2\/pages\/131444\/revisions\/305492"}],"up":[{"embeddable":true,"href":"https:\/\/www.ferrovial.com\/es-la\/wp-json\/wp\/v2\/pages\/131447"}],"wp:attachment":[{"href":"https:\/\/www.ferrovial.com\/es-la\/wp-json\/wp\/v2\/media?parent=131444"}],"curies":[{"name":"wp","href":"https:\/\/api.w.org\/{rel}","templated":true}]}}