{"id":131447,"date":"2019-09-12T14:04:41","date_gmt":"2019-09-12T12:04:41","guid":{"rendered":"https:\/\/www.ferrovial.com\/sostenibilidad\/social\/"},"modified":"2022-03-21T17:48:22","modified_gmt":"2022-03-21T16:48:22","slug":"social","status":"publish","type":"page","link":"https:\/\/www.ferrovial.com\/es-la\/sostenibilidad\/social\/","title":{"rendered":"Compromiso con la sociedad"},"content":{"rendered":"    <m-final-content-header bgimage='https:\/\/static.ferrovial.com\/wp-content\/uploads\/2019\/11\/13140831\/proyecto_ferrovial_plan_uganda-1.jpg'>\n            <c-breadcrumb label-text=\"Breadcrumb\" slot=\"breadcrumbs\" type='2' align='left' wrap='wrapped wrapped' aria-label='Vienes de Sostenibilidad'>\n                        <ol>\n\n                                                            <li><a href=\"https:\/\/www.ferrovial.com\/es-la\/\" title=\"Ferrovial\">Ferrovial<\/a><\/li>\n                                                                        <li><a href=\"https:\/\/www.ferrovial.com\/es\/sostenibilidad\/\" title=\"Sostenibilidad\">Sostenibilidad<\/a><\/li>\n                                    \n                <\/ol>\n\n                <\/c-breadcrumb>\n    \n        <div slot=\"header\">\n            <h1>\n                Compromiso con la sociedad            <\/h1>\n                    <\/div>\n    <\/m-final-content-header>\n\n    \n\n\n<m-wysiwig class=\"wp-block-components-wysiwyg\"><div slot=\"maincontent\">    <p class=\"intro\"> A trav\u00e9s de nuestros programas sociales, concebimos la inversi\u00f3n en la comunidad como un instrumento estrat\u00e9gico para el desarrollo de la sociedad y del entorno donde ejercemos nuestra actividad. <\/p>\n    <\/div><\/m-wysiwig>\n\n\n\n    <m-distributor-basic bgimg='https:\/\/static.ferrovial.com\/wp-content\/uploads\/2019\/12\/13140927\/infraestructuras-sociales-rsc-camisetas.jpg'>\n                        <h2 slot=\"label\">\n                    Programa social                <\/h2>\n                                <h3 slot=\"title\">\n                    Infraestructuras Sociales                 <\/h3>\n                                <p slot=\"text\">\n                    Conoce nuestro programa de cooperaci\u00f3n al desarrollo que tiene como objetivo el acceso al agua                <\/p>\n                                    <c-button slot='cta' type='primary' disabled='false' href='#'>\n                        <span>Saber m\u00e1s del programa social<\/span>\n                                        <\/c-button>\n                    \n        \n\n    <\/m-distributor-basic>\n    \n\n    <m-multiple-distributor columns='3'>\n                        <p slot=\"title\">\n                    Accede a toda la informaci\u00f3n                <\/p>\n                                    <div class=\"card\">\n                                                <img decoding=\"async\" src=\"https:\/\/static.ferrovial.com\/wp-content\/uploads\/2019\/11\/13140834\/ong-ferrovial-infraestructuras-sociales-800x600.jpg\" alt=\"infraestructuras sociales cooperante y ong\" position=\"center center\" \/>\n                                                        <p class=\"name\">Impacto en la comunidad<\/p>\n                                                                    <p class=\"description\">Descripci\u00f3n por defecto<\/p>\n                                                                        <a title='Ver m\u00e1s' aria-label='M\u00e1s informaci\u00f3n sobre Impacto en la comunidad'>Ver m\u00e1s<\/a>\n                                                            <\/div>\n                                        <div class=\"card\">\n                                                <img decoding=\"async\" src=\"https:\/\/static.ferrovial.com\/wp-content\/uploads\/2019\/11\/13140833\/experiencia-usuarios-1-e1573140079398-673x600.jpg\" alt=\"Experiencia-usuarios\" position=\"center center\" \/>\n                                                        <p class=\"name\">Experiencias de usuarios y clientes<\/p>\n                                                                    <p class=\"description\">Descripci\u00f3n por defecto<\/p>\n                                                                        <a title='Ver m\u00e1s' aria-label='M\u00e1s informaci\u00f3n sobre Experiencias de usuarios y clientes'>Ver m\u00e1s<\/a>\n                                                            <\/div>\n                                        <div class=\"card\">\n                                                <img decoding=\"async\" src=\"https:\/\/static.ferrovial.com\/wp-content\/uploads\/2019\/11\/13140829\/407-etr-best-quality-double-semi-truck-e1573140936688-559x600.jpg\" alt=\"407 ETR Best Quality - Double Semi Truck\" position=\"center center\" \/>\n                                                        <p class=\"name\">Cadena de suministros<\/p>\n                                                                    <p class=\"description\">Descripci\u00f3n por defecto<\/p>\n                                                                        <a title='Ver m\u00e1s' aria-label='M\u00e1s informaci\u00f3n sobre Cadena de suministros'>Ver m\u00e1s<\/a>\n                                                            <\/div>\n                        <\/m-multiple-distributor>\n\n    \n\n\n<p><\/p>\n","protected":false},"excerpt":{"rendered":"","protected":false},"featured_media":0,"parent":131432,"menu_order":0,"comment_status":"closed","ping_status":"closed","template":"","meta":{"_acf_changed":false,"footnotes":""},"class_list":["post-131447","page","type-page","status-publish","hentry"],"acf":[],"yoast_head":"<!-- This site is optimized with the Yoast SEO plugin v27.2 - https:\/\/yoast.com\/product\/yoast-seo-wordpress\/ -->\n<title>Acci\u00f3n Social en el mundo - RSC - Ferrovial<\/title>\n<meta name=\"description\" content=\"Welcome to the Ferrovial&#039;s website, global operator of sustainable infrastructure. Here you can find all the information about the company and subsidiaries.\" \/>\n<meta name=\"robots\" content=\"index, follow, max-snippet:-1, max-image-preview:large, max-video-preview:-1\" \/>\n<link rel=\"canonical\" href=\"https:\/\/www.ferrovial.com\/es-la\/sostenibilidad\/social\/\" \/>\n<meta property=\"og:locale\" content=\"es_ES\" \/>\n<meta property=\"og:type\" content=\"article\" \/>\n<meta property=\"og:title\" content=\"Acci\u00f3n Social en el mundo - RSC - Ferrovial\" \/>\n<meta property=\"og:description\" content=\"Welcome to the Ferrovial&#039;s website, global operator of sustainable infrastructure. Here you can find all the information about the company and subsidiaries.\" \/>\n<meta property=\"og:url\" content=\"https:\/\/www.ferrovial.com\/es-la\/sostenibilidad\/social\/\" \/>\n<meta property=\"og:site_name\" content=\"Ferrovial\" \/>\n<meta property=\"article:publisher\" content=\"https:\/\/www.facebook.com\/ferrovial\" \/>\n<meta property=\"article:modified_time\" content=\"2022-03-21T16:48:22+00:00\" \/>\n<meta name=\"twitter:card\" content=\"summary_large_image\" \/>\n<meta name=\"twitter:site\" content=\"@ferrovial\" \/>\n<!-- \/ Yoast SEO plugin. -->","yoast_head_json":{"title":"Acci\u00f3n Social en el mundo - RSC - Ferrovial","description":"Welcome to the Ferrovial's website, global operator of sustainable infrastructure. Here you can find all the information about the company and subsidiaries.","robots":{"index":"index","follow":"follow","max-snippet":"max-snippet:-1","max-image-preview":"max-image-preview:large","max-video-preview":"max-video-preview:-1"},"canonical":"https:\/\/www.ferrovial.com\/es-la\/sostenibilidad\/social\/","og_locale":"es_ES","og_type":"article","og_title":"Acci\u00f3n Social en el mundo - RSC - Ferrovial","og_description":"Welcome to the Ferrovial's website, global operator of sustainable infrastructure. Here you can find all the information about the company and subsidiaries.","og_url":"https:\/\/www.ferrovial.com\/es-la\/sostenibilidad\/social\/","og_site_name":"Ferrovial","article_publisher":"https:\/\/www.facebook.com\/ferrovial","article_modified_time":"2022-03-21T16:48:22+00:00","twitter_card":"summary_large_image","twitter_site":"@ferrovial","schema":{"@context":"https:\/\/schema.org","@graph":[{"@type":"WebPage","@id":"https:\/\/www.ferrovial.com\/es-la\/sostenibilidad\/social\/","url":"https:\/\/www.ferrovial.com\/es-la\/sostenibilidad\/social\/","name":"Acci\u00f3n Social en el mundo - RSC - Ferrovial","isPartOf":{"@id":"https:\/\/www.ferrovial.com\/es-la\/#website"},"datePublished":"2019-09-12T12:04:41+00:00","dateModified":"2022-03-21T16:48:22+00:00","description":"Welcome to the Ferrovial's website, global operator of sustainable infrastructure. Here you can find all the information about the company and subsidiaries.","breadcrumb":{"@id":"https:\/\/www.ferrovial.com\/es-la\/sostenibilidad\/social\/#breadcrumb"},"inLanguage":"es-419","potentialAction":[{"@type":"ReadAction","target":["https:\/\/www.ferrovial.com\/es-la\/sostenibilidad\/social\/"]}]},{"@type":"BreadcrumbList","@id":"https:\/\/www.ferrovial.com\/es-la\/sostenibilidad\/social\/#breadcrumb","itemListElement":[{"@type":"ListItem","position":1,"name":"Portada","item":"https:\/\/www.ferrovial.com\/es-la\/"},{"@type":"ListItem","position":2,"name":"Sostenibilidad","item":"https:\/\/www.ferrovial.com\/es-la\/sostenibilidad\/"},{"@type":"ListItem","position":3,"name":"Compromiso con la sociedad"}]},{"@type":"WebSite","@id":"https:\/\/www.ferrovial.com\/es-la\/#website","url":"https:\/\/www.ferrovial.com\/es-la\/","name":"Ferrovial","description":"Welcome to the Ferrovial&#039;s website, global operator of sustainable infrastructure. Here you can find all the information about the company and subsidiaries.","publisher":{"@id":"https:\/\/www.ferrovial.com\/es-la\/#organization"},"potentialAction":[{"@type":"SearchAction","target":{"@type":"EntryPoint","urlTemplate":"https:\/\/www.ferrovial.com\/es-la\/?s={search_term_string}"},"query-input":{"@type":"PropertyValueSpecification","valueRequired":true,"valueName":"search_term_string"}}],"inLanguage":"es-419"},{"@type":"Organization","@id":"https:\/\/www.ferrovial.com\/es-la\/#organization","name":"Ferrovial S.A.","url":"https:\/\/www.ferrovial.com\/es-la\/","logo":{"@type":"ImageObject","inLanguage":"es-419","@id":"https:\/\/www.ferrovial.com\/es-la\/#\/schema\/logo\/image\/","url":"https:\/\/static.ferrovial.com\/wp-content\/uploads\/2020\/01\/13124948\/logo-ferrovial-cf7.png","contentUrl":"https:\/\/static.ferrovial.com\/wp-content\/uploads\/2020\/01\/13124948\/logo-ferrovial-cf7.png","width":144,"height":32,"caption":"Ferrovial S.A."},"image":{"@id":"https:\/\/www.ferrovial.com\/es-la\/#\/schema\/logo\/image\/"},"sameAs":["https:\/\/www.facebook.com\/ferrovial","https:\/\/x.com\/ferrovial","https:\/\/www.instagram.com\/ferrovial\/","https:\/\/www.linkedin.com\/company\/ferrovial","https:\/\/www.pinterest.es\/ferrovial\/","https:\/\/www.youtube.com\/ferrovial","https:\/\/en.wikipedia.org\/wiki\/Ferrovial"]}]}},"_links":{"self":[{"href":"https:\/\/www.ferrovial.com\/es-la\/wp-json\/wp\/v2\/pages\/131447","targetHints":{"allow":["GET"]}}],"collection":[{"href":"https:\/\/www.ferrovial.com\/es-la\/wp-json\/wp\/v2\/pages"}],"about":[{"href":"https:\/\/www.ferrovial.com\/es-la\/wp-json\/wp\/v2\/types\/page"}],"replies":[{"embeddable":true,"href":"https:\/\/www.ferrovial.com\/es-la\/wp-json\/wp\/v2\/comments?post=131447"}],"version-history":[{"count":3,"href":"https:\/\/www.ferrovial.com\/es-la\/wp-json\/wp\/v2\/pages\/131447\/revisions"}],"predecessor-version":[{"id":219310,"href":"https:\/\/www.ferrovial.com\/es-la\/wp-json\/wp\/v2\/pages\/131447\/revisions\/219310"}],"up":[{"embeddable":true,"href":"https:\/\/www.ferrovial.com\/es-la\/wp-json\/wp\/v2\/pages\/131432"}],"wp:attachment":[{"href":"https:\/\/www.ferrovial.com\/es-la\/wp-json\/wp\/v2\/media?parent=131447"}],"curies":[{"name":"wp","href":"https:\/\/api.w.org\/{rel}","templated":true}]}}