{"id":131449,"date":"2019-09-05T15:59:39","date_gmt":"2019-09-05T13:59:39","guid":{"rendered":"https:\/\/www.ferrovial.com\/codigo-etico\/"},"modified":"2026-03-25T10:16:02","modified_gmt":"2026-03-25T09:16:02","slug":"codigo-etico","status":"publish","type":"page","link":"https:\/\/www.ferrovial.com\/es-la\/sostenibilidad\/etica\/codigo-etico\/","title":{"rendered":"C\u00f3digo de \u00e9tica"},"content":{"rendered":"    <m-final-content-header bgimage='https:\/\/static.ferrovial.com\/wp-content\/uploads\/2019\/11\/13140910\/codigo-de-conducta-etica-comunicacion-1.jpg'>\n            <c-breadcrumb label-text=\"Breadcrumb\" slot=\"breadcrumbs\" type='2' align='left' wrap='wrapped wrapped' aria-label='Vienes de \u00c9tica'>\n                        <ol>\n\n                                                            <li><a href=\"https:\/\/www.ferrovial.com\/es-la\/\" title=\"Ferrovial\">Ferrovial<\/a><\/li>\n                                                                        <li><a href=\"https:\/\/www.ferrovial.com\/es\/sostenibilidad\/\" title=\"Sostenibilidad\">Sostenibilidad<\/a><\/li>\n                                                                        <li><a href=\"https:\/\/www.ferrovial.com\/es\/sostenibilidad\/etica\/\" title=\"\u00c9tica\">\u00c9tica<\/a><\/li>\n                                    \n                <\/ol>\n\n                <\/c-breadcrumb>\n    \n        <div slot=\"header\">\n            <h1>\n                C\u00f3digo de \u00e9tica            <\/h1>\n                    <\/div>\n    <\/m-final-content-header>\n\n    \n\n\n<m-wysiwig class=\"wp-block-components-wysiwyg\"><div slot=\"maincontent\"><\/div><\/m-wysiwig>\n\n\n\n<m-wysiwig class=\"wp-block-components-wysiwyg\"><div slot=\"maincontent\">\n<h2 class=\"wp-block-heading\">C\u00f3digo de \u00c9tica y Conducta Empresarial<\/h2>\n\n\n\n<p>Nuestro C\u00f3digo de \u00c9tica y Conducta Empresarial establece los principios b\u00e1sicos a los que debe atenerse el comportamiento de nuestras empresas, as\u00ed como todos nuestros empleados, directivos y administradores. Los principios clave son:<\/p>\n\n\n\n<ul class=\"wp-block-list\">\n<li><strong>Cumplimiento de la ley.<\/strong> Las actividades de Ferrovial se desarrollar\u00e1n con estricto cumplimiento de la legislaci\u00f3n aplicable y de la normativa vigente en cada momento.<\/li>\n\n\n\n<li><strong>Respeto de los derechos humanos<\/strong>. Todas las actuaciones llevadas a cabo por Ferrovial y sus empleados se ajustar\u00e1n estrictamente a los derechos humanos recogidos en la Declaraci\u00f3n Universal de los Derechos Humanos. La Pol\u00edtica de Derechos Humanos de Ferrovial se halla en consonancia con los principios y normas internacionales.<\/li>\n\n\n\n<li><strong>Integridad.<\/strong> Las actividades empresariales y profesionales de Ferrovial y de sus empleados se basar\u00e1n en los valores de integridad, honestidad, la prevenci\u00f3n de cualquier tipo de corrupci\u00f3n y el respeto a las circunstancias y necesidades individuales de cada una de las personas implicadas.<\/li>\n<\/ul>\n\n\n    \n    <a class='rich-link' href=\"https:\/\/static.ferrovial.com\/wp-content\/uploads\/2026\/03\/25101459\/af-codigo-de-etica-de-ferrovial-esp.pdf\" title=\"Descarga el C\u00f3digo de \u00c9tica y Conducta Empresarial\" target='_blank'>\n        <span>Descarga el C\u00f3digo de \u00c9tica y Conducta Empresarial<\/span>\n        <img decoding=\"async\" src=\"https:\/\/www.ferrovial.com\/wp-content\/themes\/global\/front\/dist\/static\/img\/icon-download.svg\" alt='download link'>\n    <\/a>\n\n    \n\n\n<h2 class=\"wp-block-heading\"><br><strong>C\u00f3digo \u00c9tico de Proveedores<\/strong><\/h2>\n\n\n\n<p>El C\u00f3digo de \u00e9tica para proveedores establece los principios b\u00e1sicos que deben regir el comportamiento de los proveedores en su relaci\u00f3n comercial con Ferrovial.<\/p>\n\n\n\n<p>Exigimos a nuestros proveedores el rechazo absoluto a todo acto que pueda ser considerado como corrupci\u00f3n o soborno de cualquier tipo. Adem\u00e1s, requerimos el cumplimiento estricto de la legislaci\u00f3n anticorrupci\u00f3n aplicable en cada momento en los pa\u00edses en los que opera.<\/p>\n\n\n\n<p>Promovemos y esperamos que estos principios sean compartidos por todos nuestros proveedores, quienes los asumir\u00e1n y, al mismo tiempo, los trasladar\u00e1n a sus propios proveedores y subcontratistas en las relaciones comerciales que mantengan con Ferrovial.<\/p>\n\n\n    \n    <a class='rich-link' href=\"https:\/\/static.ferrovial.com\/wp-content\/uploads\/2025\/10\/20171425\/codigo-etico-proveedores.pdf\" title=\"Descarga el C\u00f3digo de \u00e9tica para proveedores\" target='_blank'>\n        <span>Descarga el C\u00f3digo de \u00e9tica para proveedores<\/span>\n        <img decoding=\"async\" src=\"https:\/\/www.ferrovial.com\/wp-content\/themes\/global\/front\/dist\/static\/img\/icon-download.svg\" alt='download link'>\n    <\/a>\n\n    <\/div><\/m-wysiwig>\n","protected":false},"excerpt":{"rendered":"","protected":false},"featured_media":0,"parent":131454,"menu_order":0,"comment_status":"closed","ping_status":"closed","template":"","meta":{"_acf_changed":false,"footnotes":""},"class_list":["post-131449","page","type-page","status-publish","hentry"],"acf":[],"yoast_head":"<!-- This site is optimized with the Yoast SEO plugin v27.2 - https:\/\/yoast.com\/product\/yoast-seo-wordpress\/ -->\n<title>C\u00f3digo \u00c9tico - Responsabilidad Social Corporativa - Ferrovial<\/title>\n<meta name=\"description\" content=\"El C\u00f3digo de \u00c9tica empresarial de Ferrovial pretende establecer los principios b\u00e1sicos a los que debe atenerse el comportamiento de las empresas integrantes.\" \/>\n<meta name=\"robots\" content=\"index, follow, max-snippet:-1, max-image-preview:large, max-video-preview:-1\" \/>\n<link rel=\"canonical\" href=\"https:\/\/www.ferrovial.com\/es-la\/sostenibilidad\/etica\/codigo-etico\/\" \/>\n<meta property=\"og:locale\" content=\"es_ES\" \/>\n<meta property=\"og:type\" content=\"article\" \/>\n<meta property=\"og:title\" content=\"C\u00f3digo \u00c9tico - Responsabilidad Social Corporativa - Ferrovial\" \/>\n<meta property=\"og:description\" content=\"El C\u00f3digo de \u00c9tica empresarial de Ferrovial pretende establecer los principios b\u00e1sicos a los que debe atenerse el comportamiento de las empresas integrantes.\" \/>\n<meta property=\"og:url\" content=\"https:\/\/www.ferrovial.com\/es-la\/sostenibilidad\/etica\/codigo-etico\/\" \/>\n<meta property=\"og:site_name\" content=\"Ferrovial\" \/>\n<meta property=\"article:publisher\" content=\"https:\/\/www.facebook.com\/ferrovial\" \/>\n<meta property=\"article:modified_time\" content=\"2026-03-25T09:16:02+00:00\" \/>\n<meta name=\"twitter:card\" content=\"summary_large_image\" \/>\n<meta name=\"twitter:site\" content=\"@ferrovial\" \/>\n<meta name=\"twitter:label1\" content=\"Est. reading time\" \/>\n\t<meta name=\"twitter:data1\" content=\"2 minutes\" \/>\n<!-- \/ Yoast SEO plugin. -->","yoast_head_json":{"title":"C\u00f3digo \u00c9tico - Responsabilidad Social Corporativa - Ferrovial","description":"El C\u00f3digo de \u00c9tica empresarial de Ferrovial pretende establecer los principios b\u00e1sicos a los que debe atenerse el comportamiento de las empresas integrantes.","robots":{"index":"index","follow":"follow","max-snippet":"max-snippet:-1","max-image-preview":"max-image-preview:large","max-video-preview":"max-video-preview:-1"},"canonical":"https:\/\/www.ferrovial.com\/es-la\/sostenibilidad\/etica\/codigo-etico\/","og_locale":"es_ES","og_type":"article","og_title":"C\u00f3digo \u00c9tico - Responsabilidad Social Corporativa - Ferrovial","og_description":"El C\u00f3digo de \u00c9tica empresarial de Ferrovial pretende establecer los principios b\u00e1sicos a los que debe atenerse el comportamiento de las empresas integrantes.","og_url":"https:\/\/www.ferrovial.com\/es-la\/sostenibilidad\/etica\/codigo-etico\/","og_site_name":"Ferrovial","article_publisher":"https:\/\/www.facebook.com\/ferrovial","article_modified_time":"2026-03-25T09:16:02+00:00","twitter_card":"summary_large_image","twitter_site":"@ferrovial","twitter_misc":{"Est. reading time":"2 minutes"},"schema":{"@context":"https:\/\/schema.org","@graph":[{"@type":"WebPage","@id":"https:\/\/www.ferrovial.com\/es-la\/sostenibilidad\/etica\/codigo-etico\/","url":"https:\/\/www.ferrovial.com\/es-la\/sostenibilidad\/etica\/codigo-etico\/","name":"C\u00f3digo \u00c9tico - Responsabilidad Social Corporativa - Ferrovial","isPartOf":{"@id":"https:\/\/www.ferrovial.com\/es-la\/#website"},"datePublished":"2019-09-05T13:59:39+00:00","dateModified":"2026-03-25T09:16:02+00:00","description":"El C\u00f3digo de \u00c9tica empresarial de Ferrovial pretende establecer los principios b\u00e1sicos a los que debe atenerse el comportamiento de las empresas integrantes.","breadcrumb":{"@id":"https:\/\/www.ferrovial.com\/es-la\/sostenibilidad\/etica\/codigo-etico\/#breadcrumb"},"inLanguage":"es-419","potentialAction":[{"@type":"ReadAction","target":["https:\/\/www.ferrovial.com\/es-la\/sostenibilidad\/etica\/codigo-etico\/"]}]},{"@type":"BreadcrumbList","@id":"https:\/\/www.ferrovial.com\/es-la\/sostenibilidad\/etica\/codigo-etico\/#breadcrumb","itemListElement":[{"@type":"ListItem","position":1,"name":"Portada","item":"https:\/\/www.ferrovial.com\/es-la\/"},{"@type":"ListItem","position":2,"name":"Sostenibilidad","item":"https:\/\/www.ferrovial.com\/es-la\/sostenibilidad\/"},{"@type":"ListItem","position":3,"name":"\u00c9tica","item":"https:\/\/www.ferrovial.com\/es-la\/sostenibilidad\/etica\/"},{"@type":"ListItem","position":4,"name":"C\u00f3digo de \u00e9tica"}]},{"@type":"WebSite","@id":"https:\/\/www.ferrovial.com\/es-la\/#website","url":"https:\/\/www.ferrovial.com\/es-la\/","name":"Ferrovial","description":"Welcome to the Ferrovial&#039;s website, global operator of sustainable infrastructure. Here you can find all the information about the company and subsidiaries.","publisher":{"@id":"https:\/\/www.ferrovial.com\/es-la\/#organization"},"potentialAction":[{"@type":"SearchAction","target":{"@type":"EntryPoint","urlTemplate":"https:\/\/www.ferrovial.com\/es-la\/?s={search_term_string}"},"query-input":{"@type":"PropertyValueSpecification","valueRequired":true,"valueName":"search_term_string"}}],"inLanguage":"es-419"},{"@type":"Organization","@id":"https:\/\/www.ferrovial.com\/es-la\/#organization","name":"Ferrovial S.A.","url":"https:\/\/www.ferrovial.com\/es-la\/","logo":{"@type":"ImageObject","inLanguage":"es-419","@id":"https:\/\/www.ferrovial.com\/es-la\/#\/schema\/logo\/image\/","url":"https:\/\/static.ferrovial.com\/wp-content\/uploads\/2020\/01\/13124948\/logo-ferrovial-cf7.png","contentUrl":"https:\/\/static.ferrovial.com\/wp-content\/uploads\/2020\/01\/13124948\/logo-ferrovial-cf7.png","width":144,"height":32,"caption":"Ferrovial S.A."},"image":{"@id":"https:\/\/www.ferrovial.com\/es-la\/#\/schema\/logo\/image\/"},"sameAs":["https:\/\/www.facebook.com\/ferrovial","https:\/\/x.com\/ferrovial","https:\/\/www.instagram.com\/ferrovial\/","https:\/\/www.linkedin.com\/company\/ferrovial","https:\/\/www.pinterest.es\/ferrovial\/","https:\/\/www.youtube.com\/ferrovial","https:\/\/en.wikipedia.org\/wiki\/Ferrovial"]}]}},"_links":{"self":[{"href":"https:\/\/www.ferrovial.com\/es-la\/wp-json\/wp\/v2\/pages\/131449","targetHints":{"allow":["GET"]}}],"collection":[{"href":"https:\/\/www.ferrovial.com\/es-la\/wp-json\/wp\/v2\/pages"}],"about":[{"href":"https:\/\/www.ferrovial.com\/es-la\/wp-json\/wp\/v2\/types\/page"}],"replies":[{"embeddable":true,"href":"https:\/\/www.ferrovial.com\/es-la\/wp-json\/wp\/v2\/comments?post=131449"}],"version-history":[{"count":3,"href":"https:\/\/www.ferrovial.com\/es-la\/wp-json\/wp\/v2\/pages\/131449\/revisions"}],"predecessor-version":[{"id":328801,"href":"https:\/\/www.ferrovial.com\/es-la\/wp-json\/wp\/v2\/pages\/131449\/revisions\/328801"}],"up":[{"embeddable":true,"href":"https:\/\/www.ferrovial.com\/es-la\/wp-json\/wp\/v2\/pages\/131454"}],"wp:attachment":[{"href":"https:\/\/www.ferrovial.com\/es-la\/wp-json\/wp\/v2\/media?parent=131449"}],"curies":[{"name":"wp","href":"https:\/\/api.w.org\/{rel}","templated":true}]}}