{"id":131480,"date":"2019-09-05T17:12:48","date_gmt":"2019-09-05T15:12:48","guid":{"rendered":"https:\/\/www.ferrovial.com\/empleo\/"},"modified":"2025-01-10T09:37:51","modified_gmt":"2025-01-10T08:37:51","slug":"empleo","status":"publish","type":"page","link":"https:\/\/www.ferrovial.com\/es-la\/empleo\/","title":{"rendered":"Empleo"},"content":{"rendered":"\n    <m-recommender-workday type='video' formaction='https:\/\/www.ferrovial.com\/es-la\/empleo\/ofertas\/' formmethod='get' :translations='{\n        &quot;play&quot;:&quot;Reproducir v\u00eddeo de fondo&quot;,\n        &quot;pause&quot;:&quot;Pausar v\u00eddeo de fondo&quot;\n    }' videosource='https:\/\/static.ferrovial.com\/wp-content\/uploads\/2022\/11\/11103914\/ferrovial-loop-careers-221111.mp4' poster='https:\/\/static.ferrovial.com\/wp-content\/uploads\/2020\/01\/13130342\/lbj_cmyk-1-1920x1080.jpg'>\n                \n                \n        <p slot=\"maintext\">\n            <span>\n                            <\/span>\n            <span>\n                Busco una oportunidad profesional            <\/span>\n            <span>\n                en            <\/span>\n        <\/p>\n        <select slot=\"select\" type='type1' name=\"candidate_profile_job_posting\" label=\"Candidate Profile\">\n            <option>Candidate Profile<\/option>\n                                    <option value=\"Becas y Graduados\">\n                            Becas y Graduados                        <\/option>\n                                                <option value=\"Operarios\">\n                            Operarios                        <\/option>\n                                                <option value=\"Profesionales con experiencia\">\n                            Profesionales con experiencia                        <\/option>\n                                <\/select>\n            \n        <select slot=\"select\" type='type1' name=\"country_job_posting\" label=\"Pa\u00eds\">\n            <option>Pa\u00eds<\/option>\n                                    <option value=\"Australia\">\n                            Australia                        <\/option>\n                                                <option value=\"Canad\u00e1\">\n                            Canad\u00e1                        <\/option>\n                                                <option value=\"Chile\">\n                            Chile                        <\/option>\n                                                <option value=\"Espa\u00f1a\">\n                            Espa\u00f1a                        <\/option>\n                                                <option value=\"Estados Unidos\">\n                            Estados Unidos                        <\/option>\n                                                <option value=\"Francia\">\n                            Francia                        <\/option>\n                                                <option value=\"Irlanda\">\n                            Irlanda                        <\/option>\n                                                <option value=\"Per\u00fa\">\n                            Per\u00fa                        <\/option>\n                                                <option value=\"Portugal\">\n                            Portugal                        <\/option>\n                                                <option value=\"Puerto Rico\">\n                            Puerto Rico                        <\/option>\n                                                <option value=\"Reino Unido\">\n                            Reino Unido                        <\/option>\n                                <\/select>\n        <c-button-submit slot=\"button\" type=\"primary\" title=\"Encuentra tu oportunidad\" href=\"#\" padding=\"s\">\n            Encuentra tu oportunidad        <\/c-button-submit>\n    <\/m-recommender-workday>\n\n    \n\n    <m-introduction-subhome type='primary' pathfront='1' pathback='2' icon='educacion'>\n        <img decoding=\"async\" class=\"dots \" slot=\"bg\" src=\"https:\/\/www.ferrovial.com\/wp-content\/themes\/global\/front\/dist\/static\/img\/dots.svg\" alt=\"\" \/>\n                        <h3 slot=\"title\">\n                    \u00bfBuscas una carrera con impacto real?                <\/h3>\n                                <p slot=\"description\">\n                    Te ofrecemos la oportunidad de crecer profesionalmente, trabajar a nivel global y formar parte de un equipo que asume retos ambiciosos en el sector de las infraestructuras.                <\/p>\n                    <\/m-introduction-subhome>\n    \n\n\n<m-wysiwig class=\"wp-block-components-wysiwyg\"><div slot=\"maincontent\">\n<p>\u00danete a un l\u00edder global en infraestructuras que opera en m\u00e1s de 15 mercados, cotiza simult\u00e1neamente en 3 mercados burs\u00e1tiles: EE.UU. (Nasdaq), Pa\u00edses Bajos (Euronext Amsterdam) y Espa\u00f1a (IBEX 35), y es miembro del \u00cdndice Dow Jones de Sostenibilidad y del FTSE4Good.<\/p>\n\n\n\n<p><br>Afronta los retos m\u00e1s cr\u00edticos del mundo, desarrolla soluciones innovadoras y sostenibles, y \u00fanete a un equipo de colaboraci\u00f3n que valora la excelencia. Mentes brillantes que trabajamos juntos para alcanzar objetivos grandes y complejos.<\/p>\n<\/div><\/m-wysiwig>\n\n\n\n    <m-distributor-basic video='true'>\n                        <h3 slot=\"title\">\n                    \u00bfPor qu\u00e9 Ferrovial?                <\/h3>\n                                <p slot=\"text\">\n                    Construimos m\u00e1s que infraestructuras, creamos oportunidades                <\/p>\n                                    <c-button slot='cta' type='primary' disabled='false' href='#'>\n                        <span>Conoce m\u00e1s aqu\u00ed<\/span>\n                                        <\/c-button>\n                    \n                        <c-background-video slot='video' :sources='[&quot;https:\/\/static.ferrovial.com\/wp-content\/uploads\/2019\/11\/13140746\/03_web.mp4&quot;]' position='center' poster='https:\/\/static.ferrovial.com\/wp-content\/uploads\/2019\/11\/13140744\/fotobucle-web03.png'>\n                <\/c-background-video>\n                \n\n    <\/m-distributor-basic>\n    \n\n    <m-careers>\n                            <section slot=\"careers\">\n                        <div>\n                                                                <h2>\n                                        Empleo                                    <\/h2>\n                                                                        <h3>\n                                        \u00a1Forma parte de nuestro equipo!                                    <\/h3>\n                                                                <blockquote>\n                                                                <img decoding=\"async\" src=\"https:\/\/static.ferrovial.com\/wp-content\/uploads\/2019\/12\/13140724\/martavivas_testimonios-1.png\" alt=\"Marta Vivas Testimonios\" \/>\n                                <p>La mejor parte de pertenecer al equipo de Ferrovial es saber que en mis manos est\u00e1 la posibilidad de cambiar el mundo.<\/p>\n\n                                                                        <footer>\n                                                                                                <cite>\n                                                        Beatriz Redondo                                                    <\/cite>\n                                                                                                        <p>\n                                                        Coordinadora de Finanzas de Irlanda                                                    <\/p>\n                                                                                            <\/footer>\n                                                                    <\/blockquote>\n\n                                                                <nav>\n                                        <ul>\n                                                                                                <li>\n                                                        <a href=\"\" title=\"Becas y graduados\" target=\"\" icon=\"\">\n                                                            Becas y graduados                                                        <\/a>\n                                                    <\/li>\n                                                                                                        <li>\n                                                        <a href=\"\" title=\"Ofertas de empleo\" target=\"\" icon=\"\">\n                                                            Ofertas de empleo                                                        <\/a>\n                                                    <\/li>\n                                                                                                        <li>\n                                                        <a href=\"\" title=\"Operarios y oficios\" target=\"\" icon=\"\">\n                                                            Operarios y oficios                                                        <\/a>\n                                                    <\/li>\n                                                                                            <\/ul>\n                                    <\/nav>\n                                                            <\/div>\n                    <\/section>\n                                    <section slot=\"careers\">\n                        <div>\n                                                                <h2>\n                                        Empleo                                    <\/h2>\n                                                                        <h3>\n                                        \u00a1Forma parte de nuestro equipo!                                    <\/h3>\n                                                                <blockquote>\n                                                                <img decoding=\"async\" src=\"https:\/\/static.ferrovial.com\/wp-content\/uploads\/2019\/12\/13140723\/crossrail_testimonio.png\" alt=\"testimonio proyecto crossrail de Ferrovial\" \/>\n                                <p>Soy parte de la mayor obra de ingenier\u00eda civil en Europa para mejorar la movilidad en Londres.<\/p>\n\n                                                                        <footer>\n                                                                                                <cite>\n                                                        Grant Mobbs                                                    <\/cite>\n                                                                                                        <p>\n                                                        Director de Desarrollo de Negocio                                                    <\/p>\n                                                                                            <\/footer>\n                                                                    <\/blockquote>\n\n                                                                <nav>\n                                        <ul>\n                                                                                                <li>\n                                                        <a href=\"\" title=\"Becas y graduados\" target=\"\" icon=\"\">\n                                                            Becas y graduados                                                        <\/a>\n                                                    <\/li>\n                                                                                                        <li>\n                                                        <a href=\"\" title=\"Ofertas de empleo\" target=\"\" icon=\"\">\n                                                            Ofertas de empleo                                                        <\/a>\n                                                    <\/li>\n                                                                                                        <li>\n                                                        <a href=\"\" title=\"Operarios y oficios\" target=\"\" icon=\"\">\n                                                            Operarios y oficios                                                        <\/a>\n                                                    <\/li>\n                                                                                            <\/ul>\n                                    <\/nav>\n                                                            <\/div>\n                    <\/section>\n                                    <section slot=\"careers\">\n                        <div>\n                                                                <h2>\n                                        Empleo                                    <\/h2>\n                                                                        <h3>\n                                        \u00a1Forma parte de nuestro equipo!                                    <\/h3>\n                                                                <blockquote>\n                                                                <img decoding=\"async\" src=\"https:\/\/static.ferrovial.com\/wp-content\/uploads\/2019\/12\/13140718\/condores_testimonio.png\" alt=\"empleado real ferrovial agroman chile\" \/>\n                                <p>Soy parte del equipo que construye una central hidroel\u00e9ctrica en plena cordillera de los Andes. <\/p>\n\n                                                                        <footer>\n                                                                                                <cite>\n                                                        Jos\u00e9 Francisco S\u00e1nchez                                                    <\/cite>\n                                                                                                        <p>\n                                                        Gerente Ferrovial Agroman Chile                                                     <\/p>\n                                                                                            <\/footer>\n                                                                    <\/blockquote>\n\n                                                                <nav>\n                                        <ul>\n                                                                                                <li>\n                                                        <a href=\"\" title=\"Becas y graduados\" target=\"\" icon=\"\">\n                                                            Becas y graduados                                                        <\/a>\n                                                    <\/li>\n                                                                                                        <li>\n                                                        <a href=\"\" title=\"Ofertas de empleo\" target=\"\" icon=\"\">\n                                                            Ofertas de empleo                                                        <\/a>\n                                                    <\/li>\n                                                                                                        <li>\n                                                        <a href=\"\" title=\"Operarios y oficios\" target=\"\" icon=\"\">\n                                                            Operarios y oficios                                                        <\/a>\n                                                    <\/li>\n                                                                                            <\/ul>\n                                    <\/nav>\n                                                            <\/div>\n                    <\/section>\n                    <\/m-careers>\n\n    \n\n\n<m-wysiwig class=\"wp-block-components-wysiwyg\"><div slot=\"maincontent\">\n<h2 class=\"wp-block-heading\">Hay una oportunidad para ti<\/h2>\n\n\n\n<ul class=\"wp-block-list\">\n<li><strong>Estudiantes y licenciados: <\/strong>Desbloquea tus habilidades y construye un futuro mejor: Explora los programas de postgrado de Ferrovial y emprende un camino de crecimiento e innovaci\u00f3n continuos.<\/li>\n\n\n\n<li><strong>Profesionales con experiencia: <\/strong>Eleva tu carrera profesional: Da el siguiente paso con Ferrovial. Explora puestos desafiantes con oportunidades para liderar y tener un impacto global.<\/li>\n\n\n\n<li><strong>Oficios: <\/strong>\u00danete a un equipo que valora la excelencia: Colabora con profesionales cualificados y enorgull\u00e9cete de la artesan\u00eda de alta calidad.<\/li>\n<\/ul>\n<\/div><\/m-wysiwig>\n\n\n\n    <m-distributor-basic video='true'>\n                        <h3 slot=\"title\">\n                    Seize the challenge. Move the world together                <\/h3>\n                                <p slot=\"text\">\n                    \u00danete  para dar forma a un futuro en el que los retos nos lleven a soluciones transformadoras                <\/p>\n                                    <c-button slot='cta' type='primary' disabled='false' href='#'>\n                        <span>Clica aqu\u00ed y da forma al futuro con nosotros<\/span>\n                                        <\/c-button>\n                    \n                        <c-background-video slot='video' :sources='[&quot;https:\/\/static.ferrovial.com\/wp-content\/uploads\/2019\/11\/13140746\/03_web.mp4&quot;]' position='center' poster='https:\/\/static.ferrovial.com\/wp-content\/uploads\/2019\/11\/13140744\/fotobucle-web03.png'>\n                <\/c-background-video>\n                \n\n    <\/m-distributor-basic>\n    ","protected":false},"excerpt":{"rendered":"","protected":false},"featured_media":0,"parent":0,"menu_order":0,"comment_status":"closed","ping_status":"closed","template":"","meta":{"_acf_changed":false,"footnotes":""},"class_list":["post-131480","page","type-page","status-publish","hentry"],"acf":[],"yoast_head":"<!-- This site is optimized with the Yoast SEO plugin v27.2 - https:\/\/yoast.com\/product\/yoast-seo-wordpress\/ -->\n<title>Empleo y becas en el extranjero: EEUU, UK, Espa\u00f1a... - Ferrovial<\/title>\n<meta name=\"description\" content=\"Descubre ofertas de empleo y becas en el extranjero para j\u00f3venes con talento. Tenemos presencia en EEUU, UK, Espa\u00f1a, Australia, Canada, Chile, Portugal ...\" \/>\n<meta name=\"robots\" content=\"index, follow, max-snippet:-1, max-image-preview:large, max-video-preview:-1\" \/>\n<link rel=\"canonical\" href=\"https:\/\/www.ferrovial.com\/es-la\/empleo\/\" \/>\n<meta property=\"og:locale\" content=\"es_ES\" \/>\n<meta property=\"og:type\" content=\"article\" \/>\n<meta property=\"og:title\" content=\"Empleo y becas en el extranjero: EEUU, UK, Espa\u00f1a... - Ferrovial\" \/>\n<meta property=\"og:description\" content=\"Descubre ofertas de empleo y becas en el extranjero para j\u00f3venes con talento. Tenemos presencia en EEUU, UK, Espa\u00f1a, Australia, Canada, Chile, Portugal ...\" \/>\n<meta property=\"og:url\" content=\"https:\/\/www.ferrovial.com\/es-la\/empleo\/\" \/>\n<meta property=\"og:site_name\" content=\"Ferrovial\" \/>\n<meta property=\"article:publisher\" content=\"https:\/\/www.facebook.com\/ferrovial\" \/>\n<meta property=\"article:modified_time\" content=\"2025-01-10T08:37:51+00:00\" \/>\n<meta property=\"og:image\" content=\"https:\/\/www.ferrovial.com\/wp-content\/themes\/global\/front\/dist\/static\/img\/dots.svg\" \/>\n<meta name=\"twitter:card\" content=\"summary_large_image\" \/>\n<meta name=\"twitter:site\" content=\"@ferrovial\" \/>\n<meta name=\"twitter:label1\" content=\"Est. reading time\" \/>\n\t<meta name=\"twitter:data1\" content=\"2 minutes\" \/>\n<!-- \/ Yoast SEO plugin. -->","yoast_head_json":{"title":"Empleo y becas en el extranjero: EEUU, UK, Espa\u00f1a... - Ferrovial","description":"Descubre ofertas de empleo y becas en el extranjero para j\u00f3venes con talento. Tenemos presencia en EEUU, UK, Espa\u00f1a, Australia, Canada, Chile, Portugal ...","robots":{"index":"index","follow":"follow","max-snippet":"max-snippet:-1","max-image-preview":"max-image-preview:large","max-video-preview":"max-video-preview:-1"},"canonical":"https:\/\/www.ferrovial.com\/es-la\/empleo\/","og_locale":"es_ES","og_type":"article","og_title":"Empleo y becas en el extranjero: EEUU, UK, Espa\u00f1a... - Ferrovial","og_description":"Descubre ofertas de empleo y becas en el extranjero para j\u00f3venes con talento. Tenemos presencia en EEUU, UK, Espa\u00f1a, Australia, Canada, Chile, Portugal ...","og_url":"https:\/\/www.ferrovial.com\/es-la\/empleo\/","og_site_name":"Ferrovial","article_publisher":"https:\/\/www.facebook.com\/ferrovial","article_modified_time":"2025-01-10T08:37:51+00:00","og_image":[{"url":"https:\/\/www.ferrovial.com\/wp-content\/themes\/global\/front\/dist\/static\/img\/dots.svg","type":"","width":"","height":""}],"twitter_card":"summary_large_image","twitter_site":"@ferrovial","twitter_misc":{"Est. reading time":"2 minutes"},"schema":{"@context":"https:\/\/schema.org","@graph":[{"@type":"WebPage","@id":"https:\/\/www.ferrovial.com\/es-la\/empleo\/","url":"https:\/\/www.ferrovial.com\/es-la\/empleo\/","name":"Empleo y becas en el extranjero: EEUU, UK, Espa\u00f1a... - Ferrovial","isPartOf":{"@id":"https:\/\/www.ferrovial.com\/es-la\/#website"},"primaryImageOfPage":{"@id":"https:\/\/www.ferrovial.com\/es-la\/empleo\/#primaryimage"},"image":{"@id":"https:\/\/www.ferrovial.com\/es-la\/empleo\/#primaryimage"},"thumbnailUrl":"https:\/\/www.ferrovial.com\/wp-content\/themes\/global\/front\/dist\/static\/img\/dots.svg","datePublished":"2019-09-05T15:12:48+00:00","dateModified":"2025-01-10T08:37:51+00:00","description":"Descubre ofertas de empleo y becas en el extranjero para j\u00f3venes con talento. Tenemos presencia en EEUU, UK, Espa\u00f1a, Australia, Canada, Chile, Portugal ...","breadcrumb":{"@id":"https:\/\/www.ferrovial.com\/es-la\/empleo\/#breadcrumb"},"inLanguage":"es-419","potentialAction":[{"@type":"ReadAction","target":["https:\/\/www.ferrovial.com\/es-la\/empleo\/"]}]},{"@type":"ImageObject","inLanguage":"es-419","@id":"https:\/\/www.ferrovial.com\/es-la\/empleo\/#primaryimage","url":"https:\/\/www.ferrovial.com\/wp-content\/themes\/global\/front\/dist\/static\/img\/dots.svg","contentUrl":"https:\/\/www.ferrovial.com\/wp-content\/themes\/global\/front\/dist\/static\/img\/dots.svg"},{"@type":"BreadcrumbList","@id":"https:\/\/www.ferrovial.com\/es-la\/empleo\/#breadcrumb","itemListElement":[{"@type":"ListItem","position":1,"name":"Portada","item":"https:\/\/www.ferrovial.com\/es-la\/"},{"@type":"ListItem","position":2,"name":"Empleo"}]},{"@type":"WebSite","@id":"https:\/\/www.ferrovial.com\/es-la\/#website","url":"https:\/\/www.ferrovial.com\/es-la\/","name":"Ferrovial","description":"Welcome to the Ferrovial&#039;s website, global operator of sustainable infrastructure. Here you can find all the information about the company and subsidiaries.","publisher":{"@id":"https:\/\/www.ferrovial.com\/es-la\/#organization"},"potentialAction":[{"@type":"SearchAction","target":{"@type":"EntryPoint","urlTemplate":"https:\/\/www.ferrovial.com\/es-la\/?s={search_term_string}"},"query-input":{"@type":"PropertyValueSpecification","valueRequired":true,"valueName":"search_term_string"}}],"inLanguage":"es-419"},{"@type":"Organization","@id":"https:\/\/www.ferrovial.com\/es-la\/#organization","name":"Ferrovial S.A.","url":"https:\/\/www.ferrovial.com\/es-la\/","logo":{"@type":"ImageObject","inLanguage":"es-419","@id":"https:\/\/www.ferrovial.com\/es-la\/#\/schema\/logo\/image\/","url":"https:\/\/static.ferrovial.com\/wp-content\/uploads\/2020\/01\/13124948\/logo-ferrovial-cf7.png","contentUrl":"https:\/\/static.ferrovial.com\/wp-content\/uploads\/2020\/01\/13124948\/logo-ferrovial-cf7.png","width":144,"height":32,"caption":"Ferrovial S.A."},"image":{"@id":"https:\/\/www.ferrovial.com\/es-la\/#\/schema\/logo\/image\/"},"sameAs":["https:\/\/www.facebook.com\/ferrovial","https:\/\/x.com\/ferrovial","https:\/\/www.instagram.com\/ferrovial\/","https:\/\/www.linkedin.com\/company\/ferrovial","https:\/\/www.pinterest.es\/ferrovial\/","https:\/\/www.youtube.com\/ferrovial","https:\/\/en.wikipedia.org\/wiki\/Ferrovial"]}]}},"_links":{"self":[{"href":"https:\/\/www.ferrovial.com\/es-la\/wp-json\/wp\/v2\/pages\/131480","targetHints":{"allow":["GET"]}}],"collection":[{"href":"https:\/\/www.ferrovial.com\/es-la\/wp-json\/wp\/v2\/pages"}],"about":[{"href":"https:\/\/www.ferrovial.com\/es-la\/wp-json\/wp\/v2\/types\/page"}],"replies":[{"embeddable":true,"href":"https:\/\/www.ferrovial.com\/es-la\/wp-json\/wp\/v2\/comments?post=131480"}],"version-history":[{"count":3,"href":"https:\/\/www.ferrovial.com\/es-la\/wp-json\/wp\/v2\/pages\/131480\/revisions"}],"predecessor-version":[{"id":297352,"href":"https:\/\/www.ferrovial.com\/es-la\/wp-json\/wp\/v2\/pages\/131480\/revisions\/297352"}],"wp:attachment":[{"href":"https:\/\/www.ferrovial.com\/es-la\/wp-json\/wp\/v2\/media?parent=131480"}],"curies":[{"name":"wp","href":"https:\/\/api.w.org\/{rel}","templated":true}]}}