{"id":131490,"date":"2019-09-06T09:28:21","date_gmt":"2019-09-06T07:28:21","guid":{"rendered":"https:\/\/www.ferrovial.com\/empleo\/graduate-programme\/"},"modified":"2025-01-17T13:57:54","modified_gmt":"2025-01-17T12:57:54","slug":"graduate-program","status":"publish","type":"page","link":"https:\/\/www.ferrovial.com\/es-la\/empleo\/graduate-program\/","title":{"rendered":"Becas y graduados"},"content":{"rendered":"    <m-final-content-header bgimage='https:\/\/static.ferrovial.com\/wp-content\/uploads\/2024\/06\/19171229\/murcia-personas-fotoshooting-108-1280x720.jpg'>\n            <c-breadcrumb label-text=\"Breadcrumb\" slot=\"breadcrumbs\" type='2' align='left' wrap='wrapped wrapped' aria-label='Vienes de Empleo'>\n                        <ol>\n\n                                                            <li><a href=\"https:\/\/www.ferrovial.com\/es-la\/\" title=\"Ferrovial\">Ferrovial<\/a><\/li>\n                                                                        <li><a href=\"https:\/\/www.ferrovial.com\/es\/empleo\/\" title=\"Empleo\">Empleo<\/a><\/li>\n                                    \n                <\/ol>\n\n                <\/c-breadcrumb>\n    \n        <div slot=\"header\">\n            <h1>\n                Becas y graduados            <\/h1>\n                    <\/div>\n    <\/m-final-content-header>\n\n    \n\n\n<m-wysiwig class=\"wp-block-components-wysiwyg\"><div slot=\"maincontent\">\n<h2 class=\"wp-block-heading\"><strong>\u00bfEst\u00e1s preparado para un verdadero reto?<\/strong><\/h2>\n\n\n\n<p>Desarrolla una carrera profesional significativa, global, y marca la diferencia con nosotros. Aqu\u00ed la colaboraci\u00f3n y la innovaci\u00f3n nos impulsan como l\u00edder mundial en infraestructuras.<\/p>\n<\/div><\/m-wysiwig>\n\n\n\n    <m-distributor-basic video='true'>\n                        <h3 slot=\"title\">\n                    Seize the challenge. Move the world together                <\/h3>\n                                <p slot=\"text\">\n                    \u00danete  para dar forma a un futuro en el que los retos nos lleven a soluciones transformadoras                <\/p>\n                                    <c-button slot='cta' type='primary' disabled='false' href='#'>\n                        <span>Clica aqu\u00ed y da forma al futuro con nosotros<\/span>\n                                        <\/c-button>\n                    \n                        <c-background-video slot='video' :sources='[&quot;https:\/\/static.ferrovial.com\/wp-content\/uploads\/2019\/11\/13140746\/03_web.mp4&quot;]' position='center' poster='https:\/\/static.ferrovial.com\/wp-content\/uploads\/2019\/11\/13140744\/fotobucle-web03.png'>\n                <\/c-background-video>\n                \n\n    <\/m-distributor-basic>\n    \n\n    <m-multiple-distributor columns='4'>\n                        <p slot=\"title\">\n                    Gana experiencia en:                <\/p>\n                                    <div class=\"card\">\n                                                <img decoding=\"async\" src=\"https:\/\/static.ferrovial.com\/wp-content\/uploads\/2024\/06\/19171415\/imacor20230518-0879-600x800.jpg\" alt=\"Equipo de Ferrovial trabajando en un proyecto - talento\" position=\"center center\" \/>\n                                                        <p class=\"name\">Project Management<\/p>\n                                                                    <p class=\"description\">Descripci\u00f3n por defecto<\/p>\n                                                    <\/div>\n                                        <div class=\"card\">\n                                                <img decoding=\"async\" src=\"https:\/\/static.ferrovial.com\/wp-content\/uploads\/2024\/06\/19171134\/hq-madrid-rdl3-personas-fotoshooting-31-600x800.jpg\" alt=\"Equipo de Ferrovial reunido - talento\" position=\"center center\" \/>\n                                                        <p class=\"name\">Desarrollo profesional<\/p>\n                                                                    <p class=\"description\">Descripci\u00f3n por defecto<\/p>\n                                                    <\/div>\n                                        <div class=\"card\">\n                                                <img decoding=\"async\" src=\"https:\/\/static.ferrovial.com\/wp-content\/uploads\/2024\/06\/19171200\/bcn-la-sagrera-personas-fotoshooting-30-600x800.jpg\" alt=\"Equipo de Ferrovial trabajando en un proyecto - talento\" position=\"center center\" \/>\n                                                        <p class=\"name\">Colaboraci\u00f3n Global<\/p>\n                                                                    <p class=\"description\">Descripci\u00f3n por defecto<\/p>\n                                                    <\/div>\n                                        <div class=\"card\">\n                                                <img decoding=\"async\" src=\"https:\/\/static.ferrovial.com\/wp-content\/uploads\/2024\/06\/19171323\/imacor20230524-2980-600x800.jpg\" alt=\"Equipo de Ferrovial trabajando en un proyecto - talento\" position=\"center center\" \/>\n                                                        <p class=\"name\">Cultura empresarial<\/p>\n                                                                    <p class=\"description\">Descripci\u00f3n por defecto<\/p>\n                                                    <\/div>\n                        <\/m-multiple-distributor>\n\n    \n\n    <m-careers>\n                            <section slot=\"careers\">\n                        <div>\n                                                                <h2>\n                                        Carrera                                    <\/h2>\n                                                                        <h3>\n                                        \u00danete a nuestro equipo                                    <\/h3>\n                                                                <blockquote>\n                                                                <img decoding=\"async\" src=\"https:\/\/static.ferrovial.com\/wp-content\/uploads\/2024\/06\/24135518\/scarleett-woods-ferrovial-construction-talent.png\" alt=\"Scarleett-Woods-Ferrovial-Construction-talent\" \/>\n                                <p>Ferrovial es una organizaci\u00f3n que comparte mi pasi\u00f3n por el desarrollo innovador y sostenible en todo el mundo.<\/p>\n\n                                                                        <footer>\n                                                                                                <cite>\n                                                        Scarlett Woods                                                    <\/cite>\n                                                                                                        <p>\n                                                        Senior Environment Graduate                                                    <\/p>\n                                                                                            <\/footer>\n                                                                    <\/blockquote>\n\n                                                                <nav>\n                                        <ul>\n                                                                                                <li>\n                                                        <a href=\"\" title=\"Clica aqu\u00ed y da forma al futuro con nosotros\" target=\"\" icon=\"\">\n                                                            Clica aqu\u00ed y da forma al futuro con nosotros                                                        <\/a>\n                                                    <\/li>\n                                                                                            <\/ul>\n                                    <\/nav>\n                                                            <\/div>\n                    <\/section>\n                    <\/m-careers>\n\n    \n\n    <m-projects-distributor2 :translations='{\n        &quot;prev&quot;:&quot;Anterior&quot;,\n        &quot;next&quot;:&quot;Siguiente&quot;,\n        &quot;paginationseparator&quot;:&quot;de&quot;\n    }'>\n                        <h2 slot=\"label\">\n                    Proyectos                <\/h2>\n                                <h3 slot=\"title\">\n                Nuestros proyectos alrededor del mundo                <\/h3>\n                        <a slot='button' title='Ver todos' href='https:\/\/www.ferrovial.com\/en\/cintra\/projects\/'>\n            Ver todos        <\/a>\n\n            <\/m-projects-distributor2>\n\n    ","protected":false},"excerpt":{"rendered":"","protected":false},"featured_media":0,"parent":131480,"menu_order":0,"comment_status":"closed","ping_status":"closed","template":"","meta":{"_acf_changed":false,"footnotes":""},"class_list":["post-131490","page","type-page","status-publish","hentry"],"acf":[],"yoast_head":"<!-- This site is optimized with the Yoast SEO plugin v27.2 - https:\/\/yoast.com\/product\/yoast-seo-wordpress\/ -->\n<title>Graduate Program: Empleo para j\u00f3venes sin experiencia - Ferrovial<\/title>\n<meta name=\"description\" content=\"Si tiene ganas de aprender, est\u00e1s motivado y dispuesto a participar en algunos de los proyectos de infraestructura m\u00e1s importantes del mundo entra en nuestra p\u00e1gina\" \/>\n<meta name=\"robots\" content=\"index, follow, max-snippet:-1, max-image-preview:large, max-video-preview:-1\" \/>\n<link rel=\"canonical\" href=\"https:\/\/www.ferrovial.com\/es-la\/empleo\/graduate-program\/\" \/>\n<meta property=\"og:locale\" content=\"es_ES\" \/>\n<meta property=\"og:type\" content=\"article\" \/>\n<meta property=\"og:title\" content=\"Graduate Program: Empleo para j\u00f3venes sin experiencia - Ferrovial\" \/>\n<meta property=\"og:description\" content=\"Si tiene ganas de aprender, est\u00e1s motivado y dispuesto a participar en algunos de los proyectos de infraestructura m\u00e1s importantes del mundo entra en nuestra p\u00e1gina\" \/>\n<meta property=\"og:url\" content=\"https:\/\/www.ferrovial.com\/es-la\/empleo\/graduate-program\/\" \/>\n<meta property=\"og:site_name\" content=\"Ferrovial\" \/>\n<meta property=\"article:publisher\" content=\"https:\/\/www.facebook.com\/ferrovial\" \/>\n<meta property=\"article:modified_time\" content=\"2025-01-17T12:57:54+00:00\" \/>\n<meta name=\"twitter:card\" content=\"summary_large_image\" \/>\n<meta name=\"twitter:site\" content=\"@ferrovial\" \/>\n<meta name=\"twitter:label1\" content=\"Est. reading time\" \/>\n\t<meta name=\"twitter:data1\" content=\"1 minute\" \/>\n<!-- \/ Yoast SEO plugin. -->","yoast_head_json":{"title":"Graduate Program: Empleo para j\u00f3venes sin experiencia - Ferrovial","description":"Si tiene ganas de aprender, est\u00e1s motivado y dispuesto a participar en algunos de los proyectos de infraestructura m\u00e1s importantes del mundo entra en nuestra p\u00e1gina","robots":{"index":"index","follow":"follow","max-snippet":"max-snippet:-1","max-image-preview":"max-image-preview:large","max-video-preview":"max-video-preview:-1"},"canonical":"https:\/\/www.ferrovial.com\/es-la\/empleo\/graduate-program\/","og_locale":"es_ES","og_type":"article","og_title":"Graduate Program: Empleo para j\u00f3venes sin experiencia - Ferrovial","og_description":"Si tiene ganas de aprender, est\u00e1s motivado y dispuesto a participar en algunos de los proyectos de infraestructura m\u00e1s importantes del mundo entra en nuestra p\u00e1gina","og_url":"https:\/\/www.ferrovial.com\/es-la\/empleo\/graduate-program\/","og_site_name":"Ferrovial","article_publisher":"https:\/\/www.facebook.com\/ferrovial","article_modified_time":"2025-01-17T12:57:54+00:00","twitter_card":"summary_large_image","twitter_site":"@ferrovial","twitter_misc":{"Est. reading time":"1 minute"},"schema":{"@context":"https:\/\/schema.org","@graph":[{"@type":"WebPage","@id":"https:\/\/www.ferrovial.com\/es-la\/empleo\/graduate-program\/","url":"https:\/\/www.ferrovial.com\/es-la\/empleo\/graduate-program\/","name":"Graduate Program: Empleo para j\u00f3venes sin experiencia - Ferrovial","isPartOf":{"@id":"https:\/\/www.ferrovial.com\/es-la\/#website"},"datePublished":"2019-09-06T07:28:21+00:00","dateModified":"2025-01-17T12:57:54+00:00","description":"Si tiene ganas de aprender, est\u00e1s motivado y dispuesto a participar en algunos de los proyectos de infraestructura m\u00e1s importantes del mundo entra en nuestra p\u00e1gina","breadcrumb":{"@id":"https:\/\/www.ferrovial.com\/es-la\/empleo\/graduate-program\/#breadcrumb"},"inLanguage":"es-419","potentialAction":[{"@type":"ReadAction","target":["https:\/\/www.ferrovial.com\/es-la\/empleo\/graduate-program\/"]}]},{"@type":"BreadcrumbList","@id":"https:\/\/www.ferrovial.com\/es-la\/empleo\/graduate-program\/#breadcrumb","itemListElement":[{"@type":"ListItem","position":1,"name":"Portada","item":"https:\/\/www.ferrovial.com\/es-la\/"},{"@type":"ListItem","position":2,"name":"Empleo","item":"https:\/\/www.ferrovial.com\/es-la\/empleo\/"},{"@type":"ListItem","position":3,"name":"Becas y graduados"}]},{"@type":"WebSite","@id":"https:\/\/www.ferrovial.com\/es-la\/#website","url":"https:\/\/www.ferrovial.com\/es-la\/","name":"Ferrovial","description":"Welcome to the Ferrovial&#039;s website, global operator of sustainable infrastructure. Here you can find all the information about the company and subsidiaries.","publisher":{"@id":"https:\/\/www.ferrovial.com\/es-la\/#organization"},"potentialAction":[{"@type":"SearchAction","target":{"@type":"EntryPoint","urlTemplate":"https:\/\/www.ferrovial.com\/es-la\/?s={search_term_string}"},"query-input":{"@type":"PropertyValueSpecification","valueRequired":true,"valueName":"search_term_string"}}],"inLanguage":"es-419"},{"@type":"Organization","@id":"https:\/\/www.ferrovial.com\/es-la\/#organization","name":"Ferrovial S.A.","url":"https:\/\/www.ferrovial.com\/es-la\/","logo":{"@type":"ImageObject","inLanguage":"es-419","@id":"https:\/\/www.ferrovial.com\/es-la\/#\/schema\/logo\/image\/","url":"https:\/\/static.ferrovial.com\/wp-content\/uploads\/2020\/01\/13124948\/logo-ferrovial-cf7.png","contentUrl":"https:\/\/static.ferrovial.com\/wp-content\/uploads\/2020\/01\/13124948\/logo-ferrovial-cf7.png","width":144,"height":32,"caption":"Ferrovial S.A."},"image":{"@id":"https:\/\/www.ferrovial.com\/es-la\/#\/schema\/logo\/image\/"},"sameAs":["https:\/\/www.facebook.com\/ferrovial","https:\/\/x.com\/ferrovial","https:\/\/www.instagram.com\/ferrovial\/","https:\/\/www.linkedin.com\/company\/ferrovial","https:\/\/www.pinterest.es\/ferrovial\/","https:\/\/www.youtube.com\/ferrovial","https:\/\/en.wikipedia.org\/wiki\/Ferrovial"]}]}},"_links":{"self":[{"href":"https:\/\/www.ferrovial.com\/es-la\/wp-json\/wp\/v2\/pages\/131490","targetHints":{"allow":["GET"]}}],"collection":[{"href":"https:\/\/www.ferrovial.com\/es-la\/wp-json\/wp\/v2\/pages"}],"about":[{"href":"https:\/\/www.ferrovial.com\/es-la\/wp-json\/wp\/v2\/types\/page"}],"replies":[{"embeddable":true,"href":"https:\/\/www.ferrovial.com\/es-la\/wp-json\/wp\/v2\/comments?post=131490"}],"version-history":[{"count":3,"href":"https:\/\/www.ferrovial.com\/es-la\/wp-json\/wp\/v2\/pages\/131490\/revisions"}],"predecessor-version":[{"id":298152,"href":"https:\/\/www.ferrovial.com\/es-la\/wp-json\/wp\/v2\/pages\/131490\/revisions\/298152"}],"up":[{"embeddable":true,"href":"https:\/\/www.ferrovial.com\/es-la\/wp-json\/wp\/v2\/pages\/131480"}],"wp:attachment":[{"href":"https:\/\/www.ferrovial.com\/es-la\/wp-json\/wp\/v2\/media?parent=131490"}],"curies":[{"name":"wp","href":"https:\/\/api.w.org\/{rel}","templated":true}]}}