{"id":131501,"date":"2019-09-06T09:30:03","date_gmt":"2019-09-06T07:30:03","guid":{"rendered":"https:\/\/www.ferrovial.com\/empleo\/proceso-seleccion\/"},"modified":"2021-06-07T16:43:04","modified_gmt":"2021-06-07T14:43:04","slug":"proceso-seleccion","status":"publish","type":"page","link":"https:\/\/www.ferrovial.com\/es-la\/empleo\/proceso-seleccion\/","title":{"rendered":"Nuestro proceso de selecci\u00f3n"},"content":{"rendered":"    <m-final-content-header bgimage='https:\/\/static.ferrovial.com\/wp-content\/uploads\/2019\/12\/13141213\/ferrovial-and-you-real-employee-zity-1280x720.jpg'>\n            <c-breadcrumb label-text=\"Breadcrumb\" slot=\"breadcrumbs\" type='2' align='left' wrap='wrapped wrapped' aria-label='Vienes de Empleo'>\n                        <ol>\n\n                                                            <li><a href=\"https:\/\/www.ferrovial.com\/es-la\/\" title=\"Ferrovial\">Ferrovial<\/a><\/li>\n                                                                        <li><a href=\"https:\/\/www.ferrovial.com\/es\/empleo\/\" title=\"Empleo\">Empleo<\/a><\/li>\n                                    \n                <\/ol>\n\n                <\/c-breadcrumb>\n    \n        <div slot=\"header\">\n            <h1>\n                Un proceso de selecci\u00f3n flexible            <\/h1>\n                    <\/div>\n    <\/m-final-content-header>\n\n    \n\n\n<m-wysiwig class=\"wp-block-components-wysiwyg\"><div slot=\"maincontent\">    <p class=\"intro\">El objetivo principal de nuestro proceso de selecci\u00f3n es identificar a nuevos profesionales que aporten lo mejor de s\u00ed mismos a la compa\u00f1\u00eda y que, a su vez, se adecuen a los valores que nos definen. <\/p>\n    \n\n\n<p>Nuestros procesos de selecci\u00f3n pueden ser diferentes seg\u00fan el tipo de perfil a seleccionar o la actividad donde se produce la vacante. Estos son algunos consejos b\u00e1sicos que puedes tener en cuenta si tienes intenci\u00f3n de participar en uno de nuestros procesos de selecci\u00f3n.<\/p>\n\n\n\n<ol class=\"wp-block-list\"><li>Estar al tanto de nuestras ofertas y dise\u00f1ar alertas en los diferentes portales que te ayuden a conocer las vacantes en las que tu perfil encaja mejor.<\/li><li>Preparar un buen curr\u00edculo. No debe ser muy extenso, pero s\u00ed incluir todos los aspectos relevantes de tu perfil. Formaci\u00f3n, trayectoria profesional o idiomas deber\u00edan estar siempre presentes.<\/li><li>Intentar adaptar el perfil a los diferentes puestos. Personalizar la carta de presentaci\u00f3n en funci\u00f3n del puesto al que se aspire y huir de la generalizaci\u00f3n.<\/li><li>Informarse sobre nuestra compa\u00f1\u00eda antes de acudir a una entrevista personal. Esto te permitir\u00e1 prepararte cualquier pregunta o duda que surja sobre el puesto en concreto o la empresa.<\/li><li>Aprovechar la entrevista para resolver dudas, plante\u00e1ndole al entrevistador las cuestiones m\u00e1s concretas que puedan existir sobre el puesto.<\/li><li>Ser siempre uno mismo, ya que los entrevistadores valoran positivamente la sinceridad respecto a la trayectoria profesional y el inter\u00e9s en el puesto. Adem\u00e1s, favorecer\u00e1 el clima de la entrevista.<\/li><li>Promovemos un entorno diverso y desarrollamos una cultura que pone en valor las diferencias. Por ello, generamos oportunidades reales para que cada persona pueda desplegar su m\u00e1ximo potencial y aportar lo mejor de s\u00ed misma.<\/li><\/ol>\n<\/div><\/m-wysiwig>\n","protected":false},"excerpt":{"rendered":"","protected":false},"featured_media":0,"parent":131480,"menu_order":0,"comment_status":"closed","ping_status":"closed","template":"","meta":{"_acf_changed":false,"footnotes":""},"class_list":["post-131501","page","type-page","status-publish","hentry"],"acf":[],"yoast_head":"<!-- This site is optimized with the Yoast SEO plugin v27.2 - https:\/\/yoast.com\/product\/yoast-seo-wordpress\/ -->\n<title>Nuestro proceso de selecci\u00f3n - Ferrovial<\/title>\n<meta name=\"description\" content=\"Welcome to the Ferrovial&#039;s website, global operator of sustainable infrastructure. Here you can find all the information about the company and subsidiaries.\" \/>\n<meta name=\"robots\" content=\"index, follow, max-snippet:-1, max-image-preview:large, max-video-preview:-1\" \/>\n<link rel=\"canonical\" href=\"https:\/\/www.ferrovial.com\/es-la\/empleo\/proceso-seleccion\/\" \/>\n<meta property=\"og:locale\" content=\"es_ES\" \/>\n<meta property=\"og:type\" content=\"article\" \/>\n<meta property=\"og:title\" content=\"Nuestro proceso de selecci\u00f3n - Ferrovial\" \/>\n<meta property=\"og:description\" content=\"Welcome to the Ferrovial&#039;s website, global operator of sustainable infrastructure. Here you can find all the information about the company and subsidiaries.\" \/>\n<meta property=\"og:url\" content=\"https:\/\/www.ferrovial.com\/es-la\/empleo\/proceso-seleccion\/\" \/>\n<meta property=\"og:site_name\" content=\"Ferrovial\" \/>\n<meta property=\"article:publisher\" content=\"https:\/\/www.facebook.com\/ferrovial\" \/>\n<meta property=\"article:modified_time\" content=\"2021-06-07T14:43:04+00:00\" \/>\n<meta name=\"twitter:card\" content=\"summary_large_image\" \/>\n<meta name=\"twitter:site\" content=\"@ferrovial\" \/>\n<meta name=\"twitter:label1\" content=\"Est. reading time\" \/>\n\t<meta name=\"twitter:data1\" content=\"1 minute\" \/>\n<!-- \/ Yoast SEO plugin. -->","yoast_head_json":{"title":"Nuestro proceso de selecci\u00f3n - Ferrovial","description":"Welcome to the Ferrovial's website, global operator of sustainable infrastructure. Here you can find all the information about the company and subsidiaries.","robots":{"index":"index","follow":"follow","max-snippet":"max-snippet:-1","max-image-preview":"max-image-preview:large","max-video-preview":"max-video-preview:-1"},"canonical":"https:\/\/www.ferrovial.com\/es-la\/empleo\/proceso-seleccion\/","og_locale":"es_ES","og_type":"article","og_title":"Nuestro proceso de selecci\u00f3n - Ferrovial","og_description":"Welcome to the Ferrovial's website, global operator of sustainable infrastructure. Here you can find all the information about the company and subsidiaries.","og_url":"https:\/\/www.ferrovial.com\/es-la\/empleo\/proceso-seleccion\/","og_site_name":"Ferrovial","article_publisher":"https:\/\/www.facebook.com\/ferrovial","article_modified_time":"2021-06-07T14:43:04+00:00","twitter_card":"summary_large_image","twitter_site":"@ferrovial","twitter_misc":{"Est. reading time":"1 minute"},"schema":{"@context":"https:\/\/schema.org","@graph":[{"@type":"WebPage","@id":"https:\/\/www.ferrovial.com\/es-la\/empleo\/proceso-seleccion\/","url":"https:\/\/www.ferrovial.com\/es-la\/empleo\/proceso-seleccion\/","name":"Nuestro proceso de selecci\u00f3n - Ferrovial","isPartOf":{"@id":"https:\/\/www.ferrovial.com\/es-la\/#website"},"datePublished":"2019-09-06T07:30:03+00:00","dateModified":"2021-06-07T14:43:04+00:00","description":"Welcome to the Ferrovial's website, global operator of sustainable infrastructure. Here you can find all the information about the company and subsidiaries.","breadcrumb":{"@id":"https:\/\/www.ferrovial.com\/es-la\/empleo\/proceso-seleccion\/#breadcrumb"},"inLanguage":"es-419","potentialAction":[{"@type":"ReadAction","target":["https:\/\/www.ferrovial.com\/es-la\/empleo\/proceso-seleccion\/"]}]},{"@type":"BreadcrumbList","@id":"https:\/\/www.ferrovial.com\/es-la\/empleo\/proceso-seleccion\/#breadcrumb","itemListElement":[{"@type":"ListItem","position":1,"name":"Portada","item":"https:\/\/www.ferrovial.com\/es-la\/"},{"@type":"ListItem","position":2,"name":"Empleo","item":"https:\/\/www.ferrovial.com\/es-la\/empleo\/"},{"@type":"ListItem","position":3,"name":"Nuestro proceso de selecci\u00f3n"}]},{"@type":"WebSite","@id":"https:\/\/www.ferrovial.com\/es-la\/#website","url":"https:\/\/www.ferrovial.com\/es-la\/","name":"Ferrovial","description":"Welcome to the Ferrovial&#039;s website, global operator of sustainable infrastructure. Here you can find all the information about the company and subsidiaries.","publisher":{"@id":"https:\/\/www.ferrovial.com\/es-la\/#organization"},"potentialAction":[{"@type":"SearchAction","target":{"@type":"EntryPoint","urlTemplate":"https:\/\/www.ferrovial.com\/es-la\/?s={search_term_string}"},"query-input":{"@type":"PropertyValueSpecification","valueRequired":true,"valueName":"search_term_string"}}],"inLanguage":"es-419"},{"@type":"Organization","@id":"https:\/\/www.ferrovial.com\/es-la\/#organization","name":"Ferrovial S.A.","url":"https:\/\/www.ferrovial.com\/es-la\/","logo":{"@type":"ImageObject","inLanguage":"es-419","@id":"https:\/\/www.ferrovial.com\/es-la\/#\/schema\/logo\/image\/","url":"https:\/\/static.ferrovial.com\/wp-content\/uploads\/2020\/01\/13124948\/logo-ferrovial-cf7.png","contentUrl":"https:\/\/static.ferrovial.com\/wp-content\/uploads\/2020\/01\/13124948\/logo-ferrovial-cf7.png","width":144,"height":32,"caption":"Ferrovial S.A."},"image":{"@id":"https:\/\/www.ferrovial.com\/es-la\/#\/schema\/logo\/image\/"},"sameAs":["https:\/\/www.facebook.com\/ferrovial","https:\/\/x.com\/ferrovial","https:\/\/www.instagram.com\/ferrovial\/","https:\/\/www.linkedin.com\/company\/ferrovial","https:\/\/www.pinterest.es\/ferrovial\/","https:\/\/www.youtube.com\/ferrovial","https:\/\/en.wikipedia.org\/wiki\/Ferrovial"]}]}},"_links":{"self":[{"href":"https:\/\/www.ferrovial.com\/es-la\/wp-json\/wp\/v2\/pages\/131501","targetHints":{"allow":["GET"]}}],"collection":[{"href":"https:\/\/www.ferrovial.com\/es-la\/wp-json\/wp\/v2\/pages"}],"about":[{"href":"https:\/\/www.ferrovial.com\/es-la\/wp-json\/wp\/v2\/types\/page"}],"replies":[{"embeddable":true,"href":"https:\/\/www.ferrovial.com\/es-la\/wp-json\/wp\/v2\/comments?post=131501"}],"version-history":[{"count":3,"href":"https:\/\/www.ferrovial.com\/es-la\/wp-json\/wp\/v2\/pages\/131501\/revisions"}],"predecessor-version":[{"id":196024,"href":"https:\/\/www.ferrovial.com\/es-la\/wp-json\/wp\/v2\/pages\/131501\/revisions\/196024"}],"up":[{"embeddable":true,"href":"https:\/\/www.ferrovial.com\/es-la\/wp-json\/wp\/v2\/pages\/131480"}],"wp:attachment":[{"href":"https:\/\/www.ferrovial.com\/es-la\/wp-json\/wp\/v2\/media?parent=131501"}],"curies":[{"name":"wp","href":"https:\/\/api.w.org\/{rel}","templated":true}]}}