{"id":131660,"date":"2019-09-05T15:51:42","date_gmt":"2019-09-05T13:51:42","guid":{"rendered":"https:\/\/www.ferrovial.com\/innovacion\/digital-hub\/"},"modified":"2020-04-21T22:36:01","modified_gmt":"2020-04-21T20:36:01","slug":"digital-hub","status":"publish","type":"page","link":"https:\/\/www.ferrovial.com\/es-la\/innovacion\/digital-hub\/","title":{"rendered":"Digital Hub"},"content":{"rendered":"    <m-hero type='reduced' :translations='{\n        &quot;play&quot;:&quot;Reproducir v\u00eddeo de fondo&quot;,\n        &quot;pause&quot;:&quot;Pausar v\u00eddeo de fondo&quot;,\n        &quot;prev&quot;:&quot;Anterior&quot;,\n        &quot;next&quot;:&quot;Siguiente&quot;,\n        &quot;paginationseparator&quot;:&quot;de&quot;,\n        &quot;goto&quot;:&quot;Ir al slide&quot;,\n        &quot;external&quot;:&quot;Abrir una nueva ventana&quot;\n    }'>\n            <c-breadcrumb label-text=\"Breadcrumb\" slot=\"breadcrumbs\" type='1' align='left left' wrap='wrapped wrapped' aria-label='Vienes de Innovaci\u00f3n'>\n                        <ol>\n\n                                                            <li><a href=\"https:\/\/www.ferrovial.com\/es-la\/\" title=\"Ferrovial\">Ferrovial<\/a><\/li>\n                                                                        <li><a href=\"https:\/\/www.ferrovial.com\/es\/innovacion\/\" title=\"Innovaci\u00f3n\">Innovaci\u00f3n<\/a><\/li>\n                                    \n                <\/ol>\n\n                <\/c-breadcrumb>\n    \n                        <div slot=\"carouselItem\">\n                            <c-background-video :sources=\"['https:\/\/static.ferrovial.com\/wp-content\/uploads\/2020\/01\/13130805\/webglobal-dh-video-200114_2-1.mp4']\" position=\"center center\" poster=\"https:\/\/static.ferrovial.com\/wp-content\/uploads\/2019\/11\/13140332\/glasgow-robot-gladys-1920x1080.jpg\" :translations=\"{&quot;play&quot;:&quot;Reproducir v\u00eddeo de fondo&quot;,&quot;pause&quot;:&quot;Pausar v\u00eddeo de fondo&quot;}\"><\/c-background-video>\n                        <\/div>\n        <section slot=\"hero\">\n            <article>\n                                        <h1>\n                            Digital Hub                         <\/h1>\n                                                <p>Descripci\u00f3n por defecto<\/p>\n                                    <\/article>\n        <\/section>\n    <\/m-hero>\n\n    \n\n\n<m-wysiwig class=\"wp-block-components-wysiwyg\"><div slot=\"maincontent\">\n<h2 class=\"wp-block-heading\">                Innovaci\u00f3n disruptiva<\/h2>\n\n\n\n<p>El Digital Hub es un espacio de trabajo donde compartimos experiencias e ideas, donde apoy\u00e1ndonos en las tecnolog\u00edas m\u00e1s innovadoras creamos productos y servicios que nos impulsan al futuro de la digitalizaci\u00f3n. <\/p>\n\n\n\n<p>Apostamos y promovemos el talento de las personas para formar un equipo de expertos que quieran formar parte de esta cultura. Un equipo que busca obtener un impacto real en los negocios haciendo de la innovaci\u00f3n una necesidad para seguir creciendo como compa\u00f1\u00eda.<\/p>\n<\/div><\/m-wysiwig>\n\n\n    <m-cyphers-basic>\n                        <div slot=\"head\">\n                                                <h3>\n                                Impulsando la transformaci\u00f3n digital                            <\/h3>\n                                                            <p>\n                                    Descripci\u00f3n por defecto                                <\/p>\n                                            <\/div>\n                                <ul slot=\"cyphers\">\n                                                <li>\n                                                                        <p class=\"number\">\n                                            Impacto                                        <\/p>\n                                                                                <p class=\"post\">\n                                            real aplicado a negocio                                        <\/p>\n                                                                    <\/li>\n                                                        <li>\n                                                                        <p class=\"number\">\n                                            Transversalidad                                        <\/p>\n                                                                                <p class=\"post\">\n                                            de soluciones a los negocios                                        <\/p>\n                                                                    <\/li>\n                                                        <li>\n                                                                        <p class=\"number\">\n                                            Agilidad                                        <\/p>\n                                                                                <p class=\"post\">\n                                            en el dise\u00f1o y ejecuci\u00f3n                                        <\/p>\n                                                                    <\/li>\n                                                        <li>\n                                                                        <p class=\"number\">\n                                            Conocimiento                                         <\/p>\n                                                                                <p class=\"post\">\n                                            interno y externo combinado                                        <\/p>\n                                                                    <\/li>\n                                            <\/ul>\n                    <\/m-cyphers-basic>\n\n    \n\n    <m-distributor-activities>\n                        <h3 slot=\"title\">\n                    \u00c1reas de actuaci\u00f3n                 <\/h3>\n                                    <p slot=\"bodycopy\">Descripci\u00f3n por defecto<\/p>\n                                    <a slot='cards' title='Data &amp; Artificial Intelligence ' role='listitem' href='#' v-lazy:background-image='&quot;https:\/\/static.ferrovial.com\/wp-content\/uploads\/2020\/01\/13141223\/data-lab-ferrovial-coding-startup-project-180x320.jpg&quot;'>\n                        <span>\n                            Data &#038; Artificial Intelligence                         <\/span>\n                    <\/a>\n                                        <a slot='cards' title='Tecnolog\u00edas emergentes' role='listitem' href='#' v-lazy:background-image='&quot;https:\/\/static.ferrovial.com\/wp-content\/uploads\/2020\/01\/13141207\/emergents-technologies-digital-hub-ferrovial-young-businessman-sitting-in-front-of-laptop-180x320.jpg&quot;'>\n                        <span>\n                            Tecnolog\u00edas emergentes                        <\/span>\n                    <\/a>\n                                        <a slot='cards' title='Service Design &amp; User Experience ' role='listitem' href='#' v-lazy:background-image='&quot;https:\/\/static.ferrovial.com\/wp-content\/uploads\/2020\/01\/13141209\/ux-digital-hub-ferrovial-creative-business-team-looking-at-sticky-notes-180x320.jpg&quot;'>\n                        <span>\n                            Service Design &#038; User Experience                         <\/span>\n                    <\/a>\n                                        <a slot='cards' title='Venture Building' role='listitem' href='#' v-lazy:background-image='&quot;https:\/\/static.ferrovial.com\/wp-content\/uploads\/2020\/01\/13141216\/venture-building-digital-hub-ferrovial-young-female-innovation-180x320.jpg&quot;'>\n                        <span>\n                            Venture Building                        <\/span>\n                    <\/a>\n                        <\/m-distributor-activities>\n\n    ","protected":false},"excerpt":{"rendered":"","protected":false},"featured_media":0,"parent":131391,"menu_order":0,"comment_status":"closed","ping_status":"closed","template":"","meta":{"_acf_changed":false,"footnotes":""},"class_list":["post-131660","page","type-page","status-publish","hentry"],"acf":[],"yoast_head":"<!-- This site is optimized with the Yoast SEO plugin v27.2 - https:\/\/yoast.com\/product\/yoast-seo-wordpress\/ -->\n<title>Digital Hub y la transformaci\u00f3n digital - Ferrovial<\/title>\n<meta name=\"description\" content=\"Desde el Digital Hub de Ferrovial apoyamos a los negocios en la implantaci\u00f3n de iniciativas que aprovechen las oportunidades derivadas de la transformaci\u00f3n digital\" \/>\n<meta name=\"robots\" content=\"index, follow, max-snippet:-1, max-image-preview:large, max-video-preview:-1\" \/>\n<link rel=\"canonical\" href=\"https:\/\/www.ferrovial.com\/es-la\/innovacion\/digital-hub\/\" \/>\n<meta property=\"og:locale\" content=\"es_ES\" \/>\n<meta property=\"og:type\" content=\"article\" \/>\n<meta property=\"og:title\" content=\"Digital Hub y la transformaci\u00f3n digital - Ferrovial\" \/>\n<meta property=\"og:description\" content=\"Desde el Digital Hub de Ferrovial apoyamos a los negocios en la implantaci\u00f3n de iniciativas que aprovechen las oportunidades derivadas de la transformaci\u00f3n digital\" \/>\n<meta property=\"og:url\" content=\"https:\/\/www.ferrovial.com\/es-la\/innovacion\/digital-hub\/\" \/>\n<meta property=\"og:site_name\" content=\"Ferrovial\" \/>\n<meta property=\"article:publisher\" content=\"https:\/\/www.facebook.com\/ferrovial\" \/>\n<meta property=\"article:modified_time\" content=\"2020-04-21T20:36:01+00:00\" \/>\n<meta name=\"twitter:card\" content=\"summary_large_image\" \/>\n<meta name=\"twitter:site\" content=\"@ferrovial\" \/>\n<!-- \/ Yoast SEO plugin. -->","yoast_head_json":{"title":"Digital Hub y la transformaci\u00f3n digital - Ferrovial","description":"Desde el Digital Hub de Ferrovial apoyamos a los negocios en la implantaci\u00f3n de iniciativas que aprovechen las oportunidades derivadas de la transformaci\u00f3n digital","robots":{"index":"index","follow":"follow","max-snippet":"max-snippet:-1","max-image-preview":"max-image-preview:large","max-video-preview":"max-video-preview:-1"},"canonical":"https:\/\/www.ferrovial.com\/es-la\/innovacion\/digital-hub\/","og_locale":"es_ES","og_type":"article","og_title":"Digital Hub y la transformaci\u00f3n digital - Ferrovial","og_description":"Desde el Digital Hub de Ferrovial apoyamos a los negocios en la implantaci\u00f3n de iniciativas que aprovechen las oportunidades derivadas de la transformaci\u00f3n digital","og_url":"https:\/\/www.ferrovial.com\/es-la\/innovacion\/digital-hub\/","og_site_name":"Ferrovial","article_publisher":"https:\/\/www.facebook.com\/ferrovial","article_modified_time":"2020-04-21T20:36:01+00:00","twitter_card":"summary_large_image","twitter_site":"@ferrovial","schema":{"@context":"https:\/\/schema.org","@graph":[{"@type":"WebPage","@id":"https:\/\/www.ferrovial.com\/es-la\/innovacion\/digital-hub\/","url":"https:\/\/www.ferrovial.com\/es-la\/innovacion\/digital-hub\/","name":"Digital Hub y la transformaci\u00f3n digital - Ferrovial","isPartOf":{"@id":"https:\/\/www.ferrovial.com\/es-la\/#website"},"datePublished":"2019-09-05T13:51:42+00:00","dateModified":"2020-04-21T20:36:01+00:00","description":"Desde el Digital Hub de Ferrovial apoyamos a los negocios en la implantaci\u00f3n de iniciativas que aprovechen las oportunidades derivadas de la transformaci\u00f3n digital","breadcrumb":{"@id":"https:\/\/www.ferrovial.com\/es-la\/innovacion\/digital-hub\/#breadcrumb"},"inLanguage":"es-419","potentialAction":[{"@type":"ReadAction","target":["https:\/\/www.ferrovial.com\/es-la\/innovacion\/digital-hub\/"]}]},{"@type":"BreadcrumbList","@id":"https:\/\/www.ferrovial.com\/es-la\/innovacion\/digital-hub\/#breadcrumb","itemListElement":[{"@type":"ListItem","position":1,"name":"Portada","item":"https:\/\/www.ferrovial.com\/es-la\/"},{"@type":"ListItem","position":2,"name":"Innovaci\u00f3n","item":"https:\/\/www.ferrovial.com\/es-la\/innovacion\/"},{"@type":"ListItem","position":3,"name":"Digital Hub"}]},{"@type":"WebSite","@id":"https:\/\/www.ferrovial.com\/es-la\/#website","url":"https:\/\/www.ferrovial.com\/es-la\/","name":"Ferrovial","description":"Welcome to the Ferrovial&#039;s website, global operator of sustainable infrastructure. Here you can find all the information about the company and subsidiaries.","publisher":{"@id":"https:\/\/www.ferrovial.com\/es-la\/#organization"},"potentialAction":[{"@type":"SearchAction","target":{"@type":"EntryPoint","urlTemplate":"https:\/\/www.ferrovial.com\/es-la\/?s={search_term_string}"},"query-input":{"@type":"PropertyValueSpecification","valueRequired":true,"valueName":"search_term_string"}}],"inLanguage":"es-419"},{"@type":"Organization","@id":"https:\/\/www.ferrovial.com\/es-la\/#organization","name":"Ferrovial S.A.","url":"https:\/\/www.ferrovial.com\/es-la\/","logo":{"@type":"ImageObject","inLanguage":"es-419","@id":"https:\/\/www.ferrovial.com\/es-la\/#\/schema\/logo\/image\/","url":"https:\/\/static.ferrovial.com\/wp-content\/uploads\/2020\/01\/13124948\/logo-ferrovial-cf7.png","contentUrl":"https:\/\/static.ferrovial.com\/wp-content\/uploads\/2020\/01\/13124948\/logo-ferrovial-cf7.png","width":144,"height":32,"caption":"Ferrovial S.A."},"image":{"@id":"https:\/\/www.ferrovial.com\/es-la\/#\/schema\/logo\/image\/"},"sameAs":["https:\/\/www.facebook.com\/ferrovial","https:\/\/x.com\/ferrovial","https:\/\/www.instagram.com\/ferrovial\/","https:\/\/www.linkedin.com\/company\/ferrovial","https:\/\/www.pinterest.es\/ferrovial\/","https:\/\/www.youtube.com\/ferrovial","https:\/\/en.wikipedia.org\/wiki\/Ferrovial"]}]}},"_links":{"self":[{"href":"https:\/\/www.ferrovial.com\/es-la\/wp-json\/wp\/v2\/pages\/131660","targetHints":{"allow":["GET"]}}],"collection":[{"href":"https:\/\/www.ferrovial.com\/es-la\/wp-json\/wp\/v2\/pages"}],"about":[{"href":"https:\/\/www.ferrovial.com\/es-la\/wp-json\/wp\/v2\/types\/page"}],"replies":[{"embeddable":true,"href":"https:\/\/www.ferrovial.com\/es-la\/wp-json\/wp\/v2\/comments?post=131660"}],"version-history":[{"count":3,"href":"https:\/\/www.ferrovial.com\/es-la\/wp-json\/wp\/v2\/pages\/131660\/revisions"}],"predecessor-version":[{"id":163484,"href":"https:\/\/www.ferrovial.com\/es-la\/wp-json\/wp\/v2\/pages\/131660\/revisions\/163484"}],"up":[{"embeddable":true,"href":"https:\/\/www.ferrovial.com\/es-la\/wp-json\/wp\/v2\/pages\/131391"}],"wp:attachment":[{"href":"https:\/\/www.ferrovial.com\/es-la\/wp-json\/wp\/v2\/media?parent=131660"}],"curies":[{"name":"wp","href":"https:\/\/api.w.org\/{rel}","templated":true}]}}