{"id":131827,"date":"2019-09-05T16:56:19","date_gmt":"2019-09-05T14:56:19","guid":{"rendered":"https:\/\/www.ferrovial.com\/biodiversidad-y-capital-natural\/"},"modified":"2025-06-17T15:37:43","modified_gmt":"2025-06-17T13:37:43","slug":"biodiversidad-y-capital-natural","status":"publish","type":"page","link":"https:\/\/www.ferrovial.com\/es-la\/sostenibilidad\/medio-ambiente\/biodiversidad-y-capital-natural\/","title":{"rendered":"Biodiversidad y capital natural"},"content":{"rendered":"    <m-final-content-header bgimage='https:\/\/static.ferrovial.com\/wp-content\/uploads\/2019\/09\/13140655\/autopista-construida-por-ferrovial-politica-de-sostenibilidad.jpg'>\n            <c-breadcrumb label-text=\"Breadcrumb\" slot=\"breadcrumbs\" type='2' align='left' wrap='wrapped wrapped' aria-label='Vienes de Medio Ambiente'>\n                        <ol>\n\n                                                            <li><a href=\"https:\/\/www.ferrovial.com\/es-la\/\" title=\"Ferrovial\">Ferrovial<\/a><\/li>\n                                                                        <li><a href=\"https:\/\/www.ferrovial.com\/es\/sostenibilidad\/\" title=\"Sostenibilidad\">Sostenibilidad<\/a><\/li>\n                                                                        <li><a href=\"https:\/\/www.ferrovial.com\/es\/sostenibilidad\/medio-ambiente\/\" title=\"Medio Ambiente\">Medio Ambiente<\/a><\/li>\n                                    \n                <\/ol>\n\n                <\/c-breadcrumb>\n    \n        <div slot=\"header\">\n            <h1>\n                Biodiversidad y capital natural             <\/h1>\n                    <\/div>\n    <\/m-final-content-header>\n\n    \n\n\n<m-wysiwig class=\"wp-block-components-wysiwyg\"><div slot=\"maincontent\">    <p class=\"intro\">Ferrovial reconoce el papel clave que desempe\u00f1a la biodiversidad en \nla provisi\u00f3n de servicios que soportan la econom\u00eda y el bienestar social.<\/p>\n    \n\n\n<p>Entendemos nuestra responsabilidad con el entorno natural y nos comprometemos con la protecci\u00f3n y conservaci\u00f3n de la naturaleza.<\/p>\n\n\n\n<p>Incorporamos los criterios de la jerarqu\u00eda de la mitigaci\u00f3n en la gesti\u00f3n ambiental. Seguimos el principio de \u201cno p\u00e9rdida neta\u201d (<em>no net loss<\/em>) de biodiversidad como directriz para minimizar y compensar los impactos negativos de nuestras actividades.<\/p>\n\n\n\n<h2 class=\"wp-block-heading\">Pol\u00edtica de Biodiversidad<\/h2>\n\n\n\n<p>La organizaci\u00f3n cuenta con una <a href=\"https:\/\/static.ferrovial.com\/wp-content\/uploads\/2024\/09\/04153831\/ngferso-004-politica-de-biodiversidad-revision24.pdf\" target=\"_blank\" rel=\"noreferrer noopener\">Pol\u00edtica de Biodiversidad<\/a> integrada en el sistema de gesti\u00f3n que rige los procesos organizativos y operativos de todos sus contratos. Esta pol\u00edtica tiene por objeto definir y establecer los principios y criterios que rigen las actuaciones respecto a la biodiversidad en las actividades de la compa\u00f1\u00eda y en la cadena de valor. Esta norma articula los principios de la organizaci\u00f3n sobre<\/p>\n\n\n\n<ul class=\"wp-block-list\">\n<li>Conservaci\u00f3n y protecci\u00f3n de especies y ecosistemas naturales.<\/li>\n\n\n\n<li>Aplicaci\u00f3n de criterios de jerarqu\u00eda de mitigaci\u00f3n de los impactos negativos. <\/li>\n\n\n\n<li>Uso responsable de recursos naturales.<\/li>\n\n\n\n<li>Lucha contra la deforestaci\u00f3n.<\/li>\n\n\n\n<li>Aplicaci\u00f3n de soluciones basadas en la naturaleza.<\/li>\n\n\n\n<li>Integraci\u00f3n del capital natural en la gesti\u00f3n de riesgos.<\/li>\n\n\n\n<li>\u201cNo p\u00e9rdida neta\u201d, trabajando hacia la consecuci\u00f3n del \u201cimpacto positivo neto.<\/li>\n<\/ul>\n\n\n\n<h2 class=\"wp-block-heading\">Compromisos<\/h2>\n\n\n\n<p>Seguimos el principio de \u201c<strong>no p\u00e9rdida neta<\/strong>\u201d de biodiversidad como directriz para mitigar y compensar los impactos negativos de nuestras actividades. En l\u00ednea con ello nos comprometemos a:<\/p>\n\n\n\n<ul class=\"wp-block-list\">\n<li>Buscar el impacto neto positivo del negocio y potenciar la recuperaci\u00f3n de la biodiversidad y el capital natural.<\/li>\n\n\n\n<li>Apostar por procesos y soluciones basadas en la naturaleza que contribuyan a la transici\u00f3n ecol\u00f3gica.<\/li>\n\n\n\n<li>Dialogar con los stakeholders, entre ellos, la Administraci\u00f3n P\u00fablica, para crear alianzas, apoyar en investigaciones e impulsar la innovaci\u00f3n abierta.<\/li>\n<\/ul>\n\n\n\n<p>A trav\u00e9s del <a href=\"https:\/\/static.ferrovial.com\/wp-content\/uploads\/2023\/12\/11114222\/pacto-biodiversidad-ieeb.pdf\">Pacto por la Biodiversidad<\/a>, en Ferrovial nos hemos comprometido con actuar de forma inmediata, valorando y difundiendo los impactos y dependencias de nuestra actividad m\u00e1s relevantes relacionados con la biodiversidad y el capital natural. Asimismo, desarrollaremos una hoja de ruta para evitarlos o disminuirlos siguiendo la jerarqu\u00eda de mitigaci\u00f3n.<\/p>\n\n\n\n<h2 class=\"wp-block-heading\"><strong>Integrated Natural Capital Assessment (INCA)<\/strong><\/h2>\n\n\n\n<p>Conscientes del impacto que tiene nuestra actividad en la naturaleza, la compa\u00f1\u00eda pretende que la afecci\u00f3n en el entorno sea la menor posible y conseguir integrar sus infraestructuras con el paisaje. As\u00ed, con objeto de garantizar una gesti\u00f3n responsable de la biodiversidad, Ferrovial ha desarrollado una metodolog\u00eda y una herramienta interna de c\u00e1lculo de la deuda neta del capital natural denominada <a href=\"https:\/\/newsroom.ferrovial.com\/es\/articulo_inforvial\/inca-innovacion-pionera-infraestructuras-sostenibles\/\" target=\"_blank\" rel=\"noreferrer noopener\">INCA<\/a>, basada en la automatizaci\u00f3n del c\u00e1lculo del impacto de las infraestructuras sobre la biodiversidad y los servicios ecosist\u00e9micos.<\/p>\n<\/div><\/m-wysiwig>\n\n\n\n<m-wysiwig class=\"wp-block-components-wysiwyg\"><div slot=\"maincontent\">\n<h2 class=\"wp-block-heading\"><strong>Alineamiento con el TNFD<\/strong><\/h2>\n\n\n\n<p>El <a href=\"https:\/\/tnfd.global\/about\/#who\" target=\"_blank\" rel=\"noreferrer noopener\">Task Force on Nature-related Financial Disclosures (TNFD)<\/a> es una iniciativa global que busca abordar la crisis de la p\u00e9rdida de biodiversidad y deterioro de los ecosistemas.<\/p>\n\n\n\n<p>Ferrovial, como &#8220;<a href=\"https:\/\/tnfd.global\/engage\/tnfd-adopters-list\/?_sf_s=ferrovial\">Early Adopter<\/a>&#8221; de las <a href=\"https:\/\/www.ferrovial.com\/es-la\/sostenibilidad\/medio-ambiente\/taskforce-on-nature\/\" target=\"_blank\" rel=\"noreferrer noopener\">recomendaciones del TNFD<\/a>, ha divulgado su primer ejercicio en el informe anual integrado de la compa\u00f1\u00eda, identificando, valorando y priorizando impactos, dependencias, riesgos y oportunidades de nuestras actividades siguiendo el enfoque LEAP y localizando las \u00e1reas prioritarias para la compa\u00f1\u00eda.<\/p>\n\n\n\n<p>De esta forma, Ferrovial pone el foco en las cuestiones relacionadas con la naturaleza e integra el capital natural en la toma de decisiones.<\/p>\n\n\n\n<h2 class=\"wp-block-heading\"><strong>Colaboraciones y adhesiones<\/strong><\/h2>\n\n\n\n<p>Ferrovial participa en grupos de trabajo relacionados con el capital natural como el Grupo Espa\u00f1ol para el Crecimiento Verde (GECV) y<a href=\"https:\/\/ieeb.fundacion-biodiversidad.es\/\" target=\"_blank\" rel=\"noreferrer noopener\"> Iniciativa Espa\u00f1ola Empresa Biodiversidad (IEEB)<\/a>. Con estos grupos se trabaja integrar y poner en valor el capital natural en las organizaciones para una transici\u00f3n econ\u00f3mica hacia modelos de desarrollo sostenibles. <br><br>Con la IEEB hemos colaborado para la realizaci\u00f3n de la &#8220;<a href=\"https:\/\/ieeb.fundacion-biodiversidad.es\/content\/guia-practica-de-restauracion-ecologica\" target=\"_blank\" rel=\"noreferrer noopener\">Gu\u00eda pr\u00e1ctica de restauraci\u00f3n ecol\u00f3gica<\/a>&#8221; (2018), herramienta metodol\u00f3gica para el fortalecimiento y recuperaci\u00f3n del capital natural.<br>Formamos colaboraciones tambi\u00e9n con organizaciones internacionales l\u00edderes en la protecci\u00f3n de la naturaleza y la defensa del medio ambiente como es WWF. Hemos preparado la \u201cGu\u00eda para la compra de madera\u201d (2015) tras comprometernos a realizar una compra responsable de productos madereros.<br><br>Siguiendo nuestro programa \u201cFerrovial, Capital Natural\u201d para evaluar y mitigar el impacto de nuestra actividad y anticipar las tendencias del mercado,\u00a0hemos realizado\u00a0proyectos relacionados con la biodiversidad con la colaboraci\u00f3n con instituciones cient\u00edficas como el\u00a0<a href=\"http:\/\/www.csic.es\/\" target=\"_blank\" rel=\"noreferrer noopener\">CSIC<\/a>, la\u00a0<a href=\"https:\/\/www.urjc.es\/\" target=\"_blank\" rel=\"noreferrer noopener\">URJC<\/a>\u00a0o la\u00a0<a href=\"https:\/\/www.usal.es\/\" target=\"_blank\" rel=\"noreferrer noopener\">USAL<\/a>.<\/p>\n\n\n\n<h2 class=\"wp-block-heading\">Cat\u00e1logos y gu\u00edas<\/h2>\n\n\n\n<p>Elaboramos documentos de buenas pr\u00e1cticas relacionadas con el capital natural tanto en colaboraci\u00f3n con otras organizaciones o entidades como de car\u00e1cter interno.<\/p>\n\n\n\n<ul class=\"wp-block-list\">\n<li><a href=\"https:\/\/static.ferrovial.com\/wp-content\/uploads\/2024\/06\/16215920\/guide-for-timber-procurement-bosques-wwf-ingles.pdf\" target=\"_blank\" rel=\"noreferrer noopener\">Gu\u00eda para la compra de madera (2015)<\/a><\/li>\n\n\n\n<li><a href=\"https:\/\/static.ferrovial.com\/wp-content\/uploads\/2024\/06\/16220128\/compromiso-madera.pdf\">Compromiso compra de madera responsable<\/a><\/li>\n\n\n\n<li><a href=\"https:\/\/static.ferrovial.com\/wp-content\/uploads\/2019\/10\/13141111\/Guia-Practica_RE.pdf\" target=\"_blank\" rel=\"noreferrer noopener\">Gu\u00eda pr\u00e1ctica de restauraci\u00f3n ecol\u00f3gica (2018)<\/a><\/li>\n\n\n\n<li><a href=\"https:\/\/static.ferrovial.com\/wp-content\/uploads\/2019\/10\/13140708\/resumen_ejecutivo.pdf\" target=\"_blank\" rel=\"noreferrer noopener\">Resumen ejecutivo de la gu\u00eda restauraci\u00f3n ecol\u00f3gica <\/a><\/li>\n\n\n\n<li><a href=\"https:\/\/static.ferrovial.com\/wp-content\/uploads\/2022\/06\/16180048\/catalogo-2022-fauna.pdf\" target=\"_blank\" rel=\"noreferrer noopener\">Cat\u00e1logo de iniciativas de fauna (2022)<\/a><\/li>\n\n\n\n<li><a href=\"https:\/\/static.ferrovial.com\/wp-content\/uploads\/2022\/06\/16180034\/catalogo-2022-flora.pdf\" target=\"_blank\" rel=\"noreferrer noopener\">Cat\u00e1logo de iniciativas de flora (2022)<\/a><\/li>\n<\/ul>\n\n\n\n<h2 class=\"wp-block-heading\">Beyond the value chain &#8211; Soluciones basadas en la naturaleza<\/h2>\n\n\n\n<p>Nuestro compromiso con la naturaleza va m\u00e1s all\u00e1 de la cadena de valor. Ferrovial ha invertido en el <a href=\"https:\/\/www.ferrovial.com\/es-la\/sostenibilidad\/medio-ambiente\/huella-carbono\/\" target=\"_blank\" rel=\"noreferrer noopener\">proyecto Compensa<\/a>, una soluci\u00f3n basada en la naturaleza consistente en la restauraci\u00f3n forestal de zonas degradadas (incendiadas o agr\u00edcolas).<br><br>De esta forma contribuimos en la generaci\u00f3n de impacto positivo en materia social y de medio ambiente en varias vertientes: absorci\u00f3n de emisiones, restauraci\u00f3n de ecosistemas, fomento de la biodiversidad y fomento del trabajo local priorizando colectivos en riesgo de exclusi\u00f3n social.<\/p>\n\n\n\n<p>Adem\u00e1s, contamos con un proyecto de gesti\u00f3n forestal sostenible de un bosque en el Amazonas (concretamente en Per\u00fa) y dos proyectos de reforestaci\u00f3n (en Galicia y en Montes del Este, Uruguay). Con estos proyectos se consiguen numerosos beneficios:<\/p>\n\n\n\n<ul class=\"wp-block-list\">\n<li>Protecci\u00f3n del ecosistema, luchando en contra de la deforestaci\u00f3n.<\/li>\n\n\n\n<li>Promoci\u00f3n de actividades productivas de las comunidades locales e ind\u00edgenas de una forma sostenible.<\/li>\n\n\n\n<li>Recuperaci\u00f3n y rehabilitaci\u00f3n de zonas degradadas con la creaci\u00f3n de bosques.<\/li>\n\n\n\n<li>Fomento de la biodiversidad y creaci\u00f3n de h\u00e1bitat para la fauna local.<\/li>\n\n\n\n<li>Promoci\u00f3n de los servicios ecosist\u00e9micos de la zona.<\/li>\n<\/ul>\n\n\n\n<figure class=\"wp-block-embed is-type-video is-provider-youtube wp-block-embed-youtube wp-embed-aspect-16-9 wp-has-aspect-ratio\"><div class=\"wp-block-embed__wrapper\">\n<iframe loading=\"lazy\" title=\"\u00bfPlantar \u00e1rboles para reducir la huella de carbono? Ferrovial y la lucha contra el cambio clim\u00e1tico\" width=\"500\" height=\"281\" src=\"https:\/\/www.youtube.com\/embed\/IqbsJ_YJhXE?start=4&#038;feature=oembed&#038;enablejsapi=1&#038;origin=https:\/\/www.ferrovial.com\" frameborder=\"0\" allow=\"accelerometer; autoplay; clipboard-write; encrypted-media; gyroscope; picture-in-picture; web-share\" referrerpolicy=\"strict-origin-when-cross-origin\" allowfullscreen><\/iframe>\n<\/div><\/figure>\n\n\n\n<p><\/p>\n<\/div><\/m-wysiwig>\n","protected":false},"excerpt":{"rendered":"","protected":false},"featured_media":0,"parent":133210,"menu_order":0,"comment_status":"closed","ping_status":"closed","template":"","meta":{"_acf_changed":false,"footnotes":""},"class_list":["post-131827","page","type-page","status-publish","hentry"],"acf":[],"yoast_head":"<!-- This site is optimized with the Yoast SEO plugin v27.2 - https:\/\/yoast.com\/product\/yoast-seo-wordpress\/ -->\n<title>Capital natural y la sostenibilidad de ecosistemas - Ferrovial<\/title>\n<meta name=\"description\" content=\"Bajo el programa \u201cFerrovial, Capital Natural\u201d la compa\u00f1\u00eda desarrolla diferentes proyectos relacionados con la biodiversidad.\" \/>\n<meta name=\"robots\" content=\"index, follow, max-snippet:-1, max-image-preview:large, max-video-preview:-1\" \/>\n<link rel=\"canonical\" href=\"https:\/\/www.ferrovial.com\/es-la\/sostenibilidad\/medio-ambiente\/biodiversidad-y-capital-natural\/\" \/>\n<meta property=\"og:locale\" content=\"es_ES\" \/>\n<meta property=\"og:type\" content=\"article\" \/>\n<meta property=\"og:title\" content=\"Capital natural y la sostenibilidad de ecosistemas - Ferrovial\" \/>\n<meta property=\"og:description\" content=\"Bajo el programa \u201cFerrovial, Capital Natural\u201d la compa\u00f1\u00eda desarrolla diferentes proyectos relacionados con la biodiversidad.\" \/>\n<meta property=\"og:url\" content=\"https:\/\/www.ferrovial.com\/es-la\/sostenibilidad\/medio-ambiente\/biodiversidad-y-capital-natural\/\" \/>\n<meta property=\"og:site_name\" content=\"Ferrovial\" \/>\n<meta property=\"article:publisher\" content=\"https:\/\/www.facebook.com\/ferrovial\" \/>\n<meta property=\"article:modified_time\" content=\"2025-06-17T13:37:43+00:00\" \/>\n<meta name=\"twitter:card\" content=\"summary_large_image\" \/>\n<meta name=\"twitter:site\" content=\"@ferrovial\" \/>\n<meta name=\"twitter:label1\" content=\"Est. reading time\" \/>\n\t<meta name=\"twitter:data1\" content=\"5 minutes\" \/>\n<!-- \/ Yoast SEO plugin. -->","yoast_head_json":{"title":"Capital natural y la sostenibilidad de ecosistemas - Ferrovial","description":"Bajo el programa \u201cFerrovial, Capital Natural\u201d la compa\u00f1\u00eda desarrolla diferentes proyectos relacionados con la biodiversidad.","robots":{"index":"index","follow":"follow","max-snippet":"max-snippet:-1","max-image-preview":"max-image-preview:large","max-video-preview":"max-video-preview:-1"},"canonical":"https:\/\/www.ferrovial.com\/es-la\/sostenibilidad\/medio-ambiente\/biodiversidad-y-capital-natural\/","og_locale":"es_ES","og_type":"article","og_title":"Capital natural y la sostenibilidad de ecosistemas - Ferrovial","og_description":"Bajo el programa \u201cFerrovial, Capital Natural\u201d la compa\u00f1\u00eda desarrolla diferentes proyectos relacionados con la biodiversidad.","og_url":"https:\/\/www.ferrovial.com\/es-la\/sostenibilidad\/medio-ambiente\/biodiversidad-y-capital-natural\/","og_site_name":"Ferrovial","article_publisher":"https:\/\/www.facebook.com\/ferrovial","article_modified_time":"2025-06-17T13:37:43+00:00","twitter_card":"summary_large_image","twitter_site":"@ferrovial","twitter_misc":{"Est. reading time":"5 minutes"},"schema":{"@context":"https:\/\/schema.org","@graph":[{"@type":"WebPage","@id":"https:\/\/www.ferrovial.com\/es-la\/sostenibilidad\/medio-ambiente\/biodiversidad-y-capital-natural\/","url":"https:\/\/www.ferrovial.com\/es-la\/sostenibilidad\/medio-ambiente\/biodiversidad-y-capital-natural\/","name":"Capital natural y la sostenibilidad de ecosistemas - Ferrovial","isPartOf":{"@id":"https:\/\/www.ferrovial.com\/es-la\/#website"},"datePublished":"2019-09-05T14:56:19+00:00","dateModified":"2025-06-17T13:37:43+00:00","description":"Bajo el programa \u201cFerrovial, Capital Natural\u201d la compa\u00f1\u00eda desarrolla diferentes proyectos relacionados con la biodiversidad.","breadcrumb":{"@id":"https:\/\/www.ferrovial.com\/es-la\/sostenibilidad\/medio-ambiente\/biodiversidad-y-capital-natural\/#breadcrumb"},"inLanguage":"es-419","potentialAction":[{"@type":"ReadAction","target":["https:\/\/www.ferrovial.com\/es-la\/sostenibilidad\/medio-ambiente\/biodiversidad-y-capital-natural\/"]}]},{"@type":"BreadcrumbList","@id":"https:\/\/www.ferrovial.com\/es-la\/sostenibilidad\/medio-ambiente\/biodiversidad-y-capital-natural\/#breadcrumb","itemListElement":[{"@type":"ListItem","position":1,"name":"Portada","item":"https:\/\/www.ferrovial.com\/es-la\/"},{"@type":"ListItem","position":2,"name":"Sostenibilidad","item":"https:\/\/www.ferrovial.com\/es-la\/sostenibilidad\/"},{"@type":"ListItem","position":3,"name":"Medio Ambiente","item":"https:\/\/www.ferrovial.com\/es-la\/sostenibilidad\/medio-ambiente\/"},{"@type":"ListItem","position":4,"name":"Biodiversidad y capital natural"}]},{"@type":"WebSite","@id":"https:\/\/www.ferrovial.com\/es-la\/#website","url":"https:\/\/www.ferrovial.com\/es-la\/","name":"Ferrovial","description":"Welcome to the Ferrovial&#039;s website, global operator of sustainable infrastructure. Here you can find all the information about the company and subsidiaries.","publisher":{"@id":"https:\/\/www.ferrovial.com\/es-la\/#organization"},"potentialAction":[{"@type":"SearchAction","target":{"@type":"EntryPoint","urlTemplate":"https:\/\/www.ferrovial.com\/es-la\/?s={search_term_string}"},"query-input":{"@type":"PropertyValueSpecification","valueRequired":true,"valueName":"search_term_string"}}],"inLanguage":"es-419"},{"@type":"Organization","@id":"https:\/\/www.ferrovial.com\/es-la\/#organization","name":"Ferrovial S.A.","url":"https:\/\/www.ferrovial.com\/es-la\/","logo":{"@type":"ImageObject","inLanguage":"es-419","@id":"https:\/\/www.ferrovial.com\/es-la\/#\/schema\/logo\/image\/","url":"https:\/\/static.ferrovial.com\/wp-content\/uploads\/2020\/01\/13124948\/logo-ferrovial-cf7.png","contentUrl":"https:\/\/static.ferrovial.com\/wp-content\/uploads\/2020\/01\/13124948\/logo-ferrovial-cf7.png","width":144,"height":32,"caption":"Ferrovial S.A."},"image":{"@id":"https:\/\/www.ferrovial.com\/es-la\/#\/schema\/logo\/image\/"},"sameAs":["https:\/\/www.facebook.com\/ferrovial","https:\/\/x.com\/ferrovial","https:\/\/www.instagram.com\/ferrovial\/","https:\/\/www.linkedin.com\/company\/ferrovial","https:\/\/www.pinterest.es\/ferrovial\/","https:\/\/www.youtube.com\/ferrovial","https:\/\/en.wikipedia.org\/wiki\/Ferrovial"]}]}},"_links":{"self":[{"href":"https:\/\/www.ferrovial.com\/es-la\/wp-json\/wp\/v2\/pages\/131827","targetHints":{"allow":["GET"]}}],"collection":[{"href":"https:\/\/www.ferrovial.com\/es-la\/wp-json\/wp\/v2\/pages"}],"about":[{"href":"https:\/\/www.ferrovial.com\/es-la\/wp-json\/wp\/v2\/types\/page"}],"replies":[{"embeddable":true,"href":"https:\/\/www.ferrovial.com\/es-la\/wp-json\/wp\/v2\/comments?post=131827"}],"version-history":[{"count":3,"href":"https:\/\/www.ferrovial.com\/es-la\/wp-json\/wp\/v2\/pages\/131827\/revisions"}],"predecessor-version":[{"id":307563,"href":"https:\/\/www.ferrovial.com\/es-la\/wp-json\/wp\/v2\/pages\/131827\/revisions\/307563"}],"up":[{"embeddable":true,"href":"https:\/\/www.ferrovial.com\/es-la\/wp-json\/wp\/v2\/pages\/133210"}],"wp:attachment":[{"href":"https:\/\/www.ferrovial.com\/es-la\/wp-json\/wp\/v2\/media?parent=131827"}],"curies":[{"name":"wp","href":"https:\/\/api.w.org\/{rel}","templated":true}]}}