{"id":132979,"date":"2019-11-25T14:51:09","date_gmt":"2019-11-25T13:51:09","guid":{"rendered":"https:\/\/www.ferrovial.com\/cintra\/tarificacion-dinamica\/"},"modified":"2020-04-21T20:51:37","modified_gmt":"2020-04-21T18:51:37","slug":"tarificacion-dinamica","status":"publish","type":"page","link":"https:\/\/www.ferrovial.com\/es-la\/cintra\/tarificacion-dinamica\/","title":{"rendered":"Tarificaci\u00f3n din\u00e1mica"},"content":{"rendered":"    <m-final-content-header >\n            <c-breadcrumb label-text=\"Breadcrumb\" slot=\"breadcrumbs\" type='2' align='left' wrap='wrapped wrapped' aria-label='Vienes de Cintra'>\n                        <ol>\n\n                                                            <li><a href=\"https:\/\/www.ferrovial.com\/es-la\/\" title=\"Ferrovial\">Ferrovial<\/a><\/li>\n                                                                        <li><a href=\"https:\/\/www.ferrovial.com\/es\/cintra\/\" title=\"Cintra\">Cintra<\/a><\/li>\n                                    \n                <\/ol>\n\n                <\/c-breadcrumb>\n    \n        <div slot=\"header\">\n            <h1>\n                Tarificaci\u00f3n din\u00e1mica            <\/h1>\n                    <\/div>\n    <\/m-final-content-header>\n\n    \n\n\n<m-wysiwig class=\"wp-block-components-wysiwyg\"><div slot=\"maincontent\">\n<h2 class=\"wp-block-heading\">Tecnolog\u00edas de peaje y tarificaci\u00f3n din\u00e1mica<\/h2>\n\n\n\n<p>La tarificaci\u00f3n din\u00e1mica es uno de los pilares de nuestra soluci\u00f3n <em>managed lanes<\/em> para descongestionar corredores urbanos y contribuir a la gesti\u00f3n eficiente del tr\u00e1fico. Mediante diferentes tecnolog\u00edas de peaje optimizamos la experiencia del usuario, ofreciendo carreteras m\u00e1s seguras, r\u00e1pidas y c\u00f3modas.<\/p>\n\n\n\n<p>Aplicando la experiencia en tarificaci\u00f3n de otros sectores como el <em>retail<\/em>, hemos desarrollado la soluci\u00f3n Dynamic Pricing de tarificaci\u00f3n din\u00e1mica en tiempo real para las <em>managed lanes<\/em> en los estados de Texas, Carolina del Norte y Virginia. Esta soluci\u00f3n es clave para garantizar una velocidad m\u00ednima a los conductores que elijan las autopistas que operamos.<\/p>\n\n\n\n<p>Esta tecnolog\u00eda innovadora permite modificar la tarifa de los carriles de pago en franjas de hasta cinco minutos en funci\u00f3n de los niveles de congesti\u00f3n y demanda y otras variables que afectan a la conducci\u00f3n, como la situaci\u00f3n meteorol\u00f3gica, la presencia de accidentes o el momento concreto del d\u00eda o de la semana.<\/p>\n\n\n\n<p>La tecnolog\u00eda de tarificaci\u00f3n din\u00e1mica en tiempo real se complementa con otras innovaciones que buscan mejorar la experiencia del usuario, como la aplicaci\u00f3n m\u00f3vil Drive on Texpress que permite que que los veh\u00edculos con m\u00e1s de dos ocupantes obtengan un 50% de descuento en hora punta en las <em>managed lanes<\/em> de Texas.<\/p>\n\n\n\n<p>Adem\u00e1s, la herramienta Toll Flow para la detecci\u00f3n y gesti\u00f3n de colas nos permite anticiparnos a la generaci\u00f3n de atascos. Este sistema detecta las condiciones de tr\u00e1fico que son susceptibles de incrementar la congesti\u00f3n y nos ayuda a tomar medidas preventivas en el menor tiempo posible, garantizando la calidad del servicio.<\/p>\n<\/div><\/m-wysiwig>\n","protected":false},"excerpt":{"rendered":"","protected":false},"featured_media":0,"parent":132198,"menu_order":0,"comment_status":"closed","ping_status":"closed","template":"","meta":{"_acf_changed":false,"footnotes":""},"class_list":["post-132979","page","type-page","status-publish","hentry"],"acf":[],"yoast_head":"<!-- This site is optimized with the Yoast SEO plugin v27.2 - https:\/\/yoast.com\/product\/yoast-seo-wordpress\/ -->\n<title>Tarificaci\u00f3n din\u00e1mica - Ferrovial<\/title>\n<meta name=\"description\" content=\"Welcome to the Ferrovial&#039;s website, global operator of sustainable infrastructure. Here you can find all the information about the company and subsidiaries.\" \/>\n<meta name=\"robots\" content=\"index, follow, max-snippet:-1, max-image-preview:large, max-video-preview:-1\" \/>\n<link rel=\"canonical\" href=\"https:\/\/www.ferrovial.com\/es-la\/cintra\/tarificacion-dinamica\/\" \/>\n<meta property=\"og:locale\" content=\"es_ES\" \/>\n<meta property=\"og:type\" content=\"article\" \/>\n<meta property=\"og:title\" content=\"Tarificaci\u00f3n din\u00e1mica - Ferrovial\" \/>\n<meta property=\"og:description\" content=\"Welcome to the Ferrovial&#039;s website, global operator of sustainable infrastructure. Here you can find all the information about the company and subsidiaries.\" \/>\n<meta property=\"og:url\" content=\"https:\/\/www.ferrovial.com\/es-la\/cintra\/tarificacion-dinamica\/\" \/>\n<meta property=\"og:site_name\" content=\"Ferrovial\" \/>\n<meta property=\"article:publisher\" content=\"https:\/\/www.facebook.com\/ferrovial\" \/>\n<meta property=\"article:modified_time\" content=\"2020-04-21T18:51:37+00:00\" \/>\n<meta name=\"twitter:card\" content=\"summary_large_image\" \/>\n<meta name=\"twitter:site\" content=\"@ferrovial\" \/>\n<meta name=\"twitter:label1\" content=\"Est. reading time\" \/>\n\t<meta name=\"twitter:data1\" content=\"1 minute\" \/>\n<!-- \/ Yoast SEO plugin. -->","yoast_head_json":{"title":"Tarificaci\u00f3n din\u00e1mica - Ferrovial","description":"Welcome to the Ferrovial's website, global operator of sustainable infrastructure. Here you can find all the information about the company and subsidiaries.","robots":{"index":"index","follow":"follow","max-snippet":"max-snippet:-1","max-image-preview":"max-image-preview:large","max-video-preview":"max-video-preview:-1"},"canonical":"https:\/\/www.ferrovial.com\/es-la\/cintra\/tarificacion-dinamica\/","og_locale":"es_ES","og_type":"article","og_title":"Tarificaci\u00f3n din\u00e1mica - Ferrovial","og_description":"Welcome to the Ferrovial's website, global operator of sustainable infrastructure. Here you can find all the information about the company and subsidiaries.","og_url":"https:\/\/www.ferrovial.com\/es-la\/cintra\/tarificacion-dinamica\/","og_site_name":"Ferrovial","article_publisher":"https:\/\/www.facebook.com\/ferrovial","article_modified_time":"2020-04-21T18:51:37+00:00","twitter_card":"summary_large_image","twitter_site":"@ferrovial","twitter_misc":{"Est. reading time":"1 minute"},"schema":{"@context":"https:\/\/schema.org","@graph":[{"@type":"WebPage","@id":"https:\/\/www.ferrovial.com\/es-la\/cintra\/tarificacion-dinamica\/","url":"https:\/\/www.ferrovial.com\/es-la\/cintra\/tarificacion-dinamica\/","name":"Tarificaci\u00f3n din\u00e1mica - Ferrovial","isPartOf":{"@id":"https:\/\/www.ferrovial.com\/es-la\/#website"},"datePublished":"2019-11-25T13:51:09+00:00","dateModified":"2020-04-21T18:51:37+00:00","description":"Welcome to the Ferrovial's website, global operator of sustainable infrastructure. Here you can find all the information about the company and subsidiaries.","breadcrumb":{"@id":"https:\/\/www.ferrovial.com\/es-la\/cintra\/tarificacion-dinamica\/#breadcrumb"},"inLanguage":"es-419","potentialAction":[{"@type":"ReadAction","target":["https:\/\/www.ferrovial.com\/es-la\/cintra\/tarificacion-dinamica\/"]}]},{"@type":"BreadcrumbList","@id":"https:\/\/www.ferrovial.com\/es-la\/cintra\/tarificacion-dinamica\/#breadcrumb","itemListElement":[{"@type":"ListItem","position":1,"name":"Portada","item":"https:\/\/www.ferrovial.com\/es-la\/"},{"@type":"ListItem","position":2,"name":"Cintra","item":"https:\/\/www.ferrovial.com\/es-la\/cintra\/"},{"@type":"ListItem","position":3,"name":"Tarificaci\u00f3n din\u00e1mica"}]},{"@type":"WebSite","@id":"https:\/\/www.ferrovial.com\/es-la\/#website","url":"https:\/\/www.ferrovial.com\/es-la\/","name":"Ferrovial","description":"Welcome to the Ferrovial&#039;s website, global operator of sustainable infrastructure. Here you can find all the information about the company and subsidiaries.","publisher":{"@id":"https:\/\/www.ferrovial.com\/es-la\/#organization"},"potentialAction":[{"@type":"SearchAction","target":{"@type":"EntryPoint","urlTemplate":"https:\/\/www.ferrovial.com\/es-la\/?s={search_term_string}"},"query-input":{"@type":"PropertyValueSpecification","valueRequired":true,"valueName":"search_term_string"}}],"inLanguage":"es-419"},{"@type":"Organization","@id":"https:\/\/www.ferrovial.com\/es-la\/#organization","name":"Ferrovial S.A.","url":"https:\/\/www.ferrovial.com\/es-la\/","logo":{"@type":"ImageObject","inLanguage":"es-419","@id":"https:\/\/www.ferrovial.com\/es-la\/#\/schema\/logo\/image\/","url":"https:\/\/static.ferrovial.com\/wp-content\/uploads\/2020\/01\/13124948\/logo-ferrovial-cf7.png","contentUrl":"https:\/\/static.ferrovial.com\/wp-content\/uploads\/2020\/01\/13124948\/logo-ferrovial-cf7.png","width":144,"height":32,"caption":"Ferrovial S.A."},"image":{"@id":"https:\/\/www.ferrovial.com\/es-la\/#\/schema\/logo\/image\/"},"sameAs":["https:\/\/www.facebook.com\/ferrovial","https:\/\/x.com\/ferrovial","https:\/\/www.instagram.com\/ferrovial\/","https:\/\/www.linkedin.com\/company\/ferrovial","https:\/\/www.pinterest.es\/ferrovial\/","https:\/\/www.youtube.com\/ferrovial","https:\/\/en.wikipedia.org\/wiki\/Ferrovial"]}]}},"_links":{"self":[{"href":"https:\/\/www.ferrovial.com\/es-la\/wp-json\/wp\/v2\/pages\/132979","targetHints":{"allow":["GET"]}}],"collection":[{"href":"https:\/\/www.ferrovial.com\/es-la\/wp-json\/wp\/v2\/pages"}],"about":[{"href":"https:\/\/www.ferrovial.com\/es-la\/wp-json\/wp\/v2\/types\/page"}],"replies":[{"embeddable":true,"href":"https:\/\/www.ferrovial.com\/es-la\/wp-json\/wp\/v2\/comments?post=132979"}],"version-history":[{"count":1,"href":"https:\/\/www.ferrovial.com\/es-la\/wp-json\/wp\/v2\/pages\/132979\/revisions"}],"predecessor-version":[{"id":162908,"href":"https:\/\/www.ferrovial.com\/es-la\/wp-json\/wp\/v2\/pages\/132979\/revisions\/162908"}],"up":[{"embeddable":true,"href":"https:\/\/www.ferrovial.com\/es-la\/wp-json\/wp\/v2\/pages\/132198"}],"wp:attachment":[{"href":"https:\/\/www.ferrovial.com\/es-la\/wp-json\/wp\/v2\/media?parent=132979"}],"curies":[{"name":"wp","href":"https:\/\/api.w.org\/{rel}","templated":true}]}}